{"id":21368,"date":"2025-10-16T12:43:49","date_gmt":"2025-10-16T12:43:49","guid":{"rendered":"https:\/\/www.ghostysky.com\/?post_type=product&#038;p=21368"},"modified":"2026-01-10T10:00:19","modified_gmt":"2026-01-10T10:00:19","slug":"agilex-scout-mini-mecanum-wheel","status":"publish","type":"product","link":"https:\/\/www.ghostysky.com\/es\/product\/agilex-scout-mini-mecanum-wheel\/","title":{"rendered":"Agilex Scout Mini (rueda Mecanum)"},"content":{"rendered":"<h3>Caracter\u00edsticas y beneficios clave<\/h3>\n<p>&nbsp;<\/p>\n<ul>\n<li><b>Movilidad omnidireccional:<\/b><span class=\"citation-207\"> Las ruedas especializadas Mecanum permiten que el robot se mueva no solo hacia adelante, hacia atr\u00e1s y gire, sino tambi\u00e9n <\/span><b><span class=\"citation-207\">ametrallar lateralmente<\/span><\/b><span class=\"citation-207 citation-end-207\"> y moverse en diagonal, ofreciendo una maniobrabilidad superior en espacios interiores reducidos y entornos complejos.<\/span><\/li>\n<li><b>Alta capacidad de carga \u00fatil:<\/b><span class=\"citation-206\"> La configuraci\u00f3n de las ruedas Mecanum aumenta significativamente la capacidad de carga \u00fatil est\u00e1ndar del Scout Mini, soportando hasta <\/span><b><span class=\"citation-206\">20 kilos<\/span><\/b><span class=\"citation-206 citation-end-206\"> (algunas fuentes indican hasta <sup class=\"superscript\" data-turn-source-index=\"4\">4<\/sup><\/span><span class=\"math-inline\" data-math=\"50\">$50$<\/span><span class=\"citation-205 citation-end-205\"> kg para una capacidad de carga m\u00e1xima), lo que lo hace ideal para transportar sensores pesados, equipos inform\u00e1ticos o materiales log\u00edsticos livianos.<\/span><\/li>\n<li><b><span class=\"citation-204\">Dise\u00f1o robusto todoterreno:<\/span><\/b><span class=\"citation-204\"> Construido con un <\/span><b><span class=\"citation-204\">suspensi\u00f3n independiente<\/span><\/b><span class=\"citation-204 citation-end-204\"> sistema, el Scout Mini puede atravesar terrenos irregulares, subir pendientes de hasta <\/span><b><span class=\"math-inline\" data-math=\"30^\\circ\">$30^\\circ$<\/span><\/b><span class=\"citation-203 citation-end-203\">, y eliminar obst\u00e1culos hasta <sup class=\"superscript\" data-turn-source-index=\"7\">7<\/sup><\/span><b><span class=\"math-inline\" data-math=\"70\">$70$<\/span><span class=\"citation-202\"> mil\u00edmetros<\/span><\/b><span class=\"citation-202 citation-end-202\"> en altura.<sup class=\"superscript\" data-turn-source-index=\"8\">8<\/sup><\/span> <span class=\"citation-201 citation-end-201\">Su robusto chasis y <sup class=\"superscript\" data-turn-source-index=\"9\">9<\/sup><\/span><span class=\"math-inline\" data-math=\"4 \\times 150\">$4 \\veces 150$<\/span><span class=\"citation-200 citation-end-200\">Los motores de CC sin escobillas garantizan un rendimiento estable tanto en interiores como en exteriores.<\/span><\/li>\n<li><b>Listo para el desarrollo:<\/b><span class=\"citation-199\"> La plataforma es totalmente compatible con el <\/span><b><span class=\"citation-199\">Sistema operativo rob\u00f3tico (ROS y ROS2)<\/span><\/b><span class=\"citation-199 citation-end-199\">, que ofrece SDK de c\u00f3digo abierto y amplia documentaci\u00f3n para el desarrollo secundario.<sup class=\"superscript\" data-turn-source-index=\"11\">11<\/sup><\/span> <span class=\"citation-198\">Proporciona interfaces de comunicaci\u00f3n est\u00e1ndar como <\/span><b><span class=\"citation-198\">Bus CAN<\/span><\/b><span class=\"citation-198\"> y <\/span><b><span class=\"citation-198\">RS232<\/span><\/b><span class=\"citation-198 citation-end-198\"> para una integraci\u00f3n perfecta de perif\u00e9ricos externos.<\/span><\/li>\n<li><b><span class=\"citation-197\">Capacidades de expansi\u00f3n:<\/span><\/b><span class=\"citation-197\"> Presentando <\/span><b><span class=\"citation-197\">rieles de ranura en T de aluminio<\/span><\/b><span class=\"citation-197 citation-end-197\">El chasis permite un montaje r\u00e1pido y seguro de una amplia gama de sensores y componentes, incluidos LiDAR, c\u00e1maras, GPS, IMU, brazos rob\u00f3ticos y computadoras industriales.<\/span><\/li>\n<\/ul>","protected":false},"excerpt":{"rendered":"<p><span class=\"citation-209\">El <\/span><b><span class=\"citation-209\">Agilex Scout Mini (rueda Mecanum)<\/span><\/b><span class=\"citation-209\"> es un veh\u00edculo terrestre no tripulado compacto, de alta velocidad y excepcionalmente \u00e1gil (<\/span><b><span class=\"citation-209\">Veh\u00edculo terrestre no tripulado<\/span><\/b><span class=\"citation-209 citation-end-209\">) chasis dise\u00f1ado para investigaci\u00f3n, desarrollo y aplicaciones industriales de rob\u00f3tica de vanguardia.<\/span> <span class=\"citation-208\">Equipar la plataforma principal del Scout Mini con ruedas Mecanum lo transforma en un veh\u00edculo altamente maniobrable. <\/span><b><span class=\"citation-208\">omnidireccional<\/span><\/b><span class=\"citation-208 citation-end-208\"> base m\u00f3vil.<\/span><\/p>","protected":false},"featured_media":21369,"comment_status":"open","ping_status":"closed","template":"","meta":[],"product_brand":[1046],"product_cat":[1044,1042,1037],"product_tag":[1047,1055,1100],"class_list":{"0":"post-21368","1":"product","2":"type-product","3":"status-publish","4":"has-post-thumbnail","6":"product_brand-agilex","7":"product_cat-agilex-robots","8":"product_cat-chassis","9":"product_cat-robotics","10":"product_tag-agilex","11":"product_tag-agilex-chassis","12":"product_tag-agilex-scout-mini","14":"first","15":"onbackorder","16":"taxable","17":"shipping-taxable","18":"purchasable","19":"product-type-simple"},"yoast_head":"<!-- This site is optimized with the Yoast SEO plugin v27.1.1 - https:\/\/yoast.com\/product\/yoast-seo-wordpress\/ -->\n<title>Agilex Scout Mini (Mecanum Wheel) - Ghostysky<\/title>\n<meta name=\"description\" content=\"The Agilex Scout Mini (Mecanum Wheel) is a compact, high-speed, and exceptionally agile Unmanned Ground Vehicle (UGV) chassis designed for cutting-edge robotics research, development, and industrial applications. Equipping the core Scout Mini platform with Mecanum wheels transforms it into a highly maneuverable, omnidirectional mobile base.\" \/>\n<meta name=\"robots\" content=\"index, follow, max-snippet:-1, max-image-preview:large, max-video-preview:-1\" \/>\n<link rel=\"canonical\" href=\"https:\/\/www.ghostysky.com\/es\/producto-2\/agilex-scout-mini-mecanum-wheel\/\" \/>\n<meta property=\"og:locale\" content=\"es_ES\" \/>\n<meta property=\"og:type\" content=\"article\" \/>\n<meta property=\"og:title\" content=\"Agilex Scout Mini (Mecanum Wheel) - Ghostysky\" \/>\n<meta property=\"og:description\" content=\"The Agilex Scout Mini (Mecanum Wheel) is a compact, high-speed, and exceptionally agile Unmanned Ground Vehicle (UGV) chassis designed for cutting-edge robotics research, development, and industrial applications. Equipping the core Scout Mini platform with Mecanum wheels transforms it into a highly maneuverable, omnidirectional mobile base.\" \/>\n<meta property=\"og:url\" content=\"https:\/\/www.ghostysky.com\/es\/producto-2\/agilex-scout-mini-mecanum-wheel\/\" \/>\n<meta property=\"og:site_name\" content=\"Ghostysky\" \/>\n<meta property=\"article:publisher\" content=\"https:\/\/www.facebook.com\/people\/Ghostysky\/100057676170234\/\" \/>\n<meta property=\"article:modified_time\" content=\"2026-01-10T10:00:19+00:00\" \/>\n<meta property=\"og:image\" content=\"https:\/\/www.ghostysky.com\/wp-content\/uploads\/2025\/10\/GH_Agilex_scoutmini__MW_1.png\" \/>\n\t<meta property=\"og:image:width\" content=\"650\" \/>\n\t<meta property=\"og:image:height\" content=\"650\" \/>\n\t<meta property=\"og:image:type\" content=\"image\/png\" \/>\n<meta name=\"twitter:card\" content=\"summary_large_image\" \/>\n<meta name=\"twitter:site\" content=\"@Gh0stysky\" \/>\n<meta name=\"twitter:label1\" content=\"Tiempo de lectura\" \/>\n\t<meta name=\"twitter:data1\" content=\"2 minutos\" \/>\n<script type=\"application\/ld+json\" class=\"yoast-schema-graph\">{\"@context\":\"https:\/\/schema.org\",\"@graph\":[{\"@type\":\"WebPage\",\"@id\":\"https:\/\/www.ghostysky.com\/product\/agilex-scout-mini-mecanum-wheel\/\",\"url\":\"https:\/\/www.ghostysky.com\/product\/agilex-scout-mini-mecanum-wheel\/\",\"name\":\"Agilex Scout Mini (Mecanum Wheel) - Ghostysky\",\"isPartOf\":{\"@id\":\"https:\/\/www.ghostysky.com\/#website\"},\"primaryImageOfPage\":{\"@id\":\"https:\/\/www.ghostysky.com\/product\/agilex-scout-mini-mecanum-wheel\/#primaryimage\"},\"image\":{\"@id\":\"https:\/\/www.ghostysky.com\/product\/agilex-scout-mini-mecanum-wheel\/#primaryimage\"},\"thumbnailUrl\":\"https:\/\/www.ghostysky.com\/wp-content\/uploads\/2025\/10\/GH_Agilex_scoutmini__MW_1.png\",\"datePublished\":\"2025-10-16T12:43:49+00:00\",\"dateModified\":\"2026-01-10T10:00:19+00:00\",\"description\":\"The Agilex Scout Mini (Mecanum Wheel) is a compact, high-speed, and exceptionally agile Unmanned Ground Vehicle (UGV) chassis designed for cutting-edge robotics research, development, and industrial applications. Equipping the core Scout Mini platform with Mecanum wheels transforms it into a highly maneuverable, omnidirectional mobile base.\",\"breadcrumb\":{\"@id\":\"https:\/\/www.ghostysky.com\/product\/agilex-scout-mini-mecanum-wheel\/#breadcrumb\"},\"inLanguage\":\"es\",\"potentialAction\":[{\"@type\":\"ReadAction\",\"target\":[\"https:\/\/www.ghostysky.com\/product\/agilex-scout-mini-mecanum-wheel\/\"]}]},{\"@type\":\"ImageObject\",\"inLanguage\":\"es\",\"@id\":\"https:\/\/www.ghostysky.com\/product\/agilex-scout-mini-mecanum-wheel\/#primaryimage\",\"url\":\"https:\/\/www.ghostysky.com\/wp-content\/uploads\/2025\/10\/GH_Agilex_scoutmini__MW_1.png\",\"contentUrl\":\"https:\/\/www.ghostysky.com\/wp-content\/uploads\/2025\/10\/GH_Agilex_scoutmini__MW_1.png\",\"width\":650,\"height\":650},{\"@type\":\"BreadcrumbList\",\"@id\":\"https:\/\/www.ghostysky.com\/product\/agilex-scout-mini-mecanum-wheel\/#breadcrumb\",\"itemListElement\":[{\"@type\":\"ListItem\",\"position\":1,\"name\":\"Home\",\"item\":\"https:\/\/www.ghostysky.com\/\"},{\"@type\":\"ListItem\",\"position\":2,\"name\":\"Shop\",\"item\":\"https:\/\/www.ghostysky.com\/shop\/\"},{\"@type\":\"ListItem\",\"position\":3,\"name\":\"Agilex Scout Mini (Mecanum Wheel)\"}]},{\"@type\":\"WebSite\",\"@id\":\"https:\/\/www.ghostysky.com\/#website\",\"url\":\"https:\/\/www.ghostysky.com\/\",\"name\":\"Ghostysky\",\"description\":\"Delivering professional drones and services\",\"publisher\":{\"@id\":\"https:\/\/www.ghostysky.com\/#organization\"},\"potentialAction\":[{\"@type\":\"SearchAction\",\"target\":{\"@type\":\"EntryPoint\",\"urlTemplate\":\"https:\/\/www.ghostysky.com\/?s={search_term_string}\"},\"query-input\":{\"@type\":\"PropertyValueSpecification\",\"valueRequired\":true,\"valueName\":\"search_term_string\"}}],\"inLanguage\":\"es\"},{\"@type\":\"Organization\",\"@id\":\"https:\/\/www.ghostysky.com\/#organization\",\"name\":\"Ghostysky\",\"url\":\"https:\/\/www.ghostysky.com\/\",\"logo\":{\"@type\":\"ImageObject\",\"inLanguage\":\"es\",\"@id\":\"https:\/\/www.ghostysky.com\/#\/schema\/logo\/image\/\",\"url\":\"https:\/\/www.ghostysky.com\/wp-content\/uploads\/2020\/06\/cropped-ghostyskylogo_text_white2.png\",\"contentUrl\":\"https:\/\/www.ghostysky.com\/wp-content\/uploads\/2020\/06\/cropped-ghostyskylogo_text_white2.png\",\"width\":169,\"height\":56,\"caption\":\"Ghostysky\"},\"image\":{\"@id\":\"https:\/\/www.ghostysky.com\/#\/schema\/logo\/image\/\"},\"sameAs\":[\"https:\/\/www.facebook.com\/people\/Ghostysky\/100057676170234\/\",\"https:\/\/x.com\/Gh0stysky\",\"https:\/\/www.linkedin.com\/company\/34739653\",\"https:\/\/www.instagram.com\/gh0stysky\"]}]}<\/script>\n<!-- \/ Yoast SEO plugin. -->","yoast_head_json":{"title":"Agilex Scout Mini (Rueda Mecanum) - Ghostysky","description":"El Agilex Scout Mini (Rueda Mecanum) es un chasis de veh\u00edculo terrestre no tripulado (UGV) compacto, de alta velocidad y excepcionalmente \u00e1gil, dise\u00f1ado para investigaci\u00f3n, desarrollo y aplicaciones industriales de rob\u00f3tica de vanguardia. Equipar la plataforma principal del Scout Mini con ruedas Mecanum lo transforma en una base m\u00f3vil omnidireccional y altamente maniobrable.","robots":{"index":"index","follow":"follow","max-snippet":"max-snippet:-1","max-image-preview":"max-image-preview:large","max-video-preview":"max-video-preview:-1"},"canonical":"https:\/\/www.ghostysky.com\/es\/producto-2\/agilex-scout-mini-mecanum-wheel\/","og_locale":"es_ES","og_type":"article","og_title":"Agilex Scout Mini (Mecanum Wheel) - Ghostysky","og_description":"The Agilex Scout Mini (Mecanum Wheel) is a compact, high-speed, and exceptionally agile Unmanned Ground Vehicle (UGV) chassis designed for cutting-edge robotics research, development, and industrial applications. Equipping the core Scout Mini platform with Mecanum wheels transforms it into a highly maneuverable, omnidirectional mobile base.","og_url":"https:\/\/www.ghostysky.com\/es\/producto-2\/agilex-scout-mini-mecanum-wheel\/","og_site_name":"Ghostysky","article_publisher":"https:\/\/www.facebook.com\/people\/Ghostysky\/100057676170234\/","article_modified_time":"2026-01-10T10:00:19+00:00","og_image":[{"width":650,"height":650,"url":"https:\/\/www.ghostysky.com\/wp-content\/uploads\/2025\/10\/GH_Agilex_scoutmini__MW_1.png","type":"image\/png"}],"twitter_card":"summary_large_image","twitter_site":"@Gh0stysky","twitter_misc":{"Tiempo de lectura":"2 minutos"},"schema":{"@context":"https:\/\/schema.org","@graph":[{"@type":"WebPage","@id":"https:\/\/www.ghostysky.com\/product\/agilex-scout-mini-mecanum-wheel\/","url":"https:\/\/www.ghostysky.com\/product\/agilex-scout-mini-mecanum-wheel\/","name":"Agilex Scout Mini (Rueda Mecanum) - Ghostysky","isPartOf":{"@id":"https:\/\/www.ghostysky.com\/#website"},"primaryImageOfPage":{"@id":"https:\/\/www.ghostysky.com\/product\/agilex-scout-mini-mecanum-wheel\/#primaryimage"},"image":{"@id":"https:\/\/www.ghostysky.com\/product\/agilex-scout-mini-mecanum-wheel\/#primaryimage"},"thumbnailUrl":"https:\/\/www.ghostysky.com\/wp-content\/uploads\/2025\/10\/GH_Agilex_scoutmini__MW_1.png","datePublished":"2025-10-16T12:43:49+00:00","dateModified":"2026-01-10T10:00:19+00:00","description":"El Agilex Scout Mini (Rueda Mecanum) es un chasis de veh\u00edculo terrestre no tripulado (UGV) compacto, de alta velocidad y excepcionalmente \u00e1gil, dise\u00f1ado para investigaci\u00f3n, desarrollo y aplicaciones industriales de rob\u00f3tica de vanguardia. Equipar la plataforma principal del Scout Mini con ruedas Mecanum lo transforma en una base m\u00f3vil omnidireccional y altamente maniobrable.","breadcrumb":{"@id":"https:\/\/www.ghostysky.com\/product\/agilex-scout-mini-mecanum-wheel\/#breadcrumb"},"inLanguage":"es","potentialAction":[{"@type":"ReadAction","target":["https:\/\/www.ghostysky.com\/product\/agilex-scout-mini-mecanum-wheel\/"]}]},{"@type":"ImageObject","inLanguage":"es","@id":"https:\/\/www.ghostysky.com\/product\/agilex-scout-mini-mecanum-wheel\/#primaryimage","url":"https:\/\/www.ghostysky.com\/wp-content\/uploads\/2025\/10\/GH_Agilex_scoutmini__MW_1.png","contentUrl":"https:\/\/www.ghostysky.com\/wp-content\/uploads\/2025\/10\/GH_Agilex_scoutmini__MW_1.png","width":650,"height":650},{"@type":"BreadcrumbList","@id":"https:\/\/www.ghostysky.com\/product\/agilex-scout-mini-mecanum-wheel\/#breadcrumb","itemListElement":[{"@type":"ListItem","position":1,"name":"Home","item":"https:\/\/www.ghostysky.com\/"},{"@type":"ListItem","position":2,"name":"Shop","item":"https:\/\/www.ghostysky.com\/shop\/"},{"@type":"ListItem","position":3,"name":"Agilex Scout Mini (Mecanum Wheel)"}]},{"@type":"WebSite","@id":"https:\/\/www.ghostysky.com\/#website","url":"https:\/\/www.ghostysky.com\/","name":"Ghostysky","description":"Entrega de drones y servicios profesionales","publisher":{"@id":"https:\/\/www.ghostysky.com\/#organization"},"potentialAction":[{"@type":"SearchAction","target":{"@type":"EntryPoint","urlTemplate":"https:\/\/www.ghostysky.com\/?s={search_term_string}"},"query-input":{"@type":"PropertyValueSpecification","valueRequired":true,"valueName":"search_term_string"}}],"inLanguage":"es"},{"@type":"Organization","@id":"https:\/\/www.ghostysky.com\/#organization","name":"Ghostysky","url":"https:\/\/www.ghostysky.com\/","logo":{"@type":"ImageObject","inLanguage":"es","@id":"https:\/\/www.ghostysky.com\/#\/schema\/logo\/image\/","url":"https:\/\/www.ghostysky.com\/wp-content\/uploads\/2020\/06\/cropped-ghostyskylogo_text_white2.png","contentUrl":"https:\/\/www.ghostysky.com\/wp-content\/uploads\/2020\/06\/cropped-ghostyskylogo_text_white2.png","width":169,"height":56,"caption":"Ghostysky"},"image":{"@id":"https:\/\/www.ghostysky.com\/#\/schema\/logo\/image\/"},"sameAs":["https:\/\/www.facebook.com\/people\/Ghostysky\/100057676170234\/","https:\/\/x.com\/Gh0stysky","https:\/\/www.linkedin.com\/company\/34739653","https:\/\/www.instagram.com\/gh0stysky"]}]}},"_links":{"self":[{"href":"https:\/\/www.ghostysky.com\/es\/wp-json\/wp\/v2\/product\/21368","targetHints":{"allow":["GET"]}}],"collection":[{"href":"https:\/\/www.ghostysky.com\/es\/wp-json\/wp\/v2\/product"}],"about":[{"href":"https:\/\/www.ghostysky.com\/es\/wp-json\/wp\/v2\/types\/product"}],"replies":[{"embeddable":true,"href":"https:\/\/www.ghostysky.com\/es\/wp-json\/wp\/v2\/comments?post=21368"}],"wp:featuredmedia":[{"embeddable":true,"href":"https:\/\/www.ghostysky.com\/es\/wp-json\/wp\/v2\/media\/21369"}],"wp:attachment":[{"href":"https:\/\/www.ghostysky.com\/es\/wp-json\/wp\/v2\/media?parent=21368"}],"wp:term":[{"taxonomy":"product_brand","embeddable":true,"href":"https:\/\/www.ghostysky.com\/es\/wp-json\/wp\/v2\/product_brand?post=21368"},{"taxonomy":"product_cat","embeddable":true,"href":"https:\/\/www.ghostysky.com\/es\/wp-json\/wp\/v2\/product_cat?post=21368"},{"taxonomy":"product_tag","embeddable":true,"href":"https:\/\/www.ghostysky.com\/es\/wp-json\/wp\/v2\/product_tag?post=21368"}],"curies":[{"name":"wp","href":"https:\/\/api.w.org\/{rel}","templated":true}]}}