{"id":21383,"date":"2025-10-16T13:25:09","date_gmt":"2025-10-16T13:25:09","guid":{"rendered":"https:\/\/www.ghostysky.com\/?post_type=product&#038;p=21383"},"modified":"2025-10-16T13:25:43","modified_gmt":"2025-10-16T13:25:43","slug":"unitree-a2-w-pro","status":"publish","type":"product","link":"https:\/\/www.ghostysky.com\/es\/product\/unitree-a2-w-pro\/","title":{"rendered":"Unitree A2-W Pro"},"content":{"rendered":"<p><b>Caracter\u00edsticas principales del A2-W Pro:<\/b><\/p>\n<ul>\n<li><b>Movilidad excepcional y agilidad todoterreno:<\/b><span class=\"citation-317\"> Se desplaza por terrenos accidentados y puede manejar <\/span><b><span class=\"citation-317\">pendientes de 45\u00b0<\/span><\/b><span class=\"citation-317\"> y <\/span><b><span class=\"citation-317\">escalones de hasta 30 cm<\/span><\/b><span class=\"citation-317 citation-end-317\"> alto.<\/span> <span class=\"citation-316\">Ofrece un movimiento din\u00e1mico y responsivo con 12 motores articulados de alto rendimiento, alcanzando una velocidad m\u00e1xima de hasta <\/span><b><span class=\"citation-316\">5 m\/s<\/span><\/b><span class=\"citation-316 citation-end-316\">.<\/span><\/li>\n<li><b><span class=\"citation-315\">Capacidad de carga pesada:<\/span><\/b><span class=\"citation-315\"> Dise\u00f1ado para tareas industriales, puede soportar una carga de marcha continua de hasta <\/span><b><span class=\"citation-315\">25 kilos<\/span><\/b><span class=\"citation-315\"> y soportar una carga estacionaria m\u00e1xima de aproximadamente <\/span><b><span class=\"citation-315\">100 kilos<\/span><\/b><span class=\"citation-315 citation-end-315\">.<\/span><\/li>\n<li><b><span class=\"citation-314\">Tiempo de funcionamiento ilimitado con sistema de bater\u00eda dual:<\/span><\/b><span class=\"citation-314\"> Cuenta con un dise\u00f1o de bater\u00eda dual intercambiable en caliente, lo que permite cambios de bater\u00eda sin problemas y <\/span><b><span class=\"citation-314\">operaci\u00f3n de misi\u00f3n ininterrumpida<\/span><\/b><span class=\"citation-314 citation-end-314\">.<\/span> <span class=\"citation-313\">Ofrece una resistencia de m\u00e1s de <\/span><b><span class=\"citation-313\">5 horas<\/span><\/b><span class=\"citation-313 citation-end-313\"> (aprox.<\/span> <b>20 kil\u00f3metros<\/b>) descargado, o <b>3+ horas<\/b> (~12,5 km) con una carga de 25 kg.<\/li>\n<li><b><span class=\"citation-312\">Percepci\u00f3n mejorada de nivel profesional:<\/span><\/b><span class=\"citation-312\"> La variante \u201cPro\u201d mejora significativamente la detecci\u00f3n con <\/span><b><span class=\"citation-312\">LiDAR dual de grado industrial<\/span><\/b><span class=\"citation-312\"> (delantera y trasera) y una <\/span><b><span class=\"citation-312\">C\u00e1mara HD<\/span><\/b><span class=\"citation-312\"> proporcionar <\/span><b><span class=\"citation-312\">Conciencia de 360\u00b0<\/span><\/b><span class=\"citation-312 citation-end-312\"> y \u201ccero puntos ciegos\u201d.<\/span> <span class=\"citation-311 citation-end-311\">Este robusto conjunto de sensores permite un posicionamiento SLAM avanzado, mapeo 3D y navegaci\u00f3n totalmente aut\u00f3noma con evitaci\u00f3n de obst\u00e1culos estable.<\/span><\/li>\n<li><b>Potencia inform\u00e1tica ampliada:<\/b><span class=\"citation-310\"> Incluye una base de expansi\u00f3n de alto rendimiento que aumenta la potencia inform\u00e1tica integrada con un <\/span><b><span class=\"citation-310\">CPU de 8 n\u00facleos<\/span><\/b><span class=\"citation-310\"> y un enfoque en el desarrollo del usuario <\/span><b><span class=\"citation-310\">Intel Core i7<\/span><\/b><span class=\"citation-310 citation-end-310\"> para tareas complejas y aut\u00f3nomas.<\/span><\/li>\n<li><b>Construcci\u00f3n robusta y confiable:<\/b><span class=\"citation-309\"> Construido con aleaci\u00f3n de aluminio y pl\u00e1sticos de ingenier\u00eda de alta resistencia con un <\/span><b><span class=\"citation-309\">IP56<\/span><\/b><span class=\"citation-309\"> calificaci\u00f3n (componentes principales hasta <\/span><b><span class=\"citation-309\">IP67<\/span><\/b><span class=\"citation-309\">) y un rango de temperatura de funcionamiento de <\/span><b><span class=\"citation-309\">-20 \u00b0C a 55 \u00b0C<\/span><\/b><span class=\"citation-309 citation-end-309\">.<\/span><\/li>\n<li><b>Plataforma abierta para desarrolladores:<\/b><span class=\"citation-308 citation-end-308\"> Admite desarrollo secundario con un SDK, compatibilidad ROS\/ROS2 y m\u00faltiples interfaces (Wi-Fi 6, Bluetooth 5.2, Ethernet, USB, CAN) para una f\u00e1cil integraci\u00f3n de sensores y m\u00f3dulos personalizados.<\/span><\/li>\n<\/ul>\n<p><b>Aplicaciones ideales:<\/b><\/p>\n<p>El Unitree A2-W Pro es la plataforma m\u00f3vil ideal para:<\/p>\n<ul>\n<li><b><span class=\"citation-307\">Inspecci\u00f3n y monitoreo al aire libre<\/span><\/b><span class=\"citation-307 citation-end-307\"> (tuber\u00edas, infraestructura, sitios de servicios p\u00fablicos)<\/span><\/li>\n<li><b><span class=\"citation-306\">Log\u00edstica y transporte industrial<\/span><\/b><span class=\"citation-306 citation-end-306\"> (transportar herramientas, equipos y suministros sobre terreno complejo)<\/span><\/li>\n<li><b>Respuesta a emergencias y b\u00fasqueda y rescate<\/b><\/li>\n<li><b><span class=\"citation-305\">Topograf\u00eda, cartograf\u00eda e investigaci\u00f3n<\/span><\/b><span class=\"citation-305 citation-end-305\"> (como plataforma para sensores personalizados)<\/span><\/li>\n<li><b><span class=\"citation-304\">Patrullas de seguridad<\/span><\/b><span class=\"citation-304 citation-end-304\"> en zonas extensas o accidentadas.<\/span><\/li>\n<\/ul>\n<p><span class=\"citation-303 citation-end-303\">El A2-W Pro ofrece resistencia industrial y autonom\u00eda avanzada, lo que lo convierte en la opci\u00f3n perfecta para profesionales y desarrolladores que necesitan un compa\u00f1ero rob\u00f3tico vers\u00e1til, duradero y de alta gama para el campo.<\/span><\/p>","protected":false},"excerpt":{"rendered":"<p><span class=\"citation-319\">El <\/span><b><span class=\"citation-319\">Perro rob\u00f3tico con ruedas Unitree A2-W Pro<\/span><\/b><span class=\"citation-319 citation-end-319\"> es un robot cuadr\u00fapedo de grado industrial de \u00faltima generaci\u00f3n dise\u00f1ado para brindar versatilidad, estabilidad y rendimiento de alto nivel en entornos desafiantes.<\/span> <span class=\"citation-318 citation-end-318\">Al combinar movilidad avanzada con un dise\u00f1o robusto, el A2-W Pro es una de las plataformas rob\u00f3ticas m\u00e1s capaces disponibles para aplicaciones de campo exigentes.<\/span><\/p>","protected":false},"featured_media":21382,"comment_status":"open","ping_status":"closed","template":"","meta":[],"product_brand":[1087],"product_cat":[1039,1037,1085],"product_tag":[1088,1099,1090],"class_list":{"0":"post-21383","1":"product","2":"type-product","3":"status-publish","4":"has-post-thumbnail","6":"product_brand-unitree","7":"product_cat-quadruped","8":"product_cat-robotics","9":"product_cat-unitree-quad-robots","10":"product_tag-unitree","11":"product_tag-unitree-a2b2-series","12":"product_tag-unitree-quadruped-robots","14":"first","15":"onbackorder","16":"taxable","17":"shipping-taxable","18":"purchasable","19":"product-type-simple"},"yoast_head":"<!-- This site is optimized with the Yoast SEO plugin v27.1.1 - https:\/\/yoast.com\/product\/yoast-seo-wordpress\/ -->\n<title>Unitree A2-W Pro - Ghostysky<\/title>\n<meta name=\"description\" content=\"The Unitree A2-W Pro Wheeled Robotic Dog is a next-generation, industrial-grade quadruped robot engineered for versatility, stability, and high-end performance in challenging environments. Combining advanced mobility with a rugged design, the A2-W Pro is one of the most capable robotic platforms available for demanding field applications.\" \/>\n<meta name=\"robots\" content=\"index, follow, max-snippet:-1, max-image-preview:large, max-video-preview:-1\" \/>\n<link rel=\"canonical\" href=\"https:\/\/www.ghostysky.com\/es\/producto-2\/unitree-a2-w-pro\/\" \/>\n<meta property=\"og:locale\" content=\"es_ES\" \/>\n<meta property=\"og:type\" content=\"article\" \/>\n<meta property=\"og:title\" content=\"Unitree A2-W Pro - Ghostysky\" \/>\n<meta property=\"og:description\" content=\"The Unitree A2-W Pro Wheeled Robotic Dog is a next-generation, industrial-grade quadruped robot engineered for versatility, stability, and high-end performance in challenging environments. Combining advanced mobility with a rugged design, the A2-W Pro is one of the most capable robotic platforms available for demanding field applications.\" \/>\n<meta property=\"og:url\" content=\"https:\/\/www.ghostysky.com\/es\/producto-2\/unitree-a2-w-pro\/\" \/>\n<meta property=\"og:site_name\" content=\"Ghostysky\" \/>\n<meta property=\"article:publisher\" content=\"https:\/\/www.facebook.com\/people\/Ghostysky\/100057676170234\/\" \/>\n<meta property=\"article:modified_time\" content=\"2025-10-16T13:25:43+00:00\" \/>\n<meta property=\"og:image\" content=\"https:\/\/www.ghostysky.com\/wp-content\/uploads\/2025\/10\/GH_A2Wpro_1.webp\" \/>\n\t<meta property=\"og:image:width\" content=\"750\" \/>\n\t<meta property=\"og:image:height\" content=\"750\" \/>\n\t<meta property=\"og:image:type\" content=\"image\/webp\" \/>\n<meta name=\"twitter:card\" content=\"summary_large_image\" \/>\n<meta name=\"twitter:site\" content=\"@Gh0stysky\" \/>\n<meta name=\"twitter:label1\" content=\"Tiempo de lectura\" \/>\n\t<meta name=\"twitter:data1\" content=\"2 minutos\" \/>\n<script type=\"application\/ld+json\" class=\"yoast-schema-graph\">{\"@context\":\"https:\/\/schema.org\",\"@graph\":[{\"@type\":\"WebPage\",\"@id\":\"https:\/\/www.ghostysky.com\/product\/unitree-a2-w-pro\/\",\"url\":\"https:\/\/www.ghostysky.com\/product\/unitree-a2-w-pro\/\",\"name\":\"Unitree A2-W Pro - Ghostysky\",\"isPartOf\":{\"@id\":\"https:\/\/www.ghostysky.com\/#website\"},\"primaryImageOfPage\":{\"@id\":\"https:\/\/www.ghostysky.com\/product\/unitree-a2-w-pro\/#primaryimage\"},\"image\":{\"@id\":\"https:\/\/www.ghostysky.com\/product\/unitree-a2-w-pro\/#primaryimage\"},\"thumbnailUrl\":\"https:\/\/www.ghostysky.com\/wp-content\/uploads\/2025\/10\/GH_A2Wpro_1.webp\",\"datePublished\":\"2025-10-16T13:25:09+00:00\",\"dateModified\":\"2025-10-16T13:25:43+00:00\",\"description\":\"The Unitree A2-W Pro Wheeled Robotic Dog is a next-generation, industrial-grade quadruped robot engineered for versatility, stability, and high-end performance in challenging environments. Combining advanced mobility with a rugged design, the A2-W Pro is one of the most capable robotic platforms available for demanding field applications.\",\"breadcrumb\":{\"@id\":\"https:\/\/www.ghostysky.com\/product\/unitree-a2-w-pro\/#breadcrumb\"},\"inLanguage\":\"es\",\"potentialAction\":[{\"@type\":\"ReadAction\",\"target\":[\"https:\/\/www.ghostysky.com\/product\/unitree-a2-w-pro\/\"]}]},{\"@type\":\"ImageObject\",\"inLanguage\":\"es\",\"@id\":\"https:\/\/www.ghostysky.com\/product\/unitree-a2-w-pro\/#primaryimage\",\"url\":\"https:\/\/www.ghostysky.com\/wp-content\/uploads\/2025\/10\/GH_A2Wpro_1.webp\",\"contentUrl\":\"https:\/\/www.ghostysky.com\/wp-content\/uploads\/2025\/10\/GH_A2Wpro_1.webp\",\"width\":750,\"height\":750},{\"@type\":\"BreadcrumbList\",\"@id\":\"https:\/\/www.ghostysky.com\/product\/unitree-a2-w-pro\/#breadcrumb\",\"itemListElement\":[{\"@type\":\"ListItem\",\"position\":1,\"name\":\"Home\",\"item\":\"https:\/\/www.ghostysky.com\/\"},{\"@type\":\"ListItem\",\"position\":2,\"name\":\"Shop\",\"item\":\"https:\/\/www.ghostysky.com\/shop\/\"},{\"@type\":\"ListItem\",\"position\":3,\"name\":\"Unitree A2-W Pro\"}]},{\"@type\":\"WebSite\",\"@id\":\"https:\/\/www.ghostysky.com\/#website\",\"url\":\"https:\/\/www.ghostysky.com\/\",\"name\":\"Ghostysky\",\"description\":\"Delivering professional drones and services\",\"publisher\":{\"@id\":\"https:\/\/www.ghostysky.com\/#organization\"},\"potentialAction\":[{\"@type\":\"SearchAction\",\"target\":{\"@type\":\"EntryPoint\",\"urlTemplate\":\"https:\/\/www.ghostysky.com\/?s={search_term_string}\"},\"query-input\":{\"@type\":\"PropertyValueSpecification\",\"valueRequired\":true,\"valueName\":\"search_term_string\"}}],\"inLanguage\":\"es\"},{\"@type\":\"Organization\",\"@id\":\"https:\/\/www.ghostysky.com\/#organization\",\"name\":\"Ghostysky\",\"url\":\"https:\/\/www.ghostysky.com\/\",\"logo\":{\"@type\":\"ImageObject\",\"inLanguage\":\"es\",\"@id\":\"https:\/\/www.ghostysky.com\/#\/schema\/logo\/image\/\",\"url\":\"https:\/\/www.ghostysky.com\/wp-content\/uploads\/2020\/06\/cropped-ghostyskylogo_text_white2.png\",\"contentUrl\":\"https:\/\/www.ghostysky.com\/wp-content\/uploads\/2020\/06\/cropped-ghostyskylogo_text_white2.png\",\"width\":169,\"height\":56,\"caption\":\"Ghostysky\"},\"image\":{\"@id\":\"https:\/\/www.ghostysky.com\/#\/schema\/logo\/image\/\"},\"sameAs\":[\"https:\/\/www.facebook.com\/people\/Ghostysky\/100057676170234\/\",\"https:\/\/x.com\/Gh0stysky\",\"https:\/\/www.linkedin.com\/company\/34739653\",\"https:\/\/www.instagram.com\/gh0stysky\"]}]}<\/script>\n<!-- \/ Yoast SEO plugin. -->","yoast_head_json":{"title":"Unitree A2-W Pro - Ghostysky","description":"El perro rob\u00f3tico con ruedas Unitree A2-W Pro es un robot cuadr\u00fapedo de \u00faltima generaci\u00f3n, de grado industrial, dise\u00f1ado para ofrecer versatilidad, estabilidad y un rendimiento excepcional en entornos exigentes. Combinando movilidad avanzada con un dise\u00f1o robusto, el A2-W Pro es una de las plataformas rob\u00f3ticas m\u00e1s capaces disponibles para aplicaciones de campo exigentes.","robots":{"index":"index","follow":"follow","max-snippet":"max-snippet:-1","max-image-preview":"max-image-preview:large","max-video-preview":"max-video-preview:-1"},"canonical":"https:\/\/www.ghostysky.com\/es\/producto-2\/unitree-a2-w-pro\/","og_locale":"es_ES","og_type":"article","og_title":"Unitree A2-W Pro - Ghostysky","og_description":"The Unitree A2-W Pro Wheeled Robotic Dog is a next-generation, industrial-grade quadruped robot engineered for versatility, stability, and high-end performance in challenging environments. Combining advanced mobility with a rugged design, the A2-W Pro is one of the most capable robotic platforms available for demanding field applications.","og_url":"https:\/\/www.ghostysky.com\/es\/producto-2\/unitree-a2-w-pro\/","og_site_name":"Ghostysky","article_publisher":"https:\/\/www.facebook.com\/people\/Ghostysky\/100057676170234\/","article_modified_time":"2025-10-16T13:25:43+00:00","og_image":[{"width":750,"height":750,"url":"https:\/\/www.ghostysky.com\/wp-content\/uploads\/2025\/10\/GH_A2Wpro_1.webp","type":"image\/webp"}],"twitter_card":"summary_large_image","twitter_site":"@Gh0stysky","twitter_misc":{"Tiempo de lectura":"2 minutos"},"schema":{"@context":"https:\/\/schema.org","@graph":[{"@type":"WebPage","@id":"https:\/\/www.ghostysky.com\/product\/unitree-a2-w-pro\/","url":"https:\/\/www.ghostysky.com\/product\/unitree-a2-w-pro\/","name":"Unitree A2-W Pro - Ghostysky","isPartOf":{"@id":"https:\/\/www.ghostysky.com\/#website"},"primaryImageOfPage":{"@id":"https:\/\/www.ghostysky.com\/product\/unitree-a2-w-pro\/#primaryimage"},"image":{"@id":"https:\/\/www.ghostysky.com\/product\/unitree-a2-w-pro\/#primaryimage"},"thumbnailUrl":"https:\/\/www.ghostysky.com\/wp-content\/uploads\/2025\/10\/GH_A2Wpro_1.webp","datePublished":"2025-10-16T13:25:09+00:00","dateModified":"2025-10-16T13:25:43+00:00","description":"El perro rob\u00f3tico con ruedas Unitree A2-W Pro es un robot cuadr\u00fapedo de \u00faltima generaci\u00f3n, de grado industrial, dise\u00f1ado para ofrecer versatilidad, estabilidad y un rendimiento excepcional en entornos exigentes. Combinando movilidad avanzada con un dise\u00f1o robusto, el A2-W Pro es una de las plataformas rob\u00f3ticas m\u00e1s capaces disponibles para aplicaciones de campo exigentes.","breadcrumb":{"@id":"https:\/\/www.ghostysky.com\/product\/unitree-a2-w-pro\/#breadcrumb"},"inLanguage":"es","potentialAction":[{"@type":"ReadAction","target":["https:\/\/www.ghostysky.com\/product\/unitree-a2-w-pro\/"]}]},{"@type":"ImageObject","inLanguage":"es","@id":"https:\/\/www.ghostysky.com\/product\/unitree-a2-w-pro\/#primaryimage","url":"https:\/\/www.ghostysky.com\/wp-content\/uploads\/2025\/10\/GH_A2Wpro_1.webp","contentUrl":"https:\/\/www.ghostysky.com\/wp-content\/uploads\/2025\/10\/GH_A2Wpro_1.webp","width":750,"height":750},{"@type":"BreadcrumbList","@id":"https:\/\/www.ghostysky.com\/product\/unitree-a2-w-pro\/#breadcrumb","itemListElement":[{"@type":"ListItem","position":1,"name":"Home","item":"https:\/\/www.ghostysky.com\/"},{"@type":"ListItem","position":2,"name":"Shop","item":"https:\/\/www.ghostysky.com\/shop\/"},{"@type":"ListItem","position":3,"name":"Unitree A2-W Pro"}]},{"@type":"WebSite","@id":"https:\/\/www.ghostysky.com\/#website","url":"https:\/\/www.ghostysky.com\/","name":"Ghostysky","description":"Entrega de drones y servicios profesionales","publisher":{"@id":"https:\/\/www.ghostysky.com\/#organization"},"potentialAction":[{"@type":"SearchAction","target":{"@type":"EntryPoint","urlTemplate":"https:\/\/www.ghostysky.com\/?s={search_term_string}"},"query-input":{"@type":"PropertyValueSpecification","valueRequired":true,"valueName":"search_term_string"}}],"inLanguage":"es"},{"@type":"Organization","@id":"https:\/\/www.ghostysky.com\/#organization","name":"Ghostysky","url":"https:\/\/www.ghostysky.com\/","logo":{"@type":"ImageObject","inLanguage":"es","@id":"https:\/\/www.ghostysky.com\/#\/schema\/logo\/image\/","url":"https:\/\/www.ghostysky.com\/wp-content\/uploads\/2020\/06\/cropped-ghostyskylogo_text_white2.png","contentUrl":"https:\/\/www.ghostysky.com\/wp-content\/uploads\/2020\/06\/cropped-ghostyskylogo_text_white2.png","width":169,"height":56,"caption":"Ghostysky"},"image":{"@id":"https:\/\/www.ghostysky.com\/#\/schema\/logo\/image\/"},"sameAs":["https:\/\/www.facebook.com\/people\/Ghostysky\/100057676170234\/","https:\/\/x.com\/Gh0stysky","https:\/\/www.linkedin.com\/company\/34739653","https:\/\/www.instagram.com\/gh0stysky"]}]}},"_links":{"self":[{"href":"https:\/\/www.ghostysky.com\/es\/wp-json\/wp\/v2\/product\/21383","targetHints":{"allow":["GET"]}}],"collection":[{"href":"https:\/\/www.ghostysky.com\/es\/wp-json\/wp\/v2\/product"}],"about":[{"href":"https:\/\/www.ghostysky.com\/es\/wp-json\/wp\/v2\/types\/product"}],"replies":[{"embeddable":true,"href":"https:\/\/www.ghostysky.com\/es\/wp-json\/wp\/v2\/comments?post=21383"}],"wp:featuredmedia":[{"embeddable":true,"href":"https:\/\/www.ghostysky.com\/es\/wp-json\/wp\/v2\/media\/21382"}],"wp:attachment":[{"href":"https:\/\/www.ghostysky.com\/es\/wp-json\/wp\/v2\/media?parent=21383"}],"wp:term":[{"taxonomy":"product_brand","embeddable":true,"href":"https:\/\/www.ghostysky.com\/es\/wp-json\/wp\/v2\/product_brand?post=21383"},{"taxonomy":"product_cat","embeddable":true,"href":"https:\/\/www.ghostysky.com\/es\/wp-json\/wp\/v2\/product_cat?post=21383"},{"taxonomy":"product_tag","embeddable":true,"href":"https:\/\/www.ghostysky.com\/es\/wp-json\/wp\/v2\/product_tag?post=21383"}],"curies":[{"name":"wp","href":"https:\/\/api.w.org\/{rel}","templated":true}]}}