{"id":21399,"date":"2025-10-16T14:49:58","date_gmt":"2025-10-16T14:49:58","guid":{"rendered":"https:\/\/www.ghostysky.com\/?post_type=product&#038;p=21399"},"modified":"2025-10-16T14:50:28","modified_gmt":"2025-10-16T14:50:28","slug":"unitree-b2-standard-battery","status":"publish","type":"product","link":"https:\/\/www.ghostysky.com\/es\/product\/unitree-b2-standard-battery\/","title":{"rendered":"Bater\u00eda est\u00e1ndar Unitree B2"},"content":{"rendered":"<p><b>Caracter\u00edsticas y especificaciones principales:<\/b><\/p>\n<ul>\n<li><b>Resistencia ultralarga:<\/b> Dise\u00f1ada para maximizar el tiempo de actividad operativa, la bater\u00eda est\u00e1ndar ofrece tiempos de funcionamiento impresionantes:\n<ul>\n<li><b>Caminata continua sin carga:<\/b><span class=\"citation-507 citation-end-507\"> M\u00e1s de 5 horas ( <sup class=\"superscript\" data-turn-source-index=\"1\">1<\/sup><\/span><span class=\"math-inline\" data-math=\"&gt;20 \\text{ km}\">$&gt;20 \\texto{ km}$<\/span><span class=\"citation-506 citation-end-506\"> kilometraje).<\/span><\/li>\n<li><b><span class=\"citation-505 citation-end-505\">Caminata continua con carga de 20 kg:<sup class=\"superscript\" data-turn-source-index=\"3\">3<\/sup><\/span><\/b><span class=\"citation-504 citation-end-504\"> M\u00e1s de 4 horas ( <sup class=\"superscript\" data-turn-source-index=\"4\">4<\/sup><\/span><span class=\"math-inline\" data-math=\"&gt;15 \\text{ km}\">$&gt;15 \\texto{ km}$<\/span><span class=\"citation-503 citation-end-503\"> kilometraje).<\/span><\/li>\n<li><b><span class=\"citation-502\">Duraci\u00f3n total de la bater\u00eda:<\/span><\/b><span class=\"citation-502 citation-end-502\"> 4-6 horas, dependiendo de la carga \u00fatil y el uso.<\/span><\/li>\n<\/ul>\n<\/li>\n<li><b>Energ\u00eda de alta capacidad:<\/b><span class=\"citation-501 citation-end-501\"> Cuenta con una robusta capacidad de <sup class=\"superscript\" data-turn-source-index=\"7\">7<\/sup><\/span><b><span class=\"math-inline\" data-math=\"45 \\text{ Ah}\">$45 \\texto{ Ah}$<\/span><\/b><span class=\"citation-500 citation-end-500\"> con una energ\u00eda total de <sup class=\"superscript\" data-turn-source-index=\"8\">8<\/sup><\/span><b><span class=\"math-inline\" data-math=\"2250 \\text{ Wh}\">$2250 \\texto{ Wh}$<\/span><\/b><span class=\"citation-499 citation-end-499\"> a un voltaje de <sup class=\"superscript\" data-turn-source-index=\"9\">9<\/sup><\/span><b><span class=\"math-inline\" data-math=\"58 \\text{ V}\">$58 \\texto{ V}$<\/span><\/b><span class=\"citation-498 citation-end-498\">.<\/span><\/li>\n<li><b><span class=\"citation-497\">Dise\u00f1o enchufable y de cambio r\u00e1pido:<\/span><\/b><span class=\"citation-497 citation-end-497\"> Admite el reemplazo r\u00e1pido de la bater\u00eda para minimizar el tiempo de inactividad y mantener su robot en el campo.<\/span><\/li>\n<li><b><span class=\"citation-496\">Soluciones de carga inteligente:<\/span><\/b><span class=\"citation-496 citation-end-496\"> La bater\u00eda admite una soluci\u00f3n de carga aut\u00f3noma opcional, que permite que el B2 se recargue autom\u00e1ticamente sin intervenci\u00f3n humana, lo que garantiza una eficiencia operativa \u00f3ptima.<\/span><\/li>\n<li><b>Rendimiento confiable:<\/b><span class=\"citation-495 citation-end-495\"> Dise\u00f1ado para soportar los motores articulados de alto rendimiento del Unitree B2 y su exigente capacidad de carga de marcha continua de m\u00e1s de <sup class=\"superscript\" data-turn-source-index=\"13\">13<\/sup><\/span><span class=\"math-inline\" data-math=\"40 \\text{ kg}\">$40 \\texto{ kg}$<\/span><span class=\"citation-494 citation-end-494\">.<\/span><\/li>\n<\/ul>\n<p>Aseg\u00farese de que su Unitree B2 est\u00e9 siempre listo para tareas de inspecci\u00f3n, topograf\u00eda o log\u00edstica con esta fuente de energ\u00eda esencial y de alto rendimiento.<\/p>","protected":false},"excerpt":{"rendered":"<p><b>Libere todo el potencial de su robot cuadr\u00fapedo industrial Unitree B2 con la bater\u00eda est\u00e1ndar de alta capacidad.<\/b><\/p>\n<p>Dise\u00f1ada para las demandas de las aplicaciones industriales, esta bater\u00eda proporciona la energ\u00eda robusta y duradera necesaria para misiones prolongadas y tareas pesadas.<\/p>","protected":false},"featured_media":21400,"comment_status":"open","ping_status":"closed","template":"","meta":[],"product_brand":[1087],"product_cat":[1039,1037,1086],"product_tag":[1088,1101,1099,1089],"class_list":{"0":"post-21399","1":"product","2":"type-product","3":"status-publish","4":"has-post-thumbnail","6":"product_brand-unitree","7":"product_cat-quadruped","8":"product_cat-robotics","9":"product_cat-unitree-quad-accessories","10":"product_tag-unitree","11":"product_tag-unitree-a2-b2-accessories","12":"product_tag-unitree-a2b2-series","13":"product_tag-unitree-quadruped","15":"first","16":"onbackorder","17":"taxable","18":"shipping-taxable","19":"purchasable","20":"product-type-simple"},"yoast_head":"<!-- This site is optimized with the Yoast SEO plugin v27.1.1 - https:\/\/yoast.com\/product\/yoast-seo-wordpress\/ -->\n<title>Unitree B2 Standard Battery - Ghostysky<\/title>\n<meta name=\"robots\" content=\"index, follow, max-snippet:-1, max-image-preview:large, max-video-preview:-1\" \/>\n<link rel=\"canonical\" href=\"https:\/\/www.ghostysky.com\/es\/producto-2\/unitree-b2-standard-battery\/\" \/>\n<meta property=\"og:locale\" content=\"es_ES\" \/>\n<meta property=\"og:type\" content=\"article\" \/>\n<meta property=\"og:title\" content=\"Unitree B2 Standard Battery - Ghostysky\" \/>\n<meta property=\"og:description\" content=\"Unleash the full potential of your Unitree B2 industrial quadruped robot with the Standard High-Capacity Battery.  Engineered for the demands of industrial applications, this battery provides the robust and long-lasting power necessary for extended missions and heavy-duty tasks.\" \/>\n<meta property=\"og:url\" content=\"https:\/\/www.ghostysky.com\/es\/producto-2\/unitree-b2-standard-battery\/\" \/>\n<meta property=\"og:site_name\" content=\"Ghostysky\" \/>\n<meta property=\"article:publisher\" content=\"https:\/\/www.facebook.com\/people\/Ghostysky\/100057676170234\/\" \/>\n<meta property=\"article:modified_time\" content=\"2025-10-16T14:50:28+00:00\" \/>\n<meta property=\"og:image\" content=\"https:\/\/www.ghostysky.com\/wp-content\/uploads\/2025\/10\/GH_B2_Standard_Battery_1.png\" \/>\n\t<meta property=\"og:image:width\" content=\"800\" \/>\n\t<meta property=\"og:image:height\" content=\"800\" \/>\n\t<meta property=\"og:image:type\" content=\"image\/png\" \/>\n<meta name=\"twitter:card\" content=\"summary_large_image\" \/>\n<meta name=\"twitter:site\" content=\"@Gh0stysky\" \/>\n<meta name=\"twitter:label1\" content=\"Tiempo de lectura\" \/>\n\t<meta name=\"twitter:data1\" content=\"1 minuto\" \/>\n<script type=\"application\/ld+json\" class=\"yoast-schema-graph\">{\"@context\":\"https:\/\/schema.org\",\"@graph\":[{\"@type\":\"WebPage\",\"@id\":\"https:\/\/www.ghostysky.com\/product\/unitree-b2-standard-battery\/\",\"url\":\"https:\/\/www.ghostysky.com\/product\/unitree-b2-standard-battery\/\",\"name\":\"Unitree B2 Standard Battery - Ghostysky\",\"isPartOf\":{\"@id\":\"https:\/\/www.ghostysky.com\/#website\"},\"primaryImageOfPage\":{\"@id\":\"https:\/\/www.ghostysky.com\/product\/unitree-b2-standard-battery\/#primaryimage\"},\"image\":{\"@id\":\"https:\/\/www.ghostysky.com\/product\/unitree-b2-standard-battery\/#primaryimage\"},\"thumbnailUrl\":\"https:\/\/www.ghostysky.com\/wp-content\/uploads\/2025\/10\/GH_B2_Standard_Battery_1.png\",\"datePublished\":\"2025-10-16T14:49:58+00:00\",\"dateModified\":\"2025-10-16T14:50:28+00:00\",\"breadcrumb\":{\"@id\":\"https:\/\/www.ghostysky.com\/product\/unitree-b2-standard-battery\/#breadcrumb\"},\"inLanguage\":\"es\",\"potentialAction\":[{\"@type\":\"ReadAction\",\"target\":[\"https:\/\/www.ghostysky.com\/product\/unitree-b2-standard-battery\/\"]}]},{\"@type\":\"ImageObject\",\"inLanguage\":\"es\",\"@id\":\"https:\/\/www.ghostysky.com\/product\/unitree-b2-standard-battery\/#primaryimage\",\"url\":\"https:\/\/www.ghostysky.com\/wp-content\/uploads\/2025\/10\/GH_B2_Standard_Battery_1.png\",\"contentUrl\":\"https:\/\/www.ghostysky.com\/wp-content\/uploads\/2025\/10\/GH_B2_Standard_Battery_1.png\",\"width\":800,\"height\":800},{\"@type\":\"BreadcrumbList\",\"@id\":\"https:\/\/www.ghostysky.com\/product\/unitree-b2-standard-battery\/#breadcrumb\",\"itemListElement\":[{\"@type\":\"ListItem\",\"position\":1,\"name\":\"Home\",\"item\":\"https:\/\/www.ghostysky.com\/\"},{\"@type\":\"ListItem\",\"position\":2,\"name\":\"Shop\",\"item\":\"https:\/\/www.ghostysky.com\/shop\/\"},{\"@type\":\"ListItem\",\"position\":3,\"name\":\"Unitree B2 Standard Battery\"}]},{\"@type\":\"WebSite\",\"@id\":\"https:\/\/www.ghostysky.com\/#website\",\"url\":\"https:\/\/www.ghostysky.com\/\",\"name\":\"Ghostysky\",\"description\":\"Delivering professional drones and services\",\"publisher\":{\"@id\":\"https:\/\/www.ghostysky.com\/#organization\"},\"potentialAction\":[{\"@type\":\"SearchAction\",\"target\":{\"@type\":\"EntryPoint\",\"urlTemplate\":\"https:\/\/www.ghostysky.com\/?s={search_term_string}\"},\"query-input\":{\"@type\":\"PropertyValueSpecification\",\"valueRequired\":true,\"valueName\":\"search_term_string\"}}],\"inLanguage\":\"es\"},{\"@type\":\"Organization\",\"@id\":\"https:\/\/www.ghostysky.com\/#organization\",\"name\":\"Ghostysky\",\"url\":\"https:\/\/www.ghostysky.com\/\",\"logo\":{\"@type\":\"ImageObject\",\"inLanguage\":\"es\",\"@id\":\"https:\/\/www.ghostysky.com\/#\/schema\/logo\/image\/\",\"url\":\"https:\/\/www.ghostysky.com\/wp-content\/uploads\/2020\/06\/cropped-ghostyskylogo_text_white2.png\",\"contentUrl\":\"https:\/\/www.ghostysky.com\/wp-content\/uploads\/2020\/06\/cropped-ghostyskylogo_text_white2.png\",\"width\":169,\"height\":56,\"caption\":\"Ghostysky\"},\"image\":{\"@id\":\"https:\/\/www.ghostysky.com\/#\/schema\/logo\/image\/\"},\"sameAs\":[\"https:\/\/www.facebook.com\/people\/Ghostysky\/100057676170234\/\",\"https:\/\/x.com\/Gh0stysky\",\"https:\/\/www.linkedin.com\/company\/34739653\",\"https:\/\/www.instagram.com\/gh0stysky\"]}]}<\/script>\n<!-- \/ Yoast SEO plugin. -->","yoast_head_json":{"title":"Bater\u00eda est\u00e1ndar Unitree B2 - Ghostysky","robots":{"index":"index","follow":"follow","max-snippet":"max-snippet:-1","max-image-preview":"max-image-preview:large","max-video-preview":"max-video-preview:-1"},"canonical":"https:\/\/www.ghostysky.com\/es\/producto-2\/unitree-b2-standard-battery\/","og_locale":"es_ES","og_type":"article","og_title":"Unitree B2 Standard Battery - Ghostysky","og_description":"Unleash the full potential of your Unitree B2 industrial quadruped robot with the Standard High-Capacity Battery.  Engineered for the demands of industrial applications, this battery provides the robust and long-lasting power necessary for extended missions and heavy-duty tasks.","og_url":"https:\/\/www.ghostysky.com\/es\/producto-2\/unitree-b2-standard-battery\/","og_site_name":"Ghostysky","article_publisher":"https:\/\/www.facebook.com\/people\/Ghostysky\/100057676170234\/","article_modified_time":"2025-10-16T14:50:28+00:00","og_image":[{"width":800,"height":800,"url":"https:\/\/www.ghostysky.com\/wp-content\/uploads\/2025\/10\/GH_B2_Standard_Battery_1.png","type":"image\/png"}],"twitter_card":"summary_large_image","twitter_site":"@Gh0stysky","twitter_misc":{"Tiempo de lectura":"1 minuto"},"schema":{"@context":"https:\/\/schema.org","@graph":[{"@type":"WebPage","@id":"https:\/\/www.ghostysky.com\/product\/unitree-b2-standard-battery\/","url":"https:\/\/www.ghostysky.com\/product\/unitree-b2-standard-battery\/","name":"Bater\u00eda est\u00e1ndar Unitree B2 - Ghostysky","isPartOf":{"@id":"https:\/\/www.ghostysky.com\/#website"},"primaryImageOfPage":{"@id":"https:\/\/www.ghostysky.com\/product\/unitree-b2-standard-battery\/#primaryimage"},"image":{"@id":"https:\/\/www.ghostysky.com\/product\/unitree-b2-standard-battery\/#primaryimage"},"thumbnailUrl":"https:\/\/www.ghostysky.com\/wp-content\/uploads\/2025\/10\/GH_B2_Standard_Battery_1.png","datePublished":"2025-10-16T14:49:58+00:00","dateModified":"2025-10-16T14:50:28+00:00","breadcrumb":{"@id":"https:\/\/www.ghostysky.com\/product\/unitree-b2-standard-battery\/#breadcrumb"},"inLanguage":"es","potentialAction":[{"@type":"ReadAction","target":["https:\/\/www.ghostysky.com\/product\/unitree-b2-standard-battery\/"]}]},{"@type":"ImageObject","inLanguage":"es","@id":"https:\/\/www.ghostysky.com\/product\/unitree-b2-standard-battery\/#primaryimage","url":"https:\/\/www.ghostysky.com\/wp-content\/uploads\/2025\/10\/GH_B2_Standard_Battery_1.png","contentUrl":"https:\/\/www.ghostysky.com\/wp-content\/uploads\/2025\/10\/GH_B2_Standard_Battery_1.png","width":800,"height":800},{"@type":"BreadcrumbList","@id":"https:\/\/www.ghostysky.com\/product\/unitree-b2-standard-battery\/#breadcrumb","itemListElement":[{"@type":"ListItem","position":1,"name":"Home","item":"https:\/\/www.ghostysky.com\/"},{"@type":"ListItem","position":2,"name":"Shop","item":"https:\/\/www.ghostysky.com\/shop\/"},{"@type":"ListItem","position":3,"name":"Unitree B2 Standard Battery"}]},{"@type":"WebSite","@id":"https:\/\/www.ghostysky.com\/#website","url":"https:\/\/www.ghostysky.com\/","name":"Ghostysky","description":"Entrega de drones y servicios profesionales","publisher":{"@id":"https:\/\/www.ghostysky.com\/#organization"},"potentialAction":[{"@type":"SearchAction","target":{"@type":"EntryPoint","urlTemplate":"https:\/\/www.ghostysky.com\/?s={search_term_string}"},"query-input":{"@type":"PropertyValueSpecification","valueRequired":true,"valueName":"search_term_string"}}],"inLanguage":"es"},{"@type":"Organization","@id":"https:\/\/www.ghostysky.com\/#organization","name":"Ghostysky","url":"https:\/\/www.ghostysky.com\/","logo":{"@type":"ImageObject","inLanguage":"es","@id":"https:\/\/www.ghostysky.com\/#\/schema\/logo\/image\/","url":"https:\/\/www.ghostysky.com\/wp-content\/uploads\/2020\/06\/cropped-ghostyskylogo_text_white2.png","contentUrl":"https:\/\/www.ghostysky.com\/wp-content\/uploads\/2020\/06\/cropped-ghostyskylogo_text_white2.png","width":169,"height":56,"caption":"Ghostysky"},"image":{"@id":"https:\/\/www.ghostysky.com\/#\/schema\/logo\/image\/"},"sameAs":["https:\/\/www.facebook.com\/people\/Ghostysky\/100057676170234\/","https:\/\/x.com\/Gh0stysky","https:\/\/www.linkedin.com\/company\/34739653","https:\/\/www.instagram.com\/gh0stysky"]}]}},"_links":{"self":[{"href":"https:\/\/www.ghostysky.com\/es\/wp-json\/wp\/v2\/product\/21399","targetHints":{"allow":["GET"]}}],"collection":[{"href":"https:\/\/www.ghostysky.com\/es\/wp-json\/wp\/v2\/product"}],"about":[{"href":"https:\/\/www.ghostysky.com\/es\/wp-json\/wp\/v2\/types\/product"}],"replies":[{"embeddable":true,"href":"https:\/\/www.ghostysky.com\/es\/wp-json\/wp\/v2\/comments?post=21399"}],"wp:featuredmedia":[{"embeddable":true,"href":"https:\/\/www.ghostysky.com\/es\/wp-json\/wp\/v2\/media\/21400"}],"wp:attachment":[{"href":"https:\/\/www.ghostysky.com\/es\/wp-json\/wp\/v2\/media?parent=21399"}],"wp:term":[{"taxonomy":"product_brand","embeddable":true,"href":"https:\/\/www.ghostysky.com\/es\/wp-json\/wp\/v2\/product_brand?post=21399"},{"taxonomy":"product_cat","embeddable":true,"href":"https:\/\/www.ghostysky.com\/es\/wp-json\/wp\/v2\/product_cat?post=21399"},{"taxonomy":"product_tag","embeddable":true,"href":"https:\/\/www.ghostysky.com\/es\/wp-json\/wp\/v2\/product_tag?post=21399"}],"curies":[{"name":"wp","href":"https:\/\/api.w.org\/{rel}","templated":true}]}}