{"id":21409,"date":"2025-10-16T14:58:49","date_gmt":"2025-10-16T14:58:49","guid":{"rendered":"https:\/\/www.ghostysky.com\/?post_type=product&#038;p=21409"},"modified":"2025-10-16T15:01:20","modified_gmt":"2025-10-16T15:01:20","slug":"unitree-b2-foot","status":"publish","type":"product","link":"https:\/\/www.ghostysky.com\/es\/product\/unitree-b2-foot\/","title":{"rendered":"Pie Unitree B2"},"content":{"rendered":"<p><b>Caracter\u00edsticas clave del producto:<\/b><\/p>\n<ul>\n<li><b><span class=\"citation-546\">Tracci\u00f3n y estabilidad \u00f3ptimas:<\/span><\/b><span class=\"citation-546 citation-end-546\"> Fabricada con una combinaci\u00f3n de caucho natural y materiales de alta resistencia, la almohadilla del pie est\u00e1 dise\u00f1ada para proporcionar un agarre y equilibrio \u00f3ptimos, mejorando significativamente la capacidad del robot para navegar por diversos terrenos desafiantes.<\/span><\/li>\n<li><b>Mayor durabilidad:<\/b><span class=\"citation-545 citation-end-545\"> La construcci\u00f3n de material robusto garantiza un rendimiento confiable y contribuye a la longevidad de la vida \u00fatil del Unitree B2, manteniendo su funcionalidad incluso en entornos industriales exigentes.<\/span><\/li>\n<li><b><span class=\"citation-544\">Mantenimiento del rendimiento:<\/span><\/b><span class=\"citation-544 citation-end-544\"> Como componente de reemplazo cr\u00edtico, es vital para mantener las caracter\u00edsticas de rendimiento superiores del robot Unitree B2, como su velocidad de funcionamiento (hasta <sup class=\"superscript\" data-turn-source-index=\"4\">4<\/sup><\/span><span class=\"math-inline\" data-math=\"&gt;6\">$&gt;6$<\/span><span class=\"citation-543 citation-end-543\"> m\/s para el robot) y su capacidad para superar obst\u00e1culos como escaleras y superficies irregulares.<\/span><\/li>\n<\/ul>\n<p><span class=\"citation-542\">Para el <\/span><b><span class=\"citation-542\">Unitree B2-W (con ruedas)<\/span><\/b><span class=\"citation-542\"> modelo, el \u201cpie\u201d se sustituye por un innovador <\/span><b><span class=\"citation-542\">pierna con ruedas<\/span><\/b><span class=\"citation-542 citation-end-542\"> M\u00f3dulo que permite al robot cambiar din\u00e1micamente entre la locomoci\u00f3n con patas para obst\u00e1culos y terrenos empinados y el movimiento con ruedas para un mayor alcance y velocidades m\u00e1s altas en superficies planas.<sup class=\"superscript\" data-turn-source-index=\"6\">6<\/sup><\/span> <span class=\"citation-541 citation-end-541\">Este dise\u00f1o h\u00edbrido maximiza la eficiencia y la versatilidad.<\/span><\/p>","protected":false},"excerpt":{"rendered":"<p><span class=\"citation-547\">El pie del Unitree B2, que a menudo se vende como <\/span><b><span class=\"citation-547\">Almohadilla para el pie<\/span><\/b><span class=\"citation-547 citation-end-547\"> Componente de reemplazo, es esencial para el robot cuadr\u00fapedo de grado industrial de alto rendimiento.<\/span><\/p>","protected":false},"featured_media":21410,"comment_status":"open","ping_status":"closed","template":"","meta":[],"product_brand":[1087],"product_cat":[1039,1037,1086],"product_tag":[1088,1101,1099,1089],"class_list":{"0":"post-21409","1":"product","2":"type-product","3":"status-publish","4":"has-post-thumbnail","6":"product_brand-unitree","7":"product_cat-quadruped","8":"product_cat-robotics","9":"product_cat-unitree-quad-accessories","10":"product_tag-unitree","11":"product_tag-unitree-a2-b2-accessories","12":"product_tag-unitree-a2b2-series","13":"product_tag-unitree-quadruped","15":"first","16":"onbackorder","17":"taxable","18":"shipping-taxable","19":"purchasable","20":"product-type-simple"},"yoast_head":"<!-- This site is optimized with the Yoast SEO plugin v27.1.1 - https:\/\/yoast.com\/product\/yoast-seo-wordpress\/ -->\n<title>Unitree B2 Foot - Ghostysky<\/title>\n<meta name=\"description\" content=\"The Unitree B2&#039;s foot, often sold as a Foot Pad replacement component, is essential for the high-performance industrial-grade quadruped robot.\" \/>\n<meta name=\"robots\" content=\"index, follow, max-snippet:-1, max-image-preview:large, max-video-preview:-1\" \/>\n<link rel=\"canonical\" href=\"https:\/\/www.ghostysky.com\/es\/producto-2\/unitree-b2-foot\/\" \/>\n<meta property=\"og:locale\" content=\"es_ES\" \/>\n<meta property=\"og:type\" content=\"article\" \/>\n<meta property=\"og:title\" content=\"Unitree B2 Foot - Ghostysky\" \/>\n<meta property=\"og:description\" content=\"The Unitree B2&#039;s foot, often sold as a Foot Pad replacement component, is essential for the high-performance industrial-grade quadruped robot.\" \/>\n<meta property=\"og:url\" content=\"https:\/\/www.ghostysky.com\/es\/producto-2\/unitree-b2-foot\/\" \/>\n<meta property=\"og:site_name\" content=\"Ghostysky\" \/>\n<meta property=\"article:publisher\" content=\"https:\/\/www.facebook.com\/people\/Ghostysky\/100057676170234\/\" \/>\n<meta property=\"article:modified_time\" content=\"2025-10-16T15:01:20+00:00\" \/>\n<meta property=\"og:image\" content=\"https:\/\/www.ghostysky.com\/wp-content\/uploads\/2025\/10\/GH_B2-Foot_1.webp\" \/>\n\t<meta property=\"og:image:width\" content=\"500\" \/>\n\t<meta property=\"og:image:height\" content=\"500\" \/>\n\t<meta property=\"og:image:type\" content=\"image\/webp\" \/>\n<meta name=\"twitter:card\" content=\"summary_large_image\" \/>\n<meta name=\"twitter:site\" content=\"@Gh0stysky\" \/>\n<meta name=\"twitter:label1\" content=\"Tiempo de lectura\" \/>\n\t<meta name=\"twitter:data1\" content=\"1 minuto\" \/>\n<script type=\"application\/ld+json\" class=\"yoast-schema-graph\">{\"@context\":\"https:\/\/schema.org\",\"@graph\":[{\"@type\":\"WebPage\",\"@id\":\"https:\/\/www.ghostysky.com\/product\/unitree-b2-foot\/\",\"url\":\"https:\/\/www.ghostysky.com\/product\/unitree-b2-foot\/\",\"name\":\"Unitree B2 Foot - Ghostysky\",\"isPartOf\":{\"@id\":\"https:\/\/www.ghostysky.com\/#website\"},\"primaryImageOfPage\":{\"@id\":\"https:\/\/www.ghostysky.com\/product\/unitree-b2-foot\/#primaryimage\"},\"image\":{\"@id\":\"https:\/\/www.ghostysky.com\/product\/unitree-b2-foot\/#primaryimage\"},\"thumbnailUrl\":\"https:\/\/www.ghostysky.com\/wp-content\/uploads\/2025\/10\/GH_B2-Foot_1.webp\",\"datePublished\":\"2025-10-16T14:58:49+00:00\",\"dateModified\":\"2025-10-16T15:01:20+00:00\",\"description\":\"The Unitree B2's foot, often sold as a Foot Pad replacement component, is essential for the high-performance industrial-grade quadruped robot.\",\"breadcrumb\":{\"@id\":\"https:\/\/www.ghostysky.com\/product\/unitree-b2-foot\/#breadcrumb\"},\"inLanguage\":\"es\",\"potentialAction\":[{\"@type\":\"ReadAction\",\"target\":[\"https:\/\/www.ghostysky.com\/product\/unitree-b2-foot\/\"]}]},{\"@type\":\"ImageObject\",\"inLanguage\":\"es\",\"@id\":\"https:\/\/www.ghostysky.com\/product\/unitree-b2-foot\/#primaryimage\",\"url\":\"https:\/\/www.ghostysky.com\/wp-content\/uploads\/2025\/10\/GH_B2-Foot_1.webp\",\"contentUrl\":\"https:\/\/www.ghostysky.com\/wp-content\/uploads\/2025\/10\/GH_B2-Foot_1.webp\",\"width\":500,\"height\":500},{\"@type\":\"BreadcrumbList\",\"@id\":\"https:\/\/www.ghostysky.com\/product\/unitree-b2-foot\/#breadcrumb\",\"itemListElement\":[{\"@type\":\"ListItem\",\"position\":1,\"name\":\"Home\",\"item\":\"https:\/\/www.ghostysky.com\/\"},{\"@type\":\"ListItem\",\"position\":2,\"name\":\"Shop\",\"item\":\"https:\/\/www.ghostysky.com\/shop\/\"},{\"@type\":\"ListItem\",\"position\":3,\"name\":\"Unitree B2 Foot\"}]},{\"@type\":\"WebSite\",\"@id\":\"https:\/\/www.ghostysky.com\/#website\",\"url\":\"https:\/\/www.ghostysky.com\/\",\"name\":\"Ghostysky\",\"description\":\"Delivering professional drones and services\",\"publisher\":{\"@id\":\"https:\/\/www.ghostysky.com\/#organization\"},\"potentialAction\":[{\"@type\":\"SearchAction\",\"target\":{\"@type\":\"EntryPoint\",\"urlTemplate\":\"https:\/\/www.ghostysky.com\/?s={search_term_string}\"},\"query-input\":{\"@type\":\"PropertyValueSpecification\",\"valueRequired\":true,\"valueName\":\"search_term_string\"}}],\"inLanguage\":\"es\"},{\"@type\":\"Organization\",\"@id\":\"https:\/\/www.ghostysky.com\/#organization\",\"name\":\"Ghostysky\",\"url\":\"https:\/\/www.ghostysky.com\/\",\"logo\":{\"@type\":\"ImageObject\",\"inLanguage\":\"es\",\"@id\":\"https:\/\/www.ghostysky.com\/#\/schema\/logo\/image\/\",\"url\":\"https:\/\/www.ghostysky.com\/wp-content\/uploads\/2020\/06\/cropped-ghostyskylogo_text_white2.png\",\"contentUrl\":\"https:\/\/www.ghostysky.com\/wp-content\/uploads\/2020\/06\/cropped-ghostyskylogo_text_white2.png\",\"width\":169,\"height\":56,\"caption\":\"Ghostysky\"},\"image\":{\"@id\":\"https:\/\/www.ghostysky.com\/#\/schema\/logo\/image\/\"},\"sameAs\":[\"https:\/\/www.facebook.com\/people\/Ghostysky\/100057676170234\/\",\"https:\/\/x.com\/Gh0stysky\",\"https:\/\/www.linkedin.com\/company\/34739653\",\"https:\/\/www.instagram.com\/gh0stysky\"]}]}<\/script>\n<!-- \/ Yoast SEO plugin. -->","yoast_head_json":{"title":"Pie Unitree B2 - Ghostysky","description":"El pie del Unitree B2, que a menudo se vende como un componente de reemplazo de almohadilla de pie, es esencial para el robot cuadr\u00fapedo de grado industrial de alto rendimiento.","robots":{"index":"index","follow":"follow","max-snippet":"max-snippet:-1","max-image-preview":"max-image-preview:large","max-video-preview":"max-video-preview:-1"},"canonical":"https:\/\/www.ghostysky.com\/es\/producto-2\/unitree-b2-foot\/","og_locale":"es_ES","og_type":"article","og_title":"Unitree B2 Foot - Ghostysky","og_description":"The Unitree B2's foot, often sold as a Foot Pad replacement component, is essential for the high-performance industrial-grade quadruped robot.","og_url":"https:\/\/www.ghostysky.com\/es\/producto-2\/unitree-b2-foot\/","og_site_name":"Ghostysky","article_publisher":"https:\/\/www.facebook.com\/people\/Ghostysky\/100057676170234\/","article_modified_time":"2025-10-16T15:01:20+00:00","og_image":[{"width":500,"height":500,"url":"https:\/\/www.ghostysky.com\/wp-content\/uploads\/2025\/10\/GH_B2-Foot_1.webp","type":"image\/webp"}],"twitter_card":"summary_large_image","twitter_site":"@Gh0stysky","twitter_misc":{"Tiempo de lectura":"1 minuto"},"schema":{"@context":"https:\/\/schema.org","@graph":[{"@type":"WebPage","@id":"https:\/\/www.ghostysky.com\/product\/unitree-b2-foot\/","url":"https:\/\/www.ghostysky.com\/product\/unitree-b2-foot\/","name":"Pie Unitree B2 - Ghostysky","isPartOf":{"@id":"https:\/\/www.ghostysky.com\/#website"},"primaryImageOfPage":{"@id":"https:\/\/www.ghostysky.com\/product\/unitree-b2-foot\/#primaryimage"},"image":{"@id":"https:\/\/www.ghostysky.com\/product\/unitree-b2-foot\/#primaryimage"},"thumbnailUrl":"https:\/\/www.ghostysky.com\/wp-content\/uploads\/2025\/10\/GH_B2-Foot_1.webp","datePublished":"2025-10-16T14:58:49+00:00","dateModified":"2025-10-16T15:01:20+00:00","description":"El pie del Unitree B2, que a menudo se vende como un componente de reemplazo de almohadilla de pie, es esencial para el robot cuadr\u00fapedo de grado industrial de alto rendimiento.","breadcrumb":{"@id":"https:\/\/www.ghostysky.com\/product\/unitree-b2-foot\/#breadcrumb"},"inLanguage":"es","potentialAction":[{"@type":"ReadAction","target":["https:\/\/www.ghostysky.com\/product\/unitree-b2-foot\/"]}]},{"@type":"ImageObject","inLanguage":"es","@id":"https:\/\/www.ghostysky.com\/product\/unitree-b2-foot\/#primaryimage","url":"https:\/\/www.ghostysky.com\/wp-content\/uploads\/2025\/10\/GH_B2-Foot_1.webp","contentUrl":"https:\/\/www.ghostysky.com\/wp-content\/uploads\/2025\/10\/GH_B2-Foot_1.webp","width":500,"height":500},{"@type":"BreadcrumbList","@id":"https:\/\/www.ghostysky.com\/product\/unitree-b2-foot\/#breadcrumb","itemListElement":[{"@type":"ListItem","position":1,"name":"Home","item":"https:\/\/www.ghostysky.com\/"},{"@type":"ListItem","position":2,"name":"Shop","item":"https:\/\/www.ghostysky.com\/shop\/"},{"@type":"ListItem","position":3,"name":"Unitree B2 Foot"}]},{"@type":"WebSite","@id":"https:\/\/www.ghostysky.com\/#website","url":"https:\/\/www.ghostysky.com\/","name":"Ghostysky","description":"Entrega de drones y servicios profesionales","publisher":{"@id":"https:\/\/www.ghostysky.com\/#organization"},"potentialAction":[{"@type":"SearchAction","target":{"@type":"EntryPoint","urlTemplate":"https:\/\/www.ghostysky.com\/?s={search_term_string}"},"query-input":{"@type":"PropertyValueSpecification","valueRequired":true,"valueName":"search_term_string"}}],"inLanguage":"es"},{"@type":"Organization","@id":"https:\/\/www.ghostysky.com\/#organization","name":"Ghostysky","url":"https:\/\/www.ghostysky.com\/","logo":{"@type":"ImageObject","inLanguage":"es","@id":"https:\/\/www.ghostysky.com\/#\/schema\/logo\/image\/","url":"https:\/\/www.ghostysky.com\/wp-content\/uploads\/2020\/06\/cropped-ghostyskylogo_text_white2.png","contentUrl":"https:\/\/www.ghostysky.com\/wp-content\/uploads\/2020\/06\/cropped-ghostyskylogo_text_white2.png","width":169,"height":56,"caption":"Ghostysky"},"image":{"@id":"https:\/\/www.ghostysky.com\/#\/schema\/logo\/image\/"},"sameAs":["https:\/\/www.facebook.com\/people\/Ghostysky\/100057676170234\/","https:\/\/x.com\/Gh0stysky","https:\/\/www.linkedin.com\/company\/34739653","https:\/\/www.instagram.com\/gh0stysky"]}]}},"_links":{"self":[{"href":"https:\/\/www.ghostysky.com\/es\/wp-json\/wp\/v2\/product\/21409","targetHints":{"allow":["GET"]}}],"collection":[{"href":"https:\/\/www.ghostysky.com\/es\/wp-json\/wp\/v2\/product"}],"about":[{"href":"https:\/\/www.ghostysky.com\/es\/wp-json\/wp\/v2\/types\/product"}],"replies":[{"embeddable":true,"href":"https:\/\/www.ghostysky.com\/es\/wp-json\/wp\/v2\/comments?post=21409"}],"wp:featuredmedia":[{"embeddable":true,"href":"https:\/\/www.ghostysky.com\/es\/wp-json\/wp\/v2\/media\/21410"}],"wp:attachment":[{"href":"https:\/\/www.ghostysky.com\/es\/wp-json\/wp\/v2\/media?parent=21409"}],"wp:term":[{"taxonomy":"product_brand","embeddable":true,"href":"https:\/\/www.ghostysky.com\/es\/wp-json\/wp\/v2\/product_brand?post=21409"},{"taxonomy":"product_cat","embeddable":true,"href":"https:\/\/www.ghostysky.com\/es\/wp-json\/wp\/v2\/product_cat?post=21409"},{"taxonomy":"product_tag","embeddable":true,"href":"https:\/\/www.ghostysky.com\/es\/wp-json\/wp\/v2\/product_tag?post=21409"}],"curies":[{"name":"wp","href":"https:\/\/api.w.org\/{rel}","templated":true}]}}