{"id":21411,"date":"2025-10-16T15:02:31","date_gmt":"2025-10-16T15:02:31","guid":{"rendered":"https:\/\/www.ghostysky.com\/?post_type=product&#038;p=21411"},"modified":"2025-10-16T15:05:28","modified_gmt":"2025-10-16T15:05:28","slug":"unitree-b2-single-leg-assembly","status":"publish","type":"product","link":"https:\/\/www.ghostysky.com\/es\/product\/unitree-b2-single-leg-assembly\/","title":{"rendered":"Conjunto de una sola pata Unitree B2"},"content":{"rendered":"<div id=\"model-response-message-contentr_3223fad61fffa200\" class=\"markdown markdown-main-panel stronger enable-updated-hr-color\" dir=\"ltr\">\n<p><b>Caracter\u00edsticas clave:<\/b><\/p>\n<ul>\n<li><b>Rendimiento articular extremo:<\/b><span class=\"citation-556\"> En el centro de su dise\u00f1o se encuentran potentes m\u00f3dulos articulados de desarrollo propio, capaces de ofrecer una <\/span><b><span class=\"citation-556 citation-end-556\">par m\u00e1ximo de hasta <\/span><span class=\"math-inline\" data-math=\"360 \\text{ N}\\cdot\\text{m}\"><span class=\"katex\"><span class=\"katex-html\" aria-hidden=\"true\"><span class=\"base\"><span class=\"mord\">360<\/span><span class=\"mord text\"><span class=\"mord\">\u00a0norte<\/span><\/span><span class=\"mbin\">\u22c5<\/span><\/span><span class=\"base\"><span class=\"mord text\"><span class=\"mord\">metro<\/span><\/span><\/span><\/span><\/span><\/span><\/b><span class=\"citation-555 citation-end-555\">.<\/span> <span class=\"citation-554 citation-end-554\">Esta potencia superior permite la excelente flexibilidad, estabilidad y funcionamiento a alta velocidad del robot.<\/span><\/li>\n<li><b><span class=\"citation-553\">Dise\u00f1o modular y robusto:<\/span><\/b><span class=\"citation-553 citation-end-553\"> El conjunto contiene las articulaciones de la cadera, el muslo y la pantorrilla, junto con las piezas estructurales relacionadas.<\/span> Construido con materiales livianos y de alta resistencia como aleaci\u00f3n de aluminio aeroespacial, garantiza confiabilidad a largo plazo incluso en condiciones exigentes y de alta carga.<\/li>\n<li><b>Altos grados de libertad (DoF):<\/b> Cada unidad de pata contribuye a los 12 DoF generales del robot (3 DoF por pata), lo que permite una locomoci\u00f3n precisa, din\u00e1mica y adaptable en diversos terrenos, lo que incluye subir escaleras y superar obst\u00e1culos de hasta 40 cm de altura.<\/li>\n<li><b>Esencial para rob\u00f3tica avanzada:<\/b> Como pieza de repuesto o reemplazo, este conjunto de una sola pata es vital para mantener la funcionalidad del B2 en aplicaciones de inspecci\u00f3n industrial, rescate de emergencia, log\u00edstica e investigaci\u00f3n rob\u00f3tica avanzada.<\/li>\n<\/ul>\n<p>El conjunto de una sola pata B2 es ideal para integradores, investigadores y desarrolladores que buscan mantener el m\u00e1ximo rendimiento y la adaptabilidad al terreno incomparable de la plataforma Unitree B2.<\/p>\n<\/div>","protected":false},"excerpt":{"rendered":"<p><span class=\"citation-557 citation-end-557\">El conjunto de una sola pata Unitree B2 es un componente cr\u00edtico de alto rendimiento del robot cuadr\u00fapedo Unitree B2 de grado industrial.<\/span> Dise\u00f1ado para una agilidad y durabilidad excepcionales, este conjunto de patas modulares proporciona la base para las capacidades de movimiento l\u00edderes en la industria del B2.<\/p>","protected":false},"featured_media":21412,"comment_status":"open","ping_status":"closed","template":"","meta":[],"product_brand":[1087],"product_cat":[1039,1037,1086],"product_tag":[1088,1101,1099,1089],"class_list":{"0":"post-21411","1":"product","2":"type-product","3":"status-publish","4":"has-post-thumbnail","6":"product_brand-unitree","7":"product_cat-quadruped","8":"product_cat-robotics","9":"product_cat-unitree-quad-accessories","10":"product_tag-unitree","11":"product_tag-unitree-a2-b2-accessories","12":"product_tag-unitree-a2b2-series","13":"product_tag-unitree-quadruped","15":"first","16":"onbackorder","17":"taxable","18":"shipping-taxable","19":"purchasable","20":"product-type-simple"},"yoast_head":"<!-- This site is optimized with the Yoast SEO plugin v27.1.1 - https:\/\/yoast.com\/product\/yoast-seo-wordpress\/ -->\n<title>Unitree B2 Single Leg Assembly - Ghostysky<\/title>\n<meta name=\"description\" content=\"The Unitree B2 Single Leg Assembly is a high-performance, critical component of the industrial-grade Unitree B2 quadruped robot. Engineered for exceptional agility and durability, this modular leg assembly provides the foundation for the B2&#039;s industry-leading motion capabilities.\" \/>\n<meta name=\"robots\" content=\"index, follow, max-snippet:-1, max-image-preview:large, max-video-preview:-1\" \/>\n<link rel=\"canonical\" href=\"https:\/\/www.ghostysky.com\/es\/producto-2\/unitree-b2-single-leg-assembly\/\" \/>\n<meta property=\"og:locale\" content=\"es_ES\" \/>\n<meta property=\"og:type\" content=\"article\" \/>\n<meta property=\"og:title\" content=\"Unitree B2 Single Leg Assembly - Ghostysky\" \/>\n<meta property=\"og:description\" content=\"The Unitree B2 Single Leg Assembly is a high-performance, critical component of the industrial-grade Unitree B2 quadruped robot. Engineered for exceptional agility and durability, this modular leg assembly provides the foundation for the B2&#039;s industry-leading motion capabilities.\" \/>\n<meta property=\"og:url\" content=\"https:\/\/www.ghostysky.com\/es\/producto-2\/unitree-b2-single-leg-assembly\/\" \/>\n<meta property=\"og:site_name\" content=\"Ghostysky\" \/>\n<meta property=\"article:publisher\" content=\"https:\/\/www.facebook.com\/people\/Ghostysky\/100057676170234\/\" \/>\n<meta property=\"article:modified_time\" content=\"2025-10-16T15:05:28+00:00\" \/>\n<meta property=\"og:image\" content=\"https:\/\/www.ghostysky.com\/wp-content\/uploads\/2025\/10\/GH_B2-Single-Leg-Assembly_1.webp\" \/>\n\t<meta property=\"og:image:width\" content=\"1000\" \/>\n\t<meta property=\"og:image:height\" content=\"1000\" \/>\n\t<meta property=\"og:image:type\" content=\"image\/webp\" \/>\n<meta name=\"twitter:card\" content=\"summary_large_image\" \/>\n<meta name=\"twitter:site\" content=\"@Gh0stysky\" \/>\n<meta name=\"twitter:label1\" content=\"Tiempo de lectura\" \/>\n\t<meta name=\"twitter:data1\" content=\"1 minuto\" \/>\n<script type=\"application\/ld+json\" class=\"yoast-schema-graph\">{\"@context\":\"https:\/\/schema.org\",\"@graph\":[{\"@type\":\"WebPage\",\"@id\":\"https:\/\/www.ghostysky.com\/product\/unitree-b2-single-leg-assembly\/\",\"url\":\"https:\/\/www.ghostysky.com\/product\/unitree-b2-single-leg-assembly\/\",\"name\":\"Unitree B2 Single Leg Assembly - Ghostysky\",\"isPartOf\":{\"@id\":\"https:\/\/www.ghostysky.com\/#website\"},\"primaryImageOfPage\":{\"@id\":\"https:\/\/www.ghostysky.com\/product\/unitree-b2-single-leg-assembly\/#primaryimage\"},\"image\":{\"@id\":\"https:\/\/www.ghostysky.com\/product\/unitree-b2-single-leg-assembly\/#primaryimage\"},\"thumbnailUrl\":\"https:\/\/www.ghostysky.com\/wp-content\/uploads\/2025\/10\/GH_B2-Single-Leg-Assembly_1.webp\",\"datePublished\":\"2025-10-16T15:02:31+00:00\",\"dateModified\":\"2025-10-16T15:05:28+00:00\",\"description\":\"The Unitree B2 Single Leg Assembly is a high-performance, critical component of the industrial-grade Unitree B2 quadruped robot. Engineered for exceptional agility and durability, this modular leg assembly provides the foundation for the B2's industry-leading motion capabilities.\",\"breadcrumb\":{\"@id\":\"https:\/\/www.ghostysky.com\/product\/unitree-b2-single-leg-assembly\/#breadcrumb\"},\"inLanguage\":\"es\",\"potentialAction\":[{\"@type\":\"ReadAction\",\"target\":[\"https:\/\/www.ghostysky.com\/product\/unitree-b2-single-leg-assembly\/\"]}]},{\"@type\":\"ImageObject\",\"inLanguage\":\"es\",\"@id\":\"https:\/\/www.ghostysky.com\/product\/unitree-b2-single-leg-assembly\/#primaryimage\",\"url\":\"https:\/\/www.ghostysky.com\/wp-content\/uploads\/2025\/10\/GH_B2-Single-Leg-Assembly_1.webp\",\"contentUrl\":\"https:\/\/www.ghostysky.com\/wp-content\/uploads\/2025\/10\/GH_B2-Single-Leg-Assembly_1.webp\",\"width\":1000,\"height\":1000},{\"@type\":\"BreadcrumbList\",\"@id\":\"https:\/\/www.ghostysky.com\/product\/unitree-b2-single-leg-assembly\/#breadcrumb\",\"itemListElement\":[{\"@type\":\"ListItem\",\"position\":1,\"name\":\"Home\",\"item\":\"https:\/\/www.ghostysky.com\/\"},{\"@type\":\"ListItem\",\"position\":2,\"name\":\"Shop\",\"item\":\"https:\/\/www.ghostysky.com\/shop\/\"},{\"@type\":\"ListItem\",\"position\":3,\"name\":\"Unitree B2 Single Leg Assembly\"}]},{\"@type\":\"WebSite\",\"@id\":\"https:\/\/www.ghostysky.com\/#website\",\"url\":\"https:\/\/www.ghostysky.com\/\",\"name\":\"Ghostysky\",\"description\":\"Delivering professional drones and services\",\"publisher\":{\"@id\":\"https:\/\/www.ghostysky.com\/#organization\"},\"potentialAction\":[{\"@type\":\"SearchAction\",\"target\":{\"@type\":\"EntryPoint\",\"urlTemplate\":\"https:\/\/www.ghostysky.com\/?s={search_term_string}\"},\"query-input\":{\"@type\":\"PropertyValueSpecification\",\"valueRequired\":true,\"valueName\":\"search_term_string\"}}],\"inLanguage\":\"es\"},{\"@type\":\"Organization\",\"@id\":\"https:\/\/www.ghostysky.com\/#organization\",\"name\":\"Ghostysky\",\"url\":\"https:\/\/www.ghostysky.com\/\",\"logo\":{\"@type\":\"ImageObject\",\"inLanguage\":\"es\",\"@id\":\"https:\/\/www.ghostysky.com\/#\/schema\/logo\/image\/\",\"url\":\"https:\/\/www.ghostysky.com\/wp-content\/uploads\/2020\/06\/cropped-ghostyskylogo_text_white2.png\",\"contentUrl\":\"https:\/\/www.ghostysky.com\/wp-content\/uploads\/2020\/06\/cropped-ghostyskylogo_text_white2.png\",\"width\":169,\"height\":56,\"caption\":\"Ghostysky\"},\"image\":{\"@id\":\"https:\/\/www.ghostysky.com\/#\/schema\/logo\/image\/\"},\"sameAs\":[\"https:\/\/www.facebook.com\/people\/Ghostysky\/100057676170234\/\",\"https:\/\/x.com\/Gh0stysky\",\"https:\/\/www.linkedin.com\/company\/34739653\",\"https:\/\/www.instagram.com\/gh0stysky\"]}]}<\/script>\n<!-- \/ Yoast SEO plugin. -->","yoast_head_json":{"title":"Conjunto de una sola pata Unitree B2 - Ghostysky","description":"El conjunto de una sola pata Unitree B2 es un componente crucial de alto rendimiento del robot cuadr\u00fapedo Unitree B2 de grado industrial. Dise\u00f1ado para una agilidad y durabilidad excepcionales, este conjunto modular de patas sienta las bases de las capacidades de movimiento l\u00edderes en la industria del B2.","robots":{"index":"index","follow":"follow","max-snippet":"max-snippet:-1","max-image-preview":"max-image-preview:large","max-video-preview":"max-video-preview:-1"},"canonical":"https:\/\/www.ghostysky.com\/es\/producto-2\/unitree-b2-single-leg-assembly\/","og_locale":"es_ES","og_type":"article","og_title":"Unitree B2 Single Leg Assembly - Ghostysky","og_description":"The Unitree B2 Single Leg Assembly is a high-performance, critical component of the industrial-grade Unitree B2 quadruped robot. Engineered for exceptional agility and durability, this modular leg assembly provides the foundation for the B2's industry-leading motion capabilities.","og_url":"https:\/\/www.ghostysky.com\/es\/producto-2\/unitree-b2-single-leg-assembly\/","og_site_name":"Ghostysky","article_publisher":"https:\/\/www.facebook.com\/people\/Ghostysky\/100057676170234\/","article_modified_time":"2025-10-16T15:05:28+00:00","og_image":[{"width":1000,"height":1000,"url":"https:\/\/www.ghostysky.com\/wp-content\/uploads\/2025\/10\/GH_B2-Single-Leg-Assembly_1.webp","type":"image\/webp"}],"twitter_card":"summary_large_image","twitter_site":"@Gh0stysky","twitter_misc":{"Tiempo de lectura":"1 minuto"},"schema":{"@context":"https:\/\/schema.org","@graph":[{"@type":"WebPage","@id":"https:\/\/www.ghostysky.com\/product\/unitree-b2-single-leg-assembly\/","url":"https:\/\/www.ghostysky.com\/product\/unitree-b2-single-leg-assembly\/","name":"Conjunto de una sola pata Unitree B2 - Ghostysky","isPartOf":{"@id":"https:\/\/www.ghostysky.com\/#website"},"primaryImageOfPage":{"@id":"https:\/\/www.ghostysky.com\/product\/unitree-b2-single-leg-assembly\/#primaryimage"},"image":{"@id":"https:\/\/www.ghostysky.com\/product\/unitree-b2-single-leg-assembly\/#primaryimage"},"thumbnailUrl":"https:\/\/www.ghostysky.com\/wp-content\/uploads\/2025\/10\/GH_B2-Single-Leg-Assembly_1.webp","datePublished":"2025-10-16T15:02:31+00:00","dateModified":"2025-10-16T15:05:28+00:00","description":"El conjunto de una sola pata Unitree B2 es un componente crucial de alto rendimiento del robot cuadr\u00fapedo Unitree B2 de grado industrial. Dise\u00f1ado para una agilidad y durabilidad excepcionales, este conjunto modular de patas sienta las bases de las capacidades de movimiento l\u00edderes en la industria del B2.","breadcrumb":{"@id":"https:\/\/www.ghostysky.com\/product\/unitree-b2-single-leg-assembly\/#breadcrumb"},"inLanguage":"es","potentialAction":[{"@type":"ReadAction","target":["https:\/\/www.ghostysky.com\/product\/unitree-b2-single-leg-assembly\/"]}]},{"@type":"ImageObject","inLanguage":"es","@id":"https:\/\/www.ghostysky.com\/product\/unitree-b2-single-leg-assembly\/#primaryimage","url":"https:\/\/www.ghostysky.com\/wp-content\/uploads\/2025\/10\/GH_B2-Single-Leg-Assembly_1.webp","contentUrl":"https:\/\/www.ghostysky.com\/wp-content\/uploads\/2025\/10\/GH_B2-Single-Leg-Assembly_1.webp","width":1000,"height":1000},{"@type":"BreadcrumbList","@id":"https:\/\/www.ghostysky.com\/product\/unitree-b2-single-leg-assembly\/#breadcrumb","itemListElement":[{"@type":"ListItem","position":1,"name":"Home","item":"https:\/\/www.ghostysky.com\/"},{"@type":"ListItem","position":2,"name":"Shop","item":"https:\/\/www.ghostysky.com\/shop\/"},{"@type":"ListItem","position":3,"name":"Unitree B2 Single Leg Assembly"}]},{"@type":"WebSite","@id":"https:\/\/www.ghostysky.com\/#website","url":"https:\/\/www.ghostysky.com\/","name":"Ghostysky","description":"Entrega de drones y servicios profesionales","publisher":{"@id":"https:\/\/www.ghostysky.com\/#organization"},"potentialAction":[{"@type":"SearchAction","target":{"@type":"EntryPoint","urlTemplate":"https:\/\/www.ghostysky.com\/?s={search_term_string}"},"query-input":{"@type":"PropertyValueSpecification","valueRequired":true,"valueName":"search_term_string"}}],"inLanguage":"es"},{"@type":"Organization","@id":"https:\/\/www.ghostysky.com\/#organization","name":"Ghostysky","url":"https:\/\/www.ghostysky.com\/","logo":{"@type":"ImageObject","inLanguage":"es","@id":"https:\/\/www.ghostysky.com\/#\/schema\/logo\/image\/","url":"https:\/\/www.ghostysky.com\/wp-content\/uploads\/2020\/06\/cropped-ghostyskylogo_text_white2.png","contentUrl":"https:\/\/www.ghostysky.com\/wp-content\/uploads\/2020\/06\/cropped-ghostyskylogo_text_white2.png","width":169,"height":56,"caption":"Ghostysky"},"image":{"@id":"https:\/\/www.ghostysky.com\/#\/schema\/logo\/image\/"},"sameAs":["https:\/\/www.facebook.com\/people\/Ghostysky\/100057676170234\/","https:\/\/x.com\/Gh0stysky","https:\/\/www.linkedin.com\/company\/34739653","https:\/\/www.instagram.com\/gh0stysky"]}]}},"_links":{"self":[{"href":"https:\/\/www.ghostysky.com\/es\/wp-json\/wp\/v2\/product\/21411","targetHints":{"allow":["GET"]}}],"collection":[{"href":"https:\/\/www.ghostysky.com\/es\/wp-json\/wp\/v2\/product"}],"about":[{"href":"https:\/\/www.ghostysky.com\/es\/wp-json\/wp\/v2\/types\/product"}],"replies":[{"embeddable":true,"href":"https:\/\/www.ghostysky.com\/es\/wp-json\/wp\/v2\/comments?post=21411"}],"wp:featuredmedia":[{"embeddable":true,"href":"https:\/\/www.ghostysky.com\/es\/wp-json\/wp\/v2\/media\/21412"}],"wp:attachment":[{"href":"https:\/\/www.ghostysky.com\/es\/wp-json\/wp\/v2\/media?parent=21411"}],"wp:term":[{"taxonomy":"product_brand","embeddable":true,"href":"https:\/\/www.ghostysky.com\/es\/wp-json\/wp\/v2\/product_brand?post=21411"},{"taxonomy":"product_cat","embeddable":true,"href":"https:\/\/www.ghostysky.com\/es\/wp-json\/wp\/v2\/product_cat?post=21411"},{"taxonomy":"product_tag","embeddable":true,"href":"https:\/\/www.ghostysky.com\/es\/wp-json\/wp\/v2\/product_tag?post=21411"}],"curies":[{"name":"wp","href":"https:\/\/api.w.org\/{rel}","templated":true}]}}