{"id":21423,"date":"2025-10-16T15:53:36","date_gmt":"2025-10-16T15:53:36","guid":{"rendered":"https:\/\/www.ghostysky.com\/?post_type=product&#038;p=21423"},"modified":"2026-01-10T08:13:44","modified_gmt":"2026-01-10T08:13:44","slug":"unitree-h1","status":"publish","type":"product","link":"https:\/\/www.ghostysky.com\/es\/product\/unitree-h1\/","title":{"rendered":"Unitree H1"},"content":{"rendered":"<h3>Caracter\u00edsticas principales y rendimiento<\/h3>\n<ul>\n<li><b>Movilidad de clase mundial:<\/b><span class=\"citation-590 citation-end-590\"> El H1 cuenta con una marcha estable y capacidades de movimiento excepcionalmente flexibles, lo que le permite caminar y correr de forma aut\u00f3noma en terrenos complejos.<sup class=\"superscript\" data-turn-source-index=\"2\">2<\/sup><\/span> <span class=\"citation-589\">Tiene una confirmada <\/span><b><span class=\"citation-589\">Velocidad de movimiento r\u00e9cord mundial de 3,3 m\/s (7,38 mph)<\/span><\/b><span class=\"citation-589 citation-end-589\">, con una movilidad potencial superior a 5 m\/s.<sup class=\"superscript\" data-turn-source-index=\"3\">3<\/sup><\/span> <span class=\"citation-588 citation-end-588\">Tambi\u00e9n es el primer humanoide el\u00e9ctrico que realiza una voltereta hacia atr\u00e1s estando de pie.<\/span><\/li>\n<li><b>Alta potencia y destreza:<\/b><span class=\"citation-587\"> De pie aproximadamente <\/span><b><span class=\"citation-587\">180 cm de altura<\/span><\/b><span class=\"citation-587\"> y pesa alrededor de <\/span><b><span class=\"citation-587\">47 kilos<\/span><\/b><span class=\"citation-587 citation-end-587\">El H1 est\u00e1 dise\u00f1ado para un alto rendimiento.<sup class=\"superscript\" data-turn-source-index=\"5\">5<\/sup><\/span> <span class=\"citation-586\">Utiliza el desarrollo propio de Unitree. <\/span><b><span class=\"citation-586\">Motores de uni\u00f3n M107<\/span><\/b><span class=\"citation-586\">, proporcionando un par de uni\u00f3n m\u00e1ximo de hasta <\/span><b><span class=\"citation-586\">360 N\u00b7m<\/span><\/b><span class=\"citation-586 citation-end-586\"> en la rodilla y una densidad de par m\u00e1ximo de <sup class=\"superscript\" data-turn-source-index=\"6\">6<\/sup><\/span><span class=\"math-inline\" data-math=\"189 N \\cdot m\/kg\">$189 N \\cdot m\/kg$<\/span><span class=\"citation-585 citation-end-585\">.<\/span><\/li>\n<li><b><span class=\"citation-584\">Percepci\u00f3n avanzada:<\/span><\/b><span class=\"citation-584\"> Equipado con un sofisticado <\/span><b><span class=\"citation-584\">LiDAR 3D<\/span><\/b><span class=\"citation-584\"> y un <\/span><b><span class=\"citation-584\">c\u00e1mara de profundidad<\/span><\/b><span class=\"citation-584 citation-end-584\">, el robot logra <sup class=\"superscript\" data-turn-source-index=\"8\">8<\/sup><\/span><span class=\"math-inline\" data-math=\"360^{\\circ}\">$360^{\\circ}$<\/span><span class=\"citation-583 citation-end-583\"> Percepci\u00f3n de profundidad, que permite la adquisici\u00f3n en tiempo real de datos espaciales de alta precisi\u00f3n y escaneo panor\u00e1mico para la navegaci\u00f3n inteligente y la interacci\u00f3n ambiental.<\/span><\/li>\n<li><b><span class=\"citation-582\">Dise\u00f1o robusto y modular:<\/span><\/b><span class=\"citation-582 citation-end-582\"> Construido con aleaciones de aluminio de grado aeron\u00e1utico y fibra de carbono para una estructura liviana pero resistente.<sup class=\"superscript\" data-turn-source-index=\"10\">10<\/sup><\/span> <span class=\"citation-581 citation-end-581\">Cuenta con una <sup class=\"superscript\" data-turn-source-index=\"11\">11<\/sup><\/span><span class=\"math-inline\" data-math=\"864 Wh\">$864 Blanco$<\/span><span class=\"citation-580 citation-end-580\"> Bater\u00eda r\u00e1pidamente reemplazable para una mayor resistencia operativa.<\/span><\/li>\n<li><b>Listo para el desarrollo:<\/b><span class=\"citation-579 citation-end-579\"> El H1 es una plataforma definitiva para I+D, investigaci\u00f3n acad\u00e9mica y educaci\u00f3n serias.<sup class=\"superscript\" data-turn-source-index=\"13\">13<\/sup><\/span> <span class=\"citation-578 citation-end-578\">Admite un amplio ecosistema de desarrollo que incluye simulaci\u00f3n (MuJoCo, Isaac Lab), teleoperaci\u00f3n y programaci\u00f3n SDK en C++, Python y ROS2.<sup class=\"superscript\" data-turn-source-index=\"14\">14<\/sup><\/span> <span class=\"citation-577\">El control y la percepci\u00f3n est\u00e1n impulsados por el alto rendimiento. <\/span><b><span class=\"citation-577\">Procesadores Intel Core i5\/i7<\/span><\/b><span class=\"citation-577 citation-end-577\"> (con configuraciones opcionales disponibles).<\/span><\/li>\n<li><b>Aplicaciones vers\u00e1tiles:<\/b><span class=\"citation-576 citation-end-576\"> Dise\u00f1ado para una amplia gama de aplicaciones, incluida la automatizaci\u00f3n industrial, la log\u00edstica, la asistencia domiciliaria, la inspecci\u00f3n, la seguridad y la investigaci\u00f3n general sobre IA incorporada.<\/span><\/li>\n<\/ul>\n<p><span class=\"citation-575 citation-end-575\">El Unitree H1 es una verdadera representaci\u00f3n de la pr\u00f3xima revoluci\u00f3n industrial, fusionando rendimiento de vanguardia, tecnolog\u00eda avanzada e IA universal para redefinir lo que un robot humanoide de uso general puede lograr.<\/span><\/p>","protected":false},"excerpt":{"rendered":"<p><span class=\"citation-591\">Presentando el <\/span><b><span class=\"citation-591\">Unitree H1 (Robot humanoide universal)<\/span><\/b><span class=\"citation-591 citation-end-591\">\u2014un innovador robot b\u00edpedo de tama\u00f1o completo que establece un nuevo est\u00e1ndar de rendimiento, agilidad y potencia en la rob\u00f3tica humanoide de uso general.<\/span><\/p>","protected":false},"featured_media":23612,"comment_status":"open","ping_status":"closed","template":"","meta":[],"product_brand":[1087],"product_cat":[1038,1037,1103],"product_tag":[1088,1104,1105],"class_list":{"0":"post-21423","1":"product","2":"type-product","3":"status-publish","4":"has-post-thumbnail","6":"product_brand-unitree","7":"product_cat-humanoid","8":"product_cat-robotics","9":"product_cat-unitree-hum-robots","10":"product_tag-unitree","11":"product_tag-unitree-h1-series","12":"product_tag-unitree-humanoid","14":"first","15":"onbackorder","16":"taxable","17":"shipping-taxable","18":"product-type-simple"},"yoast_head":"<!-- This site is optimized with the Yoast SEO plugin v27.1.1 - https:\/\/yoast.com\/product\/yoast-seo-wordpress\/ -->\n<title>Unitree H1 - Ghostysky<\/title>\n<meta name=\"description\" content=\"Introducing the Unitree H1 (Universal Humanoid Robot)\u2014a groundbreaking, full-size bipedal robot that sets a new standard for performance, agility, and power in general-purpose humanoid robotics.\" \/>\n<meta name=\"robots\" content=\"index, follow, max-snippet:-1, max-image-preview:large, max-video-preview:-1\" \/>\n<link rel=\"canonical\" href=\"https:\/\/www.ghostysky.com\/es\/producto-2\/unitree-h1\/\" \/>\n<meta property=\"og:locale\" content=\"es_ES\" \/>\n<meta property=\"og:type\" content=\"article\" \/>\n<meta property=\"og:title\" content=\"Unitree H1 - Ghostysky\" \/>\n<meta property=\"og:description\" content=\"Introducing the Unitree H1 (Universal Humanoid Robot)\u2014a groundbreaking, full-size bipedal robot that sets a new standard for performance, agility, and power in general-purpose humanoid robotics.\" \/>\n<meta property=\"og:url\" content=\"https:\/\/www.ghostysky.com\/es\/producto-2\/unitree-h1\/\" \/>\n<meta property=\"og:site_name\" content=\"Ghostysky\" \/>\n<meta property=\"article:publisher\" content=\"https:\/\/www.facebook.com\/people\/Ghostysky\/100057676170234\/\" \/>\n<meta property=\"article:modified_time\" content=\"2026-01-10T08:13:44+00:00\" \/>\n<meta property=\"og:image\" content=\"https:\/\/www.ghostysky.com\/wp-content\/uploads\/2025\/10\/GH_Unitree_H1_1.jpg\" \/>\n\t<meta property=\"og:image:width\" content=\"2048\" \/>\n\t<meta property=\"og:image:height\" content=\"1536\" \/>\n\t<meta property=\"og:image:type\" content=\"image\/jpeg\" \/>\n<meta name=\"twitter:card\" content=\"summary_large_image\" \/>\n<meta name=\"twitter:site\" content=\"@Gh0stysky\" \/>\n<meta name=\"twitter:label1\" content=\"Tiempo de lectura\" \/>\n\t<meta name=\"twitter:data1\" content=\"2 minutos\" \/>\n<script type=\"application\/ld+json\" class=\"yoast-schema-graph\">{\"@context\":\"https:\/\/schema.org\",\"@graph\":[{\"@type\":\"WebPage\",\"@id\":\"https:\/\/www.ghostysky.com\/product\/unitree-h1\/\",\"url\":\"https:\/\/www.ghostysky.com\/product\/unitree-h1\/\",\"name\":\"Unitree H1 - Ghostysky\",\"isPartOf\":{\"@id\":\"https:\/\/www.ghostysky.com\/#website\"},\"primaryImageOfPage\":{\"@id\":\"https:\/\/www.ghostysky.com\/product\/unitree-h1\/#primaryimage\"},\"image\":{\"@id\":\"https:\/\/www.ghostysky.com\/product\/unitree-h1\/#primaryimage\"},\"thumbnailUrl\":\"https:\/\/www.ghostysky.com\/wp-content\/uploads\/2025\/10\/GH_Unitree_H1_1.jpg\",\"datePublished\":\"2025-10-16T15:53:36+00:00\",\"dateModified\":\"2026-01-10T08:13:44+00:00\",\"description\":\"Introducing the Unitree H1 (Universal Humanoid Robot)\u2014a groundbreaking, full-size bipedal robot that sets a new standard for performance, agility, and power in general-purpose humanoid robotics.\",\"breadcrumb\":{\"@id\":\"https:\/\/www.ghostysky.com\/product\/unitree-h1\/#breadcrumb\"},\"inLanguage\":\"es\",\"potentialAction\":[{\"@type\":\"ReadAction\",\"target\":[\"https:\/\/www.ghostysky.com\/product\/unitree-h1\/\"]}]},{\"@type\":\"ImageObject\",\"inLanguage\":\"es\",\"@id\":\"https:\/\/www.ghostysky.com\/product\/unitree-h1\/#primaryimage\",\"url\":\"https:\/\/www.ghostysky.com\/wp-content\/uploads\/2025\/10\/GH_Unitree_H1_1.jpg\",\"contentUrl\":\"https:\/\/www.ghostysky.com\/wp-content\/uploads\/2025\/10\/GH_Unitree_H1_1.jpg\",\"width\":2048,\"height\":1536},{\"@type\":\"BreadcrumbList\",\"@id\":\"https:\/\/www.ghostysky.com\/product\/unitree-h1\/#breadcrumb\",\"itemListElement\":[{\"@type\":\"ListItem\",\"position\":1,\"name\":\"Home\",\"item\":\"https:\/\/www.ghostysky.com\/\"},{\"@type\":\"ListItem\",\"position\":2,\"name\":\"Shop\",\"item\":\"https:\/\/www.ghostysky.com\/shop\/\"},{\"@type\":\"ListItem\",\"position\":3,\"name\":\"Unitree H1\"}]},{\"@type\":\"WebSite\",\"@id\":\"https:\/\/www.ghostysky.com\/#website\",\"url\":\"https:\/\/www.ghostysky.com\/\",\"name\":\"Ghostysky\",\"description\":\"Delivering professional drones and services\",\"publisher\":{\"@id\":\"https:\/\/www.ghostysky.com\/#organization\"},\"potentialAction\":[{\"@type\":\"SearchAction\",\"target\":{\"@type\":\"EntryPoint\",\"urlTemplate\":\"https:\/\/www.ghostysky.com\/?s={search_term_string}\"},\"query-input\":{\"@type\":\"PropertyValueSpecification\",\"valueRequired\":true,\"valueName\":\"search_term_string\"}}],\"inLanguage\":\"es\"},{\"@type\":\"Organization\",\"@id\":\"https:\/\/www.ghostysky.com\/#organization\",\"name\":\"Ghostysky\",\"url\":\"https:\/\/www.ghostysky.com\/\",\"logo\":{\"@type\":\"ImageObject\",\"inLanguage\":\"es\",\"@id\":\"https:\/\/www.ghostysky.com\/#\/schema\/logo\/image\/\",\"url\":\"https:\/\/www.ghostysky.com\/wp-content\/uploads\/2020\/06\/cropped-ghostyskylogo_text_white2.png\",\"contentUrl\":\"https:\/\/www.ghostysky.com\/wp-content\/uploads\/2020\/06\/cropped-ghostyskylogo_text_white2.png\",\"width\":169,\"height\":56,\"caption\":\"Ghostysky\"},\"image\":{\"@id\":\"https:\/\/www.ghostysky.com\/#\/schema\/logo\/image\/\"},\"sameAs\":[\"https:\/\/www.facebook.com\/people\/Ghostysky\/100057676170234\/\",\"https:\/\/x.com\/Gh0stysky\",\"https:\/\/www.linkedin.com\/company\/34739653\",\"https:\/\/www.instagram.com\/gh0stysky\"]}]}<\/script>\n<!-- \/ Yoast SEO plugin. -->","yoast_head_json":{"title":"Unitree H1 - Fantasma","description":"Presentamos el Unitree H1 (Robot humanoide universal), un innovador robot b\u00edpedo de tama\u00f1o completo que establece un nuevo est\u00e1ndar de rendimiento, agilidad y potencia en la rob\u00f3tica humanoide de uso general.","robots":{"index":"index","follow":"follow","max-snippet":"max-snippet:-1","max-image-preview":"max-image-preview:large","max-video-preview":"max-video-preview:-1"},"canonical":"https:\/\/www.ghostysky.com\/es\/producto-2\/unitree-h1\/","og_locale":"es_ES","og_type":"article","og_title":"Unitree H1 - Ghostysky","og_description":"Introducing the Unitree H1 (Universal Humanoid Robot)\u2014a groundbreaking, full-size bipedal robot that sets a new standard for performance, agility, and power in general-purpose humanoid robotics.","og_url":"https:\/\/www.ghostysky.com\/es\/producto-2\/unitree-h1\/","og_site_name":"Ghostysky","article_publisher":"https:\/\/www.facebook.com\/people\/Ghostysky\/100057676170234\/","article_modified_time":"2026-01-10T08:13:44+00:00","og_image":[{"width":2048,"height":1536,"url":"https:\/\/www.ghostysky.com\/wp-content\/uploads\/2025\/10\/GH_Unitree_H1_1.jpg","type":"image\/jpeg"}],"twitter_card":"summary_large_image","twitter_site":"@Gh0stysky","twitter_misc":{"Tiempo de lectura":"2 minutos"},"schema":{"@context":"https:\/\/schema.org","@graph":[{"@type":"WebPage","@id":"https:\/\/www.ghostysky.com\/product\/unitree-h1\/","url":"https:\/\/www.ghostysky.com\/product\/unitree-h1\/","name":"Unitree H1 - Fantasma","isPartOf":{"@id":"https:\/\/www.ghostysky.com\/#website"},"primaryImageOfPage":{"@id":"https:\/\/www.ghostysky.com\/product\/unitree-h1\/#primaryimage"},"image":{"@id":"https:\/\/www.ghostysky.com\/product\/unitree-h1\/#primaryimage"},"thumbnailUrl":"https:\/\/www.ghostysky.com\/wp-content\/uploads\/2025\/10\/GH_Unitree_H1_1.jpg","datePublished":"2025-10-16T15:53:36+00:00","dateModified":"2026-01-10T08:13:44+00:00","description":"Presentamos el Unitree H1 (Robot humanoide universal), un innovador robot b\u00edpedo de tama\u00f1o completo que establece un nuevo est\u00e1ndar de rendimiento, agilidad y potencia en la rob\u00f3tica humanoide de uso general.","breadcrumb":{"@id":"https:\/\/www.ghostysky.com\/product\/unitree-h1\/#breadcrumb"},"inLanguage":"es","potentialAction":[{"@type":"ReadAction","target":["https:\/\/www.ghostysky.com\/product\/unitree-h1\/"]}]},{"@type":"ImageObject","inLanguage":"es","@id":"https:\/\/www.ghostysky.com\/product\/unitree-h1\/#primaryimage","url":"https:\/\/www.ghostysky.com\/wp-content\/uploads\/2025\/10\/GH_Unitree_H1_1.jpg","contentUrl":"https:\/\/www.ghostysky.com\/wp-content\/uploads\/2025\/10\/GH_Unitree_H1_1.jpg","width":2048,"height":1536},{"@type":"BreadcrumbList","@id":"https:\/\/www.ghostysky.com\/product\/unitree-h1\/#breadcrumb","itemListElement":[{"@type":"ListItem","position":1,"name":"Home","item":"https:\/\/www.ghostysky.com\/"},{"@type":"ListItem","position":2,"name":"Shop","item":"https:\/\/www.ghostysky.com\/shop\/"},{"@type":"ListItem","position":3,"name":"Unitree H1"}]},{"@type":"WebSite","@id":"https:\/\/www.ghostysky.com\/#website","url":"https:\/\/www.ghostysky.com\/","name":"Ghostysky","description":"Entrega de drones y servicios profesionales","publisher":{"@id":"https:\/\/www.ghostysky.com\/#organization"},"potentialAction":[{"@type":"SearchAction","target":{"@type":"EntryPoint","urlTemplate":"https:\/\/www.ghostysky.com\/?s={search_term_string}"},"query-input":{"@type":"PropertyValueSpecification","valueRequired":true,"valueName":"search_term_string"}}],"inLanguage":"es"},{"@type":"Organization","@id":"https:\/\/www.ghostysky.com\/#organization","name":"Ghostysky","url":"https:\/\/www.ghostysky.com\/","logo":{"@type":"ImageObject","inLanguage":"es","@id":"https:\/\/www.ghostysky.com\/#\/schema\/logo\/image\/","url":"https:\/\/www.ghostysky.com\/wp-content\/uploads\/2020\/06\/cropped-ghostyskylogo_text_white2.png","contentUrl":"https:\/\/www.ghostysky.com\/wp-content\/uploads\/2020\/06\/cropped-ghostyskylogo_text_white2.png","width":169,"height":56,"caption":"Ghostysky"},"image":{"@id":"https:\/\/www.ghostysky.com\/#\/schema\/logo\/image\/"},"sameAs":["https:\/\/www.facebook.com\/people\/Ghostysky\/100057676170234\/","https:\/\/x.com\/Gh0stysky","https:\/\/www.linkedin.com\/company\/34739653","https:\/\/www.instagram.com\/gh0stysky"]}]}},"_links":{"self":[{"href":"https:\/\/www.ghostysky.com\/es\/wp-json\/wp\/v2\/product\/21423","targetHints":{"allow":["GET"]}}],"collection":[{"href":"https:\/\/www.ghostysky.com\/es\/wp-json\/wp\/v2\/product"}],"about":[{"href":"https:\/\/www.ghostysky.com\/es\/wp-json\/wp\/v2\/types\/product"}],"replies":[{"embeddable":true,"href":"https:\/\/www.ghostysky.com\/es\/wp-json\/wp\/v2\/comments?post=21423"}],"wp:featuredmedia":[{"embeddable":true,"href":"https:\/\/www.ghostysky.com\/es\/wp-json\/wp\/v2\/media\/23612"}],"wp:attachment":[{"href":"https:\/\/www.ghostysky.com\/es\/wp-json\/wp\/v2\/media?parent=21423"}],"wp:term":[{"taxonomy":"product_brand","embeddable":true,"href":"https:\/\/www.ghostysky.com\/es\/wp-json\/wp\/v2\/product_brand?post=21423"},{"taxonomy":"product_cat","embeddable":true,"href":"https:\/\/www.ghostysky.com\/es\/wp-json\/wp\/v2\/product_cat?post=21423"},{"taxonomy":"product_tag","embeddable":true,"href":"https:\/\/www.ghostysky.com\/es\/wp-json\/wp\/v2\/product_tag?post=21423"}],"curies":[{"name":"wp","href":"https:\/\/api.w.org\/{rel}","templated":true}]}}