{"id":21509,"date":"2025-10-16T16:29:38","date_gmt":"2025-10-16T16:29:38","guid":{"rendered":"https:\/\/www.ghostysky.com\/?post_type=product&#038;p=21509"},"modified":"2026-01-10T08:11:11","modified_gmt":"2026-01-10T08:11:11","slug":"h1-2-3rd-party-hands","status":"publish","type":"product","link":"https:\/\/www.ghostysky.com\/es\/product\/h1-2-3rd-party-hands\/","title":{"rendered":"H1-2 Manos de terceros"},"content":{"rendered":"<div id=\"model-response-message-contentr_e4d8d26172f473a0\" class=\"markdown markdown-main-panel stronger enable-updated-hr-color\" dir=\"ltr\">\n<h3>Aspectos destacados del producto (basados en opciones como Unitree Dex5-1 o Inspire Hands)<\/h3>\n<ul>\n<li><b>Destreza excepcional:<\/b><span class=\"citation-676 citation-end-676\"> Logre una manipulaci\u00f3n similar a la humana con manos de m\u00faltiples grados de libertad (por ejemplo, hasta 20 grados de libertad con Dex5-1 o 6 grados de libertad con Inspire Hand), lo que permite un agarre complejo, manipulaci\u00f3n de objetos y uso de herramientas.<\/span><\/li>\n<li><b>Control ultrapreciso:<\/b><span class=\"citation-675 citation-end-675\"> Benef\u00edciese de una precisi\u00f3n de posicionamiento superior, esencial para investigaciones detalladas, ensamblajes de precisi\u00f3n e interacciones complejas.<\/span> <span class=\"citation-674 citation-end-674\">Por ejemplo, el Inspire Hand cuenta con una precisi\u00f3n de posicionamiento repetido de <\/span><span class=\"math-inline\" data-math=\"\\pm0.20 \\text{ mm}\"><span class=\"katex\"><span class=\"katex-html\" aria-hidden=\"true\"><span class=\"base\"><span class=\"mord\">\u00b1<\/span><span class=\"mord\">0.20<\/span><span class=\"mord text\"><span class=\"mord\">\u00a0mil\u00edmetros<\/span><\/span><\/span><\/span><\/span><\/span><span class=\"citation-673 citation-end-673\">.<\/span><\/li>\n<li><b><span class=\"citation-672\">Detecci\u00f3n avanzada (dependiente del modelo):<\/span><\/b><span class=\"citation-672 citation-end-672\"> Algunos modelos, como la mano t\u00e1ctil Dex5-1, est\u00e1n equipados con numerosos sensores t\u00e1ctiles integrados (hasta 94 por mano) que proporcionan informaci\u00f3n perceptiva en tiempo real para un control preciso de la fuerza y la propiocepci\u00f3n, cruciales para el aprendizaje de refuerzo y las operaciones delicadas.<\/span><\/li>\n<li><b><span class=\"citation-671\">Actuaci\u00f3n robusta y responsiva:<\/span><\/b><span class=\"citation-671 citation-end-671\"> Utilice motores de alta velocidad y alta densidad de potencia y sofisticados sistemas de transmisi\u00f3n para lograr reflejos r\u00e1pidos y un movimiento suave y con marcha atr\u00e1s, eliminando la sensaci\u00f3n de &quot;mano r\u00edgida&quot; com\u00fan en manipuladores menos avanzados.<\/span><\/li>\n<li><b><span class=\"citation-670\">Fuerza vers\u00e1til y delicadeza:<\/span><\/b><span class=\"citation-670 citation-end-670\"> Proporciona la fuerza necesaria para las tareas pr\u00e1cticas manteniendo la resoluci\u00f3n para un control delicado.<\/span> Las manos diestras pueden ofrecer fuerzas de agarre de hasta <span class=\"math-inline\" data-math=\"10 \\text{ N}\"><span class=\"katex\"><span class=\"katex-html\" aria-hidden=\"true\"><span class=\"base\"><span class=\"mord\">10<\/span><span class=\"mord text\"><span class=\"mord\">\u00a0norte<\/span><\/span><\/span><\/span><\/span><\/span> (Dex5-1) en las yemas de los dedos, junto con resoluciones de fuerza de hasta <span class=\"math-inline\" data-math=\"0.50 \\text{ N}\"><span class=\"katex\"><span class=\"katex-html\" aria-hidden=\"true\"><span class=\"base\"><span class=\"mord\">0.50<\/span><span class=\"mord text\"><span class=\"mord\">\u00a0norte<\/span><\/span><\/span><\/span><\/span><\/span> (Mano inspiradora).<\/li>\n<li><b><span class=\"citation-669\">Integraci\u00f3n perfecta:<\/span><\/b><span class=\"citation-669 citation-end-669\"> Dise\u00f1ado para ser un complemento de alta fidelidad para la plataforma Unitree H1\/H1-2, que admite altas tasas de comunicaci\u00f3n (por ejemplo, <\/span><span class=\"math-inline\" data-math=\"1000 \\text{ Hz}\"><span class=\"katex\"><span class=\"katex-html\" aria-hidden=\"true\"><span class=\"base\"><span class=\"mord\">1000<\/span><span class=\"mord text\"><span class=\"mord\">\u00a0Hz<\/span><\/span><\/span><\/span><\/span><\/span><span class=\"citation-668 citation-end-668\">) y proporcionar una gran cantidad de datos en tiempo real, incluida la posici\u00f3n de la articulaci\u00f3n, el torque, la rigidez y datos de IMU.<\/span><\/li>\n<\/ul>\n<p>Ya sea que est\u00e9 realizando una investigaci\u00f3n rob\u00f3tica de vanguardia, desarrollando algoritmos avanzados de manipulaci\u00f3n de IA o buscando una soluci\u00f3n completa para tareas de inspecci\u00f3n y manipulaci\u00f3n en el mundo real, estas manos diestras de terceros desbloquean todo el potencial de su plataforma Unitree H1-2.<\/p>\n<\/div>","protected":false},"excerpt":{"rendered":"<p>Aumente las capacidades de manipulaci\u00f3n de su robot humanoide Unitree H1 o H1-2 con funciones avanzadas <b>Manos diestras de terceros<\/b>. <span class=\"citation-677 citation-end-677\">Estos efectores finales opcionales de alto rendimiento est\u00e1n dise\u00f1ados espec\u00edficamente para integrarse perfectamente con el brazo del robot, transform\u00e1ndolo en una herramienta vers\u00e1til para tareas complejas y delicadas.<\/span><\/p>","protected":false},"featured_media":21510,"comment_status":"open","ping_status":"closed","template":"","meta":[],"product_brand":[1087],"product_cat":[1038,1037,1102],"product_tag":[1088,1107,1108,1105],"class_list":{"0":"post-21509","1":"product","2":"type-product","3":"status-publish","4":"has-post-thumbnail","6":"product_brand-unitree","7":"product_cat-humanoid","8":"product_cat-robotics","9":"product_cat-unitree-hum-accessories","10":"product_tag-unitree","11":"product_tag-unitree-h1","12":"product_tag-unitree-h1-accessories","13":"product_tag-unitree-humanoid","15":"first","16":"onbackorder","17":"taxable","18":"shipping-taxable","19":"product-type-simple"},"yoast_head":"<!-- This site is optimized with the Yoast SEO plugin v27.4 - https:\/\/yoast.com\/product\/yoast-seo-wordpress\/ -->\n<title>H1-2 3rd Party Hands - Ghostysky<\/title>\n<meta name=\"description\" content=\"Elevate the manipulation capabilities of your Unitree H1 or H1-2 humanoid robot with advanced 3rd Party Dexterous Hands. These optional, high-performance end-effectors are specifically engineered to integrate seamlessly with the robot&#039;s arm, transforming it into a versatile tool for complex and delicate tasks.\" \/>\n<meta name=\"robots\" content=\"index, follow, max-snippet:-1, max-image-preview:large, max-video-preview:-1\" \/>\n<link rel=\"canonical\" href=\"https:\/\/www.ghostysky.com\/es\/producto-2\/h1-2-3rd-party-hands\/\" \/>\n<meta property=\"og:locale\" content=\"es_ES\" \/>\n<meta property=\"og:type\" content=\"article\" \/>\n<meta property=\"og:title\" content=\"H1-2 3rd Party Hands - Ghostysky\" \/>\n<meta property=\"og:description\" content=\"Elevate the manipulation capabilities of your Unitree H1 or H1-2 humanoid robot with advanced 3rd Party Dexterous Hands. These optional, high-performance end-effectors are specifically engineered to integrate seamlessly with the robot&#039;s arm, transforming it into a versatile tool for complex and delicate tasks.\" \/>\n<meta property=\"og:url\" content=\"https:\/\/www.ghostysky.com\/es\/producto-2\/h1-2-3rd-party-hands\/\" \/>\n<meta property=\"og:site_name\" content=\"Ghostysky\" \/>\n<meta property=\"article:publisher\" content=\"https:\/\/www.facebook.com\/people\/Ghostysky\/100057676170234\/\" \/>\n<meta property=\"article:modified_time\" content=\"2026-01-10T08:11:11+00:00\" \/>\n<meta property=\"og:image\" content=\"https:\/\/www.ghostysky.com\/wp-content\/uploads\/2025\/10\/GH_H1-2-3rd-Party-Hands_1.webp\" \/>\n\t<meta property=\"og:image:width\" content=\"600\" \/>\n\t<meta property=\"og:image:height\" content=\"600\" \/>\n\t<meta property=\"og:image:type\" content=\"image\/webp\" \/>\n<meta name=\"twitter:card\" content=\"summary_large_image\" \/>\n<meta name=\"twitter:site\" content=\"@Gh0stysky\" \/>\n<meta name=\"twitter:label1\" content=\"Tiempo de lectura\" \/>\n\t<meta name=\"twitter:data1\" content=\"2 minutos\" \/>\n<script type=\"application\/ld+json\" class=\"yoast-schema-graph\">{\"@context\":\"https:\\\/\\\/schema.org\",\"@graph\":[{\"@type\":\"WebPage\",\"@id\":\"https:\\\/\\\/www.ghostysky.com\\\/product\\\/h1-2-3rd-party-hands\\\/\",\"url\":\"https:\\\/\\\/www.ghostysky.com\\\/product\\\/h1-2-3rd-party-hands\\\/\",\"name\":\"H1-2 3rd Party Hands - Ghostysky\",\"isPartOf\":{\"@id\":\"https:\\\/\\\/www.ghostysky.com\\\/#website\"},\"primaryImageOfPage\":{\"@id\":\"https:\\\/\\\/www.ghostysky.com\\\/product\\\/h1-2-3rd-party-hands\\\/#primaryimage\"},\"image\":{\"@id\":\"https:\\\/\\\/www.ghostysky.com\\\/product\\\/h1-2-3rd-party-hands\\\/#primaryimage\"},\"thumbnailUrl\":\"https:\\\/\\\/www.ghostysky.com\\\/wp-content\\\/uploads\\\/2025\\\/10\\\/GH_H1-2-3rd-Party-Hands_1.webp\",\"datePublished\":\"2025-10-16T16:29:38+00:00\",\"dateModified\":\"2026-01-10T08:11:11+00:00\",\"description\":\"Elevate the manipulation capabilities of your Unitree H1 or H1-2 humanoid robot with advanced 3rd Party Dexterous Hands. These optional, high-performance end-effectors are specifically engineered to integrate seamlessly with the robot's arm, transforming it into a versatile tool for complex and delicate tasks.\",\"breadcrumb\":{\"@id\":\"https:\\\/\\\/www.ghostysky.com\\\/product\\\/h1-2-3rd-party-hands\\\/#breadcrumb\"},\"inLanguage\":\"es\",\"potentialAction\":[{\"@type\":\"ReadAction\",\"target\":[\"https:\\\/\\\/www.ghostysky.com\\\/product\\\/h1-2-3rd-party-hands\\\/\"]}]},{\"@type\":\"ImageObject\",\"inLanguage\":\"es\",\"@id\":\"https:\\\/\\\/www.ghostysky.com\\\/product\\\/h1-2-3rd-party-hands\\\/#primaryimage\",\"url\":\"https:\\\/\\\/www.ghostysky.com\\\/wp-content\\\/uploads\\\/2025\\\/10\\\/GH_H1-2-3rd-Party-Hands_1.webp\",\"contentUrl\":\"https:\\\/\\\/www.ghostysky.com\\\/wp-content\\\/uploads\\\/2025\\\/10\\\/GH_H1-2-3rd-Party-Hands_1.webp\",\"width\":600,\"height\":600},{\"@type\":\"BreadcrumbList\",\"@id\":\"https:\\\/\\\/www.ghostysky.com\\\/product\\\/h1-2-3rd-party-hands\\\/#breadcrumb\",\"itemListElement\":[{\"@type\":\"ListItem\",\"position\":1,\"name\":\"Home\",\"item\":\"https:\\\/\\\/www.ghostysky.com\\\/\"},{\"@type\":\"ListItem\",\"position\":2,\"name\":\"Shop\",\"item\":\"https:\\\/\\\/www.ghostysky.com\\\/shop\\\/\"},{\"@type\":\"ListItem\",\"position\":3,\"name\":\"H1-2 3rd Party Hands\"}]},{\"@type\":\"WebSite\",\"@id\":\"https:\\\/\\\/www.ghostysky.com\\\/#website\",\"url\":\"https:\\\/\\\/www.ghostysky.com\\\/\",\"name\":\"Ghostysky\",\"description\":\"Delivering professional drones and robotics solutions\",\"publisher\":{\"@id\":\"https:\\\/\\\/www.ghostysky.com\\\/#organization\"},\"potentialAction\":[{\"@type\":\"SearchAction\",\"target\":{\"@type\":\"EntryPoint\",\"urlTemplate\":\"https:\\\/\\\/www.ghostysky.com\\\/?s={search_term_string}\"},\"query-input\":{\"@type\":\"PropertyValueSpecification\",\"valueRequired\":true,\"valueName\":\"search_term_string\"}}],\"inLanguage\":\"es\"},{\"@type\":\"Organization\",\"@id\":\"https:\\\/\\\/www.ghostysky.com\\\/#organization\",\"name\":\"Ghostysky\",\"url\":\"https:\\\/\\\/www.ghostysky.com\\\/\",\"logo\":{\"@type\":\"ImageObject\",\"inLanguage\":\"es\",\"@id\":\"https:\\\/\\\/www.ghostysky.com\\\/#\\\/schema\\\/logo\\\/image\\\/\",\"url\":\"https:\\\/\\\/www.ghostysky.com\\\/wp-content\\\/uploads\\\/2020\\\/06\\\/cropped-ghostyskylogo_text_white2.png\",\"contentUrl\":\"https:\\\/\\\/www.ghostysky.com\\\/wp-content\\\/uploads\\\/2020\\\/06\\\/cropped-ghostyskylogo_text_white2.png\",\"width\":169,\"height\":56,\"caption\":\"Ghostysky\"},\"image\":{\"@id\":\"https:\\\/\\\/www.ghostysky.com\\\/#\\\/schema\\\/logo\\\/image\\\/\"},\"sameAs\":[\"https:\\\/\\\/www.facebook.com\\\/people\\\/Ghostysky\\\/100057676170234\\\/\",\"https:\\\/\\\/x.com\\\/Gh0stysky\",\"https:\\\/\\\/www.linkedin.com\\\/company\\\/34739653\",\"https:\\\/\\\/www.instagram.com\\\/gh0stysky\"]}]}<\/script>\n<!-- \/ Yoast SEO plugin. -->","yoast_head_json":{"title":"H1-2 Manos de terceros - Ghostysky","description":"Aumente la capacidad de manipulaci\u00f3n de su robot humanoide Unitree H1 o H1-2 con las manos diestras avanzadas de terceros. Estos efectores finales opcionales de alto rendimiento est\u00e1n dise\u00f1ados espec\u00edficamente para integrarse a la perfecci\u00f3n con el brazo del robot, transform\u00e1ndolo en una herramienta vers\u00e1til para tareas complejas y delicadas.","robots":{"index":"index","follow":"follow","max-snippet":"max-snippet:-1","max-image-preview":"max-image-preview:large","max-video-preview":"max-video-preview:-1"},"canonical":"https:\/\/www.ghostysky.com\/es\/producto-2\/h1-2-3rd-party-hands\/","og_locale":"es_ES","og_type":"article","og_title":"H1-2 3rd Party Hands - Ghostysky","og_description":"Elevate the manipulation capabilities of your Unitree H1 or H1-2 humanoid robot with advanced 3rd Party Dexterous Hands. These optional, high-performance end-effectors are specifically engineered to integrate seamlessly with the robot's arm, transforming it into a versatile tool for complex and delicate tasks.","og_url":"https:\/\/www.ghostysky.com\/es\/producto-2\/h1-2-3rd-party-hands\/","og_site_name":"Ghostysky","article_publisher":"https:\/\/www.facebook.com\/people\/Ghostysky\/100057676170234\/","article_modified_time":"2026-01-10T08:11:11+00:00","og_image":[{"width":600,"height":600,"url":"https:\/\/www.ghostysky.com\/wp-content\/uploads\/2025\/10\/GH_H1-2-3rd-Party-Hands_1.webp","type":"image\/webp"}],"twitter_card":"summary_large_image","twitter_site":"@Gh0stysky","twitter_misc":{"Tiempo de lectura":"2 minutos"},"schema":{"@context":"https:\/\/schema.org","@graph":[{"@type":"WebPage","@id":"https:\/\/www.ghostysky.com\/product\/h1-2-3rd-party-hands\/","url":"https:\/\/www.ghostysky.com\/product\/h1-2-3rd-party-hands\/","name":"H1-2 Manos de terceros - Ghostysky","isPartOf":{"@id":"https:\/\/www.ghostysky.com\/#website"},"primaryImageOfPage":{"@id":"https:\/\/www.ghostysky.com\/product\/h1-2-3rd-party-hands\/#primaryimage"},"image":{"@id":"https:\/\/www.ghostysky.com\/product\/h1-2-3rd-party-hands\/#primaryimage"},"thumbnailUrl":"https:\/\/www.ghostysky.com\/wp-content\/uploads\/2025\/10\/GH_H1-2-3rd-Party-Hands_1.webp","datePublished":"2025-10-16T16:29:38+00:00","dateModified":"2026-01-10T08:11:11+00:00","description":"Aumente la capacidad de manipulaci\u00f3n de su robot humanoide Unitree H1 o H1-2 con las manos diestras avanzadas de terceros. Estos efectores finales opcionales de alto rendimiento est\u00e1n dise\u00f1ados espec\u00edficamente para integrarse a la perfecci\u00f3n con el brazo del robot, transform\u00e1ndolo en una herramienta vers\u00e1til para tareas complejas y delicadas.","breadcrumb":{"@id":"https:\/\/www.ghostysky.com\/product\/h1-2-3rd-party-hands\/#breadcrumb"},"inLanguage":"es","potentialAction":[{"@type":"ReadAction","target":["https:\/\/www.ghostysky.com\/product\/h1-2-3rd-party-hands\/"]}]},{"@type":"ImageObject","inLanguage":"es","@id":"https:\/\/www.ghostysky.com\/product\/h1-2-3rd-party-hands\/#primaryimage","url":"https:\/\/www.ghostysky.com\/wp-content\/uploads\/2025\/10\/GH_H1-2-3rd-Party-Hands_1.webp","contentUrl":"https:\/\/www.ghostysky.com\/wp-content\/uploads\/2025\/10\/GH_H1-2-3rd-Party-Hands_1.webp","width":600,"height":600},{"@type":"BreadcrumbList","@id":"https:\/\/www.ghostysky.com\/product\/h1-2-3rd-party-hands\/#breadcrumb","itemListElement":[{"@type":"ListItem","position":1,"name":"Home","item":"https:\/\/www.ghostysky.com\/"},{"@type":"ListItem","position":2,"name":"Shop","item":"https:\/\/www.ghostysky.com\/shop\/"},{"@type":"ListItem","position":3,"name":"H1-2 3rd Party Hands"}]},{"@type":"WebSite","@id":"https:\/\/www.ghostysky.com\/#website","url":"https:\/\/www.ghostysky.com\/","name":"Ghostysky","description":"Ofrecemos soluciones profesionales de drones y rob\u00f3tica.","publisher":{"@id":"https:\/\/www.ghostysky.com\/#organization"},"potentialAction":[{"@type":"SearchAction","target":{"@type":"EntryPoint","urlTemplate":"https:\/\/www.ghostysky.com\/?s={search_term_string}"},"query-input":{"@type":"PropertyValueSpecification","valueRequired":true,"valueName":"search_term_string"}}],"inLanguage":"es"},{"@type":"Organization","@id":"https:\/\/www.ghostysky.com\/#organization","name":"Ghostysky","url":"https:\/\/www.ghostysky.com\/","logo":{"@type":"ImageObject","inLanguage":"es","@id":"https:\/\/www.ghostysky.com\/#\/schema\/logo\/image\/","url":"https:\/\/www.ghostysky.com\/wp-content\/uploads\/2020\/06\/cropped-ghostyskylogo_text_white2.png","contentUrl":"https:\/\/www.ghostysky.com\/wp-content\/uploads\/2020\/06\/cropped-ghostyskylogo_text_white2.png","width":169,"height":56,"caption":"Ghostysky"},"image":{"@id":"https:\/\/www.ghostysky.com\/#\/schema\/logo\/image\/"},"sameAs":["https:\/\/www.facebook.com\/people\/Ghostysky\/100057676170234\/","https:\/\/x.com\/Gh0stysky","https:\/\/www.linkedin.com\/company\/34739653","https:\/\/www.instagram.com\/gh0stysky"]}]}},"_links":{"self":[{"href":"https:\/\/www.ghostysky.com\/es\/wp-json\/wp\/v2\/product\/21509","targetHints":{"allow":["GET"]}}],"collection":[{"href":"https:\/\/www.ghostysky.com\/es\/wp-json\/wp\/v2\/product"}],"about":[{"href":"https:\/\/www.ghostysky.com\/es\/wp-json\/wp\/v2\/types\/product"}],"replies":[{"embeddable":true,"href":"https:\/\/www.ghostysky.com\/es\/wp-json\/wp\/v2\/comments?post=21509"}],"version-history":[{"count":0,"href":"https:\/\/www.ghostysky.com\/es\/wp-json\/wp\/v2\/product\/21509\/revisions"}],"wp:featuredmedia":[{"embeddable":true,"href":"https:\/\/www.ghostysky.com\/es\/wp-json\/wp\/v2\/media\/21510"}],"wp:attachment":[{"href":"https:\/\/www.ghostysky.com\/es\/wp-json\/wp\/v2\/media?parent=21509"}],"wp:term":[{"taxonomy":"product_brand","embeddable":true,"href":"https:\/\/www.ghostysky.com\/es\/wp-json\/wp\/v2\/product_brand?post=21509"},{"taxonomy":"product_cat","embeddable":true,"href":"https:\/\/www.ghostysky.com\/es\/wp-json\/wp\/v2\/product_cat?post=21509"},{"taxonomy":"product_tag","embeddable":true,"href":"https:\/\/www.ghostysky.com\/es\/wp-json\/wp\/v2\/product_tag?post=21509"}],"curies":[{"name":"wp","href":"https:\/\/api.w.org\/{rel}","templated":true}]}}