{"id":21511,"date":"2025-10-16T16:35:17","date_gmt":"2025-10-16T16:35:17","guid":{"rendered":"https:\/\/www.ghostysky.com\/?post_type=product&#038;p=21511"},"modified":"2025-10-16T16:39:54","modified_gmt":"2025-10-16T16:39:54","slug":"unitree-mid-360-lidar","status":"publish","type":"product","link":"https:\/\/www.ghostysky.com\/es\/product\/unitree-mid-360-lidar\/","title":{"rendered":"Lidar Unitree Mid 360"},"content":{"rendered":"<div id=\"model-response-message-contentr_e4d8d26172f473a0\" class=\"markdown markdown-main-panel stronger enable-updated-hr-color\" dir=\"ltr\">\n<p><b>Caracter\u00edsticas y capacidades clave:<\/b><\/p>\n<ul>\n<li><b><span class=\"citation-713\">Campo de visi\u00f3n omnidireccional (FOV):<\/span><\/b><span class=\"citation-713 citation-end-713\"> Con una completa <sup class=\"superscript\" data-turn-source-index=\"3\">3<\/sup><\/span><b><span class=\"math-inline\" data-math=\"360^\\circ\">$360^\\circ$<\/span><span class=\"citation-712\"> horizontal<\/span><\/b><span class=\"citation-712 citation-end-712\"> y una amplia <sup class=\"superscript\" data-turn-source-index=\"4\">4<\/sup><\/span><b><span class=\"math-inline\" data-math=\"-7^\\circ\">$-7^\\circ$<\/span><span class=\"citation-711 citation-end-711\"> a <sup class=\"superscript\" data-turn-source-index=\"5\">5<\/sup><\/span><span class=\"math-inline\" data-math=\"52^\\circ\">$52^\\circ$<\/span><span class=\"citation-710\"> vertical<\/span><\/b><span class=\"citation-710 citation-end-710\"> FOV, Mid-360 garantiza una cobertura ultra amplia con puntos ciegos m\u00ednimos, lo que permite un reconocimiento integral de todo terreno.<\/span><\/li>\n<li><b>Alta precisi\u00f3n y alcance:<\/b><span class=\"citation-709 citation-end-709\"> Es capaz de detectar objetos de hasta <sup class=\"superscript\" data-turn-source-index=\"7\">7<\/sup><\/span><b><span class=\"math-inline\" data-math=\"70\\text{ m}\">$70\\texto{ m}$<\/span><\/b><span class=\"citation-708 citation-end-708\"> con reflectividad 80% y lo m\u00e1s cerca posible <sup class=\"superscript\" data-turn-source-index=\"8\">8<\/sup><\/span><b><span class=\"math-inline\" data-math=\"0.1\\text{ m}\">$0.1\\texto{ m}$<\/span><\/b><span class=\"citation-707 citation-end-707\">, proporcionando un nivel de detalle excelente tanto para el mapeo a distancia como para la evitaci\u00f3n de obst\u00e1culos en el campo cercano.<\/span><\/li>\n<li><b><span class=\"citation-706\">Alta velocidad de datos:<\/span><\/b><span class=\"citation-706 citation-end-706\"> Proporciona una tasa de puntos de <sup class=\"superscript\" data-turn-source-index=\"10\">10<\/sup><\/span><b><span class=\"math-inline\" data-math=\"200,000\\text{ points\/s}\">$200,000\\text{ puntos\/s}$<\/span><\/b><span class=\"citation-705 citation-end-705\"> y una velocidad de fotogramas t\u00edpica de <sup class=\"superscript\" data-turn-source-index=\"11\">11<\/sup><\/span><b><span class=\"math-inline\" data-math=\"10\\text{ Hz}\">$10\\texto{ Hz}$<\/span><\/b><span class=\"citation-704 citation-end-704\">, generando datos de nubes de puntos de alta densidad necesarios para el modelado ambiental 3D detallado.<\/span><\/li>\n<li><b><span class=\"citation-703\">Dise\u00f1o compacto y robusto:<\/span><\/b><span class=\"citation-703 citation-end-703\"> Con dimensiones de aproximadamente <sup class=\"superscript\" data-turn-source-index=\"13\">13<\/sup><\/span><b><span class=\"math-inline\" data-math=\"65 \\times 65 \\times 60\\text{ mm}\">$65 \\por 65 \\por 60\\texto{ mm}$<\/span><\/b><span class=\"citation-702 citation-end-702\"> y un peso de tan solo <sup class=\"superscript\" data-turn-source-index=\"14\">14<\/sup><\/span><b><span class=\"math-inline\" data-math=\"265\\text{ g}\">$265\\texto{ g}$<\/span><\/b><span class=\"citation-701 citation-end-701\">El Mid-360 es f\u00e1cil de integrar sin comprometer el dise\u00f1o del robot.<sup class=\"superscript\" data-turn-source-index=\"15\">15<\/sup><\/span> <span class=\"citation-700\">Cuenta con una <\/span><b><span class=\"citation-700\">IP67<\/span><\/b><span class=\"citation-700 citation-end-700\"> Clasificaci\u00f3n de protecci\u00f3n contra la entrada de polvo y agua, garantizando un rendimiento confiable en interiores y exteriores.<\/span><\/li>\n<li><b>Aplicaciones vers\u00e1tiles:<\/b> Optimizado para los requisitos de la rob\u00f3tica m\u00f3vil, sus capacidades son esenciales para:\n<ul>\n<li><span class=\"citation-699 citation-end-699\">Navegaci\u00f3n aut\u00f3noma y planificaci\u00f3n de rutas.<\/span><\/li>\n<li><span class=\"citation-698 citation-end-698\">SLAM y mapping 3D de alta precisi\u00f3n.<\/span><\/li>\n<li><span class=\"citation-697 citation-end-697\">Detecci\u00f3n y evitaci\u00f3n inteligente de obst\u00e1culos.<\/span><\/li>\n<li>Investigaci\u00f3n, educaci\u00f3n y desarrollo en rob\u00f3tica.<\/li>\n<\/ul>\n<\/li>\n<\/ul>\n<p>Equipe su sistema rob\u00f3tico con el LiDAR Unitree Mid-360 para lograr una comprensi\u00f3n ambiental superior y superar los l\u00edmites del rendimiento aut\u00f3nomo.<\/p>\n<\/div>","protected":false},"excerpt":{"rendered":"<p><span class=\"citation-715 citation-end-715\">El Unitree Mid-360 LiDAR, un sofisticado m\u00f3dulo de medici\u00f3n de distancias 3D, est\u00e1 dise\u00f1ado para proporcionar a los robots m\u00f3viles una conciencia espacial integral y de alta precisi\u00f3n.<\/span> <span class=\"citation-714 citation-end-714\">Ideal para la integraci\u00f3n en plataformas avanzadas como el Unitree Go2 EDU Plus, este sensor compacto y liviano cambia las reglas del juego para la navegaci\u00f3n aut\u00f3noma, SLAM (localizaci\u00f3n y mapeo simult\u00e1neos) y percepci\u00f3n ambiental.<\/span><\/p>","protected":false},"featured_media":21512,"comment_status":"open","ping_status":"closed","template":"","meta":[],"product_brand":[1087],"product_cat":[1038,1037,1102],"product_tag":[1088,1107,1108,1105],"class_list":{"0":"post-21511","1":"product","2":"type-product","3":"status-publish","4":"has-post-thumbnail","6":"product_brand-unitree","7":"product_cat-humanoid","8":"product_cat-robotics","9":"product_cat-unitree-hum-accessories","10":"product_tag-unitree","11":"product_tag-unitree-h1","12":"product_tag-unitree-h1-accessories","13":"product_tag-unitree-humanoid","15":"first","16":"onbackorder","17":"taxable","18":"shipping-taxable","19":"purchasable","20":"product-type-simple"},"yoast_head":"<!-- This site is optimized with the Yoast SEO plugin v27.4 - https:\/\/yoast.com\/product\/yoast-seo-wordpress\/ -->\n<title>Unitree Mid 360 lidar - Ghostysky<\/title>\n<meta name=\"description\" content=\"The Unitree Mid-360 LiDAR, a sophisticated 3D ranging module, is engineered to provide mobile robots with comprehensive, high-accuracy spatial awareness. Ideal for integration into advanced platforms like the Unitree Go2 EDU Plus, this compact and lightweight sensor is a game-changer for autonomous navigation, SLAM (Simultaneous Localization and Mapping), and environmental perception.\" \/>\n<meta name=\"robots\" content=\"index, follow, max-snippet:-1, max-image-preview:large, max-video-preview:-1\" \/>\n<link rel=\"canonical\" href=\"https:\/\/www.ghostysky.com\/es\/producto-2\/unitree-mid-360-lidar\/\" \/>\n<meta property=\"og:locale\" content=\"es_ES\" \/>\n<meta property=\"og:type\" content=\"article\" \/>\n<meta property=\"og:title\" content=\"Unitree Mid 360 lidar - Ghostysky\" \/>\n<meta property=\"og:description\" content=\"The Unitree Mid-360 LiDAR, a sophisticated 3D ranging module, is engineered to provide mobile robots with comprehensive, high-accuracy spatial awareness. Ideal for integration into advanced platforms like the Unitree Go2 EDU Plus, this compact and lightweight sensor is a game-changer for autonomous navigation, SLAM (Simultaneous Localization and Mapping), and environmental perception.\" \/>\n<meta property=\"og:url\" content=\"https:\/\/www.ghostysky.com\/es\/producto-2\/unitree-mid-360-lidar\/\" \/>\n<meta property=\"og:site_name\" content=\"Ghostysky\" \/>\n<meta property=\"article:publisher\" content=\"https:\/\/www.facebook.com\/people\/Ghostysky\/100057676170234\/\" \/>\n<meta property=\"article:modified_time\" content=\"2025-10-16T16:39:54+00:00\" \/>\n<meta property=\"og:image\" content=\"https:\/\/www.ghostysky.com\/wp-content\/uploads\/2025\/10\/GH_Mid-360-lidar_1.webp\" \/>\n\t<meta property=\"og:image:width\" content=\"600\" \/>\n\t<meta property=\"og:image:height\" content=\"600\" \/>\n\t<meta property=\"og:image:type\" content=\"image\/webp\" \/>\n<meta name=\"twitter:card\" content=\"summary_large_image\" \/>\n<meta name=\"twitter:site\" content=\"@Gh0stysky\" \/>\n<meta name=\"twitter:label1\" content=\"Tiempo de lectura\" \/>\n\t<meta name=\"twitter:data1\" content=\"2 minutos\" \/>\n<script type=\"application\/ld+json\" class=\"yoast-schema-graph\">{\"@context\":\"https:\\\/\\\/schema.org\",\"@graph\":[{\"@type\":\"WebPage\",\"@id\":\"https:\\\/\\\/www.ghostysky.com\\\/product\\\/unitree-mid-360-lidar\\\/\",\"url\":\"https:\\\/\\\/www.ghostysky.com\\\/product\\\/unitree-mid-360-lidar\\\/\",\"name\":\"Unitree Mid 360 lidar - Ghostysky\",\"isPartOf\":{\"@id\":\"https:\\\/\\\/www.ghostysky.com\\\/#website\"},\"primaryImageOfPage\":{\"@id\":\"https:\\\/\\\/www.ghostysky.com\\\/product\\\/unitree-mid-360-lidar\\\/#primaryimage\"},\"image\":{\"@id\":\"https:\\\/\\\/www.ghostysky.com\\\/product\\\/unitree-mid-360-lidar\\\/#primaryimage\"},\"thumbnailUrl\":\"https:\\\/\\\/www.ghostysky.com\\\/wp-content\\\/uploads\\\/2025\\\/10\\\/GH_Mid-360-lidar_1.webp\",\"datePublished\":\"2025-10-16T16:35:17+00:00\",\"dateModified\":\"2025-10-16T16:39:54+00:00\",\"description\":\"The Unitree Mid-360 LiDAR, a sophisticated 3D ranging module, is engineered to provide mobile robots with comprehensive, high-accuracy spatial awareness. Ideal for integration into advanced platforms like the Unitree Go2 EDU Plus, this compact and lightweight sensor is a game-changer for autonomous navigation, SLAM (Simultaneous Localization and Mapping), and environmental perception.\",\"breadcrumb\":{\"@id\":\"https:\\\/\\\/www.ghostysky.com\\\/product\\\/unitree-mid-360-lidar\\\/#breadcrumb\"},\"inLanguage\":\"es\",\"potentialAction\":[{\"@type\":\"ReadAction\",\"target\":[\"https:\\\/\\\/www.ghostysky.com\\\/product\\\/unitree-mid-360-lidar\\\/\"]}]},{\"@type\":\"ImageObject\",\"inLanguage\":\"es\",\"@id\":\"https:\\\/\\\/www.ghostysky.com\\\/product\\\/unitree-mid-360-lidar\\\/#primaryimage\",\"url\":\"https:\\\/\\\/www.ghostysky.com\\\/wp-content\\\/uploads\\\/2025\\\/10\\\/GH_Mid-360-lidar_1.webp\",\"contentUrl\":\"https:\\\/\\\/www.ghostysky.com\\\/wp-content\\\/uploads\\\/2025\\\/10\\\/GH_Mid-360-lidar_1.webp\",\"width\":600,\"height\":600},{\"@type\":\"BreadcrumbList\",\"@id\":\"https:\\\/\\\/www.ghostysky.com\\\/product\\\/unitree-mid-360-lidar\\\/#breadcrumb\",\"itemListElement\":[{\"@type\":\"ListItem\",\"position\":1,\"name\":\"Home\",\"item\":\"https:\\\/\\\/www.ghostysky.com\\\/\"},{\"@type\":\"ListItem\",\"position\":2,\"name\":\"Shop\",\"item\":\"https:\\\/\\\/www.ghostysky.com\\\/shop\\\/\"},{\"@type\":\"ListItem\",\"position\":3,\"name\":\"Unitree Mid 360 lidar\"}]},{\"@type\":\"WebSite\",\"@id\":\"https:\\\/\\\/www.ghostysky.com\\\/#website\",\"url\":\"https:\\\/\\\/www.ghostysky.com\\\/\",\"name\":\"Ghostysky\",\"description\":\"Delivering professional drones and robotics solutions\",\"publisher\":{\"@id\":\"https:\\\/\\\/www.ghostysky.com\\\/#organization\"},\"potentialAction\":[{\"@type\":\"SearchAction\",\"target\":{\"@type\":\"EntryPoint\",\"urlTemplate\":\"https:\\\/\\\/www.ghostysky.com\\\/?s={search_term_string}\"},\"query-input\":{\"@type\":\"PropertyValueSpecification\",\"valueRequired\":true,\"valueName\":\"search_term_string\"}}],\"inLanguage\":\"es\"},{\"@type\":\"Organization\",\"@id\":\"https:\\\/\\\/www.ghostysky.com\\\/#organization\",\"name\":\"Ghostysky\",\"url\":\"https:\\\/\\\/www.ghostysky.com\\\/\",\"logo\":{\"@type\":\"ImageObject\",\"inLanguage\":\"es\",\"@id\":\"https:\\\/\\\/www.ghostysky.com\\\/#\\\/schema\\\/logo\\\/image\\\/\",\"url\":\"https:\\\/\\\/www.ghostysky.com\\\/wp-content\\\/uploads\\\/2020\\\/06\\\/cropped-ghostyskylogo_text_white2.png\",\"contentUrl\":\"https:\\\/\\\/www.ghostysky.com\\\/wp-content\\\/uploads\\\/2020\\\/06\\\/cropped-ghostyskylogo_text_white2.png\",\"width\":169,\"height\":56,\"caption\":\"Ghostysky\"},\"image\":{\"@id\":\"https:\\\/\\\/www.ghostysky.com\\\/#\\\/schema\\\/logo\\\/image\\\/\"},\"sameAs\":[\"https:\\\/\\\/www.facebook.com\\\/people\\\/Ghostysky\\\/100057676170234\\\/\",\"https:\\\/\\\/x.com\\\/Gh0stysky\",\"https:\\\/\\\/www.linkedin.com\\\/company\\\/34739653\",\"https:\\\/\\\/www.instagram.com\\\/gh0stysky\"]}]}<\/script>\n<!-- \/ Yoast SEO plugin. -->","yoast_head_json":{"title":"Lidar Unitree Mid 360 - Ghostysky","description":"El Unitree Mid-360 LiDAR, un sofisticado m\u00f3dulo de telemetr\u00eda 3D, est\u00e1 dise\u00f1ado para proporcionar a los robots m\u00f3viles una percepci\u00f3n espacial completa y de alta precisi\u00f3n. Ideal para su integraci\u00f3n en plataformas avanzadas como el Unitree Go2 EDU Plus, este sensor compacto y ligero supone una innovaci\u00f3n para la navegaci\u00f3n aut\u00f3noma, la localizaci\u00f3n y el mapeo simult\u00e1neos (SLAM) y la percepci\u00f3n del entorno.","robots":{"index":"index","follow":"follow","max-snippet":"max-snippet:-1","max-image-preview":"max-image-preview:large","max-video-preview":"max-video-preview:-1"},"canonical":"https:\/\/www.ghostysky.com\/es\/producto-2\/unitree-mid-360-lidar\/","og_locale":"es_ES","og_type":"article","og_title":"Unitree Mid 360 lidar - Ghostysky","og_description":"The Unitree Mid-360 LiDAR, a sophisticated 3D ranging module, is engineered to provide mobile robots with comprehensive, high-accuracy spatial awareness. Ideal for integration into advanced platforms like the Unitree Go2 EDU Plus, this compact and lightweight sensor is a game-changer for autonomous navigation, SLAM (Simultaneous Localization and Mapping), and environmental perception.","og_url":"https:\/\/www.ghostysky.com\/es\/producto-2\/unitree-mid-360-lidar\/","og_site_name":"Ghostysky","article_publisher":"https:\/\/www.facebook.com\/people\/Ghostysky\/100057676170234\/","article_modified_time":"2025-10-16T16:39:54+00:00","og_image":[{"width":600,"height":600,"url":"https:\/\/www.ghostysky.com\/wp-content\/uploads\/2025\/10\/GH_Mid-360-lidar_1.webp","type":"image\/webp"}],"twitter_card":"summary_large_image","twitter_site":"@Gh0stysky","twitter_misc":{"Tiempo de lectura":"2 minutos"},"schema":{"@context":"https:\/\/schema.org","@graph":[{"@type":"WebPage","@id":"https:\/\/www.ghostysky.com\/product\/unitree-mid-360-lidar\/","url":"https:\/\/www.ghostysky.com\/product\/unitree-mid-360-lidar\/","name":"Lidar Unitree Mid 360 - Ghostysky","isPartOf":{"@id":"https:\/\/www.ghostysky.com\/#website"},"primaryImageOfPage":{"@id":"https:\/\/www.ghostysky.com\/product\/unitree-mid-360-lidar\/#primaryimage"},"image":{"@id":"https:\/\/www.ghostysky.com\/product\/unitree-mid-360-lidar\/#primaryimage"},"thumbnailUrl":"https:\/\/www.ghostysky.com\/wp-content\/uploads\/2025\/10\/GH_Mid-360-lidar_1.webp","datePublished":"2025-10-16T16:35:17+00:00","dateModified":"2025-10-16T16:39:54+00:00","description":"El Unitree Mid-360 LiDAR, un sofisticado m\u00f3dulo de telemetr\u00eda 3D, est\u00e1 dise\u00f1ado para proporcionar a los robots m\u00f3viles una percepci\u00f3n espacial completa y de alta precisi\u00f3n. Ideal para su integraci\u00f3n en plataformas avanzadas como el Unitree Go2 EDU Plus, este sensor compacto y ligero supone una innovaci\u00f3n para la navegaci\u00f3n aut\u00f3noma, la localizaci\u00f3n y el mapeo simult\u00e1neos (SLAM) y la percepci\u00f3n del entorno.","breadcrumb":{"@id":"https:\/\/www.ghostysky.com\/product\/unitree-mid-360-lidar\/#breadcrumb"},"inLanguage":"es","potentialAction":[{"@type":"ReadAction","target":["https:\/\/www.ghostysky.com\/product\/unitree-mid-360-lidar\/"]}]},{"@type":"ImageObject","inLanguage":"es","@id":"https:\/\/www.ghostysky.com\/product\/unitree-mid-360-lidar\/#primaryimage","url":"https:\/\/www.ghostysky.com\/wp-content\/uploads\/2025\/10\/GH_Mid-360-lidar_1.webp","contentUrl":"https:\/\/www.ghostysky.com\/wp-content\/uploads\/2025\/10\/GH_Mid-360-lidar_1.webp","width":600,"height":600},{"@type":"BreadcrumbList","@id":"https:\/\/www.ghostysky.com\/product\/unitree-mid-360-lidar\/#breadcrumb","itemListElement":[{"@type":"ListItem","position":1,"name":"Home","item":"https:\/\/www.ghostysky.com\/"},{"@type":"ListItem","position":2,"name":"Shop","item":"https:\/\/www.ghostysky.com\/shop\/"},{"@type":"ListItem","position":3,"name":"Unitree Mid 360 lidar"}]},{"@type":"WebSite","@id":"https:\/\/www.ghostysky.com\/#website","url":"https:\/\/www.ghostysky.com\/","name":"Ghostysky","description":"Ofrecemos soluciones profesionales de drones y rob\u00f3tica.","publisher":{"@id":"https:\/\/www.ghostysky.com\/#organization"},"potentialAction":[{"@type":"SearchAction","target":{"@type":"EntryPoint","urlTemplate":"https:\/\/www.ghostysky.com\/?s={search_term_string}"},"query-input":{"@type":"PropertyValueSpecification","valueRequired":true,"valueName":"search_term_string"}}],"inLanguage":"es"},{"@type":"Organization","@id":"https:\/\/www.ghostysky.com\/#organization","name":"Ghostysky","url":"https:\/\/www.ghostysky.com\/","logo":{"@type":"ImageObject","inLanguage":"es","@id":"https:\/\/www.ghostysky.com\/#\/schema\/logo\/image\/","url":"https:\/\/www.ghostysky.com\/wp-content\/uploads\/2020\/06\/cropped-ghostyskylogo_text_white2.png","contentUrl":"https:\/\/www.ghostysky.com\/wp-content\/uploads\/2020\/06\/cropped-ghostyskylogo_text_white2.png","width":169,"height":56,"caption":"Ghostysky"},"image":{"@id":"https:\/\/www.ghostysky.com\/#\/schema\/logo\/image\/"},"sameAs":["https:\/\/www.facebook.com\/people\/Ghostysky\/100057676170234\/","https:\/\/x.com\/Gh0stysky","https:\/\/www.linkedin.com\/company\/34739653","https:\/\/www.instagram.com\/gh0stysky"]}]}},"_links":{"self":[{"href":"https:\/\/www.ghostysky.com\/es\/wp-json\/wp\/v2\/product\/21511","targetHints":{"allow":["GET"]}}],"collection":[{"href":"https:\/\/www.ghostysky.com\/es\/wp-json\/wp\/v2\/product"}],"about":[{"href":"https:\/\/www.ghostysky.com\/es\/wp-json\/wp\/v2\/types\/product"}],"replies":[{"embeddable":true,"href":"https:\/\/www.ghostysky.com\/es\/wp-json\/wp\/v2\/comments?post=21511"}],"version-history":[{"count":0,"href":"https:\/\/www.ghostysky.com\/es\/wp-json\/wp\/v2\/product\/21511\/revisions"}],"wp:featuredmedia":[{"embeddable":true,"href":"https:\/\/www.ghostysky.com\/es\/wp-json\/wp\/v2\/media\/21512"}],"wp:attachment":[{"href":"https:\/\/www.ghostysky.com\/es\/wp-json\/wp\/v2\/media?parent=21511"}],"wp:term":[{"taxonomy":"product_brand","embeddable":true,"href":"https:\/\/www.ghostysky.com\/es\/wp-json\/wp\/v2\/product_brand?post=21511"},{"taxonomy":"product_cat","embeddable":true,"href":"https:\/\/www.ghostysky.com\/es\/wp-json\/wp\/v2\/product_cat?post=21511"},{"taxonomy":"product_tag","embeddable":true,"href":"https:\/\/www.ghostysky.com\/es\/wp-json\/wp\/v2\/product_tag?post=21511"}],"curies":[{"name":"wp","href":"https:\/\/api.w.org\/{rel}","templated":true}]}}