{"id":21521,"date":"2025-10-16T16:56:03","date_gmt":"2025-10-16T16:56:03","guid":{"rendered":"https:\/\/www.ghostysky.com\/?post_type=product&#038;p=21521"},"modified":"2026-03-20T14:04:46","modified_gmt":"2026-03-20T14:04:46","slug":"unitree-g1-basic","status":"publish","type":"product","link":"https:\/\/www.ghostysky.com\/es\/product\/unitree-g1-basic\/","title":{"rendered":"Unitree G1 B\u00e1sico"},"content":{"rendered":"<h3><b>Caracter\u00edsticas principales del G1 Basic<\/b><\/h3>\n<ul>\n<li><b>Movilidad excepcional:<\/b><span class=\"citation-775\"> Se jacta <\/span><b><span class=\"citation-775\">23 grados de libertad (GDL)<\/span><\/b><span class=\"citation-775 citation-end-775\"> (6 por pierna, 5 por brazo, 1 en la cintura) con un espacio de \u00e1ngulo de movimiento articular extra grande, lo que permite un movimiento fluido, din\u00e1mico y similar al humano.<\/span><\/li>\n<li><b>Compacto y \u00e1gil:<\/b><span class=\"citation-774\"> Mide aproximadamente <\/span><b><span class=\"citation-774\">1,32 metros (4,4 pies) de altura<\/span><\/b><span class=\"citation-774\"> y pesa aproximadamente <\/span><b><span class=\"citation-774\">35 kilos<\/span><\/b><span class=\"citation-774 citation-end-774\"> (con bater\u00eda), lo que lo hace maniobrable en una variedad de entornos.<\/span><\/li>\n<li><b><span class=\"citation-773\">Rendimiento alto:<\/span><\/b><span class=\"citation-773\"> Alcanza velocidades de marcha de hasta <\/span><b><span class=\"citation-773\">2 m\/s<\/span><\/b><span class=\"citation-773\"> y presenta un par m\u00e1ximo en la articulaci\u00f3n de la rodilla de <\/span><b><span class=\"citation-773\">90 Nm<\/span><\/b><span class=\"citation-773 citation-end-773\">.<\/span><\/li>\n<li><b><span class=\"citation-772\">Percepci\u00f3n inteligente:<\/span><\/b><span class=\"citation-772\"> Equipado con un <\/span><b><span class=\"citation-772\">C\u00e1mara de profundidad<\/span><\/b><span class=\"citation-772\"> y <\/span><b><span class=\"citation-772\">LiDAR 3D<\/span><\/b><span class=\"citation-772 citation-end-772\"> Para una conciencia ambiental avanzada, navegaci\u00f3n precisa y evitaci\u00f3n de obst\u00e1culos.<\/span><\/li>\n<li><b><span class=\"citation-771\">N\u00facleo preparado para IA:<\/span><\/b><span class=\"citation-771\"> Desarrollado por un <\/span><b><span class=\"citation-771\">CPU de alto rendimiento de 8 n\u00facleos<\/span><\/b><span class=\"citation-771\"> para manejar c\u00e1lculos complejos en tiempo real y admite inteligencia impulsada por <\/span><b><span class=\"citation-771\">Aprendizaje por imitaci\u00f3n y refuerzo<\/span><\/b><span class=\"citation-771 citation-end-771\">.<\/span><\/li>\n<li><b><span class=\"citation-770\">Plataforma vers\u00e1til:<\/span><\/b><span class=\"citation-770 citation-end-770\"> Ideal para investigaci\u00f3n acad\u00e9mica, pruebas de IA y desarrollo de aplicaciones en campos como la inspecci\u00f3n industrial y el manejo de materiales.<\/span><\/li>\n<li><b><span class=\"citation-769\">Conectividad:<\/span><\/b><span class=\"citation-769\"> Caracter\u00edsticas <\/span><b><span class=\"citation-769\">Wi-Fi 6<\/span><\/b><span class=\"citation-769\"> y <\/span><b><span class=\"citation-769\">Bluetooth 5.2<\/span><\/b><span class=\"citation-769 citation-end-769\"> para una comunicaci\u00f3n y control sin fisuras.<\/span><\/li>\n<li><b>Resistencia:<\/b><span class=\"citation-768\"> Incluye un <\/span><b><span class=\"citation-768\">Bater\u00eda inteligente de liberaci\u00f3n r\u00e1pida de 9000 mAh<\/span><\/b><span class=\"citation-768\"> proporcionando un tiempo de ejecuci\u00f3n operativo de aproximadamente <\/span><b><span class=\"citation-768\">2 horas<\/span><\/b><span class=\"citation-768 citation-end-768\">.<\/span><\/li>\n<\/ul>\n<p>El Unitree G1 Basic es la base perfecta para cualquiera que busque innovar con un robot humanoide de vanguardia, que ofrece un poderoso equilibrio entre rendimiento, flexibilidad y valor.<\/p>","protected":false},"excerpt":{"rendered":"<p><span class=\"citation-777\">Presentando el <\/span><b><span class=\"citation-777\">Unitree G1 B\u00e1sico<\/span><\/b><span class=\"citation-777 citation-end-777\">, un agente humanoide compacto y altamente capaz dise\u00f1ado para acelerar la investigaci\u00f3n, la educaci\u00f3n y las aplicaciones industriales livianas.<\/span><\/p>\n<p><span class=\"citation-776 citation-end-776\">El G1 Basic es su punto de entrada a la pr\u00f3xima era de la rob\u00f3tica, ofreciendo movilidad e inteligencia impresionantes en un paquete liviano y asequible.<\/span><\/p>","protected":false},"featured_media":21524,"comment_status":"open","ping_status":"closed","template":"","meta":[],"product_brand":[1087],"product_cat":[1038,1037,1103],"product_tag":[1088,1110,1109,1105],"class_list":{"0":"post-21521","1":"product","2":"type-product","3":"status-publish","4":"has-post-thumbnail","6":"product_brand-unitree","7":"product_cat-humanoid","8":"product_cat-robotics","9":"product_cat-unitree-hum-robots","10":"product_tag-unitree","11":"product_tag-unitree-g1-robot","12":"product_tag-unitree-g1-series","13":"product_tag-unitree-humanoid","15":"first","16":"onbackorder","17":"taxable","18":"shipping-taxable","19":"purchasable","20":"product-type-simple"},"yoast_head":"<!-- This site is optimized with the Yoast SEO plugin v27.1.1 - https:\/\/yoast.com\/product\/yoast-seo-wordpress\/ -->\n<title>Unitree G1 Basic - Ghostysky<\/title>\n<meta name=\"description\" content=\"Introducing the Unitree G1 Basic, a compact and highly capable humanoid agent designed to accelerate research, education, and light-duty industrial applications.The G1 Basic is your entry point into the next era of robotics, offering impressive mobility and intelligence in a lightweight, affordable package.\" \/>\n<meta name=\"robots\" content=\"index, follow, max-snippet:-1, max-image-preview:large, max-video-preview:-1\" \/>\n<link rel=\"canonical\" href=\"https:\/\/www.ghostysky.com\/es\/producto-2\/unitree-g1-basic\/\" \/>\n<meta property=\"og:locale\" content=\"es_ES\" \/>\n<meta property=\"og:type\" content=\"article\" \/>\n<meta property=\"og:title\" content=\"Unitree G1 Basic - Ghostysky\" \/>\n<meta property=\"og:description\" content=\"Introducing the Unitree G1 Basic, a compact and highly capable humanoid agent designed to accelerate research, education, and light-duty industrial applications.The G1 Basic is your entry point into the next era of robotics, offering impressive mobility and intelligence in a lightweight, affordable package.\" \/>\n<meta property=\"og:url\" content=\"https:\/\/www.ghostysky.com\/es\/producto-2\/unitree-g1-basic\/\" \/>\n<meta property=\"og:site_name\" content=\"Ghostysky\" \/>\n<meta property=\"article:publisher\" content=\"https:\/\/www.facebook.com\/people\/Ghostysky\/100057676170234\/\" \/>\n<meta property=\"article:modified_time\" content=\"2026-03-20T14:04:46+00:00\" \/>\n<meta property=\"og:image\" content=\"https:\/\/www.ghostysky.com\/wp-content\/uploads\/2025\/10\/GH_G1-Humanoid_1.png\" \/>\n\t<meta property=\"og:image:width\" content=\"650\" \/>\n\t<meta property=\"og:image:height\" content=\"650\" \/>\n\t<meta property=\"og:image:type\" content=\"image\/png\" \/>\n<meta name=\"twitter:card\" content=\"summary_large_image\" \/>\n<meta name=\"twitter:site\" content=\"@Gh0stysky\" \/>\n<meta name=\"twitter:label1\" content=\"Tiempo de lectura\" \/>\n\t<meta name=\"twitter:data1\" content=\"2 minutos\" \/>\n<script type=\"application\/ld+json\" class=\"yoast-schema-graph\">{\"@context\":\"https:\/\/schema.org\",\"@graph\":[{\"@type\":\"WebPage\",\"@id\":\"https:\/\/www.ghostysky.com\/product\/unitree-g1-basic\/\",\"url\":\"https:\/\/www.ghostysky.com\/product\/unitree-g1-basic\/\",\"name\":\"Unitree G1 Basic - Ghostysky\",\"isPartOf\":{\"@id\":\"https:\/\/www.ghostysky.com\/#website\"},\"primaryImageOfPage\":{\"@id\":\"https:\/\/www.ghostysky.com\/product\/unitree-g1-basic\/#primaryimage\"},\"image\":{\"@id\":\"https:\/\/www.ghostysky.com\/product\/unitree-g1-basic\/#primaryimage\"},\"thumbnailUrl\":\"https:\/\/www.ghostysky.com\/wp-content\/uploads\/2025\/10\/GH_G1-Humanoid_1.png\",\"datePublished\":\"2025-10-16T16:56:03+00:00\",\"dateModified\":\"2026-03-20T14:04:46+00:00\",\"description\":\"Introducing the Unitree G1 Basic, a compact and highly capable humanoid agent designed to accelerate research, education, and light-duty industrial applications.The G1 Basic is your entry point into the next era of robotics, offering impressive mobility and intelligence in a lightweight, affordable package.\",\"breadcrumb\":{\"@id\":\"https:\/\/www.ghostysky.com\/product\/unitree-g1-basic\/#breadcrumb\"},\"inLanguage\":\"es\",\"potentialAction\":[{\"@type\":\"ReadAction\",\"target\":[\"https:\/\/www.ghostysky.com\/product\/unitree-g1-basic\/\"]}]},{\"@type\":\"ImageObject\",\"inLanguage\":\"es\",\"@id\":\"https:\/\/www.ghostysky.com\/product\/unitree-g1-basic\/#primaryimage\",\"url\":\"https:\/\/www.ghostysky.com\/wp-content\/uploads\/2025\/10\/GH_G1-Humanoid_1.png\",\"contentUrl\":\"https:\/\/www.ghostysky.com\/wp-content\/uploads\/2025\/10\/GH_G1-Humanoid_1.png\",\"width\":650,\"height\":650},{\"@type\":\"BreadcrumbList\",\"@id\":\"https:\/\/www.ghostysky.com\/product\/unitree-g1-basic\/#breadcrumb\",\"itemListElement\":[{\"@type\":\"ListItem\",\"position\":1,\"name\":\"Home\",\"item\":\"https:\/\/www.ghostysky.com\/\"},{\"@type\":\"ListItem\",\"position\":2,\"name\":\"Shop\",\"item\":\"https:\/\/www.ghostysky.com\/shop\/\"},{\"@type\":\"ListItem\",\"position\":3,\"name\":\"Unitree G1 Basic\"}]},{\"@type\":\"WebSite\",\"@id\":\"https:\/\/www.ghostysky.com\/#website\",\"url\":\"https:\/\/www.ghostysky.com\/\",\"name\":\"Ghostysky\",\"description\":\"Delivering professional drones and services\",\"publisher\":{\"@id\":\"https:\/\/www.ghostysky.com\/#organization\"},\"potentialAction\":[{\"@type\":\"SearchAction\",\"target\":{\"@type\":\"EntryPoint\",\"urlTemplate\":\"https:\/\/www.ghostysky.com\/?s={search_term_string}\"},\"query-input\":{\"@type\":\"PropertyValueSpecification\",\"valueRequired\":true,\"valueName\":\"search_term_string\"}}],\"inLanguage\":\"es\"},{\"@type\":\"Organization\",\"@id\":\"https:\/\/www.ghostysky.com\/#organization\",\"name\":\"Ghostysky\",\"url\":\"https:\/\/www.ghostysky.com\/\",\"logo\":{\"@type\":\"ImageObject\",\"inLanguage\":\"es\",\"@id\":\"https:\/\/www.ghostysky.com\/#\/schema\/logo\/image\/\",\"url\":\"https:\/\/www.ghostysky.com\/wp-content\/uploads\/2020\/06\/cropped-ghostyskylogo_text_white2.png\",\"contentUrl\":\"https:\/\/www.ghostysky.com\/wp-content\/uploads\/2020\/06\/cropped-ghostyskylogo_text_white2.png\",\"width\":169,\"height\":56,\"caption\":\"Ghostysky\"},\"image\":{\"@id\":\"https:\/\/www.ghostysky.com\/#\/schema\/logo\/image\/\"},\"sameAs\":[\"https:\/\/www.facebook.com\/people\/Ghostysky\/100057676170234\/\",\"https:\/\/x.com\/Gh0stysky\",\"https:\/\/www.linkedin.com\/company\/34739653\",\"https:\/\/www.instagram.com\/gh0stysky\"]}]}<\/script>\n<!-- \/ Yoast SEO plugin. -->","yoast_head_json":{"title":"Unitree G1 B\u00e1sico - Ghostysky","description":"Presentamos el Unitree G1 Basic, un agente humanoide compacto y de gran capacidad dise\u00f1ado para acelerar la investigaci\u00f3n, la educaci\u00f3n y las aplicaciones industriales livianas. El G1 Basic es su punto de entrada a la pr\u00f3xima era de la rob\u00f3tica, ofreciendo movilidad e inteligencia impresionantes en un paquete liviano y asequible.","robots":{"index":"index","follow":"follow","max-snippet":"max-snippet:-1","max-image-preview":"max-image-preview:large","max-video-preview":"max-video-preview:-1"},"canonical":"https:\/\/www.ghostysky.com\/es\/producto-2\/unitree-g1-basic\/","og_locale":"es_ES","og_type":"article","og_title":"Unitree G1 Basic - Ghostysky","og_description":"Introducing the Unitree G1 Basic, a compact and highly capable humanoid agent designed to accelerate research, education, and light-duty industrial applications.The G1 Basic is your entry point into the next era of robotics, offering impressive mobility and intelligence in a lightweight, affordable package.","og_url":"https:\/\/www.ghostysky.com\/es\/producto-2\/unitree-g1-basic\/","og_site_name":"Ghostysky","article_publisher":"https:\/\/www.facebook.com\/people\/Ghostysky\/100057676170234\/","article_modified_time":"2026-03-20T14:04:46+00:00","og_image":[{"width":650,"height":650,"url":"https:\/\/www.ghostysky.com\/wp-content\/uploads\/2025\/10\/GH_G1-Humanoid_1.png","type":"image\/png"}],"twitter_card":"summary_large_image","twitter_site":"@Gh0stysky","twitter_misc":{"Tiempo de lectura":"2 minutos"},"schema":{"@context":"https:\/\/schema.org","@graph":[{"@type":"WebPage","@id":"https:\/\/www.ghostysky.com\/product\/unitree-g1-basic\/","url":"https:\/\/www.ghostysky.com\/product\/unitree-g1-basic\/","name":"Unitree G1 B\u00e1sico - Ghostysky","isPartOf":{"@id":"https:\/\/www.ghostysky.com\/#website"},"primaryImageOfPage":{"@id":"https:\/\/www.ghostysky.com\/product\/unitree-g1-basic\/#primaryimage"},"image":{"@id":"https:\/\/www.ghostysky.com\/product\/unitree-g1-basic\/#primaryimage"},"thumbnailUrl":"https:\/\/www.ghostysky.com\/wp-content\/uploads\/2025\/10\/GH_G1-Humanoid_1.png","datePublished":"2025-10-16T16:56:03+00:00","dateModified":"2026-03-20T14:04:46+00:00","description":"Presentamos el Unitree G1 Basic, un agente humanoide compacto y de gran capacidad dise\u00f1ado para acelerar la investigaci\u00f3n, la educaci\u00f3n y las aplicaciones industriales livianas. El G1 Basic es su punto de entrada a la pr\u00f3xima era de la rob\u00f3tica, ofreciendo movilidad e inteligencia impresionantes en un paquete liviano y asequible.","breadcrumb":{"@id":"https:\/\/www.ghostysky.com\/product\/unitree-g1-basic\/#breadcrumb"},"inLanguage":"es","potentialAction":[{"@type":"ReadAction","target":["https:\/\/www.ghostysky.com\/product\/unitree-g1-basic\/"]}]},{"@type":"ImageObject","inLanguage":"es","@id":"https:\/\/www.ghostysky.com\/product\/unitree-g1-basic\/#primaryimage","url":"https:\/\/www.ghostysky.com\/wp-content\/uploads\/2025\/10\/GH_G1-Humanoid_1.png","contentUrl":"https:\/\/www.ghostysky.com\/wp-content\/uploads\/2025\/10\/GH_G1-Humanoid_1.png","width":650,"height":650},{"@type":"BreadcrumbList","@id":"https:\/\/www.ghostysky.com\/product\/unitree-g1-basic\/#breadcrumb","itemListElement":[{"@type":"ListItem","position":1,"name":"Home","item":"https:\/\/www.ghostysky.com\/"},{"@type":"ListItem","position":2,"name":"Shop","item":"https:\/\/www.ghostysky.com\/shop\/"},{"@type":"ListItem","position":3,"name":"Unitree G1 Basic"}]},{"@type":"WebSite","@id":"https:\/\/www.ghostysky.com\/#website","url":"https:\/\/www.ghostysky.com\/","name":"Ghostysky","description":"Entrega de drones y servicios profesionales","publisher":{"@id":"https:\/\/www.ghostysky.com\/#organization"},"potentialAction":[{"@type":"SearchAction","target":{"@type":"EntryPoint","urlTemplate":"https:\/\/www.ghostysky.com\/?s={search_term_string}"},"query-input":{"@type":"PropertyValueSpecification","valueRequired":true,"valueName":"search_term_string"}}],"inLanguage":"es"},{"@type":"Organization","@id":"https:\/\/www.ghostysky.com\/#organization","name":"Ghostysky","url":"https:\/\/www.ghostysky.com\/","logo":{"@type":"ImageObject","inLanguage":"es","@id":"https:\/\/www.ghostysky.com\/#\/schema\/logo\/image\/","url":"https:\/\/www.ghostysky.com\/wp-content\/uploads\/2020\/06\/cropped-ghostyskylogo_text_white2.png","contentUrl":"https:\/\/www.ghostysky.com\/wp-content\/uploads\/2020\/06\/cropped-ghostyskylogo_text_white2.png","width":169,"height":56,"caption":"Ghostysky"},"image":{"@id":"https:\/\/www.ghostysky.com\/#\/schema\/logo\/image\/"},"sameAs":["https:\/\/www.facebook.com\/people\/Ghostysky\/100057676170234\/","https:\/\/x.com\/Gh0stysky","https:\/\/www.linkedin.com\/company\/34739653","https:\/\/www.instagram.com\/gh0stysky"]}]}},"_links":{"self":[{"href":"https:\/\/www.ghostysky.com\/es\/wp-json\/wp\/v2\/product\/21521","targetHints":{"allow":["GET"]}}],"collection":[{"href":"https:\/\/www.ghostysky.com\/es\/wp-json\/wp\/v2\/product"}],"about":[{"href":"https:\/\/www.ghostysky.com\/es\/wp-json\/wp\/v2\/types\/product"}],"replies":[{"embeddable":true,"href":"https:\/\/www.ghostysky.com\/es\/wp-json\/wp\/v2\/comments?post=21521"}],"wp:featuredmedia":[{"embeddable":true,"href":"https:\/\/www.ghostysky.com\/es\/wp-json\/wp\/v2\/media\/21524"}],"wp:attachment":[{"href":"https:\/\/www.ghostysky.com\/es\/wp-json\/wp\/v2\/media?parent=21521"}],"wp:term":[{"taxonomy":"product_brand","embeddable":true,"href":"https:\/\/www.ghostysky.com\/es\/wp-json\/wp\/v2\/product_brand?post=21521"},{"taxonomy":"product_cat","embeddable":true,"href":"https:\/\/www.ghostysky.com\/es\/wp-json\/wp\/v2\/product_cat?post=21521"},{"taxonomy":"product_tag","embeddable":true,"href":"https:\/\/www.ghostysky.com\/es\/wp-json\/wp\/v2\/product_tag?post=21521"}],"curies":[{"name":"wp","href":"https:\/\/api.w.org\/{rel}","templated":true}]}}