{"id":21527,"date":"2025-10-16T17:00:44","date_gmt":"2025-10-16T17:00:44","guid":{"rendered":"https:\/\/www.ghostysky.com\/?post_type=product&#038;p=21527"},"modified":"2026-03-16T09:22:13","modified_gmt":"2026-03-16T09:22:13","slug":"unitree-g1-edu-u2","status":"publish","type":"product","link":"https:\/\/www.ghostysky.com\/es\/product\/unitree-g1-edu-u2\/","title":{"rendered":"Unitree G1 Edu Plus (U2)"},"content":{"rendered":"<h3 data-path-to-node=\"2\">Especificaciones b\u00e1sicas<\/h3>\n<table data-path-to-node=\"3\">\n<thead>\n<tr>\n<td><strong>Caracter\u00edstica<\/strong><\/td>\n<td><strong>Especificaci\u00f3n<\/strong><\/td>\n<\/tr>\n<\/thead>\n<tbody>\n<tr>\n<td><span data-path-to-node=\"3,1,0,0\"><b data-path-to-node=\"3,1,0,0\" data-index-in-node=\"0\">Altura<\/b><\/span><\/td>\n<td><span data-path-to-node=\"3,1,1,0\">1320 mm (de pie) \/ 690 mm (plegada)<\/span><\/td>\n<\/tr>\n<tr>\n<td><span data-path-to-node=\"3,2,0,0\"><b data-path-to-node=\"3,2,0,0\" data-index-in-node=\"0\">Peso<\/b><\/span><\/td>\n<td><span data-path-to-node=\"3,2,1,0\">~35 kg (incluida la bater\u00eda)<\/span><\/td>\n<\/tr>\n<tr>\n<td><span data-path-to-node=\"3,3,0,0\"><b data-path-to-node=\"3,3,0,0\" data-index-in-node=\"0\">Grados de libertad (GdL)<\/b><\/span><\/td>\n<td><span data-path-to-node=\"3,3,1,0\"><b data-path-to-node=\"3,3,1,0\" data-index-in-node=\"0\">28 en total<\/b> (Mejorado a partir del modelo base de 23 grados de libertad)<\/span><\/td>\n<\/tr>\n<tr>\n<td><span data-path-to-node=\"3,4,0,0\"><b data-path-to-node=\"3,4,0,0\" data-index-in-node=\"0\">Potencia de c\u00f3mputo<\/b><\/span><\/td>\n<td><span data-path-to-node=\"3,4,1,0\"><b data-path-to-node=\"3,4,1,0\" data-index-in-node=\"0\">NVIDIA Jetson Orin NX<\/b> (100 TOPS) + CPU de 8 n\u00facleos<\/span><\/td>\n<\/tr>\n<tr>\n<td><span data-path-to-node=\"3,5,0,0\"><b data-path-to-node=\"3,5,0,0\" data-index-in-node=\"0\">Carga \u00fatil<\/b><\/span><\/td>\n<td><span data-path-to-node=\"3,5,1,0\">~3 kg (carga en el brazo)<\/span><\/td>\n<\/tr>\n<tr>\n<td><span data-path-to-node=\"3,6,0,0\"><b data-path-to-node=\"3,6,0,0\" data-index-in-node=\"0\">Par m\u00e1ximo<\/b><\/span><\/td>\n<td><span data-path-to-node=\"3,6,1,0\">120 N\u00b7m (articulaci\u00f3n de la rodilla)<\/span><\/td>\n<\/tr>\n<tr>\n<td><span data-path-to-node=\"3,7,0,0\"><b data-path-to-node=\"3,7,0,0\" data-index-in-node=\"0\">Duraci\u00f3n de la bater\u00eda<\/b><\/span><\/td>\n<td><span data-path-to-node=\"3,7,1,0\">Aproximadamente 2 horas (bater\u00eda de liberaci\u00f3n r\u00e1pida de 9000 mAh)<\/span><\/td>\n<\/tr>\n<tr>\n<td><span data-path-to-node=\"3,8,0,0\"><b data-path-to-node=\"3,8,0,0\" data-index-in-node=\"0\">Conectividad<\/b><\/span><\/td>\n<td><span data-path-to-node=\"3,8,1,0\">Wi-Fi 6, Bluetooth 5.2<\/span><\/td>\n<\/tr>\n<\/tbody>\n<\/table>\n<p>&nbsp;<\/p>\n<p>&nbsp;<\/p>\n<h3 data-path-to-node=\"5\">Caracter\u00edsticas principales del modelo EDU Plus (U2)<\/h3>\n<ul data-path-to-node=\"6\">\n<li>\n<p id=\"p-rc_bed7b236485c79ab-20\" data-path-to-node=\"6,0,0\"><b data-path-to-node=\"6,0,0\" data-index-in-node=\"0\"><span class=\"citation-12\">Articulaci\u00f3n mejorada (28 grados de libertad):<\/span><\/b><span class=\"citation-12\"> En comparaci\u00f3n con la versi\u00f3n base G1, la versi\u00f3n U2 normalmente presenta una <\/span><b data-path-to-node=\"6,0,0\" data-index-in-node=\"93\"><span class=\"citation-12\">cintura de 3 grados de libertad<\/span><\/b><span class=\"citation-12\"> (teniendo en cuenta el cabeceo, el balanceo y la gui\u00f1ada) y <\/span><b data-path-to-node=\"6,0,0\" data-index-in-node=\"145\"><span class=\"citation-12\">articulaci\u00f3n de la mu\u00f1eca<\/span><\/b><span class=\"citation-12 citation-end-12\">, lo que mejora significativamente la coordinaci\u00f3n de la parte superior del cuerpo y la capacidad del robot para realizar tareas en espacios reducidos.<\/span><\/p>\n<\/li>\n<li>\n<p id=\"p-rc_bed7b236485c79ab-21\" data-path-to-node=\"6,1,0\"><b data-path-to-node=\"6,1,0\" data-index-in-node=\"0\">Percepci\u00f3n avanzada mediante IA:<\/b><\/p>\n<p id=\"p-rc_bed7b236485c79ab-21\" data-path-to-node=\"6,1,0\"><span class=\"citation-11\">Equipado con un <\/span><b data-path-to-node=\"6,1,0\" data-index-in-node=\"40\"><span class=\"citation-11\">Lidar 3D Livox MID-360<\/span><\/b><span class=\"citation-11\"> y un <\/span><b data-path-to-node=\"6,1,0\" data-index-in-node=\"70\"><span class=\"citation-11\">C\u00e1mara de profundidad Intel RealSense D435i<\/span><\/b><span class=\"citation-11 citation-end-11\">, El U2 proporciona mapeo ambiental de 360 grados y percepci\u00f3n espacial precisa para la navegaci\u00f3n aut\u00f3noma.<\/span><\/p>\n<\/li>\n<li>\n<p id=\"p-rc_bed7b236485c79ab-22\" data-path-to-node=\"6,2,0\"><b data-path-to-node=\"6,2,0\" data-index-in-node=\"0\">Plataforma de desarrollo secundario:<\/b><\/p>\n<p id=\"p-rc_bed7b236485c79ab-22\" data-path-to-node=\"6,2,0\">G1 EDU Plus es una plataforma abierta. <span class=\"citation-10\">Es compatible <\/span><b data-path-to-node=\"6,2,0\" data-index-in-node=\"81\"><span class=\"citation-10\">ROS, Python y C++<\/span><\/b><span class=\"citation-10 citation-end-10\">, lo que permite a los investigadores implementar algoritmos personalizados de aprendizaje por refuerzo, aprendizaje por imitaci\u00f3n y &quot;Modelo de Mundo Rob\u00f3tico&quot; (UnifoLM).<\/span><\/p>\n<\/li>\n<li>\n<p id=\"p-rc_bed7b236485c79ab-23\" data-path-to-node=\"6,3,0\"><b data-path-to-node=\"6,3,0\" data-index-in-node=\"0\">Herramientas de precisi\u00f3n (manos est\u00e1ndar):<\/b><\/p>\n<p id=\"p-rc_bed7b236485c79ab-23\" data-path-to-node=\"6,3,0\"><span class=\"citation-9\">El U2 suele venir con <\/span><b data-path-to-node=\"6,3,0\" data-index-in-node=\"63\"><span class=\"citation-9\">Manos de maniqu\u00ed con mu\u00f1ecas<\/span><\/b><span class=\"citation-9 citation-end-9\">.<\/span> Si bien admite los dedos con control de fuerza Dex3-1 de Unitree como complemento, la estructura mec\u00e1nica del U2 est\u00e1 reforzada espec\u00edficamente para manejar estas mejoras mejor que el modelo base.<\/p>\n<\/li>\n<li>\n<p id=\"p-rc_bed7b236485c79ab-24\" data-path-to-node=\"6,4,0\"><b data-path-to-node=\"6,4,0\" data-index-in-node=\"0\">Interacci\u00f3n de audio:<\/b><\/p>\n<p id=\"p-rc_bed7b236485c79ab-24\" data-path-to-node=\"6,4,0\"><span class=\"citation-8 citation-end-8\">Incluye una matriz de 4 micr\u00f3fonos (con cancelaci\u00f3n de ruido y eco) y un altavoz est\u00e9reo de 5 W, lo que le permite el reconocimiento de voz y la retroalimentaci\u00f3n del habla.<\/span><\/p>\n<div class=\"source-inline-chip-container ng-star-inserted\"><\/div>\n<p>&nbsp;<\/li>\n<\/ul>\n<h3 data-path-to-node=\"8\">\u00bfPor qu\u00e9 elegir la configuraci\u00f3n U2?<\/h3>\n<p id=\"p-rc_bed7b236485c79ab-25\" data-path-to-node=\"9\">El <b data-path-to-node=\"9\" data-index-in-node=\"4\">U2 (EDU Plus)<\/b> Es el punto \u00f3ptimo para los laboratorios universitarios y las empresas emergentes de I+D. <span class=\"citation-7\">Proporciona el <\/span><b data-path-to-node=\"9\" data-index-in-node=\"92\"><span class=\"citation-7\">computaci\u00f3n de alto rendimiento (Orin NX)<\/span><\/b><span class=\"citation-7 citation-end-7\"> Se requiere para el control de movimiento y visi\u00f3n por IA en tiempo real, algo de lo que carece el G1 de gama de consumo, a la vez que ofrece mayor libertad de movimiento en la cintura y las mu\u00f1ecas para realizar mejor las tareas de manipulaci\u00f3n.<\/span><\/p>\n<blockquote data-path-to-node=\"10\">\n<p data-path-to-node=\"10,0\"><b data-path-to-node=\"10,0\" data-index-in-node=\"0\">Nota:<\/b> A principios de 2026, la serie G1 recibi\u00f3 actualizaciones de firmware (v3.2+) que permiten el control de tareas mediante lenguaje natural a trav\u00e9s de la integraci\u00f3n LLM, optimizadas espec\u00edficamente para los modelos EDU.<\/p>\n<\/blockquote>","protected":false},"excerpt":{"rendered":"<p><span class=\"\">El <\/span><b class=\"\" data-path-to-node=\"0\" data-index-in-node=\"4\">Unitree G1 EDU Plus (U2)<\/b><span class=\"\"> es el nivel profesional intermedio de la serie humanoide G1,<\/span><span class=\"\"> dise\u00f1ado espec\u00edficamente para la investigaci\u00f3n de IA de alto nivel,<\/span><span class=\"\"> desarrollo secundario,<\/span><span class=\"\"> y planificaci\u00f3n de movimientos complejos.<\/span><span class=\"\"> Si bien el G1 \u201cest\u00e1ndar\u201d est\u00e1 dise\u00f1ado para la movilidad b\u00e1sica,<\/span><span class=\"\"> el <\/span><b class=\"\" data-path-to-node=\"0\" data-index-in-node=\"255\">Educaci\u00f3n Plus (U2)<\/b><span class=\"\"> Mejora el hardware y la capacidad de procesamiento para admitir una interacci\u00f3n humano-robot m\u00e1s sofisticada.<\/span><\/p>","protected":false},"featured_media":21524,"comment_status":"open","ping_status":"closed","template":"","meta":[],"product_brand":[1087],"product_cat":[1038,1037,1103],"product_tag":[1088,1110,1109,1105],"class_list":{"0":"post-21527","1":"product","2":"type-product","3":"status-publish","4":"has-post-thumbnail","6":"product_brand-unitree","7":"product_cat-humanoid","8":"product_cat-robotics","9":"product_cat-unitree-hum-robots","10":"product_tag-unitree","11":"product_tag-unitree-g1-robot","12":"product_tag-unitree-g1-series","13":"product_tag-unitree-humanoid","15":"first","16":"onbackorder","17":"taxable","18":"shipping-taxable","19":"purchasable","20":"product-type-simple"},"yoast_head":"<!-- This site is optimized with the Yoast SEO plugin v27.1.1 - https:\/\/yoast.com\/product\/yoast-seo-wordpress\/ -->\n<title>Unitree G1 Edu Plus (U2) - Ghostysky<\/title>\n<meta name=\"description\" content=\"The Unitree G1 EDU Plus (U2) is the intermediate professional tier of the G1 humanoid series, specifically engineered for high-level AI research, secondary development, and complex motion planning. While the &quot;Standard&quot; G1 is built for basic mobility, the EDU Plus (U2) upgrades the hardware and computing power to support more sophisticated human-robot interaction.\" \/>\n<meta name=\"robots\" content=\"index, follow, max-snippet:-1, max-image-preview:large, max-video-preview:-1\" \/>\n<link rel=\"canonical\" href=\"https:\/\/www.ghostysky.com\/es\/producto-2\/unitree-g1-edu-u2\/\" \/>\n<meta property=\"og:locale\" content=\"es_ES\" \/>\n<meta property=\"og:type\" content=\"article\" \/>\n<meta property=\"og:title\" content=\"Unitree G1 Edu Plus (U2) - Ghostysky\" \/>\n<meta property=\"og:description\" content=\"The Unitree G1 EDU Plus (U2) is the intermediate professional tier of the G1 humanoid series, specifically engineered for high-level AI research, secondary development, and complex motion planning. While the &quot;Standard&quot; G1 is built for basic mobility, the EDU Plus (U2) upgrades the hardware and computing power to support more sophisticated human-robot interaction.\" \/>\n<meta property=\"og:url\" content=\"https:\/\/www.ghostysky.com\/es\/producto-2\/unitree-g1-edu-u2\/\" \/>\n<meta property=\"og:site_name\" content=\"Ghostysky\" \/>\n<meta property=\"article:publisher\" content=\"https:\/\/www.facebook.com\/people\/Ghostysky\/100057676170234\/\" \/>\n<meta property=\"article:modified_time\" content=\"2026-03-16T09:22:13+00:00\" \/>\n<meta property=\"og:image\" content=\"https:\/\/www.ghostysky.com\/wp-content\/uploads\/2025\/10\/GH_G1-Humanoid_1.png\" \/>\n\t<meta property=\"og:image:width\" content=\"650\" \/>\n\t<meta property=\"og:image:height\" content=\"650\" \/>\n\t<meta property=\"og:image:type\" content=\"image\/png\" \/>\n<meta name=\"twitter:card\" content=\"summary_large_image\" \/>\n<meta name=\"twitter:site\" content=\"@Gh0stysky\" \/>\n<meta name=\"twitter:label1\" content=\"Tiempo de lectura\" \/>\n\t<meta name=\"twitter:data1\" content=\"2 minutos\" \/>\n<script type=\"application\/ld+json\" class=\"yoast-schema-graph\">{\"@context\":\"https:\/\/schema.org\",\"@graph\":[{\"@type\":\"WebPage\",\"@id\":\"https:\/\/www.ghostysky.com\/product\/unitree-g1-edu-u2\/\",\"url\":\"https:\/\/www.ghostysky.com\/product\/unitree-g1-edu-u2\/\",\"name\":\"Unitree G1 Edu Plus (U2) - Ghostysky\",\"isPartOf\":{\"@id\":\"https:\/\/www.ghostysky.com\/#website\"},\"primaryImageOfPage\":{\"@id\":\"https:\/\/www.ghostysky.com\/product\/unitree-g1-edu-u2\/#primaryimage\"},\"image\":{\"@id\":\"https:\/\/www.ghostysky.com\/product\/unitree-g1-edu-u2\/#primaryimage\"},\"thumbnailUrl\":\"https:\/\/www.ghostysky.com\/wp-content\/uploads\/2025\/10\/GH_G1-Humanoid_1.png\",\"datePublished\":\"2025-10-16T17:00:44+00:00\",\"dateModified\":\"2026-03-16T09:22:13+00:00\",\"description\":\"The Unitree G1 EDU Plus (U2) is the intermediate professional tier of the G1 humanoid series, specifically engineered for high-level AI research, secondary development, and complex motion planning. While the \\\"Standard\\\" G1 is built for basic mobility, the EDU Plus (U2) upgrades the hardware and computing power to support more sophisticated human-robot interaction.\",\"breadcrumb\":{\"@id\":\"https:\/\/www.ghostysky.com\/product\/unitree-g1-edu-u2\/#breadcrumb\"},\"inLanguage\":\"es\",\"potentialAction\":[{\"@type\":\"ReadAction\",\"target\":[\"https:\/\/www.ghostysky.com\/product\/unitree-g1-edu-u2\/\"]}]},{\"@type\":\"ImageObject\",\"inLanguage\":\"es\",\"@id\":\"https:\/\/www.ghostysky.com\/product\/unitree-g1-edu-u2\/#primaryimage\",\"url\":\"https:\/\/www.ghostysky.com\/wp-content\/uploads\/2025\/10\/GH_G1-Humanoid_1.png\",\"contentUrl\":\"https:\/\/www.ghostysky.com\/wp-content\/uploads\/2025\/10\/GH_G1-Humanoid_1.png\",\"width\":650,\"height\":650},{\"@type\":\"BreadcrumbList\",\"@id\":\"https:\/\/www.ghostysky.com\/product\/unitree-g1-edu-u2\/#breadcrumb\",\"itemListElement\":[{\"@type\":\"ListItem\",\"position\":1,\"name\":\"Home\",\"item\":\"https:\/\/www.ghostysky.com\/\"},{\"@type\":\"ListItem\",\"position\":2,\"name\":\"Shop\",\"item\":\"https:\/\/www.ghostysky.com\/shop\/\"},{\"@type\":\"ListItem\",\"position\":3,\"name\":\"Unitree G1 Edu Plus (U2)\"}]},{\"@type\":\"WebSite\",\"@id\":\"https:\/\/www.ghostysky.com\/#website\",\"url\":\"https:\/\/www.ghostysky.com\/\",\"name\":\"Ghostysky\",\"description\":\"Delivering professional drones and services\",\"publisher\":{\"@id\":\"https:\/\/www.ghostysky.com\/#organization\"},\"potentialAction\":[{\"@type\":\"SearchAction\",\"target\":{\"@type\":\"EntryPoint\",\"urlTemplate\":\"https:\/\/www.ghostysky.com\/?s={search_term_string}\"},\"query-input\":{\"@type\":\"PropertyValueSpecification\",\"valueRequired\":true,\"valueName\":\"search_term_string\"}}],\"inLanguage\":\"es\"},{\"@type\":\"Organization\",\"@id\":\"https:\/\/www.ghostysky.com\/#organization\",\"name\":\"Ghostysky\",\"url\":\"https:\/\/www.ghostysky.com\/\",\"logo\":{\"@type\":\"ImageObject\",\"inLanguage\":\"es\",\"@id\":\"https:\/\/www.ghostysky.com\/#\/schema\/logo\/image\/\",\"url\":\"https:\/\/www.ghostysky.com\/wp-content\/uploads\/2020\/06\/cropped-ghostyskylogo_text_white2.png\",\"contentUrl\":\"https:\/\/www.ghostysky.com\/wp-content\/uploads\/2020\/06\/cropped-ghostyskylogo_text_white2.png\",\"width\":169,\"height\":56,\"caption\":\"Ghostysky\"},\"image\":{\"@id\":\"https:\/\/www.ghostysky.com\/#\/schema\/logo\/image\/\"},\"sameAs\":[\"https:\/\/www.facebook.com\/people\/Ghostysky\/100057676170234\/\",\"https:\/\/x.com\/Gh0stysky\",\"https:\/\/www.linkedin.com\/company\/34739653\",\"https:\/\/www.instagram.com\/gh0stysky\"]}]}<\/script>\n<!-- \/ Yoast SEO plugin. -->","yoast_head_json":{"title":"Unitree G1 Edu Plus (U2) - Ghostysky","description":"El Unitree G1 EDU Plus (U2) es el modelo profesional intermedio de la serie de robots humanoides G1, dise\u00f1ado espec\u00edficamente para la investigaci\u00f3n avanzada en IA, el desarrollo secundario y la planificaci\u00f3n de movimientos complejos. Mientras que el G1 &quot;Est\u00e1ndar&quot; est\u00e1 dise\u00f1ado para la movilidad b\u00e1sica, el EDU Plus (U2) mejora el hardware y la capacidad de procesamiento para admitir una interacci\u00f3n humano-robot m\u00e1s sofisticada.","robots":{"index":"index","follow":"follow","max-snippet":"max-snippet:-1","max-image-preview":"max-image-preview:large","max-video-preview":"max-video-preview:-1"},"canonical":"https:\/\/www.ghostysky.com\/es\/producto-2\/unitree-g1-edu-u2\/","og_locale":"es_ES","og_type":"article","og_title":"Unitree G1 Edu Plus (U2) - Ghostysky","og_description":"The Unitree G1 EDU Plus (U2) is the intermediate professional tier of the G1 humanoid series, specifically engineered for high-level AI research, secondary development, and complex motion planning. While the \"Standard\" G1 is built for basic mobility, the EDU Plus (U2) upgrades the hardware and computing power to support more sophisticated human-robot interaction.","og_url":"https:\/\/www.ghostysky.com\/es\/producto-2\/unitree-g1-edu-u2\/","og_site_name":"Ghostysky","article_publisher":"https:\/\/www.facebook.com\/people\/Ghostysky\/100057676170234\/","article_modified_time":"2026-03-16T09:22:13+00:00","og_image":[{"width":650,"height":650,"url":"https:\/\/www.ghostysky.com\/wp-content\/uploads\/2025\/10\/GH_G1-Humanoid_1.png","type":"image\/png"}],"twitter_card":"summary_large_image","twitter_site":"@Gh0stysky","twitter_misc":{"Tiempo de lectura":"2 minutos"},"schema":{"@context":"https:\/\/schema.org","@graph":[{"@type":"WebPage","@id":"https:\/\/www.ghostysky.com\/product\/unitree-g1-edu-u2\/","url":"https:\/\/www.ghostysky.com\/product\/unitree-g1-edu-u2\/","name":"Unitree G1 Edu Plus (U2) - Ghostysky","isPartOf":{"@id":"https:\/\/www.ghostysky.com\/#website"},"primaryImageOfPage":{"@id":"https:\/\/www.ghostysky.com\/product\/unitree-g1-edu-u2\/#primaryimage"},"image":{"@id":"https:\/\/www.ghostysky.com\/product\/unitree-g1-edu-u2\/#primaryimage"},"thumbnailUrl":"https:\/\/www.ghostysky.com\/wp-content\/uploads\/2025\/10\/GH_G1-Humanoid_1.png","datePublished":"2025-10-16T17:00:44+00:00","dateModified":"2026-03-16T09:22:13+00:00","description":"El Unitree G1 EDU Plus (U2) es el modelo profesional intermedio de la serie de robots humanoides G1, dise\u00f1ado espec\u00edficamente para la investigaci\u00f3n avanzada en IA, el desarrollo secundario y la planificaci\u00f3n de movimientos complejos. Mientras que el G1 &quot;Est\u00e1ndar&quot; est\u00e1 dise\u00f1ado para la movilidad b\u00e1sica, el EDU Plus (U2) mejora el hardware y la capacidad de procesamiento para admitir una interacci\u00f3n humano-robot m\u00e1s sofisticada.","breadcrumb":{"@id":"https:\/\/www.ghostysky.com\/product\/unitree-g1-edu-u2\/#breadcrumb"},"inLanguage":"es","potentialAction":[{"@type":"ReadAction","target":["https:\/\/www.ghostysky.com\/product\/unitree-g1-edu-u2\/"]}]},{"@type":"ImageObject","inLanguage":"es","@id":"https:\/\/www.ghostysky.com\/product\/unitree-g1-edu-u2\/#primaryimage","url":"https:\/\/www.ghostysky.com\/wp-content\/uploads\/2025\/10\/GH_G1-Humanoid_1.png","contentUrl":"https:\/\/www.ghostysky.com\/wp-content\/uploads\/2025\/10\/GH_G1-Humanoid_1.png","width":650,"height":650},{"@type":"BreadcrumbList","@id":"https:\/\/www.ghostysky.com\/product\/unitree-g1-edu-u2\/#breadcrumb","itemListElement":[{"@type":"ListItem","position":1,"name":"Home","item":"https:\/\/www.ghostysky.com\/"},{"@type":"ListItem","position":2,"name":"Shop","item":"https:\/\/www.ghostysky.com\/shop\/"},{"@type":"ListItem","position":3,"name":"Unitree G1 Edu Plus (U2)"}]},{"@type":"WebSite","@id":"https:\/\/www.ghostysky.com\/#website","url":"https:\/\/www.ghostysky.com\/","name":"Ghostysky","description":"Entrega de drones y servicios profesionales","publisher":{"@id":"https:\/\/www.ghostysky.com\/#organization"},"potentialAction":[{"@type":"SearchAction","target":{"@type":"EntryPoint","urlTemplate":"https:\/\/www.ghostysky.com\/?s={search_term_string}"},"query-input":{"@type":"PropertyValueSpecification","valueRequired":true,"valueName":"search_term_string"}}],"inLanguage":"es"},{"@type":"Organization","@id":"https:\/\/www.ghostysky.com\/#organization","name":"Ghostysky","url":"https:\/\/www.ghostysky.com\/","logo":{"@type":"ImageObject","inLanguage":"es","@id":"https:\/\/www.ghostysky.com\/#\/schema\/logo\/image\/","url":"https:\/\/www.ghostysky.com\/wp-content\/uploads\/2020\/06\/cropped-ghostyskylogo_text_white2.png","contentUrl":"https:\/\/www.ghostysky.com\/wp-content\/uploads\/2020\/06\/cropped-ghostyskylogo_text_white2.png","width":169,"height":56,"caption":"Ghostysky"},"image":{"@id":"https:\/\/www.ghostysky.com\/#\/schema\/logo\/image\/"},"sameAs":["https:\/\/www.facebook.com\/people\/Ghostysky\/100057676170234\/","https:\/\/x.com\/Gh0stysky","https:\/\/www.linkedin.com\/company\/34739653","https:\/\/www.instagram.com\/gh0stysky"]}]}},"_links":{"self":[{"href":"https:\/\/www.ghostysky.com\/es\/wp-json\/wp\/v2\/product\/21527","targetHints":{"allow":["GET"]}}],"collection":[{"href":"https:\/\/www.ghostysky.com\/es\/wp-json\/wp\/v2\/product"}],"about":[{"href":"https:\/\/www.ghostysky.com\/es\/wp-json\/wp\/v2\/types\/product"}],"replies":[{"embeddable":true,"href":"https:\/\/www.ghostysky.com\/es\/wp-json\/wp\/v2\/comments?post=21527"}],"wp:featuredmedia":[{"embeddable":true,"href":"https:\/\/www.ghostysky.com\/es\/wp-json\/wp\/v2\/media\/21524"}],"wp:attachment":[{"href":"https:\/\/www.ghostysky.com\/es\/wp-json\/wp\/v2\/media?parent=21527"}],"wp:term":[{"taxonomy":"product_brand","embeddable":true,"href":"https:\/\/www.ghostysky.com\/es\/wp-json\/wp\/v2\/product_brand?post=21527"},{"taxonomy":"product_cat","embeddable":true,"href":"https:\/\/www.ghostysky.com\/es\/wp-json\/wp\/v2\/product_cat?post=21527"},{"taxonomy":"product_tag","embeddable":true,"href":"https:\/\/www.ghostysky.com\/es\/wp-json\/wp\/v2\/product_tag?post=21527"}],"curies":[{"name":"wp","href":"https:\/\/api.w.org\/{rel}","templated":true}]}}