{"id":21563,"date":"2025-10-17T06:29:38","date_gmt":"2025-10-17T06:29:38","guid":{"rendered":"https:\/\/www.ghostysky.com\/?post_type=product&#038;p=21563"},"modified":"2026-03-19T12:04:35","modified_gmt":"2026-03-19T12:04:35","slug":"unitree-r1-edu-u1","status":"publish","type":"product","link":"https:\/\/www.ghostysky.com\/es\/product\/unitree-r1-edu-u1\/","title":{"rendered":"Est\u00e1ndar Unitree R1 EDU (U1)"},"content":{"rendered":"<div id=\"model-response-message-contentr_ac6a3d62169ccad2\" class=\"markdown markdown-main-panel stronger enable-updated-hr-color\" dir=\"ltr\">\n<h3 data-path-to-node=\"3\">Especificaciones principales y rendimiento<\/h3>\n<table data-path-to-node=\"4\">\n<thead>\n<tr>\n<td><strong>Caracter\u00edstica<\/strong><\/td>\n<td><strong>Especificaci\u00f3n<\/strong><\/td>\n<\/tr>\n<\/thead>\n<tbody>\n<tr>\n<td><span data-path-to-node=\"4,1,0,0\"><b data-path-to-node=\"4,1,0,0\" data-index-in-node=\"0\">Altura \/ Peso<\/b><\/span><\/td>\n<td><span data-path-to-node=\"4,1,1,0\">~127 cm (4,1 pies) \/ ~35 kg<\/span><\/td>\n<\/tr>\n<tr>\n<td><span data-path-to-node=\"4,2,0,0\"><b data-path-to-node=\"4,2,0,0\" data-index-in-node=\"0\">Grados de libertad<\/b><\/span><\/td>\n<td><span data-path-to-node=\"4,2,1,0\">De 23 (est\u00e1ndar) a 43 (con manecillas opcionales)<\/span><\/td>\n<\/tr>\n<tr>\n<td><span data-path-to-node=\"4,3,0,0\"><b data-path-to-node=\"4,3,0,0\" data-index-in-node=\"0\">Torque articular<\/b><\/span><\/td>\n<td><span data-path-to-node=\"4,3,1,0\">Hasta 120 N\u00b7m (rodilla)<\/span><\/td>\n<\/tr>\n<tr>\n<td><span data-path-to-node=\"4,4,0,0\"><b data-path-to-node=\"4,4,0,0\" data-index-in-node=\"0\">Duraci\u00f3n de la bater\u00eda<\/b><\/span><\/td>\n<td><span data-path-to-node=\"4,4,1,0\">Aproximadamente 2 horas (dise\u00f1o de liberaci\u00f3n r\u00e1pida)<\/span><\/td>\n<\/tr>\n<tr>\n<td><span data-path-to-node=\"4,5,0,0\"><b data-path-to-node=\"4,5,0,0\" data-index-in-node=\"0\">Conectividad<\/b><\/span><\/td>\n<td><span data-path-to-node=\"4,5,1,0\">Wi-Fi 6, Bluetooth 5.2, Gigabit Ethernet<\/span><\/td>\n<\/tr>\n<\/tbody>\n<\/table>\n<\/div>\n<h3 data-path-to-node=\"6\"><\/h3>\n<h3 data-path-to-node=\"6\">Caracter\u00edsticas clave<\/h3>\n<ul data-path-to-node=\"7\">\n<li>\n<p data-path-to-node=\"7,0,0\"><b data-path-to-node=\"7,0,0\" data-index-in-node=\"0\">Agilidad similar a la humana:<\/b> Gracias a los motores de alto par patentados de Unitree, el R1 puede realizar tareas complejas como saltar, caminar sobre terrenos irregulares e incluso enderezarse solo si se cae.<\/p>\n<\/li>\n<li>\n<p id=\"p-rc_5b814bd7999b4c33-42\" data-path-to-node=\"7,1,0\"><b data-path-to-node=\"7,1,0\" data-index-in-node=\"0\"><span class=\"citation-93\">Percepci\u00f3n avanzada:<\/span><\/b><span class=\"citation-93 citation-end-93\"> Incorpora un LiDAR 3D (detecci\u00f3n de 360\u00b0) y una c\u00e1mara de profundidad, lo que permite la localizaci\u00f3n y mapeo simult\u00e1neos (SLAM) en tiempo real y una sofisticada evitaci\u00f3n de obst\u00e1culos.<\/span><\/p>\n<\/li>\n<li>\n<p data-path-to-node=\"7,2,0\"><b data-path-to-node=\"7,2,0\" data-index-in-node=\"0\">Plegable y port\u00e1til:<\/b> A diferencia de la mayor\u00eda de los humanoides voluminosos, el R1 presenta un innovador dise\u00f1o plegable que permite comprimirlo en una forma compacta para facilitar su transporte en un veh\u00edculo est\u00e1ndar.<\/p>\n<\/li>\n<li>\n<p id=\"p-rc_5b814bd7999b4c33-43\" data-path-to-node=\"7,3,0\"><b data-path-to-node=\"7,3,0\" data-index-in-node=\"0\">La ventaja \u201cEDU\u201d:<\/b><span class=\"citation-92\"> Esta versi\u00f3n proporciona acceso completo a la <\/span><b data-path-to-node=\"7,3,0\" data-index-in-node=\"62\"><span class=\"citation-92\">SDK de robot Unitree<\/span><\/b><span class=\"citation-92 citation-end-92\">.<\/span> <span class=\"citation-91 citation-end-91\">Es compatible con ROS 2, C++ y Python, lo que permite a los investigadores programar patrones de marcha personalizados, comportamientos de IA y navegaci\u00f3n aut\u00f3noma.<\/span><\/p>\n<div class=\"source-inline-chip-container ng-star-inserted\"><\/div>\n<p>&nbsp;<\/li>\n<\/ul>\n<h3 data-path-to-node=\"9\">Inteligencia y computaci\u00f3n<\/h3>\n<p id=\"p-rc_5b814bd7999b4c33-44\" data-path-to-node=\"10\">El R1 EDU es un centro neur\u00e1lgico para el desarrollo de la IA. <span class=\"citation-90 citation-end-90\">Est\u00e1 equipado con un m\u00f3dulo de computaci\u00f3n integrado de alto rendimiento (normalmente con tecnolog\u00eda NVIDIA Orin) para gestionar tareas de aprendizaje por refuerzo y visi\u00f3n artificial en tiempo real.<\/span><\/p>\n<blockquote data-path-to-node=\"11\">\n<p id=\"p-rc_5b814bd7999b4c33-45\" data-path-to-node=\"11,0\"><b data-path-to-node=\"11,0\" data-index-in-node=\"0\">Nota del desarrollador:<\/b><span class=\"citation-89\"> El R1 EDU es particularmente eficaz para la formaci\u00f3n. <\/span><b data-path-to-node=\"11,0\" data-index-in-node=\"66\"><span class=\"citation-89\">Modelos de Fundaci\u00f3n<\/span><\/b><span class=\"citation-89 citation-end-89\"> Para la rob\u00f3tica, ya que proporciona informaci\u00f3n de alta fidelidad a partir de sus sensores y codificadores de motor.<\/span><\/p>\n<div class=\"source-inline-chip-container ng-star-inserted\"><\/div>\n<p>&nbsp;<\/p><\/blockquote>\n<h3 data-path-to-node=\"13\">Casos de uso<\/h3>\n<ul data-path-to-node=\"14\">\n<li>\n<p id=\"p-rc_5b814bd7999b4c33-46\" data-path-to-node=\"14,0,0\"><b data-path-to-node=\"14,0,0\" data-index-in-node=\"0\"><span class=\"citation-88\">Investigaci\u00f3n acad\u00e9mica:<\/span><\/b><span class=\"citation-88 citation-end-88\"> Ideal para estudiar la locomoci\u00f3n b\u00edpeda y la interacci\u00f3n humano-robot.<\/span><\/p>\n<\/li>\n<li>\n<p id=\"p-rc_5b814bd7999b4c33-47\" data-path-to-node=\"14,1,0\"><b data-path-to-node=\"14,1,0\" data-index-in-node=\"0\">Entrenamiento de IA:<\/b><span class=\"citation-87 citation-end-87\"> Un agente f\u00edsico ideal para probar modelos de lenguaje a gran escala (LLM, por sus siglas en ingl\u00e9s) y modelos de visi\u00f3n, lenguaje y acci\u00f3n (VLA, por sus siglas en ingl\u00e9s).<\/span><\/p>\n<\/li>\n<li>\n<p data-path-to-node=\"14,2,0\"><b data-path-to-node=\"14,2,0\" data-index-in-node=\"0\">Exposici\u00f3n y marca:<\/b> Su est\u00e9tica elegante y futurista la convierte en la pieza central de exhibiciones tecnol\u00f3gicas y demostraciones de alta gama.<\/p>\n<\/li>\n<\/ul>","protected":false},"excerpt":{"rendered":"<p data-path-to-node=\"0\"><span class=\"citation-95\">El <\/span><b data-path-to-node=\"0\" data-index-in-node=\"4\"><span class=\"citation-95\">Est\u00e1ndar Unitree R1 EDU (U1)<\/span><\/b><span class=\"citation-95 citation-end-95\"> Es un robot humanoide de alto rendimiento y uso general, dise\u00f1ado para cerrar la brecha entre la investigaci\u00f3n rob\u00f3tica avanzada y su aplicaci\u00f3n en el mundo real.<\/span> Como parte de la evoluci\u00f3n del &quot;Humanoide Universal&quot; de Unitree, el R1 (tambi\u00e9n conocido como G1 en su versi\u00f3n para el consumidor) est\u00e1 dise\u00f1ado para ofrecer agilidad, inteligencia y durabilidad.<\/p>\n<p id=\"p-rc_5b814bd7999b4c33-41\" data-path-to-node=\"1\"><span class=\"citation-94 citation-end-94\">La designaci\u00f3n &quot;EDU&quot; significa que esta versi\u00f3n est\u00e1 espec\u00edficamente desbloqueada y optimizada para el desarrollo secundario, lo que la convierte en el est\u00e1ndar de oro para universidades, laboratorios de IA e innovadores tecnol\u00f3gicos.<\/span><\/p>","protected":false},"featured_media":21562,"comment_status":"open","ping_status":"closed","template":"","meta":[],"product_brand":[1087],"product_cat":[1038,1037,1103],"product_tag":[1088,1105,1112,1113],"class_list":{"0":"post-21563","1":"product","2":"type-product","3":"status-publish","4":"has-post-thumbnail","6":"product_brand-unitree","7":"product_cat-humanoid","8":"product_cat-robotics","9":"product_cat-unitree-hum-robots","10":"product_tag-unitree","11":"product_tag-unitree-humanoid","12":"product_tag-unitree-r1","13":"product_tag-unitree-r1-series","15":"first","16":"onbackorder","17":"taxable","18":"shipping-taxable","19":"purchasable","20":"product-type-simple"},"yoast_head":"<!-- This site is optimized with the Yoast SEO plugin v27.1.1 - https:\/\/yoast.com\/product\/yoast-seo-wordpress\/ -->\n<title>Unitree R1 EDU Standard (U1) - Ghostysky<\/title>\n<meta name=\"description\" content=\"The Unitree R1 EDU Standard (U1) is a high-performance, general-purpose humanoid robot designed to bridge the gap between advanced robotics research and real-world application. As part of Unitree\u2019s &quot;Universal Humanoid&quot; evolution, the R1 (also known as the G1 in its consumer-facing iteration) is built for agility, intelligence, and durability.The &quot;EDU&quot; designation means this version is specifically unlocked and optimized for secondary development, making it the gold standard for universities, AI labs, and tech innovators.\" \/>\n<meta name=\"robots\" content=\"index, follow, max-snippet:-1, max-image-preview:large, max-video-preview:-1\" \/>\n<link rel=\"canonical\" href=\"https:\/\/www.ghostysky.com\/es\/producto-2\/unitree-r1-edu-u1\/\" \/>\n<meta property=\"og:locale\" content=\"es_ES\" \/>\n<meta property=\"og:type\" content=\"article\" \/>\n<meta property=\"og:title\" content=\"Unitree R1 EDU Standard (U1) - Ghostysky\" \/>\n<meta property=\"og:description\" content=\"The Unitree R1 EDU Standard (U1) is a high-performance, general-purpose humanoid robot designed to bridge the gap between advanced robotics research and real-world application. As part of Unitree\u2019s &quot;Universal Humanoid&quot; evolution, the R1 (also known as the G1 in its consumer-facing iteration) is built for agility, intelligence, and durability.The &quot;EDU&quot; designation means this version is specifically unlocked and optimized for secondary development, making it the gold standard for universities, AI labs, and tech innovators.\" \/>\n<meta property=\"og:url\" content=\"https:\/\/www.ghostysky.com\/es\/producto-2\/unitree-r1-edu-u1\/\" \/>\n<meta property=\"og:site_name\" content=\"Ghostysky\" \/>\n<meta property=\"article:publisher\" content=\"https:\/\/www.facebook.com\/people\/Ghostysky\/100057676170234\/\" \/>\n<meta property=\"article:modified_time\" content=\"2026-03-19T12:04:35+00:00\" \/>\n<meta property=\"og:image\" content=\"https:\/\/www.ghostysky.com\/wp-content\/uploads\/2025\/10\/GH_R1-Basic-Version_1.jpg\" \/>\n\t<meta property=\"og:image:width\" content=\"225\" \/>\n\t<meta property=\"og:image:height\" content=\"225\" \/>\n\t<meta property=\"og:image:type\" content=\"image\/jpeg\" \/>\n<meta name=\"twitter:card\" content=\"summary_large_image\" \/>\n<meta name=\"twitter:site\" content=\"@Gh0stysky\" \/>\n<meta name=\"twitter:label1\" content=\"Tiempo de lectura\" \/>\n\t<meta name=\"twitter:data1\" content=\"2 minutos\" \/>\n<script type=\"application\/ld+json\" class=\"yoast-schema-graph\">{\"@context\":\"https:\/\/schema.org\",\"@graph\":[{\"@type\":\"WebPage\",\"@id\":\"https:\/\/www.ghostysky.com\/product\/unitree-r1-edu-u1\/\",\"url\":\"https:\/\/www.ghostysky.com\/product\/unitree-r1-edu-u1\/\",\"name\":\"Unitree R1 EDU Standard (U1) - Ghostysky\",\"isPartOf\":{\"@id\":\"https:\/\/www.ghostysky.com\/#website\"},\"primaryImageOfPage\":{\"@id\":\"https:\/\/www.ghostysky.com\/product\/unitree-r1-edu-u1\/#primaryimage\"},\"image\":{\"@id\":\"https:\/\/www.ghostysky.com\/product\/unitree-r1-edu-u1\/#primaryimage\"},\"thumbnailUrl\":\"https:\/\/www.ghostysky.com\/wp-content\/uploads\/2025\/10\/GH_R1-Basic-Version_1.jpg\",\"datePublished\":\"2025-10-17T06:29:38+00:00\",\"dateModified\":\"2026-03-19T12:04:35+00:00\",\"description\":\"The Unitree R1 EDU Standard (U1) is a high-performance, general-purpose humanoid robot designed to bridge the gap between advanced robotics research and real-world application. As part of Unitree\u2019s \\\"Universal Humanoid\\\" evolution, the R1 (also known as the G1 in its consumer-facing iteration) is built for agility, intelligence, and durability.The \\\"EDU\\\" designation means this version is specifically unlocked and optimized for secondary development, making it the gold standard for universities, AI labs, and tech innovators.\",\"breadcrumb\":{\"@id\":\"https:\/\/www.ghostysky.com\/product\/unitree-r1-edu-u1\/#breadcrumb\"},\"inLanguage\":\"es\",\"potentialAction\":[{\"@type\":\"ReadAction\",\"target\":[\"https:\/\/www.ghostysky.com\/product\/unitree-r1-edu-u1\/\"]}]},{\"@type\":\"ImageObject\",\"inLanguage\":\"es\",\"@id\":\"https:\/\/www.ghostysky.com\/product\/unitree-r1-edu-u1\/#primaryimage\",\"url\":\"https:\/\/www.ghostysky.com\/wp-content\/uploads\/2025\/10\/GH_R1-Basic-Version_1.jpg\",\"contentUrl\":\"https:\/\/www.ghostysky.com\/wp-content\/uploads\/2025\/10\/GH_R1-Basic-Version_1.jpg\",\"width\":225,\"height\":225},{\"@type\":\"BreadcrumbList\",\"@id\":\"https:\/\/www.ghostysky.com\/product\/unitree-r1-edu-u1\/#breadcrumb\",\"itemListElement\":[{\"@type\":\"ListItem\",\"position\":1,\"name\":\"Home\",\"item\":\"https:\/\/www.ghostysky.com\/\"},{\"@type\":\"ListItem\",\"position\":2,\"name\":\"Shop\",\"item\":\"https:\/\/www.ghostysky.com\/shop\/\"},{\"@type\":\"ListItem\",\"position\":3,\"name\":\"Unitree R1 EDU Standard (U1)\"}]},{\"@type\":\"WebSite\",\"@id\":\"https:\/\/www.ghostysky.com\/#website\",\"url\":\"https:\/\/www.ghostysky.com\/\",\"name\":\"Ghostysky\",\"description\":\"Delivering professional drones and services\",\"publisher\":{\"@id\":\"https:\/\/www.ghostysky.com\/#organization\"},\"potentialAction\":[{\"@type\":\"SearchAction\",\"target\":{\"@type\":\"EntryPoint\",\"urlTemplate\":\"https:\/\/www.ghostysky.com\/?s={search_term_string}\"},\"query-input\":{\"@type\":\"PropertyValueSpecification\",\"valueRequired\":true,\"valueName\":\"search_term_string\"}}],\"inLanguage\":\"es\"},{\"@type\":\"Organization\",\"@id\":\"https:\/\/www.ghostysky.com\/#organization\",\"name\":\"Ghostysky\",\"url\":\"https:\/\/www.ghostysky.com\/\",\"logo\":{\"@type\":\"ImageObject\",\"inLanguage\":\"es\",\"@id\":\"https:\/\/www.ghostysky.com\/#\/schema\/logo\/image\/\",\"url\":\"https:\/\/www.ghostysky.com\/wp-content\/uploads\/2020\/06\/cropped-ghostyskylogo_text_white2.png\",\"contentUrl\":\"https:\/\/www.ghostysky.com\/wp-content\/uploads\/2020\/06\/cropped-ghostyskylogo_text_white2.png\",\"width\":169,\"height\":56,\"caption\":\"Ghostysky\"},\"image\":{\"@id\":\"https:\/\/www.ghostysky.com\/#\/schema\/logo\/image\/\"},\"sameAs\":[\"https:\/\/www.facebook.com\/people\/Ghostysky\/100057676170234\/\",\"https:\/\/x.com\/Gh0stysky\",\"https:\/\/www.linkedin.com\/company\/34739653\",\"https:\/\/www.instagram.com\/gh0stysky\"]}]}<\/script>\n<!-- \/ Yoast SEO plugin. -->","yoast_head_json":{"title":"Est\u00e1ndar Unitree R1 EDU (U1) - Ghostysky","description":"El Unitree R1 EDU Standard (U1) es un robot humanoide de alto rendimiento y uso general, dise\u00f1ado para tender un puente entre la investigaci\u00f3n rob\u00f3tica avanzada y su aplicaci\u00f3n en el mundo real. Como parte de la evoluci\u00f3n del &quot;Humanoide Universal&quot; de Unitree, el R1 (tambi\u00e9n conocido como G1 en su versi\u00f3n para el consumidor) est\u00e1 dise\u00f1ado para ofrecer agilidad, inteligencia y durabilidad. La designaci\u00f3n &quot;EDU&quot; significa que esta versi\u00f3n est\u00e1 espec\u00edficamente desbloqueada y optimizada para el desarrollo secundario, lo que la convierte en el referente para universidades, laboratorios de IA e innovadores tecnol\u00f3gicos.","robots":{"index":"index","follow":"follow","max-snippet":"max-snippet:-1","max-image-preview":"max-image-preview:large","max-video-preview":"max-video-preview:-1"},"canonical":"https:\/\/www.ghostysky.com\/es\/producto-2\/unitree-r1-edu-u1\/","og_locale":"es_ES","og_type":"article","og_title":"Unitree R1 EDU Standard (U1) - Ghostysky","og_description":"The Unitree R1 EDU Standard (U1) is a high-performance, general-purpose humanoid robot designed to bridge the gap between advanced robotics research and real-world application. As part of Unitree\u2019s \"Universal Humanoid\" evolution, the R1 (also known as the G1 in its consumer-facing iteration) is built for agility, intelligence, and durability.The \"EDU\" designation means this version is specifically unlocked and optimized for secondary development, making it the gold standard for universities, AI labs, and tech innovators.","og_url":"https:\/\/www.ghostysky.com\/es\/producto-2\/unitree-r1-edu-u1\/","og_site_name":"Ghostysky","article_publisher":"https:\/\/www.facebook.com\/people\/Ghostysky\/100057676170234\/","article_modified_time":"2026-03-19T12:04:35+00:00","og_image":[{"width":225,"height":225,"url":"https:\/\/www.ghostysky.com\/wp-content\/uploads\/2025\/10\/GH_R1-Basic-Version_1.jpg","type":"image\/jpeg"}],"twitter_card":"summary_large_image","twitter_site":"@Gh0stysky","twitter_misc":{"Tiempo de lectura":"2 minutos"},"schema":{"@context":"https:\/\/schema.org","@graph":[{"@type":"WebPage","@id":"https:\/\/www.ghostysky.com\/product\/unitree-r1-edu-u1\/","url":"https:\/\/www.ghostysky.com\/product\/unitree-r1-edu-u1\/","name":"Est\u00e1ndar Unitree R1 EDU (U1) - Ghostysky","isPartOf":{"@id":"https:\/\/www.ghostysky.com\/#website"},"primaryImageOfPage":{"@id":"https:\/\/www.ghostysky.com\/product\/unitree-r1-edu-u1\/#primaryimage"},"image":{"@id":"https:\/\/www.ghostysky.com\/product\/unitree-r1-edu-u1\/#primaryimage"},"thumbnailUrl":"https:\/\/www.ghostysky.com\/wp-content\/uploads\/2025\/10\/GH_R1-Basic-Version_1.jpg","datePublished":"2025-10-17T06:29:38+00:00","dateModified":"2026-03-19T12:04:35+00:00","description":"El Unitree R1 EDU Standard (U1) es un robot humanoide de alto rendimiento y uso general, dise\u00f1ado para tender un puente entre la investigaci\u00f3n rob\u00f3tica avanzada y su aplicaci\u00f3n en el mundo real. Como parte de la evoluci\u00f3n del &quot;Humanoide Universal&quot; de Unitree, el R1 (tambi\u00e9n conocido como G1 en su versi\u00f3n para el consumidor) est\u00e1 dise\u00f1ado para ofrecer agilidad, inteligencia y durabilidad. La designaci\u00f3n &quot;EDU&quot; significa que esta versi\u00f3n est\u00e1 espec\u00edficamente desbloqueada y optimizada para el desarrollo secundario, lo que la convierte en el referente para universidades, laboratorios de IA e innovadores tecnol\u00f3gicos.","breadcrumb":{"@id":"https:\/\/www.ghostysky.com\/product\/unitree-r1-edu-u1\/#breadcrumb"},"inLanguage":"es","potentialAction":[{"@type":"ReadAction","target":["https:\/\/www.ghostysky.com\/product\/unitree-r1-edu-u1\/"]}]},{"@type":"ImageObject","inLanguage":"es","@id":"https:\/\/www.ghostysky.com\/product\/unitree-r1-edu-u1\/#primaryimage","url":"https:\/\/www.ghostysky.com\/wp-content\/uploads\/2025\/10\/GH_R1-Basic-Version_1.jpg","contentUrl":"https:\/\/www.ghostysky.com\/wp-content\/uploads\/2025\/10\/GH_R1-Basic-Version_1.jpg","width":225,"height":225},{"@type":"BreadcrumbList","@id":"https:\/\/www.ghostysky.com\/product\/unitree-r1-edu-u1\/#breadcrumb","itemListElement":[{"@type":"ListItem","position":1,"name":"Home","item":"https:\/\/www.ghostysky.com\/"},{"@type":"ListItem","position":2,"name":"Shop","item":"https:\/\/www.ghostysky.com\/shop\/"},{"@type":"ListItem","position":3,"name":"Unitree R1 EDU Standard (U1)"}]},{"@type":"WebSite","@id":"https:\/\/www.ghostysky.com\/#website","url":"https:\/\/www.ghostysky.com\/","name":"Ghostysky","description":"Entrega de drones y servicios profesionales","publisher":{"@id":"https:\/\/www.ghostysky.com\/#organization"},"potentialAction":[{"@type":"SearchAction","target":{"@type":"EntryPoint","urlTemplate":"https:\/\/www.ghostysky.com\/?s={search_term_string}"},"query-input":{"@type":"PropertyValueSpecification","valueRequired":true,"valueName":"search_term_string"}}],"inLanguage":"es"},{"@type":"Organization","@id":"https:\/\/www.ghostysky.com\/#organization","name":"Ghostysky","url":"https:\/\/www.ghostysky.com\/","logo":{"@type":"ImageObject","inLanguage":"es","@id":"https:\/\/www.ghostysky.com\/#\/schema\/logo\/image\/","url":"https:\/\/www.ghostysky.com\/wp-content\/uploads\/2020\/06\/cropped-ghostyskylogo_text_white2.png","contentUrl":"https:\/\/www.ghostysky.com\/wp-content\/uploads\/2020\/06\/cropped-ghostyskylogo_text_white2.png","width":169,"height":56,"caption":"Ghostysky"},"image":{"@id":"https:\/\/www.ghostysky.com\/#\/schema\/logo\/image\/"},"sameAs":["https:\/\/www.facebook.com\/people\/Ghostysky\/100057676170234\/","https:\/\/x.com\/Gh0stysky","https:\/\/www.linkedin.com\/company\/34739653","https:\/\/www.instagram.com\/gh0stysky"]}]}},"_links":{"self":[{"href":"https:\/\/www.ghostysky.com\/es\/wp-json\/wp\/v2\/product\/21563","targetHints":{"allow":["GET"]}}],"collection":[{"href":"https:\/\/www.ghostysky.com\/es\/wp-json\/wp\/v2\/product"}],"about":[{"href":"https:\/\/www.ghostysky.com\/es\/wp-json\/wp\/v2\/types\/product"}],"replies":[{"embeddable":true,"href":"https:\/\/www.ghostysky.com\/es\/wp-json\/wp\/v2\/comments?post=21563"}],"wp:featuredmedia":[{"embeddable":true,"href":"https:\/\/www.ghostysky.com\/es\/wp-json\/wp\/v2\/media\/21562"}],"wp:attachment":[{"href":"https:\/\/www.ghostysky.com\/es\/wp-json\/wp\/v2\/media?parent=21563"}],"wp:term":[{"taxonomy":"product_brand","embeddable":true,"href":"https:\/\/www.ghostysky.com\/es\/wp-json\/wp\/v2\/product_brand?post=21563"},{"taxonomy":"product_cat","embeddable":true,"href":"https:\/\/www.ghostysky.com\/es\/wp-json\/wp\/v2\/product_cat?post=21563"},{"taxonomy":"product_tag","embeddable":true,"href":"https:\/\/www.ghostysky.com\/es\/wp-json\/wp\/v2\/product_tag?post=21563"}],"curies":[{"name":"wp","href":"https:\/\/api.w.org\/{rel}","templated":true}]}}