{"id":21566,"date":"2025-10-17T06:40:14","date_gmt":"2025-10-17T06:40:14","guid":{"rendered":"https:\/\/www.ghostysky.com\/?post_type=product&#038;p=21566"},"modified":"2026-03-20T11:36:59","modified_gmt":"2026-03-20T11:36:59","slug":"unitree-r1-edu-u4","status":"publish","type":"product","link":"https:\/\/www.ghostysky.com\/es\/product\/unitree-r1-edu-u4\/","title":{"rendered":"Unitree R1 Edu Pro B (U4)"},"content":{"rendered":"<div id=\"model-response-message-contentr_ac6a3d62169ccad2\" class=\"markdown markdown-main-panel stronger enable-updated-hr-color\" dir=\"ltr\">\n<div id=\"model-response-message-contentr_ec72f52c99aa473d\" class=\"markdown markdown-main-panel stronger enable-updated-hr-color\" dir=\"ltr\">\n<div id=\"model-response-message-contentr_35753a61cf4863b3\" class=\"markdown markdown-main-panel stronger enable-updated-hr-color\" dir=\"ltr\">\n<h3 data-path-to-node=\"1\">Dise\u00f1o central y agilidad<\/h3>\n<p id=\"p-rc_2da3b7df85f1cb37-51\" data-path-to-node=\"2\"><span class=\"citation-102 citation-end-102\">La serie R1 destaca por sus proporciones humanoides y su tecnolog\u00eda de motor de alta velocidad, que le permite realizar maniobras din\u00e1micas como correr, volteretas y hacer el pino.<\/span><\/p>\n<ul data-path-to-node=\"3\">\n<li>\n<p id=\"p-rc_2da3b7df85f1cb37-52\" data-path-to-node=\"3,0,0\"><b data-path-to-node=\"3,0,0\" data-index-in-node=\"0\"><span class=\"citation-101\">Altura y peso:<\/span><\/b><span class=\"citation-101 citation-end-101\"> Aproximadamente 1,21 m (4 pies) de altura y ~25 kg (55 libras).<\/span><\/p>\n<\/li>\n<li>\n<p id=\"p-rc_2da3b7df85f1cb37-53\" data-path-to-node=\"3,1,0\"><b data-path-to-node=\"3,1,0\" data-index-in-node=\"0\">Estructura:<\/b><span class=\"citation-100 citation-end-100\"> Carcasa de material compuesto sobre un marco de aleaci\u00f3n con cableado interno hueco para un acabado limpio y profesional.<\/span><\/p>\n<\/li>\n<li>\n<p id=\"p-rc_2da3b7df85f1cb37-54\" data-path-to-node=\"3,2,0\"><b data-path-to-node=\"3,2,0\" data-index-in-node=\"0\"><span class=\"citation-99\">Rendimiento conjunto:<\/span><\/b><span class=\"citation-99 citation-end-99\"> Impulsado por motores s\u00edncronos de imanes permanentes (PMSM) de rotor interno de alta velocidad y rodamientos de rodillos cruzados de grado industrial para una alta precisi\u00f3n.<\/span><\/p>\n<p>&nbsp;<\/li>\n<\/ul>\n<h3 data-path-to-node=\"4\">Mejoras clave de EDU Pro B (U4)<\/h3>\n<p data-path-to-node=\"5\">A diferencia de los modelos R1 b\u00e1sicos, el <b data-path-to-node=\"5\" data-index-in-node=\"32\">U4<\/b> Esta versi\u00f3n est\u00e1 equipada para una manipulaci\u00f3n delicada y una interacci\u00f3n profunda con el entorno:<\/p>\n<ul data-path-to-node=\"6\">\n<li>\n<p id=\"p-rc_2da3b7df85f1cb37-55\" data-path-to-node=\"6,0,0\"><b data-path-to-node=\"6,0,0\" data-index-in-node=\"0\">Grados de libertad (GDL):<\/b><span class=\"citation-98\"> Caracter\u00edsticas <\/span><b data-path-to-node=\"6,0,0\" data-index-in-node=\"35\"><span class=\"citation-98\">40 grados de libertad<\/span><\/b><span class=\"citation-98 citation-end-98\"> En total, son significativamente m\u00e1s que los 24-26 grados de libertad que se encuentran en las versiones b\u00e1sicas.<\/span><\/p>\n<\/li>\n<li>\n<p id=\"p-rc_2da3b7df85f1cb37-56\" data-path-to-node=\"6,1,0\"><b data-path-to-node=\"6,1,0\" data-index-in-node=\"0\"><span class=\"citation-97\">Manos diestras:<\/span><\/b><span class=\"citation-97\"> Equipado con <\/span><b data-path-to-node=\"6,1,0\" data-index-in-node=\"31\"><span class=\"citation-97\">Dos manos Dex3-1 de 3 dedos controladas por fuerza<\/span><\/b><span class=\"citation-97 citation-end-97\">.<\/span> Estas manos incluyen <b data-path-to-node=\"6,1,0\" data-index-in-node=\"95\">matrices de sensores t\u00e1ctiles<\/b>, lo que permite al robot percibir la presi\u00f3n y manipular objetos con una sensibilidad similar a la humana.<\/p>\n<\/li>\n<li>\n<p id=\"p-rc_2da3b7df85f1cb37-57\" data-path-to-node=\"6,2,0\"><b data-path-to-node=\"6,2,0\" data-index-in-node=\"0\">Movilidad de la cabeza:<\/b><span class=\"citation-96 citation-end-96\"> Incluye 2 grados de libertad en la cabeza, lo que permite el movimiento panor\u00e1mico e inclinaci\u00f3n para un mejor escaneo del entorno y la interacci\u00f3n humano-robot (HRI).<\/span><\/p>\n<p>&nbsp;<\/li>\n<\/ul>\n<h3 data-path-to-node=\"7\">Inteligencia y conectividad<\/h3>\n<ul data-path-to-node=\"8\">\n<li>\n<p id=\"p-rc_2da3b7df85f1cb37-58\" data-path-to-node=\"8,0,0\"><b data-path-to-node=\"8,0,0\" data-index-in-node=\"0\"><span class=\"citation-95\">Inform\u00e1tica a bordo:<\/span><\/b><span class=\"citation-95\"> Impulsado por una CPU de alto rendimiento de 8 n\u00facleos, con una actualizaci\u00f3n opcional a un <\/span><b data-path-to-node=\"8,0,0\" data-index-in-node=\"93\"><span class=\"citation-95\">NVIDIA Jetson Orin<\/span><\/b><span class=\"citation-95 citation-end-95\"> (hasta 100 TOPS) para inferencia de IA en tiempo real y aprendizaje por refuerzo.<\/span><\/p>\n<\/li>\n<li>\n<p id=\"p-rc_2da3b7df85f1cb37-59\" data-path-to-node=\"8,1,0\"><b data-path-to-node=\"8,1,0\" data-index-in-node=\"0\"><span class=\"citation-94\">Percepci\u00f3n:<\/span><\/b><span class=\"citation-94 citation-end-94\"> Incorpora una c\u00e1mara est\u00e9reo binocular para visi\u00f3n 3D, un conjunto de 4 micr\u00f3fonos para audio espacial\/comandos de voz y altavoces integrados.<\/span><\/p>\n<\/li>\n<li>\n<p id=\"p-rc_2da3b7df85f1cb37-60\" data-path-to-node=\"8,2,0\"><b data-path-to-node=\"8,2,0\" data-index-in-node=\"0\"><span class=\"citation-93\">Integraci\u00f3n de la IA:<\/span><\/b><span class=\"citation-93\"> Barcos con soporte para Unitree <\/span><b data-path-to-node=\"8,2,0\" data-index-in-node=\"49\"><span class=\"citation-93\">UnifoLM<\/span><\/b><span class=\"citation-93 citation-end-93\"> (Modelo Grande de Robot Unificado), que permite la interacci\u00f3n multimodal (voz + visual).<\/span><\/p>\n<\/li>\n<li>\n<p id=\"p-rc_2da3b7df85f1cb37-61\" data-path-to-node=\"8,3,0\"><b data-path-to-node=\"8,3,0\" data-index-in-node=\"0\"><span class=\"citation-92\">Conectividad:<\/span><\/b><span class=\"citation-92 citation-end-92\"> WiFi 6 y Bluetooth 5.2 para un control inal\u00e1mbrico de alta velocidad y actualizaciones OTA (Over-The-Air).<\/span><\/p>\n<div class=\"source-inline-chip-container ng-star-inserted\"><\/div>\n<p>&nbsp;<\/li>\n<\/ul>\n<h3 data-path-to-node=\"10\">Especificaciones t\u00e9cnicas de un vistazo<\/h3>\n<table data-path-to-node=\"11\">\n<thead>\n<tr>\n<td><strong>Caracter\u00edstica<\/strong><\/td>\n<td><strong>Especificaci\u00f3n<\/strong><\/td>\n<\/tr>\n<\/thead>\n<tbody>\n<tr>\n<td><span data-path-to-node=\"11,1,0,0\"><b data-path-to-node=\"11,1,0,0\" data-index-in-node=\"0\">Grados de libertad totales<\/b><\/span><\/td>\n<td><span data-path-to-node=\"11,1,1,0\">40 (Piernas: 12, Brazos: 10, Cintura: 2, Cabeza: 2, Manos: 14)<\/span><\/td>\n<\/tr>\n<tr>\n<td><span data-path-to-node=\"11,2,0,0\"><b data-path-to-node=\"11,2,0,0\" data-index-in-node=\"0\">Carga \u00fatil m\u00e1xima de Arm<\/b><\/span><\/td>\n<td><span data-path-to-node=\"11,2,1,0\">~2-3 kg<\/span><\/td>\n<\/tr>\n<tr>\n<td><span data-path-to-node=\"11,3,0,0\"><b data-path-to-node=\"11,3,0,0\" data-index-in-node=\"0\">Duraci\u00f3n de la bater\u00eda<\/b><\/span><\/td>\n<td><span data-path-to-node=\"11,3,1,0\">~1 hora (bater\u00eda de litio de liberaci\u00f3n r\u00e1pida)<\/span><\/td>\n<\/tr>\n<tr>\n<td><span data-path-to-node=\"11,4,0,0\"><b data-path-to-node=\"11,4,0,0\" data-index-in-node=\"0\">Soporte de software<\/b><\/span><\/td>\n<td><span data-path-to-node=\"11,4,1,0\">Open SDK, ROS 2, Python, C++, basado en Linux<\/span><\/td>\n<\/tr>\n<tr>\n<td><span data-path-to-node=\"11,5,0,0\"><b data-path-to-node=\"11,5,0,0\" data-index-in-node=\"0\">Visi\u00f3n<\/b><\/span><\/td>\n<td><span data-path-to-node=\"11,5,1,0\">C\u00e1mara est\u00e9reo humanoide binocular<\/span><\/td>\n<\/tr>\n<tr>\n<td><span data-path-to-node=\"11,6,0,0\"><b data-path-to-node=\"11,6,0,0\" data-index-in-node=\"0\">Velocidad de movimiento<\/b><\/span><\/td>\n<td><span data-path-to-node=\"11,6,1,0\">~2,5 m\/s<\/span><\/td>\n<\/tr>\n<\/tbody>\n<\/table>\n<blockquote data-path-to-node=\"12\">\n<p id=\"p-rc_2da3b7df85f1cb37-62\" data-path-to-node=\"12,0\"><b data-path-to-node=\"12,0\" data-index-in-node=\"0\">Nota:<\/b><span class=\"citation-91 citation-end-91\"> El Unitree R1 est\u00e1 destinado a la investigaci\u00f3n y el desarrollo civil.<\/span> Debido a sus potentes motores y juntas de alto par, se recomienda su uso en entornos controlados por profesionales o estudiantes capacitados.<\/p>\n<\/blockquote>\n<\/div>\n<\/div>\n<\/div>","protected":false},"excerpt":{"rendered":"<p><span class=\"citation-103\">El <\/span><b data-path-to-node=\"0\" data-index-in-node=\"4\"><span class=\"citation-103\">Unitree R1 Edu Pro B (U4)<\/span><\/b><span class=\"citation-103 citation-end-103\"> Es un robot humanoide de alta gama, orientado a la investigaci\u00f3n, dise\u00f1ado para laboratorios acad\u00e9micos, desarrolladores de IA y programas avanzados de ciencia, tecnolog\u00eda, ingenier\u00eda y matem\u00e1ticas (STEM).<\/span> La configuraci\u00f3n U4, que forma parte de la serie R1 \u2014reconocida por su dise\u00f1o ligero y su agilidad &quot;nacida para el deporte&quot;\u2014, a\u00f1ade espec\u00edficamente capacidades de manipulaci\u00f3n complejas y retroalimentaci\u00f3n t\u00e1ctil al marco humanoide est\u00e1ndar.<\/p>","protected":false},"featured_media":21562,"comment_status":"open","ping_status":"closed","template":"","meta":[],"product_brand":[1087],"product_cat":[1038,1037,1103],"product_tag":[1088,1105,1112,1113],"class_list":{"0":"post-21566","1":"product","2":"type-product","3":"status-publish","4":"has-post-thumbnail","6":"product_brand-unitree","7":"product_cat-humanoid","8":"product_cat-robotics","9":"product_cat-unitree-hum-robots","10":"product_tag-unitree","11":"product_tag-unitree-humanoid","12":"product_tag-unitree-r1","13":"product_tag-unitree-r1-series","15":"first","16":"onbackorder","17":"taxable","18":"shipping-taxable","19":"purchasable","20":"product-type-simple"},"yoast_head":"<!-- This site is optimized with the Yoast SEO plugin v27.1.1 - https:\/\/yoast.com\/product\/yoast-seo-wordpress\/ -->\n<title>Unitree R1 Edu Pro B (U4) - Ghostysky<\/title>\n<meta name=\"description\" content=\"The Unitree R1 Edu Pro B (U4) is a high-tier, research-oriented humanoid robot designed for academic labs, AI developers, and advanced STEM programs. Part of the R1 series\u2014recognized for its lightweight design and &quot;born for sport&quot; agility\u2014the U4 configuration specifically adds complex manipulation capabilities and tactile feedback to the standard humanoid frame.\" \/>\n<meta name=\"robots\" content=\"index, follow, max-snippet:-1, max-image-preview:large, max-video-preview:-1\" \/>\n<link rel=\"canonical\" href=\"https:\/\/www.ghostysky.com\/es\/producto-2\/unitree-r1-edu-u4\/\" \/>\n<meta property=\"og:locale\" content=\"es_ES\" \/>\n<meta property=\"og:type\" content=\"article\" \/>\n<meta property=\"og:title\" content=\"Unitree R1 Edu Pro B (U4) - Ghostysky\" \/>\n<meta property=\"og:description\" content=\"The Unitree R1 Edu Pro B (U4) is a high-tier, research-oriented humanoid robot designed for academic labs, AI developers, and advanced STEM programs. Part of the R1 series\u2014recognized for its lightweight design and &quot;born for sport&quot; agility\u2014the U4 configuration specifically adds complex manipulation capabilities and tactile feedback to the standard humanoid frame.\" \/>\n<meta property=\"og:url\" content=\"https:\/\/www.ghostysky.com\/es\/producto-2\/unitree-r1-edu-u4\/\" \/>\n<meta property=\"og:site_name\" content=\"Ghostysky\" \/>\n<meta property=\"article:publisher\" content=\"https:\/\/www.facebook.com\/people\/Ghostysky\/100057676170234\/\" \/>\n<meta property=\"article:modified_time\" content=\"2026-03-20T11:36:59+00:00\" \/>\n<meta property=\"og:image\" content=\"https:\/\/www.ghostysky.com\/wp-content\/uploads\/2025\/10\/GH_R1-Basic-Version_1.jpg\" \/>\n\t<meta property=\"og:image:width\" content=\"225\" \/>\n\t<meta property=\"og:image:height\" content=\"225\" \/>\n\t<meta property=\"og:image:type\" content=\"image\/jpeg\" \/>\n<meta name=\"twitter:card\" content=\"summary_large_image\" \/>\n<meta name=\"twitter:site\" content=\"@Gh0stysky\" \/>\n<meta name=\"twitter:label1\" content=\"Tiempo de lectura\" \/>\n\t<meta name=\"twitter:data1\" content=\"2 minutos\" \/>\n<script type=\"application\/ld+json\" class=\"yoast-schema-graph\">{\"@context\":\"https:\/\/schema.org\",\"@graph\":[{\"@type\":\"WebPage\",\"@id\":\"https:\/\/www.ghostysky.com\/product\/unitree-r1-edu-u4\/\",\"url\":\"https:\/\/www.ghostysky.com\/product\/unitree-r1-edu-u4\/\",\"name\":\"Unitree R1 Edu Pro B (U4) - Ghostysky\",\"isPartOf\":{\"@id\":\"https:\/\/www.ghostysky.com\/#website\"},\"primaryImageOfPage\":{\"@id\":\"https:\/\/www.ghostysky.com\/product\/unitree-r1-edu-u4\/#primaryimage\"},\"image\":{\"@id\":\"https:\/\/www.ghostysky.com\/product\/unitree-r1-edu-u4\/#primaryimage\"},\"thumbnailUrl\":\"https:\/\/www.ghostysky.com\/wp-content\/uploads\/2025\/10\/GH_R1-Basic-Version_1.jpg\",\"datePublished\":\"2025-10-17T06:40:14+00:00\",\"dateModified\":\"2026-03-20T11:36:59+00:00\",\"description\":\"The Unitree R1 Edu Pro B (U4) is a high-tier, research-oriented humanoid robot designed for academic labs, AI developers, and advanced STEM programs. Part of the R1 series\u2014recognized for its lightweight design and \\\"born for sport\\\" agility\u2014the U4 configuration specifically adds complex manipulation capabilities and tactile feedback to the standard humanoid frame.\",\"breadcrumb\":{\"@id\":\"https:\/\/www.ghostysky.com\/product\/unitree-r1-edu-u4\/#breadcrumb\"},\"inLanguage\":\"es\",\"potentialAction\":[{\"@type\":\"ReadAction\",\"target\":[\"https:\/\/www.ghostysky.com\/product\/unitree-r1-edu-u4\/\"]}]},{\"@type\":\"ImageObject\",\"inLanguage\":\"es\",\"@id\":\"https:\/\/www.ghostysky.com\/product\/unitree-r1-edu-u4\/#primaryimage\",\"url\":\"https:\/\/www.ghostysky.com\/wp-content\/uploads\/2025\/10\/GH_R1-Basic-Version_1.jpg\",\"contentUrl\":\"https:\/\/www.ghostysky.com\/wp-content\/uploads\/2025\/10\/GH_R1-Basic-Version_1.jpg\",\"width\":225,\"height\":225},{\"@type\":\"BreadcrumbList\",\"@id\":\"https:\/\/www.ghostysky.com\/product\/unitree-r1-edu-u4\/#breadcrumb\",\"itemListElement\":[{\"@type\":\"ListItem\",\"position\":1,\"name\":\"Home\",\"item\":\"https:\/\/www.ghostysky.com\/\"},{\"@type\":\"ListItem\",\"position\":2,\"name\":\"Shop\",\"item\":\"https:\/\/www.ghostysky.com\/shop\/\"},{\"@type\":\"ListItem\",\"position\":3,\"name\":\"Unitree R1 Edu Pro B (U4)\"}]},{\"@type\":\"WebSite\",\"@id\":\"https:\/\/www.ghostysky.com\/#website\",\"url\":\"https:\/\/www.ghostysky.com\/\",\"name\":\"Ghostysky\",\"description\":\"Delivering professional drones and services\",\"publisher\":{\"@id\":\"https:\/\/www.ghostysky.com\/#organization\"},\"potentialAction\":[{\"@type\":\"SearchAction\",\"target\":{\"@type\":\"EntryPoint\",\"urlTemplate\":\"https:\/\/www.ghostysky.com\/?s={search_term_string}\"},\"query-input\":{\"@type\":\"PropertyValueSpecification\",\"valueRequired\":true,\"valueName\":\"search_term_string\"}}],\"inLanguage\":\"es\"},{\"@type\":\"Organization\",\"@id\":\"https:\/\/www.ghostysky.com\/#organization\",\"name\":\"Ghostysky\",\"url\":\"https:\/\/www.ghostysky.com\/\",\"logo\":{\"@type\":\"ImageObject\",\"inLanguage\":\"es\",\"@id\":\"https:\/\/www.ghostysky.com\/#\/schema\/logo\/image\/\",\"url\":\"https:\/\/www.ghostysky.com\/wp-content\/uploads\/2020\/06\/cropped-ghostyskylogo_text_white2.png\",\"contentUrl\":\"https:\/\/www.ghostysky.com\/wp-content\/uploads\/2020\/06\/cropped-ghostyskylogo_text_white2.png\",\"width\":169,\"height\":56,\"caption\":\"Ghostysky\"},\"image\":{\"@id\":\"https:\/\/www.ghostysky.com\/#\/schema\/logo\/image\/\"},\"sameAs\":[\"https:\/\/www.facebook.com\/people\/Ghostysky\/100057676170234\/\",\"https:\/\/x.com\/Gh0stysky\",\"https:\/\/www.linkedin.com\/company\/34739653\",\"https:\/\/www.instagram.com\/gh0stysky\"]}]}<\/script>\n<!-- \/ Yoast SEO plugin. -->","yoast_head_json":{"title":"Unitree R1 Edu Pro B (U4) - Ghostysky","description":"El Unitree R1 Edu Pro B (U4) es un robot humanoide de alta gama, orientado a la investigaci\u00f3n y dise\u00f1ado para laboratorios acad\u00e9micos, desarrolladores de IA y programas avanzados de ciencia, tecnolog\u00eda, ingenier\u00eda y matem\u00e1ticas (STEM). Como parte de la serie R1, reconocida por su dise\u00f1o ligero y su agilidad excepcional, la configuraci\u00f3n U4 a\u00f1ade capacidades de manipulaci\u00f3n complejas y retroalimentaci\u00f3n t\u00e1ctil a la estructura humanoide est\u00e1ndar.","robots":{"index":"index","follow":"follow","max-snippet":"max-snippet:-1","max-image-preview":"max-image-preview:large","max-video-preview":"max-video-preview:-1"},"canonical":"https:\/\/www.ghostysky.com\/es\/producto-2\/unitree-r1-edu-u4\/","og_locale":"es_ES","og_type":"article","og_title":"Unitree R1 Edu Pro B (U4) - Ghostysky","og_description":"The Unitree R1 Edu Pro B (U4) is a high-tier, research-oriented humanoid robot designed for academic labs, AI developers, and advanced STEM programs. Part of the R1 series\u2014recognized for its lightweight design and \"born for sport\" agility\u2014the U4 configuration specifically adds complex manipulation capabilities and tactile feedback to the standard humanoid frame.","og_url":"https:\/\/www.ghostysky.com\/es\/producto-2\/unitree-r1-edu-u4\/","og_site_name":"Ghostysky","article_publisher":"https:\/\/www.facebook.com\/people\/Ghostysky\/100057676170234\/","article_modified_time":"2026-03-20T11:36:59+00:00","og_image":[{"width":225,"height":225,"url":"https:\/\/www.ghostysky.com\/wp-content\/uploads\/2025\/10\/GH_R1-Basic-Version_1.jpg","type":"image\/jpeg"}],"twitter_card":"summary_large_image","twitter_site":"@Gh0stysky","twitter_misc":{"Tiempo de lectura":"2 minutos"},"schema":{"@context":"https:\/\/schema.org","@graph":[{"@type":"WebPage","@id":"https:\/\/www.ghostysky.com\/product\/unitree-r1-edu-u4\/","url":"https:\/\/www.ghostysky.com\/product\/unitree-r1-edu-u4\/","name":"Unitree R1 Edu Pro B (U4) - Ghostysky","isPartOf":{"@id":"https:\/\/www.ghostysky.com\/#website"},"primaryImageOfPage":{"@id":"https:\/\/www.ghostysky.com\/product\/unitree-r1-edu-u4\/#primaryimage"},"image":{"@id":"https:\/\/www.ghostysky.com\/product\/unitree-r1-edu-u4\/#primaryimage"},"thumbnailUrl":"https:\/\/www.ghostysky.com\/wp-content\/uploads\/2025\/10\/GH_R1-Basic-Version_1.jpg","datePublished":"2025-10-17T06:40:14+00:00","dateModified":"2026-03-20T11:36:59+00:00","description":"El Unitree R1 Edu Pro B (U4) es un robot humanoide de alta gama, orientado a la investigaci\u00f3n y dise\u00f1ado para laboratorios acad\u00e9micos, desarrolladores de IA y programas avanzados de ciencia, tecnolog\u00eda, ingenier\u00eda y matem\u00e1ticas (STEM). Como parte de la serie R1, reconocida por su dise\u00f1o ligero y su agilidad excepcional, la configuraci\u00f3n U4 a\u00f1ade capacidades de manipulaci\u00f3n complejas y retroalimentaci\u00f3n t\u00e1ctil a la estructura humanoide est\u00e1ndar.","breadcrumb":{"@id":"https:\/\/www.ghostysky.com\/product\/unitree-r1-edu-u4\/#breadcrumb"},"inLanguage":"es","potentialAction":[{"@type":"ReadAction","target":["https:\/\/www.ghostysky.com\/product\/unitree-r1-edu-u4\/"]}]},{"@type":"ImageObject","inLanguage":"es","@id":"https:\/\/www.ghostysky.com\/product\/unitree-r1-edu-u4\/#primaryimage","url":"https:\/\/www.ghostysky.com\/wp-content\/uploads\/2025\/10\/GH_R1-Basic-Version_1.jpg","contentUrl":"https:\/\/www.ghostysky.com\/wp-content\/uploads\/2025\/10\/GH_R1-Basic-Version_1.jpg","width":225,"height":225},{"@type":"BreadcrumbList","@id":"https:\/\/www.ghostysky.com\/product\/unitree-r1-edu-u4\/#breadcrumb","itemListElement":[{"@type":"ListItem","position":1,"name":"Home","item":"https:\/\/www.ghostysky.com\/"},{"@type":"ListItem","position":2,"name":"Shop","item":"https:\/\/www.ghostysky.com\/shop\/"},{"@type":"ListItem","position":3,"name":"Unitree R1 Edu Pro B (U4)"}]},{"@type":"WebSite","@id":"https:\/\/www.ghostysky.com\/#website","url":"https:\/\/www.ghostysky.com\/","name":"Ghostysky","description":"Entrega de drones y servicios profesionales","publisher":{"@id":"https:\/\/www.ghostysky.com\/#organization"},"potentialAction":[{"@type":"SearchAction","target":{"@type":"EntryPoint","urlTemplate":"https:\/\/www.ghostysky.com\/?s={search_term_string}"},"query-input":{"@type":"PropertyValueSpecification","valueRequired":true,"valueName":"search_term_string"}}],"inLanguage":"es"},{"@type":"Organization","@id":"https:\/\/www.ghostysky.com\/#organization","name":"Ghostysky","url":"https:\/\/www.ghostysky.com\/","logo":{"@type":"ImageObject","inLanguage":"es","@id":"https:\/\/www.ghostysky.com\/#\/schema\/logo\/image\/","url":"https:\/\/www.ghostysky.com\/wp-content\/uploads\/2020\/06\/cropped-ghostyskylogo_text_white2.png","contentUrl":"https:\/\/www.ghostysky.com\/wp-content\/uploads\/2020\/06\/cropped-ghostyskylogo_text_white2.png","width":169,"height":56,"caption":"Ghostysky"},"image":{"@id":"https:\/\/www.ghostysky.com\/#\/schema\/logo\/image\/"},"sameAs":["https:\/\/www.facebook.com\/people\/Ghostysky\/100057676170234\/","https:\/\/x.com\/Gh0stysky","https:\/\/www.linkedin.com\/company\/34739653","https:\/\/www.instagram.com\/gh0stysky"]}]}},"_links":{"self":[{"href":"https:\/\/www.ghostysky.com\/es\/wp-json\/wp\/v2\/product\/21566","targetHints":{"allow":["GET"]}}],"collection":[{"href":"https:\/\/www.ghostysky.com\/es\/wp-json\/wp\/v2\/product"}],"about":[{"href":"https:\/\/www.ghostysky.com\/es\/wp-json\/wp\/v2\/types\/product"}],"replies":[{"embeddable":true,"href":"https:\/\/www.ghostysky.com\/es\/wp-json\/wp\/v2\/comments?post=21566"}],"wp:featuredmedia":[{"embeddable":true,"href":"https:\/\/www.ghostysky.com\/es\/wp-json\/wp\/v2\/media\/21562"}],"wp:attachment":[{"href":"https:\/\/www.ghostysky.com\/es\/wp-json\/wp\/v2\/media?parent=21566"}],"wp:term":[{"taxonomy":"product_brand","embeddable":true,"href":"https:\/\/www.ghostysky.com\/es\/wp-json\/wp\/v2\/product_brand?post=21566"},{"taxonomy":"product_cat","embeddable":true,"href":"https:\/\/www.ghostysky.com\/es\/wp-json\/wp\/v2\/product_cat?post=21566"},{"taxonomy":"product_tag","embeddable":true,"href":"https:\/\/www.ghostysky.com\/es\/wp-json\/wp\/v2\/product_tag?post=21566"}],"curies":[{"name":"wp","href":"https:\/\/api.w.org\/{rel}","templated":true}]}}