{"id":21568,"date":"2025-10-17T06:44:45","date_gmt":"2025-10-17T06:44:45","guid":{"rendered":"https:\/\/www.ghostysky.com\/?post_type=product&#038;p=21568"},"modified":"2026-03-20T11:40:47","modified_gmt":"2026-03-20T11:40:47","slug":"unitree-r1-edu-u5","status":"publish","type":"product","link":"https:\/\/www.ghostysky.com\/es\/product\/unitree-r1-edu-u5\/","title":{"rendered":"Unitree R1 Edu Pro C (U5)"},"content":{"rendered":"<div id=\"model-response-message-contentr_ac6a3d62169ccad2\" class=\"markdown markdown-main-panel stronger enable-updated-hr-color\" dir=\"ltr\">\n<div id=\"model-response-message-contentr_ec72f52c99aa473d\" class=\"markdown markdown-main-panel stronger enable-updated-hr-color\" dir=\"ltr\">\n<div id=\"model-response-message-contentr_35753a61cf4863b3\" class=\"markdown markdown-main-panel stronger enable-updated-hr-color\" dir=\"ltr\">\n<div id=\"model-response-message-contentr_5e8ec58436797f36\" class=\"markdown markdown-main-panel stronger enable-updated-hr-color\" dir=\"ltr\">\n<h3 data-path-to-node=\"3\"><b data-path-to-node=\"3\" data-index-in-node=\"0\">Descripci\u00f3n general de Unitree R1 Edu Pro C (U5)<\/b><\/h3>\n<p id=\"p-rc_be2073fe8361ae15-64\" data-path-to-node=\"4\"><span class=\"citation-137\">El <\/span><b data-path-to-node=\"4\" data-index-in-node=\"4\"><span class=\"citation-137\">U5 (Pro C)<\/span><\/b><span class=\"citation-137 citation-end-137\"> Este modelo est\u00e1 dise\u00f1ado espec\u00edficamente para la manipulaci\u00f3n de precisi\u00f3n y el procesamiento de IA de alta intensidad.<\/span> <span class=\"citation-136 citation-end-136\">A diferencia de los modelos &quot;Basic&quot; o &quot;Air&quot;, el U5 incluye manos h\u00e1biles avanzadas y una unidad de computaci\u00f3n de alto rendimiento, lo que lo convierte en un &quot;laboratorio viviente&quot; para la IA encarnada.<\/span><\/p>\n<p>&nbsp;<\/p>\n<h3 data-path-to-node=\"5\"><b data-path-to-node=\"5\" data-index-in-node=\"0\">Especificaciones t\u00e9cnicas clave<\/b><\/h3>\n<table data-path-to-node=\"6\">\n<thead>\n<tr>\n<td><strong>Caracter\u00edstica<\/strong><\/td>\n<td><strong>Especificaci\u00f3n<\/strong><\/td>\n<\/tr>\n<\/thead>\n<tbody>\n<tr>\n<td><span data-path-to-node=\"6,1,0,0\"><b data-path-to-node=\"6,1,0,0\" data-index-in-node=\"0\">Altura \/ Peso<\/b><\/span><\/td>\n<td><span data-path-to-node=\"6,1,1,0\">121\u2013123 cm<\/span><\/td>\n<\/tr>\n<tr>\n<td><span data-path-to-node=\"6,2,0,0\"><b data-path-to-node=\"6,2,0,0\" data-index-in-node=\"0\">Grados de libertad totales<\/b><\/span><\/td>\n<td><span data-path-to-node=\"6,2,1,0\"><b data-path-to-node=\"6,2,1,0\" data-index-in-node=\"0\">38 grados de libertad<\/b> (incluye 26 grados de libertad de cuerpo + manos diestras)<\/span><\/td>\n<\/tr>\n<tr>\n<td><span data-path-to-node=\"6,3,0,0\"><b data-path-to-node=\"6,3,0,0\" data-index-in-node=\"0\">Inform\u00e1tica a bordo<\/b><\/span><\/td>\n<td><span data-path-to-node=\"6,3,1,0\">NVIDIA Jetson Orin (hasta <b data-path-to-node=\"6,3,1,0\" data-index-in-node=\"26\">100 TOPS<\/b>)<\/span><\/td>\n<\/tr>\n<tr>\n<td><span data-path-to-node=\"6,4,0,0\"><b data-path-to-node=\"6,4,0,0\" data-index-in-node=\"0\">Manipulaci\u00f3n<\/b><\/span><\/td>\n<td><span data-path-to-node=\"6,4,1,0\">2 manos diestras (6-7 grados de libertad por mano)<\/span><\/td>\n<\/tr>\n<tr>\n<td><span data-path-to-node=\"6,5,0,0\"><b data-path-to-node=\"6,5,0,0\" data-index-in-node=\"0\">Capacidad de carga \u00fatil<\/b><\/span><\/td>\n<td><span data-path-to-node=\"6,5,1,0\">Aproximadamente 2 kg por brazo<\/span><\/td>\n<\/tr>\n<tr>\n<td><span data-path-to-node=\"6,6,0,0\"><b data-path-to-node=\"6,6,0,0\" data-index-in-node=\"0\">Detecci\u00f3n<\/b><\/span><\/td>\n<td><span data-path-to-node=\"6,6,1,0\">C\u00e1mara de profundidad binocular + matriz de 4 micr\u00f3fonos + codificadores duales<\/span><\/td>\n<\/tr>\n<tr>\n<td><span data-path-to-node=\"6,7,0,0\"><b data-path-to-node=\"6,7,0,0\" data-index-in-node=\"0\">Conectividad<\/b><\/span><\/td>\n<td><span data-path-to-node=\"6,7,1,0\">WiFi 6, Bluetooth 5.2, USB 3.0 (Tipo C)<\/span><\/td>\n<\/tr>\n<tr>\n<td><span data-path-to-node=\"6,8,0,0\"><b data-path-to-node=\"6,8,0,0\" data-index-in-node=\"0\">Duraci\u00f3n de la bater\u00eda<\/b><\/span><\/td>\n<td><span data-path-to-node=\"6,8,1,0\">Aproximadamente 1 hora (liberaci\u00f3n r\u00e1pida \/ intercambio en caliente)<\/span><\/td>\n<\/tr>\n<\/tbody>\n<\/table>\n<\/div>\n<\/div>\n<\/div>\n<\/div>\n<p>&nbsp;<\/p>\n<p>&nbsp;<\/p>\n<div id=\"model-response-message-contentr_ac6a3d62169ccad2\" class=\"markdown markdown-main-panel stronger enable-updated-hr-color\" dir=\"ltr\">\n<div id=\"model-response-message-contentr_ec72f52c99aa473d\" class=\"markdown markdown-main-panel stronger enable-updated-hr-color\" dir=\"ltr\">\n<div id=\"model-response-message-contentr_35753a61cf4863b3\" class=\"markdown markdown-main-panel stronger enable-updated-hr-color\" dir=\"ltr\">\n<div id=\"model-response-message-contentr_5e8ec58436797f36\" class=\"markdown markdown-main-panel stronger enable-updated-hr-color\" dir=\"ltr\">\n<h3 data-path-to-node=\"8\"><b data-path-to-node=\"8\" data-index-in-node=\"0\">Caracter\u00edsticas principales<\/b><\/h3>\n<ul data-path-to-node=\"9\">\n<li>\n<p id=\"p-rc_be2073fe8361ae15-65\" data-path-to-node=\"9,0,0\"><b data-path-to-node=\"9,0,0\" data-index-in-node=\"0\"><span class=\"citation-135\">Manipulaci\u00f3n diestra:<\/span><\/b><span class=\"citation-135 citation-end-135\"> La configuraci\u00f3n \u201cPro C\u201d se distingue por sus manos de alta precisi\u00f3n, capaces de simular movimientos similares a los humanos para tareas como la clasificaci\u00f3n de objetos, el uso de herramientas y la interacci\u00f3n basada en gestos.<\/span><\/p>\n<\/li>\n<li>\n<p id=\"p-rc_be2073fe8361ae15-66\" data-path-to-node=\"9,1,0\"><b data-path-to-node=\"9,1,0\" data-index-in-node=\"0\"><span class=\"citation-134\">Integraci\u00f3n de la IA incorporada y el LLM:<\/span><\/b><span class=\"citation-134\"> El robot dirige Unitree <\/span><b data-path-to-node=\"9,1,0\" data-index-in-node=\"56\"><span class=\"citation-134\">UnifoLM<\/span><\/b><span class=\"citation-134 citation-end-134\"> (Modelo Grande de Robot Unificado), lo que le permite comprender comandos de voz y escenas visuales de forma nativa.<\/span> <span class=\"citation-133 citation-end-133\">Puede reconocer rostros, gestos e instrucciones complejas en lenguaje natural.<\/span><\/p>\n<\/li>\n<li>\n<p id=\"p-rc_be2073fe8361ae15-67\" data-path-to-node=\"9,2,0\"><b data-path-to-node=\"9,2,0\" data-index-in-node=\"0\">\u201cCerebro\u201d de alto rendimiento:<\/b><span class=\"citation-132\"> Equipado con el <\/span><b data-path-to-node=\"9,2,0\" data-index-in-node=\"44\"><span class=\"citation-132\">NVIDIA Jetson Orin<\/span><\/b><span class=\"citation-132 citation-end-132\"> El m\u00f3dulo U5 proporciona los 100 TOPS de rendimiento de IA necesarios para el aprendizaje por refuerzo en tiempo real, SLAM (Localizaci\u00f3n y mapeo simult\u00e1neos) y la evitaci\u00f3n de obst\u00e1culos complejos.<\/span><\/p>\n<\/li>\n<li>\n<p data-path-to-node=\"9,3,0\"><b data-path-to-node=\"9,3,0\" data-index-in-node=\"0\">Ecosistema centrado en el desarrollador:<\/b><\/p>\n<ul data-path-to-node=\"9,3,1\">\n<li>\n<p id=\"p-rc_be2073fe8361ae15-68\" data-path-to-node=\"9,3,1,0,0\"><b data-path-to-node=\"9,3,1,0,0\" data-index-in-node=\"0\"><span class=\"citation-131\">Soporte completo para SDK:<\/span><\/b><span class=\"citation-131 citation-end-131\"> Acceso a controles de bajo y alto nivel mediante C++ y Python.<\/span><\/p>\n<\/li>\n<li>\n<p data-path-to-node=\"9,3,1,1,0\"><b data-path-to-node=\"9,3,1,1,0\" data-index-in-node=\"0\">Simulaci\u00f3n lista:<\/b> Totalmente compatible con NVIDIA Isaac Sim y ROS 2.<\/p>\n<\/li>\n<li>\n<p id=\"p-rc_be2073fe8361ae15-69\" data-path-to-node=\"9,3,1,2,0\"><b data-path-to-node=\"9,3,1,2,0\" data-index-in-node=\"0\">Preparado para la expansi\u00f3n:<\/b><span class=\"citation-130 citation-end-130\"> Incluye una base de expansi\u00f3n computacional y cableado interno (dise\u00f1o de eje hueco) para a\u00f1adir sensores o hardware personalizados.<\/span><\/p>\n<p>&nbsp;<\/li>\n<\/ul>\n<\/li>\n<\/ul>\n<h3 data-path-to-node=\"10\"><b data-path-to-node=\"10\" data-index-in-node=\"0\">Casos de uso ideales<\/b><\/h3>\n<ol start=\"1\" data-path-to-node=\"11\">\n<li>\n<p data-path-to-node=\"11,0,0\"><b data-path-to-node=\"11,0,0\" data-index-in-node=\"0\">Investigaci\u00f3n universitaria:<\/b> Ideal para laboratorios centrados en la locomoci\u00f3n b\u00edpeda, la interacci\u00f3n humano-robot (HRI) y la retroalimentaci\u00f3n t\u00e1ctil.<\/p>\n<\/li>\n<li>\n<p id=\"p-rc_be2073fe8361ae15-70\" data-path-to-node=\"11,1,0\"><b data-path-to-node=\"11,1,0\" data-index-in-node=\"0\">Prototipado de IA:<\/b><span class=\"citation-129 citation-end-129\"> Desarrollar modelos de IA localizados que requieran interacci\u00f3n f\u00edsica sin la latencia de la nube.<\/span><\/p>\n<\/li>\n<li>\n<p data-path-to-node=\"11,2,0\"><b data-path-to-node=\"11,2,0\" data-index-in-node=\"0\">Servicio y hospitalidad:<\/b> Pruebas de asistencia aut\u00f3noma en entornos interiores estructurados, como museos u oficinas.<\/p>\n<\/li>\n<\/ol>\n<hr data-path-to-node=\"12\" \/>\n<blockquote data-path-to-node=\"13\">\n<p id=\"p-rc_be2073fe8361ae15-71\" data-path-to-node=\"13,0\"><b data-path-to-node=\"13,0\" data-index-in-node=\"0\">Nota sobre disponibilidad:<\/b><span class=\"citation-128 citation-end-128\"> A partir de marzo de 2026, la serie R1 ha comenzado a distribuirse por fases.<\/span> Las versiones para el sector educativo generalmente requieren un presupuesto directo o la compra a trav\u00e9s de distribuidores de investigaci\u00f3n autorizados debido a las actualizaciones de hardware y del SDK especializado.<\/p>\n<\/blockquote>\n<\/div>\n<\/div>\n<\/div>\n<\/div>","protected":false},"excerpt":{"rendered":"<p data-path-to-node=\"0\"><span class=\"citation-138\">El <\/span><b data-path-to-node=\"0\" data-index-in-node=\"4\"><span class=\"citation-138\">Unitree R1 Edu Pro C (U5)<\/span><\/b><span class=\"citation-138 citation-end-138\"> Es un robot humanoide de alto rendimiento, orientado a desarrolladores y dise\u00f1ado para la investigaci\u00f3n avanzada, el desarrollo de IA y la exploraci\u00f3n acad\u00e9mica.<\/span> A partir de 2026, representa la gama &quot;Pro&quot; de la serie R1, sirviendo de puente entre la rob\u00f3tica de consumo y las plataformas industriales de alta gama.<\/p>\n<p data-path-to-node=\"1\">A continuaci\u00f3n se presenta un desglose detallado de las especificaciones y caracter\u00edsticas del producto.<\/p>","protected":false},"featured_media":21562,"comment_status":"open","ping_status":"closed","template":"","meta":[],"product_brand":[1087],"product_cat":[1038,1037,1103],"product_tag":[1088,1105,1112,1113],"class_list":{"0":"post-21568","1":"product","2":"type-product","3":"status-publish","4":"has-post-thumbnail","6":"product_brand-unitree","7":"product_cat-humanoid","8":"product_cat-robotics","9":"product_cat-unitree-hum-robots","10":"product_tag-unitree","11":"product_tag-unitree-humanoid","12":"product_tag-unitree-r1","13":"product_tag-unitree-r1-series","15":"first","16":"onbackorder","17":"taxable","18":"shipping-taxable","19":"purchasable","20":"product-type-simple"},"yoast_head":"<!-- This site is optimized with the Yoast SEO plugin v27.4 - https:\/\/yoast.com\/product\/yoast-seo-wordpress\/ -->\n<title>Unitree R1 Edu Pro C (U5) - Ghostysky<\/title>\n<meta name=\"description\" content=\"The Unitree R1 Edu Pro C (U5) is a high-performance, developer-focused humanoid robot designed for advanced research, AI development, and academic exploration. As of 2026, it represents the &quot;Pro&quot; tier of the R1 series, bridging the gap between consumer-grade robotics and high-end industrial platforms.Below is a detailed breakdown of the product&#039;s specifications and features.\" \/>\n<meta name=\"robots\" content=\"index, follow, max-snippet:-1, max-image-preview:large, max-video-preview:-1\" \/>\n<link rel=\"canonical\" href=\"https:\/\/www.ghostysky.com\/es\/producto-2\/unitree-r1-edu-u5\/\" \/>\n<meta property=\"og:locale\" content=\"es_ES\" \/>\n<meta property=\"og:type\" content=\"article\" \/>\n<meta property=\"og:title\" content=\"Unitree R1 Edu Pro C (U5) - Ghostysky\" \/>\n<meta property=\"og:description\" content=\"The Unitree R1 Edu Pro C (U5) is a high-performance, developer-focused humanoid robot designed for advanced research, AI development, and academic exploration. As of 2026, it represents the &quot;Pro&quot; tier of the R1 series, bridging the gap between consumer-grade robotics and high-end industrial platforms.Below is a detailed breakdown of the product&#039;s specifications and features.\" \/>\n<meta property=\"og:url\" content=\"https:\/\/www.ghostysky.com\/es\/producto-2\/unitree-r1-edu-u5\/\" \/>\n<meta property=\"og:site_name\" content=\"Ghostysky\" \/>\n<meta property=\"article:publisher\" content=\"https:\/\/www.facebook.com\/people\/Ghostysky\/100057676170234\/\" \/>\n<meta property=\"article:modified_time\" content=\"2026-03-20T11:40:47+00:00\" \/>\n<meta property=\"og:image\" content=\"https:\/\/www.ghostysky.com\/wp-content\/uploads\/2025\/10\/GH_R1-Basic-Version_1.jpg\" \/>\n\t<meta property=\"og:image:width\" content=\"225\" \/>\n\t<meta property=\"og:image:height\" content=\"225\" \/>\n\t<meta property=\"og:image:type\" content=\"image\/jpeg\" \/>\n<meta name=\"twitter:card\" content=\"summary_large_image\" \/>\n<meta name=\"twitter:site\" content=\"@Gh0stysky\" \/>\n<meta name=\"twitter:label1\" content=\"Tiempo de lectura\" \/>\n\t<meta name=\"twitter:data1\" content=\"2 minutos\" \/>\n<script type=\"application\/ld+json\" class=\"yoast-schema-graph\">{\"@context\":\"https:\\\/\\\/schema.org\",\"@graph\":[{\"@type\":\"WebPage\",\"@id\":\"https:\\\/\\\/www.ghostysky.com\\\/product\\\/unitree-r1-edu-u5\\\/\",\"url\":\"https:\\\/\\\/www.ghostysky.com\\\/product\\\/unitree-r1-edu-u5\\\/\",\"name\":\"Unitree R1 Edu Pro C (U5) - Ghostysky\",\"isPartOf\":{\"@id\":\"https:\\\/\\\/www.ghostysky.com\\\/#website\"},\"primaryImageOfPage\":{\"@id\":\"https:\\\/\\\/www.ghostysky.com\\\/product\\\/unitree-r1-edu-u5\\\/#primaryimage\"},\"image\":{\"@id\":\"https:\\\/\\\/www.ghostysky.com\\\/product\\\/unitree-r1-edu-u5\\\/#primaryimage\"},\"thumbnailUrl\":\"https:\\\/\\\/www.ghostysky.com\\\/wp-content\\\/uploads\\\/2025\\\/10\\\/GH_R1-Basic-Version_1.jpg\",\"datePublished\":\"2025-10-17T06:44:45+00:00\",\"dateModified\":\"2026-03-20T11:40:47+00:00\",\"description\":\"The Unitree R1 Edu Pro C (U5) is a high-performance, developer-focused humanoid robot designed for advanced research, AI development, and academic exploration. As of 2026, it represents the \\\"Pro\\\" tier of the R1 series, bridging the gap between consumer-grade robotics and high-end industrial platforms.Below is a detailed breakdown of the product's specifications and features.\",\"breadcrumb\":{\"@id\":\"https:\\\/\\\/www.ghostysky.com\\\/product\\\/unitree-r1-edu-u5\\\/#breadcrumb\"},\"inLanguage\":\"es\",\"potentialAction\":[{\"@type\":\"ReadAction\",\"target\":[\"https:\\\/\\\/www.ghostysky.com\\\/product\\\/unitree-r1-edu-u5\\\/\"]}]},{\"@type\":\"ImageObject\",\"inLanguage\":\"es\",\"@id\":\"https:\\\/\\\/www.ghostysky.com\\\/product\\\/unitree-r1-edu-u5\\\/#primaryimage\",\"url\":\"https:\\\/\\\/www.ghostysky.com\\\/wp-content\\\/uploads\\\/2025\\\/10\\\/GH_R1-Basic-Version_1.jpg\",\"contentUrl\":\"https:\\\/\\\/www.ghostysky.com\\\/wp-content\\\/uploads\\\/2025\\\/10\\\/GH_R1-Basic-Version_1.jpg\",\"width\":225,\"height\":225},{\"@type\":\"BreadcrumbList\",\"@id\":\"https:\\\/\\\/www.ghostysky.com\\\/product\\\/unitree-r1-edu-u5\\\/#breadcrumb\",\"itemListElement\":[{\"@type\":\"ListItem\",\"position\":1,\"name\":\"Home\",\"item\":\"https:\\\/\\\/www.ghostysky.com\\\/\"},{\"@type\":\"ListItem\",\"position\":2,\"name\":\"Shop\",\"item\":\"https:\\\/\\\/www.ghostysky.com\\\/shop\\\/\"},{\"@type\":\"ListItem\",\"position\":3,\"name\":\"Unitree R1 Edu Pro C (U5)\"}]},{\"@type\":\"WebSite\",\"@id\":\"https:\\\/\\\/www.ghostysky.com\\\/#website\",\"url\":\"https:\\\/\\\/www.ghostysky.com\\\/\",\"name\":\"Ghostysky\",\"description\":\"Delivering professional drones and services\",\"publisher\":{\"@id\":\"https:\\\/\\\/www.ghostysky.com\\\/#organization\"},\"potentialAction\":[{\"@type\":\"SearchAction\",\"target\":{\"@type\":\"EntryPoint\",\"urlTemplate\":\"https:\\\/\\\/www.ghostysky.com\\\/?s={search_term_string}\"},\"query-input\":{\"@type\":\"PropertyValueSpecification\",\"valueRequired\":true,\"valueName\":\"search_term_string\"}}],\"inLanguage\":\"es\"},{\"@type\":\"Organization\",\"@id\":\"https:\\\/\\\/www.ghostysky.com\\\/#organization\",\"name\":\"Ghostysky\",\"url\":\"https:\\\/\\\/www.ghostysky.com\\\/\",\"logo\":{\"@type\":\"ImageObject\",\"inLanguage\":\"es\",\"@id\":\"https:\\\/\\\/www.ghostysky.com\\\/#\\\/schema\\\/logo\\\/image\\\/\",\"url\":\"https:\\\/\\\/www.ghostysky.com\\\/wp-content\\\/uploads\\\/2020\\\/06\\\/cropped-ghostyskylogo_text_white2.png\",\"contentUrl\":\"https:\\\/\\\/www.ghostysky.com\\\/wp-content\\\/uploads\\\/2020\\\/06\\\/cropped-ghostyskylogo_text_white2.png\",\"width\":169,\"height\":56,\"caption\":\"Ghostysky\"},\"image\":{\"@id\":\"https:\\\/\\\/www.ghostysky.com\\\/#\\\/schema\\\/logo\\\/image\\\/\"},\"sameAs\":[\"https:\\\/\\\/www.facebook.com\\\/people\\\/Ghostysky\\\/100057676170234\\\/\",\"https:\\\/\\\/x.com\\\/Gh0stysky\",\"https:\\\/\\\/www.linkedin.com\\\/company\\\/34739653\",\"https:\\\/\\\/www.instagram.com\\\/gh0stysky\"]}]}<\/script>\n<!-- \/ Yoast SEO plugin. -->","yoast_head_json":{"title":"Unitree R1 Edu Pro C (U5) - Ghostysky","description":"El Unitree R1 Edu Pro C (U5) es un robot humanoide de alto rendimiento, enfocado en desarrolladores, dise\u00f1ado para investigaci\u00f3n avanzada, desarrollo de IA y exploraci\u00f3n acad\u00e9mica. A partir de 2026, representa la gama &quot;Pro&quot; de la serie R1, uniendo la rob\u00f3tica de consumo con las plataformas industriales de alta gama. A continuaci\u00f3n, se presenta un desglose detallado de las especificaciones y caracter\u00edsticas del producto.","robots":{"index":"index","follow":"follow","max-snippet":"max-snippet:-1","max-image-preview":"max-image-preview:large","max-video-preview":"max-video-preview:-1"},"canonical":"https:\/\/www.ghostysky.com\/es\/producto-2\/unitree-r1-edu-u5\/","og_locale":"es_ES","og_type":"article","og_title":"Unitree R1 Edu Pro C (U5) - Ghostysky","og_description":"The Unitree R1 Edu Pro C (U5) is a high-performance, developer-focused humanoid robot designed for advanced research, AI development, and academic exploration. As of 2026, it represents the \"Pro\" tier of the R1 series, bridging the gap between consumer-grade robotics and high-end industrial platforms.Below is a detailed breakdown of the product's specifications and features.","og_url":"https:\/\/www.ghostysky.com\/es\/producto-2\/unitree-r1-edu-u5\/","og_site_name":"Ghostysky","article_publisher":"https:\/\/www.facebook.com\/people\/Ghostysky\/100057676170234\/","article_modified_time":"2026-03-20T11:40:47+00:00","og_image":[{"width":225,"height":225,"url":"https:\/\/www.ghostysky.com\/wp-content\/uploads\/2025\/10\/GH_R1-Basic-Version_1.jpg","type":"image\/jpeg"}],"twitter_card":"summary_large_image","twitter_site":"@Gh0stysky","twitter_misc":{"Tiempo de lectura":"2 minutos"},"schema":{"@context":"https:\/\/schema.org","@graph":[{"@type":"WebPage","@id":"https:\/\/www.ghostysky.com\/product\/unitree-r1-edu-u5\/","url":"https:\/\/www.ghostysky.com\/product\/unitree-r1-edu-u5\/","name":"Unitree R1 Edu Pro C (U5) - Ghostysky","isPartOf":{"@id":"https:\/\/www.ghostysky.com\/#website"},"primaryImageOfPage":{"@id":"https:\/\/www.ghostysky.com\/product\/unitree-r1-edu-u5\/#primaryimage"},"image":{"@id":"https:\/\/www.ghostysky.com\/product\/unitree-r1-edu-u5\/#primaryimage"},"thumbnailUrl":"https:\/\/www.ghostysky.com\/wp-content\/uploads\/2025\/10\/GH_R1-Basic-Version_1.jpg","datePublished":"2025-10-17T06:44:45+00:00","dateModified":"2026-03-20T11:40:47+00:00","description":"El Unitree R1 Edu Pro C (U5) es un robot humanoide de alto rendimiento, enfocado en desarrolladores, dise\u00f1ado para investigaci\u00f3n avanzada, desarrollo de IA y exploraci\u00f3n acad\u00e9mica. A partir de 2026, representa la gama &quot;Pro&quot; de la serie R1, uniendo la rob\u00f3tica de consumo con las plataformas industriales de alta gama. A continuaci\u00f3n, se presenta un desglose detallado de las especificaciones y caracter\u00edsticas del producto.","breadcrumb":{"@id":"https:\/\/www.ghostysky.com\/product\/unitree-r1-edu-u5\/#breadcrumb"},"inLanguage":"es","potentialAction":[{"@type":"ReadAction","target":["https:\/\/www.ghostysky.com\/product\/unitree-r1-edu-u5\/"]}]},{"@type":"ImageObject","inLanguage":"es","@id":"https:\/\/www.ghostysky.com\/product\/unitree-r1-edu-u5\/#primaryimage","url":"https:\/\/www.ghostysky.com\/wp-content\/uploads\/2025\/10\/GH_R1-Basic-Version_1.jpg","contentUrl":"https:\/\/www.ghostysky.com\/wp-content\/uploads\/2025\/10\/GH_R1-Basic-Version_1.jpg","width":225,"height":225},{"@type":"BreadcrumbList","@id":"https:\/\/www.ghostysky.com\/product\/unitree-r1-edu-u5\/#breadcrumb","itemListElement":[{"@type":"ListItem","position":1,"name":"Home","item":"https:\/\/www.ghostysky.com\/"},{"@type":"ListItem","position":2,"name":"Shop","item":"https:\/\/www.ghostysky.com\/shop\/"},{"@type":"ListItem","position":3,"name":"Unitree R1 Edu Pro C (U5)"}]},{"@type":"WebSite","@id":"https:\/\/www.ghostysky.com\/#website","url":"https:\/\/www.ghostysky.com\/","name":"Ghostysky","description":"Entrega de drones y servicios profesionales","publisher":{"@id":"https:\/\/www.ghostysky.com\/#organization"},"potentialAction":[{"@type":"SearchAction","target":{"@type":"EntryPoint","urlTemplate":"https:\/\/www.ghostysky.com\/?s={search_term_string}"},"query-input":{"@type":"PropertyValueSpecification","valueRequired":true,"valueName":"search_term_string"}}],"inLanguage":"es"},{"@type":"Organization","@id":"https:\/\/www.ghostysky.com\/#organization","name":"Ghostysky","url":"https:\/\/www.ghostysky.com\/","logo":{"@type":"ImageObject","inLanguage":"es","@id":"https:\/\/www.ghostysky.com\/#\/schema\/logo\/image\/","url":"https:\/\/www.ghostysky.com\/wp-content\/uploads\/2020\/06\/cropped-ghostyskylogo_text_white2.png","contentUrl":"https:\/\/www.ghostysky.com\/wp-content\/uploads\/2020\/06\/cropped-ghostyskylogo_text_white2.png","width":169,"height":56,"caption":"Ghostysky"},"image":{"@id":"https:\/\/www.ghostysky.com\/#\/schema\/logo\/image\/"},"sameAs":["https:\/\/www.facebook.com\/people\/Ghostysky\/100057676170234\/","https:\/\/x.com\/Gh0stysky","https:\/\/www.linkedin.com\/company\/34739653","https:\/\/www.instagram.com\/gh0stysky"]}]}},"_links":{"self":[{"href":"https:\/\/www.ghostysky.com\/es\/wp-json\/wp\/v2\/product\/21568","targetHints":{"allow":["GET"]}}],"collection":[{"href":"https:\/\/www.ghostysky.com\/es\/wp-json\/wp\/v2\/product"}],"about":[{"href":"https:\/\/www.ghostysky.com\/es\/wp-json\/wp\/v2\/types\/product"}],"replies":[{"embeddable":true,"href":"https:\/\/www.ghostysky.com\/es\/wp-json\/wp\/v2\/comments?post=21568"}],"version-history":[{"count":1,"href":"https:\/\/www.ghostysky.com\/es\/wp-json\/wp\/v2\/product\/21568\/revisions"}],"predecessor-version":[{"id":24497,"href":"https:\/\/www.ghostysky.com\/es\/wp-json\/wp\/v2\/product\/21568\/revisions\/24497"}],"wp:featuredmedia":[{"embeddable":true,"href":"https:\/\/www.ghostysky.com\/es\/wp-json\/wp\/v2\/media\/21562"}],"wp:attachment":[{"href":"https:\/\/www.ghostysky.com\/es\/wp-json\/wp\/v2\/media?parent=21568"}],"wp:term":[{"taxonomy":"product_brand","embeddable":true,"href":"https:\/\/www.ghostysky.com\/es\/wp-json\/wp\/v2\/product_brand?post=21568"},{"taxonomy":"product_cat","embeddable":true,"href":"https:\/\/www.ghostysky.com\/es\/wp-json\/wp\/v2\/product_cat?post=21568"},{"taxonomy":"product_tag","embeddable":true,"href":"https:\/\/www.ghostysky.com\/es\/wp-json\/wp\/v2\/product_tag?post=21568"}],"curies":[{"name":"wp","href":"https:\/\/api.w.org\/{rel}","templated":true}]}}