{"id":21569,"date":"2025-10-17T06:48:20","date_gmt":"2025-10-17T06:48:20","guid":{"rendered":"https:\/\/www.ghostysky.com\/?post_type=product&#038;p=21569"},"modified":"2026-03-20T11:44:42","modified_gmt":"2026-03-20T11:44:42","slug":"unitree-r1-edu-u6","status":"publish","type":"product","link":"https:\/\/www.ghostysky.com\/es\/product\/unitree-r1-edu-u6\/","title":{"rendered":"Unitree R1 Edu Pro D (U6)"},"content":{"rendered":"<div id=\"model-response-message-contentr_ac6a3d62169ccad2\" class=\"markdown markdown-main-panel stronger enable-updated-hr-color\" dir=\"ltr\">\n<div id=\"model-response-message-contentr_ec72f52c99aa473d\" class=\"markdown markdown-main-panel stronger enable-updated-hr-color\" dir=\"ltr\">\n<div id=\"model-response-message-contentr_35753a61cf4863b3\" class=\"markdown markdown-main-panel stronger enable-updated-hr-color\" dir=\"ltr\">\n<div id=\"model-response-message-contentr_5e8ec58436797f36\" class=\"markdown markdown-main-panel stronger enable-updated-hr-color\" dir=\"ltr\">\n<h3 data-path-to-node=\"1\">Descripci\u00f3n general b\u00e1sica<\/h3>\n<p id=\"p-rc_7beb2f5076c56c5d-73\" data-path-to-node=\"2\"><span class=\"citation-170\">De pie en <\/span><b data-path-to-node=\"2\" data-index-in-node=\"12\"><span class=\"citation-170\">1,21 metros<\/span><\/b><span class=\"citation-170\"> y con un peso aproximado <\/span><b data-path-to-node=\"2\" data-index-in-node=\"51\"><span class=\"citation-170\">25 kilos<\/span><\/b><span class=\"citation-170 citation-end-170\">, La R1 Edu Pro D es una plataforma b\u00edpeda ultraligera.<\/span> <span class=\"citation-169\">A diferencia de los modelos b\u00e1sicos, el U6 est\u00e1 equipado con <\/span><b data-path-to-node=\"2\" data-index-in-node=\"166\"><span class=\"citation-169\">38 grados de libertad (GDL)<\/span><\/b><span class=\"citation-169 citation-end-169\">, lo que le proporciona una destreza similar a la humana y la movilidad necesaria para tareas complejas como correr, subir escaleras e incluso maniobras din\u00e1micas como volteretas o simulaciones de &quot;boxeo&quot;.<\/span><\/p>\n<div class=\"source-inline-chip-container ng-star-inserted\"><\/div>\n<p>&nbsp;<\/p>\n<h3 data-path-to-node=\"4\">Especificaciones y caracter\u00edsticas clave<\/h3>\n<table data-path-to-node=\"5\">\n<thead>\n<tr>\n<td><strong>Caracter\u00edstica<\/strong><\/td>\n<td><strong>Especificaci\u00f3n<\/strong><\/td>\n<\/tr>\n<\/thead>\n<tbody>\n<tr>\n<td><span data-path-to-node=\"5,1,0,0\"><b data-path-to-node=\"5,1,0,0\" data-index-in-node=\"0\">Grados de libertad totales<\/b><\/span><\/td>\n<td><span data-path-to-node=\"5,1,1,0\">38 (Piernas: 12, Brazos: 10, Cintura: 2, Cabeza: 2, Manos: 12)<\/span><\/td>\n<\/tr>\n<tr>\n<td><span data-path-to-node=\"5,2,0,0\"><b data-path-to-node=\"5,2,0,0\" data-index-in-node=\"0\">Manos diestras<\/b><\/span><\/td>\n<td><span data-path-to-node=\"5,2,1,0\">2x <b data-path-to-node=\"5,2,1,0\" data-index-in-node=\"3\">BrianCo Revo 2 Touch<\/b> (5 dedos con sensores t\u00e1ctiles)<\/span><\/td>\n<\/tr>\n<tr>\n<td><span data-path-to-node=\"5,3,0,0\"><b data-path-to-node=\"5,3,0,0\" data-index-in-node=\"0\">Potencia computacional de la IA<\/b><\/span><\/td>\n<td><span data-path-to-node=\"5,3,1,0\"><b data-path-to-node=\"5,3,1,0\" data-index-in-node=\"0\">NVIDIA Jetson Orin<\/b> (100 TOPS)<\/span><\/td>\n<\/tr>\n<tr>\n<td><span data-path-to-node=\"5,4,0,0\"><b data-path-to-node=\"5,4,0,0\" data-index-in-node=\"0\">Visi\u00f3n y audio<\/b><\/span><\/td>\n<td><span data-path-to-node=\"5,4,1,0\">C\u00e1mara est\u00e9reo binocular, matriz de 4 micr\u00f3fonos, altavoz est\u00e9reo de 5 W<\/span><\/td>\n<\/tr>\n<tr>\n<td><span data-path-to-node=\"5,5,0,0\"><b data-path-to-node=\"5,5,0,0\" data-index-in-node=\"0\">Bater\u00eda y autonom\u00eda<\/b><\/span><\/td>\n<td><span data-path-to-node=\"5,5,1,0\">Bater\u00eda de litio de liberaci\u00f3n r\u00e1pida de 9000 mAh (autonom\u00eda de aproximadamente 1 hora)<\/span><\/td>\n<\/tr>\n<tr>\n<td><span data-path-to-node=\"5,6,0,0\"><b data-path-to-node=\"5,6,0,0\" data-index-in-node=\"0\">Conectividad<\/b><\/span><\/td>\n<td><span data-path-to-node=\"5,6,1,0\">Wi-Fi 6, Bluetooth 5.2, SDK de desarrollo secundario<\/span><\/td>\n<\/tr>\n<\/tbody>\n<\/table>\n<p>&nbsp;<\/p>\n<p>&nbsp;<\/p>\n<h3 data-path-to-node=\"7\">\u00bfPor qu\u00e9 la versi\u00f3n \u201cU6\u201d?<\/h3>\n<p id=\"p-rc_7beb2f5076c56c5d-74\" data-path-to-node=\"8\"><span class=\"citation-168\">La serie R1 viene en varios niveles (U1 a U6). <\/span><b data-path-to-node=\"8\" data-index-in-node=\"58\"><span class=\"citation-168\">Edu Pro D (U6)<\/span><\/b><span class=\"citation-168 citation-end-168\"> Destaca por dos mejoras cruciales:<\/span><\/p>\n<ul data-path-to-node=\"9\">\n<li>\n<p id=\"p-rc_7beb2f5076c56c5d-75\" data-path-to-node=\"9,0,0\"><b data-path-to-node=\"9,0,0\" data-index-in-node=\"0\"><span class=\"citation-167\">Manipulaci\u00f3n t\u00e1ctil:<\/span><\/b><span class=\"citation-167\"> Cuenta con el <\/span><b data-path-to-node=\"9,0,0\" data-index-in-node=\"46\"><span class=\"citation-167\">BrianCo Revo 2 Touch<\/span><\/b><span class=\"citation-167 citation-end-167\"> manos.<\/span> Se trata de manos diestras de cinco dedos equipadas con avanzados conjuntos de sensores t\u00e1ctiles, que permiten al robot &quot;sentir&quot; objetos y realizar tareas de precisi\u00f3n que requieren un control de fuerza delicado.<\/p>\n<\/li>\n<li>\n<p id=\"p-rc_7beb2f5076c56c5d-76\" data-path-to-node=\"9,1,0\"><b data-path-to-node=\"9,1,0\" data-index-in-node=\"0\">Calculadora m\u00e1xima:<\/b><span class=\"citation-166\"> Utiliza el m\u00f3dulo de IA integrado m\u00e1s avanzado disponible (<\/span><b data-path-to-node=\"9,1,0\" data-index-in-node=\"70\"><span class=\"citation-166\">100 TOPS<\/span><\/b><span class=\"citation-166 citation-end-166\">), lo que le permite ejecutar grandes modelos multimodales (LMM) y algoritmos complejos de visi\u00f3n artificial de forma local sin depender completamente de la nube.<\/span><\/p>\n<p>&nbsp;<\/li>\n<\/ul>\n<h3 data-path-to-node=\"10\">Rendimiento y construcci\u00f3n<\/h3>\n<ul data-path-to-node=\"11\">\n<li>\n<p id=\"p-rc_7beb2f5076c56c5d-77\" data-path-to-node=\"11,0,0\"><b data-path-to-node=\"11,0,0\" data-index-in-node=\"0\">Movilidad \u00e1gil:<\/b> Impulsado por motores PMSM de rotor interno de baja inercia y alta velocidad, el R1 puede alcanzar velocidades de hasta <b data-path-to-node=\"11,0,0\" data-index-in-node=\"109\">2,5 m\/s<\/b>. <span class=\"citation-165 citation-end-165\">Su cableado con juntas huecas y su dise\u00f1o refrigerado por aire garantizan que el robot se mantenga elegante y duradero durante las pruebas intensivas.<\/span><\/p>\n<\/li>\n<li>\n<p id=\"p-rc_7beb2f5076c56c5d-78\" data-path-to-node=\"11,1,0\"><b data-path-to-node=\"11,1,0\" data-index-in-node=\"0\">Listo para la investigaci\u00f3n:<\/b><span class=\"citation-164 citation-end-164\"> La designaci\u00f3n &quot;Edu&quot; significa que es totalmente programable.<\/span> <span class=\"citation-163\">Es compatible <\/span><b data-path-to-node=\"11,1,0\" data-index-in-node=\"82\"><span class=\"citation-163\">ROS, Python y C++<\/span><\/b><span class=\"citation-163\">, y es compatible con entornos de simulaci\u00f3n como <\/span><b data-path-to-node=\"11,1,0\" data-index-in-node=\"156\"><span class=\"citation-163\">NVIDIA Isaac Sim<\/span><\/b><span class=\"citation-163 citation-end-163\">, convirti\u00e9ndolo en un puente perfecto entre los algoritmos digitales y la realidad f\u00edsica.<\/span><\/p>\n<\/li>\n<li>\n<p id=\"p-rc_7beb2f5076c56c5d-79\" data-path-to-node=\"11,2,0\"><b data-path-to-node=\"11,2,0\" data-index-in-node=\"0\"><span class=\"citation-162\">Interacci\u00f3n inteligente:<\/span><\/b><span class=\"citation-162 citation-end-162\"> Integrado con un amplio modelo de lenguaje multimodal, el U6 puede procesar simult\u00e1neamente entradas de voz y visuales, lo que permite interacciones naturales y receptivas con su entorno.<\/span><\/p>\n<\/li>\n<\/ul>\n<blockquote data-path-to-node=\"12\">\n<p id=\"p-rc_7beb2f5076c56c5d-80\" data-path-to-node=\"12,0\"><b data-path-to-node=\"12,0\" data-index-in-node=\"0\"><span class=\"citation-161\">Nota:<\/span><\/b><span class=\"citation-161 citation-end-161\"> A principios de 2026, la serie Unitree R1 se encuentra en fase de lanzamiento global por etapas.<\/span> Dada su complejidad, se recomienda para usuarios con experiencia en rob\u00f3tica o investigaci\u00f3n en inteligencia artificial.<\/p>\n<\/blockquote>\n<\/div>\n<\/div>\n<\/div>\n<\/div>","protected":false},"excerpt":{"rendered":"<p><span class=\"citation-171\">El <\/span><b data-path-to-node=\"0\" data-index-in-node=\"4\"><span class=\"citation-171\">Unitree R1 Edu Pro D (U6)<\/span><\/b><span class=\"citation-171 citation-end-171\"> Es la configuraci\u00f3n insignia de la serie humanoide R1, dise\u00f1ada espec\u00edficamente para la investigaci\u00f3n de alto nivel, el desarrollo de IA y la interacci\u00f3n avanzada entre humanos y robots (HRI).<\/span> Como variante &quot;U6&quot;, representa la versi\u00f3n m\u00e1s completa de la plataforma R1, que se distingue por su detecci\u00f3n t\u00e1ctil de alta fidelidad y su potencia de procesamiento perimetral superior.<\/p>","protected":false},"featured_media":21562,"comment_status":"open","ping_status":"closed","template":"","meta":[],"product_brand":[1087],"product_cat":[1038,1037,1103],"product_tag":[1088,1105,1112,1113],"class_list":{"0":"post-21569","1":"product","2":"type-product","3":"status-publish","4":"has-post-thumbnail","6":"product_brand-unitree","7":"product_cat-humanoid","8":"product_cat-robotics","9":"product_cat-unitree-hum-robots","10":"product_tag-unitree","11":"product_tag-unitree-humanoid","12":"product_tag-unitree-r1","13":"product_tag-unitree-r1-series","15":"first","16":"onbackorder","17":"taxable","18":"shipping-taxable","19":"purchasable","20":"product-type-simple"},"yoast_head":"<!-- This site is optimized with the Yoast SEO plugin v27.4 - https:\/\/yoast.com\/product\/yoast-seo-wordpress\/ -->\n<title>Unitree R1 Edu Pro D (U6) - Ghostysky<\/title>\n<meta name=\"description\" content=\"The Unitree R1 Edu Pro D (U6) is the flagship configuration of the R1 humanoid series, specifically engineered for high-end research, AI development, and advanced human-robot interaction (HRI). As the &quot;U6&quot; variant, it represents the most feature-complete version of the R1 platform, distinguished by its high-fidelity tactile sensing and superior edge computing power.\" \/>\n<meta name=\"robots\" content=\"index, follow, max-snippet:-1, max-image-preview:large, max-video-preview:-1\" \/>\n<link rel=\"canonical\" href=\"https:\/\/www.ghostysky.com\/es\/producto-2\/unitree-r1-edu-u6\/\" \/>\n<meta property=\"og:locale\" content=\"es_ES\" \/>\n<meta property=\"og:type\" content=\"article\" \/>\n<meta property=\"og:title\" content=\"Unitree R1 Edu Pro D (U6) - Ghostysky\" \/>\n<meta property=\"og:description\" content=\"The Unitree R1 Edu Pro D (U6) is the flagship configuration of the R1 humanoid series, specifically engineered for high-end research, AI development, and advanced human-robot interaction (HRI). As the &quot;U6&quot; variant, it represents the most feature-complete version of the R1 platform, distinguished by its high-fidelity tactile sensing and superior edge computing power.\" \/>\n<meta property=\"og:url\" content=\"https:\/\/www.ghostysky.com\/es\/producto-2\/unitree-r1-edu-u6\/\" \/>\n<meta property=\"og:site_name\" content=\"Ghostysky\" \/>\n<meta property=\"article:publisher\" content=\"https:\/\/www.facebook.com\/people\/Ghostysky\/100057676170234\/\" \/>\n<meta property=\"article:modified_time\" content=\"2026-03-20T11:44:42+00:00\" \/>\n<meta property=\"og:image\" content=\"https:\/\/www.ghostysky.com\/wp-content\/uploads\/2025\/10\/GH_R1-Basic-Version_1.jpg\" \/>\n\t<meta property=\"og:image:width\" content=\"225\" \/>\n\t<meta property=\"og:image:height\" content=\"225\" \/>\n\t<meta property=\"og:image:type\" content=\"image\/jpeg\" \/>\n<meta name=\"twitter:card\" content=\"summary_large_image\" \/>\n<meta name=\"twitter:site\" content=\"@Gh0stysky\" \/>\n<meta name=\"twitter:label1\" content=\"Tiempo de lectura\" \/>\n\t<meta name=\"twitter:data1\" content=\"2 minutos\" \/>\n<script type=\"application\/ld+json\" class=\"yoast-schema-graph\">{\"@context\":\"https:\\\/\\\/schema.org\",\"@graph\":[{\"@type\":\"WebPage\",\"@id\":\"https:\\\/\\\/www.ghostysky.com\\\/product\\\/unitree-r1-edu-u6\\\/\",\"url\":\"https:\\\/\\\/www.ghostysky.com\\\/product\\\/unitree-r1-edu-u6\\\/\",\"name\":\"Unitree R1 Edu Pro D (U6) - Ghostysky\",\"isPartOf\":{\"@id\":\"https:\\\/\\\/www.ghostysky.com\\\/#website\"},\"primaryImageOfPage\":{\"@id\":\"https:\\\/\\\/www.ghostysky.com\\\/product\\\/unitree-r1-edu-u6\\\/#primaryimage\"},\"image\":{\"@id\":\"https:\\\/\\\/www.ghostysky.com\\\/product\\\/unitree-r1-edu-u6\\\/#primaryimage\"},\"thumbnailUrl\":\"https:\\\/\\\/www.ghostysky.com\\\/wp-content\\\/uploads\\\/2025\\\/10\\\/GH_R1-Basic-Version_1.jpg\",\"datePublished\":\"2025-10-17T06:48:20+00:00\",\"dateModified\":\"2026-03-20T11:44:42+00:00\",\"description\":\"The Unitree R1 Edu Pro D (U6) is the flagship configuration of the R1 humanoid series, specifically engineered for high-end research, AI development, and advanced human-robot interaction (HRI). As the \\\"U6\\\" variant, it represents the most feature-complete version of the R1 platform, distinguished by its high-fidelity tactile sensing and superior edge computing power.\",\"breadcrumb\":{\"@id\":\"https:\\\/\\\/www.ghostysky.com\\\/product\\\/unitree-r1-edu-u6\\\/#breadcrumb\"},\"inLanguage\":\"es\",\"potentialAction\":[{\"@type\":\"ReadAction\",\"target\":[\"https:\\\/\\\/www.ghostysky.com\\\/product\\\/unitree-r1-edu-u6\\\/\"]}]},{\"@type\":\"ImageObject\",\"inLanguage\":\"es\",\"@id\":\"https:\\\/\\\/www.ghostysky.com\\\/product\\\/unitree-r1-edu-u6\\\/#primaryimage\",\"url\":\"https:\\\/\\\/www.ghostysky.com\\\/wp-content\\\/uploads\\\/2025\\\/10\\\/GH_R1-Basic-Version_1.jpg\",\"contentUrl\":\"https:\\\/\\\/www.ghostysky.com\\\/wp-content\\\/uploads\\\/2025\\\/10\\\/GH_R1-Basic-Version_1.jpg\",\"width\":225,\"height\":225},{\"@type\":\"BreadcrumbList\",\"@id\":\"https:\\\/\\\/www.ghostysky.com\\\/product\\\/unitree-r1-edu-u6\\\/#breadcrumb\",\"itemListElement\":[{\"@type\":\"ListItem\",\"position\":1,\"name\":\"Home\",\"item\":\"https:\\\/\\\/www.ghostysky.com\\\/\"},{\"@type\":\"ListItem\",\"position\":2,\"name\":\"Shop\",\"item\":\"https:\\\/\\\/www.ghostysky.com\\\/shop\\\/\"},{\"@type\":\"ListItem\",\"position\":3,\"name\":\"Unitree R1 Edu Pro D (U6)\"}]},{\"@type\":\"WebSite\",\"@id\":\"https:\\\/\\\/www.ghostysky.com\\\/#website\",\"url\":\"https:\\\/\\\/www.ghostysky.com\\\/\",\"name\":\"Ghostysky\",\"description\":\"Delivering professional drones and robotics solutions\",\"publisher\":{\"@id\":\"https:\\\/\\\/www.ghostysky.com\\\/#organization\"},\"potentialAction\":[{\"@type\":\"SearchAction\",\"target\":{\"@type\":\"EntryPoint\",\"urlTemplate\":\"https:\\\/\\\/www.ghostysky.com\\\/?s={search_term_string}\"},\"query-input\":{\"@type\":\"PropertyValueSpecification\",\"valueRequired\":true,\"valueName\":\"search_term_string\"}}],\"inLanguage\":\"es\"},{\"@type\":\"Organization\",\"@id\":\"https:\\\/\\\/www.ghostysky.com\\\/#organization\",\"name\":\"Ghostysky\",\"url\":\"https:\\\/\\\/www.ghostysky.com\\\/\",\"logo\":{\"@type\":\"ImageObject\",\"inLanguage\":\"es\",\"@id\":\"https:\\\/\\\/www.ghostysky.com\\\/#\\\/schema\\\/logo\\\/image\\\/\",\"url\":\"https:\\\/\\\/www.ghostysky.com\\\/wp-content\\\/uploads\\\/2020\\\/06\\\/cropped-ghostyskylogo_text_white2.png\",\"contentUrl\":\"https:\\\/\\\/www.ghostysky.com\\\/wp-content\\\/uploads\\\/2020\\\/06\\\/cropped-ghostyskylogo_text_white2.png\",\"width\":169,\"height\":56,\"caption\":\"Ghostysky\"},\"image\":{\"@id\":\"https:\\\/\\\/www.ghostysky.com\\\/#\\\/schema\\\/logo\\\/image\\\/\"},\"sameAs\":[\"https:\\\/\\\/www.facebook.com\\\/people\\\/Ghostysky\\\/100057676170234\\\/\",\"https:\\\/\\\/x.com\\\/Gh0stysky\",\"https:\\\/\\\/www.linkedin.com\\\/company\\\/34739653\",\"https:\\\/\\\/www.instagram.com\\\/gh0stysky\"]}]}<\/script>\n<!-- \/ Yoast SEO plugin. -->","yoast_head_json":{"title":"Unitree R1 Edu Pro D (U6) - Ghostysky","description":"El Unitree R1 Edu Pro D (U6) es la configuraci\u00f3n insignia de la serie de robots humanoides R1, dise\u00f1ada espec\u00edficamente para investigaci\u00f3n avanzada, desarrollo de IA e interacci\u00f3n humano-robot (HRI). Como variante &quot;U6&quot;, representa la versi\u00f3n m\u00e1s completa de la plataforma R1, que se distingue por su detecci\u00f3n t\u00e1ctil de alta fidelidad y su potencia de procesamiento en el borde superior.","robots":{"index":"index","follow":"follow","max-snippet":"max-snippet:-1","max-image-preview":"max-image-preview:large","max-video-preview":"max-video-preview:-1"},"canonical":"https:\/\/www.ghostysky.com\/es\/producto-2\/unitree-r1-edu-u6\/","og_locale":"es_ES","og_type":"article","og_title":"Unitree R1 Edu Pro D (U6) - Ghostysky","og_description":"The Unitree R1 Edu Pro D (U6) is the flagship configuration of the R1 humanoid series, specifically engineered for high-end research, AI development, and advanced human-robot interaction (HRI). As the \"U6\" variant, it represents the most feature-complete version of the R1 platform, distinguished by its high-fidelity tactile sensing and superior edge computing power.","og_url":"https:\/\/www.ghostysky.com\/es\/producto-2\/unitree-r1-edu-u6\/","og_site_name":"Ghostysky","article_publisher":"https:\/\/www.facebook.com\/people\/Ghostysky\/100057676170234\/","article_modified_time":"2026-03-20T11:44:42+00:00","og_image":[{"width":225,"height":225,"url":"https:\/\/www.ghostysky.com\/wp-content\/uploads\/2025\/10\/GH_R1-Basic-Version_1.jpg","type":"image\/jpeg"}],"twitter_card":"summary_large_image","twitter_site":"@Gh0stysky","twitter_misc":{"Tiempo de lectura":"2 minutos"},"schema":{"@context":"https:\/\/schema.org","@graph":[{"@type":"WebPage","@id":"https:\/\/www.ghostysky.com\/product\/unitree-r1-edu-u6\/","url":"https:\/\/www.ghostysky.com\/product\/unitree-r1-edu-u6\/","name":"Unitree R1 Edu Pro D (U6) - Ghostysky","isPartOf":{"@id":"https:\/\/www.ghostysky.com\/#website"},"primaryImageOfPage":{"@id":"https:\/\/www.ghostysky.com\/product\/unitree-r1-edu-u6\/#primaryimage"},"image":{"@id":"https:\/\/www.ghostysky.com\/product\/unitree-r1-edu-u6\/#primaryimage"},"thumbnailUrl":"https:\/\/www.ghostysky.com\/wp-content\/uploads\/2025\/10\/GH_R1-Basic-Version_1.jpg","datePublished":"2025-10-17T06:48:20+00:00","dateModified":"2026-03-20T11:44:42+00:00","description":"El Unitree R1 Edu Pro D (U6) es la configuraci\u00f3n insignia de la serie de robots humanoides R1, dise\u00f1ada espec\u00edficamente para investigaci\u00f3n avanzada, desarrollo de IA e interacci\u00f3n humano-robot (HRI). Como variante &quot;U6&quot;, representa la versi\u00f3n m\u00e1s completa de la plataforma R1, que se distingue por su detecci\u00f3n t\u00e1ctil de alta fidelidad y su potencia de procesamiento en el borde superior.","breadcrumb":{"@id":"https:\/\/www.ghostysky.com\/product\/unitree-r1-edu-u6\/#breadcrumb"},"inLanguage":"es","potentialAction":[{"@type":"ReadAction","target":["https:\/\/www.ghostysky.com\/product\/unitree-r1-edu-u6\/"]}]},{"@type":"ImageObject","inLanguage":"es","@id":"https:\/\/www.ghostysky.com\/product\/unitree-r1-edu-u6\/#primaryimage","url":"https:\/\/www.ghostysky.com\/wp-content\/uploads\/2025\/10\/GH_R1-Basic-Version_1.jpg","contentUrl":"https:\/\/www.ghostysky.com\/wp-content\/uploads\/2025\/10\/GH_R1-Basic-Version_1.jpg","width":225,"height":225},{"@type":"BreadcrumbList","@id":"https:\/\/www.ghostysky.com\/product\/unitree-r1-edu-u6\/#breadcrumb","itemListElement":[{"@type":"ListItem","position":1,"name":"Home","item":"https:\/\/www.ghostysky.com\/"},{"@type":"ListItem","position":2,"name":"Shop","item":"https:\/\/www.ghostysky.com\/shop\/"},{"@type":"ListItem","position":3,"name":"Unitree R1 Edu Pro D (U6)"}]},{"@type":"WebSite","@id":"https:\/\/www.ghostysky.com\/#website","url":"https:\/\/www.ghostysky.com\/","name":"Ghostysky","description":"Ofrecemos soluciones profesionales de drones y rob\u00f3tica.","publisher":{"@id":"https:\/\/www.ghostysky.com\/#organization"},"potentialAction":[{"@type":"SearchAction","target":{"@type":"EntryPoint","urlTemplate":"https:\/\/www.ghostysky.com\/?s={search_term_string}"},"query-input":{"@type":"PropertyValueSpecification","valueRequired":true,"valueName":"search_term_string"}}],"inLanguage":"es"},{"@type":"Organization","@id":"https:\/\/www.ghostysky.com\/#organization","name":"Ghostysky","url":"https:\/\/www.ghostysky.com\/","logo":{"@type":"ImageObject","inLanguage":"es","@id":"https:\/\/www.ghostysky.com\/#\/schema\/logo\/image\/","url":"https:\/\/www.ghostysky.com\/wp-content\/uploads\/2020\/06\/cropped-ghostyskylogo_text_white2.png","contentUrl":"https:\/\/www.ghostysky.com\/wp-content\/uploads\/2020\/06\/cropped-ghostyskylogo_text_white2.png","width":169,"height":56,"caption":"Ghostysky"},"image":{"@id":"https:\/\/www.ghostysky.com\/#\/schema\/logo\/image\/"},"sameAs":["https:\/\/www.facebook.com\/people\/Ghostysky\/100057676170234\/","https:\/\/x.com\/Gh0stysky","https:\/\/www.linkedin.com\/company\/34739653","https:\/\/www.instagram.com\/gh0stysky"]}]}},"_links":{"self":[{"href":"https:\/\/www.ghostysky.com\/es\/wp-json\/wp\/v2\/product\/21569","targetHints":{"allow":["GET"]}}],"collection":[{"href":"https:\/\/www.ghostysky.com\/es\/wp-json\/wp\/v2\/product"}],"about":[{"href":"https:\/\/www.ghostysky.com\/es\/wp-json\/wp\/v2\/types\/product"}],"replies":[{"embeddable":true,"href":"https:\/\/www.ghostysky.com\/es\/wp-json\/wp\/v2\/comments?post=21569"}],"version-history":[{"count":1,"href":"https:\/\/www.ghostysky.com\/es\/wp-json\/wp\/v2\/product\/21569\/revisions"}],"predecessor-version":[{"id":24498,"href":"https:\/\/www.ghostysky.com\/es\/wp-json\/wp\/v2\/product\/21569\/revisions\/24498"}],"wp:featuredmedia":[{"embeddable":true,"href":"https:\/\/www.ghostysky.com\/es\/wp-json\/wp\/v2\/media\/21562"}],"wp:attachment":[{"href":"https:\/\/www.ghostysky.com\/es\/wp-json\/wp\/v2\/media?parent=21569"}],"wp:term":[{"taxonomy":"product_brand","embeddable":true,"href":"https:\/\/www.ghostysky.com\/es\/wp-json\/wp\/v2\/product_brand?post=21569"},{"taxonomy":"product_cat","embeddable":true,"href":"https:\/\/www.ghostysky.com\/es\/wp-json\/wp\/v2\/product_cat?post=21569"},{"taxonomy":"product_tag","embeddable":true,"href":"https:\/\/www.ghostysky.com\/es\/wp-json\/wp\/v2\/product_tag?post=21569"}],"curies":[{"name":"wp","href":"https:\/\/api.w.org\/{rel}","templated":true}]}}