{"id":21728,"date":"2025-10-17T13:35:17","date_gmt":"2025-10-17T13:35:17","guid":{"rendered":"https:\/\/www.ghostysky.com\/?post_type=product&#038;p=21728"},"modified":"2025-10-17T13:35:49","modified_gmt":"2025-10-17T13:35:49","slug":"dji-matrice-4td-worry-free-flagship-combo-without-battery","status":"publish","type":"product","link":"https:\/\/www.ghostysky.com\/es\/product\/dji-matrice-4td-worry-free-flagship-combo-without-battery\/","title":{"rendered":"DJI Matrice 4TD Worry-Free Flagship Combo (sin bater\u00eda)"},"content":{"rendered":"<div id=\"model-response-message-contentr_dad66f8cedfc2587\" class=\"markdown markdown-main-panel stronger enable-updated-hr-color\" dir=\"ltr\">\n<h3><b>Caracter\u00edsticas principales del DJI Matrice 4TD<\/b><\/h3>\n<ul>\n<li><b>Carga \u00fatil multisensor avanzada:<\/b><span class=\"citation-996 citation-end-996\"> El Matrice 4TD est\u00e1 equipado con un completo sistema de c\u00e1mara para una captura de datos vers\u00e1til:<\/span>\n<ul>\n<li><b><span class=\"citation-995\">C\u00e1mara gran angular:<\/span><\/b><span class=\"citation-995 citation-end-995\"> CMOS de 48 MP y 1\/1,3 pulgadas.<\/span><\/li>\n<li><b><span class=\"citation-994\">C\u00e1mara telesc\u00f3pica mediana:<\/span><\/b><span class=\"citation-994 citation-end-994\"> CMOS de 48 MP y 1\/1,3 pulgadas para inspecciones de alcance medio.<\/span><\/li>\n<li><b><span class=\"citation-993\">C\u00e1mara telesc\u00f3pica:<\/span><\/b><span class=\"citation-993 citation-end-993\"> CMOS de 48 MP y 1\/1,5 pulgadas, capaz de capturar detalles finos desde largas distancias (hasta 250 m).<\/span><\/li>\n<li><b><span class=\"citation-992\">C\u00e1mara t\u00e9rmica infrarroja:<\/span><\/b><span class=\"citation-992 citation-end-992\"> Alta resoluci\u00f3n <\/span><span class=\"math-inline\" data-math=\"640 \\times 512\"><span class=\"katex\"><span class=\"katex-html\" aria-hidden=\"true\"><span class=\"base\"><span class=\"mord\">640<\/span><span class=\"mbin\">\u00d7<\/span><\/span><span class=\"base\"><span class=\"mord\">512<\/span><\/span><\/span><\/span><\/span><span class=\"citation-991 citation-end-991\"> resoluci\u00f3n (compatible con el modo de imagen infrarroja UHR hasta <\/span><span class=\"math-inline\" data-math=\"1280 \\times 1024\"><span class=\"katex\"><span class=\"katex-html\" aria-hidden=\"true\"><span class=\"base\"><span class=\"mord\">1280<\/span><span class=\"mbin\">\u00d7<\/span><\/span><span class=\"base\"><span class=\"mord\">1024<\/span><\/span><\/span><\/span><\/span><span class=\"citation-990 citation-end-990\">) para lecturas precisas de temperatura y an\u00e1lisis t\u00e9rmico.<\/span><\/li>\n<li><b><span class=\"citation-989\">Localizador Laser:<\/span><\/b><span class=\"citation-989 citation-end-989\"> Mide distancias de hasta 1800 m para un posicionamiento y datos precisos.<\/span><\/li>\n<li><b><span class=\"citation-988\">Luz auxiliar NIR:<\/span><\/b><span class=\"citation-988 citation-end-988\"> Una fuente de luz de infrarrojo cercano para una mejor visibilidad en condiciones de poca luz, cubriendo distancias de hasta 100 m.<\/span><\/li>\n<\/ul>\n<\/li>\n<li><b>Rendimiento robusto y confiable:<\/b>\n<ul>\n<li><b><span class=\"citation-987\">Clasificaci\u00f3n IP55:<\/span><\/b><span class=\"citation-987 citation-end-987\"> Proporciona una impresionante resistencia al polvo y al agua, lo que permite realizar operaciones en condiciones clim\u00e1ticas adversas.<\/span><\/li>\n<li><b>Tiempo de vuelo extendido:<\/b><span class=\"citation-986 citation-end-986\"> Ofrece hasta 54 minutos de tiempo de vuelo hacia adelante (o 47 minutos de vuelo estacionario) para una mayor resistencia en la misi\u00f3n.<\/span><\/li>\n<li><b><span class=\"citation-985\">H\u00e9lices antihielo:<\/span><\/b><span class=\"citation-985 citation-end-985\"> Viene de serie con h\u00e9lices antihielo de bajo ruido, lo que garantiza un vuelo estable incluso en condiciones de lluvia helada.<\/span><\/li>\n<\/ul>\n<\/li>\n<li><b>Mayor seguridad y autonom\u00eda:<\/b>\n<ul>\n<li><b>Detecci\u00f3n avanzada de obst\u00e1culos:<\/b><span class=\"citation-984\"> Utiliza una combinaci\u00f3n de rotaci\u00f3n <\/span><b><span class=\"citation-984\">LiDAR<\/span><\/b><span class=\"citation-984\"> y <\/span><b><span class=\"citation-984\">radar de ondas milim\u00e9tricas<\/span><\/b><span class=\"citation-984 citation-end-984\"> Tecnolog\u00eda para evitar obst\u00e1culos con precisi\u00f3n en todas las direcciones, detectando incluso cables delgados.<\/span><\/li>\n<li><b>Destaca en condiciones de poca luz:<\/b><span class=\"citation-983\"> Cuenta con una <\/span><b><span class=\"citation-983\">Modo de escena nocturna<\/span><\/b><span class=\"citation-983\"> para visi\u00f3n nocturna a todo color, y el Matrice 4TD incluye espec\u00edficamente un <\/span><b><span class=\"citation-983\">Filtro de corte IR<\/span><\/b><span class=\"citation-983 citation-end-983\"> Para operaciones confiables 24 horas al d\u00eda, 7 d\u00edas a la semana en total oscuridad.<\/span><\/li>\n<li><b>Relevo a\u00e9reo sin interrupciones:<\/b><span class=\"citation-982\"> El dron puede operar con el <\/span><b><span class=\"citation-982\">DJI RC Plus 2 Enterprise<\/span><\/b><span class=\"citation-982 citation-end-982\"> controlador y cuenta con una funci\u00f3n de rel\u00e9 incorporada, lo que permite que un dron vuele alto como rel\u00e9 para ampliar el rango de comunicaci\u00f3n de otro, ideal para terrenos monta\u00f1osos.<\/span><\/li>\n<\/ul>\n<\/li>\n<\/ul>\n<p>El <b>Combo insignia sin preocupaciones<\/b> Este dron de \u00faltima generaci\u00f3n incluye accesorios esenciales y un plan de servicio, lo que garantiza que los profesionales tengan las herramientas y el soporte necesarios para operaciones cr\u00edticas, en cualquier clima y las 24 horas del d\u00eda, los 7 d\u00edas de la semana.<\/p>\n<h4>En el cuadro<\/h4>\n<p>1x Matrice 4TD<br \/>\n1 par de h\u00e9lices de repuesto antihielo y de bajo ruido para DJI Matrice 4D Series<br \/>\n1x Juego de destornilladores<br \/>\n1 cable de datos USB-A a USB-C<br \/>\n6 tornillos de pala de h\u00e9lice M2.5<br \/>\n6x Arandelas de goma (para h\u00e9lices)<br \/>\n4 tornillos M1.6 para compartimento de m\u00f3dulo celular de aeronave<\/p>\n<\/div>","protected":false},"excerpt":{"rendered":"<p><span class=\"citation-997 citation-end-997\">El DJI Matrice 4TD Worry-Free Flagship Combo es una soluci\u00f3n de dron resistente a la intemperie y de alto rendimiento dise\u00f1ada para aplicaciones empresariales exigentes, como inspecci\u00f3n de infraestructura, respuesta a emergencias, seguridad p\u00fablica y prospecci\u00f3n a\u00e9rea detallada.<\/span> El \u201cWorry-Free Flagship Combo\u201d generalmente incluye el dron en s\u00ed, el control remoto de calidad profesional, bater\u00edas, equipo de carga y, a menudo, un nivel de <b>DJI Care Enterprise Plus<\/b> Para mayor tranquilidad.<\/p>","protected":false},"featured_media":21732,"comment_status":"open","ping_status":"closed","template":"","meta":[],"product_brand":[1031],"product_cat":[37,1118,1117],"product_tag":[42,1121,1120],"class_list":{"0":"post-21728","1":"product","2":"type-product","3":"status-publish","4":"has-post-thumbnail","6":"product_brand-dji","7":"product_cat-dji","8":"product_cat-dji-matrice-4-drones","9":"product_cat-matrice-4","10":"product_tag-dji","11":"product_tag-dji-matrice-4-drone","12":"product_tag-dji-matrice-4-series","14":"first","15":"onbackorder","16":"taxable","17":"shipping-taxable","18":"purchasable","19":"product-type-simple"},"yoast_head":"<!-- This site is optimized with the Yoast SEO plugin v27.1.1 - https:\/\/yoast.com\/product\/yoast-seo-wordpress\/ -->\n<title>DJI Matrice 4TD Worry-Free Flagship Combo (without Battery) - Ghostysky<\/title>\n<meta name=\"description\" content=\"The DJI Matrice 4TD Worry-Free Flagship Combo is a high-performance, weather-resistant drone solution designed for demanding enterprise applications such as infrastructure inspection, emergency response, public safety, and detailed aerial surveying. The &quot;Worry-Free Flagship Combo&quot; typically includes the drone itself, the professional-grade remote controller, batteries, charging equipment, and often a level of DJI Care Enterprise Plus for added peace of mind.\" \/>\n<meta name=\"robots\" content=\"index, follow, max-snippet:-1, max-image-preview:large, max-video-preview:-1\" \/>\n<link rel=\"canonical\" href=\"https:\/\/www.ghostysky.com\/es\/producto-2\/dji-matrice-4td-worry-free-flagship-combo-without-battery\/\" \/>\n<meta property=\"og:locale\" content=\"es_ES\" \/>\n<meta property=\"og:type\" content=\"article\" \/>\n<meta property=\"og:title\" content=\"DJI Matrice 4TD Worry-Free Flagship Combo (without Battery) - Ghostysky\" \/>\n<meta property=\"og:description\" content=\"The DJI Matrice 4TD Worry-Free Flagship Combo is a high-performance, weather-resistant drone solution designed for demanding enterprise applications such as infrastructure inspection, emergency response, public safety, and detailed aerial surveying. The &quot;Worry-Free Flagship Combo&quot; typically includes the drone itself, the professional-grade remote controller, batteries, charging equipment, and often a level of DJI Care Enterprise Plus for added peace of mind.\" \/>\n<meta property=\"og:url\" content=\"https:\/\/www.ghostysky.com\/es\/producto-2\/dji-matrice-4td-worry-free-flagship-combo-without-battery\/\" \/>\n<meta property=\"og:site_name\" content=\"Ghostysky\" \/>\n<meta property=\"article:publisher\" content=\"https:\/\/www.facebook.com\/people\/Ghostysky\/100057676170234\/\" \/>\n<meta property=\"article:modified_time\" content=\"2025-10-17T13:35:49+00:00\" \/>\n<meta property=\"og:image\" content=\"https:\/\/www.ghostysky.com\/wp-content\/uploads\/2025\/10\/GH_DJI-Matrice-4TD-Worry-Free-Flagship-Combo-without-Battery_1.jpg\" \/>\n\t<meta property=\"og:image:width\" content=\"800\" \/>\n\t<meta property=\"og:image:height\" content=\"800\" \/>\n\t<meta property=\"og:image:type\" content=\"image\/jpeg\" \/>\n<meta name=\"twitter:card\" content=\"summary_large_image\" \/>\n<meta name=\"twitter:site\" content=\"@Gh0stysky\" \/>\n<meta name=\"twitter:label1\" content=\"Tiempo de lectura\" \/>\n\t<meta name=\"twitter:data1\" content=\"2 minutos\" \/>\n<script type=\"application\/ld+json\" class=\"yoast-schema-graph\">{\"@context\":\"https:\/\/schema.org\",\"@graph\":[{\"@type\":\"WebPage\",\"@id\":\"https:\/\/www.ghostysky.com\/product\/dji-matrice-4td-worry-free-flagship-combo-without-battery\/\",\"url\":\"https:\/\/www.ghostysky.com\/product\/dji-matrice-4td-worry-free-flagship-combo-without-battery\/\",\"name\":\"DJI Matrice 4TD Worry-Free Flagship Combo (without Battery) - Ghostysky\",\"isPartOf\":{\"@id\":\"https:\/\/www.ghostysky.com\/#website\"},\"primaryImageOfPage\":{\"@id\":\"https:\/\/www.ghostysky.com\/product\/dji-matrice-4td-worry-free-flagship-combo-without-battery\/#primaryimage\"},\"image\":{\"@id\":\"https:\/\/www.ghostysky.com\/product\/dji-matrice-4td-worry-free-flagship-combo-without-battery\/#primaryimage\"},\"thumbnailUrl\":\"https:\/\/www.ghostysky.com\/wp-content\/uploads\/2025\/10\/GH_DJI-Matrice-4TD-Worry-Free-Flagship-Combo-without-Battery_1.jpg\",\"datePublished\":\"2025-10-17T13:35:17+00:00\",\"dateModified\":\"2025-10-17T13:35:49+00:00\",\"description\":\"The DJI Matrice 4TD Worry-Free Flagship Combo is a high-performance, weather-resistant drone solution designed for demanding enterprise applications such as infrastructure inspection, emergency response, public safety, and detailed aerial surveying. The \\\"Worry-Free Flagship Combo\\\" typically includes the drone itself, the professional-grade remote controller, batteries, charging equipment, and often a level of DJI Care Enterprise Plus for added peace of mind.\",\"breadcrumb\":{\"@id\":\"https:\/\/www.ghostysky.com\/product\/dji-matrice-4td-worry-free-flagship-combo-without-battery\/#breadcrumb\"},\"inLanguage\":\"es\",\"potentialAction\":[{\"@type\":\"ReadAction\",\"target\":[\"https:\/\/www.ghostysky.com\/product\/dji-matrice-4td-worry-free-flagship-combo-without-battery\/\"]}]},{\"@type\":\"ImageObject\",\"inLanguage\":\"es\",\"@id\":\"https:\/\/www.ghostysky.com\/product\/dji-matrice-4td-worry-free-flagship-combo-without-battery\/#primaryimage\",\"url\":\"https:\/\/www.ghostysky.com\/wp-content\/uploads\/2025\/10\/GH_DJI-Matrice-4TD-Worry-Free-Flagship-Combo-without-Battery_1.jpg\",\"contentUrl\":\"https:\/\/www.ghostysky.com\/wp-content\/uploads\/2025\/10\/GH_DJI-Matrice-4TD-Worry-Free-Flagship-Combo-without-Battery_1.jpg\",\"width\":800,\"height\":800},{\"@type\":\"BreadcrumbList\",\"@id\":\"https:\/\/www.ghostysky.com\/product\/dji-matrice-4td-worry-free-flagship-combo-without-battery\/#breadcrumb\",\"itemListElement\":[{\"@type\":\"ListItem\",\"position\":1,\"name\":\"Home\",\"item\":\"https:\/\/www.ghostysky.com\/\"},{\"@type\":\"ListItem\",\"position\":2,\"name\":\"Shop\",\"item\":\"https:\/\/www.ghostysky.com\/shop\/\"},{\"@type\":\"ListItem\",\"position\":3,\"name\":\"DJI Matrice 4TD Worry-Free Flagship Combo (without Battery)\"}]},{\"@type\":\"WebSite\",\"@id\":\"https:\/\/www.ghostysky.com\/#website\",\"url\":\"https:\/\/www.ghostysky.com\/\",\"name\":\"Ghostysky\",\"description\":\"Delivering professional drones and services\",\"publisher\":{\"@id\":\"https:\/\/www.ghostysky.com\/#organization\"},\"potentialAction\":[{\"@type\":\"SearchAction\",\"target\":{\"@type\":\"EntryPoint\",\"urlTemplate\":\"https:\/\/www.ghostysky.com\/?s={search_term_string}\"},\"query-input\":{\"@type\":\"PropertyValueSpecification\",\"valueRequired\":true,\"valueName\":\"search_term_string\"}}],\"inLanguage\":\"es\"},{\"@type\":\"Organization\",\"@id\":\"https:\/\/www.ghostysky.com\/#organization\",\"name\":\"Ghostysky\",\"url\":\"https:\/\/www.ghostysky.com\/\",\"logo\":{\"@type\":\"ImageObject\",\"inLanguage\":\"es\",\"@id\":\"https:\/\/www.ghostysky.com\/#\/schema\/logo\/image\/\",\"url\":\"https:\/\/www.ghostysky.com\/wp-content\/uploads\/2020\/06\/cropped-ghostyskylogo_text_white2.png\",\"contentUrl\":\"https:\/\/www.ghostysky.com\/wp-content\/uploads\/2020\/06\/cropped-ghostyskylogo_text_white2.png\",\"width\":169,\"height\":56,\"caption\":\"Ghostysky\"},\"image\":{\"@id\":\"https:\/\/www.ghostysky.com\/#\/schema\/logo\/image\/\"},\"sameAs\":[\"https:\/\/www.facebook.com\/people\/Ghostysky\/100057676170234\/\",\"https:\/\/x.com\/Gh0stysky\",\"https:\/\/www.linkedin.com\/company\/34739653\",\"https:\/\/www.instagram.com\/gh0stysky\"]}]}<\/script>\n<!-- \/ Yoast SEO plugin. -->","yoast_head_json":{"title":"DJI Matrice 4TD Worry-Free Flagship Combo (sin bater\u00eda) - Ghostysky","description":"El DJI Matrice 4TD Worry-Free Flagship Combo es una soluci\u00f3n de dron de alto rendimiento y resistente a la intemperie, dise\u00f1ada para aplicaciones empresariales exigentes como inspecci\u00f3n de infraestructuras, respuesta a emergencias, seguridad p\u00fablica y topograf\u00eda a\u00e9rea detallada. El &quot;Worry-Free Flagship Combo&quot; generalmente incluye el dron, el control remoto profesional, bater\u00edas, cargador y, a menudo, DJI Care Enterprise Plus para mayor tranquilidad.","robots":{"index":"index","follow":"follow","max-snippet":"max-snippet:-1","max-image-preview":"max-image-preview:large","max-video-preview":"max-video-preview:-1"},"canonical":"https:\/\/www.ghostysky.com\/es\/producto-2\/dji-matrice-4td-worry-free-flagship-combo-without-battery\/","og_locale":"es_ES","og_type":"article","og_title":"DJI Matrice 4TD Worry-Free Flagship Combo (without Battery) - Ghostysky","og_description":"The DJI Matrice 4TD Worry-Free Flagship Combo is a high-performance, weather-resistant drone solution designed for demanding enterprise applications such as infrastructure inspection, emergency response, public safety, and detailed aerial surveying. The \"Worry-Free Flagship Combo\" typically includes the drone itself, the professional-grade remote controller, batteries, charging equipment, and often a level of DJI Care Enterprise Plus for added peace of mind.","og_url":"https:\/\/www.ghostysky.com\/es\/producto-2\/dji-matrice-4td-worry-free-flagship-combo-without-battery\/","og_site_name":"Ghostysky","article_publisher":"https:\/\/www.facebook.com\/people\/Ghostysky\/100057676170234\/","article_modified_time":"2025-10-17T13:35:49+00:00","og_image":[{"width":800,"height":800,"url":"https:\/\/www.ghostysky.com\/wp-content\/uploads\/2025\/10\/GH_DJI-Matrice-4TD-Worry-Free-Flagship-Combo-without-Battery_1.jpg","type":"image\/jpeg"}],"twitter_card":"summary_large_image","twitter_site":"@Gh0stysky","twitter_misc":{"Tiempo de lectura":"2 minutos"},"schema":{"@context":"https:\/\/schema.org","@graph":[{"@type":"WebPage","@id":"https:\/\/www.ghostysky.com\/product\/dji-matrice-4td-worry-free-flagship-combo-without-battery\/","url":"https:\/\/www.ghostysky.com\/product\/dji-matrice-4td-worry-free-flagship-combo-without-battery\/","name":"DJI Matrice 4TD Worry-Free Flagship Combo (sin bater\u00eda) - Ghostysky","isPartOf":{"@id":"https:\/\/www.ghostysky.com\/#website"},"primaryImageOfPage":{"@id":"https:\/\/www.ghostysky.com\/product\/dji-matrice-4td-worry-free-flagship-combo-without-battery\/#primaryimage"},"image":{"@id":"https:\/\/www.ghostysky.com\/product\/dji-matrice-4td-worry-free-flagship-combo-without-battery\/#primaryimage"},"thumbnailUrl":"https:\/\/www.ghostysky.com\/wp-content\/uploads\/2025\/10\/GH_DJI-Matrice-4TD-Worry-Free-Flagship-Combo-without-Battery_1.jpg","datePublished":"2025-10-17T13:35:17+00:00","dateModified":"2025-10-17T13:35:49+00:00","description":"El DJI Matrice 4TD Worry-Free Flagship Combo es una soluci\u00f3n de dron de alto rendimiento y resistente a la intemperie, dise\u00f1ada para aplicaciones empresariales exigentes como inspecci\u00f3n de infraestructuras, respuesta a emergencias, seguridad p\u00fablica y topograf\u00eda a\u00e9rea detallada. El &quot;Worry-Free Flagship Combo&quot; generalmente incluye el dron, el control remoto profesional, bater\u00edas, cargador y, a menudo, DJI Care Enterprise Plus para mayor tranquilidad.","breadcrumb":{"@id":"https:\/\/www.ghostysky.com\/product\/dji-matrice-4td-worry-free-flagship-combo-without-battery\/#breadcrumb"},"inLanguage":"es","potentialAction":[{"@type":"ReadAction","target":["https:\/\/www.ghostysky.com\/product\/dji-matrice-4td-worry-free-flagship-combo-without-battery\/"]}]},{"@type":"ImageObject","inLanguage":"es","@id":"https:\/\/www.ghostysky.com\/product\/dji-matrice-4td-worry-free-flagship-combo-without-battery\/#primaryimage","url":"https:\/\/www.ghostysky.com\/wp-content\/uploads\/2025\/10\/GH_DJI-Matrice-4TD-Worry-Free-Flagship-Combo-without-Battery_1.jpg","contentUrl":"https:\/\/www.ghostysky.com\/wp-content\/uploads\/2025\/10\/GH_DJI-Matrice-4TD-Worry-Free-Flagship-Combo-without-Battery_1.jpg","width":800,"height":800},{"@type":"BreadcrumbList","@id":"https:\/\/www.ghostysky.com\/product\/dji-matrice-4td-worry-free-flagship-combo-without-battery\/#breadcrumb","itemListElement":[{"@type":"ListItem","position":1,"name":"Home","item":"https:\/\/www.ghostysky.com\/"},{"@type":"ListItem","position":2,"name":"Shop","item":"https:\/\/www.ghostysky.com\/shop\/"},{"@type":"ListItem","position":3,"name":"DJI Matrice 4TD Worry-Free Flagship Combo (without Battery)"}]},{"@type":"WebSite","@id":"https:\/\/www.ghostysky.com\/#website","url":"https:\/\/www.ghostysky.com\/","name":"Ghostysky","description":"Entrega de drones y servicios profesionales","publisher":{"@id":"https:\/\/www.ghostysky.com\/#organization"},"potentialAction":[{"@type":"SearchAction","target":{"@type":"EntryPoint","urlTemplate":"https:\/\/www.ghostysky.com\/?s={search_term_string}"},"query-input":{"@type":"PropertyValueSpecification","valueRequired":true,"valueName":"search_term_string"}}],"inLanguage":"es"},{"@type":"Organization","@id":"https:\/\/www.ghostysky.com\/#organization","name":"Ghostysky","url":"https:\/\/www.ghostysky.com\/","logo":{"@type":"ImageObject","inLanguage":"es","@id":"https:\/\/www.ghostysky.com\/#\/schema\/logo\/image\/","url":"https:\/\/www.ghostysky.com\/wp-content\/uploads\/2020\/06\/cropped-ghostyskylogo_text_white2.png","contentUrl":"https:\/\/www.ghostysky.com\/wp-content\/uploads\/2020\/06\/cropped-ghostyskylogo_text_white2.png","width":169,"height":56,"caption":"Ghostysky"},"image":{"@id":"https:\/\/www.ghostysky.com\/#\/schema\/logo\/image\/"},"sameAs":["https:\/\/www.facebook.com\/people\/Ghostysky\/100057676170234\/","https:\/\/x.com\/Gh0stysky","https:\/\/www.linkedin.com\/company\/34739653","https:\/\/www.instagram.com\/gh0stysky"]}]}},"_links":{"self":[{"href":"https:\/\/www.ghostysky.com\/es\/wp-json\/wp\/v2\/product\/21728","targetHints":{"allow":["GET"]}}],"collection":[{"href":"https:\/\/www.ghostysky.com\/es\/wp-json\/wp\/v2\/product"}],"about":[{"href":"https:\/\/www.ghostysky.com\/es\/wp-json\/wp\/v2\/types\/product"}],"replies":[{"embeddable":true,"href":"https:\/\/www.ghostysky.com\/es\/wp-json\/wp\/v2\/comments?post=21728"}],"wp:featuredmedia":[{"embeddable":true,"href":"https:\/\/www.ghostysky.com\/es\/wp-json\/wp\/v2\/media\/21732"}],"wp:attachment":[{"href":"https:\/\/www.ghostysky.com\/es\/wp-json\/wp\/v2\/media?parent=21728"}],"wp:term":[{"taxonomy":"product_brand","embeddable":true,"href":"https:\/\/www.ghostysky.com\/es\/wp-json\/wp\/v2\/product_brand?post=21728"},{"taxonomy":"product_cat","embeddable":true,"href":"https:\/\/www.ghostysky.com\/es\/wp-json\/wp\/v2\/product_cat?post=21728"},{"taxonomy":"product_tag","embeddable":true,"href":"https:\/\/www.ghostysky.com\/es\/wp-json\/wp\/v2\/product_tag?post=21728"}],"curies":[{"name":"wp","href":"https:\/\/api.w.org\/{rel}","templated":true}]}}