{"id":21735,"date":"2025-10-17T13:37:41","date_gmt":"2025-10-17T13:37:41","guid":{"rendered":"https:\/\/www.ghostysky.com\/?post_type=product&#038;p=21735"},"modified":"2025-10-17T13:45:49","modified_gmt":"2025-10-17T13:45:49","slug":"dji-matrice-4d-worry-free-flagship-combo","status":"publish","type":"product","link":"https:\/\/www.ghostysky.com\/es\/product\/dji-matrice-4d-worry-free-flagship-combo\/","title":{"rendered":"DJI Matrice 4D Worry-Free Flagship Combo"},"content":{"rendered":"<div id=\"model-response-message-contentr_55bc02040a3d26f8\" class=\"markdown markdown-main-panel stronger enable-updated-hr-color\" dir=\"ltr\">\n<h3><b>Caracter\u00edsticas y beneficios clave<\/b><\/h3>\n<ul>\n<li><b><span class=\"citation-1043\">Potente sistema de im\u00e1genes:<\/span><\/b><span class=\"citation-1043 citation-end-1043\"> El Matrice 4D est\u00e1 equipado con una carga \u00fatil visual de alto rendimiento, que incluye:<\/span>\n<ul>\n<li><span class=\"citation-1042\">A <\/span><b><span class=\"citation-1042\">C\u00e1mara gran angular de 20 MP<\/span><\/b><span class=\"citation-1042 citation-end-1042\"> con un sensor CMOS 4\/3 para im\u00e1genes a\u00e9reas de alta resoluci\u00f3n.<\/span><\/li>\n<li><span class=\"citation-1041\">A <\/span><b><span class=\"citation-1041\">C\u00e1mara telesc\u00f3pica mediana de 48 MP<\/span><\/b><span class=\"citation-1041 citation-end-1041\"> (equivalente a 70 mm) para una inspecci\u00f3n detallada de alcance medio.<\/span><\/li>\n<li><span class=\"citation-1040\">A <\/span><b><span class=\"citation-1040\">C\u00e1mara telesc\u00f3pica de 48 MP<\/span><\/b><span class=\"citation-1040 citation-end-1040\"> (equivalente a 168 mm) para capturar detalles finos desde la distancia (hasta <\/span><span class=\"math-inline\" data-math=\"250\\text{ m}\"><span class=\"katex\"><span class=\"katex-html\" aria-hidden=\"true\"><span class=\"base\"><span class=\"mord\">250<\/span><span class=\"mord text\"><span class=\"mord\">\u00a0metro<\/span><\/span><\/span><\/span><\/span><\/span><span class=\"citation-1039 citation-end-1039\">), con estabilizaci\u00f3n de primer plano mejorada.<\/span><\/li>\n<li><span class=\"citation-1038\">Un sistema integrado <\/span><b><span class=\"citation-1038\">Tel\u00e9metro l\u00e1ser<\/span><\/b><span class=\"citation-1038 citation-end-1038\"> Para medici\u00f3n precisa de distancias y captura de datos.<\/span><\/li>\n<\/ul>\n<\/li>\n<li><b>Operaci\u00f3n sin preocupaciones:<\/b> El aspecto \u201cWorry-Free\u201d resalta su robustez y caracter\u00edsticas de seguridad avanzadas:\n<ul>\n<li><b>Tiempo de vuelo extendido:<\/b><span class=\"citation-1037 citation-end-1037\"> Ofrece hasta <\/span><span class=\"math-inline\" data-math=\"54\\text{ minutes}\"><span class=\"katex\"><span class=\"katex-html\" aria-hidden=\"true\"><span class=\"base\"><span class=\"mord\">54<\/span><span class=\"mord text\"><span class=\"mord\">\u00a0minutos<\/span><\/span><\/span><\/span><\/span><\/span><span class=\"citation-1036 citation-end-1036\"> de tiempo de vuelo hacia adelante o <\/span><span class=\"math-inline\" data-math=\"47\\text{ minutes}\"><span class=\"katex\"><span class=\"katex-html\" aria-hidden=\"true\"><span class=\"base\"><span class=\"mord\">47<\/span><span class=\"mord text\"><span class=\"mord\">\u00a0minutos<\/span><\/span><\/span><\/span><\/span><\/span><span class=\"citation-1035 citation-end-1035\"> de tiempo de vuelo estacionario (con bater\u00eda de la serie Matrice 4D).<\/span><\/li>\n<li><b>Clasificaci\u00f3n de protecci\u00f3n IP55:<\/b><span class=\"citation-1034 citation-end-1034\"> Garantiza una resistencia robusta al polvo y al agua, lo que permite un funcionamiento confiable en diversas condiciones clim\u00e1ticas.<\/span><\/li>\n<li><b>Detecci\u00f3n avanzada de obst\u00e1culos:<\/b><span class=\"citation-1033\"> El m\u00f3dulo de detecci\u00f3n de obst\u00e1culos combina <\/span><b><span class=\"citation-1033\">LiDAR giratorio<\/span><\/b><span class=\"citation-1033\"> y <\/span><b><span class=\"citation-1033\">radar de ondas milim\u00e9tricas<\/span><\/b><span class=\"citation-1033 citation-end-1033\"> para precisi\u00f3n, <\/span><span class=\"math-inline\" data-math=\"12\\text{ mm}\"><span class=\"katex\"><span class=\"katex-html\" aria-hidden=\"true\"><span class=\"base\"><span class=\"mord\">12<\/span><span class=\"mord text\"><span class=\"mord\">\u00a0mil\u00edmetros<\/span><\/span><\/span><\/span><\/span><\/span><span class=\"citation-1032 citation-end-1032\"> Evitaci\u00f3n de obst\u00e1culos a nivel de cable, incluso a velocidades de hasta <\/span><span class=\"math-inline\" data-math=\"15\\text{ m\/s}\"><span class=\"katex\"><span class=\"katex-html\" aria-hidden=\"true\"><span class=\"base\"><span class=\"mord\">15<\/span><span class=\"mord text\"><span class=\"mord\">\u00a0EM<\/span><\/span><\/span><\/span><\/span><\/span><span class=\"citation-1031 citation-end-1031\"> y en condiciones de poca luz.<\/span><\/li>\n<\/ul>\n<\/li>\n<li><b>Rendimiento excepcional con poca luz:<\/b><span class=\"citation-1030 citation-end-1030\"> Cuenta con cuatro lentes ojo de pez de alta resoluci\u00f3n y poca luz para un mejor posicionamiento visual y detecci\u00f3n de obst\u00e1culos.<\/span> El nuevo <b>Modo de escena nocturna<\/b> Proporciona visi\u00f3n nocturna a todo color para capacidad de misi\u00f3n 24 horas al d\u00eda, 7 d\u00edas a la semana.<\/li>\n<li><b><span class=\"citation-1029\">Mapeo e inspecci\u00f3n profesional:<\/span><\/b><span class=\"citation-1029 citation-end-1029\"> Se destaca en mapeo de alta precisi\u00f3n con funciones como una nueva fotograf\u00eda oblicua de 5 direcciones, fotograf\u00eda ortofotogr\u00e1fica de 3 direcciones y seguimiento del terreno en tiempo real.<\/span> <span class=\"citation-1028 citation-end-1028\">Admite funciones inteligentes como detecci\u00f3n de veh\u00edculos y embarcaciones a trav\u00e9s de DJI Pilot 2.<\/span><\/li>\n<li><b><span class=\"citation-1027\">Relevo a\u00e9reo sin interrupciones:<\/span><\/b><span class=\"citation-1027\"> Cuando se utiliza con el <\/span><b><span class=\"citation-1027\">DJI RC Plus 2 Enterprise<\/span><\/b><span class=\"citation-1027 citation-end-1027\"> controlador remoto (incluido), un dron puede volar alto para actuar como rel\u00e9, ampliando significativamente el rango de transmisi\u00f3n para misiones en terrenos monta\u00f1osos u obstruidos.<\/span>\n<div class=\"source-inline-chip-container ng-star-inserted\"><\/div>\n<\/li>\n<\/ul>\n<p><b>Qu\u00e9 incluye el combo:<\/b><\/p>\n<p>El Flagship Combo es completo y generalmente incluye todo lo necesario para un funcionamiento profesional e independiente, como:<\/p>\n<ul>\n<li>Avi\u00f3n DJI Matrice 4D<\/li>\n<li><span class=\"citation-1026 citation-end-1026\">Bater\u00eda de la serie DJI Matrice 4D<\/span><\/li>\n<li><span class=\"citation-1025 citation-end-1025\">Control remoto empresarial DJI RC Plus 2<\/span><\/li>\n<li><span class=\"citation-1024 citation-end-1024\">H\u00e9lices de repuesto antihielo de bajo ruido para DJI Matrice 4D (par)<\/span><\/li>\n<li><span class=\"citation-1023 citation-end-1023\">Adaptador de corriente y centro de carga DJI de 240 W<\/span><\/li>\n<li><span class=\"citation-1022 citation-end-1022\">Estuche de almacenamiento y correa de transporte para DJI Matrice 4D Series<\/span><\/li>\n<li>Varios cables y peque\u00f1as herramientas.<\/li>\n<\/ul>\n<p>El <b>DJI Matrice 4D Worry-Free Flagship Combo<\/b> es el paquete completo para profesionales que buscan una plataforma duradera y de alta gama para inspecciones detalladas, topograf\u00eda y mapeo, ofreciendo tranquilidad con sus sistemas de seguridad avanzados y capacidad para todo clima.<\/p>\n<\/div>\n<h4>EN EL CUADRO<\/h4>\n<p>1x DJI Matrice 4D<br \/>\n1 bater\u00eda DJI Matrice serie 4D<br \/>\n1x DJI RC Plus 2 Enterprise<br \/>\n1 par de h\u00e9lices de repuesto antihielo y de bajo ruido para DJI Matrice 4D Series<br \/>\n1 adaptador de corriente DJI de 240 W<br \/>\n1x Centro de carga DJI Matrice 4D Series de 240 W<br \/>\n1x Estuche de almacenamiento para DJI Matrice 4D Series<br \/>\n1x Correa para estuche de transporte DJI Matrice 4 Series<br \/>\n1x Juego de destornilladores<br \/>\n1x Destornillador (para control remoto)<br \/>\n1 cable de datos USB-C a USB-C<br \/>\n1 cable de datos USB-A a USB-C<br \/>\n1 cable de carga r\u00e1pida DJI Power para drones<br \/>\n1 protector de card\u00e1n.<br \/>\n1 tarjeta microSD<\/p>","protected":false},"excerpt":{"rendered":"<p><span class=\"citation-1045\">El <\/span><b><span class=\"citation-1045\">DJI Matrice 4D Worry-Free Flagship Combo<\/span><\/b><span class=\"citation-1045 citation-end-1045\"> es una soluci\u00f3n avanzada de drones industriales todo en uno dise\u00f1ada para mapeo profesional de alta precisi\u00f3n e inspecciones detalladas de superficies.<\/span> <span class=\"citation-1044 citation-end-1044\">Este paquete insignia est\u00e1 dise\u00f1ado para brindar confiabilidad, funcionamiento prolongado y seguridad en entornos desafiantes.<\/span><\/p>","protected":false},"featured_media":21736,"comment_status":"open","ping_status":"closed","template":"","meta":[],"product_brand":[1031],"product_cat":[37,1118,1117],"product_tag":[42,1121,1120],"class_list":{"0":"post-21735","1":"product","2":"type-product","3":"status-publish","4":"has-post-thumbnail","6":"product_brand-dji","7":"product_cat-dji","8":"product_cat-dji-matrice-4-drones","9":"product_cat-matrice-4","10":"product_tag-dji","11":"product_tag-dji-matrice-4-drone","12":"product_tag-dji-matrice-4-series","14":"first","15":"onbackorder","16":"taxable","17":"shipping-taxable","18":"purchasable","19":"product-type-simple"},"yoast_head":"<!-- This site is optimized with the Yoast SEO plugin v27.1.1 - https:\/\/yoast.com\/product\/yoast-seo-wordpress\/ -->\n<title>DJI Matrice 4D Worry-Free Flagship Combo - Ghostysky<\/title>\n<meta name=\"description\" content=\"The DJI Matrice 4D Worry-Free Flagship Combo is an advanced, all-in-one industrial drone solution designed for professional high-precision mapping and detailed surface inspections. This flagship package is engineered for reliability, extended operation, and safety in challenging environments.\" \/>\n<meta name=\"robots\" content=\"index, follow, max-snippet:-1, max-image-preview:large, max-video-preview:-1\" \/>\n<link rel=\"canonical\" href=\"https:\/\/www.ghostysky.com\/es\/producto-2\/dji-matrice-4d-worry-free-flagship-combo\/\" \/>\n<meta property=\"og:locale\" content=\"es_ES\" \/>\n<meta property=\"og:type\" content=\"article\" \/>\n<meta property=\"og:title\" content=\"DJI Matrice 4D Worry-Free Flagship Combo - Ghostysky\" \/>\n<meta property=\"og:description\" content=\"The DJI Matrice 4D Worry-Free Flagship Combo is an advanced, all-in-one industrial drone solution designed for professional high-precision mapping and detailed surface inspections. This flagship package is engineered for reliability, extended operation, and safety in challenging environments.\" \/>\n<meta property=\"og:url\" content=\"https:\/\/www.ghostysky.com\/es\/producto-2\/dji-matrice-4d-worry-free-flagship-combo\/\" \/>\n<meta property=\"og:site_name\" content=\"Ghostysky\" \/>\n<meta property=\"article:publisher\" content=\"https:\/\/www.facebook.com\/people\/Ghostysky\/100057676170234\/\" \/>\n<meta property=\"article:modified_time\" content=\"2025-10-17T13:45:49+00:00\" \/>\n<meta property=\"og:image\" content=\"https:\/\/www.ghostysky.com\/wp-content\/uploads\/2025\/10\/GH_DJI-Matrice-4D-Worry-Free-Flagship-Combo_1.jpg\" \/>\n\t<meta property=\"og:image:width\" content=\"800\" \/>\n\t<meta property=\"og:image:height\" content=\"800\" \/>\n\t<meta property=\"og:image:type\" content=\"image\/jpeg\" \/>\n<meta name=\"twitter:card\" content=\"summary_large_image\" \/>\n<meta name=\"twitter:site\" content=\"@Gh0stysky\" \/>\n<meta name=\"twitter:label1\" content=\"Tiempo de lectura\" \/>\n\t<meta name=\"twitter:data1\" content=\"3 minutos\" \/>\n<script type=\"application\/ld+json\" class=\"yoast-schema-graph\">{\"@context\":\"https:\/\/schema.org\",\"@graph\":[{\"@type\":\"WebPage\",\"@id\":\"https:\/\/www.ghostysky.com\/product\/dji-matrice-4d-worry-free-flagship-combo\/\",\"url\":\"https:\/\/www.ghostysky.com\/product\/dji-matrice-4d-worry-free-flagship-combo\/\",\"name\":\"DJI Matrice 4D Worry-Free Flagship Combo - Ghostysky\",\"isPartOf\":{\"@id\":\"https:\/\/www.ghostysky.com\/#website\"},\"primaryImageOfPage\":{\"@id\":\"https:\/\/www.ghostysky.com\/product\/dji-matrice-4d-worry-free-flagship-combo\/#primaryimage\"},\"image\":{\"@id\":\"https:\/\/www.ghostysky.com\/product\/dji-matrice-4d-worry-free-flagship-combo\/#primaryimage\"},\"thumbnailUrl\":\"https:\/\/www.ghostysky.com\/wp-content\/uploads\/2025\/10\/GH_DJI-Matrice-4D-Worry-Free-Flagship-Combo_1.jpg\",\"datePublished\":\"2025-10-17T13:37:41+00:00\",\"dateModified\":\"2025-10-17T13:45:49+00:00\",\"description\":\"The DJI Matrice 4D Worry-Free Flagship Combo is an advanced, all-in-one industrial drone solution designed for professional high-precision mapping and detailed surface inspections. This flagship package is engineered for reliability, extended operation, and safety in challenging environments.\",\"breadcrumb\":{\"@id\":\"https:\/\/www.ghostysky.com\/product\/dji-matrice-4d-worry-free-flagship-combo\/#breadcrumb\"},\"inLanguage\":\"es\",\"potentialAction\":[{\"@type\":\"ReadAction\",\"target\":[\"https:\/\/www.ghostysky.com\/product\/dji-matrice-4d-worry-free-flagship-combo\/\"]}]},{\"@type\":\"ImageObject\",\"inLanguage\":\"es\",\"@id\":\"https:\/\/www.ghostysky.com\/product\/dji-matrice-4d-worry-free-flagship-combo\/#primaryimage\",\"url\":\"https:\/\/www.ghostysky.com\/wp-content\/uploads\/2025\/10\/GH_DJI-Matrice-4D-Worry-Free-Flagship-Combo_1.jpg\",\"contentUrl\":\"https:\/\/www.ghostysky.com\/wp-content\/uploads\/2025\/10\/GH_DJI-Matrice-4D-Worry-Free-Flagship-Combo_1.jpg\",\"width\":800,\"height\":800},{\"@type\":\"BreadcrumbList\",\"@id\":\"https:\/\/www.ghostysky.com\/product\/dji-matrice-4d-worry-free-flagship-combo\/#breadcrumb\",\"itemListElement\":[{\"@type\":\"ListItem\",\"position\":1,\"name\":\"Home\",\"item\":\"https:\/\/www.ghostysky.com\/\"},{\"@type\":\"ListItem\",\"position\":2,\"name\":\"Shop\",\"item\":\"https:\/\/www.ghostysky.com\/shop\/\"},{\"@type\":\"ListItem\",\"position\":3,\"name\":\"DJI Matrice 4D Worry-Free Flagship Combo\"}]},{\"@type\":\"WebSite\",\"@id\":\"https:\/\/www.ghostysky.com\/#website\",\"url\":\"https:\/\/www.ghostysky.com\/\",\"name\":\"Ghostysky\",\"description\":\"Delivering professional drones and services\",\"publisher\":{\"@id\":\"https:\/\/www.ghostysky.com\/#organization\"},\"potentialAction\":[{\"@type\":\"SearchAction\",\"target\":{\"@type\":\"EntryPoint\",\"urlTemplate\":\"https:\/\/www.ghostysky.com\/?s={search_term_string}\"},\"query-input\":{\"@type\":\"PropertyValueSpecification\",\"valueRequired\":true,\"valueName\":\"search_term_string\"}}],\"inLanguage\":\"es\"},{\"@type\":\"Organization\",\"@id\":\"https:\/\/www.ghostysky.com\/#organization\",\"name\":\"Ghostysky\",\"url\":\"https:\/\/www.ghostysky.com\/\",\"logo\":{\"@type\":\"ImageObject\",\"inLanguage\":\"es\",\"@id\":\"https:\/\/www.ghostysky.com\/#\/schema\/logo\/image\/\",\"url\":\"https:\/\/www.ghostysky.com\/wp-content\/uploads\/2020\/06\/cropped-ghostyskylogo_text_white2.png\",\"contentUrl\":\"https:\/\/www.ghostysky.com\/wp-content\/uploads\/2020\/06\/cropped-ghostyskylogo_text_white2.png\",\"width\":169,\"height\":56,\"caption\":\"Ghostysky\"},\"image\":{\"@id\":\"https:\/\/www.ghostysky.com\/#\/schema\/logo\/image\/\"},\"sameAs\":[\"https:\/\/www.facebook.com\/people\/Ghostysky\/100057676170234\/\",\"https:\/\/x.com\/Gh0stysky\",\"https:\/\/www.linkedin.com\/company\/34739653\",\"https:\/\/www.instagram.com\/gh0stysky\"]}]}<\/script>\n<!-- \/ Yoast SEO plugin. -->","yoast_head_json":{"title":"DJI Matrice 4D Worry-Free - Combo insignia - Ghostysky","description":"El DJI Matrice 4D Worry-Free Flagship Combo es una soluci\u00f3n avanzada de drones industriales todo en uno, dise\u00f1ada para cartograf\u00eda profesional de alta precisi\u00f3n e inspecciones detalladas de superficies. Este paquete insignia est\u00e1 dise\u00f1ado para ofrecer fiabilidad, funcionamiento prolongado y seguridad en entornos dif\u00edciles.","robots":{"index":"index","follow":"follow","max-snippet":"max-snippet:-1","max-image-preview":"max-image-preview:large","max-video-preview":"max-video-preview:-1"},"canonical":"https:\/\/www.ghostysky.com\/es\/producto-2\/dji-matrice-4d-worry-free-flagship-combo\/","og_locale":"es_ES","og_type":"article","og_title":"DJI Matrice 4D Worry-Free Flagship Combo - Ghostysky","og_description":"The DJI Matrice 4D Worry-Free Flagship Combo is an advanced, all-in-one industrial drone solution designed for professional high-precision mapping and detailed surface inspections. This flagship package is engineered for reliability, extended operation, and safety in challenging environments.","og_url":"https:\/\/www.ghostysky.com\/es\/producto-2\/dji-matrice-4d-worry-free-flagship-combo\/","og_site_name":"Ghostysky","article_publisher":"https:\/\/www.facebook.com\/people\/Ghostysky\/100057676170234\/","article_modified_time":"2025-10-17T13:45:49+00:00","og_image":[{"width":800,"height":800,"url":"https:\/\/www.ghostysky.com\/wp-content\/uploads\/2025\/10\/GH_DJI-Matrice-4D-Worry-Free-Flagship-Combo_1.jpg","type":"image\/jpeg"}],"twitter_card":"summary_large_image","twitter_site":"@Gh0stysky","twitter_misc":{"Tiempo de lectura":"3 minutos"},"schema":{"@context":"https:\/\/schema.org","@graph":[{"@type":"WebPage","@id":"https:\/\/www.ghostysky.com\/product\/dji-matrice-4d-worry-free-flagship-combo\/","url":"https:\/\/www.ghostysky.com\/product\/dji-matrice-4d-worry-free-flagship-combo\/","name":"DJI Matrice 4D Worry-Free - Combo insignia - Ghostysky","isPartOf":{"@id":"https:\/\/www.ghostysky.com\/#website"},"primaryImageOfPage":{"@id":"https:\/\/www.ghostysky.com\/product\/dji-matrice-4d-worry-free-flagship-combo\/#primaryimage"},"image":{"@id":"https:\/\/www.ghostysky.com\/product\/dji-matrice-4d-worry-free-flagship-combo\/#primaryimage"},"thumbnailUrl":"https:\/\/www.ghostysky.com\/wp-content\/uploads\/2025\/10\/GH_DJI-Matrice-4D-Worry-Free-Flagship-Combo_1.jpg","datePublished":"2025-10-17T13:37:41+00:00","dateModified":"2025-10-17T13:45:49+00:00","description":"El DJI Matrice 4D Worry-Free Flagship Combo es una soluci\u00f3n avanzada de drones industriales todo en uno, dise\u00f1ada para cartograf\u00eda profesional de alta precisi\u00f3n e inspecciones detalladas de superficies. Este paquete insignia est\u00e1 dise\u00f1ado para ofrecer fiabilidad, funcionamiento prolongado y seguridad en entornos dif\u00edciles.","breadcrumb":{"@id":"https:\/\/www.ghostysky.com\/product\/dji-matrice-4d-worry-free-flagship-combo\/#breadcrumb"},"inLanguage":"es","potentialAction":[{"@type":"ReadAction","target":["https:\/\/www.ghostysky.com\/product\/dji-matrice-4d-worry-free-flagship-combo\/"]}]},{"@type":"ImageObject","inLanguage":"es","@id":"https:\/\/www.ghostysky.com\/product\/dji-matrice-4d-worry-free-flagship-combo\/#primaryimage","url":"https:\/\/www.ghostysky.com\/wp-content\/uploads\/2025\/10\/GH_DJI-Matrice-4D-Worry-Free-Flagship-Combo_1.jpg","contentUrl":"https:\/\/www.ghostysky.com\/wp-content\/uploads\/2025\/10\/GH_DJI-Matrice-4D-Worry-Free-Flagship-Combo_1.jpg","width":800,"height":800},{"@type":"BreadcrumbList","@id":"https:\/\/www.ghostysky.com\/product\/dji-matrice-4d-worry-free-flagship-combo\/#breadcrumb","itemListElement":[{"@type":"ListItem","position":1,"name":"Home","item":"https:\/\/www.ghostysky.com\/"},{"@type":"ListItem","position":2,"name":"Shop","item":"https:\/\/www.ghostysky.com\/shop\/"},{"@type":"ListItem","position":3,"name":"DJI Matrice 4D Worry-Free Flagship Combo"}]},{"@type":"WebSite","@id":"https:\/\/www.ghostysky.com\/#website","url":"https:\/\/www.ghostysky.com\/","name":"Ghostysky","description":"Entrega de drones y servicios profesionales","publisher":{"@id":"https:\/\/www.ghostysky.com\/#organization"},"potentialAction":[{"@type":"SearchAction","target":{"@type":"EntryPoint","urlTemplate":"https:\/\/www.ghostysky.com\/?s={search_term_string}"},"query-input":{"@type":"PropertyValueSpecification","valueRequired":true,"valueName":"search_term_string"}}],"inLanguage":"es"},{"@type":"Organization","@id":"https:\/\/www.ghostysky.com\/#organization","name":"Ghostysky","url":"https:\/\/www.ghostysky.com\/","logo":{"@type":"ImageObject","inLanguage":"es","@id":"https:\/\/www.ghostysky.com\/#\/schema\/logo\/image\/","url":"https:\/\/www.ghostysky.com\/wp-content\/uploads\/2020\/06\/cropped-ghostyskylogo_text_white2.png","contentUrl":"https:\/\/www.ghostysky.com\/wp-content\/uploads\/2020\/06\/cropped-ghostyskylogo_text_white2.png","width":169,"height":56,"caption":"Ghostysky"},"image":{"@id":"https:\/\/www.ghostysky.com\/#\/schema\/logo\/image\/"},"sameAs":["https:\/\/www.facebook.com\/people\/Ghostysky\/100057676170234\/","https:\/\/x.com\/Gh0stysky","https:\/\/www.linkedin.com\/company\/34739653","https:\/\/www.instagram.com\/gh0stysky"]}]}},"_links":{"self":[{"href":"https:\/\/www.ghostysky.com\/es\/wp-json\/wp\/v2\/product\/21735","targetHints":{"allow":["GET"]}}],"collection":[{"href":"https:\/\/www.ghostysky.com\/es\/wp-json\/wp\/v2\/product"}],"about":[{"href":"https:\/\/www.ghostysky.com\/es\/wp-json\/wp\/v2\/types\/product"}],"replies":[{"embeddable":true,"href":"https:\/\/www.ghostysky.com\/es\/wp-json\/wp\/v2\/comments?post=21735"}],"wp:featuredmedia":[{"embeddable":true,"href":"https:\/\/www.ghostysky.com\/es\/wp-json\/wp\/v2\/media\/21736"}],"wp:attachment":[{"href":"https:\/\/www.ghostysky.com\/es\/wp-json\/wp\/v2\/media?parent=21735"}],"wp:term":[{"taxonomy":"product_brand","embeddable":true,"href":"https:\/\/www.ghostysky.com\/es\/wp-json\/wp\/v2\/product_brand?post=21735"},{"taxonomy":"product_cat","embeddable":true,"href":"https:\/\/www.ghostysky.com\/es\/wp-json\/wp\/v2\/product_cat?post=21735"},{"taxonomy":"product_tag","embeddable":true,"href":"https:\/\/www.ghostysky.com\/es\/wp-json\/wp\/v2\/product_tag?post=21735"}],"curies":[{"name":"wp","href":"https:\/\/api.w.org\/{rel}","templated":true}]}}