{"id":21740,"date":"2025-10-17T13:47:32","date_gmt":"2025-10-17T13:47:32","guid":{"rendered":"https:\/\/www.ghostysky.com\/?post_type=product&#038;p=21740"},"modified":"2025-10-17T14:21:45","modified_gmt":"2025-10-17T14:21:45","slug":"dji-matrice-4t-worry-free-plus-combo","status":"publish","type":"product","link":"https:\/\/www.ghostysky.com\/es\/product\/dji-matrice-4t-worry-free-plus-combo\/","title":{"rendered":"Combo DJI Matrice 4T Worry-Free Plus"},"content":{"rendered":"<div id=\"model-response-message-contentr_55bc02040a3d26f8\" class=\"markdown markdown-main-panel stronger enable-updated-hr-color\" dir=\"ltr\">\n<div id=\"model-response-message-contentr_7d191a1853b28634\" class=\"markdown markdown-main-panel stronger enable-updated-hr-color\" dir=\"ltr\">\n<h3><b>Caracter\u00edsticas principales del DJI Matrice 4T<\/b><\/h3>\n<ul>\n<li><b>Potente carga \u00fatil multisensor:<\/b><span class=\"citation-1077 citation-end-1077\"> El Matrice 4T est\u00e1 equipado con un completo sistema de c\u00e1mara:<\/span>\n<ul>\n<li><b><span class=\"citation-1076\">C\u00e1mara gran angular:<\/span><\/b><span class=\"citation-1076 citation-end-1076\"> CMOS de 1\/1,3 pulgadas, 48 MP p\u00edxeles efectivos.<\/span><\/li>\n<li><b><span class=\"citation-1075\">C\u00e1mara telesc\u00f3pica mediana:<\/span><\/b><span class=\"citation-1075 citation-end-1075\"> CMOS de 1\/1,3 pulgadas, 48 MP p\u00edxeles efectivos.<\/span><\/li>\n<li><b><span class=\"citation-1074\">C\u00e1mara telesc\u00f3pica (zoom \u00f3ptico 7x):<\/span><\/b><span class=\"citation-1074 citation-end-1074\"> CMOS de 1\/1,5 pulgadas, 48 MP de p\u00edxeles efectivos, capaz de capturar detalles hasta a 250 metros de distancia.<\/span><\/li>\n<li><b><span class=\"citation-1073\">C\u00e1mara t\u00e9rmica infrarroja:<\/span><\/b><span class=\"citation-1073 citation-end-1073\"> Resoluci\u00f3n de 640 \u00d7 512 (admite <\/span><span class=\"math-inline\" data-math=\"1280 \\times 1024\"><span class=\"katex\"><span class=\"katex-html\" aria-hidden=\"true\"><span class=\"base\"><span class=\"mord\">1280<\/span><span class=\"mbin\">\u00d7<\/span><\/span><span class=\"base\"><span class=\"mord\">1024<\/span><\/span><\/span><\/span><\/span><span class=\"citation-1072 citation-end-1072\"> Modo de s\u00faper resoluci\u00f3n) para lecturas t\u00e9rmicas precisas.<\/span><\/li>\n<li><b><span class=\"citation-1071\">Localizador Laser:<\/span><\/b><span class=\"citation-1071 citation-end-1071\"> Proporciona mediciones precisas en tiempo real hasta 1.800 metros.<\/span><\/li>\n<li><b>Luz auxiliar NIR:<\/b><span class=\"citation-1070 citation-end-1070\"> Permite la iluminaci\u00f3n hasta 100 metros para un funcionamiento superior con poca luz.<\/span><\/li>\n<\/ul>\n<\/li>\n<li><b>Rendimiento excepcional con poca luz:<\/b><span class=\"citation-1069\"> Caracter\u00edsticas como <\/span><b><span class=\"citation-1069\">Modo de escena nocturna<\/span><\/b><span class=\"citation-1069\">, <\/span><b><span class=\"citation-1069\">Detecci\u00f3n omnidireccional de ojo de pez con poca luz<\/span><\/b><span class=\"citation-1069\">, y el dedicado <\/span><b><span class=\"citation-1069\">Luz auxiliar NIR<\/span><\/b><span class=\"citation-1069 citation-end-1069\"> Garantizar una visibilidad clara y un funcionamiento seguro en entornos completamente oscuros o con poca luz.<\/span><\/li>\n<li><b><span class=\"citation-1068\">Operaciones de IA inteligente:<\/span><\/b><span class=\"citation-1068\"> Los modelos de IA integrados permiten <\/span><b><span class=\"citation-1068\">Reconocimiento inteligente<\/span><\/b><span class=\"citation-1068 citation-end-1068\"> para identificar veh\u00edculos, embarcaciones y sujetos durante b\u00fasquedas y rescate o vuelos de rutina.<\/span> <span class=\"citation-1067\">El dron admite funciones como <\/span><b><span class=\"citation-1067\">Pista inteligente<\/span><\/b><span class=\"citation-1067\">, <\/span><b><span class=\"citation-1067\">Volar a<\/span><\/b><span class=\"citation-1067\">, y <\/span><b><span class=\"citation-1067\">PDI<\/span><\/b><span class=\"citation-1067 citation-end-1067\"> para misiones eficientes.<\/span><\/li>\n<li><b>Seguridad de vuelo mejorada:<\/b><span class=\"citation-1066\"> El dron cuenta con un alto nivel de seguridad con su <\/span><b><span class=\"citation-1066\">Sistema Integrado de Posicionamiento y Navegaci\u00f3n GNSS y Visi\u00f3n<\/span><\/b><span class=\"citation-1066 citation-end-1066\">, detecci\u00f3n de obst\u00e1culos omnidireccional y el confiable sistema de transmisi\u00f3n de video O4 Enterprise con un alcance de m\u00e1s de 20 km (FCC).<\/span><\/li>\n<li><b>Mapeo de precisi\u00f3n:<\/b><span class=\"citation-1065 citation-end-1065\"> Admite modos de captura multidireccionales para realizar levantamientos topogr\u00e1ficos y modelados 3D precisos y eficientes.<\/span><\/li>\n<\/ul>\n<h4><b>Inclusi\u00f3n del combo Worry-Free Plus<\/b><\/h4>\n<p><span class=\"citation-1064\">El \u201cWorry-Free Plus Combo\u201d generalmente incluye el dron, el <\/span><b><span class=\"citation-1064\">DJI RC Plus 2 Enterprise<\/span><\/b><span class=\"citation-1064 citation-end-1064\"> control remoto, una bater\u00eda de vuelo, un centro de carga y m\u00faltiples accesorios, junto con un plan de servicio extendido que ofrece reparaciones de cortes\u00eda dentro del l\u00edmite de cobertura por da\u00f1os accidentales, brindando un tiempo de actividad m\u00e1ximo y un menor costo total de propiedad para uso profesional.<\/span><\/p>\n<p><span class=\"citation-1063 citation-end-1063\">El DJI Matrice 4T Worry-Free Plus Combo es la herramienta a\u00e9rea definitiva para las industrias que requieren un dron altamente vers\u00e1til, confiable y avanzado con capacidades excepcionales de im\u00e1genes y vuelo inteligente, respaldado por un soporte integral.<\/span><\/p>\n<h4>EN EL CUADRO<\/h4>\n<p>1x DJI Matrice 4T<br \/>\n1x Bater\u00eda DJI Matrice Serie 4 DJI<br \/>\n1x DJI RC Plus 2 Enterprise<br \/>\n1 adaptador de corriente USB-C DJI de 100 W<br \/>\n1x Centro de carga DJI Matrice 4 Series<br \/>\n1x tarjeta MicroSD<br \/>\n1 protector de card\u00e1n DJI Matrice 4E<br \/>\n1x DJI Cellular Dongle 2 Barra de palanca<br \/>\n3 h\u00e9lices DJI Matrice Serie 4<br \/>\n1 cable de CA adaptador de corriente de 100 W.<br \/>\n1 cable de datos USB-C a USB-C<br \/>\n1 cable de datos USB-A a USB-C<br \/>\n1x estuche de almacenamiento DJI Matrice serie 4<br \/>\n1x DJI Matrice 4 Serie S<\/p>\n<div class=\"source-inline-chip-container ng-star-inserted\"><\/div>\n<\/div>\n<\/div>","protected":false},"excerpt":{"rendered":"<p><span class=\"citation-1079\">El <\/span><b><span class=\"citation-1079\">Combo DJI Matrice 4T Worry-Free Plus<\/span><\/b><span class=\"citation-1079 citation-end-1079\"> es una soluci\u00f3n de dron empresarial compacta, inteligente y con m\u00faltiples sensores dise\u00f1ada para profesionales de seguridad p\u00fablica, inspecci\u00f3n, b\u00fasqueda y rescate, y m\u00e1s.<\/span> <span class=\"citation-1078 citation-end-1078\">Esta combinaci\u00f3n proporciona una plataforma a\u00e9rea avanzada con tranquilidad gracias a una cobertura extendida.<\/span><\/p>","protected":false},"featured_media":21763,"comment_status":"open","ping_status":"closed","template":"","meta":[],"product_brand":[1031],"product_cat":[37,1118,1117],"product_tag":[42,1121,1120],"class_list":{"0":"post-21740","1":"product","2":"type-product","3":"status-publish","4":"has-post-thumbnail","6":"product_brand-dji","7":"product_cat-dji","8":"product_cat-dji-matrice-4-drones","9":"product_cat-matrice-4","10":"product_tag-dji","11":"product_tag-dji-matrice-4-drone","12":"product_tag-dji-matrice-4-series","14":"first","15":"onbackorder","16":"taxable","17":"shipping-taxable","18":"purchasable","19":"product-type-simple"},"yoast_head":"<!-- This site is optimized with the Yoast SEO plugin v27.1.1 - https:\/\/yoast.com\/product\/yoast-seo-wordpress\/ -->\n<title>DJI Matrice 4T Worry-Free Plus Combo - Ghostysky<\/title>\n<meta name=\"description\" content=\"The DJI Matrice 4T Worry-Free Plus Combo is a compact, intelligent, and multi-sensor enterprise drone solution designed for professionals in public safety, inspection, search and rescue, and more. This combo provides an advanced aerial platform with peace of mind through extended coverage.\" \/>\n<meta name=\"robots\" content=\"index, follow, max-snippet:-1, max-image-preview:large, max-video-preview:-1\" \/>\n<link rel=\"canonical\" href=\"https:\/\/www.ghostysky.com\/es\/producto-2\/dji-matrice-4t-worry-free-plus-combo\/\" \/>\n<meta property=\"og:locale\" content=\"es_ES\" \/>\n<meta property=\"og:type\" content=\"article\" \/>\n<meta property=\"og:title\" content=\"DJI Matrice 4T Worry-Free Plus Combo - Ghostysky\" \/>\n<meta property=\"og:description\" content=\"The DJI Matrice 4T Worry-Free Plus Combo is a compact, intelligent, and multi-sensor enterprise drone solution designed for professionals in public safety, inspection, search and rescue, and more. This combo provides an advanced aerial platform with peace of mind through extended coverage.\" \/>\n<meta property=\"og:url\" content=\"https:\/\/www.ghostysky.com\/es\/producto-2\/dji-matrice-4t-worry-free-plus-combo\/\" \/>\n<meta property=\"og:site_name\" content=\"Ghostysky\" \/>\n<meta property=\"article:publisher\" content=\"https:\/\/www.facebook.com\/people\/Ghostysky\/100057676170234\/\" \/>\n<meta property=\"article:modified_time\" content=\"2025-10-17T14:21:45+00:00\" \/>\n<meta property=\"og:image\" content=\"https:\/\/www.ghostysky.com\/wp-content\/uploads\/2025\/10\/GH_DJI-Matrice-4T-Worry-Free-Plus-Combo_1.jpg\" \/>\n\t<meta property=\"og:image:width\" content=\"800\" \/>\n\t<meta property=\"og:image:height\" content=\"800\" \/>\n\t<meta property=\"og:image:type\" content=\"image\/jpeg\" \/>\n<meta name=\"twitter:card\" content=\"summary_large_image\" \/>\n<meta name=\"twitter:site\" content=\"@Gh0stysky\" \/>\n<meta name=\"twitter:label1\" content=\"Tiempo de lectura\" \/>\n\t<meta name=\"twitter:data1\" content=\"2 minutos\" \/>\n<script type=\"application\/ld+json\" class=\"yoast-schema-graph\">{\"@context\":\"https:\/\/schema.org\",\"@graph\":[{\"@type\":\"WebPage\",\"@id\":\"https:\/\/www.ghostysky.com\/product\/dji-matrice-4t-worry-free-plus-combo\/\",\"url\":\"https:\/\/www.ghostysky.com\/product\/dji-matrice-4t-worry-free-plus-combo\/\",\"name\":\"DJI Matrice 4T Worry-Free Plus Combo - Ghostysky\",\"isPartOf\":{\"@id\":\"https:\/\/www.ghostysky.com\/#website\"},\"primaryImageOfPage\":{\"@id\":\"https:\/\/www.ghostysky.com\/product\/dji-matrice-4t-worry-free-plus-combo\/#primaryimage\"},\"image\":{\"@id\":\"https:\/\/www.ghostysky.com\/product\/dji-matrice-4t-worry-free-plus-combo\/#primaryimage\"},\"thumbnailUrl\":\"https:\/\/www.ghostysky.com\/wp-content\/uploads\/2025\/10\/GH_DJI-Matrice-4T-Worry-Free-Plus-Combo_1.jpg\",\"datePublished\":\"2025-10-17T13:47:32+00:00\",\"dateModified\":\"2025-10-17T14:21:45+00:00\",\"description\":\"The DJI Matrice 4T Worry-Free Plus Combo is a compact, intelligent, and multi-sensor enterprise drone solution designed for professionals in public safety, inspection, search and rescue, and more. This combo provides an advanced aerial platform with peace of mind through extended coverage.\",\"breadcrumb\":{\"@id\":\"https:\/\/www.ghostysky.com\/product\/dji-matrice-4t-worry-free-plus-combo\/#breadcrumb\"},\"inLanguage\":\"es\",\"potentialAction\":[{\"@type\":\"ReadAction\",\"target\":[\"https:\/\/www.ghostysky.com\/product\/dji-matrice-4t-worry-free-plus-combo\/\"]}]},{\"@type\":\"ImageObject\",\"inLanguage\":\"es\",\"@id\":\"https:\/\/www.ghostysky.com\/product\/dji-matrice-4t-worry-free-plus-combo\/#primaryimage\",\"url\":\"https:\/\/www.ghostysky.com\/wp-content\/uploads\/2025\/10\/GH_DJI-Matrice-4T-Worry-Free-Plus-Combo_1.jpg\",\"contentUrl\":\"https:\/\/www.ghostysky.com\/wp-content\/uploads\/2025\/10\/GH_DJI-Matrice-4T-Worry-Free-Plus-Combo_1.jpg\",\"width\":800,\"height\":800},{\"@type\":\"BreadcrumbList\",\"@id\":\"https:\/\/www.ghostysky.com\/product\/dji-matrice-4t-worry-free-plus-combo\/#breadcrumb\",\"itemListElement\":[{\"@type\":\"ListItem\",\"position\":1,\"name\":\"Home\",\"item\":\"https:\/\/www.ghostysky.com\/\"},{\"@type\":\"ListItem\",\"position\":2,\"name\":\"Shop\",\"item\":\"https:\/\/www.ghostysky.com\/shop\/\"},{\"@type\":\"ListItem\",\"position\":3,\"name\":\"DJI Matrice 4T Worry-Free Plus Combo\"}]},{\"@type\":\"WebSite\",\"@id\":\"https:\/\/www.ghostysky.com\/#website\",\"url\":\"https:\/\/www.ghostysky.com\/\",\"name\":\"Ghostysky\",\"description\":\"Delivering professional drones and services\",\"publisher\":{\"@id\":\"https:\/\/www.ghostysky.com\/#organization\"},\"potentialAction\":[{\"@type\":\"SearchAction\",\"target\":{\"@type\":\"EntryPoint\",\"urlTemplate\":\"https:\/\/www.ghostysky.com\/?s={search_term_string}\"},\"query-input\":{\"@type\":\"PropertyValueSpecification\",\"valueRequired\":true,\"valueName\":\"search_term_string\"}}],\"inLanguage\":\"es\"},{\"@type\":\"Organization\",\"@id\":\"https:\/\/www.ghostysky.com\/#organization\",\"name\":\"Ghostysky\",\"url\":\"https:\/\/www.ghostysky.com\/\",\"logo\":{\"@type\":\"ImageObject\",\"inLanguage\":\"es\",\"@id\":\"https:\/\/www.ghostysky.com\/#\/schema\/logo\/image\/\",\"url\":\"https:\/\/www.ghostysky.com\/wp-content\/uploads\/2020\/06\/cropped-ghostyskylogo_text_white2.png\",\"contentUrl\":\"https:\/\/www.ghostysky.com\/wp-content\/uploads\/2020\/06\/cropped-ghostyskylogo_text_white2.png\",\"width\":169,\"height\":56,\"caption\":\"Ghostysky\"},\"image\":{\"@id\":\"https:\/\/www.ghostysky.com\/#\/schema\/logo\/image\/\"},\"sameAs\":[\"https:\/\/www.facebook.com\/people\/Ghostysky\/100057676170234\/\",\"https:\/\/x.com\/Gh0stysky\",\"https:\/\/www.linkedin.com\/company\/34739653\",\"https:\/\/www.instagram.com\/gh0stysky\"]}]}<\/script>\n<!-- \/ Yoast SEO plugin. -->","yoast_head_json":{"title":"Combo DJI Matrice 4T Worry-Free Plus - Ghostysky","description":"El DJI Matrice 4T Worry-Free Plus Combo es una soluci\u00f3n de dron empresarial compacta, inteligente y multisensor, dise\u00f1ada para profesionales de seguridad p\u00fablica, inspecci\u00f3n, b\u00fasqueda y rescate, entre otros. Este combo ofrece una plataforma a\u00e9rea avanzada con tranquilidad gracias a su amplia cobertura.","robots":{"index":"index","follow":"follow","max-snippet":"max-snippet:-1","max-image-preview":"max-image-preview:large","max-video-preview":"max-video-preview:-1"},"canonical":"https:\/\/www.ghostysky.com\/es\/producto-2\/dji-matrice-4t-worry-free-plus-combo\/","og_locale":"es_ES","og_type":"article","og_title":"DJI Matrice 4T Worry-Free Plus Combo - Ghostysky","og_description":"The DJI Matrice 4T Worry-Free Plus Combo is a compact, intelligent, and multi-sensor enterprise drone solution designed for professionals in public safety, inspection, search and rescue, and more. This combo provides an advanced aerial platform with peace of mind through extended coverage.","og_url":"https:\/\/www.ghostysky.com\/es\/producto-2\/dji-matrice-4t-worry-free-plus-combo\/","og_site_name":"Ghostysky","article_publisher":"https:\/\/www.facebook.com\/people\/Ghostysky\/100057676170234\/","article_modified_time":"2025-10-17T14:21:45+00:00","og_image":[{"width":800,"height":800,"url":"https:\/\/www.ghostysky.com\/wp-content\/uploads\/2025\/10\/GH_DJI-Matrice-4T-Worry-Free-Plus-Combo_1.jpg","type":"image\/jpeg"}],"twitter_card":"summary_large_image","twitter_site":"@Gh0stysky","twitter_misc":{"Tiempo de lectura":"2 minutos"},"schema":{"@context":"https:\/\/schema.org","@graph":[{"@type":"WebPage","@id":"https:\/\/www.ghostysky.com\/product\/dji-matrice-4t-worry-free-plus-combo\/","url":"https:\/\/www.ghostysky.com\/product\/dji-matrice-4t-worry-free-plus-combo\/","name":"Combo DJI Matrice 4T Worry-Free Plus - Ghostysky","isPartOf":{"@id":"https:\/\/www.ghostysky.com\/#website"},"primaryImageOfPage":{"@id":"https:\/\/www.ghostysky.com\/product\/dji-matrice-4t-worry-free-plus-combo\/#primaryimage"},"image":{"@id":"https:\/\/www.ghostysky.com\/product\/dji-matrice-4t-worry-free-plus-combo\/#primaryimage"},"thumbnailUrl":"https:\/\/www.ghostysky.com\/wp-content\/uploads\/2025\/10\/GH_DJI-Matrice-4T-Worry-Free-Plus-Combo_1.jpg","datePublished":"2025-10-17T13:47:32+00:00","dateModified":"2025-10-17T14:21:45+00:00","description":"El DJI Matrice 4T Worry-Free Plus Combo es una soluci\u00f3n de dron empresarial compacta, inteligente y multisensor, dise\u00f1ada para profesionales de seguridad p\u00fablica, inspecci\u00f3n, b\u00fasqueda y rescate, entre otros. Este combo ofrece una plataforma a\u00e9rea avanzada con tranquilidad gracias a su amplia cobertura.","breadcrumb":{"@id":"https:\/\/www.ghostysky.com\/product\/dji-matrice-4t-worry-free-plus-combo\/#breadcrumb"},"inLanguage":"es","potentialAction":[{"@type":"ReadAction","target":["https:\/\/www.ghostysky.com\/product\/dji-matrice-4t-worry-free-plus-combo\/"]}]},{"@type":"ImageObject","inLanguage":"es","@id":"https:\/\/www.ghostysky.com\/product\/dji-matrice-4t-worry-free-plus-combo\/#primaryimage","url":"https:\/\/www.ghostysky.com\/wp-content\/uploads\/2025\/10\/GH_DJI-Matrice-4T-Worry-Free-Plus-Combo_1.jpg","contentUrl":"https:\/\/www.ghostysky.com\/wp-content\/uploads\/2025\/10\/GH_DJI-Matrice-4T-Worry-Free-Plus-Combo_1.jpg","width":800,"height":800},{"@type":"BreadcrumbList","@id":"https:\/\/www.ghostysky.com\/product\/dji-matrice-4t-worry-free-plus-combo\/#breadcrumb","itemListElement":[{"@type":"ListItem","position":1,"name":"Home","item":"https:\/\/www.ghostysky.com\/"},{"@type":"ListItem","position":2,"name":"Shop","item":"https:\/\/www.ghostysky.com\/shop\/"},{"@type":"ListItem","position":3,"name":"DJI Matrice 4T Worry-Free Plus Combo"}]},{"@type":"WebSite","@id":"https:\/\/www.ghostysky.com\/#website","url":"https:\/\/www.ghostysky.com\/","name":"Ghostysky","description":"Entrega de drones y servicios profesionales","publisher":{"@id":"https:\/\/www.ghostysky.com\/#organization"},"potentialAction":[{"@type":"SearchAction","target":{"@type":"EntryPoint","urlTemplate":"https:\/\/www.ghostysky.com\/?s={search_term_string}"},"query-input":{"@type":"PropertyValueSpecification","valueRequired":true,"valueName":"search_term_string"}}],"inLanguage":"es"},{"@type":"Organization","@id":"https:\/\/www.ghostysky.com\/#organization","name":"Ghostysky","url":"https:\/\/www.ghostysky.com\/","logo":{"@type":"ImageObject","inLanguage":"es","@id":"https:\/\/www.ghostysky.com\/#\/schema\/logo\/image\/","url":"https:\/\/www.ghostysky.com\/wp-content\/uploads\/2020\/06\/cropped-ghostyskylogo_text_white2.png","contentUrl":"https:\/\/www.ghostysky.com\/wp-content\/uploads\/2020\/06\/cropped-ghostyskylogo_text_white2.png","width":169,"height":56,"caption":"Ghostysky"},"image":{"@id":"https:\/\/www.ghostysky.com\/#\/schema\/logo\/image\/"},"sameAs":["https:\/\/www.facebook.com\/people\/Ghostysky\/100057676170234\/","https:\/\/x.com\/Gh0stysky","https:\/\/www.linkedin.com\/company\/34739653","https:\/\/www.instagram.com\/gh0stysky"]}]}},"_links":{"self":[{"href":"https:\/\/www.ghostysky.com\/es\/wp-json\/wp\/v2\/product\/21740","targetHints":{"allow":["GET"]}}],"collection":[{"href":"https:\/\/www.ghostysky.com\/es\/wp-json\/wp\/v2\/product"}],"about":[{"href":"https:\/\/www.ghostysky.com\/es\/wp-json\/wp\/v2\/types\/product"}],"replies":[{"embeddable":true,"href":"https:\/\/www.ghostysky.com\/es\/wp-json\/wp\/v2\/comments?post=21740"}],"wp:featuredmedia":[{"embeddable":true,"href":"https:\/\/www.ghostysky.com\/es\/wp-json\/wp\/v2\/media\/21763"}],"wp:attachment":[{"href":"https:\/\/www.ghostysky.com\/es\/wp-json\/wp\/v2\/media?parent=21740"}],"wp:term":[{"taxonomy":"product_brand","embeddable":true,"href":"https:\/\/www.ghostysky.com\/es\/wp-json\/wp\/v2\/product_brand?post=21740"},{"taxonomy":"product_cat","embeddable":true,"href":"https:\/\/www.ghostysky.com\/es\/wp-json\/wp\/v2\/product_cat?post=21740"},{"taxonomy":"product_tag","embeddable":true,"href":"https:\/\/www.ghostysky.com\/es\/wp-json\/wp\/v2\/product_tag?post=21740"}],"curies":[{"name":"wp","href":"https:\/\/api.w.org\/{rel}","templated":true}]}}