{"id":21769,"date":"2025-10-17T14:22:03","date_gmt":"2025-10-17T14:22:03","guid":{"rendered":"https:\/\/www.ghostysky.com\/?post_type=product&#038;p=21769"},"modified":"2025-10-18T04:22:58","modified_gmt":"2025-10-18T04:22:58","slug":"dji-rc-plus-2-enterprise-enhanced","status":"publish","type":"product","link":"https:\/\/www.ghostysky.com\/es\/product\/dji-rc-plus-2-enterprise-enhanced\/","title":{"rendered":"DJI RC Plus 2 Enterprise Enhanced"},"content":{"rendered":"<h3><b>Caracter\u00edsticas principales y aspectos destacados<\/b><\/h3>\n<ul>\n<li><b><span class=\"citation-1172\">Pantalla ultrabrillante de alta definici\u00f3n:<\/span><\/b><span class=\"citation-1172\"> Cuenta con una gran pantalla t\u00e1ctil HD de 7,02 pulgadas con un brillo de hasta <\/span><b><span class=\"citation-1172\">1400 nits<\/span><\/b><span class=\"citation-1172 citation-end-1172\">, lo que garantiza una visibilidad n\u00edtida incluso bajo la luz solar directa, lo que es fundamental para las operaciones de campo.<\/span><\/li>\n<li><b>Robusta durabilidad en todo tipo de clima:<\/b><span class=\"citation-1171\"> Construido con un <\/span><b><span class=\"citation-1171\">Grado de protecci\u00f3n IP54<\/span><\/b><span class=\"citation-1171 citation-end-1171\"> para resistencia al polvo y al agua y un amplio rango de temperatura de funcionamiento. <sup class=\"superscript\" data-turn-source-index=\"3\">3<\/sup><\/span><b><span class=\"math-inline\" data-math=\"-20^\\circ \\text{ to } 50^\\circ \\text{ C}\">$-20^\\circ \\text{ a } 50^\\circ \\text{ C}$<\/span><\/b><span class=\"citation-1170 citation-end-1170\"> (<sup class=\"superscript\" data-turn-source-index=\"4\">4<\/sup><\/span><span class=\"math-inline\" data-math=\"-4^\\circ \\text{ to } 122^\\circ \\text{ F}\">$-4^\\circ \\text{ a } 122^\\circ \\text{ F}$<\/span><span class=\"citation-1169 citation-end-1169\">), garantizando un rendimiento confiable en condiciones ambientales adversas.<\/span><\/li>\n<li><b><span class=\"citation-1168\">Transmisi\u00f3n de video empresarial O4:<\/span><\/b><span class=\"citation-1168\"> Utiliza el potente <\/span><b><span class=\"citation-1168\">Sistema de transmisi\u00f3n O4 Enterprise<\/span><\/b><span class=\"citation-1168 citation-end-1168\"> con un conjunto de antenas de alta ganancia incorporado para ofrecer una transmisi\u00f3n de video estable, fluida y de baja latencia a largas distancias.<\/span><\/li>\n<li><b>Conectividad mejorada:<\/b><span class=\"citation-1167\"> Admite ambos <\/span><b><span class=\"citation-1167\">Transmisi\u00f3n h\u00edbrida SDR y 4G<\/span><\/b><span class=\"citation-1167 citation-end-1167\"> (con un m\u00f3dulo opcional), proporcionando una comunicaci\u00f3n estable e ininterrumpida incluso en entornos complejos como edificios urbanos de gran altura o terrenos monta\u00f1osos.<sup class=\"superscript\" data-turn-source-index=\"7\">7<\/sup><\/span> <span class=\"citation-1166 citation-end-1166\">La versi\u00f3n mejorada agrega componentes de interfaz ampliados para compatibilidad con m\u00e1s productos de la industria.<\/span><\/li>\n<li><b><span class=\"citation-1165\">Operaci\u00f3n extendida y continua:<\/span><\/b><span class=\"citation-1165 citation-end-1165\"> Cuenta con soporte para doble bater\u00eda (bater\u00eda interna m\u00e1s bater\u00eda externa WB37 intercambiable en caliente opcional) para un tiempo de funcionamiento significativamente extendido, lo que permite largas horas de vuelo continuo sin interrupciones en la misi\u00f3n.<\/span><\/li>\n<li><b><span class=\"citation-1164\">Control ergon\u00f3mico e intuitivo:<\/span><\/b><span class=\"citation-1164 citation-end-1164\"> Dise\u00f1ado con un agarre c\u00f3modo y ergon\u00f3mico y botones f\u00edsicos personalizables, lo que permite a los pilotos acceder de manera eficiente a las funciones esenciales y mantener la concentraci\u00f3n en el vuelo.<\/span><\/li>\n<\/ul>\n<p><span class=\"citation-1163 citation-end-1163\">El DJI RC Plus 2 Enterprise Enhanced es la unidad de comando central que brinda a los equipos de seguridad p\u00fablica, inspectores de infraestructura y profesionales de cartograf\u00eda el control confiable y de alto rendimiento necesario para ejecutar misiones complejas de manera m\u00e1s inteligente y segura.<\/span><\/p>\n<h4>EN EL CUADRO<\/h4>\n<p>Control remoto \u00d71<\/p>\n<h4>COMPATIBILIDAD<\/h4>\n<p>Serie DJI Matrice 4<br \/>\nAeronave Serie DJI Matrice 4T Enterprise<br \/>\nAeronave Serie DJI Matrice 4E Enterprise<br \/>\nSerie DJI Matrice 4D<br \/>\nAeronave Serie DJI Matrice 4TD Enterprise<br \/>\nAeronave Serie DJI Matrice 4D Enterprise<br \/>\nDJI Matrice 400<\/p>","protected":false},"excerpt":{"rendered":"<p><span class=\"citation-1173 citation-end-1173\">El DJI RC Plus 2 Enterprise Enhanced es el mejor control remoto de calidad profesional, dise\u00f1ado para pilotos que exigen m\u00e1ximo rendimiento, confiabilidad y precisi\u00f3n en operaciones desafiantes con drones empresariales.<\/span> Dise\u00f1ado para una integraci\u00f3n perfecta con la serie DJI Matrice 4 y otras aeronaves empresariales compatibles, este controlador garantiza que sus misiones se ejecuten con una claridad y estabilidad excepcionales.<\/p>","protected":false},"featured_media":21771,"comment_status":"open","ping_status":"closed","template":"","meta":[],"product_brand":[1031],"product_cat":[37,1119,29,1117,1125,1127],"product_tag":[42,1123,1120],"class_list":{"0":"post-21769","1":"product","2":"type-product","3":"status-publish","4":"has-post-thumbnail","6":"product_brand-dji","7":"product_cat-dji","8":"product_cat-dji-matrice-4-accessories","9":"product_cat-drones","10":"product_cat-matrice-4","11":"product_cat-matrice-400","12":"product_cat-matrice-400-accessories","13":"product_tag-dji","14":"product_tag-dji-matrice-4-accessories","15":"product_tag-dji-matrice-4-series","17":"first","18":"onbackorder","19":"taxable","20":"shipping-taxable","21":"purchasable","22":"product-type-simple"},"yoast_head":"<!-- This site is optimized with the Yoast SEO plugin v27.1.1 - https:\/\/yoast.com\/product\/yoast-seo-wordpress\/ -->\n<title>DJI RC Plus 2 Enterprise Enhanced - Ghostysky<\/title>\n<meta name=\"description\" content=\"The DJI RC Plus 2 Enterprise Enhanced is the ultimate professional-grade remote controller, engineered for pilots who demand peak performance, reliability, and precision in challenging enterprise drone operations. Built for seamless integration with the DJI Matrice 4 Series and other compatible enterprise aircraft, this controller ensures your missions are executed with exceptional clarity and stab\" \/>\n<meta name=\"robots\" content=\"index, follow, max-snippet:-1, max-image-preview:large, max-video-preview:-1\" \/>\n<link rel=\"canonical\" href=\"https:\/\/www.ghostysky.com\/es\/producto-2\/dji-rc-plus-2-enterprise-enhanced\/\" \/>\n<meta property=\"og:locale\" content=\"es_ES\" \/>\n<meta property=\"og:type\" content=\"article\" \/>\n<meta property=\"og:title\" content=\"DJI RC Plus 2 Enterprise Enhanced - Ghostysky\" \/>\n<meta property=\"og:description\" content=\"The DJI RC Plus 2 Enterprise Enhanced is the ultimate professional-grade remote controller, engineered for pilots who demand peak performance, reliability, and precision in challenging enterprise drone operations. Built for seamless integration with the DJI Matrice 4 Series and other compatible enterprise aircraft, this controller ensures your missions are executed with exceptional clarity and stab\" \/>\n<meta property=\"og:url\" content=\"https:\/\/www.ghostysky.com\/es\/producto-2\/dji-rc-plus-2-enterprise-enhanced\/\" \/>\n<meta property=\"og:site_name\" content=\"Ghostysky\" \/>\n<meta property=\"article:publisher\" content=\"https:\/\/www.facebook.com\/people\/Ghostysky\/100057676170234\/\" \/>\n<meta property=\"article:modified_time\" content=\"2025-10-18T04:22:58+00:00\" \/>\n<meta property=\"og:image\" content=\"https:\/\/www.ghostysky.com\/wp-content\/uploads\/2025\/10\/GH_DJI-RC-Plus-2-Enterprise-Enhanced_3.jpg\" \/>\n\t<meta property=\"og:image:width\" content=\"800\" \/>\n\t<meta property=\"og:image:height\" content=\"800\" \/>\n\t<meta property=\"og:image:type\" content=\"image\/jpeg\" \/>\n<meta name=\"twitter:card\" content=\"summary_large_image\" \/>\n<meta name=\"twitter:site\" content=\"@Gh0stysky\" \/>\n<meta name=\"twitter:label1\" content=\"Tiempo de lectura\" \/>\n\t<meta name=\"twitter:data1\" content=\"2 minutos\" \/>\n<script type=\"application\/ld+json\" class=\"yoast-schema-graph\">{\"@context\":\"https:\/\/schema.org\",\"@graph\":[{\"@type\":\"WebPage\",\"@id\":\"https:\/\/www.ghostysky.com\/product\/dji-rc-plus-2-enterprise-enhanced\/\",\"url\":\"https:\/\/www.ghostysky.com\/product\/dji-rc-plus-2-enterprise-enhanced\/\",\"name\":\"DJI RC Plus 2 Enterprise Enhanced - Ghostysky\",\"isPartOf\":{\"@id\":\"https:\/\/www.ghostysky.com\/#website\"},\"primaryImageOfPage\":{\"@id\":\"https:\/\/www.ghostysky.com\/product\/dji-rc-plus-2-enterprise-enhanced\/#primaryimage\"},\"image\":{\"@id\":\"https:\/\/www.ghostysky.com\/product\/dji-rc-plus-2-enterprise-enhanced\/#primaryimage\"},\"thumbnailUrl\":\"https:\/\/www.ghostysky.com\/wp-content\/uploads\/2025\/10\/GH_DJI-RC-Plus-2-Enterprise-Enhanced_3.jpg\",\"datePublished\":\"2025-10-17T14:22:03+00:00\",\"dateModified\":\"2025-10-18T04:22:58+00:00\",\"description\":\"The DJI RC Plus 2 Enterprise Enhanced is the ultimate professional-grade remote controller, engineered for pilots who demand peak performance, reliability, and precision in challenging enterprise drone operations. Built for seamless integration with the DJI Matrice 4 Series and other compatible enterprise aircraft, this controller ensures your missions are executed with exceptional clarity and stab\",\"breadcrumb\":{\"@id\":\"https:\/\/www.ghostysky.com\/product\/dji-rc-plus-2-enterprise-enhanced\/#breadcrumb\"},\"inLanguage\":\"es\",\"potentialAction\":[{\"@type\":\"ReadAction\",\"target\":[\"https:\/\/www.ghostysky.com\/product\/dji-rc-plus-2-enterprise-enhanced\/\"]}]},{\"@type\":\"ImageObject\",\"inLanguage\":\"es\",\"@id\":\"https:\/\/www.ghostysky.com\/product\/dji-rc-plus-2-enterprise-enhanced\/#primaryimage\",\"url\":\"https:\/\/www.ghostysky.com\/wp-content\/uploads\/2025\/10\/GH_DJI-RC-Plus-2-Enterprise-Enhanced_3.jpg\",\"contentUrl\":\"https:\/\/www.ghostysky.com\/wp-content\/uploads\/2025\/10\/GH_DJI-RC-Plus-2-Enterprise-Enhanced_3.jpg\",\"width\":800,\"height\":800},{\"@type\":\"BreadcrumbList\",\"@id\":\"https:\/\/www.ghostysky.com\/product\/dji-rc-plus-2-enterprise-enhanced\/#breadcrumb\",\"itemListElement\":[{\"@type\":\"ListItem\",\"position\":1,\"name\":\"Home\",\"item\":\"https:\/\/www.ghostysky.com\/\"},{\"@type\":\"ListItem\",\"position\":2,\"name\":\"Shop\",\"item\":\"https:\/\/www.ghostysky.com\/shop\/\"},{\"@type\":\"ListItem\",\"position\":3,\"name\":\"DJI RC Plus 2 Enterprise Enhanced\"}]},{\"@type\":\"WebSite\",\"@id\":\"https:\/\/www.ghostysky.com\/#website\",\"url\":\"https:\/\/www.ghostysky.com\/\",\"name\":\"Ghostysky\",\"description\":\"Delivering professional drones and services\",\"publisher\":{\"@id\":\"https:\/\/www.ghostysky.com\/#organization\"},\"potentialAction\":[{\"@type\":\"SearchAction\",\"target\":{\"@type\":\"EntryPoint\",\"urlTemplate\":\"https:\/\/www.ghostysky.com\/?s={search_term_string}\"},\"query-input\":{\"@type\":\"PropertyValueSpecification\",\"valueRequired\":true,\"valueName\":\"search_term_string\"}}],\"inLanguage\":\"es\"},{\"@type\":\"Organization\",\"@id\":\"https:\/\/www.ghostysky.com\/#organization\",\"name\":\"Ghostysky\",\"url\":\"https:\/\/www.ghostysky.com\/\",\"logo\":{\"@type\":\"ImageObject\",\"inLanguage\":\"es\",\"@id\":\"https:\/\/www.ghostysky.com\/#\/schema\/logo\/image\/\",\"url\":\"https:\/\/www.ghostysky.com\/wp-content\/uploads\/2020\/06\/cropped-ghostyskylogo_text_white2.png\",\"contentUrl\":\"https:\/\/www.ghostysky.com\/wp-content\/uploads\/2020\/06\/cropped-ghostyskylogo_text_white2.png\",\"width\":169,\"height\":56,\"caption\":\"Ghostysky\"},\"image\":{\"@id\":\"https:\/\/www.ghostysky.com\/#\/schema\/logo\/image\/\"},\"sameAs\":[\"https:\/\/www.facebook.com\/people\/Ghostysky\/100057676170234\/\",\"https:\/\/x.com\/Gh0stysky\",\"https:\/\/www.linkedin.com\/company\/34739653\",\"https:\/\/www.instagram.com\/gh0stysky\"]}]}<\/script>\n<!-- \/ Yoast SEO plugin. -->","yoast_head_json":{"title":"DJI RC Plus 2 Enterprise Enhanced - Ghostysky","description":"El DJI RC Plus 2 Enterprise Enhanced es el control remoto profesional definitivo, dise\u00f1ado para pilotos que exigen el m\u00e1ximo rendimiento, fiabilidad y precisi\u00f3n en operaciones exigentes con drones empresariales. Dise\u00f1ado para una integraci\u00f3n perfecta con la serie DJI Matrice 4 y otras aeronaves empresariales compatibles, este controlador garantiza que sus misiones se ejecuten con una claridad y estabilidad excepcionales.","robots":{"index":"index","follow":"follow","max-snippet":"max-snippet:-1","max-image-preview":"max-image-preview:large","max-video-preview":"max-video-preview:-1"},"canonical":"https:\/\/www.ghostysky.com\/es\/producto-2\/dji-rc-plus-2-enterprise-enhanced\/","og_locale":"es_ES","og_type":"article","og_title":"DJI RC Plus 2 Enterprise Enhanced - Ghostysky","og_description":"The DJI RC Plus 2 Enterprise Enhanced is the ultimate professional-grade remote controller, engineered for pilots who demand peak performance, reliability, and precision in challenging enterprise drone operations. Built for seamless integration with the DJI Matrice 4 Series and other compatible enterprise aircraft, this controller ensures your missions are executed with exceptional clarity and stab","og_url":"https:\/\/www.ghostysky.com\/es\/producto-2\/dji-rc-plus-2-enterprise-enhanced\/","og_site_name":"Ghostysky","article_publisher":"https:\/\/www.facebook.com\/people\/Ghostysky\/100057676170234\/","article_modified_time":"2025-10-18T04:22:58+00:00","og_image":[{"width":800,"height":800,"url":"https:\/\/www.ghostysky.com\/wp-content\/uploads\/2025\/10\/GH_DJI-RC-Plus-2-Enterprise-Enhanced_3.jpg","type":"image\/jpeg"}],"twitter_card":"summary_large_image","twitter_site":"@Gh0stysky","twitter_misc":{"Tiempo de lectura":"2 minutos"},"schema":{"@context":"https:\/\/schema.org","@graph":[{"@type":"WebPage","@id":"https:\/\/www.ghostysky.com\/product\/dji-rc-plus-2-enterprise-enhanced\/","url":"https:\/\/www.ghostysky.com\/product\/dji-rc-plus-2-enterprise-enhanced\/","name":"DJI RC Plus 2 Enterprise Enhanced - Ghostysky","isPartOf":{"@id":"https:\/\/www.ghostysky.com\/#website"},"primaryImageOfPage":{"@id":"https:\/\/www.ghostysky.com\/product\/dji-rc-plus-2-enterprise-enhanced\/#primaryimage"},"image":{"@id":"https:\/\/www.ghostysky.com\/product\/dji-rc-plus-2-enterprise-enhanced\/#primaryimage"},"thumbnailUrl":"https:\/\/www.ghostysky.com\/wp-content\/uploads\/2025\/10\/GH_DJI-RC-Plus-2-Enterprise-Enhanced_3.jpg","datePublished":"2025-10-17T14:22:03+00:00","dateModified":"2025-10-18T04:22:58+00:00","description":"El DJI RC Plus 2 Enterprise Enhanced es el control remoto profesional definitivo, dise\u00f1ado para pilotos que exigen el m\u00e1ximo rendimiento, fiabilidad y precisi\u00f3n en operaciones exigentes con drones empresariales. Dise\u00f1ado para una integraci\u00f3n perfecta con la serie DJI Matrice 4 y otras aeronaves empresariales compatibles, este controlador garantiza que sus misiones se ejecuten con una claridad y estabilidad excepcionales.","breadcrumb":{"@id":"https:\/\/www.ghostysky.com\/product\/dji-rc-plus-2-enterprise-enhanced\/#breadcrumb"},"inLanguage":"es","potentialAction":[{"@type":"ReadAction","target":["https:\/\/www.ghostysky.com\/product\/dji-rc-plus-2-enterprise-enhanced\/"]}]},{"@type":"ImageObject","inLanguage":"es","@id":"https:\/\/www.ghostysky.com\/product\/dji-rc-plus-2-enterprise-enhanced\/#primaryimage","url":"https:\/\/www.ghostysky.com\/wp-content\/uploads\/2025\/10\/GH_DJI-RC-Plus-2-Enterprise-Enhanced_3.jpg","contentUrl":"https:\/\/www.ghostysky.com\/wp-content\/uploads\/2025\/10\/GH_DJI-RC-Plus-2-Enterprise-Enhanced_3.jpg","width":800,"height":800},{"@type":"BreadcrumbList","@id":"https:\/\/www.ghostysky.com\/product\/dji-rc-plus-2-enterprise-enhanced\/#breadcrumb","itemListElement":[{"@type":"ListItem","position":1,"name":"Home","item":"https:\/\/www.ghostysky.com\/"},{"@type":"ListItem","position":2,"name":"Shop","item":"https:\/\/www.ghostysky.com\/shop\/"},{"@type":"ListItem","position":3,"name":"DJI RC Plus 2 Enterprise Enhanced"}]},{"@type":"WebSite","@id":"https:\/\/www.ghostysky.com\/#website","url":"https:\/\/www.ghostysky.com\/","name":"Ghostysky","description":"Entrega de drones y servicios profesionales","publisher":{"@id":"https:\/\/www.ghostysky.com\/#organization"},"potentialAction":[{"@type":"SearchAction","target":{"@type":"EntryPoint","urlTemplate":"https:\/\/www.ghostysky.com\/?s={search_term_string}"},"query-input":{"@type":"PropertyValueSpecification","valueRequired":true,"valueName":"search_term_string"}}],"inLanguage":"es"},{"@type":"Organization","@id":"https:\/\/www.ghostysky.com\/#organization","name":"Ghostysky","url":"https:\/\/www.ghostysky.com\/","logo":{"@type":"ImageObject","inLanguage":"es","@id":"https:\/\/www.ghostysky.com\/#\/schema\/logo\/image\/","url":"https:\/\/www.ghostysky.com\/wp-content\/uploads\/2020\/06\/cropped-ghostyskylogo_text_white2.png","contentUrl":"https:\/\/www.ghostysky.com\/wp-content\/uploads\/2020\/06\/cropped-ghostyskylogo_text_white2.png","width":169,"height":56,"caption":"Ghostysky"},"image":{"@id":"https:\/\/www.ghostysky.com\/#\/schema\/logo\/image\/"},"sameAs":["https:\/\/www.facebook.com\/people\/Ghostysky\/100057676170234\/","https:\/\/x.com\/Gh0stysky","https:\/\/www.linkedin.com\/company\/34739653","https:\/\/www.instagram.com\/gh0stysky"]}]}},"_links":{"self":[{"href":"https:\/\/www.ghostysky.com\/es\/wp-json\/wp\/v2\/product\/21769","targetHints":{"allow":["GET"]}}],"collection":[{"href":"https:\/\/www.ghostysky.com\/es\/wp-json\/wp\/v2\/product"}],"about":[{"href":"https:\/\/www.ghostysky.com\/es\/wp-json\/wp\/v2\/types\/product"}],"replies":[{"embeddable":true,"href":"https:\/\/www.ghostysky.com\/es\/wp-json\/wp\/v2\/comments?post=21769"}],"wp:featuredmedia":[{"embeddable":true,"href":"https:\/\/www.ghostysky.com\/es\/wp-json\/wp\/v2\/media\/21771"}],"wp:attachment":[{"href":"https:\/\/www.ghostysky.com\/es\/wp-json\/wp\/v2\/media?parent=21769"}],"wp:term":[{"taxonomy":"product_brand","embeddable":true,"href":"https:\/\/www.ghostysky.com\/es\/wp-json\/wp\/v2\/product_brand?post=21769"},{"taxonomy":"product_cat","embeddable":true,"href":"https:\/\/www.ghostysky.com\/es\/wp-json\/wp\/v2\/product_cat?post=21769"},{"taxonomy":"product_tag","embeddable":true,"href":"https:\/\/www.ghostysky.com\/es\/wp-json\/wp\/v2\/product_tag?post=21769"}],"curies":[{"name":"wp","href":"https:\/\/api.w.org\/{rel}","templated":true}]}}