{"id":21772,"date":"2025-10-17T14:29:57","date_gmt":"2025-10-17T14:29:57","guid":{"rendered":"https:\/\/www.ghostysky.com\/?post_type=product&#038;p=21772"},"modified":"2025-10-17T16:20:48","modified_gmt":"2025-10-17T16:20:48","slug":"dji-matrice-4-obstacle-sensing-module","status":"publish","type":"product","link":"https:\/\/www.ghostysky.com\/es\/product\/dji-matrice-4-obstacle-sensing-module\/","title":{"rendered":"M\u00f3dulo de detecci\u00f3n de obst\u00e1culos DJI Matrice 4"},"content":{"rendered":"<h3><b>Caracter\u00edsticas clave<\/b><\/h3>\n<ul>\n<li><b>Tecnolog\u00eda avanzada de doble sensor:<\/b><span class=\"citation-1214\"> Combina <\/span><b><span class=\"citation-1214\">LiDAR giratorio<\/span><\/b><span class=\"citation-1214\"> con un <\/span><b><span class=\"citation-1214\">radar de ondas milim\u00e9tricas de cinco direcciones<\/span><\/b><span class=\"citation-1214 citation-end-1214\"> para proporcionar una conciencia espacial excepcional, especialmente en condiciones en las que los sistemas de visi\u00f3n est\u00e1ndar tienen dificultades.<\/span><\/li>\n<li><b><span class=\"citation-1213\">Protecci\u00f3n omnidireccional:<\/span><\/b><span class=\"citation-1213 citation-end-1213\"> El m\u00f3dulo, en combinaci\u00f3n con los sistemas integrados del dron, consigue evitar obst\u00e1culos de forma integral y en todas direcciones, mejorando as\u00ed la seguridad operativa.<\/span><\/li>\n<li><b><span class=\"citation-1212\">Detecci\u00f3n de cables de precisi\u00f3n:<\/span><\/b><span class=\"citation-1212\"> Proporciona una evitaci\u00f3n de obst\u00e1culos precisa a nivel de cable, capaz de detectar obst\u00e1culos finos tan peque\u00f1os como <\/span><b><span class=\"citation-1212\">12 mil\u00edmetros<\/span><\/b><span class=\"citation-1212 citation-end-1212\"> de di\u00e1metro.<\/span><\/li>\n<li><b><span class=\"citation-1211\">Seguridad a alta velocidad:<\/span><\/b><span class=\"citation-1211\"> Mantenga un ritmo alto durante las misiones con una detecci\u00f3n eficaz de obst\u00e1culos a velocidades de vuelo de hasta <\/span><b><span class=\"citation-1211 citation-end-1211\">15 m\/s (aprox.<sup class=\"superscript\" data-turn-source-index=\"5\">5<\/sup><\/span> <span class=\"citation-1210\">33 mph)<\/span><\/b><span class=\"citation-1210 citation-end-1210\">.<\/span><\/li>\n<li><b>Posicionamiento mejorado con poca luz:<\/b><span class=\"citation-1209 citation-end-1209\"> La tecnolog\u00eda integrada mejora la precisi\u00f3n de posicionamiento, lo que permite operaciones m\u00e1s seguras en condiciones de poca luz.<\/span><\/li>\n<li><b><span class=\"citation-1208\">Resistente y confiable:<\/span><\/b><span class=\"citation-1208\"> Con un <\/span><b><span class=\"citation-1208\">Clasificaci\u00f3n de protecci\u00f3n de entrada IP55<\/span><\/b><span class=\"citation-1208 citation-end-1208\"> (cuando se instala en la serie Matrice 4D), el m\u00f3dulo est\u00e1 dise\u00f1ado para soportar condiciones exigentes, incluidos entornos industriales y condiciones clim\u00e1ticas variables.<\/span><\/li>\n<li><b><span class=\"citation-1207\">Ideal para misiones cr\u00edticas:<\/span><\/b><span class=\"citation-1207 citation-end-1207\"> Est\u00e1 dise\u00f1ado espec\u00edficamente para aplicaciones profesionales desafiantes, como inspecciones de redes de distribuci\u00f3n de l\u00edneas de energ\u00eda y navegaci\u00f3n por dise\u00f1os intrincados de subestaciones, donde los cables finos y las estructuras complejas son peligros comunes.<\/span>\n<div class=\"source-inline-chip-container ng-star-inserted\"><\/div>\n<\/li>\n<\/ul>\n<h3><b>Especificaciones (Resumen)<\/b><\/h3>\n<ul>\n<li><b><span class=\"citation-1206\">Sistema de detecci\u00f3n:<\/span><\/b><span class=\"citation-1206 citation-end-1206\"> Combinaci\u00f3n de LiDAR rotatorio y radar de ondas milim\u00e9tricas de cinco direcciones.<\/span><\/li>\n<li><b><span class=\"citation-1205\">Velocidad de detecci\u00f3n efectiva:<\/span><\/b><span class=\"citation-1205 citation-end-1205\"> <sup class=\"superscript\" data-turn-source-index=\"11\">11<\/sup><\/span><span class=\"math-inline\" data-math=\"\\le 15\">$\\le 15$<\/span><span class=\"citation-1204 citation-end-1204\"> m\/s (para <sup class=\"superscript\" data-turn-source-index=\"12\">12<\/sup><\/span><span class=\"math-inline\" data-math=\"12\">$12$<\/span><span class=\"citation-1203 citation-end-1203\"> Cable con n\u00facleo de acero de mm como obst\u00e1culo).<\/span><\/li>\n<li><b><span class=\"citation-1202\">Temperatura de funcionamiento:<\/span><\/b><span class=\"citation-1202 citation-end-1202\"> <sup class=\"superscript\" data-turn-source-index=\"14\">14<\/sup><\/span><span class=\"math-inline\" data-math=\"-20^\\circ\">$-20^\\circ$<\/span><span class=\"citation-1201 citation-end-1201\"> a <sup class=\"superscript\" data-turn-source-index=\"15\">15<\/sup><\/span><span class=\"math-inline\" data-math=\"50^\\circ\">$50^\\circ$<\/span><span class=\"citation-1200 citation-end-1200\"> C (<sup class=\"superscript\" data-turn-source-index=\"16\">16<\/sup><\/span><span class=\"math-inline\" data-math=\"-4^\\circ\">$-4^\\circ$<\/span><span class=\"citation-1199 citation-end-1199\"> a <sup class=\"superscript\" data-turn-source-index=\"17\">17<\/sup><\/span><span class=\"math-inline\" data-math=\"122^\\circ\">$122^\\circ$<\/span><span class=\"citation-1198 citation-end-1198\"> F).<\/span><\/li>\n<li><b>Clasificaci\u00f3n de protecci\u00f3n de entrada:<\/b><span class=\"citation-1197 citation-end-1197\"> IP55 (con Serie Matrice 4D).<\/span><\/li>\n<li><b><span class=\"citation-1196\">Compatibilidad:<\/span><\/b><span class=\"citation-1196 citation-end-1196\"> Serie DJI Matrice 4 y Serie DJI Matrice 4D.<\/span><\/li>\n<\/ul>\n<p><span class=\"citation-1195 citation-end-1195\">Equipe su plataforma Matrice con el m\u00f3dulo de detecci\u00f3n de obst\u00e1culos para desbloquear un nuevo nivel de confianza y seguridad operativa para sus tareas de inspecci\u00f3n y mapeo industrial m\u00e1s exigentes.<\/span><\/p>\n<h4>EN EL CUADRO<\/h4>\n<p>1x m\u00f3dulo de detecci\u00f3n de obst\u00e1culos<br \/>\n1x llave hexagonal H2.5<br \/>\n1x llave hexagonal H1. 5<br \/>\n1 soporte de adaptador (serie Matrice 4)<br \/>\n12 correas reflectantes (para DJI Dock)<\/p>\n<h4>COMPATIBILIDAD<\/h4>\n<p>Serie DJI Matrice 4D<\/p>","protected":false},"excerpt":{"rendered":"<p>El m\u00f3dulo de detecci\u00f3n de obst\u00e1culos DJI Matrice 4 es un accesorio opcional fundamental dise\u00f1ado para mejorar la seguridad del vuelo de los drones empresariales de las series DJI Matrice 4 y Matrice 4D en entornos operativos complejos.<\/p>","protected":false},"featured_media":21775,"comment_status":"open","ping_status":"closed","template":"","meta":[],"product_brand":[1031],"product_cat":[37,1119,29,1117],"product_tag":[42,1123,1120],"class_list":{"0":"post-21772","1":"product","2":"type-product","3":"status-publish","4":"has-post-thumbnail","6":"product_brand-dji","7":"product_cat-dji","8":"product_cat-dji-matrice-4-accessories","9":"product_cat-drones","10":"product_cat-matrice-4","11":"product_tag-dji","12":"product_tag-dji-matrice-4-accessories","13":"product_tag-dji-matrice-4-series","15":"first","16":"onbackorder","17":"taxable","18":"shipping-taxable","19":"purchasable","20":"product-type-simple"},"yoast_head":"<!-- This site is optimized with the Yoast SEO plugin v27.1.1 - https:\/\/yoast.com\/product\/yoast-seo-wordpress\/ -->\n<title>DJI Matrice 4 Obstacle Sensing Module - Ghostysky<\/title>\n<meta name=\"description\" content=\"The DJI Matrice 4 Obstacle Sensing Module is a critical, optional accessory designed to elevate flight safety for the DJI Matrice 4 and Matrice 4D Series enterprise drones in complex operating environments.\" \/>\n<meta name=\"robots\" content=\"index, follow, max-snippet:-1, max-image-preview:large, max-video-preview:-1\" \/>\n<link rel=\"canonical\" href=\"https:\/\/www.ghostysky.com\/es\/producto-2\/dji-matrice-4-obstacle-sensing-module\/\" \/>\n<meta property=\"og:locale\" content=\"es_ES\" \/>\n<meta property=\"og:type\" content=\"article\" \/>\n<meta property=\"og:title\" content=\"DJI Matrice 4 Obstacle Sensing Module - Ghostysky\" \/>\n<meta property=\"og:description\" content=\"The DJI Matrice 4 Obstacle Sensing Module is a critical, optional accessory designed to elevate flight safety for the DJI Matrice 4 and Matrice 4D Series enterprise drones in complex operating environments.\" \/>\n<meta property=\"og:url\" content=\"https:\/\/www.ghostysky.com\/es\/producto-2\/dji-matrice-4-obstacle-sensing-module\/\" \/>\n<meta property=\"og:site_name\" content=\"Ghostysky\" \/>\n<meta property=\"article:publisher\" content=\"https:\/\/www.facebook.com\/people\/Ghostysky\/100057676170234\/\" \/>\n<meta property=\"article:modified_time\" content=\"2025-10-17T16:20:48+00:00\" \/>\n<meta property=\"og:image\" content=\"https:\/\/www.ghostysky.com\/wp-content\/uploads\/2025\/10\/GH_DJI-Matrice-4-Obstacle-Sensing-Module_1.jpg\" \/>\n\t<meta property=\"og:image:width\" content=\"800\" \/>\n\t<meta property=\"og:image:height\" content=\"800\" \/>\n\t<meta property=\"og:image:type\" content=\"image\/jpeg\" \/>\n<meta name=\"twitter:card\" content=\"summary_large_image\" \/>\n<meta name=\"twitter:site\" content=\"@Gh0stysky\" \/>\n<meta name=\"twitter:label1\" content=\"Tiempo de lectura\" \/>\n\t<meta name=\"twitter:data1\" content=\"2 minutos\" \/>\n<script type=\"application\/ld+json\" class=\"yoast-schema-graph\">{\"@context\":\"https:\/\/schema.org\",\"@graph\":[{\"@type\":\"WebPage\",\"@id\":\"https:\/\/www.ghostysky.com\/product\/dji-matrice-4-obstacle-sensing-module\/\",\"url\":\"https:\/\/www.ghostysky.com\/product\/dji-matrice-4-obstacle-sensing-module\/\",\"name\":\"DJI Matrice 4 Obstacle Sensing Module - Ghostysky\",\"isPartOf\":{\"@id\":\"https:\/\/www.ghostysky.com\/#website\"},\"primaryImageOfPage\":{\"@id\":\"https:\/\/www.ghostysky.com\/product\/dji-matrice-4-obstacle-sensing-module\/#primaryimage\"},\"image\":{\"@id\":\"https:\/\/www.ghostysky.com\/product\/dji-matrice-4-obstacle-sensing-module\/#primaryimage\"},\"thumbnailUrl\":\"https:\/\/www.ghostysky.com\/wp-content\/uploads\/2025\/10\/GH_DJI-Matrice-4-Obstacle-Sensing-Module_1.jpg\",\"datePublished\":\"2025-10-17T14:29:57+00:00\",\"dateModified\":\"2025-10-17T16:20:48+00:00\",\"description\":\"The DJI Matrice 4 Obstacle Sensing Module is a critical, optional accessory designed to elevate flight safety for the DJI Matrice 4 and Matrice 4D Series enterprise drones in complex operating environments.\",\"breadcrumb\":{\"@id\":\"https:\/\/www.ghostysky.com\/product\/dji-matrice-4-obstacle-sensing-module\/#breadcrumb\"},\"inLanguage\":\"es\",\"potentialAction\":[{\"@type\":\"ReadAction\",\"target\":[\"https:\/\/www.ghostysky.com\/product\/dji-matrice-4-obstacle-sensing-module\/\"]}]},{\"@type\":\"ImageObject\",\"inLanguage\":\"es\",\"@id\":\"https:\/\/www.ghostysky.com\/product\/dji-matrice-4-obstacle-sensing-module\/#primaryimage\",\"url\":\"https:\/\/www.ghostysky.com\/wp-content\/uploads\/2025\/10\/GH_DJI-Matrice-4-Obstacle-Sensing-Module_1.jpg\",\"contentUrl\":\"https:\/\/www.ghostysky.com\/wp-content\/uploads\/2025\/10\/GH_DJI-Matrice-4-Obstacle-Sensing-Module_1.jpg\",\"width\":800,\"height\":800},{\"@type\":\"BreadcrumbList\",\"@id\":\"https:\/\/www.ghostysky.com\/product\/dji-matrice-4-obstacle-sensing-module\/#breadcrumb\",\"itemListElement\":[{\"@type\":\"ListItem\",\"position\":1,\"name\":\"Home\",\"item\":\"https:\/\/www.ghostysky.com\/\"},{\"@type\":\"ListItem\",\"position\":2,\"name\":\"Shop\",\"item\":\"https:\/\/www.ghostysky.com\/shop\/\"},{\"@type\":\"ListItem\",\"position\":3,\"name\":\"DJI Matrice 4 Obstacle Sensing Module\"}]},{\"@type\":\"WebSite\",\"@id\":\"https:\/\/www.ghostysky.com\/#website\",\"url\":\"https:\/\/www.ghostysky.com\/\",\"name\":\"Ghostysky\",\"description\":\"Delivering professional drones and services\",\"publisher\":{\"@id\":\"https:\/\/www.ghostysky.com\/#organization\"},\"potentialAction\":[{\"@type\":\"SearchAction\",\"target\":{\"@type\":\"EntryPoint\",\"urlTemplate\":\"https:\/\/www.ghostysky.com\/?s={search_term_string}\"},\"query-input\":{\"@type\":\"PropertyValueSpecification\",\"valueRequired\":true,\"valueName\":\"search_term_string\"}}],\"inLanguage\":\"es\"},{\"@type\":\"Organization\",\"@id\":\"https:\/\/www.ghostysky.com\/#organization\",\"name\":\"Ghostysky\",\"url\":\"https:\/\/www.ghostysky.com\/\",\"logo\":{\"@type\":\"ImageObject\",\"inLanguage\":\"es\",\"@id\":\"https:\/\/www.ghostysky.com\/#\/schema\/logo\/image\/\",\"url\":\"https:\/\/www.ghostysky.com\/wp-content\/uploads\/2020\/06\/cropped-ghostyskylogo_text_white2.png\",\"contentUrl\":\"https:\/\/www.ghostysky.com\/wp-content\/uploads\/2020\/06\/cropped-ghostyskylogo_text_white2.png\",\"width\":169,\"height\":56,\"caption\":\"Ghostysky\"},\"image\":{\"@id\":\"https:\/\/www.ghostysky.com\/#\/schema\/logo\/image\/\"},\"sameAs\":[\"https:\/\/www.facebook.com\/people\/Ghostysky\/100057676170234\/\",\"https:\/\/x.com\/Gh0stysky\",\"https:\/\/www.linkedin.com\/company\/34739653\",\"https:\/\/www.instagram.com\/gh0stysky\"]}]}<\/script>\n<!-- \/ Yoast SEO plugin. -->","yoast_head_json":{"title":"M\u00f3dulo de detecci\u00f3n de obst\u00e1culos DJI Matrice 4 - Ghostysky","description":"El m\u00f3dulo de detecci\u00f3n de obst\u00e1culos DJI Matrice 4 es un accesorio opcional fundamental dise\u00f1ado para mejorar la seguridad del vuelo de los drones empresariales de las series DJI Matrice 4 y Matrice 4D en entornos operativos complejos.","robots":{"index":"index","follow":"follow","max-snippet":"max-snippet:-1","max-image-preview":"max-image-preview:large","max-video-preview":"max-video-preview:-1"},"canonical":"https:\/\/www.ghostysky.com\/es\/producto-2\/dji-matrice-4-obstacle-sensing-module\/","og_locale":"es_ES","og_type":"article","og_title":"DJI Matrice 4 Obstacle Sensing Module - Ghostysky","og_description":"The DJI Matrice 4 Obstacle Sensing Module is a critical, optional accessory designed to elevate flight safety for the DJI Matrice 4 and Matrice 4D Series enterprise drones in complex operating environments.","og_url":"https:\/\/www.ghostysky.com\/es\/producto-2\/dji-matrice-4-obstacle-sensing-module\/","og_site_name":"Ghostysky","article_publisher":"https:\/\/www.facebook.com\/people\/Ghostysky\/100057676170234\/","article_modified_time":"2025-10-17T16:20:48+00:00","og_image":[{"width":800,"height":800,"url":"https:\/\/www.ghostysky.com\/wp-content\/uploads\/2025\/10\/GH_DJI-Matrice-4-Obstacle-Sensing-Module_1.jpg","type":"image\/jpeg"}],"twitter_card":"summary_large_image","twitter_site":"@Gh0stysky","twitter_misc":{"Tiempo de lectura":"2 minutos"},"schema":{"@context":"https:\/\/schema.org","@graph":[{"@type":"WebPage","@id":"https:\/\/www.ghostysky.com\/product\/dji-matrice-4-obstacle-sensing-module\/","url":"https:\/\/www.ghostysky.com\/product\/dji-matrice-4-obstacle-sensing-module\/","name":"M\u00f3dulo de detecci\u00f3n de obst\u00e1culos DJI Matrice 4 - Ghostysky","isPartOf":{"@id":"https:\/\/www.ghostysky.com\/#website"},"primaryImageOfPage":{"@id":"https:\/\/www.ghostysky.com\/product\/dji-matrice-4-obstacle-sensing-module\/#primaryimage"},"image":{"@id":"https:\/\/www.ghostysky.com\/product\/dji-matrice-4-obstacle-sensing-module\/#primaryimage"},"thumbnailUrl":"https:\/\/www.ghostysky.com\/wp-content\/uploads\/2025\/10\/GH_DJI-Matrice-4-Obstacle-Sensing-Module_1.jpg","datePublished":"2025-10-17T14:29:57+00:00","dateModified":"2025-10-17T16:20:48+00:00","description":"El m\u00f3dulo de detecci\u00f3n de obst\u00e1culos DJI Matrice 4 es un accesorio opcional fundamental dise\u00f1ado para mejorar la seguridad del vuelo de los drones empresariales de las series DJI Matrice 4 y Matrice 4D en entornos operativos complejos.","breadcrumb":{"@id":"https:\/\/www.ghostysky.com\/product\/dji-matrice-4-obstacle-sensing-module\/#breadcrumb"},"inLanguage":"es","potentialAction":[{"@type":"ReadAction","target":["https:\/\/www.ghostysky.com\/product\/dji-matrice-4-obstacle-sensing-module\/"]}]},{"@type":"ImageObject","inLanguage":"es","@id":"https:\/\/www.ghostysky.com\/product\/dji-matrice-4-obstacle-sensing-module\/#primaryimage","url":"https:\/\/www.ghostysky.com\/wp-content\/uploads\/2025\/10\/GH_DJI-Matrice-4-Obstacle-Sensing-Module_1.jpg","contentUrl":"https:\/\/www.ghostysky.com\/wp-content\/uploads\/2025\/10\/GH_DJI-Matrice-4-Obstacle-Sensing-Module_1.jpg","width":800,"height":800},{"@type":"BreadcrumbList","@id":"https:\/\/www.ghostysky.com\/product\/dji-matrice-4-obstacle-sensing-module\/#breadcrumb","itemListElement":[{"@type":"ListItem","position":1,"name":"Home","item":"https:\/\/www.ghostysky.com\/"},{"@type":"ListItem","position":2,"name":"Shop","item":"https:\/\/www.ghostysky.com\/shop\/"},{"@type":"ListItem","position":3,"name":"DJI Matrice 4 Obstacle Sensing Module"}]},{"@type":"WebSite","@id":"https:\/\/www.ghostysky.com\/#website","url":"https:\/\/www.ghostysky.com\/","name":"Ghostysky","description":"Entrega de drones y servicios profesionales","publisher":{"@id":"https:\/\/www.ghostysky.com\/#organization"},"potentialAction":[{"@type":"SearchAction","target":{"@type":"EntryPoint","urlTemplate":"https:\/\/www.ghostysky.com\/?s={search_term_string}"},"query-input":{"@type":"PropertyValueSpecification","valueRequired":true,"valueName":"search_term_string"}}],"inLanguage":"es"},{"@type":"Organization","@id":"https:\/\/www.ghostysky.com\/#organization","name":"Ghostysky","url":"https:\/\/www.ghostysky.com\/","logo":{"@type":"ImageObject","inLanguage":"es","@id":"https:\/\/www.ghostysky.com\/#\/schema\/logo\/image\/","url":"https:\/\/www.ghostysky.com\/wp-content\/uploads\/2020\/06\/cropped-ghostyskylogo_text_white2.png","contentUrl":"https:\/\/www.ghostysky.com\/wp-content\/uploads\/2020\/06\/cropped-ghostyskylogo_text_white2.png","width":169,"height":56,"caption":"Ghostysky"},"image":{"@id":"https:\/\/www.ghostysky.com\/#\/schema\/logo\/image\/"},"sameAs":["https:\/\/www.facebook.com\/people\/Ghostysky\/100057676170234\/","https:\/\/x.com\/Gh0stysky","https:\/\/www.linkedin.com\/company\/34739653","https:\/\/www.instagram.com\/gh0stysky"]}]}},"_links":{"self":[{"href":"https:\/\/www.ghostysky.com\/es\/wp-json\/wp\/v2\/product\/21772","targetHints":{"allow":["GET"]}}],"collection":[{"href":"https:\/\/www.ghostysky.com\/es\/wp-json\/wp\/v2\/product"}],"about":[{"href":"https:\/\/www.ghostysky.com\/es\/wp-json\/wp\/v2\/types\/product"}],"replies":[{"embeddable":true,"href":"https:\/\/www.ghostysky.com\/es\/wp-json\/wp\/v2\/comments?post=21772"}],"wp:featuredmedia":[{"embeddable":true,"href":"https:\/\/www.ghostysky.com\/es\/wp-json\/wp\/v2\/media\/21775"}],"wp:attachment":[{"href":"https:\/\/www.ghostysky.com\/es\/wp-json\/wp\/v2\/media?parent=21772"}],"wp:term":[{"taxonomy":"product_brand","embeddable":true,"href":"https:\/\/www.ghostysky.com\/es\/wp-json\/wp\/v2\/product_brand?post=21772"},{"taxonomy":"product_cat","embeddable":true,"href":"https:\/\/www.ghostysky.com\/es\/wp-json\/wp\/v2\/product_cat?post=21772"},{"taxonomy":"product_tag","embeddable":true,"href":"https:\/\/www.ghostysky.com\/es\/wp-json\/wp\/v2\/product_tag?post=21772"}],"curies":[{"name":"wp","href":"https:\/\/api.w.org\/{rel}","templated":true}]}}