{"id":21782,"date":"2025-10-17T16:01:28","date_gmt":"2025-10-17T16:01:28","guid":{"rendered":"https:\/\/www.ghostysky.com\/?post_type=product&#038;p=21782"},"modified":"2025-10-17T16:17:54","modified_gmt":"2025-10-17T16:17:54","slug":"dji-care-enterprise-plus-dji-matrice-4e-eu","status":"publish","type":"product","link":"https:\/\/www.ghostysky.com\/es\/product\/dji-care-enterprise-plus-dji-matrice-4e-eu\/","title":{"rendered":"DJI Care Enterprise Plus (DJI Matrice 4E) UE"},"content":{"rendered":"<div id=\"model-response-message-contentr_8ca688bebcf3e727\" class=\"markdown markdown-main-panel stronger enable-updated-hr-color\" dir=\"ltr\">\n<h3>Caracter\u00edsticas clave de DJI Care Enterprise Plus (DJI Matrice 4E) UE<\/h3>\n<p>&nbsp;<\/p>\n<ul>\n<li><b><span class=\"citation-1257\">Reemplazos y reparaciones gratuitos ilimitados:<\/span><\/b><span class=\"citation-1257\"> Disfruta de una <\/span><b><span class=\"citation-1257\">ilimitado<\/span><\/b><span class=\"citation-1257 citation-end-1257\"> N\u00famero de reparaciones o reemplazos gratuitos por da\u00f1os accidentales, incluidos choques, da\u00f1os por agua, interferencia de se\u00f1al y errores de funcionamiento, hasta el l\u00edmite de cobertura total (normalmente equivalente al valor total del producto).<\/span><\/li>\n<li><b><span class=\"citation-1256\">Cobertura integral de accidentes:<\/span><\/b><span class=\"citation-1256 citation-end-1256\"> La protecci\u00f3n se extiende para cubrir una amplia gama de incidentes, lo que permite una operaci\u00f3n sin preocupaciones en escenarios complejos o desafiantes.<\/span><\/li>\n<li><b>Cobertura de flota compartida:<\/b><span class=\"citation-1255 citation-end-1255\"> El monto total de cobertura se puede compartir entre varios dispositivos DJI Enterprise (incluido Matrice 4E) vinculados a su cuenta DJI Care Enterprise Plus dentro del per\u00edodo especificado (por ejemplo, 30 d\u00edas desde la activaci\u00f3n inicial), lo que simplifica la administraci\u00f3n de la flota y maximiza la eficiencia.<\/span><\/li>\n<li><b>Env\u00edo bidireccional gratuito:<\/b><span class=\"citation-1254 citation-end-1254\"> DJI cubre los costos de env\u00edo del equipo da\u00f1ado y la recepci\u00f3n de la unidad reparada o de reemplazo, lo que garantiza un proceso de servicio simple, r\u00e1pido y eficiente dentro de las regiones de la UE cubiertas.<\/span><\/li>\n<li><b>Reemplazo de bater\u00eda de cortes\u00eda anual*:<\/b> Reciba un servicio de renovaci\u00f3n gratuito para una cantidad determinada de bater\u00edas por a\u00f1o para respaldar misiones de alta intensidad y largo plazo.<\/li>\n<li><b><span class=\"citation-1253\">Mantenimiento de f\u00e1brica gratuito anual*:<\/span><\/b><span class=\"citation-1253 citation-end-1253\"> Benef\u00edciese de un servicio de mantenimiento de f\u00e1brica anual gratuito, que incluye limpieza profunda, inspecci\u00f3n de componentes, actualizaciones y calibraci\u00f3n, junto con un informe de mantenimiento oficial para ayudar a mantener el m\u00e1ximo rendimiento y ayudar en el cumplimiento normativo.<\/span><\/li>\n<li><b><span class=\"citation-1252\">Cobertura Flyaway*:<\/span><\/b><span class=\"citation-1252 citation-end-1252\"> En el desafortunado caso de que se pierda el producto, puede comprar un producto de reemplazo a un precio con un descuento significativo (normalmente una vez al a\u00f1o).<\/span><\/li>\n<\/ul>\n<p><i>Nota: La disponibilidad y los detalles de los beneficios como el reemplazo de bater\u00eda, el mantenimiento de f\u00e1brica y la cobertura de vuelo pueden variar y est\u00e1n sujetos a los t\u00e9rminos y condiciones descritos en el acuerdo de servicio oficial DJI Care Enterprise Plus para Matrice 4E en la regi\u00f3n de la UE.<\/i><\/p>\n<p>Este plan es una inversi\u00f3n esencial para las organizaciones que utilizan Matrice 4E para topograf\u00eda, mapeo, inspecci\u00f3n y otras aplicaciones empresariales cr\u00edticas, garantizando un tiempo de inactividad m\u00ednimo y un tiempo de actividad operativa m\u00e1ximo.<\/p>\n<\/div>","protected":false},"excerpt":{"rendered":"<p><span class=\"citation-1259 citation-end-1259\">DJI Care Enterprise Plus para DJI Matrice 4E (versi\u00f3n UE) es un plan de soporte posventa integral y especializado dise\u00f1ado para garantizar la continuidad operativa de su flota de drones empresariales.<\/span> <span class=\"citation-1258 citation-end-1258\">Dise\u00f1ado para uso profesional en entornos exigentes en toda la Uni\u00f3n Europea, este servicio proporciona una tranquilidad excepcional frente a da\u00f1os accidentales.<\/span><\/p>\n<div class=\"source-inline-chip-container ng-star-inserted\"><\/div>\n<div class=\"source-inline-chip-container ng-star-inserted\"><\/div>\n<p>&nbsp;<\/p>\n<h3><\/h3>","protected":false},"featured_media":21789,"comment_status":"open","ping_status":"closed","template":"","meta":[],"product_brand":[1031],"product_cat":[37,1119,29,1117],"product_tag":[42,1123,1120],"class_list":{"0":"post-21782","1":"product","2":"type-product","3":"status-publish","4":"has-post-thumbnail","6":"product_brand-dji","7":"product_cat-dji","8":"product_cat-dji-matrice-4-accessories","9":"product_cat-drones","10":"product_cat-matrice-4","11":"product_tag-dji","12":"product_tag-dji-matrice-4-accessories","13":"product_tag-dji-matrice-4-series","15":"first","16":"instock","17":"taxable","18":"shipping-taxable","19":"purchasable","20":"product-type-simple"},"yoast_head":"<!-- This site is optimized with the Yoast SEO plugin v27.4 - https:\/\/yoast.com\/product\/yoast-seo-wordpress\/ -->\n<title>DJI Care Enterprise Plus (DJI Matrice 4E) EU - Ghostysky<\/title>\n<meta name=\"description\" content=\"The DJI Care Enterprise Plus for the DJI Matrice 4E (EU Version) is a specialized, comprehensive post-sales support plan designed to ensure the operational continuity of your enterprise drone fleet. Tailored for professional use in demanding environments across the European Union, this service provides exceptional peace of mind against accidental damage.\" \/>\n<meta name=\"robots\" content=\"index, follow, max-snippet:-1, max-image-preview:large, max-video-preview:-1\" \/>\n<link rel=\"canonical\" href=\"https:\/\/www.ghostysky.com\/es\/producto-2\/dji-care-enterprise-plus-dji-matrice-4e-eu\/\" \/>\n<meta property=\"og:locale\" content=\"es_ES\" \/>\n<meta property=\"og:type\" content=\"article\" \/>\n<meta property=\"og:title\" content=\"DJI Care Enterprise Plus (DJI Matrice 4E) EU - Ghostysky\" \/>\n<meta property=\"og:description\" content=\"The DJI Care Enterprise Plus for the DJI Matrice 4E (EU Version) is a specialized, comprehensive post-sales support plan designed to ensure the operational continuity of your enterprise drone fleet. Tailored for professional use in demanding environments across the European Union, this service provides exceptional peace of mind against accidental damage.\" \/>\n<meta property=\"og:url\" content=\"https:\/\/www.ghostysky.com\/es\/producto-2\/dji-care-enterprise-plus-dji-matrice-4e-eu\/\" \/>\n<meta property=\"og:site_name\" content=\"Ghostysky\" \/>\n<meta property=\"article:publisher\" content=\"https:\/\/www.facebook.com\/people\/Ghostysky\/100057676170234\/\" \/>\n<meta property=\"article:modified_time\" content=\"2025-10-17T16:17:54+00:00\" \/>\n<meta property=\"og:image\" content=\"https:\/\/www.ghostysky.com\/wp-content\/uploads\/2025\/10\/GH_DJI-Care-Enterprise-Plus-DJI-Matrice-4E-EU_3.jpg\" \/>\n\t<meta property=\"og:image:width\" content=\"800\" \/>\n\t<meta property=\"og:image:height\" content=\"800\" \/>\n\t<meta property=\"og:image:type\" content=\"image\/jpeg\" \/>\n<meta name=\"twitter:card\" content=\"summary_large_image\" \/>\n<meta name=\"twitter:site\" content=\"@Gh0stysky\" \/>\n<meta name=\"twitter:label1\" content=\"Tiempo de lectura\" \/>\n\t<meta name=\"twitter:data1\" content=\"2 minutos\" \/>\n<script type=\"application\/ld+json\" class=\"yoast-schema-graph\">{\"@context\":\"https:\\\/\\\/schema.org\",\"@graph\":[{\"@type\":\"WebPage\",\"@id\":\"https:\\\/\\\/www.ghostysky.com\\\/product\\\/dji-care-enterprise-plus-dji-matrice-4e-eu\\\/\",\"url\":\"https:\\\/\\\/www.ghostysky.com\\\/product\\\/dji-care-enterprise-plus-dji-matrice-4e-eu\\\/\",\"name\":\"DJI Care Enterprise Plus (DJI Matrice 4E) EU - Ghostysky\",\"isPartOf\":{\"@id\":\"https:\\\/\\\/www.ghostysky.com\\\/#website\"},\"primaryImageOfPage\":{\"@id\":\"https:\\\/\\\/www.ghostysky.com\\\/product\\\/dji-care-enterprise-plus-dji-matrice-4e-eu\\\/#primaryimage\"},\"image\":{\"@id\":\"https:\\\/\\\/www.ghostysky.com\\\/product\\\/dji-care-enterprise-plus-dji-matrice-4e-eu\\\/#primaryimage\"},\"thumbnailUrl\":\"https:\\\/\\\/www.ghostysky.com\\\/wp-content\\\/uploads\\\/2025\\\/10\\\/GH_DJI-Care-Enterprise-Plus-DJI-Matrice-4E-EU_3.jpg\",\"datePublished\":\"2025-10-17T16:01:28+00:00\",\"dateModified\":\"2025-10-17T16:17:54+00:00\",\"description\":\"The DJI Care Enterprise Plus for the DJI Matrice 4E (EU Version) is a specialized, comprehensive post-sales support plan designed to ensure the operational continuity of your enterprise drone fleet. Tailored for professional use in demanding environments across the European Union, this service provides exceptional peace of mind against accidental damage.\",\"breadcrumb\":{\"@id\":\"https:\\\/\\\/www.ghostysky.com\\\/product\\\/dji-care-enterprise-plus-dji-matrice-4e-eu\\\/#breadcrumb\"},\"inLanguage\":\"es\",\"potentialAction\":[{\"@type\":\"ReadAction\",\"target\":[\"https:\\\/\\\/www.ghostysky.com\\\/product\\\/dji-care-enterprise-plus-dji-matrice-4e-eu\\\/\"]}]},{\"@type\":\"ImageObject\",\"inLanguage\":\"es\",\"@id\":\"https:\\\/\\\/www.ghostysky.com\\\/product\\\/dji-care-enterprise-plus-dji-matrice-4e-eu\\\/#primaryimage\",\"url\":\"https:\\\/\\\/www.ghostysky.com\\\/wp-content\\\/uploads\\\/2025\\\/10\\\/GH_DJI-Care-Enterprise-Plus-DJI-Matrice-4E-EU_3.jpg\",\"contentUrl\":\"https:\\\/\\\/www.ghostysky.com\\\/wp-content\\\/uploads\\\/2025\\\/10\\\/GH_DJI-Care-Enterprise-Plus-DJI-Matrice-4E-EU_3.jpg\",\"width\":800,\"height\":800},{\"@type\":\"BreadcrumbList\",\"@id\":\"https:\\\/\\\/www.ghostysky.com\\\/product\\\/dji-care-enterprise-plus-dji-matrice-4e-eu\\\/#breadcrumb\",\"itemListElement\":[{\"@type\":\"ListItem\",\"position\":1,\"name\":\"Home\",\"item\":\"https:\\\/\\\/www.ghostysky.com\\\/\"},{\"@type\":\"ListItem\",\"position\":2,\"name\":\"Shop\",\"item\":\"https:\\\/\\\/www.ghostysky.com\\\/shop\\\/\"},{\"@type\":\"ListItem\",\"position\":3,\"name\":\"DJI Care Enterprise Plus (DJI Matrice 4E) EU\"}]},{\"@type\":\"WebSite\",\"@id\":\"https:\\\/\\\/www.ghostysky.com\\\/#website\",\"url\":\"https:\\\/\\\/www.ghostysky.com\\\/\",\"name\":\"Ghostysky\",\"description\":\"Delivering professional drones and robotics solutions\",\"publisher\":{\"@id\":\"https:\\\/\\\/www.ghostysky.com\\\/#organization\"},\"potentialAction\":[{\"@type\":\"SearchAction\",\"target\":{\"@type\":\"EntryPoint\",\"urlTemplate\":\"https:\\\/\\\/www.ghostysky.com\\\/?s={search_term_string}\"},\"query-input\":{\"@type\":\"PropertyValueSpecification\",\"valueRequired\":true,\"valueName\":\"search_term_string\"}}],\"inLanguage\":\"es\"},{\"@type\":\"Organization\",\"@id\":\"https:\\\/\\\/www.ghostysky.com\\\/#organization\",\"name\":\"Ghostysky\",\"url\":\"https:\\\/\\\/www.ghostysky.com\\\/\",\"logo\":{\"@type\":\"ImageObject\",\"inLanguage\":\"es\",\"@id\":\"https:\\\/\\\/www.ghostysky.com\\\/#\\\/schema\\\/logo\\\/image\\\/\",\"url\":\"https:\\\/\\\/www.ghostysky.com\\\/wp-content\\\/uploads\\\/2020\\\/06\\\/cropped-ghostyskylogo_text_white2.png\",\"contentUrl\":\"https:\\\/\\\/www.ghostysky.com\\\/wp-content\\\/uploads\\\/2020\\\/06\\\/cropped-ghostyskylogo_text_white2.png\",\"width\":169,\"height\":56,\"caption\":\"Ghostysky\"},\"image\":{\"@id\":\"https:\\\/\\\/www.ghostysky.com\\\/#\\\/schema\\\/logo\\\/image\\\/\"},\"sameAs\":[\"https:\\\/\\\/www.facebook.com\\\/people\\\/Ghostysky\\\/100057676170234\\\/\",\"https:\\\/\\\/x.com\\\/Gh0stysky\",\"https:\\\/\\\/www.linkedin.com\\\/company\\\/34739653\",\"https:\\\/\\\/www.instagram.com\\\/gh0stysky\"]}]}<\/script>\n<!-- \/ Yoast SEO plugin. -->","yoast_head_json":{"title":"DJI Care Enterprise Plus (DJI Matrice 4E) UE - Ghostysky","description":"DJI Care Enterprise Plus para el DJI Matrice 4E (versi\u00f3n UE) es un plan de soporte posventa especializado e integral, dise\u00f1ado para garantizar la continuidad operativa de su flota de drones empresariales. Dise\u00f1ado para uso profesional en entornos exigentes de toda la Uni\u00f3n Europea, este servicio ofrece una tranquilidad excepcional ante da\u00f1os accidentales.","robots":{"index":"index","follow":"follow","max-snippet":"max-snippet:-1","max-image-preview":"max-image-preview:large","max-video-preview":"max-video-preview:-1"},"canonical":"https:\/\/www.ghostysky.com\/es\/producto-2\/dji-care-enterprise-plus-dji-matrice-4e-eu\/","og_locale":"es_ES","og_type":"article","og_title":"DJI Care Enterprise Plus (DJI Matrice 4E) EU - Ghostysky","og_description":"The DJI Care Enterprise Plus for the DJI Matrice 4E (EU Version) is a specialized, comprehensive post-sales support plan designed to ensure the operational continuity of your enterprise drone fleet. Tailored for professional use in demanding environments across the European Union, this service provides exceptional peace of mind against accidental damage.","og_url":"https:\/\/www.ghostysky.com\/es\/producto-2\/dji-care-enterprise-plus-dji-matrice-4e-eu\/","og_site_name":"Ghostysky","article_publisher":"https:\/\/www.facebook.com\/people\/Ghostysky\/100057676170234\/","article_modified_time":"2025-10-17T16:17:54+00:00","og_image":[{"width":800,"height":800,"url":"https:\/\/www.ghostysky.com\/wp-content\/uploads\/2025\/10\/GH_DJI-Care-Enterprise-Plus-DJI-Matrice-4E-EU_3.jpg","type":"image\/jpeg"}],"twitter_card":"summary_large_image","twitter_site":"@Gh0stysky","twitter_misc":{"Tiempo de lectura":"2 minutos"},"schema":{"@context":"https:\/\/schema.org","@graph":[{"@type":"WebPage","@id":"https:\/\/www.ghostysky.com\/product\/dji-care-enterprise-plus-dji-matrice-4e-eu\/","url":"https:\/\/www.ghostysky.com\/product\/dji-care-enterprise-plus-dji-matrice-4e-eu\/","name":"DJI Care Enterprise Plus (DJI Matrice 4E) UE - Ghostysky","isPartOf":{"@id":"https:\/\/www.ghostysky.com\/#website"},"primaryImageOfPage":{"@id":"https:\/\/www.ghostysky.com\/product\/dji-care-enterprise-plus-dji-matrice-4e-eu\/#primaryimage"},"image":{"@id":"https:\/\/www.ghostysky.com\/product\/dji-care-enterprise-plus-dji-matrice-4e-eu\/#primaryimage"},"thumbnailUrl":"https:\/\/www.ghostysky.com\/wp-content\/uploads\/2025\/10\/GH_DJI-Care-Enterprise-Plus-DJI-Matrice-4E-EU_3.jpg","datePublished":"2025-10-17T16:01:28+00:00","dateModified":"2025-10-17T16:17:54+00:00","description":"DJI Care Enterprise Plus para el DJI Matrice 4E (versi\u00f3n UE) es un plan de soporte posventa especializado e integral, dise\u00f1ado para garantizar la continuidad operativa de su flota de drones empresariales. Dise\u00f1ado para uso profesional en entornos exigentes de toda la Uni\u00f3n Europea, este servicio ofrece una tranquilidad excepcional ante da\u00f1os accidentales.","breadcrumb":{"@id":"https:\/\/www.ghostysky.com\/product\/dji-care-enterprise-plus-dji-matrice-4e-eu\/#breadcrumb"},"inLanguage":"es","potentialAction":[{"@type":"ReadAction","target":["https:\/\/www.ghostysky.com\/product\/dji-care-enterprise-plus-dji-matrice-4e-eu\/"]}]},{"@type":"ImageObject","inLanguage":"es","@id":"https:\/\/www.ghostysky.com\/product\/dji-care-enterprise-plus-dji-matrice-4e-eu\/#primaryimage","url":"https:\/\/www.ghostysky.com\/wp-content\/uploads\/2025\/10\/GH_DJI-Care-Enterprise-Plus-DJI-Matrice-4E-EU_3.jpg","contentUrl":"https:\/\/www.ghostysky.com\/wp-content\/uploads\/2025\/10\/GH_DJI-Care-Enterprise-Plus-DJI-Matrice-4E-EU_3.jpg","width":800,"height":800},{"@type":"BreadcrumbList","@id":"https:\/\/www.ghostysky.com\/product\/dji-care-enterprise-plus-dji-matrice-4e-eu\/#breadcrumb","itemListElement":[{"@type":"ListItem","position":1,"name":"Home","item":"https:\/\/www.ghostysky.com\/"},{"@type":"ListItem","position":2,"name":"Shop","item":"https:\/\/www.ghostysky.com\/shop\/"},{"@type":"ListItem","position":3,"name":"DJI Care Enterprise Plus (DJI Matrice 4E) EU"}]},{"@type":"WebSite","@id":"https:\/\/www.ghostysky.com\/#website","url":"https:\/\/www.ghostysky.com\/","name":"Ghostysky","description":"Ofrecemos soluciones profesionales de drones y rob\u00f3tica.","publisher":{"@id":"https:\/\/www.ghostysky.com\/#organization"},"potentialAction":[{"@type":"SearchAction","target":{"@type":"EntryPoint","urlTemplate":"https:\/\/www.ghostysky.com\/?s={search_term_string}"},"query-input":{"@type":"PropertyValueSpecification","valueRequired":true,"valueName":"search_term_string"}}],"inLanguage":"es"},{"@type":"Organization","@id":"https:\/\/www.ghostysky.com\/#organization","name":"Ghostysky","url":"https:\/\/www.ghostysky.com\/","logo":{"@type":"ImageObject","inLanguage":"es","@id":"https:\/\/www.ghostysky.com\/#\/schema\/logo\/image\/","url":"https:\/\/www.ghostysky.com\/wp-content\/uploads\/2020\/06\/cropped-ghostyskylogo_text_white2.png","contentUrl":"https:\/\/www.ghostysky.com\/wp-content\/uploads\/2020\/06\/cropped-ghostyskylogo_text_white2.png","width":169,"height":56,"caption":"Ghostysky"},"image":{"@id":"https:\/\/www.ghostysky.com\/#\/schema\/logo\/image\/"},"sameAs":["https:\/\/www.facebook.com\/people\/Ghostysky\/100057676170234\/","https:\/\/x.com\/Gh0stysky","https:\/\/www.linkedin.com\/company\/34739653","https:\/\/www.instagram.com\/gh0stysky"]}]}},"_links":{"self":[{"href":"https:\/\/www.ghostysky.com\/es\/wp-json\/wp\/v2\/product\/21782","targetHints":{"allow":["GET"]}}],"collection":[{"href":"https:\/\/www.ghostysky.com\/es\/wp-json\/wp\/v2\/product"}],"about":[{"href":"https:\/\/www.ghostysky.com\/es\/wp-json\/wp\/v2\/types\/product"}],"replies":[{"embeddable":true,"href":"https:\/\/www.ghostysky.com\/es\/wp-json\/wp\/v2\/comments?post=21782"}],"version-history":[{"count":0,"href":"https:\/\/www.ghostysky.com\/es\/wp-json\/wp\/v2\/product\/21782\/revisions"}],"wp:featuredmedia":[{"embeddable":true,"href":"https:\/\/www.ghostysky.com\/es\/wp-json\/wp\/v2\/media\/21789"}],"wp:attachment":[{"href":"https:\/\/www.ghostysky.com\/es\/wp-json\/wp\/v2\/media?parent=21782"}],"wp:term":[{"taxonomy":"product_brand","embeddable":true,"href":"https:\/\/www.ghostysky.com\/es\/wp-json\/wp\/v2\/product_brand?post=21782"},{"taxonomy":"product_cat","embeddable":true,"href":"https:\/\/www.ghostysky.com\/es\/wp-json\/wp\/v2\/product_cat?post=21782"},{"taxonomy":"product_tag","embeddable":true,"href":"https:\/\/www.ghostysky.com\/es\/wp-json\/wp\/v2\/product_tag?post=21782"}],"curies":[{"name":"wp","href":"https:\/\/api.w.org\/{rel}","templated":true}]}}