{"id":21790,"date":"2025-10-17T16:20:29","date_gmt":"2025-10-17T16:20:29","guid":{"rendered":"https:\/\/www.ghostysky.com\/?post_type=product&#038;p=21790"},"modified":"2025-10-17T16:23:29","modified_gmt":"2025-10-17T16:23:29","slug":"dji-maintenance-program-standard-service-dji-matrice-4e-eu","status":"publish","type":"product","link":"https:\/\/www.ghostysky.com\/es\/product\/dji-maintenance-program-standard-service-dji-matrice-4e-eu\/","title":{"rendered":"Servicio est\u00e1ndar del programa de mantenimiento DJI (DJI Matrice 4E) UE"},"content":{"rendered":"<div id=\"model-response-message-contentr_8ca688bebcf3e727\" class=\"markdown markdown-main-panel stronger enable-updated-hr-color\" dir=\"ltr\">\n<h3>Servicios clave incluidos<\/h3>\n<ul>\n<li><b><span class=\"citation-1282\">Limpieza profunda:<\/span><\/b><span class=\"citation-1282 citation-end-1282\"> Una limpieza profunda de la aeronave para eliminar polvo, residuos y part\u00edculas extra\u00f1as, lo que ayuda a mantener un flujo de aire adecuado y protege los componentes internos sensibles del desgaste ambiental.<\/span><\/li>\n<li><b><span class=\"citation-1281\">Inspecci\u00f3n de piezas:<\/span><\/b><span class=\"citation-1281 citation-end-1281\"> Una verificaci\u00f3n detallada de todos los componentes del dron, incluidos motores, h\u00e9lices, card\u00e1n, sensores e integridad estructural, para identificar posibles problemas antes de que provoquen fallas.<\/span><\/li>\n<li><b><span class=\"citation-1280\">Actualizaci\u00f3n y calibraci\u00f3n:<\/span><\/b><span class=\"citation-1280\"> Se aplican todas las actualizaciones de firmware necesarias, seguidas de calibraciones cr\u00edticas del sistema para el <\/span><b><span class=\"citation-1280\">IMU, br\u00fajula, card\u00e1n y bar\u00f3metro<\/span><\/b><span class=\"citation-1280 citation-end-1280\">, garantizando que la aeronave opere con la m\u00e1xima estabilidad y precisi\u00f3n.<\/span><\/li>\n<li><b>Reemplazo de piezas que se desgastan f\u00e1cilmente:<\/b><span class=\"citation-1279\"> \u00c9ste es el valor a\u00f1adido clave del <\/span><b><span class=\"citation-1279\">Servicio est\u00e1ndar<\/span><\/b><span class=\"citation-1279 citation-end-1279\"> sobre el B\u00e1sico.<\/span> Incluye la sustituci\u00f3n autom\u00e1tica de piezas que normalmente se desgastan durante el uso regular, como:\n<ul>\n<li><span class=\"citation-1278 citation-end-1278\">H\u00e9lices<\/span><\/li>\n<li>Amortiguadores de card\u00e1n<\/li>\n<li>Tornillos y fijaciones estructurales<\/li>\n<li><span class=\"citation-1277 citation-end-1277\">Plataformas\/patines de aterrizaje<\/span><\/li>\n<\/ul>\n<\/li>\n<\/ul>\n<p>&nbsp;<\/p>\n<h3>Beneficios para las operaciones de su empresa:<\/h3>\n<ul>\n<li><b>Maximizar el tiempo de actividad:<\/b> El mantenimiento proactivo reduce el riesgo de fallas en el campo y tiempos de inactividad costosos, lo que garantiza que su Matrice 4E est\u00e9 listo para misiones cr\u00edticas.<\/li>\n<li><b>Garantizar la seguridad y el rendimiento:<\/b><span class=\"citation-1276 citation-end-1276\"> Al reemplazar piezas desgastadas y realizar una calibraci\u00f3n experta, el servicio restaura las caracter\u00edsticas de vuelo estable y el rendimiento operativo del dron.<\/span><\/li>\n<li><b><span class=\"citation-1275\">Log\u00edstica sin complicaciones:<\/span><\/b><span class=\"citation-1275\"> El plan incluye <\/span><b><span class=\"citation-1275\">env\u00edo bidireccional gratuito<\/span><\/b><span class=\"citation-1275 citation-end-1275\"> dentro de la regi\u00f3n compatible (UE), lo que simplifica el proceso de env\u00edo de su dron al centro de servicio DJI designado.<\/span><\/li>\n<li><b><span class=\"citation-1274\">Documentaci\u00f3n profesional:<\/span><\/b><span class=\"citation-1274\"> Recibir\u00e1s un <\/span><b><span class=\"citation-1274\">informe de mantenimiento detallado y oficial<\/span><\/b><span class=\"citation-1274 citation-end-1274\"> describiendo el estado del sistema, las acciones de servicio realizadas y las piezas reemplazadas, esencial para el mantenimiento de registros y el cumplimiento normativo.<\/span><\/li>\n<li><b>Garant\u00eda de expertos:<\/b><span class=\"citation-1273 citation-end-1273\"> El mantenimiento lo realizan t\u00e9cnicos profesionales de DJI utilizando piezas originales DJI y herramientas especializadas, garantizando un servicio de la m\u00e1s alta calidad.<\/span>\n<div class=\"source-inline-chip-container ng-star-inserted\"><\/div>\n<\/li>\n<\/ul>\n<p><span class=\"citation-1272 citation-end-1272\">El c\u00f3digo de activaci\u00f3n del programa normalmente es v\u00e1lido durante 24 meses a partir de la fecha de venta, lo que le permite programar el servicio de mantenimiento cuando mejor se adapte a su ciclo operativo.<\/span><\/p>\n<\/div>","protected":false},"excerpt":{"rendered":"<p><span class=\"citation-1283\">El <\/span><b><span class=\"citation-1283\">Servicio est\u00e1ndar del programa de mantenimiento de DJI<\/span><\/b><span class=\"citation-1283\"> Para el <\/span><b><span class=\"citation-1283\">DJI Matrice 4E (UE)<\/span><\/b><span class=\"citation-1283 citation-end-1283\"> es un plan de servicio esencial dise\u00f1ado para garantizar que su dron empresarial permanezca en \u00f3ptimas condiciones operativas, maximizando la seguridad, confiabilidad y eficiencia del vuelo.<\/span><\/p>\n<p>Este servicio de mantenimiento \u00fanico, canjeable dentro de la Uni\u00f3n Europea, incluye un conjunto completo de procedimientos realizados directamente por expertos de DJI.<\/p>","protected":false},"featured_media":21791,"comment_status":"open","ping_status":"closed","template":"","meta":[],"product_brand":[1031],"product_cat":[37,1119,29,1117],"product_tag":[42,1123,1120],"class_list":{"0":"post-21790","1":"product","2":"type-product","3":"status-publish","4":"has-post-thumbnail","6":"product_brand-dji","7":"product_cat-dji","8":"product_cat-dji-matrice-4-accessories","9":"product_cat-drones","10":"product_cat-matrice-4","11":"product_tag-dji","12":"product_tag-dji-matrice-4-accessories","13":"product_tag-dji-matrice-4-series","15":"first","16":"instock","17":"taxable","18":"shipping-taxable","19":"purchasable","20":"product-type-simple"},"yoast_head":"<!-- This site is optimized with the Yoast SEO plugin v27.4 - https:\/\/yoast.com\/product\/yoast-seo-wordpress\/ -->\n<title>DJI Maintenance Program Standard Service (DJI Matrice 4E) EU - Ghostysky<\/title>\n<meta name=\"description\" content=\"The DJI Maintenance Program Standard Service for the DJI Matrice 4E (EU) is an essential service plan designed to ensure your enterprise drone remains in peak operational condition, maximizing flight safety, reliability, and efficiency.This one-time maintenance service, redeemable within the European Union, includes a comprehensive set of procedures performed directly by DJI experts\" \/>\n<meta name=\"robots\" content=\"index, follow, max-snippet:-1, max-image-preview:large, max-video-preview:-1\" \/>\n<link rel=\"canonical\" href=\"https:\/\/www.ghostysky.com\/es\/producto-2\/dji-maintenance-program-standard-service-dji-matrice-4e-eu\/\" \/>\n<meta property=\"og:locale\" content=\"es_ES\" \/>\n<meta property=\"og:type\" content=\"article\" \/>\n<meta property=\"og:title\" content=\"DJI Maintenance Program Standard Service (DJI Matrice 4E) EU - Ghostysky\" \/>\n<meta property=\"og:description\" content=\"The DJI Maintenance Program Standard Service for the DJI Matrice 4E (EU) is an essential service plan designed to ensure your enterprise drone remains in peak operational condition, maximizing flight safety, reliability, and efficiency.This one-time maintenance service, redeemable within the European Union, includes a comprehensive set of procedures performed directly by DJI experts\" \/>\n<meta property=\"og:url\" content=\"https:\/\/www.ghostysky.com\/es\/producto-2\/dji-maintenance-program-standard-service-dji-matrice-4e-eu\/\" \/>\n<meta property=\"og:site_name\" content=\"Ghostysky\" \/>\n<meta property=\"article:publisher\" content=\"https:\/\/www.facebook.com\/people\/Ghostysky\/100057676170234\/\" \/>\n<meta property=\"article:modified_time\" content=\"2025-10-17T16:23:29+00:00\" \/>\n<meta property=\"og:image\" content=\"https:\/\/www.ghostysky.com\/wp-content\/uploads\/2025\/10\/GH_DJI-Maintenance-Program-Standard-Service-DJI-Matrice-4E-EU_3.jpg\" \/>\n\t<meta property=\"og:image:width\" content=\"800\" \/>\n\t<meta property=\"og:image:height\" content=\"800\" \/>\n\t<meta property=\"og:image:type\" content=\"image\/jpeg\" \/>\n<meta name=\"twitter:card\" content=\"summary_large_image\" \/>\n<meta name=\"twitter:site\" content=\"@Gh0stysky\" \/>\n<meta name=\"twitter:label1\" content=\"Tiempo de lectura\" \/>\n\t<meta name=\"twitter:data1\" content=\"2 minutos\" \/>\n<script type=\"application\/ld+json\" class=\"yoast-schema-graph\">{\"@context\":\"https:\\\/\\\/schema.org\",\"@graph\":[{\"@type\":\"WebPage\",\"@id\":\"https:\\\/\\\/www.ghostysky.com\\\/product\\\/dji-maintenance-program-standard-service-dji-matrice-4e-eu\\\/\",\"url\":\"https:\\\/\\\/www.ghostysky.com\\\/product\\\/dji-maintenance-program-standard-service-dji-matrice-4e-eu\\\/\",\"name\":\"DJI Maintenance Program Standard Service (DJI Matrice 4E) EU - Ghostysky\",\"isPartOf\":{\"@id\":\"https:\\\/\\\/www.ghostysky.com\\\/#website\"},\"primaryImageOfPage\":{\"@id\":\"https:\\\/\\\/www.ghostysky.com\\\/product\\\/dji-maintenance-program-standard-service-dji-matrice-4e-eu\\\/#primaryimage\"},\"image\":{\"@id\":\"https:\\\/\\\/www.ghostysky.com\\\/product\\\/dji-maintenance-program-standard-service-dji-matrice-4e-eu\\\/#primaryimage\"},\"thumbnailUrl\":\"https:\\\/\\\/www.ghostysky.com\\\/wp-content\\\/uploads\\\/2025\\\/10\\\/GH_DJI-Maintenance-Program-Standard-Service-DJI-Matrice-4E-EU_3.jpg\",\"datePublished\":\"2025-10-17T16:20:29+00:00\",\"dateModified\":\"2025-10-17T16:23:29+00:00\",\"description\":\"The DJI Maintenance Program Standard Service for the DJI Matrice 4E (EU) is an essential service plan designed to ensure your enterprise drone remains in peak operational condition, maximizing flight safety, reliability, and efficiency.This one-time maintenance service, redeemable within the European Union, includes a comprehensive set of procedures performed directly by DJI experts\",\"breadcrumb\":{\"@id\":\"https:\\\/\\\/www.ghostysky.com\\\/product\\\/dji-maintenance-program-standard-service-dji-matrice-4e-eu\\\/#breadcrumb\"},\"inLanguage\":\"es\",\"potentialAction\":[{\"@type\":\"ReadAction\",\"target\":[\"https:\\\/\\\/www.ghostysky.com\\\/product\\\/dji-maintenance-program-standard-service-dji-matrice-4e-eu\\\/\"]}]},{\"@type\":\"ImageObject\",\"inLanguage\":\"es\",\"@id\":\"https:\\\/\\\/www.ghostysky.com\\\/product\\\/dji-maintenance-program-standard-service-dji-matrice-4e-eu\\\/#primaryimage\",\"url\":\"https:\\\/\\\/www.ghostysky.com\\\/wp-content\\\/uploads\\\/2025\\\/10\\\/GH_DJI-Maintenance-Program-Standard-Service-DJI-Matrice-4E-EU_3.jpg\",\"contentUrl\":\"https:\\\/\\\/www.ghostysky.com\\\/wp-content\\\/uploads\\\/2025\\\/10\\\/GH_DJI-Maintenance-Program-Standard-Service-DJI-Matrice-4E-EU_3.jpg\",\"width\":800,\"height\":800},{\"@type\":\"BreadcrumbList\",\"@id\":\"https:\\\/\\\/www.ghostysky.com\\\/product\\\/dji-maintenance-program-standard-service-dji-matrice-4e-eu\\\/#breadcrumb\",\"itemListElement\":[{\"@type\":\"ListItem\",\"position\":1,\"name\":\"Home\",\"item\":\"https:\\\/\\\/www.ghostysky.com\\\/\"},{\"@type\":\"ListItem\",\"position\":2,\"name\":\"Shop\",\"item\":\"https:\\\/\\\/www.ghostysky.com\\\/shop\\\/\"},{\"@type\":\"ListItem\",\"position\":3,\"name\":\"DJI Maintenance Program Standard Service (DJI Matrice 4E) EU\"}]},{\"@type\":\"WebSite\",\"@id\":\"https:\\\/\\\/www.ghostysky.com\\\/#website\",\"url\":\"https:\\\/\\\/www.ghostysky.com\\\/\",\"name\":\"Ghostysky\",\"description\":\"Delivering professional drones and services\",\"publisher\":{\"@id\":\"https:\\\/\\\/www.ghostysky.com\\\/#organization\"},\"potentialAction\":[{\"@type\":\"SearchAction\",\"target\":{\"@type\":\"EntryPoint\",\"urlTemplate\":\"https:\\\/\\\/www.ghostysky.com\\\/?s={search_term_string}\"},\"query-input\":{\"@type\":\"PropertyValueSpecification\",\"valueRequired\":true,\"valueName\":\"search_term_string\"}}],\"inLanguage\":\"es\"},{\"@type\":\"Organization\",\"@id\":\"https:\\\/\\\/www.ghostysky.com\\\/#organization\",\"name\":\"Ghostysky\",\"url\":\"https:\\\/\\\/www.ghostysky.com\\\/\",\"logo\":{\"@type\":\"ImageObject\",\"inLanguage\":\"es\",\"@id\":\"https:\\\/\\\/www.ghostysky.com\\\/#\\\/schema\\\/logo\\\/image\\\/\",\"url\":\"https:\\\/\\\/www.ghostysky.com\\\/wp-content\\\/uploads\\\/2020\\\/06\\\/cropped-ghostyskylogo_text_white2.png\",\"contentUrl\":\"https:\\\/\\\/www.ghostysky.com\\\/wp-content\\\/uploads\\\/2020\\\/06\\\/cropped-ghostyskylogo_text_white2.png\",\"width\":169,\"height\":56,\"caption\":\"Ghostysky\"},\"image\":{\"@id\":\"https:\\\/\\\/www.ghostysky.com\\\/#\\\/schema\\\/logo\\\/image\\\/\"},\"sameAs\":[\"https:\\\/\\\/www.facebook.com\\\/people\\\/Ghostysky\\\/100057676170234\\\/\",\"https:\\\/\\\/x.com\\\/Gh0stysky\",\"https:\\\/\\\/www.linkedin.com\\\/company\\\/34739653\",\"https:\\\/\\\/www.instagram.com\\\/gh0stysky\"]}]}<\/script>\n<!-- \/ Yoast SEO plugin. -->","yoast_head_json":{"title":"Servicio est\u00e1ndar del programa de mantenimiento DJI (DJI Matrice 4E) UE - Ghostysky","description":"El servicio est\u00e1ndar del programa de mantenimiento de DJI para el DJI Matrice 4E (UE) es un plan de servicio esencial dise\u00f1ado para garantizar que su dron empresarial se mantenga en \u00f3ptimas condiciones operativas, maximizando la seguridad, la confiabilidad y la eficiencia del vuelo. Este servicio de mantenimiento \u00fanico, canjeable dentro de la Uni\u00f3n Europea, incluye un conjunto integral de procedimientos realizados directamente por expertos de DJI.","robots":{"index":"index","follow":"follow","max-snippet":"max-snippet:-1","max-image-preview":"max-image-preview:large","max-video-preview":"max-video-preview:-1"},"canonical":"https:\/\/www.ghostysky.com\/es\/producto-2\/dji-maintenance-program-standard-service-dji-matrice-4e-eu\/","og_locale":"es_ES","og_type":"article","og_title":"DJI Maintenance Program Standard Service (DJI Matrice 4E) EU - Ghostysky","og_description":"The DJI Maintenance Program Standard Service for the DJI Matrice 4E (EU) is an essential service plan designed to ensure your enterprise drone remains in peak operational condition, maximizing flight safety, reliability, and efficiency.This one-time maintenance service, redeemable within the European Union, includes a comprehensive set of procedures performed directly by DJI experts","og_url":"https:\/\/www.ghostysky.com\/es\/producto-2\/dji-maintenance-program-standard-service-dji-matrice-4e-eu\/","og_site_name":"Ghostysky","article_publisher":"https:\/\/www.facebook.com\/people\/Ghostysky\/100057676170234\/","article_modified_time":"2025-10-17T16:23:29+00:00","og_image":[{"width":800,"height":800,"url":"https:\/\/www.ghostysky.com\/wp-content\/uploads\/2025\/10\/GH_DJI-Maintenance-Program-Standard-Service-DJI-Matrice-4E-EU_3.jpg","type":"image\/jpeg"}],"twitter_card":"summary_large_image","twitter_site":"@Gh0stysky","twitter_misc":{"Tiempo de lectura":"2 minutos"},"schema":{"@context":"https:\/\/schema.org","@graph":[{"@type":"WebPage","@id":"https:\/\/www.ghostysky.com\/product\/dji-maintenance-program-standard-service-dji-matrice-4e-eu\/","url":"https:\/\/www.ghostysky.com\/product\/dji-maintenance-program-standard-service-dji-matrice-4e-eu\/","name":"Servicio est\u00e1ndar del programa de mantenimiento DJI (DJI Matrice 4E) UE - Ghostysky","isPartOf":{"@id":"https:\/\/www.ghostysky.com\/#website"},"primaryImageOfPage":{"@id":"https:\/\/www.ghostysky.com\/product\/dji-maintenance-program-standard-service-dji-matrice-4e-eu\/#primaryimage"},"image":{"@id":"https:\/\/www.ghostysky.com\/product\/dji-maintenance-program-standard-service-dji-matrice-4e-eu\/#primaryimage"},"thumbnailUrl":"https:\/\/www.ghostysky.com\/wp-content\/uploads\/2025\/10\/GH_DJI-Maintenance-Program-Standard-Service-DJI-Matrice-4E-EU_3.jpg","datePublished":"2025-10-17T16:20:29+00:00","dateModified":"2025-10-17T16:23:29+00:00","description":"El servicio est\u00e1ndar del programa de mantenimiento de DJI para el DJI Matrice 4E (UE) es un plan de servicio esencial dise\u00f1ado para garantizar que su dron empresarial se mantenga en \u00f3ptimas condiciones operativas, maximizando la seguridad, la confiabilidad y la eficiencia del vuelo. Este servicio de mantenimiento \u00fanico, canjeable dentro de la Uni\u00f3n Europea, incluye un conjunto integral de procedimientos realizados directamente por expertos de DJI.","breadcrumb":{"@id":"https:\/\/www.ghostysky.com\/product\/dji-maintenance-program-standard-service-dji-matrice-4e-eu\/#breadcrumb"},"inLanguage":"es","potentialAction":[{"@type":"ReadAction","target":["https:\/\/www.ghostysky.com\/product\/dji-maintenance-program-standard-service-dji-matrice-4e-eu\/"]}]},{"@type":"ImageObject","inLanguage":"es","@id":"https:\/\/www.ghostysky.com\/product\/dji-maintenance-program-standard-service-dji-matrice-4e-eu\/#primaryimage","url":"https:\/\/www.ghostysky.com\/wp-content\/uploads\/2025\/10\/GH_DJI-Maintenance-Program-Standard-Service-DJI-Matrice-4E-EU_3.jpg","contentUrl":"https:\/\/www.ghostysky.com\/wp-content\/uploads\/2025\/10\/GH_DJI-Maintenance-Program-Standard-Service-DJI-Matrice-4E-EU_3.jpg","width":800,"height":800},{"@type":"BreadcrumbList","@id":"https:\/\/www.ghostysky.com\/product\/dji-maintenance-program-standard-service-dji-matrice-4e-eu\/#breadcrumb","itemListElement":[{"@type":"ListItem","position":1,"name":"Home","item":"https:\/\/www.ghostysky.com\/"},{"@type":"ListItem","position":2,"name":"Shop","item":"https:\/\/www.ghostysky.com\/shop\/"},{"@type":"ListItem","position":3,"name":"DJI Maintenance Program Standard Service (DJI Matrice 4E) EU"}]},{"@type":"WebSite","@id":"https:\/\/www.ghostysky.com\/#website","url":"https:\/\/www.ghostysky.com\/","name":"Ghostysky","description":"Entrega de drones y servicios profesionales","publisher":{"@id":"https:\/\/www.ghostysky.com\/#organization"},"potentialAction":[{"@type":"SearchAction","target":{"@type":"EntryPoint","urlTemplate":"https:\/\/www.ghostysky.com\/?s={search_term_string}"},"query-input":{"@type":"PropertyValueSpecification","valueRequired":true,"valueName":"search_term_string"}}],"inLanguage":"es"},{"@type":"Organization","@id":"https:\/\/www.ghostysky.com\/#organization","name":"Ghostysky","url":"https:\/\/www.ghostysky.com\/","logo":{"@type":"ImageObject","inLanguage":"es","@id":"https:\/\/www.ghostysky.com\/#\/schema\/logo\/image\/","url":"https:\/\/www.ghostysky.com\/wp-content\/uploads\/2020\/06\/cropped-ghostyskylogo_text_white2.png","contentUrl":"https:\/\/www.ghostysky.com\/wp-content\/uploads\/2020\/06\/cropped-ghostyskylogo_text_white2.png","width":169,"height":56,"caption":"Ghostysky"},"image":{"@id":"https:\/\/www.ghostysky.com\/#\/schema\/logo\/image\/"},"sameAs":["https:\/\/www.facebook.com\/people\/Ghostysky\/100057676170234\/","https:\/\/x.com\/Gh0stysky","https:\/\/www.linkedin.com\/company\/34739653","https:\/\/www.instagram.com\/gh0stysky"]}]}},"_links":{"self":[{"href":"https:\/\/www.ghostysky.com\/es\/wp-json\/wp\/v2\/product\/21790","targetHints":{"allow":["GET"]}}],"collection":[{"href":"https:\/\/www.ghostysky.com\/es\/wp-json\/wp\/v2\/product"}],"about":[{"href":"https:\/\/www.ghostysky.com\/es\/wp-json\/wp\/v2\/types\/product"}],"replies":[{"embeddable":true,"href":"https:\/\/www.ghostysky.com\/es\/wp-json\/wp\/v2\/comments?post=21790"}],"version-history":[{"count":0,"href":"https:\/\/www.ghostysky.com\/es\/wp-json\/wp\/v2\/product\/21790\/revisions"}],"wp:featuredmedia":[{"embeddable":true,"href":"https:\/\/www.ghostysky.com\/es\/wp-json\/wp\/v2\/media\/21791"}],"wp:attachment":[{"href":"https:\/\/www.ghostysky.com\/es\/wp-json\/wp\/v2\/media?parent=21790"}],"wp:term":[{"taxonomy":"product_brand","embeddable":true,"href":"https:\/\/www.ghostysky.com\/es\/wp-json\/wp\/v2\/product_brand?post=21790"},{"taxonomy":"product_cat","embeddable":true,"href":"https:\/\/www.ghostysky.com\/es\/wp-json\/wp\/v2\/product_cat?post=21790"},{"taxonomy":"product_tag","embeddable":true,"href":"https:\/\/www.ghostysky.com\/es\/wp-json\/wp\/v2\/product_tag?post=21790"}],"curies":[{"name":"wp","href":"https:\/\/api.w.org\/{rel}","templated":true}]}}