{"id":21792,"date":"2025-10-17T16:25:10","date_gmt":"2025-10-17T16:25:10","guid":{"rendered":"https:\/\/www.ghostysky.com\/?post_type=product&#038;p=21792"},"modified":"2025-10-17T16:27:12","modified_gmt":"2025-10-17T16:27:12","slug":"dji-maintenance-program-standard-service-dji-matrice-4t-eu","status":"publish","type":"product","link":"https:\/\/www.ghostysky.com\/es\/product\/dji-maintenance-program-standard-service-dji-matrice-4t-eu\/","title":{"rendered":"Servicio est\u00e1ndar del programa de mantenimiento DJI (DJI Matrice 4T) UE"},"content":{"rendered":"<div id=\"model-response-message-contentr_8ca688bebcf3e727\" class=\"markdown markdown-main-panel stronger enable-updated-hr-color\" dir=\"ltr\">\n<h3><b>Caracter\u00edsticas principales del servicio est\u00e1ndar<\/b><\/h3>\n<ul>\n<li><b><span class=\"citation-1303\">Limpieza profunda:<\/span><\/b><span class=\"citation-1303 citation-end-1303\"> Eliminaci\u00f3n completa de polvo, arena y residuos de los componentes internos y externos para garantizar un enfriamiento y funcionamiento adecuados, incluido el tratamiento protector para las piezas met\u00e1licas.<\/span><\/li>\n<li><b><span class=\"citation-1302\">Inspecci\u00f3n de piezas:<\/span><\/b><span class=\"citation-1302 citation-end-1302\"> Una verificaci\u00f3n funcional detallada y completa de los componentes cr\u00edticos, incluido el sistema de propulsi\u00f3n, el controlador de vuelo, el card\u00e1n, el sistema de transmisi\u00f3n, los sensores y la integridad estructural.<\/span><\/li>\n<li><b><span class=\"citation-1301\">Actualizaci\u00f3n y calibraci\u00f3n:<\/span><\/b><span class=\"citation-1301 citation-end-1301\"> Instalaci\u00f3n del \u00faltimo firmware oficial y calibraci\u00f3n precisa de sensores clave como la IMU, la br\u00fajula, el sistema de visi\u00f3n y el card\u00e1n para mantener la estabilidad del vuelo y la precisi\u00f3n de los datos.<\/span><\/li>\n<li><b><span class=\"citation-1300\">Reemplazo de piezas que se desgastan f\u00e1cilmente:<\/span><\/b><span class=\"citation-1300 citation-end-1300\"> Reemplazo proactivo de componentes que se desgastan f\u00e1cilmente (como h\u00e9lices o tornillos, piezas espec\u00edficas seg\u00fan la lista actual de DJI) para garantizar que la aeronave mantenga un excelente rendimiento de vuelo y reducir el riesgo de fallas inesperadas.<\/span><\/li>\n<li><b><span class=\"citation-1299\">Informe oficial de mantenimiento:<\/span><\/b><span class=\"citation-1299 citation-end-1299\"> Reciba un informe detallado y profesional una vez completado el servicio, que documente el estado de la aeronave, los resultados de la inspecci\u00f3n y todas las acciones de servicio realizadas para mejorar el mantenimiento de registros y la confiabilidad operativa.<\/span><\/li>\n<li><b>Garant\u00eda de calidad profesional:<\/b><span class=\"citation-1298 citation-end-1298\"> El mantenimiento es realizado por t\u00e9cnicos oficiales de DJI utilizando accesorios originales, herramientas especializadas y software, garantizando los m\u00e1s altos est\u00e1ndares de calidad.<\/span>\n<div class=\"source-inline-chip-container ng-star-inserted\"><\/div>\n<\/li>\n<\/ul>\n<p><b>Beneficios:<\/b><\/p>\n<ul>\n<li><b>Tiempo m\u00e1ximo de actividad:<\/b> Reduce la probabilidad de tiempo de inactividad debido al desgaste de los componentes o problemas menores.<\/li>\n<li><b>Seguridad mejorada:<\/b><span class=\"citation-1297 citation-end-1297\"> Garantiza un rendimiento estable de la aeronave para misiones m\u00e1s seguras y confiables.<\/span><\/li>\n<li><b><span class=\"citation-1296\">Eficiencia incrementada:<\/span><\/b><span class=\"citation-1296 citation-end-1296\"> Mantiene su Matrice 4T funcionando con la m\u00e1xima eficiencia para completar tareas de forma continua.<\/span><\/li>\n<li><b>Tranquilidad de esp\u00edritu:<\/b> Confianza de saber que su activo empresarial de alto valor est\u00e1 mantenido por los expertos del fabricante.<\/li>\n<\/ul>\n<p><b>Log\u00edstica de servicios (UE):<\/b> <span class=\"citation-1295 citation-end-1295\">Al realizar la compra, normalmente recibir\u00e1s un c\u00f3digo para canjear el servicio a trav\u00e9s del sitio web de DJI, que a menudo incluye una etiqueta de env\u00edo prepaga para enviar tu dron a un centro de servicio europeo designado de DJI sin costo adicional.<\/span> El servicio generalmente incluye el dron, el control remoto correspondiente y una bater\u00eda de vuelo.<\/p>\n<div class=\"source-inline-chip-container ng-star-inserted\"><\/div>\n<p><b>Recomendado:<\/b> Por lo general, se recomienda realizar el servicio est\u00e1ndar peri\u00f3dicamente (por ejemplo, cada 200 horas de vuelo o por a\u00f1o desde la activaci\u00f3n, lo que ocurra primero) para mantener un excelente rendimiento de vuelo y extender la vida \u00fatil de su Matrice 4T.<\/p>\n<\/div>","protected":false},"excerpt":{"rendered":"<p>Asegure la longevidad y el rendimiento \u00f3ptimo de su DJI Matrice 4T de misi\u00f3n cr\u00edtica con el <b>Servicio est\u00e1ndar del programa de mantenimiento de DJI<\/b> Adaptado para la regi\u00f3n europea.<\/p>\n<p><span class=\"citation-1305 citation-end-1305\">Este servicio integral est\u00e1 dise\u00f1ado para mantener su aeronave en \u00f3ptimas condiciones, brind\u00e1ndole una experiencia de vuelo segura y confiable durante toda su vida operativa.<\/span> <span class=\"citation-1304 citation-end-1304\">El Servicio Est\u00e1ndar va m\u00e1s all\u00e1 de los controles b\u00e1sicos, a\u00f1adiendo el reemplazo proactivo de piezas com\u00fanmente desgastadas.<\/span><\/p>","protected":false},"featured_media":21791,"comment_status":"open","ping_status":"closed","template":"","meta":[],"product_brand":[1031],"product_cat":[37,1119,29,1117],"product_tag":[42,1123,1120],"class_list":{"0":"post-21792","1":"product","2":"type-product","3":"status-publish","4":"has-post-thumbnail","6":"product_brand-dji","7":"product_cat-dji","8":"product_cat-dji-matrice-4-accessories","9":"product_cat-drones","10":"product_cat-matrice-4","11":"product_tag-dji","12":"product_tag-dji-matrice-4-accessories","13":"product_tag-dji-matrice-4-series","15":"first","16":"instock","17":"taxable","18":"shipping-taxable","19":"purchasable","20":"product-type-simple"},"yoast_head":"<!-- This site is optimized with the Yoast SEO plugin v27.1.1 - https:\/\/yoast.com\/product\/yoast-seo-wordpress\/ -->\n<title>DJI Maintenance Program Standard Service (DJI Matrice 4T) EU - Ghostysky<\/title>\n<meta name=\"description\" content=\"Ensure the longevity and optimal performance of your mission-critical DJI Matrice 4T with the DJI Maintenance Program Standard Service tailored for the European region.This comprehensive service is designed to keep your aircraft in peak condition, providing a safe and reliable flight experience throughout its operational life. The Standard Service goes beyond basic check-ups, adding proactive replacement of commonly worn parts.\" \/>\n<meta name=\"robots\" content=\"index, follow, max-snippet:-1, max-image-preview:large, max-video-preview:-1\" \/>\n<link rel=\"canonical\" href=\"https:\/\/www.ghostysky.com\/es\/producto-2\/dji-maintenance-program-standard-service-dji-matrice-4t-eu\/\" \/>\n<meta property=\"og:locale\" content=\"es_ES\" \/>\n<meta property=\"og:type\" content=\"article\" \/>\n<meta property=\"og:title\" content=\"DJI Maintenance Program Standard Service (DJI Matrice 4T) EU - Ghostysky\" \/>\n<meta property=\"og:description\" content=\"Ensure the longevity and optimal performance of your mission-critical DJI Matrice 4T with the DJI Maintenance Program Standard Service tailored for the European region.This comprehensive service is designed to keep your aircraft in peak condition, providing a safe and reliable flight experience throughout its operational life. The Standard Service goes beyond basic check-ups, adding proactive replacement of commonly worn parts.\" \/>\n<meta property=\"og:url\" content=\"https:\/\/www.ghostysky.com\/es\/producto-2\/dji-maintenance-program-standard-service-dji-matrice-4t-eu\/\" \/>\n<meta property=\"og:site_name\" content=\"Ghostysky\" \/>\n<meta property=\"article:publisher\" content=\"https:\/\/www.facebook.com\/people\/Ghostysky\/100057676170234\/\" \/>\n<meta property=\"article:modified_time\" content=\"2025-10-17T16:27:12+00:00\" \/>\n<meta property=\"og:image\" content=\"https:\/\/www.ghostysky.com\/wp-content\/uploads\/2025\/10\/GH_DJI-Maintenance-Program-Standard-Service-DJI-Matrice-4E-EU_3.jpg\" \/>\n\t<meta property=\"og:image:width\" content=\"800\" \/>\n\t<meta property=\"og:image:height\" content=\"800\" \/>\n\t<meta property=\"og:image:type\" content=\"image\/jpeg\" \/>\n<meta name=\"twitter:card\" content=\"summary_large_image\" \/>\n<meta name=\"twitter:site\" content=\"@Gh0stysky\" \/>\n<meta name=\"twitter:label1\" content=\"Tiempo de lectura\" \/>\n\t<meta name=\"twitter:data1\" content=\"2 minutos\" \/>\n<script type=\"application\/ld+json\" class=\"yoast-schema-graph\">{\"@context\":\"https:\/\/schema.org\",\"@graph\":[{\"@type\":\"WebPage\",\"@id\":\"https:\/\/www.ghostysky.com\/product\/dji-maintenance-program-standard-service-dji-matrice-4t-eu\/\",\"url\":\"https:\/\/www.ghostysky.com\/product\/dji-maintenance-program-standard-service-dji-matrice-4t-eu\/\",\"name\":\"DJI Maintenance Program Standard Service (DJI Matrice 4T) EU - Ghostysky\",\"isPartOf\":{\"@id\":\"https:\/\/www.ghostysky.com\/#website\"},\"primaryImageOfPage\":{\"@id\":\"https:\/\/www.ghostysky.com\/product\/dji-maintenance-program-standard-service-dji-matrice-4t-eu\/#primaryimage\"},\"image\":{\"@id\":\"https:\/\/www.ghostysky.com\/product\/dji-maintenance-program-standard-service-dji-matrice-4t-eu\/#primaryimage\"},\"thumbnailUrl\":\"https:\/\/www.ghostysky.com\/wp-content\/uploads\/2025\/10\/GH_DJI-Maintenance-Program-Standard-Service-DJI-Matrice-4E-EU_3.jpg\",\"datePublished\":\"2025-10-17T16:25:10+00:00\",\"dateModified\":\"2025-10-17T16:27:12+00:00\",\"description\":\"Ensure the longevity and optimal performance of your mission-critical DJI Matrice 4T with the DJI Maintenance Program Standard Service tailored for the European region.This comprehensive service is designed to keep your aircraft in peak condition, providing a safe and reliable flight experience throughout its operational life. The Standard Service goes beyond basic check-ups, adding proactive replacement of commonly worn parts.\",\"breadcrumb\":{\"@id\":\"https:\/\/www.ghostysky.com\/product\/dji-maintenance-program-standard-service-dji-matrice-4t-eu\/#breadcrumb\"},\"inLanguage\":\"es\",\"potentialAction\":[{\"@type\":\"ReadAction\",\"target\":[\"https:\/\/www.ghostysky.com\/product\/dji-maintenance-program-standard-service-dji-matrice-4t-eu\/\"]}]},{\"@type\":\"ImageObject\",\"inLanguage\":\"es\",\"@id\":\"https:\/\/www.ghostysky.com\/product\/dji-maintenance-program-standard-service-dji-matrice-4t-eu\/#primaryimage\",\"url\":\"https:\/\/www.ghostysky.com\/wp-content\/uploads\/2025\/10\/GH_DJI-Maintenance-Program-Standard-Service-DJI-Matrice-4E-EU_3.jpg\",\"contentUrl\":\"https:\/\/www.ghostysky.com\/wp-content\/uploads\/2025\/10\/GH_DJI-Maintenance-Program-Standard-Service-DJI-Matrice-4E-EU_3.jpg\",\"width\":800,\"height\":800},{\"@type\":\"BreadcrumbList\",\"@id\":\"https:\/\/www.ghostysky.com\/product\/dji-maintenance-program-standard-service-dji-matrice-4t-eu\/#breadcrumb\",\"itemListElement\":[{\"@type\":\"ListItem\",\"position\":1,\"name\":\"Home\",\"item\":\"https:\/\/www.ghostysky.com\/\"},{\"@type\":\"ListItem\",\"position\":2,\"name\":\"Shop\",\"item\":\"https:\/\/www.ghostysky.com\/shop\/\"},{\"@type\":\"ListItem\",\"position\":3,\"name\":\"DJI Maintenance Program Standard Service (DJI Matrice 4T) EU\"}]},{\"@type\":\"WebSite\",\"@id\":\"https:\/\/www.ghostysky.com\/#website\",\"url\":\"https:\/\/www.ghostysky.com\/\",\"name\":\"Ghostysky\",\"description\":\"Delivering professional drones and services\",\"publisher\":{\"@id\":\"https:\/\/www.ghostysky.com\/#organization\"},\"potentialAction\":[{\"@type\":\"SearchAction\",\"target\":{\"@type\":\"EntryPoint\",\"urlTemplate\":\"https:\/\/www.ghostysky.com\/?s={search_term_string}\"},\"query-input\":{\"@type\":\"PropertyValueSpecification\",\"valueRequired\":true,\"valueName\":\"search_term_string\"}}],\"inLanguage\":\"es\"},{\"@type\":\"Organization\",\"@id\":\"https:\/\/www.ghostysky.com\/#organization\",\"name\":\"Ghostysky\",\"url\":\"https:\/\/www.ghostysky.com\/\",\"logo\":{\"@type\":\"ImageObject\",\"inLanguage\":\"es\",\"@id\":\"https:\/\/www.ghostysky.com\/#\/schema\/logo\/image\/\",\"url\":\"https:\/\/www.ghostysky.com\/wp-content\/uploads\/2020\/06\/cropped-ghostyskylogo_text_white2.png\",\"contentUrl\":\"https:\/\/www.ghostysky.com\/wp-content\/uploads\/2020\/06\/cropped-ghostyskylogo_text_white2.png\",\"width\":169,\"height\":56,\"caption\":\"Ghostysky\"},\"image\":{\"@id\":\"https:\/\/www.ghostysky.com\/#\/schema\/logo\/image\/\"},\"sameAs\":[\"https:\/\/www.facebook.com\/people\/Ghostysky\/100057676170234\/\",\"https:\/\/x.com\/Gh0stysky\",\"https:\/\/www.linkedin.com\/company\/34739653\",\"https:\/\/www.instagram.com\/gh0stysky\"]}]}<\/script>\n<!-- \/ Yoast SEO plugin. -->","yoast_head_json":{"title":"Servicio est\u00e1ndar del programa de mantenimiento DJI (DJI Matrice 4T) UE - Ghostysky","description":"Asegure la longevidad y el rendimiento \u00f3ptimo de su DJI Matrice 4T, un dispositivo esencial para su misi\u00f3n, con el Servicio Est\u00e1ndar del Programa de Mantenimiento DJI, dise\u00f1ado espec\u00edficamente para la regi\u00f3n europea. Este servicio integral est\u00e1 dise\u00f1ado para mantener su aeronave en \u00f3ptimas condiciones, brind\u00e1ndole una experiencia de vuelo segura y confiable durante toda su vida \u00fatil. El Servicio Est\u00e1ndar va m\u00e1s all\u00e1 de las revisiones b\u00e1sicas, incluyendo la sustituci\u00f3n proactiva de piezas de desgaste frecuente.","robots":{"index":"index","follow":"follow","max-snippet":"max-snippet:-1","max-image-preview":"max-image-preview:large","max-video-preview":"max-video-preview:-1"},"canonical":"https:\/\/www.ghostysky.com\/es\/producto-2\/dji-maintenance-program-standard-service-dji-matrice-4t-eu\/","og_locale":"es_ES","og_type":"article","og_title":"DJI Maintenance Program Standard Service (DJI Matrice 4T) EU - Ghostysky","og_description":"Ensure the longevity and optimal performance of your mission-critical DJI Matrice 4T with the DJI Maintenance Program Standard Service tailored for the European region.This comprehensive service is designed to keep your aircraft in peak condition, providing a safe and reliable flight experience throughout its operational life. The Standard Service goes beyond basic check-ups, adding proactive replacement of commonly worn parts.","og_url":"https:\/\/www.ghostysky.com\/es\/producto-2\/dji-maintenance-program-standard-service-dji-matrice-4t-eu\/","og_site_name":"Ghostysky","article_publisher":"https:\/\/www.facebook.com\/people\/Ghostysky\/100057676170234\/","article_modified_time":"2025-10-17T16:27:12+00:00","og_image":[{"width":800,"height":800,"url":"https:\/\/www.ghostysky.com\/wp-content\/uploads\/2025\/10\/GH_DJI-Maintenance-Program-Standard-Service-DJI-Matrice-4E-EU_3.jpg","type":"image\/jpeg"}],"twitter_card":"summary_large_image","twitter_site":"@Gh0stysky","twitter_misc":{"Tiempo de lectura":"2 minutos"},"schema":{"@context":"https:\/\/schema.org","@graph":[{"@type":"WebPage","@id":"https:\/\/www.ghostysky.com\/product\/dji-maintenance-program-standard-service-dji-matrice-4t-eu\/","url":"https:\/\/www.ghostysky.com\/product\/dji-maintenance-program-standard-service-dji-matrice-4t-eu\/","name":"Servicio est\u00e1ndar del programa de mantenimiento DJI (DJI Matrice 4T) UE - Ghostysky","isPartOf":{"@id":"https:\/\/www.ghostysky.com\/#website"},"primaryImageOfPage":{"@id":"https:\/\/www.ghostysky.com\/product\/dji-maintenance-program-standard-service-dji-matrice-4t-eu\/#primaryimage"},"image":{"@id":"https:\/\/www.ghostysky.com\/product\/dji-maintenance-program-standard-service-dji-matrice-4t-eu\/#primaryimage"},"thumbnailUrl":"https:\/\/www.ghostysky.com\/wp-content\/uploads\/2025\/10\/GH_DJI-Maintenance-Program-Standard-Service-DJI-Matrice-4E-EU_3.jpg","datePublished":"2025-10-17T16:25:10+00:00","dateModified":"2025-10-17T16:27:12+00:00","description":"Asegure la longevidad y el rendimiento \u00f3ptimo de su DJI Matrice 4T, un dispositivo esencial para su misi\u00f3n, con el Servicio Est\u00e1ndar del Programa de Mantenimiento DJI, dise\u00f1ado espec\u00edficamente para la regi\u00f3n europea. Este servicio integral est\u00e1 dise\u00f1ado para mantener su aeronave en \u00f3ptimas condiciones, brind\u00e1ndole una experiencia de vuelo segura y confiable durante toda su vida \u00fatil. El Servicio Est\u00e1ndar va m\u00e1s all\u00e1 de las revisiones b\u00e1sicas, incluyendo la sustituci\u00f3n proactiva de piezas de desgaste frecuente.","breadcrumb":{"@id":"https:\/\/www.ghostysky.com\/product\/dji-maintenance-program-standard-service-dji-matrice-4t-eu\/#breadcrumb"},"inLanguage":"es","potentialAction":[{"@type":"ReadAction","target":["https:\/\/www.ghostysky.com\/product\/dji-maintenance-program-standard-service-dji-matrice-4t-eu\/"]}]},{"@type":"ImageObject","inLanguage":"es","@id":"https:\/\/www.ghostysky.com\/product\/dji-maintenance-program-standard-service-dji-matrice-4t-eu\/#primaryimage","url":"https:\/\/www.ghostysky.com\/wp-content\/uploads\/2025\/10\/GH_DJI-Maintenance-Program-Standard-Service-DJI-Matrice-4E-EU_3.jpg","contentUrl":"https:\/\/www.ghostysky.com\/wp-content\/uploads\/2025\/10\/GH_DJI-Maintenance-Program-Standard-Service-DJI-Matrice-4E-EU_3.jpg","width":800,"height":800},{"@type":"BreadcrumbList","@id":"https:\/\/www.ghostysky.com\/product\/dji-maintenance-program-standard-service-dji-matrice-4t-eu\/#breadcrumb","itemListElement":[{"@type":"ListItem","position":1,"name":"Home","item":"https:\/\/www.ghostysky.com\/"},{"@type":"ListItem","position":2,"name":"Shop","item":"https:\/\/www.ghostysky.com\/shop\/"},{"@type":"ListItem","position":3,"name":"DJI Maintenance Program Standard Service (DJI Matrice 4T) EU"}]},{"@type":"WebSite","@id":"https:\/\/www.ghostysky.com\/#website","url":"https:\/\/www.ghostysky.com\/","name":"Ghostysky","description":"Entrega de drones y servicios profesionales","publisher":{"@id":"https:\/\/www.ghostysky.com\/#organization"},"potentialAction":[{"@type":"SearchAction","target":{"@type":"EntryPoint","urlTemplate":"https:\/\/www.ghostysky.com\/?s={search_term_string}"},"query-input":{"@type":"PropertyValueSpecification","valueRequired":true,"valueName":"search_term_string"}}],"inLanguage":"es"},{"@type":"Organization","@id":"https:\/\/www.ghostysky.com\/#organization","name":"Ghostysky","url":"https:\/\/www.ghostysky.com\/","logo":{"@type":"ImageObject","inLanguage":"es","@id":"https:\/\/www.ghostysky.com\/#\/schema\/logo\/image\/","url":"https:\/\/www.ghostysky.com\/wp-content\/uploads\/2020\/06\/cropped-ghostyskylogo_text_white2.png","contentUrl":"https:\/\/www.ghostysky.com\/wp-content\/uploads\/2020\/06\/cropped-ghostyskylogo_text_white2.png","width":169,"height":56,"caption":"Ghostysky"},"image":{"@id":"https:\/\/www.ghostysky.com\/#\/schema\/logo\/image\/"},"sameAs":["https:\/\/www.facebook.com\/people\/Ghostysky\/100057676170234\/","https:\/\/x.com\/Gh0stysky","https:\/\/www.linkedin.com\/company\/34739653","https:\/\/www.instagram.com\/gh0stysky"]}]}},"_links":{"self":[{"href":"https:\/\/www.ghostysky.com\/es\/wp-json\/wp\/v2\/product\/21792","targetHints":{"allow":["GET"]}}],"collection":[{"href":"https:\/\/www.ghostysky.com\/es\/wp-json\/wp\/v2\/product"}],"about":[{"href":"https:\/\/www.ghostysky.com\/es\/wp-json\/wp\/v2\/types\/product"}],"replies":[{"embeddable":true,"href":"https:\/\/www.ghostysky.com\/es\/wp-json\/wp\/v2\/comments?post=21792"}],"wp:featuredmedia":[{"embeddable":true,"href":"https:\/\/www.ghostysky.com\/es\/wp-json\/wp\/v2\/media\/21791"}],"wp:attachment":[{"href":"https:\/\/www.ghostysky.com\/es\/wp-json\/wp\/v2\/media?parent=21792"}],"wp:term":[{"taxonomy":"product_brand","embeddable":true,"href":"https:\/\/www.ghostysky.com\/es\/wp-json\/wp\/v2\/product_brand?post=21792"},{"taxonomy":"product_cat","embeddable":true,"href":"https:\/\/www.ghostysky.com\/es\/wp-json\/wp\/v2\/product_cat?post=21792"},{"taxonomy":"product_tag","embeddable":true,"href":"https:\/\/www.ghostysky.com\/es\/wp-json\/wp\/v2\/product_tag?post=21792"}],"curies":[{"name":"wp","href":"https:\/\/api.w.org\/{rel}","templated":true}]}}