{"id":21797,"date":"2025-10-17T16:39:51","date_gmt":"2025-10-17T16:39:51","guid":{"rendered":"https:\/\/www.ghostysky.com\/?post_type=product&#038;p=21797"},"modified":"2025-10-17T16:44:41","modified_gmt":"2025-10-17T16:44:41","slug":"dji-al1-spotlight","status":"publish","type":"product","link":"https:\/\/www.ghostysky.com\/es\/product\/dji-al1-spotlight\/","title":{"rendered":"Foco DJI AL1"},"content":{"rendered":"<div id=\"model-response-message-contentr_8ca688bebcf3e727\" class=\"markdown markdown-main-panel stronger enable-updated-hr-color\" dir=\"ltr\">\n<h3><b>Caracter\u00edsticas clave<\/b><\/h3>\n<ul>\n<li><b><span class=\"citation-1398\">Iluminaci\u00f3n potente:<\/span><\/b><span class=\"citation-1398\"> Ilumina claramente los sujetos desde una distancia de hasta <\/span><b><span class=\"citation-1398\">100 metros<\/span><\/b><span class=\"citation-1398 citation-end-1398\">, proporcionando una visibilidad esencial para las misiones nocturnas.<sup class=\"superscript\" data-turn-source-index=\"2\">2<\/sup><\/span> <span class=\"citation-1397 citation-end-1397\">Ofrece una iluminancia de aproximadamente <sup class=\"superscript\" data-turn-source-index=\"3\">3<\/sup><\/span><span class=\"math-inline\" data-math=\"4.3 \\pm 0.2 \\text{ lux}\">$4.3 \\pm 0.2 \\text{ lux}$<\/span><span class=\"citation-1396 citation-end-1396\"> en <sup class=\"superscript\" data-turn-source-index=\"4\">4<\/sup><\/span><span class=\"math-inline\" data-math=\"100 \\text{ meters}\">$100 \\text{ metros}$<\/span><span class=\"citation-1395 citation-end-1395\">.<\/span><\/li>\n<li><b>Enlace de card\u00e1n inteligente:<\/b><span class=\"citation-1394 citation-end-1394\"> El foco sigue de forma inteligente los movimientos de la c\u00e1mara, garantizando que el \u00e1rea iluminada permanezca perfectamente alineada con la visi\u00f3n de la c\u00e1mara, lo que permite un seguimiento preciso y unas im\u00e1genes claras.<\/span><\/li>\n<li><b><span class=\"citation-1393\">Modos de funcionamiento duales:<\/span><\/b><span class=\"citation-1393\"> Cuenta con una <\/span><b><span class=\"citation-1393\">Siempre activo<\/span><\/b><span class=\"citation-1393\"> modo de iluminaci\u00f3n continua y una <\/span><b><span class=\"citation-1393\">estrobosc\u00f3pico<\/span><\/b><span class=\"citation-1393 citation-end-1393\"> modo de se\u00f1alizaci\u00f3n o visibilidad mejorada.<\/span><\/li>\n<li><b>Modo de iluminaci\u00f3n de campo de visi\u00f3n amplio:<\/b><span class=\"citation-1392 citation-end-1392\"> Ofrece un modo gran angular dedicado para iluminar un \u00e1rea operativa m\u00e1s amplia, cubriendo hasta <sup class=\"superscript\" data-turn-source-index=\"8\">8<\/sup><\/span><span class=\"math-inline\" data-math=\"2,200 \\text{ square meters}\">$2,200 \\text{ metros cuadrados}$<\/span><span class=\"citation-1391 citation-end-1391\"> en <sup class=\"superscript\" data-turn-source-index=\"9\">9<\/sup><\/span><span class=\"math-inline\" data-math=\"100 \\text{ meters}\">$100 \\text{ metros}$<\/span><span class=\"citation-1390 citation-end-1390\">.<\/span><\/li>\n<li><b><span class=\"citation-1389\">Implementaci\u00f3n vers\u00e1til:<\/span><\/b><span class=\"citation-1389 citation-end-1389\"> Se puede utilizar de forma independiente o en combinaci\u00f3n con el altavoz DJI AS1 (disponible por separado) para misiones que requieran comunicaci\u00f3n tanto por luz como por audio.<\/span><\/li>\n<li><b><span class=\"citation-1388\">Compatibilidad:<\/span><\/b><span class=\"citation-1388\"> Dise\u00f1ado para una integraci\u00f3n perfecta con el <\/span><b><span class=\"citation-1388\">Serie DJI Matrice 4<\/span><\/b><span class=\"citation-1388 citation-end-1388\"> de drones empresariales.<\/span><\/li>\n<\/ul>\n<p><span class=\"citation-1387 citation-end-1387\">El foco DJI AL1 es un accesorio invaluable para profesionales en seguridad p\u00fablica, b\u00fasqueda y rescate, inspecci\u00f3n de infraestructura y cualquier aplicaci\u00f3n que exija una iluminaci\u00f3n a\u00e9rea confiable y din\u00e1mica.<\/span>\u00a0<span class=\"citation-1386 citation-end-1386\">Su dise\u00f1o liviano y montaje de liberaci\u00f3n r\u00e1pida garantizan una f\u00e1cil implementaci\u00f3n y preparaci\u00f3n para la misi\u00f3n.<\/span><\/p>\n<h4>EN EL CUADRO<\/h4>\n<p>1x Foco<br \/>\n2 tornillos de repuesto<br \/>\n1x llave hexagonal<\/p>\n<h4>COMPATIBILIDAD<\/h4>\n<p>DJI Matrice 4<\/p>\n<\/div>","protected":false},"excerpt":{"rendered":"<p><span class=\"citation-1399\">El <\/span><b><span class=\"citation-1399\">Foco DJI AL1<\/span><\/b><span class=\"citation-1399 citation-end-1399\"> es una carga \u00fatil de iluminaci\u00f3n de alta intensidad y calidad profesional dise\u00f1ada para mejorar significativamente la visibilidad de sus operaciones a\u00e9reas en condiciones de poca luz.<\/span><\/p>","protected":false},"featured_media":21800,"comment_status":"open","ping_status":"closed","template":"","meta":[],"product_brand":[1031],"product_cat":[37,1119,29,1117],"product_tag":[42,1123,1120],"class_list":{"0":"post-21797","1":"product","2":"type-product","3":"status-publish","4":"has-post-thumbnail","6":"product_brand-dji","7":"product_cat-dji","8":"product_cat-dji-matrice-4-accessories","9":"product_cat-drones","10":"product_cat-matrice-4","11":"product_tag-dji","12":"product_tag-dji-matrice-4-accessories","13":"product_tag-dji-matrice-4-series","15":"first","16":"onbackorder","17":"taxable","18":"shipping-taxable","19":"purchasable","20":"product-type-simple"},"yoast_head":"<!-- This site is optimized with the Yoast SEO plugin v27.1.1 - https:\/\/yoast.com\/product\/yoast-seo-wordpress\/ -->\n<title>DJI AL1 SpotLight - Ghostysky<\/title>\n<meta name=\"description\" content=\"The DJI AL1 Spotlight is a professional-grade, high-intensity lighting payload designed to significantly enhance the visibility of your aerial operations in low-light conditions.\" \/>\n<meta name=\"robots\" content=\"index, follow, max-snippet:-1, max-image-preview:large, max-video-preview:-1\" \/>\n<link rel=\"canonical\" href=\"https:\/\/www.ghostysky.com\/es\/producto-2\/dji-al1-spotlight\/\" \/>\n<meta property=\"og:locale\" content=\"es_ES\" \/>\n<meta property=\"og:type\" content=\"article\" \/>\n<meta property=\"og:title\" content=\"DJI AL1 SpotLight - Ghostysky\" \/>\n<meta property=\"og:description\" content=\"The DJI AL1 Spotlight is a professional-grade, high-intensity lighting payload designed to significantly enhance the visibility of your aerial operations in low-light conditions.\" \/>\n<meta property=\"og:url\" content=\"https:\/\/www.ghostysky.com\/es\/producto-2\/dji-al1-spotlight\/\" \/>\n<meta property=\"og:site_name\" content=\"Ghostysky\" \/>\n<meta property=\"article:publisher\" content=\"https:\/\/www.facebook.com\/people\/Ghostysky\/100057676170234\/\" \/>\n<meta property=\"article:modified_time\" content=\"2025-10-17T16:44:41+00:00\" \/>\n<meta property=\"og:image\" content=\"https:\/\/www.ghostysky.com\/wp-content\/uploads\/2025\/10\/GH_DJI-AL1-SpotLight_1.jpg\" \/>\n\t<meta property=\"og:image:width\" content=\"800\" \/>\n\t<meta property=\"og:image:height\" content=\"800\" \/>\n\t<meta property=\"og:image:type\" content=\"image\/jpeg\" \/>\n<meta name=\"twitter:card\" content=\"summary_large_image\" \/>\n<meta name=\"twitter:site\" content=\"@Gh0stysky\" \/>\n<meta name=\"twitter:label1\" content=\"Tiempo de lectura\" \/>\n\t<meta name=\"twitter:data1\" content=\"2 minutos\" \/>\n<script type=\"application\/ld+json\" class=\"yoast-schema-graph\">{\"@context\":\"https:\/\/schema.org\",\"@graph\":[{\"@type\":\"WebPage\",\"@id\":\"https:\/\/www.ghostysky.com\/product\/dji-al1-spotlight\/\",\"url\":\"https:\/\/www.ghostysky.com\/product\/dji-al1-spotlight\/\",\"name\":\"DJI AL1 SpotLight - Ghostysky\",\"isPartOf\":{\"@id\":\"https:\/\/www.ghostysky.com\/#website\"},\"primaryImageOfPage\":{\"@id\":\"https:\/\/www.ghostysky.com\/product\/dji-al1-spotlight\/#primaryimage\"},\"image\":{\"@id\":\"https:\/\/www.ghostysky.com\/product\/dji-al1-spotlight\/#primaryimage\"},\"thumbnailUrl\":\"https:\/\/www.ghostysky.com\/wp-content\/uploads\/2025\/10\/GH_DJI-AL1-SpotLight_1.jpg\",\"datePublished\":\"2025-10-17T16:39:51+00:00\",\"dateModified\":\"2025-10-17T16:44:41+00:00\",\"description\":\"The DJI AL1 Spotlight is a professional-grade, high-intensity lighting payload designed to significantly enhance the visibility of your aerial operations in low-light conditions.\",\"breadcrumb\":{\"@id\":\"https:\/\/www.ghostysky.com\/product\/dji-al1-spotlight\/#breadcrumb\"},\"inLanguage\":\"es\",\"potentialAction\":[{\"@type\":\"ReadAction\",\"target\":[\"https:\/\/www.ghostysky.com\/product\/dji-al1-spotlight\/\"]}]},{\"@type\":\"ImageObject\",\"inLanguage\":\"es\",\"@id\":\"https:\/\/www.ghostysky.com\/product\/dji-al1-spotlight\/#primaryimage\",\"url\":\"https:\/\/www.ghostysky.com\/wp-content\/uploads\/2025\/10\/GH_DJI-AL1-SpotLight_1.jpg\",\"contentUrl\":\"https:\/\/www.ghostysky.com\/wp-content\/uploads\/2025\/10\/GH_DJI-AL1-SpotLight_1.jpg\",\"width\":800,\"height\":800},{\"@type\":\"BreadcrumbList\",\"@id\":\"https:\/\/www.ghostysky.com\/product\/dji-al1-spotlight\/#breadcrumb\",\"itemListElement\":[{\"@type\":\"ListItem\",\"position\":1,\"name\":\"Home\",\"item\":\"https:\/\/www.ghostysky.com\/\"},{\"@type\":\"ListItem\",\"position\":2,\"name\":\"Shop\",\"item\":\"https:\/\/www.ghostysky.com\/shop\/\"},{\"@type\":\"ListItem\",\"position\":3,\"name\":\"DJI AL1 SpotLight\"}]},{\"@type\":\"WebSite\",\"@id\":\"https:\/\/www.ghostysky.com\/#website\",\"url\":\"https:\/\/www.ghostysky.com\/\",\"name\":\"Ghostysky\",\"description\":\"Delivering professional drones and services\",\"publisher\":{\"@id\":\"https:\/\/www.ghostysky.com\/#organization\"},\"potentialAction\":[{\"@type\":\"SearchAction\",\"target\":{\"@type\":\"EntryPoint\",\"urlTemplate\":\"https:\/\/www.ghostysky.com\/?s={search_term_string}\"},\"query-input\":{\"@type\":\"PropertyValueSpecification\",\"valueRequired\":true,\"valueName\":\"search_term_string\"}}],\"inLanguage\":\"es\"},{\"@type\":\"Organization\",\"@id\":\"https:\/\/www.ghostysky.com\/#organization\",\"name\":\"Ghostysky\",\"url\":\"https:\/\/www.ghostysky.com\/\",\"logo\":{\"@type\":\"ImageObject\",\"inLanguage\":\"es\",\"@id\":\"https:\/\/www.ghostysky.com\/#\/schema\/logo\/image\/\",\"url\":\"https:\/\/www.ghostysky.com\/wp-content\/uploads\/2020\/06\/cropped-ghostyskylogo_text_white2.png\",\"contentUrl\":\"https:\/\/www.ghostysky.com\/wp-content\/uploads\/2020\/06\/cropped-ghostyskylogo_text_white2.png\",\"width\":169,\"height\":56,\"caption\":\"Ghostysky\"},\"image\":{\"@id\":\"https:\/\/www.ghostysky.com\/#\/schema\/logo\/image\/\"},\"sameAs\":[\"https:\/\/www.facebook.com\/people\/Ghostysky\/100057676170234\/\",\"https:\/\/x.com\/Gh0stysky\",\"https:\/\/www.linkedin.com\/company\/34739653\",\"https:\/\/www.instagram.com\/gh0stysky\"]}]}<\/script>\n<!-- \/ Yoast SEO plugin. -->","yoast_head_json":{"title":"Foco DJI AL1 - Ghostysky","description":"El DJI AL1 Spotlight es una carga \u00fatil de iluminaci\u00f3n de alta intensidad y calidad profesional dise\u00f1ada para mejorar significativamente la visibilidad de sus operaciones a\u00e9reas en condiciones de poca luz.","robots":{"index":"index","follow":"follow","max-snippet":"max-snippet:-1","max-image-preview":"max-image-preview:large","max-video-preview":"max-video-preview:-1"},"canonical":"https:\/\/www.ghostysky.com\/es\/producto-2\/dji-al1-spotlight\/","og_locale":"es_ES","og_type":"article","og_title":"DJI AL1 SpotLight - Ghostysky","og_description":"The DJI AL1 Spotlight is a professional-grade, high-intensity lighting payload designed to significantly enhance the visibility of your aerial operations in low-light conditions.","og_url":"https:\/\/www.ghostysky.com\/es\/producto-2\/dji-al1-spotlight\/","og_site_name":"Ghostysky","article_publisher":"https:\/\/www.facebook.com\/people\/Ghostysky\/100057676170234\/","article_modified_time":"2025-10-17T16:44:41+00:00","og_image":[{"width":800,"height":800,"url":"https:\/\/www.ghostysky.com\/wp-content\/uploads\/2025\/10\/GH_DJI-AL1-SpotLight_1.jpg","type":"image\/jpeg"}],"twitter_card":"summary_large_image","twitter_site":"@Gh0stysky","twitter_misc":{"Tiempo de lectura":"2 minutos"},"schema":{"@context":"https:\/\/schema.org","@graph":[{"@type":"WebPage","@id":"https:\/\/www.ghostysky.com\/product\/dji-al1-spotlight\/","url":"https:\/\/www.ghostysky.com\/product\/dji-al1-spotlight\/","name":"Foco DJI AL1 - Ghostysky","isPartOf":{"@id":"https:\/\/www.ghostysky.com\/#website"},"primaryImageOfPage":{"@id":"https:\/\/www.ghostysky.com\/product\/dji-al1-spotlight\/#primaryimage"},"image":{"@id":"https:\/\/www.ghostysky.com\/product\/dji-al1-spotlight\/#primaryimage"},"thumbnailUrl":"https:\/\/www.ghostysky.com\/wp-content\/uploads\/2025\/10\/GH_DJI-AL1-SpotLight_1.jpg","datePublished":"2025-10-17T16:39:51+00:00","dateModified":"2025-10-17T16:44:41+00:00","description":"El DJI AL1 Spotlight es una carga \u00fatil de iluminaci\u00f3n de alta intensidad y calidad profesional dise\u00f1ada para mejorar significativamente la visibilidad de sus operaciones a\u00e9reas en condiciones de poca luz.","breadcrumb":{"@id":"https:\/\/www.ghostysky.com\/product\/dji-al1-spotlight\/#breadcrumb"},"inLanguage":"es","potentialAction":[{"@type":"ReadAction","target":["https:\/\/www.ghostysky.com\/product\/dji-al1-spotlight\/"]}]},{"@type":"ImageObject","inLanguage":"es","@id":"https:\/\/www.ghostysky.com\/product\/dji-al1-spotlight\/#primaryimage","url":"https:\/\/www.ghostysky.com\/wp-content\/uploads\/2025\/10\/GH_DJI-AL1-SpotLight_1.jpg","contentUrl":"https:\/\/www.ghostysky.com\/wp-content\/uploads\/2025\/10\/GH_DJI-AL1-SpotLight_1.jpg","width":800,"height":800},{"@type":"BreadcrumbList","@id":"https:\/\/www.ghostysky.com\/product\/dji-al1-spotlight\/#breadcrumb","itemListElement":[{"@type":"ListItem","position":1,"name":"Home","item":"https:\/\/www.ghostysky.com\/"},{"@type":"ListItem","position":2,"name":"Shop","item":"https:\/\/www.ghostysky.com\/shop\/"},{"@type":"ListItem","position":3,"name":"DJI AL1 SpotLight"}]},{"@type":"WebSite","@id":"https:\/\/www.ghostysky.com\/#website","url":"https:\/\/www.ghostysky.com\/","name":"Ghostysky","description":"Entrega de drones y servicios profesionales","publisher":{"@id":"https:\/\/www.ghostysky.com\/#organization"},"potentialAction":[{"@type":"SearchAction","target":{"@type":"EntryPoint","urlTemplate":"https:\/\/www.ghostysky.com\/?s={search_term_string}"},"query-input":{"@type":"PropertyValueSpecification","valueRequired":true,"valueName":"search_term_string"}}],"inLanguage":"es"},{"@type":"Organization","@id":"https:\/\/www.ghostysky.com\/#organization","name":"Ghostysky","url":"https:\/\/www.ghostysky.com\/","logo":{"@type":"ImageObject","inLanguage":"es","@id":"https:\/\/www.ghostysky.com\/#\/schema\/logo\/image\/","url":"https:\/\/www.ghostysky.com\/wp-content\/uploads\/2020\/06\/cropped-ghostyskylogo_text_white2.png","contentUrl":"https:\/\/www.ghostysky.com\/wp-content\/uploads\/2020\/06\/cropped-ghostyskylogo_text_white2.png","width":169,"height":56,"caption":"Ghostysky"},"image":{"@id":"https:\/\/www.ghostysky.com\/#\/schema\/logo\/image\/"},"sameAs":["https:\/\/www.facebook.com\/people\/Ghostysky\/100057676170234\/","https:\/\/x.com\/Gh0stysky","https:\/\/www.linkedin.com\/company\/34739653","https:\/\/www.instagram.com\/gh0stysky"]}]}},"_links":{"self":[{"href":"https:\/\/www.ghostysky.com\/es\/wp-json\/wp\/v2\/product\/21797","targetHints":{"allow":["GET"]}}],"collection":[{"href":"https:\/\/www.ghostysky.com\/es\/wp-json\/wp\/v2\/product"}],"about":[{"href":"https:\/\/www.ghostysky.com\/es\/wp-json\/wp\/v2\/types\/product"}],"replies":[{"embeddable":true,"href":"https:\/\/www.ghostysky.com\/es\/wp-json\/wp\/v2\/comments?post=21797"}],"wp:featuredmedia":[{"embeddable":true,"href":"https:\/\/www.ghostysky.com\/es\/wp-json\/wp\/v2\/media\/21800"}],"wp:attachment":[{"href":"https:\/\/www.ghostysky.com\/es\/wp-json\/wp\/v2\/media?parent=21797"}],"wp:term":[{"taxonomy":"product_brand","embeddable":true,"href":"https:\/\/www.ghostysky.com\/es\/wp-json\/wp\/v2\/product_brand?post=21797"},{"taxonomy":"product_cat","embeddable":true,"href":"https:\/\/www.ghostysky.com\/es\/wp-json\/wp\/v2\/product_cat?post=21797"},{"taxonomy":"product_tag","embeddable":true,"href":"https:\/\/www.ghostysky.com\/es\/wp-json\/wp\/v2\/product_tag?post=21797"}],"curies":[{"name":"wp","href":"https:\/\/api.w.org\/{rel}","templated":true}]}}