{"id":21805,"date":"2025-10-17T16:54:16","date_gmt":"2025-10-17T16:54:16","guid":{"rendered":"https:\/\/www.ghostysky.com\/?post_type=product&#038;p=21805"},"modified":"2025-10-17T16:59:49","modified_gmt":"2025-10-17T16:59:49","slug":"dji-matrice-4-series-battery","status":"publish","type":"product","link":"https:\/\/www.ghostysky.com\/es\/product\/dji-matrice-4-series-battery\/","title":{"rendered":"Bater\u00eda de la serie DJI Matrice 4"},"content":{"rendered":"<div id=\"model-response-message-contentr_8ca688bebcf3e727\" class=\"markdown markdown-main-panel stronger enable-updated-hr-color\" dir=\"ltr\">\n<div id=\"model-response-message-contentr_84f26e8c4ec7b923\" class=\"markdown markdown-main-panel stronger enable-updated-hr-color\" dir=\"ltr\">\n<h3><b>Caracter\u00edsticas clave<\/b><\/h3>\n<ul>\n<li><b><span class=\"citation-1462\">Tiempo de vuelo extendido:<\/span><\/b><span class=\"citation-1462\"> Con una alta capacidad de <\/span><b><span class=\"citation-1462\">6741 mAh<\/span><\/b><span class=\"citation-1462\"> y <\/span><b><span class=\"citation-1462\">99 Wh<\/span><\/b><span class=\"citation-1462\"> de energ\u00eda total, esta bater\u00eda inteligente proporciona hasta <\/span><b><span class=\"citation-1462\">49 minutos de tiempo de vuelo<\/span><\/b><span class=\"citation-1462\"> o <\/span><b><span class=\"citation-1462\">42 minutos de tiempo de vuelo estacionario<\/span><\/b><span class=\"citation-1462 citation-end-1462\"> en condiciones ideales.<\/span> <span class=\"citation-1461 citation-end-1461\">Maximice su tiempo en el aire para estudios m\u00e1s grandes, inspecciones m\u00e1s prolongadas o misiones cr\u00edticas de b\u00fasqueda y rescate.<\/span><\/li>\n<li><b><span class=\"citation-1460\">Gesti\u00f3n inteligente de la bater\u00eda:<\/span><\/b><span class=\"citation-1460 citation-end-1460\"> La gesti\u00f3n inteligente incorporada rastrea el estado de la bater\u00eda en tiempo real, los ciclos de carga, la temperatura y el estado de almacenamiento.<sup class=\"superscript\" data-turn-source-index=\"4\">4<\/sup><\/span> <span class=\"citation-1459 citation-end-1459\">Estos datos cruciales garantizan la m\u00e1xima seguridad, ayudan a prolongar la vida \u00fatil de la bater\u00eda y mantienen una confiabilidad constante en toda su flota.<\/span><\/li>\n<li><b><span class=\"citation-1458\">Integraci\u00f3n perfecta:<\/span><\/b><span class=\"citation-1458 citation-end-1458\"> Dise\u00f1ada espec\u00edficamente para los drones de la serie DJI Matrice 4 (incluidos Matrice 4T y Matrice 4E), la bater\u00eda cuenta con un sistema de bloqueo r\u00e1pido para un montaje y extracci\u00f3n r\u00e1pidos y seguros, lo que garantiza la m\u00e1xima compatibilidad y un suministro de energ\u00eda estable.<\/span><\/li>\n<li><b>Carga eficiente:<\/b><span class=\"citation-1457 citation-end-1457\"> Optimizado para una entrega r\u00e1pida.<sup class=\"superscript\" data-turn-source-index=\"7\">7<\/sup><\/span> Cuando se usa con un centro de carga DJI Matrice 4 Series compatible, la bater\u00eda admite capacidades de carga r\u00e1pida, lo que le permite volver a volar m\u00e1s r\u00e1pido.<\/li>\n<li><b>Rendimiento confiable:<\/b><span class=\"citation-1456\"> Con un robusto <\/span><b><span class=\"citation-1456\">Iones de litio 4S<\/span><\/b><span class=\"citation-1456 citation-end-1456\"> Configuraci\u00f3n, esta bater\u00eda est\u00e1 dise\u00f1ada para funcionar de manera confiable en un amplio rango de temperaturas de carga, desde <sup class=\"superscript\" data-turn-source-index=\"8\">8<\/sup><\/span><span class=\"math-inline\" data-math=\"5^\\circ \\text{C}\">$5^\\circ \\text{C}$<\/span><span class=\"citation-1455 citation-end-1455\"> a <sup class=\"superscript\" data-turn-source-index=\"9\">9<\/sup><\/span><span class=\"math-inline\" data-math=\"40^\\circ \\text{C}\">$40^\\circ \\text{C}$<\/span><span class=\"citation-1454 citation-end-1454\"> (<sup class=\"superscript\" data-turn-source-index=\"10\">10<\/sup><\/span><span class=\"math-inline\" data-math=\"41^\\circ \\text{F}\">$41^\\circ \\text{F}$<\/span><span class=\"citation-1453 citation-end-1453\"> a <sup class=\"superscript\" data-turn-source-index=\"11\">11<\/sup><\/span><span class=\"math-inline\" data-math=\"104^\\circ \\text{F}\">$104^\\circ \\text{F}$<\/span><span class=\"citation-1452 citation-end-1452\">), garantizando energ\u00eda confiable cuando m\u00e1s la necesita.<sup class=\"superscript\" data-turn-source-index=\"12\">12<\/sup><\/span>\n<div class=\"source-inline-chip-container ng-star-inserted\"><\/div>\n<\/li>\n<\/ul>\n<h3><b>Especificaciones<\/b><\/h3>\n<ul>\n<li><b>Modelo:<\/b><span class=\"citation-1451 citation-end-1451\"> BPX345-6741-14.76<\/span><\/li>\n<li><b><span class=\"citation-1450\">Capacidad:<\/span><\/b><span class=\"citation-1450 citation-end-1450\"> 6.741 mAh<\/span><\/li>\n<li><b><span class=\"citation-1449\">Energ\u00eda:<\/span><\/b><span class=\"citation-1449 citation-end-1449\"> 99 Wh<\/span><\/li>\n<li><b>Tiempo m\u00e1ximo de vuelo:<\/b><span class=\"citation-1448 citation-end-1448\"> Hasta 49 minutos<\/span><\/li>\n<li><b>Tiempo m\u00e1ximo de permanencia en el aire:<\/b><span class=\"citation-1447 citation-end-1447\"> Hasta 42 minutos<\/span><\/li>\n<li><b>Tipo de bater\u00eda:<\/b><span class=\"citation-1446 citation-end-1446\"> Iones de litio 4S<sup class=\"superscript\" data-turn-source-index=\"18\">1<\/sup><\/span><\/li>\n<li><b><span class=\"citation-1445\">Potencia m\u00e1xima de carga:<\/span><\/b><span class=\"citation-1445 citation-end-1445\"> 207 Oeste<\/span><\/li>\n<\/ul>\n<p><i><span class=\"citation-1444 citation-end-1444\">Nota: Los tiempos m\u00e1ximos de vuelo y de permanencia estacionaria se miden en un entorno sin viento con funciones espec\u00edficas desactivadas y son solo de referencia.<sup class=\"superscript\" data-turn-source-index=\"20\">20<\/sup><\/span> <span class=\"citation-1443 citation-end-1443\">El rendimiento real puede variar seg\u00fan la carga \u00fatil, el entorno y la configuraci\u00f3n operativa.<sup class=\"superscript\" data-turn-source-index=\"21\">21<\/sup><\/span> Utilice siempre el concentrador de carga DJI Matrice 4 Series especificado para cargar.<\/i><\/p>\n<h4>EN EL CUADRO<\/h4>\n<p>1x Bater\u00eda Inteligente<\/p>\n<h4>COMPATIBILIDAD<\/h4>\n<p>DJI Matrice 4<\/p>\n<\/div>\n<\/div>","protected":false},"excerpt":{"rendered":"<p><span class=\"citation-1463 citation-end-1463\">La bater\u00eda de vuelo inteligente DJI Matrice 4 Series est\u00e1 dise\u00f1ada para proporcionar energ\u00eda confiable y de alta capacidad para su dron empresarial Matrice 4 Series, lo que garantiza un rendimiento prolongado y constante en entornos operativos exigentes.<\/span><\/p>\n<div class=\"source-inline-chip-container ng-star-inserted\"><\/div>\n<p>&nbsp;<\/p>","protected":false},"featured_media":21808,"comment_status":"open","ping_status":"closed","template":"","meta":[],"product_brand":[1031],"product_cat":[37,1119,29,1117],"product_tag":[42,1123,1120],"class_list":{"0":"post-21805","1":"product","2":"type-product","3":"status-publish","4":"has-post-thumbnail","6":"product_brand-dji","7":"product_cat-dji","8":"product_cat-dji-matrice-4-accessories","9":"product_cat-drones","10":"product_cat-matrice-4","11":"product_tag-dji","12":"product_tag-dji-matrice-4-accessories","13":"product_tag-dji-matrice-4-series","15":"first","16":"onbackorder","17":"taxable","18":"shipping-taxable","19":"purchasable","20":"product-type-simple"},"yoast_head":"<!-- This site is optimized with the Yoast SEO plugin v27.1.1 - https:\/\/yoast.com\/product\/yoast-seo-wordpress\/ -->\n<title>DJI Matrice 4 Series Battery - Ghostysky<\/title>\n<meta name=\"description\" content=\"The DJI Matrice 4 Series Intelligent Flight Battery is engineered to provide reliable, high-capacity power for your Matrice 4 Series enterprise drone, ensuring prolonged and consistent performance in demanding operational environments.\" \/>\n<meta name=\"robots\" content=\"index, follow, max-snippet:-1, max-image-preview:large, max-video-preview:-1\" \/>\n<link rel=\"canonical\" href=\"https:\/\/www.ghostysky.com\/es\/producto-2\/dji-matrice-4-series-battery\/\" \/>\n<meta property=\"og:locale\" content=\"es_ES\" \/>\n<meta property=\"og:type\" content=\"article\" \/>\n<meta property=\"og:title\" content=\"DJI Matrice 4 Series Battery - Ghostysky\" \/>\n<meta property=\"og:description\" content=\"The DJI Matrice 4 Series Intelligent Flight Battery is engineered to provide reliable, high-capacity power for your Matrice 4 Series enterprise drone, ensuring prolonged and consistent performance in demanding operational environments.\" \/>\n<meta property=\"og:url\" content=\"https:\/\/www.ghostysky.com\/es\/producto-2\/dji-matrice-4-series-battery\/\" \/>\n<meta property=\"og:site_name\" content=\"Ghostysky\" \/>\n<meta property=\"article:publisher\" content=\"https:\/\/www.facebook.com\/people\/Ghostysky\/100057676170234\/\" \/>\n<meta property=\"article:modified_time\" content=\"2025-10-17T16:59:49+00:00\" \/>\n<meta property=\"og:image\" content=\"https:\/\/www.ghostysky.com\/wp-content\/uploads\/2025\/10\/GH_DJI-Matrice-4-Series-Battery_1.jpg\" \/>\n\t<meta property=\"og:image:width\" content=\"800\" \/>\n\t<meta property=\"og:image:height\" content=\"800\" \/>\n\t<meta property=\"og:image:type\" content=\"image\/jpeg\" \/>\n<meta name=\"twitter:card\" content=\"summary_large_image\" \/>\n<meta name=\"twitter:site\" content=\"@Gh0stysky\" \/>\n<meta name=\"twitter:label1\" content=\"Tiempo de lectura\" \/>\n\t<meta name=\"twitter:data1\" content=\"2 minutos\" \/>\n<script type=\"application\/ld+json\" class=\"yoast-schema-graph\">{\"@context\":\"https:\/\/schema.org\",\"@graph\":[{\"@type\":\"WebPage\",\"@id\":\"https:\/\/www.ghostysky.com\/product\/dji-matrice-4-series-battery\/\",\"url\":\"https:\/\/www.ghostysky.com\/product\/dji-matrice-4-series-battery\/\",\"name\":\"DJI Matrice 4 Series Battery - Ghostysky\",\"isPartOf\":{\"@id\":\"https:\/\/www.ghostysky.com\/#website\"},\"primaryImageOfPage\":{\"@id\":\"https:\/\/www.ghostysky.com\/product\/dji-matrice-4-series-battery\/#primaryimage\"},\"image\":{\"@id\":\"https:\/\/www.ghostysky.com\/product\/dji-matrice-4-series-battery\/#primaryimage\"},\"thumbnailUrl\":\"https:\/\/www.ghostysky.com\/wp-content\/uploads\/2025\/10\/GH_DJI-Matrice-4-Series-Battery_1.jpg\",\"datePublished\":\"2025-10-17T16:54:16+00:00\",\"dateModified\":\"2025-10-17T16:59:49+00:00\",\"description\":\"The DJI Matrice 4 Series Intelligent Flight Battery is engineered to provide reliable, high-capacity power for your Matrice 4 Series enterprise drone, ensuring prolonged and consistent performance in demanding operational environments.\",\"breadcrumb\":{\"@id\":\"https:\/\/www.ghostysky.com\/product\/dji-matrice-4-series-battery\/#breadcrumb\"},\"inLanguage\":\"es\",\"potentialAction\":[{\"@type\":\"ReadAction\",\"target\":[\"https:\/\/www.ghostysky.com\/product\/dji-matrice-4-series-battery\/\"]}]},{\"@type\":\"ImageObject\",\"inLanguage\":\"es\",\"@id\":\"https:\/\/www.ghostysky.com\/product\/dji-matrice-4-series-battery\/#primaryimage\",\"url\":\"https:\/\/www.ghostysky.com\/wp-content\/uploads\/2025\/10\/GH_DJI-Matrice-4-Series-Battery_1.jpg\",\"contentUrl\":\"https:\/\/www.ghostysky.com\/wp-content\/uploads\/2025\/10\/GH_DJI-Matrice-4-Series-Battery_1.jpg\",\"width\":800,\"height\":800},{\"@type\":\"BreadcrumbList\",\"@id\":\"https:\/\/www.ghostysky.com\/product\/dji-matrice-4-series-battery\/#breadcrumb\",\"itemListElement\":[{\"@type\":\"ListItem\",\"position\":1,\"name\":\"Home\",\"item\":\"https:\/\/www.ghostysky.com\/\"},{\"@type\":\"ListItem\",\"position\":2,\"name\":\"Shop\",\"item\":\"https:\/\/www.ghostysky.com\/shop\/\"},{\"@type\":\"ListItem\",\"position\":3,\"name\":\"DJI Matrice 4 Series Battery\"}]},{\"@type\":\"WebSite\",\"@id\":\"https:\/\/www.ghostysky.com\/#website\",\"url\":\"https:\/\/www.ghostysky.com\/\",\"name\":\"Ghostysky\",\"description\":\"Delivering professional drones and services\",\"publisher\":{\"@id\":\"https:\/\/www.ghostysky.com\/#organization\"},\"potentialAction\":[{\"@type\":\"SearchAction\",\"target\":{\"@type\":\"EntryPoint\",\"urlTemplate\":\"https:\/\/www.ghostysky.com\/?s={search_term_string}\"},\"query-input\":{\"@type\":\"PropertyValueSpecification\",\"valueRequired\":true,\"valueName\":\"search_term_string\"}}],\"inLanguage\":\"es\"},{\"@type\":\"Organization\",\"@id\":\"https:\/\/www.ghostysky.com\/#organization\",\"name\":\"Ghostysky\",\"url\":\"https:\/\/www.ghostysky.com\/\",\"logo\":{\"@type\":\"ImageObject\",\"inLanguage\":\"es\",\"@id\":\"https:\/\/www.ghostysky.com\/#\/schema\/logo\/image\/\",\"url\":\"https:\/\/www.ghostysky.com\/wp-content\/uploads\/2020\/06\/cropped-ghostyskylogo_text_white2.png\",\"contentUrl\":\"https:\/\/www.ghostysky.com\/wp-content\/uploads\/2020\/06\/cropped-ghostyskylogo_text_white2.png\",\"width\":169,\"height\":56,\"caption\":\"Ghostysky\"},\"image\":{\"@id\":\"https:\/\/www.ghostysky.com\/#\/schema\/logo\/image\/\"},\"sameAs\":[\"https:\/\/www.facebook.com\/people\/Ghostysky\/100057676170234\/\",\"https:\/\/x.com\/Gh0stysky\",\"https:\/\/www.linkedin.com\/company\/34739653\",\"https:\/\/www.instagram.com\/gh0stysky\"]}]}<\/script>\n<!-- \/ Yoast SEO plugin. -->","yoast_head_json":{"title":"Bater\u00eda para DJI Matrice 4 Series - Ghostysky","description":"La bater\u00eda de vuelo inteligente DJI Matrice 4 Series est\u00e1 dise\u00f1ada para proporcionar energ\u00eda confiable y de alta capacidad para su dron empresarial Matrice 4 Series, lo que garantiza un rendimiento prolongado y constante en entornos operativos exigentes.","robots":{"index":"index","follow":"follow","max-snippet":"max-snippet:-1","max-image-preview":"max-image-preview:large","max-video-preview":"max-video-preview:-1"},"canonical":"https:\/\/www.ghostysky.com\/es\/producto-2\/dji-matrice-4-series-battery\/","og_locale":"es_ES","og_type":"article","og_title":"DJI Matrice 4 Series Battery - Ghostysky","og_description":"The DJI Matrice 4 Series Intelligent Flight Battery is engineered to provide reliable, high-capacity power for your Matrice 4 Series enterprise drone, ensuring prolonged and consistent performance in demanding operational environments.","og_url":"https:\/\/www.ghostysky.com\/es\/producto-2\/dji-matrice-4-series-battery\/","og_site_name":"Ghostysky","article_publisher":"https:\/\/www.facebook.com\/people\/Ghostysky\/100057676170234\/","article_modified_time":"2025-10-17T16:59:49+00:00","og_image":[{"width":800,"height":800,"url":"https:\/\/www.ghostysky.com\/wp-content\/uploads\/2025\/10\/GH_DJI-Matrice-4-Series-Battery_1.jpg","type":"image\/jpeg"}],"twitter_card":"summary_large_image","twitter_site":"@Gh0stysky","twitter_misc":{"Tiempo de lectura":"2 minutos"},"schema":{"@context":"https:\/\/schema.org","@graph":[{"@type":"WebPage","@id":"https:\/\/www.ghostysky.com\/product\/dji-matrice-4-series-battery\/","url":"https:\/\/www.ghostysky.com\/product\/dji-matrice-4-series-battery\/","name":"Bater\u00eda para DJI Matrice 4 Series - Ghostysky","isPartOf":{"@id":"https:\/\/www.ghostysky.com\/#website"},"primaryImageOfPage":{"@id":"https:\/\/www.ghostysky.com\/product\/dji-matrice-4-series-battery\/#primaryimage"},"image":{"@id":"https:\/\/www.ghostysky.com\/product\/dji-matrice-4-series-battery\/#primaryimage"},"thumbnailUrl":"https:\/\/www.ghostysky.com\/wp-content\/uploads\/2025\/10\/GH_DJI-Matrice-4-Series-Battery_1.jpg","datePublished":"2025-10-17T16:54:16+00:00","dateModified":"2025-10-17T16:59:49+00:00","description":"La bater\u00eda de vuelo inteligente DJI Matrice 4 Series est\u00e1 dise\u00f1ada para proporcionar energ\u00eda confiable y de alta capacidad para su dron empresarial Matrice 4 Series, lo que garantiza un rendimiento prolongado y constante en entornos operativos exigentes.","breadcrumb":{"@id":"https:\/\/www.ghostysky.com\/product\/dji-matrice-4-series-battery\/#breadcrumb"},"inLanguage":"es","potentialAction":[{"@type":"ReadAction","target":["https:\/\/www.ghostysky.com\/product\/dji-matrice-4-series-battery\/"]}]},{"@type":"ImageObject","inLanguage":"es","@id":"https:\/\/www.ghostysky.com\/product\/dji-matrice-4-series-battery\/#primaryimage","url":"https:\/\/www.ghostysky.com\/wp-content\/uploads\/2025\/10\/GH_DJI-Matrice-4-Series-Battery_1.jpg","contentUrl":"https:\/\/www.ghostysky.com\/wp-content\/uploads\/2025\/10\/GH_DJI-Matrice-4-Series-Battery_1.jpg","width":800,"height":800},{"@type":"BreadcrumbList","@id":"https:\/\/www.ghostysky.com\/product\/dji-matrice-4-series-battery\/#breadcrumb","itemListElement":[{"@type":"ListItem","position":1,"name":"Home","item":"https:\/\/www.ghostysky.com\/"},{"@type":"ListItem","position":2,"name":"Shop","item":"https:\/\/www.ghostysky.com\/shop\/"},{"@type":"ListItem","position":3,"name":"DJI Matrice 4 Series Battery"}]},{"@type":"WebSite","@id":"https:\/\/www.ghostysky.com\/#website","url":"https:\/\/www.ghostysky.com\/","name":"Ghostysky","description":"Entrega de drones y servicios profesionales","publisher":{"@id":"https:\/\/www.ghostysky.com\/#organization"},"potentialAction":[{"@type":"SearchAction","target":{"@type":"EntryPoint","urlTemplate":"https:\/\/www.ghostysky.com\/?s={search_term_string}"},"query-input":{"@type":"PropertyValueSpecification","valueRequired":true,"valueName":"search_term_string"}}],"inLanguage":"es"},{"@type":"Organization","@id":"https:\/\/www.ghostysky.com\/#organization","name":"Ghostysky","url":"https:\/\/www.ghostysky.com\/","logo":{"@type":"ImageObject","inLanguage":"es","@id":"https:\/\/www.ghostysky.com\/#\/schema\/logo\/image\/","url":"https:\/\/www.ghostysky.com\/wp-content\/uploads\/2020\/06\/cropped-ghostyskylogo_text_white2.png","contentUrl":"https:\/\/www.ghostysky.com\/wp-content\/uploads\/2020\/06\/cropped-ghostyskylogo_text_white2.png","width":169,"height":56,"caption":"Ghostysky"},"image":{"@id":"https:\/\/www.ghostysky.com\/#\/schema\/logo\/image\/"},"sameAs":["https:\/\/www.facebook.com\/people\/Ghostysky\/100057676170234\/","https:\/\/x.com\/Gh0stysky","https:\/\/www.linkedin.com\/company\/34739653","https:\/\/www.instagram.com\/gh0stysky"]}]}},"_links":{"self":[{"href":"https:\/\/www.ghostysky.com\/es\/wp-json\/wp\/v2\/product\/21805","targetHints":{"allow":["GET"]}}],"collection":[{"href":"https:\/\/www.ghostysky.com\/es\/wp-json\/wp\/v2\/product"}],"about":[{"href":"https:\/\/www.ghostysky.com\/es\/wp-json\/wp\/v2\/types\/product"}],"replies":[{"embeddable":true,"href":"https:\/\/www.ghostysky.com\/es\/wp-json\/wp\/v2\/comments?post=21805"}],"wp:featuredmedia":[{"embeddable":true,"href":"https:\/\/www.ghostysky.com\/es\/wp-json\/wp\/v2\/media\/21808"}],"wp:attachment":[{"href":"https:\/\/www.ghostysky.com\/es\/wp-json\/wp\/v2\/media?parent=21805"}],"wp:term":[{"taxonomy":"product_brand","embeddable":true,"href":"https:\/\/www.ghostysky.com\/es\/wp-json\/wp\/v2\/product_brand?post=21805"},{"taxonomy":"product_cat","embeddable":true,"href":"https:\/\/www.ghostysky.com\/es\/wp-json\/wp\/v2\/product_cat?post=21805"},{"taxonomy":"product_tag","embeddable":true,"href":"https:\/\/www.ghostysky.com\/es\/wp-json\/wp\/v2\/product_tag?post=21805"}],"curies":[{"name":"wp","href":"https:\/\/api.w.org\/{rel}","templated":true}]}}