{"id":21837,"date":"2025-10-18T03:15:36","date_gmt":"2025-10-18T03:15:36","guid":{"rendered":"https:\/\/www.ghostysky.com\/?post_type=product&#038;p=21837"},"modified":"2025-10-18T03:41:14","modified_gmt":"2025-10-18T03:41:14","slug":"dji-matrice-400-worry-free-plus-combo","status":"publish","type":"product","link":"https:\/\/www.ghostysky.com\/es\/product\/dji-matrice-400-worry-free-plus-combo\/","title":{"rendered":"Combo DJI Matrice 400 sin preocupaciones Plus"},"content":{"rendered":"<div id=\"model-response-message-contentr_55bc02040a3d26f8\" class=\"markdown markdown-main-panel stronger enable-updated-hr-color\" dir=\"ltr\">\n<div id=\"model-response-message-contentr_7d191a1853b28634\" class=\"markdown markdown-main-panel stronger enable-updated-hr-color\" dir=\"ltr\">\n<div id=\"model-response-message-contentr_4bdeaa6da8c41b15\" class=\"markdown markdown-main-panel stronger enable-updated-hr-color\" dir=\"ltr\">\n<h3><b>Aspectos destacados de la plataforma Matrice 400<\/b><\/h3>\n<ul>\n<li><b>Mayor resistencia y confiabilidad en todo tipo de clima:<\/b><span class=\"citation-1677\"> Con un notable tiempo de vuelo hacia adelante de hasta <\/span><b><span class=\"citation-1677\">59 minutos<\/span><\/b><span class=\"citation-1677\"> y un <\/span><b><span class=\"citation-1677\">Clasificaci\u00f3n IP55<\/span><\/b><span class=\"citation-1677 citation-end-1677\">El Matrice 400 puede funcionar de manera confiable en condiciones dif\u00edciles, que incluyen mucho polvo, lluvia y temperaturas extremas que van desde <\/span><span class=\"math-inline\" data-math=\"-20^\\circ \\text{ to } 50^\\circ \\text{ C}\"><span class=\"katex\"><span class=\"katex-html\" aria-hidden=\"true\"><span class=\"base\"><span class=\"mord\">\u2212<\/span><span class=\"mord\">2<\/span><span class=\"mord\">0<span class=\"msupsub\"><span class=\"vlist-t\"><span class=\"vlist-r\"><span class=\"vlist\"><span class=\"\"><span class=\"sizing reset-size6 size3 mtight\"><span class=\"mbin mtight\">\u2218<\/span><\/span><\/span><\/span><\/span><\/span><\/span><\/span><span class=\"mord text\"><span class=\"mord\">\u00a0a\u00a0<\/span><\/span><span class=\"mord\">5<\/span><span class=\"mord\">0<span class=\"msupsub\"><span class=\"vlist-t\"><span class=\"vlist-r\"><span class=\"vlist\"><span class=\"\"><span class=\"sizing reset-size6 size3 mtight\"><span class=\"mbin mtight\">\u2218<\/span><\/span><\/span><\/span><\/span><\/span><\/span><\/span><span class=\"mord text\"><span class=\"mord\">\u00a0do<\/span><\/span><\/span><\/span><\/span><\/span><span class=\"citation-1676 citation-end-1676\">.<\/span><\/li>\n<li><b><span class=\"citation-1675\">Capacidad de carga \u00fatil mejorada y versatilidad:<\/span><\/b><span class=\"citation-1675\"> Con una capacidad m\u00e1xima de carga \u00fatil de <\/span><b><span class=\"citation-1675\">6 kilos<\/span><\/b><span class=\"citation-1675 citation-end-1675\">, la plataforma admite operaciones de m\u00faltiples cargas \u00fatiles.<\/span> <span class=\"citation-1674 citation-end-1674\">Cuenta con m\u00faltiples conectores de card\u00e1n y E-Port V2, lo que le permite montar simult\u00e1neamente hasta siete cargas \u00fatiles, incluidas las series Zenmuse H30, L2, P1 y soluciones de terceros.<\/span><\/li>\n<li><b>Detecci\u00f3n de obst\u00e1culos a nivel de l\u00ednea el\u00e9ctrica:<\/b><span class=\"citation-1673\"> La seguridad del vuelo es primordial con un sistema avanzado que combina <\/span><b><span class=\"citation-1673\">LiDAR giratorio, radar mmWave de alta precisi\u00f3n y sensores de visi\u00f3n ojo de pez con poca luz<\/span><\/b><span class=\"citation-1673 citation-end-1673\">.<\/span> <span class=\"citation-1672 citation-end-1672\">Esto permite que el dron detecte y evite incluso l\u00edneas el\u00e9ctricas delgadas en entornos complejos, de d\u00eda o de noche.<\/span><\/li>\n<li><b>Inteligencia y eficiencia mejoradas:<\/b><span class=\"citation-1671\"> El Matrice 400 integra funciones inteligentes como <\/span><b><span class=\"citation-1671\">Detecci\u00f3n inteligente<\/span><\/b><span class=\"citation-1671\">, <\/span><b><span class=\"citation-1671\">Proyecci\u00f3n AR inteligente<\/span><\/b><span class=\"citation-1671\"> (mostrando l\u00edneas el\u00e9ctricas, mapas y rutas de vuelo en el controlador), <\/span><b><span class=\"citation-1671\">Seguimiento del terreno en tiempo real<\/span><\/b><span class=\"citation-1671\">, y apoyo para <\/span><b><span class=\"citation-1671\">Despegue y aterrizaje en barcos<\/span><\/b><span class=\"citation-1671 citation-end-1671\">, agilizando misiones complejas.<\/span><\/li>\n<li><b><span class=\"citation-1670\">Transmisi\u00f3n de v\u00eddeo robusta:<\/span><\/b><span class=\"citation-1670\"> El <\/span><b><span class=\"citation-1670\">Sistema de transmisi\u00f3n de v\u00eddeo mejorado O4 Enterprise<\/span><\/b><span class=\"citation-1670\"> utiliza un conjunto de diez antenas para lograr un alcance de hasta <\/span><b><span class=\"citation-1670\">40 kil\u00f3metros<\/span><\/b><span class=\"citation-1670\">, y apoya <\/span><b><span class=\"citation-1670\">Transmisi\u00f3n de video por retransmisi\u00f3n a\u00e9rea<\/span><\/b><span class=\"citation-1670 citation-end-1670\"> para operaciones prolongadas en terrenos obstruidos, como \u00e1reas monta\u00f1osas.<\/span>\n<div class=\"source-inline-chip-container ng-star-inserted\"><\/div>\n<\/li>\n<\/ul>\n<p><b>La ventaja del paquete Worry-Free Plus:<\/b><\/p>\n<p><span class=\"citation-1669 citation-end-1669\">Este paquete integral no solo incluye el moderno avi\u00f3n Matrice 400, sino tambi\u00e9n un conjunto de accesorios y servicios esenciales para minimizar el tiempo de inactividad y maximizar la productividad:<\/span><\/p>\n<ul>\n<li><b><span class=\"citation-1668\">Plan DJI Care Plus de 1 a\u00f1o con activaci\u00f3n autom\u00e1tica:<\/span><\/b><span class=\"citation-1668 citation-end-1668\"> Proporcionando una amplia cobertura para reparaciones o reemplazo en caso de da\u00f1o accidental.<\/span><\/li>\n<li><b>Bater\u00eda de vuelo inteligente TB100:<\/b><span class=\"citation-1667 citation-end-1667\"> Una bater\u00eda de alta capacidad dise\u00f1ada para misiones prolongadas, con hasta 400 ciclos de carga.<\/span><\/li>\n<li><b><span class=\"citation-1666\">Estaci\u00f3n de bater\u00eda inteligente BS100:<\/span><\/b><span class=\"citation-1666 citation-end-1666\"> Una soluci\u00f3n potente e integral para cargar, almacenar y transportar sus bater\u00edas.<\/span><\/li>\n<li><b>DJI RC Plus 2 Enterprise mejorado:<\/b> Un control remoto resistente y de alto brillo para un control y una visibilidad superiores en el campo.<\/li>\n<li><b><span class=\"citation-1665\">Repuestos y herramientas esenciales:<\/span><\/b><span class=\"citation-1665\"> Incluyendo un adicional <\/span><b><span class=\"citation-1665\">Bater\u00eda WB37<\/span><\/b><span class=\"citation-1665\"> Para el control remoto, h\u00e9lices adicionales y un duradero <\/span><b><span class=\"citation-1665\">Estuche de transporte<\/span><\/b><span class=\"citation-1665 citation-end-1665\">.<\/span>\n<div class=\"source-inline-chip-container ng-star-inserted\"><\/div>\n<\/li>\n<\/ul>\n<p><span class=\"citation-1664 citation-end-1664\">El DJI Matrice 400 Worry-Free Plus Combo es la soluci\u00f3n definitiva para los profesionales que exigen una plataforma a\u00e9rea de alto rendimiento, vers\u00e1til y segura para sus operaciones empresariales m\u00e1s cr\u00edticas.<\/span><\/p>\n<div class=\"source-inline-chip-container ng-star-inserted\">\n<h4>Contenido de la caja<\/h4>\n<p>1 DJI Matrice 400<br \/>\n1 estaci\u00f3n de carga BS100<br \/>\n1 bater\u00eda TB100<br \/>\n1x estuche de transporte<br \/>\n2x H\u00e9lices (par)<br \/>\n6x Arandelas y tornillos de h\u00e9lice<br \/>\n1 mando a distancia.<br \/>\n1 cable de alimentaci\u00f3n.<br \/>\n1x Correa y soporte para control remoto<br \/>\n1x bater\u00eda inteligente WB37<br \/>\n2x trenes de aterrizaje<br \/>\n1x cable USB-C a USB-C<br \/>\n4 tornillos<br \/>\n1x herramienta de limpieza<br \/>\n1x cubierta de puerto de goma y tornillos<br \/>\n4x amortiguadores de card\u00e1n<\/p>\n<h4>Compatibilidad<\/h4>\n<p>C\u00e1maras con card\u00e1n<br \/>\nZenmuse H30<br \/>\nZenmuse H30T<br \/>\nZenmuse L2<br \/>\nZenmuse P1<\/p>\n<h4>Accesorios funcionales<\/h4>\n<p>Foco de atenci\u00f3n de la Zenmuse S1<br \/>\nAltavoz Zenmuse V1<br \/>\nComputadora de borde m\u00faltiple 3<br \/>\nM\u00f3dulo SDR sub-2G DJI RC Plus 2<br \/>\nAdaptador celular DJI 2<\/p>\n<h4>Ecosistema de desarrolladores y puertos<\/h4>\n<p>Puerto X de DJI<br \/>\nKit de desarrollo DJI E-Port V2<br \/>\nKit de cable coaxial DJI E-Port V2<br \/>\nJuego de adaptadores DJI SkyPort V3<br \/>\nKit de cable coaxial DJI SkyPort V3<\/p>\n<\/div>\n<\/div>\n<\/div>\n<\/div>","protected":false},"excerpt":{"rendered":"<p><span class=\"citation-1679 citation-end-1679\">El DJI Matrice 400 Worry-Free Plus Combo es la plataforma insignia de drones empresariales definitiva, dise\u00f1ada para aplicaciones industriales exigentes como respuesta a emergencias, inspecciones de energ\u00eda, mapeo y arquitectura, ingenier\u00eda y construcci\u00f3n (AEC).<\/span> <span class=\"citation-1678 citation-end-1678\">Este combo garantiza una experiencia operativa integral y confiable al incluir un plan de atenci\u00f3n premium y accesorios esenciales.<\/span><\/p>","protected":false},"featured_media":21840,"comment_status":"open","ping_status":"closed","template":"","meta":[],"product_brand":[1031],"product_cat":[37,1117,1125,1126],"product_tag":[42,1129,1128],"class_list":{"0":"post-21837","1":"product","2":"type-product","3":"status-publish","4":"has-post-thumbnail","6":"product_brand-dji","7":"product_cat-dji","8":"product_cat-matrice-4","9":"product_cat-matrice-400","10":"product_cat-matrice-400-drones","11":"product_tag-dji","12":"product_tag-dji-matrice-400-drones","13":"product_tag-dji-matrice-400-series","15":"first","16":"onbackorder","17":"taxable","18":"shipping-taxable","19":"purchasable","20":"product-type-simple"},"yoast_head":"<!-- This site is optimized with the Yoast SEO plugin v27.1.1 - https:\/\/yoast.com\/product\/yoast-seo-wordpress\/ -->\n<title>DJI Matrice 400 Worry-Free Plus Combo - Ghostysky<\/title>\n<meta name=\"description\" content=\"The DJI Matrice 400 Worry-Free Plus Combo is the ultimate enterprise flagship drone platform, engineered for demanding industrial applications such as emergency response, power inspections, mapping, and Architecture, Engineering, and Construction (AEC). This combo ensures a comprehensive and reliable operational experience by including a premium care plan and essential accessories.\" \/>\n<meta name=\"robots\" content=\"index, follow, max-snippet:-1, max-image-preview:large, max-video-preview:-1\" \/>\n<link rel=\"canonical\" href=\"https:\/\/www.ghostysky.com\/es\/producto-2\/dji-matrice-400-worry-free-plus-combo\/\" \/>\n<meta property=\"og:locale\" content=\"es_ES\" \/>\n<meta property=\"og:type\" content=\"article\" \/>\n<meta property=\"og:title\" content=\"DJI Matrice 400 Worry-Free Plus Combo - Ghostysky\" \/>\n<meta property=\"og:description\" content=\"The DJI Matrice 400 Worry-Free Plus Combo is the ultimate enterprise flagship drone platform, engineered for demanding industrial applications such as emergency response, power inspections, mapping, and Architecture, Engineering, and Construction (AEC). This combo ensures a comprehensive and reliable operational experience by including a premium care plan and essential accessories.\" \/>\n<meta property=\"og:url\" content=\"https:\/\/www.ghostysky.com\/es\/producto-2\/dji-matrice-400-worry-free-plus-combo\/\" \/>\n<meta property=\"og:site_name\" content=\"Ghostysky\" \/>\n<meta property=\"article:publisher\" content=\"https:\/\/www.facebook.com\/people\/Ghostysky\/100057676170234\/\" \/>\n<meta property=\"article:modified_time\" content=\"2025-10-18T03:41:14+00:00\" \/>\n<meta property=\"og:image\" content=\"https:\/\/www.ghostysky.com\/wp-content\/uploads\/2025\/10\/GH_DJI-Matrice-400-Worry-Free-Plus-Combo_1.jpg\" \/>\n\t<meta property=\"og:image:width\" content=\"800\" \/>\n\t<meta property=\"og:image:height\" content=\"800\" \/>\n\t<meta property=\"og:image:type\" content=\"image\/jpeg\" \/>\n<meta name=\"twitter:card\" content=\"summary_large_image\" \/>\n<meta name=\"twitter:site\" content=\"@Gh0stysky\" \/>\n<meta name=\"twitter:label1\" content=\"Tiempo de lectura\" \/>\n\t<meta name=\"twitter:data1\" content=\"3 minutos\" \/>\n<script type=\"application\/ld+json\" class=\"yoast-schema-graph\">{\"@context\":\"https:\/\/schema.org\",\"@graph\":[{\"@type\":\"WebPage\",\"@id\":\"https:\/\/www.ghostysky.com\/product\/dji-matrice-400-worry-free-plus-combo\/\",\"url\":\"https:\/\/www.ghostysky.com\/product\/dji-matrice-400-worry-free-plus-combo\/\",\"name\":\"DJI Matrice 400 Worry-Free Plus Combo - Ghostysky\",\"isPartOf\":{\"@id\":\"https:\/\/www.ghostysky.com\/#website\"},\"primaryImageOfPage\":{\"@id\":\"https:\/\/www.ghostysky.com\/product\/dji-matrice-400-worry-free-plus-combo\/#primaryimage\"},\"image\":{\"@id\":\"https:\/\/www.ghostysky.com\/product\/dji-matrice-400-worry-free-plus-combo\/#primaryimage\"},\"thumbnailUrl\":\"https:\/\/www.ghostysky.com\/wp-content\/uploads\/2025\/10\/GH_DJI-Matrice-400-Worry-Free-Plus-Combo_1.jpg\",\"datePublished\":\"2025-10-18T03:15:36+00:00\",\"dateModified\":\"2025-10-18T03:41:14+00:00\",\"description\":\"The DJI Matrice 400 Worry-Free Plus Combo is the ultimate enterprise flagship drone platform, engineered for demanding industrial applications such as emergency response, power inspections, mapping, and Architecture, Engineering, and Construction (AEC). This combo ensures a comprehensive and reliable operational experience by including a premium care plan and essential accessories.\",\"breadcrumb\":{\"@id\":\"https:\/\/www.ghostysky.com\/product\/dji-matrice-400-worry-free-plus-combo\/#breadcrumb\"},\"inLanguage\":\"es\",\"potentialAction\":[{\"@type\":\"ReadAction\",\"target\":[\"https:\/\/www.ghostysky.com\/product\/dji-matrice-400-worry-free-plus-combo\/\"]}]},{\"@type\":\"ImageObject\",\"inLanguage\":\"es\",\"@id\":\"https:\/\/www.ghostysky.com\/product\/dji-matrice-400-worry-free-plus-combo\/#primaryimage\",\"url\":\"https:\/\/www.ghostysky.com\/wp-content\/uploads\/2025\/10\/GH_DJI-Matrice-400-Worry-Free-Plus-Combo_1.jpg\",\"contentUrl\":\"https:\/\/www.ghostysky.com\/wp-content\/uploads\/2025\/10\/GH_DJI-Matrice-400-Worry-Free-Plus-Combo_1.jpg\",\"width\":800,\"height\":800},{\"@type\":\"BreadcrumbList\",\"@id\":\"https:\/\/www.ghostysky.com\/product\/dji-matrice-400-worry-free-plus-combo\/#breadcrumb\",\"itemListElement\":[{\"@type\":\"ListItem\",\"position\":1,\"name\":\"Home\",\"item\":\"https:\/\/www.ghostysky.com\/\"},{\"@type\":\"ListItem\",\"position\":2,\"name\":\"Shop\",\"item\":\"https:\/\/www.ghostysky.com\/shop\/\"},{\"@type\":\"ListItem\",\"position\":3,\"name\":\"DJI Matrice 400 Worry-Free Plus Combo\"}]},{\"@type\":\"WebSite\",\"@id\":\"https:\/\/www.ghostysky.com\/#website\",\"url\":\"https:\/\/www.ghostysky.com\/\",\"name\":\"Ghostysky\",\"description\":\"Delivering professional drones and services\",\"publisher\":{\"@id\":\"https:\/\/www.ghostysky.com\/#organization\"},\"potentialAction\":[{\"@type\":\"SearchAction\",\"target\":{\"@type\":\"EntryPoint\",\"urlTemplate\":\"https:\/\/www.ghostysky.com\/?s={search_term_string}\"},\"query-input\":{\"@type\":\"PropertyValueSpecification\",\"valueRequired\":true,\"valueName\":\"search_term_string\"}}],\"inLanguage\":\"es\"},{\"@type\":\"Organization\",\"@id\":\"https:\/\/www.ghostysky.com\/#organization\",\"name\":\"Ghostysky\",\"url\":\"https:\/\/www.ghostysky.com\/\",\"logo\":{\"@type\":\"ImageObject\",\"inLanguage\":\"es\",\"@id\":\"https:\/\/www.ghostysky.com\/#\/schema\/logo\/image\/\",\"url\":\"https:\/\/www.ghostysky.com\/wp-content\/uploads\/2020\/06\/cropped-ghostyskylogo_text_white2.png\",\"contentUrl\":\"https:\/\/www.ghostysky.com\/wp-content\/uploads\/2020\/06\/cropped-ghostyskylogo_text_white2.png\",\"width\":169,\"height\":56,\"caption\":\"Ghostysky\"},\"image\":{\"@id\":\"https:\/\/www.ghostysky.com\/#\/schema\/logo\/image\/\"},\"sameAs\":[\"https:\/\/www.facebook.com\/people\/Ghostysky\/100057676170234\/\",\"https:\/\/x.com\/Gh0stysky\",\"https:\/\/www.linkedin.com\/company\/34739653\",\"https:\/\/www.instagram.com\/gh0stysky\"]}]}<\/script>\n<!-- \/ Yoast SEO plugin. -->","yoast_head_json":{"title":"Combo DJI Matrice 400 Worry-Free Plus - Ghostysky","description":"El DJI Matrice 400 Worry-Free Plus Combo es la plataforma de drones empresarial insignia definitiva, dise\u00f1ada para aplicaciones industriales exigentes como respuesta a emergencias, inspecciones de energ\u00eda, cartograf\u00eda y arquitectura, ingenier\u00eda y construcci\u00f3n (AEC). Este combo garantiza una experiencia operativa completa y confiable al incluir un plan de mantenimiento premium y accesorios esenciales.","robots":{"index":"index","follow":"follow","max-snippet":"max-snippet:-1","max-image-preview":"max-image-preview:large","max-video-preview":"max-video-preview:-1"},"canonical":"https:\/\/www.ghostysky.com\/es\/producto-2\/dji-matrice-400-worry-free-plus-combo\/","og_locale":"es_ES","og_type":"article","og_title":"DJI Matrice 400 Worry-Free Plus Combo - Ghostysky","og_description":"The DJI Matrice 400 Worry-Free Plus Combo is the ultimate enterprise flagship drone platform, engineered for demanding industrial applications such as emergency response, power inspections, mapping, and Architecture, Engineering, and Construction (AEC). This combo ensures a comprehensive and reliable operational experience by including a premium care plan and essential accessories.","og_url":"https:\/\/www.ghostysky.com\/es\/producto-2\/dji-matrice-400-worry-free-plus-combo\/","og_site_name":"Ghostysky","article_publisher":"https:\/\/www.facebook.com\/people\/Ghostysky\/100057676170234\/","article_modified_time":"2025-10-18T03:41:14+00:00","og_image":[{"width":800,"height":800,"url":"https:\/\/www.ghostysky.com\/wp-content\/uploads\/2025\/10\/GH_DJI-Matrice-400-Worry-Free-Plus-Combo_1.jpg","type":"image\/jpeg"}],"twitter_card":"summary_large_image","twitter_site":"@Gh0stysky","twitter_misc":{"Tiempo de lectura":"3 minutos"},"schema":{"@context":"https:\/\/schema.org","@graph":[{"@type":"WebPage","@id":"https:\/\/www.ghostysky.com\/product\/dji-matrice-400-worry-free-plus-combo\/","url":"https:\/\/www.ghostysky.com\/product\/dji-matrice-400-worry-free-plus-combo\/","name":"Combo DJI Matrice 400 Worry-Free Plus - Ghostysky","isPartOf":{"@id":"https:\/\/www.ghostysky.com\/#website"},"primaryImageOfPage":{"@id":"https:\/\/www.ghostysky.com\/product\/dji-matrice-400-worry-free-plus-combo\/#primaryimage"},"image":{"@id":"https:\/\/www.ghostysky.com\/product\/dji-matrice-400-worry-free-plus-combo\/#primaryimage"},"thumbnailUrl":"https:\/\/www.ghostysky.com\/wp-content\/uploads\/2025\/10\/GH_DJI-Matrice-400-Worry-Free-Plus-Combo_1.jpg","datePublished":"2025-10-18T03:15:36+00:00","dateModified":"2025-10-18T03:41:14+00:00","description":"El DJI Matrice 400 Worry-Free Plus Combo es la plataforma de drones empresarial insignia definitiva, dise\u00f1ada para aplicaciones industriales exigentes como respuesta a emergencias, inspecciones de energ\u00eda, cartograf\u00eda y arquitectura, ingenier\u00eda y construcci\u00f3n (AEC). Este combo garantiza una experiencia operativa completa y confiable al incluir un plan de mantenimiento premium y accesorios esenciales.","breadcrumb":{"@id":"https:\/\/www.ghostysky.com\/product\/dji-matrice-400-worry-free-plus-combo\/#breadcrumb"},"inLanguage":"es","potentialAction":[{"@type":"ReadAction","target":["https:\/\/www.ghostysky.com\/product\/dji-matrice-400-worry-free-plus-combo\/"]}]},{"@type":"ImageObject","inLanguage":"es","@id":"https:\/\/www.ghostysky.com\/product\/dji-matrice-400-worry-free-plus-combo\/#primaryimage","url":"https:\/\/www.ghostysky.com\/wp-content\/uploads\/2025\/10\/GH_DJI-Matrice-400-Worry-Free-Plus-Combo_1.jpg","contentUrl":"https:\/\/www.ghostysky.com\/wp-content\/uploads\/2025\/10\/GH_DJI-Matrice-400-Worry-Free-Plus-Combo_1.jpg","width":800,"height":800},{"@type":"BreadcrumbList","@id":"https:\/\/www.ghostysky.com\/product\/dji-matrice-400-worry-free-plus-combo\/#breadcrumb","itemListElement":[{"@type":"ListItem","position":1,"name":"Home","item":"https:\/\/www.ghostysky.com\/"},{"@type":"ListItem","position":2,"name":"Shop","item":"https:\/\/www.ghostysky.com\/shop\/"},{"@type":"ListItem","position":3,"name":"DJI Matrice 400 Worry-Free Plus Combo"}]},{"@type":"WebSite","@id":"https:\/\/www.ghostysky.com\/#website","url":"https:\/\/www.ghostysky.com\/","name":"Ghostysky","description":"Entrega de drones y servicios profesionales","publisher":{"@id":"https:\/\/www.ghostysky.com\/#organization"},"potentialAction":[{"@type":"SearchAction","target":{"@type":"EntryPoint","urlTemplate":"https:\/\/www.ghostysky.com\/?s={search_term_string}"},"query-input":{"@type":"PropertyValueSpecification","valueRequired":true,"valueName":"search_term_string"}}],"inLanguage":"es"},{"@type":"Organization","@id":"https:\/\/www.ghostysky.com\/#organization","name":"Ghostysky","url":"https:\/\/www.ghostysky.com\/","logo":{"@type":"ImageObject","inLanguage":"es","@id":"https:\/\/www.ghostysky.com\/#\/schema\/logo\/image\/","url":"https:\/\/www.ghostysky.com\/wp-content\/uploads\/2020\/06\/cropped-ghostyskylogo_text_white2.png","contentUrl":"https:\/\/www.ghostysky.com\/wp-content\/uploads\/2020\/06\/cropped-ghostyskylogo_text_white2.png","width":169,"height":56,"caption":"Ghostysky"},"image":{"@id":"https:\/\/www.ghostysky.com\/#\/schema\/logo\/image\/"},"sameAs":["https:\/\/www.facebook.com\/people\/Ghostysky\/100057676170234\/","https:\/\/x.com\/Gh0stysky","https:\/\/www.linkedin.com\/company\/34739653","https:\/\/www.instagram.com\/gh0stysky"]}]}},"_links":{"self":[{"href":"https:\/\/www.ghostysky.com\/es\/wp-json\/wp\/v2\/product\/21837","targetHints":{"allow":["GET"]}}],"collection":[{"href":"https:\/\/www.ghostysky.com\/es\/wp-json\/wp\/v2\/product"}],"about":[{"href":"https:\/\/www.ghostysky.com\/es\/wp-json\/wp\/v2\/types\/product"}],"replies":[{"embeddable":true,"href":"https:\/\/www.ghostysky.com\/es\/wp-json\/wp\/v2\/comments?post=21837"}],"wp:featuredmedia":[{"embeddable":true,"href":"https:\/\/www.ghostysky.com\/es\/wp-json\/wp\/v2\/media\/21840"}],"wp:attachment":[{"href":"https:\/\/www.ghostysky.com\/es\/wp-json\/wp\/v2\/media?parent=21837"}],"wp:term":[{"taxonomy":"product_brand","embeddable":true,"href":"https:\/\/www.ghostysky.com\/es\/wp-json\/wp\/v2\/product_brand?post=21837"},{"taxonomy":"product_cat","embeddable":true,"href":"https:\/\/www.ghostysky.com\/es\/wp-json\/wp\/v2\/product_cat?post=21837"},{"taxonomy":"product_tag","embeddable":true,"href":"https:\/\/www.ghostysky.com\/es\/wp-json\/wp\/v2\/product_tag?post=21837"}],"curies":[{"name":"wp","href":"https:\/\/api.w.org\/{rel}","templated":true}]}}