{"id":21841,"date":"2025-10-18T03:36:18","date_gmt":"2025-10-18T03:36:18","guid":{"rendered":"https:\/\/www.ghostysky.com\/?post_type=product&#038;p=21841"},"modified":"2025-10-18T04:16:37","modified_gmt":"2025-10-18T04:16:37","slug":"czi-ir10-infrared-zoom-spotlight","status":"publish","type":"product","link":"https:\/\/www.ghostysky.com\/es\/product\/czi-ir10-infrared-zoom-spotlight\/","title":{"rendered":"Foco con zoom infrarrojo CZI IR10"},"content":{"rendered":"<div id=\"model-response-message-contentr_55bc02040a3d26f8\" class=\"markdown markdown-main-panel stronger enable-updated-hr-color\" dir=\"ltr\">\n<div id=\"model-response-message-contentr_7d191a1853b28634\" class=\"markdown markdown-main-panel stronger enable-updated-hr-color\" dir=\"ltr\">\n<div id=\"model-response-message-contentr_4bdeaa6da8c41b15\" class=\"markdown markdown-main-panel stronger enable-updated-hr-color\" dir=\"ltr\">\n<div id=\"model-response-message-contentr_e0d74dc8e10239d5\" class=\"markdown markdown-main-panel stronger enable-updated-hr-color\" dir=\"ltr\">\n<h3><b>Caracter\u00edsticas clave<\/b><\/h3>\n<ul>\n<li><b><span class=\"citation-1700\">Iluminaci\u00f3n infrarroja sigilosa:<\/span><\/b><span class=\"citation-1700\"> Utiliza la \u00faltima tecnolog\u00eda de generador l\u00e1ser de fibra para producir un potente haz de luz infrarroja (IR) que es pr\u00e1cticamente <\/span><b><span class=\"citation-1700\">invisible al ojo humano<\/span><\/b><span class=\"citation-1700 citation-end-1700\">, lo que lo hace ideal para operaciones encubiertas y furtivas.<\/span><\/li>\n<li><b><span class=\"citation-1699\">Distancia efectiva ultralarga:<\/span><\/b><span class=\"citation-1699\"> Proporciona una luz de relleno infrarroja clara con una distancia de iluminaci\u00f3n efectiva de <\/span><b><span class=\"citation-1699\">m\u00e1s de 1000 metros<\/span><\/b><span class=\"citation-1699 citation-end-1699\"> (0,62 millas).<\/span><\/li>\n<li><b><span class=\"citation-1698\">Zoom \u00f3ptico 70x:<\/span><\/b><span class=\"citation-1698\"> Cuenta con una impresionante <\/span><b><span class=\"citation-1698\">Zoom \u00f3ptico de 70x<\/span><\/b><span class=\"citation-1698 citation-end-1698\"> capacidad que permite un seguimiento y reconocimiento de alta precisi\u00f3n con un control flexible sobre el enfoque y el brillo del haz (atenuaci\u00f3n lineal).<\/span><\/li>\n<li><b><span class=\"citation-1697\">Im\u00e1genes mejoradas:<\/span><\/b><span class=\"citation-1697\"> Funciona en conjunto con cargas \u00fatiles compatibles como la <\/span><b><span class=\"citation-1697\">DJI Zenmuse H20\/H20T\/H20N<\/span><\/b><span class=\"citation-1697 citation-end-1697\"> (en modo IR) y otras c\u00e1maras con zoom de card\u00e1n para proporcionar una luz complementaria n\u00edtida y clara para im\u00e1genes nocturnas de alta calidad.<\/span><\/li>\n<li><b><span class=\"citation-1696\">Rendimiento en todo tipo de clima:<\/span><\/b><span class=\"citation-1696\"> Disponible en diferentes versiones, incluida una <\/span><b><span class=\"citation-1696\">940 nm<\/span><\/b><span class=\"citation-1696\"> Opci\u00f3n para exposici\u00f3n m\u00ednima a infrarrojos (m\u00e1s encubierta) y una <\/span><b><span class=\"citation-1696\">808 nm<\/span><\/b><span class=\"citation-1696 citation-end-1696\"> Versi\u00f3n que ofrece una excelente penetraci\u00f3n de lluvia, humo y neblina, garantizando una visibilidad clara en condiciones ambientales dif\u00edciles.<\/span><\/li>\n<li><b>Construcci\u00f3n de grado industrial:<\/b><span class=\"citation-1695\"> Construido con grupos de lentes \u00f3pticas de formaci\u00f3n de im\u00e1genes, es <\/span><b><span class=\"citation-1695\">Resistente al agua y al polvo<\/span><\/b><span class=\"citation-1695 citation-end-1695\">, lo que permite una capacidad de arranque en fr\u00edo a temperaturas tan bajas como <\/span><span class=\"math-inline\" data-math=\"-35^\\circ \\text{C}\"><span class=\"katex\"><span class=\"katex-html\" aria-hidden=\"true\"><span class=\"base\"><span class=\"mord\">\u2212<\/span><span class=\"mord\">3<\/span><span class=\"mord\">5<span class=\"msupsub\"><span class=\"vlist-t\"><span class=\"vlist-r\"><span class=\"vlist\"><span class=\"\"><span class=\"sizing reset-size6 size3 mtight\"><span class=\"mbin mtight\">\u2218<\/span><\/span><\/span><\/span><\/span><\/span><\/span><\/span><span class=\"mord text\"><span class=\"mord\">do<\/span><\/span><\/span><\/span><\/span><\/span><span class=\"citation-1694 citation-end-1694\">.<\/span><\/li>\n<li><b><span class=\"citation-1693\">Integraci\u00f3n perfecta de drones:<\/span><\/b><span class=\"citation-1693\"> Se monta directamente en drones DJI Enterprise compatibles, como el <\/span><b><span class=\"citation-1693\">Series Matrice 350 RTK, Matrice 300 RTK y Matrice 200 V2<\/span><\/b><span class=\"citation-1693\">, a trav\u00e9s de la <\/span><b><span class=\"citation-1693\">DJI SkyPort V2.0<\/span><\/b><span class=\"citation-1693 citation-end-1693\"> interfaz.<\/span><\/li>\n<li><b><span class=\"citation-1692\">Funciones de seguridad inteligentes:<\/span><\/b><span class=\"citation-1692 citation-end-1692\"> Chip inteligente integrado para autocomprobaci\u00f3n del estado de la fuente de alimentaci\u00f3n y de la temperatura del panel de la l\u00e1mpara, incluida protecci\u00f3n de apagado autom\u00e1tico contra sobredescarga y sobretensi\u00f3n.<\/span>\n<div class=\"source-inline-chip-container ng-star-inserted\"><\/div>\n<\/li>\n<\/ul>\n<p><span class=\"citation-1691\">El CZI IR10 es una herramienta indispensable para los profesionales en <\/span><b><span class=\"citation-1691\">aplicaci\u00f3n de la ley, seguridad p\u00fablica, b\u00fasqueda y rescate e inspecci\u00f3n<\/span><\/b><span class=\"citation-1691 citation-end-1691\"> que requieren una iluminaci\u00f3n superior y discreta para misiones que van m\u00e1s all\u00e1 de la oscuridad visual.<\/span><\/p>\n<div class=\"source-inline-chip-container ng-star-inserted\"><\/div>\n<\/div>\n<\/div>\n<\/div>\n<\/div>","protected":false},"excerpt":{"rendered":"<p>El foco infrarrojo con zoom CZI IR10 es una potente carga \u00fatil de iluminaci\u00f3n a\u00e9rea de largo alcance dise\u00f1ada para visi\u00f3n nocturna avanzada y vigilancia encubierta mediante drones DJI Enterprise.<\/p>","protected":false},"featured_media":21842,"comment_status":"open","ping_status":"closed","template":"","meta":[],"product_brand":[1031],"product_cat":[37,1125,1127],"product_tag":[42,1131,1128],"class_list":{"0":"post-21841","1":"product","2":"type-product","3":"status-publish","4":"has-post-thumbnail","6":"product_brand-dji","7":"product_cat-dji","8":"product_cat-matrice-400","9":"product_cat-matrice-400-accessories","10":"product_tag-dji","11":"product_tag-dji-matrice-400-accessories","12":"product_tag-dji-matrice-400-series","14":"first","15":"onbackorder","16":"taxable","17":"shipping-taxable","18":"purchasable","19":"product-type-simple"},"yoast_head":"<!-- This site is optimized with the Yoast SEO plugin v27.4 - https:\/\/yoast.com\/product\/yoast-seo-wordpress\/ -->\n<title>CZI IR10 Infrared Zoom Spotlight - Ghostysky<\/title>\n<meta name=\"description\" content=\"The CZI IR10 Infrared Zoom Spotlight is a powerful, long-range aerial illumination payload designed for advanced night vision and covert surveillance using DJI Enterprise drones.\" \/>\n<meta name=\"robots\" content=\"index, follow, max-snippet:-1, max-image-preview:large, max-video-preview:-1\" \/>\n<link rel=\"canonical\" href=\"https:\/\/www.ghostysky.com\/es\/producto-2\/czi-ir10-infrared-zoom-spotlight\/\" \/>\n<meta property=\"og:locale\" content=\"es_ES\" \/>\n<meta property=\"og:type\" content=\"article\" \/>\n<meta property=\"og:title\" content=\"CZI IR10 Infrared Zoom Spotlight - Ghostysky\" \/>\n<meta property=\"og:description\" content=\"The CZI IR10 Infrared Zoom Spotlight is a powerful, long-range aerial illumination payload designed for advanced night vision and covert surveillance using DJI Enterprise drones.\" \/>\n<meta property=\"og:url\" content=\"https:\/\/www.ghostysky.com\/es\/producto-2\/czi-ir10-infrared-zoom-spotlight\/\" \/>\n<meta property=\"og:site_name\" content=\"Ghostysky\" \/>\n<meta property=\"article:publisher\" content=\"https:\/\/www.facebook.com\/people\/Ghostysky\/100057676170234\/\" \/>\n<meta property=\"article:modified_time\" content=\"2025-10-18T04:16:37+00:00\" \/>\n<meta property=\"og:image\" content=\"https:\/\/www.ghostysky.com\/wp-content\/uploads\/2025\/10\/GH_CZI-IR10-Infrared-Zoom-Spotlight_1.jpg\" \/>\n\t<meta property=\"og:image:width\" content=\"800\" \/>\n\t<meta property=\"og:image:height\" content=\"800\" \/>\n\t<meta property=\"og:image:type\" content=\"image\/jpeg\" \/>\n<meta name=\"twitter:card\" content=\"summary_large_image\" \/>\n<meta name=\"twitter:site\" content=\"@Gh0stysky\" \/>\n<meta name=\"twitter:label1\" content=\"Tiempo de lectura\" \/>\n\t<meta name=\"twitter:data1\" content=\"2 minutos\" \/>\n<script type=\"application\/ld+json\" class=\"yoast-schema-graph\">{\"@context\":\"https:\\\/\\\/schema.org\",\"@graph\":[{\"@type\":\"WebPage\",\"@id\":\"https:\\\/\\\/www.ghostysky.com\\\/product\\\/czi-ir10-infrared-zoom-spotlight\\\/\",\"url\":\"https:\\\/\\\/www.ghostysky.com\\\/product\\\/czi-ir10-infrared-zoom-spotlight\\\/\",\"name\":\"CZI IR10 Infrared Zoom Spotlight - Ghostysky\",\"isPartOf\":{\"@id\":\"https:\\\/\\\/www.ghostysky.com\\\/#website\"},\"primaryImageOfPage\":{\"@id\":\"https:\\\/\\\/www.ghostysky.com\\\/product\\\/czi-ir10-infrared-zoom-spotlight\\\/#primaryimage\"},\"image\":{\"@id\":\"https:\\\/\\\/www.ghostysky.com\\\/product\\\/czi-ir10-infrared-zoom-spotlight\\\/#primaryimage\"},\"thumbnailUrl\":\"https:\\\/\\\/www.ghostysky.com\\\/wp-content\\\/uploads\\\/2025\\\/10\\\/GH_CZI-IR10-Infrared-Zoom-Spotlight_1.jpg\",\"datePublished\":\"2025-10-18T03:36:18+00:00\",\"dateModified\":\"2025-10-18T04:16:37+00:00\",\"description\":\"The CZI IR10 Infrared Zoom Spotlight is a powerful, long-range aerial illumination payload designed for advanced night vision and covert surveillance using DJI Enterprise drones.\",\"breadcrumb\":{\"@id\":\"https:\\\/\\\/www.ghostysky.com\\\/product\\\/czi-ir10-infrared-zoom-spotlight\\\/#breadcrumb\"},\"inLanguage\":\"es\",\"potentialAction\":[{\"@type\":\"ReadAction\",\"target\":[\"https:\\\/\\\/www.ghostysky.com\\\/product\\\/czi-ir10-infrared-zoom-spotlight\\\/\"]}]},{\"@type\":\"ImageObject\",\"inLanguage\":\"es\",\"@id\":\"https:\\\/\\\/www.ghostysky.com\\\/product\\\/czi-ir10-infrared-zoom-spotlight\\\/#primaryimage\",\"url\":\"https:\\\/\\\/www.ghostysky.com\\\/wp-content\\\/uploads\\\/2025\\\/10\\\/GH_CZI-IR10-Infrared-Zoom-Spotlight_1.jpg\",\"contentUrl\":\"https:\\\/\\\/www.ghostysky.com\\\/wp-content\\\/uploads\\\/2025\\\/10\\\/GH_CZI-IR10-Infrared-Zoom-Spotlight_1.jpg\",\"width\":800,\"height\":800},{\"@type\":\"BreadcrumbList\",\"@id\":\"https:\\\/\\\/www.ghostysky.com\\\/product\\\/czi-ir10-infrared-zoom-spotlight\\\/#breadcrumb\",\"itemListElement\":[{\"@type\":\"ListItem\",\"position\":1,\"name\":\"Home\",\"item\":\"https:\\\/\\\/www.ghostysky.com\\\/\"},{\"@type\":\"ListItem\",\"position\":2,\"name\":\"Shop\",\"item\":\"https:\\\/\\\/www.ghostysky.com\\\/shop\\\/\"},{\"@type\":\"ListItem\",\"position\":3,\"name\":\"CZI IR10 Infrared Zoom Spotlight\"}]},{\"@type\":\"WebSite\",\"@id\":\"https:\\\/\\\/www.ghostysky.com\\\/#website\",\"url\":\"https:\\\/\\\/www.ghostysky.com\\\/\",\"name\":\"Ghostysky\",\"description\":\"Delivering professional drones and robotics solutions\",\"publisher\":{\"@id\":\"https:\\\/\\\/www.ghostysky.com\\\/#organization\"},\"potentialAction\":[{\"@type\":\"SearchAction\",\"target\":{\"@type\":\"EntryPoint\",\"urlTemplate\":\"https:\\\/\\\/www.ghostysky.com\\\/?s={search_term_string}\"},\"query-input\":{\"@type\":\"PropertyValueSpecification\",\"valueRequired\":true,\"valueName\":\"search_term_string\"}}],\"inLanguage\":\"es\"},{\"@type\":\"Organization\",\"@id\":\"https:\\\/\\\/www.ghostysky.com\\\/#organization\",\"name\":\"Ghostysky\",\"url\":\"https:\\\/\\\/www.ghostysky.com\\\/\",\"logo\":{\"@type\":\"ImageObject\",\"inLanguage\":\"es\",\"@id\":\"https:\\\/\\\/www.ghostysky.com\\\/#\\\/schema\\\/logo\\\/image\\\/\",\"url\":\"https:\\\/\\\/www.ghostysky.com\\\/wp-content\\\/uploads\\\/2020\\\/06\\\/cropped-ghostyskylogo_text_white2.png\",\"contentUrl\":\"https:\\\/\\\/www.ghostysky.com\\\/wp-content\\\/uploads\\\/2020\\\/06\\\/cropped-ghostyskylogo_text_white2.png\",\"width\":169,\"height\":56,\"caption\":\"Ghostysky\"},\"image\":{\"@id\":\"https:\\\/\\\/www.ghostysky.com\\\/#\\\/schema\\\/logo\\\/image\\\/\"},\"sameAs\":[\"https:\\\/\\\/www.facebook.com\\\/people\\\/Ghostysky\\\/100057676170234\\\/\",\"https:\\\/\\\/x.com\\\/Gh0stysky\",\"https:\\\/\\\/www.linkedin.com\\\/company\\\/34739653\",\"https:\\\/\\\/www.instagram.com\\\/gh0stysky\"]}]}<\/script>\n<!-- \/ Yoast SEO plugin. -->","yoast_head_json":{"title":"Foco con zoom infrarrojo CZI IR10 - Ghostysky","description":"El foco infrarrojo con zoom CZI IR10 es una potente carga \u00fatil de iluminaci\u00f3n a\u00e9rea de largo alcance dise\u00f1ada para visi\u00f3n nocturna avanzada y vigilancia encubierta mediante drones DJI Enterprise.","robots":{"index":"index","follow":"follow","max-snippet":"max-snippet:-1","max-image-preview":"max-image-preview:large","max-video-preview":"max-video-preview:-1"},"canonical":"https:\/\/www.ghostysky.com\/es\/producto-2\/czi-ir10-infrared-zoom-spotlight\/","og_locale":"es_ES","og_type":"article","og_title":"CZI IR10 Infrared Zoom Spotlight - Ghostysky","og_description":"The CZI IR10 Infrared Zoom Spotlight is a powerful, long-range aerial illumination payload designed for advanced night vision and covert surveillance using DJI Enterprise drones.","og_url":"https:\/\/www.ghostysky.com\/es\/producto-2\/czi-ir10-infrared-zoom-spotlight\/","og_site_name":"Ghostysky","article_publisher":"https:\/\/www.facebook.com\/people\/Ghostysky\/100057676170234\/","article_modified_time":"2025-10-18T04:16:37+00:00","og_image":[{"width":800,"height":800,"url":"https:\/\/www.ghostysky.com\/wp-content\/uploads\/2025\/10\/GH_CZI-IR10-Infrared-Zoom-Spotlight_1.jpg","type":"image\/jpeg"}],"twitter_card":"summary_large_image","twitter_site":"@Gh0stysky","twitter_misc":{"Tiempo de lectura":"2 minutos"},"schema":{"@context":"https:\/\/schema.org","@graph":[{"@type":"WebPage","@id":"https:\/\/www.ghostysky.com\/product\/czi-ir10-infrared-zoom-spotlight\/","url":"https:\/\/www.ghostysky.com\/product\/czi-ir10-infrared-zoom-spotlight\/","name":"Foco con zoom infrarrojo CZI IR10 - Ghostysky","isPartOf":{"@id":"https:\/\/www.ghostysky.com\/#website"},"primaryImageOfPage":{"@id":"https:\/\/www.ghostysky.com\/product\/czi-ir10-infrared-zoom-spotlight\/#primaryimage"},"image":{"@id":"https:\/\/www.ghostysky.com\/product\/czi-ir10-infrared-zoom-spotlight\/#primaryimage"},"thumbnailUrl":"https:\/\/www.ghostysky.com\/wp-content\/uploads\/2025\/10\/GH_CZI-IR10-Infrared-Zoom-Spotlight_1.jpg","datePublished":"2025-10-18T03:36:18+00:00","dateModified":"2025-10-18T04:16:37+00:00","description":"El foco infrarrojo con zoom CZI IR10 es una potente carga \u00fatil de iluminaci\u00f3n a\u00e9rea de largo alcance dise\u00f1ada para visi\u00f3n nocturna avanzada y vigilancia encubierta mediante drones DJI Enterprise.","breadcrumb":{"@id":"https:\/\/www.ghostysky.com\/product\/czi-ir10-infrared-zoom-spotlight\/#breadcrumb"},"inLanguage":"es","potentialAction":[{"@type":"ReadAction","target":["https:\/\/www.ghostysky.com\/product\/czi-ir10-infrared-zoom-spotlight\/"]}]},{"@type":"ImageObject","inLanguage":"es","@id":"https:\/\/www.ghostysky.com\/product\/czi-ir10-infrared-zoom-spotlight\/#primaryimage","url":"https:\/\/www.ghostysky.com\/wp-content\/uploads\/2025\/10\/GH_CZI-IR10-Infrared-Zoom-Spotlight_1.jpg","contentUrl":"https:\/\/www.ghostysky.com\/wp-content\/uploads\/2025\/10\/GH_CZI-IR10-Infrared-Zoom-Spotlight_1.jpg","width":800,"height":800},{"@type":"BreadcrumbList","@id":"https:\/\/www.ghostysky.com\/product\/czi-ir10-infrared-zoom-spotlight\/#breadcrumb","itemListElement":[{"@type":"ListItem","position":1,"name":"Home","item":"https:\/\/www.ghostysky.com\/"},{"@type":"ListItem","position":2,"name":"Shop","item":"https:\/\/www.ghostysky.com\/shop\/"},{"@type":"ListItem","position":3,"name":"CZI IR10 Infrared Zoom Spotlight"}]},{"@type":"WebSite","@id":"https:\/\/www.ghostysky.com\/#website","url":"https:\/\/www.ghostysky.com\/","name":"Ghostysky","description":"Ofrecemos soluciones profesionales de drones y rob\u00f3tica.","publisher":{"@id":"https:\/\/www.ghostysky.com\/#organization"},"potentialAction":[{"@type":"SearchAction","target":{"@type":"EntryPoint","urlTemplate":"https:\/\/www.ghostysky.com\/?s={search_term_string}"},"query-input":{"@type":"PropertyValueSpecification","valueRequired":true,"valueName":"search_term_string"}}],"inLanguage":"es"},{"@type":"Organization","@id":"https:\/\/www.ghostysky.com\/#organization","name":"Ghostysky","url":"https:\/\/www.ghostysky.com\/","logo":{"@type":"ImageObject","inLanguage":"es","@id":"https:\/\/www.ghostysky.com\/#\/schema\/logo\/image\/","url":"https:\/\/www.ghostysky.com\/wp-content\/uploads\/2020\/06\/cropped-ghostyskylogo_text_white2.png","contentUrl":"https:\/\/www.ghostysky.com\/wp-content\/uploads\/2020\/06\/cropped-ghostyskylogo_text_white2.png","width":169,"height":56,"caption":"Ghostysky"},"image":{"@id":"https:\/\/www.ghostysky.com\/#\/schema\/logo\/image\/"},"sameAs":["https:\/\/www.facebook.com\/people\/Ghostysky\/100057676170234\/","https:\/\/x.com\/Gh0stysky","https:\/\/www.linkedin.com\/company\/34739653","https:\/\/www.instagram.com\/gh0stysky"]}]}},"_links":{"self":[{"href":"https:\/\/www.ghostysky.com\/es\/wp-json\/wp\/v2\/product\/21841","targetHints":{"allow":["GET"]}}],"collection":[{"href":"https:\/\/www.ghostysky.com\/es\/wp-json\/wp\/v2\/product"}],"about":[{"href":"https:\/\/www.ghostysky.com\/es\/wp-json\/wp\/v2\/types\/product"}],"replies":[{"embeddable":true,"href":"https:\/\/www.ghostysky.com\/es\/wp-json\/wp\/v2\/comments?post=21841"}],"version-history":[{"count":0,"href":"https:\/\/www.ghostysky.com\/es\/wp-json\/wp\/v2\/product\/21841\/revisions"}],"wp:featuredmedia":[{"embeddable":true,"href":"https:\/\/www.ghostysky.com\/es\/wp-json\/wp\/v2\/media\/21842"}],"wp:attachment":[{"href":"https:\/\/www.ghostysky.com\/es\/wp-json\/wp\/v2\/media?parent=21841"}],"wp:term":[{"taxonomy":"product_brand","embeddable":true,"href":"https:\/\/www.ghostysky.com\/es\/wp-json\/wp\/v2\/product_brand?post=21841"},{"taxonomy":"product_cat","embeddable":true,"href":"https:\/\/www.ghostysky.com\/es\/wp-json\/wp\/v2\/product_cat?post=21841"},{"taxonomy":"product_tag","embeddable":true,"href":"https:\/\/www.ghostysky.com\/es\/wp-json\/wp\/v2\/product_tag?post=21841"}],"curies":[{"name":"wp","href":"https:\/\/api.w.org\/{rel}","templated":true}]}}