{"id":21868,"date":"2025-10-18T04:16:52","date_gmt":"2025-10-18T04:16:52","guid":{"rendered":"https:\/\/www.ghostysky.com\/?post_type=product&#038;p=21868"},"modified":"2025-10-18T04:21:27","modified_gmt":"2025-10-18T04:21:27","slug":"dji-tb100-intelligent-flight-battery","status":"publish","type":"product","link":"https:\/\/www.ghostysky.com\/es\/product\/dji-tb100-intelligent-flight-battery\/","title":{"rendered":"Bater\u00eda de vuelo inteligente DJI TB100"},"content":{"rendered":"<div id=\"model-response-message-contentr_55bc02040a3d26f8\" class=\"markdown markdown-main-panel stronger enable-updated-hr-color\" dir=\"ltr\">\n<div id=\"model-response-message-contentr_7d191a1853b28634\" class=\"markdown markdown-main-panel stronger enable-updated-hr-color\" dir=\"ltr\">\n<div id=\"model-response-message-contentr_4bdeaa6da8c41b15\" class=\"markdown markdown-main-panel stronger enable-updated-hr-color\" dir=\"ltr\">\n<div id=\"model-response-message-contentr_e0d74dc8e10239d5\" class=\"markdown markdown-main-panel stronger enable-updated-hr-color\" dir=\"ltr\">\n<h3>Caracter\u00edsticas principales y rendimiento<\/h3>\n<ul>\n<li><b><span class=\"citation-1745\">Capacidad ultraalta:<\/span><\/b><span class=\"citation-1745\"> Con una importante capacidad de <\/span><b><span class=\"citation-1745\">20.254 mAh<\/span><\/b><span class=\"citation-1745\"> y <\/span><b><span class=\"citation-1745\">977 Wh<\/span><\/b><span class=\"citation-1745\"> de energ\u00eda, el TB100 extiende su ventana operativa, ofreciendo un impresionante tiempo m\u00e1ximo de vuelo de <\/span><b><span class=\"citation-1745\">hasta 59 minutos<\/span><\/b><span class=\"citation-1745 citation-end-1745\"> (sin carga \u00fatil).<\/span><\/li>\n<li><b>Autogesti\u00f3n inteligente:<\/b><span class=\"citation-1744\"> El sistema de gesti\u00f3n de bater\u00eda integrado monitorea activamente el voltaje, la corriente y la temperatura, proporcionando <\/span><b><span class=\"citation-1744\">protecci\u00f3n de seguridad multicapa<\/span><\/b><span class=\"citation-1744 citation-end-1744\"> contra sobrecarga, sobredescarga y cortocircuitos.<\/span><\/li>\n<li><b>Vida \u00fatil prolongada:<\/b><span class=\"citation-1743\"> La bater\u00eda cuenta con celdas de alta energ\u00eda que admiten hasta <\/span><b><span class=\"citation-1743\">400 ciclos de carga<\/span><\/b><span class=\"citation-1743 citation-end-1743\">, reduciendo significativamente el costo por vuelo a largo plazo para los usuarios frecuentes.<\/span><\/li>\n<li><b>Fiabilidad en todo tipo de clima:<\/b><span class=\"citation-1742\"> El TB100 est\u00e1 equipado con un <\/span><b><span class=\"citation-1742\">sistema de autocalentamiento<\/span><\/b><span class=\"citation-1742 citation-end-1742\"> que se activa autom\u00e1ticamente en ambientes fr\u00edos, lo que garantiza un rendimiento confiable en temperaturas que van desde tan solo <sup class=\"superscript\" data-turn-source-index=\"6\">6<\/sup><\/span><b><span class=\"math-inline\" data-math=\"-20^\\circ \\text{C}\">$-20^\\circ \\text{C}$<\/span><span class=\"citation-1741 citation-end-1741\"> (<sup class=\"superscript\" data-turn-source-index=\"7\">7<\/sup><\/span><span class=\"math-inline\" data-math=\"-4^\\circ \\text{F}\">$-4^\\circ \\text{F}$<\/span><span class=\"citation-1740\">)<\/span><\/b><span class=\"citation-1740 citation-end-1740\">.<\/span><\/li>\n<li><b><span class=\"citation-1739\">Dise\u00f1o intercambiable en caliente:<\/span><\/b><span class=\"citation-1739\"> Dise\u00f1ado perfectamente para funcionar con el sistema de energ\u00eda del Matrice 400, la bater\u00eda admite <\/span><b><span class=\"citation-1739\">capacidades de intercambio en caliente<\/span><\/b><span class=\"citation-1739 citation-end-1739\"> para minimizar el tiempo de inactividad y mantener las misiones cr\u00edticas en el aire durante los cambios de bater\u00eda.<\/span><\/li>\n<li><b><span class=\"citation-1738\">Carga r\u00e1pida:<\/span><\/b><span class=\"citation-1738 citation-end-1738\"> Cuando se combina con una soluci\u00f3n de carga compatible, como la estaci\u00f3n de bater\u00eda inteligente DJI BS100, el TB100 admite una carga r\u00e1pida para que su dron vuelva a volar r\u00e1pidamente.<\/span><\/li>\n<\/ul>\n<p><span class=\"citation-1737 citation-end-1737 interactive-span-hovered\">El TB100 es m\u00e1s que una simple fuente de energ\u00eda; es un componente inteligente que garantiza un suministro de energ\u00eda estable, predecible y seguro para operaciones cr\u00edticas como topograf\u00eda, inspecci\u00f3n y b\u00fasqueda y rescate.<\/span><\/p>\n<h4>Compatibilidad<\/h4>\n<p>DJI Matrice 400<\/p>\n<\/div>\n<\/div>\n<\/div>\n<\/div>","protected":false},"excerpt":{"rendered":"<p><span class=\"citation-1747\">El <\/span><b><span class=\"citation-1747\">Bater\u00eda de vuelo inteligente DJI TB100<\/span><\/b><span class=\"citation-1747\"> es una soluci\u00f3n de energ\u00eda de alta capacidad dise\u00f1ada espec\u00edficamente para el nivel profesional <\/span><b><span class=\"citation-1747\">DJI Matrice 400<\/span><\/b><span class=\"citation-1747 citation-end-1747\"> plataforma de drones<\/span> <span class=\"citation-1746\">Dise\u00f1ado para misiones industriales y empresariales de larga duraci\u00f3n, el TB100 combina celdas de energ\u00eda de alto rendimiento con una gesti\u00f3n avanzada de la bater\u00eda para ofrecer <\/span><b><span class=\"citation-1746\">tiempo m\u00e1ximo de vuelo<\/span><\/b><span class=\"citation-1746\"> y <\/span><b><span class=\"citation-1746\">confiabilidad inquebrantable<\/span><\/b><span class=\"citation-1746 citation-end-1746\"> en entornos operativos exigentes.<\/span><\/p>","protected":false},"featured_media":21870,"comment_status":"open","ping_status":"closed","template":"","meta":[],"product_brand":[1031],"product_cat":[37,1125,1127],"product_tag":[42,1131,1128],"class_list":{"0":"post-21868","1":"product","2":"type-product","3":"status-publish","4":"has-post-thumbnail","6":"product_brand-dji","7":"product_cat-dji","8":"product_cat-matrice-400","9":"product_cat-matrice-400-accessories","10":"product_tag-dji","11":"product_tag-dji-matrice-400-accessories","12":"product_tag-dji-matrice-400-series","14":"first","15":"onbackorder","16":"taxable","17":"shipping-taxable","18":"purchasable","19":"product-type-simple"},"yoast_head":"<!-- This site is optimized with the Yoast SEO plugin v27.1.1 - https:\/\/yoast.com\/product\/yoast-seo-wordpress\/ -->\n<title>DJI TB100 Intelligent Flight Battery - Ghostysky<\/title>\n<meta name=\"description\" content=\"The DJI TB100 Intelligent Flight Battery is a high-capacity power solution engineered specifically for the professional-grade DJI Matrice 400 drone platform. Designed for long-duration industrial and enterprise missions, the TB100 combines high-performance energy cells with advanced battery management to deliver maximum flight time and unwavering reliability in demanding operational environments.\" \/>\n<meta name=\"robots\" content=\"index, follow, max-snippet:-1, max-image-preview:large, max-video-preview:-1\" \/>\n<link rel=\"canonical\" href=\"https:\/\/www.ghostysky.com\/es\/producto-2\/dji-tb100-intelligent-flight-battery\/\" \/>\n<meta property=\"og:locale\" content=\"es_ES\" \/>\n<meta property=\"og:type\" content=\"article\" \/>\n<meta property=\"og:title\" content=\"DJI TB100 Intelligent Flight Battery - Ghostysky\" \/>\n<meta property=\"og:description\" content=\"The DJI TB100 Intelligent Flight Battery is a high-capacity power solution engineered specifically for the professional-grade DJI Matrice 400 drone platform. Designed for long-duration industrial and enterprise missions, the TB100 combines high-performance energy cells with advanced battery management to deliver maximum flight time and unwavering reliability in demanding operational environments.\" \/>\n<meta property=\"og:url\" content=\"https:\/\/www.ghostysky.com\/es\/producto-2\/dji-tb100-intelligent-flight-battery\/\" \/>\n<meta property=\"og:site_name\" content=\"Ghostysky\" \/>\n<meta property=\"article:publisher\" content=\"https:\/\/www.facebook.com\/people\/Ghostysky\/100057676170234\/\" \/>\n<meta property=\"article:modified_time\" content=\"2025-10-18T04:21:27+00:00\" \/>\n<meta property=\"og:image\" content=\"https:\/\/www.ghostysky.com\/wp-content\/uploads\/2025\/10\/GH_DJI-TB100-Intelligent-Flight-Battery__.jpg\" \/>\n\t<meta property=\"og:image:width\" content=\"800\" \/>\n\t<meta property=\"og:image:height\" content=\"800\" \/>\n\t<meta property=\"og:image:type\" content=\"image\/jpeg\" \/>\n<meta name=\"twitter:card\" content=\"summary_large_image\" \/>\n<meta name=\"twitter:site\" content=\"@Gh0stysky\" \/>\n<meta name=\"twitter:label1\" content=\"Tiempo de lectura\" \/>\n\t<meta name=\"twitter:data1\" content=\"2 minutos\" \/>\n<script type=\"application\/ld+json\" class=\"yoast-schema-graph\">{\"@context\":\"https:\/\/schema.org\",\"@graph\":[{\"@type\":\"WebPage\",\"@id\":\"https:\/\/www.ghostysky.com\/product\/dji-tb100-intelligent-flight-battery\/\",\"url\":\"https:\/\/www.ghostysky.com\/product\/dji-tb100-intelligent-flight-battery\/\",\"name\":\"DJI TB100 Intelligent Flight Battery - Ghostysky\",\"isPartOf\":{\"@id\":\"https:\/\/www.ghostysky.com\/#website\"},\"primaryImageOfPage\":{\"@id\":\"https:\/\/www.ghostysky.com\/product\/dji-tb100-intelligent-flight-battery\/#primaryimage\"},\"image\":{\"@id\":\"https:\/\/www.ghostysky.com\/product\/dji-tb100-intelligent-flight-battery\/#primaryimage\"},\"thumbnailUrl\":\"https:\/\/www.ghostysky.com\/wp-content\/uploads\/2025\/10\/GH_DJI-TB100-Intelligent-Flight-Battery__.jpg\",\"datePublished\":\"2025-10-18T04:16:52+00:00\",\"dateModified\":\"2025-10-18T04:21:27+00:00\",\"description\":\"The DJI TB100 Intelligent Flight Battery is a high-capacity power solution engineered specifically for the professional-grade DJI Matrice 400 drone platform. Designed for long-duration industrial and enterprise missions, the TB100 combines high-performance energy cells with advanced battery management to deliver maximum flight time and unwavering reliability in demanding operational environments.\",\"breadcrumb\":{\"@id\":\"https:\/\/www.ghostysky.com\/product\/dji-tb100-intelligent-flight-battery\/#breadcrumb\"},\"inLanguage\":\"es\",\"potentialAction\":[{\"@type\":\"ReadAction\",\"target\":[\"https:\/\/www.ghostysky.com\/product\/dji-tb100-intelligent-flight-battery\/\"]}]},{\"@type\":\"ImageObject\",\"inLanguage\":\"es\",\"@id\":\"https:\/\/www.ghostysky.com\/product\/dji-tb100-intelligent-flight-battery\/#primaryimage\",\"url\":\"https:\/\/www.ghostysky.com\/wp-content\/uploads\/2025\/10\/GH_DJI-TB100-Intelligent-Flight-Battery__.jpg\",\"contentUrl\":\"https:\/\/www.ghostysky.com\/wp-content\/uploads\/2025\/10\/GH_DJI-TB100-Intelligent-Flight-Battery__.jpg\",\"width\":800,\"height\":800},{\"@type\":\"BreadcrumbList\",\"@id\":\"https:\/\/www.ghostysky.com\/product\/dji-tb100-intelligent-flight-battery\/#breadcrumb\",\"itemListElement\":[{\"@type\":\"ListItem\",\"position\":1,\"name\":\"Home\",\"item\":\"https:\/\/www.ghostysky.com\/\"},{\"@type\":\"ListItem\",\"position\":2,\"name\":\"Shop\",\"item\":\"https:\/\/www.ghostysky.com\/shop\/\"},{\"@type\":\"ListItem\",\"position\":3,\"name\":\"DJI TB100 Intelligent Flight Battery\"}]},{\"@type\":\"WebSite\",\"@id\":\"https:\/\/www.ghostysky.com\/#website\",\"url\":\"https:\/\/www.ghostysky.com\/\",\"name\":\"Ghostysky\",\"description\":\"Delivering professional drones and services\",\"publisher\":{\"@id\":\"https:\/\/www.ghostysky.com\/#organization\"},\"potentialAction\":[{\"@type\":\"SearchAction\",\"target\":{\"@type\":\"EntryPoint\",\"urlTemplate\":\"https:\/\/www.ghostysky.com\/?s={search_term_string}\"},\"query-input\":{\"@type\":\"PropertyValueSpecification\",\"valueRequired\":true,\"valueName\":\"search_term_string\"}}],\"inLanguage\":\"es\"},{\"@type\":\"Organization\",\"@id\":\"https:\/\/www.ghostysky.com\/#organization\",\"name\":\"Ghostysky\",\"url\":\"https:\/\/www.ghostysky.com\/\",\"logo\":{\"@type\":\"ImageObject\",\"inLanguage\":\"es\",\"@id\":\"https:\/\/www.ghostysky.com\/#\/schema\/logo\/image\/\",\"url\":\"https:\/\/www.ghostysky.com\/wp-content\/uploads\/2020\/06\/cropped-ghostyskylogo_text_white2.png\",\"contentUrl\":\"https:\/\/www.ghostysky.com\/wp-content\/uploads\/2020\/06\/cropped-ghostyskylogo_text_white2.png\",\"width\":169,\"height\":56,\"caption\":\"Ghostysky\"},\"image\":{\"@id\":\"https:\/\/www.ghostysky.com\/#\/schema\/logo\/image\/\"},\"sameAs\":[\"https:\/\/www.facebook.com\/people\/Ghostysky\/100057676170234\/\",\"https:\/\/x.com\/Gh0stysky\",\"https:\/\/www.linkedin.com\/company\/34739653\",\"https:\/\/www.instagram.com\/gh0stysky\"]}]}<\/script>\n<!-- \/ Yoast SEO plugin. -->","yoast_head_json":{"title":"Bater\u00eda de Vuelo Inteligente DJI TB100 - Ghostysky","description":"La Bater\u00eda de Vuelo Inteligente DJI TB100 es una soluci\u00f3n de energ\u00eda de alta capacidad dise\u00f1ada espec\u00edficamente para la plataforma de drones profesional DJI Matrice 400. Dise\u00f1ada para misiones industriales y empresariales de larga duraci\u00f3n, la TB100 combina celdas de energ\u00eda de alto rendimiento con una gesti\u00f3n avanzada de la bater\u00eda para ofrecer la m\u00e1xima autonom\u00eda de vuelo y una fiabilidad inquebrantable en entornos operativos exigentes.","robots":{"index":"index","follow":"follow","max-snippet":"max-snippet:-1","max-image-preview":"max-image-preview:large","max-video-preview":"max-video-preview:-1"},"canonical":"https:\/\/www.ghostysky.com\/es\/producto-2\/dji-tb100-intelligent-flight-battery\/","og_locale":"es_ES","og_type":"article","og_title":"DJI TB100 Intelligent Flight Battery - Ghostysky","og_description":"The DJI TB100 Intelligent Flight Battery is a high-capacity power solution engineered specifically for the professional-grade DJI Matrice 400 drone platform. Designed for long-duration industrial and enterprise missions, the TB100 combines high-performance energy cells with advanced battery management to deliver maximum flight time and unwavering reliability in demanding operational environments.","og_url":"https:\/\/www.ghostysky.com\/es\/producto-2\/dji-tb100-intelligent-flight-battery\/","og_site_name":"Ghostysky","article_publisher":"https:\/\/www.facebook.com\/people\/Ghostysky\/100057676170234\/","article_modified_time":"2025-10-18T04:21:27+00:00","og_image":[{"width":800,"height":800,"url":"https:\/\/www.ghostysky.com\/wp-content\/uploads\/2025\/10\/GH_DJI-TB100-Intelligent-Flight-Battery__.jpg","type":"image\/jpeg"}],"twitter_card":"summary_large_image","twitter_site":"@Gh0stysky","twitter_misc":{"Tiempo de lectura":"2 minutos"},"schema":{"@context":"https:\/\/schema.org","@graph":[{"@type":"WebPage","@id":"https:\/\/www.ghostysky.com\/product\/dji-tb100-intelligent-flight-battery\/","url":"https:\/\/www.ghostysky.com\/product\/dji-tb100-intelligent-flight-battery\/","name":"Bater\u00eda de Vuelo Inteligente DJI TB100 - Ghostysky","isPartOf":{"@id":"https:\/\/www.ghostysky.com\/#website"},"primaryImageOfPage":{"@id":"https:\/\/www.ghostysky.com\/product\/dji-tb100-intelligent-flight-battery\/#primaryimage"},"image":{"@id":"https:\/\/www.ghostysky.com\/product\/dji-tb100-intelligent-flight-battery\/#primaryimage"},"thumbnailUrl":"https:\/\/www.ghostysky.com\/wp-content\/uploads\/2025\/10\/GH_DJI-TB100-Intelligent-Flight-Battery__.jpg","datePublished":"2025-10-18T04:16:52+00:00","dateModified":"2025-10-18T04:21:27+00:00","description":"La Bater\u00eda de Vuelo Inteligente DJI TB100 es una soluci\u00f3n de energ\u00eda de alta capacidad dise\u00f1ada espec\u00edficamente para la plataforma de drones profesional DJI Matrice 400. Dise\u00f1ada para misiones industriales y empresariales de larga duraci\u00f3n, la TB100 combina celdas de energ\u00eda de alto rendimiento con una gesti\u00f3n avanzada de la bater\u00eda para ofrecer la m\u00e1xima autonom\u00eda de vuelo y una fiabilidad inquebrantable en entornos operativos exigentes.","breadcrumb":{"@id":"https:\/\/www.ghostysky.com\/product\/dji-tb100-intelligent-flight-battery\/#breadcrumb"},"inLanguage":"es","potentialAction":[{"@type":"ReadAction","target":["https:\/\/www.ghostysky.com\/product\/dji-tb100-intelligent-flight-battery\/"]}]},{"@type":"ImageObject","inLanguage":"es","@id":"https:\/\/www.ghostysky.com\/product\/dji-tb100-intelligent-flight-battery\/#primaryimage","url":"https:\/\/www.ghostysky.com\/wp-content\/uploads\/2025\/10\/GH_DJI-TB100-Intelligent-Flight-Battery__.jpg","contentUrl":"https:\/\/www.ghostysky.com\/wp-content\/uploads\/2025\/10\/GH_DJI-TB100-Intelligent-Flight-Battery__.jpg","width":800,"height":800},{"@type":"BreadcrumbList","@id":"https:\/\/www.ghostysky.com\/product\/dji-tb100-intelligent-flight-battery\/#breadcrumb","itemListElement":[{"@type":"ListItem","position":1,"name":"Home","item":"https:\/\/www.ghostysky.com\/"},{"@type":"ListItem","position":2,"name":"Shop","item":"https:\/\/www.ghostysky.com\/shop\/"},{"@type":"ListItem","position":3,"name":"DJI TB100 Intelligent Flight Battery"}]},{"@type":"WebSite","@id":"https:\/\/www.ghostysky.com\/#website","url":"https:\/\/www.ghostysky.com\/","name":"Ghostysky","description":"Entrega de drones y servicios profesionales","publisher":{"@id":"https:\/\/www.ghostysky.com\/#organization"},"potentialAction":[{"@type":"SearchAction","target":{"@type":"EntryPoint","urlTemplate":"https:\/\/www.ghostysky.com\/?s={search_term_string}"},"query-input":{"@type":"PropertyValueSpecification","valueRequired":true,"valueName":"search_term_string"}}],"inLanguage":"es"},{"@type":"Organization","@id":"https:\/\/www.ghostysky.com\/#organization","name":"Ghostysky","url":"https:\/\/www.ghostysky.com\/","logo":{"@type":"ImageObject","inLanguage":"es","@id":"https:\/\/www.ghostysky.com\/#\/schema\/logo\/image\/","url":"https:\/\/www.ghostysky.com\/wp-content\/uploads\/2020\/06\/cropped-ghostyskylogo_text_white2.png","contentUrl":"https:\/\/www.ghostysky.com\/wp-content\/uploads\/2020\/06\/cropped-ghostyskylogo_text_white2.png","width":169,"height":56,"caption":"Ghostysky"},"image":{"@id":"https:\/\/www.ghostysky.com\/#\/schema\/logo\/image\/"},"sameAs":["https:\/\/www.facebook.com\/people\/Ghostysky\/100057676170234\/","https:\/\/x.com\/Gh0stysky","https:\/\/www.linkedin.com\/company\/34739653","https:\/\/www.instagram.com\/gh0stysky"]}]}},"_links":{"self":[{"href":"https:\/\/www.ghostysky.com\/es\/wp-json\/wp\/v2\/product\/21868","targetHints":{"allow":["GET"]}}],"collection":[{"href":"https:\/\/www.ghostysky.com\/es\/wp-json\/wp\/v2\/product"}],"about":[{"href":"https:\/\/www.ghostysky.com\/es\/wp-json\/wp\/v2\/types\/product"}],"replies":[{"embeddable":true,"href":"https:\/\/www.ghostysky.com\/es\/wp-json\/wp\/v2\/comments?post=21868"}],"wp:featuredmedia":[{"embeddable":true,"href":"https:\/\/www.ghostysky.com\/es\/wp-json\/wp\/v2\/media\/21870"}],"wp:attachment":[{"href":"https:\/\/www.ghostysky.com\/es\/wp-json\/wp\/v2\/media?parent=21868"}],"wp:term":[{"taxonomy":"product_brand","embeddable":true,"href":"https:\/\/www.ghostysky.com\/es\/wp-json\/wp\/v2\/product_brand?post=21868"},{"taxonomy":"product_cat","embeddable":true,"href":"https:\/\/www.ghostysky.com\/es\/wp-json\/wp\/v2\/product_cat?post=21868"},{"taxonomy":"product_tag","embeddable":true,"href":"https:\/\/www.ghostysky.com\/es\/wp-json\/wp\/v2\/product_tag?post=21868"}],"curies":[{"name":"wp","href":"https:\/\/api.w.org\/{rel}","templated":true}]}}