{"id":21877,"date":"2025-10-18T04:31:35","date_gmt":"2025-10-18T04:31:35","guid":{"rendered":"https:\/\/www.ghostysky.com\/?post_type=product&#038;p=21877"},"modified":"2025-10-18T04:37:49","modified_gmt":"2025-10-18T04:37:49","slug":"dji-zenmuse-s1","status":"publish","type":"product","link":"https:\/\/www.ghostysky.com\/es\/product\/dji-zenmuse-s1\/","title":{"rendered":"DJI Zenmuse S1"},"content":{"rendered":"<div id=\"model-response-message-contentr_55bc02040a3d26f8\" class=\"markdown markdown-main-panel stronger enable-updated-hr-color\" dir=\"ltr\">\n<div id=\"model-response-message-contentr_7d191a1853b28634\" class=\"markdown markdown-main-panel stronger enable-updated-hr-color\" dir=\"ltr\">\n<div id=\"model-response-message-contentr_4bdeaa6da8c41b15\" class=\"markdown markdown-main-panel stronger enable-updated-hr-color\" dir=\"ltr\">\n<div id=\"model-response-message-contentr_e0d74dc8e10239d5\" class=\"markdown markdown-main-panel stronger enable-updated-hr-color\" dir=\"ltr\">\n<h3><b>Caracter\u00edsticas y aplicaciones clave<\/b><\/h3>\n<ul>\n<li><b><span class=\"citation-1821\">Alto brillo y larga distancia de iluminaci\u00f3n:<\/span><\/b><span class=\"citation-1821\"> Proporciona una iluminaci\u00f3n central m\u00e1xima de hasta <\/span><b><span class=\"citation-1821\">35 lux a 100 metros<\/span><\/b><span class=\"citation-1821\"> (Matrice 350\/300 RTK) y puede alcanzar una distancia de iluminaci\u00f3n efectiva de hasta <\/span><b><span class=\"citation-1821\">500 metros<\/span><\/b><span class=\"citation-1821 citation-end-1821\"> en modo \u201cAmbos activados\u201d.<\/span><\/li>\n<li><b>M\u00faltiples modos de iluminaci\u00f3n para mayor versatilidad:<\/b>\n<ul>\n<li><b><span class=\"citation-1820\">Modo de luz baja:<\/span><\/b><span class=\"citation-1820\"> Proporciona una amplia <\/span><b><span class=\"citation-1820\">Campo de visi\u00f3n (FOV) de 15\u00b0<\/span><\/b><span class=\"citation-1820\"> arriba a <\/span><b><span class=\"citation-1820\">150 metros<\/span><\/b><span class=\"citation-1820 citation-end-1820\">, adecuado para b\u00fasqueda e inspecci\u00f3n a corta distancia.<\/span><\/li>\n<li><b>Modo de luz alta:<\/b><span class=\"citation-1819\"> Utiliza tecnolog\u00eda LEP para una mejor penetraci\u00f3n de la luz con un estrecho <\/span><b><span class=\"citation-1819\">Campo de visi\u00f3n de 4\u00b0<\/span><\/b><span class=\"citation-1819\"> arriba a <\/span><b><span class=\"citation-1819\">300 metros<\/span><\/b><span class=\"citation-1819 citation-end-1819\">, ideal para observaci\u00f3n a larga distancia.<\/span><\/li>\n<li><b>Ambos modos encendidos:<\/b><span class=\"citation-1818\"> Activa simult\u00e1neamente ambos haces para lograr m\u00e1xima iluminaci\u00f3n central y cobertura, ampliando la distancia de observaci\u00f3n hasta <\/span><b><span class=\"citation-1818\">500 metros<\/span><\/b><span class=\"citation-1818 citation-end-1818\">.<\/span><\/li>\n<li><b>Modo estrobosc\u00f3pico:<\/b><span class=\"citation-1817 citation-end-1817\"> Admite destellos de alta frecuencia para se\u00f1alizaci\u00f3n, advertencias o para atraer la atenci\u00f3n en situaciones de emergencia.<\/span><\/li>\n<\/ul>\n<\/li>\n<li><b><span class=\"citation-1816\">Operaciones dirigidas:<\/span><\/b><span class=\"citation-1816\"> Ideal para <\/span><b><span class=\"citation-1816\">seguridad p\u00fablica<\/span><\/b><span class=\"citation-1816\">, <\/span><b><span class=\"citation-1816\">rescate y b\u00fasqueda de emergencia<\/span><\/b><span class=\"citation-1816\">, <\/span><b><span class=\"citation-1816\">inspecciones de infraestructura<\/span><\/b><span class=\"citation-1816 citation-end-1816\">y otras operaciones nocturnas exigentes.<\/span><\/li>\n<li><b><span class=\"citation-1815\">Eficiencia energ\u00e9tica:<\/span><\/b><span class=\"citation-1815\"> Dise\u00f1o optimizado, con un consumo de energ\u00eda de solo <\/span><b><span class=\"citation-1815\">17W<\/span><\/b><span class=\"citation-1815 citation-end-1815\"> en modo de luz alta, para reducir la carga de energ\u00eda del dron y ayudar a mantener el tiempo de vuelo.<\/span><\/li>\n<li><b>Seguridad y durabilidad:<\/b>\n<ul>\n<li><b><span class=\"citation-1814\">Clasificaci\u00f3n IP54:<\/span><\/b><span class=\"citation-1814 citation-end-1814\"> Proporciona protecci\u00f3n contra el polvo y las salpicaduras de agua.<\/span><\/li>\n<li><b><span class=\"citation-1813\">Protecci\u00f3n para los ojos:<\/span><\/b><span class=\"citation-1813\"> Limita autom\u00e1ticamente el brillo a <\/span><b><span class=\"citation-1813\">40%<\/span><\/b><span class=\"citation-1813 citation-end-1813\"> cuando el dron est\u00e9 en tierra para evitar deslumbrar a los operadores.<\/span><\/li>\n<li><b><span class=\"citation-1812\">Protecci\u00f3n contra quemaduras:<\/span><\/b><span class=\"citation-1812 citation-end-1812\"> Cuenta con una carcasa de pl\u00e1stico para mantener la temperatura de la superficie por debajo <sup class=\"superscript\" data-turn-source-index=\"12\">12<\/sup><\/span><span class=\"math-inline\" data-math=\"50^\\circ C\">$50^\\circ C$<\/span><span class=\"citation-1811 citation-end-1811\"> (<sup class=\"superscript\" data-turn-source-index=\"13\">13<\/sup><\/span><span class=\"math-inline\" data-math=\"122^\\circ F\">$122^\\circ F$<\/span><span class=\"citation-1810 citation-end-1810\">).<\/span><\/li>\n<li><span class=\"citation-1809\">Incorporado <\/span><b><span class=\"citation-1809\">Protecci\u00f3n de carga \u00fatil<\/span><\/b><span class=\"citation-1809 citation-end-1809\"> Contra problemas de temperatura, sobrecorriente y potencia.<\/span><\/li>\n<\/ul>\n<\/li>\n<li><b><span class=\"citation-1808\">Integraci\u00f3n perfecta:<\/span><\/b><span class=\"citation-1808\"> Cuenta con una <\/span><b><span class=\"citation-1808\">card\u00e1n estabilizado de 3 ejes<\/span><\/b><span class=\"citation-1808\"> Para una iluminaci\u00f3n constante, soportes <\/span><b><span class=\"citation-1808\">sincronizaci\u00f3n del card\u00e1n<\/span><\/b><span class=\"citation-1808\"> para alinear autom\u00e1ticamente el haz del foco con la vista de la c\u00e1mara y es configurable a trav\u00e9s de <\/span><b><span class=\"citation-1808\">accesos directos del control remoto<\/span><\/b><span class=\"citation-1808 citation-end-1808\"> para un manejo intuitivo.<\/span><\/li>\n<li><b>Montaje flexible:<\/b><span class=\"citation-1807 citation-end-1807\"> Ligero (<sup class=\"superscript\" data-turn-source-index=\"17\">17<\/sup><\/span><span class=\"math-inline\" data-math=\"0.76 \\text{ kg}\">$0.76 \\texto{ kg}$<\/span><span class=\"citation-1806 citation-end-1806\">) y se puede montar en cualquier conector de card\u00e1n (inferior simple, inferior doble o superior simple) de drones de la serie Matrice compatibles.<\/span><\/li>\n<\/ul>\n<p>&nbsp;<\/p>\n<h4>Compatibilidad<\/h4>\n<p>Matriz 400<br \/>\nMatrice 350 RTK<br \/>\nMatrice 300 RTK (requiere DJI RC Plus)<\/p>\n<\/div>\n<\/div>\n<\/div>\n<\/div>","protected":false},"excerpt":{"rendered":"<p><span class=\"citation-1823\">El <\/span><b><span class=\"citation-1823\">DJI Zenmuse S1<\/span><\/b><span class=\"citation-1823\"> es una carga \u00fatil de foco de alto rendimiento dise\u00f1ada para proporcionar una iluminaci\u00f3n potente y de largo alcance para las plataformas de drones empresariales de carga \u00fatil m\u00faltiple de DJI, espec\u00edficamente compatible con <\/span><b><span class=\"citation-1823\">Matrice 350 RTK<\/span><\/b><span class=\"citation-1823\"> y <\/span><b><span class=\"citation-1823\">Matriz 300 RTK<\/span><\/b><span class=\"citation-1823 citation-end-1823\">.<\/span> <span class=\"citation-1822\">Utilizando avanzado <\/span><b><span class=\"citation-1822\">Tecnolog\u00eda de f\u00f3sforo excitado por l\u00e1ser (LEP)<\/span><\/b><span class=\"citation-1822 citation-end-1822\">La Zenmuse S1 es una herramienta esencial para operaciones en condiciones de poca luz o nocturnas.<\/span><\/p>\n<div class=\"source-inline-chip-container ng-star-inserted\"><\/div>\n<div class=\"source-inline-chip-container ng-star-inserted\"><\/div>\n<p>&nbsp;<\/p>","protected":false},"featured_media":21880,"comment_status":"open","ping_status":"closed","template":"","meta":[],"product_brand":[1031],"product_cat":[37,1125,1127],"product_tag":[42,1131,1128],"class_list":{"0":"post-21877","1":"product","2":"type-product","3":"status-publish","4":"has-post-thumbnail","6":"product_brand-dji","7":"product_cat-dji","8":"product_cat-matrice-400","9":"product_cat-matrice-400-accessories","10":"product_tag-dji","11":"product_tag-dji-matrice-400-accessories","12":"product_tag-dji-matrice-400-series","14":"first","15":"onbackorder","16":"taxable","17":"shipping-taxable","18":"purchasable","19":"product-type-simple"},"yoast_head":"<!-- This site is optimized with the Yoast SEO plugin v27.1.1 - https:\/\/yoast.com\/product\/yoast-seo-wordpress\/ -->\n<title>DJI Zenmuse S1 - Ghostysky<\/title>\n<meta name=\"description\" content=\"The DJI Zenmuse S1 is a high-performance spotlight payload designed to provide powerful, long-range illumination for DJI&#039;s multi-payload enterprise drone platforms, specifically compatible with the Matrice 350 RTK and Matrice 300 RTK. Utilizing advanced Laser Excited Phosphor (LEP) technology, the Zenmuse S1 is an essential tool for operations in low-light or nighttime conditions.\" \/>\n<meta name=\"robots\" content=\"index, follow, max-snippet:-1, max-image-preview:large, max-video-preview:-1\" \/>\n<link rel=\"canonical\" href=\"https:\/\/www.ghostysky.com\/es\/producto-2\/dji-zenmuse-s1\/\" \/>\n<meta property=\"og:locale\" content=\"es_ES\" \/>\n<meta property=\"og:type\" content=\"article\" \/>\n<meta property=\"og:title\" content=\"DJI Zenmuse S1 - Ghostysky\" \/>\n<meta property=\"og:description\" content=\"The DJI Zenmuse S1 is a high-performance spotlight payload designed to provide powerful, long-range illumination for DJI&#039;s multi-payload enterprise drone platforms, specifically compatible with the Matrice 350 RTK and Matrice 300 RTK. Utilizing advanced Laser Excited Phosphor (LEP) technology, the Zenmuse S1 is an essential tool for operations in low-light or nighttime conditions.\" \/>\n<meta property=\"og:url\" content=\"https:\/\/www.ghostysky.com\/es\/producto-2\/dji-zenmuse-s1\/\" \/>\n<meta property=\"og:site_name\" content=\"Ghostysky\" \/>\n<meta property=\"article:publisher\" content=\"https:\/\/www.facebook.com\/people\/Ghostysky\/100057676170234\/\" \/>\n<meta property=\"article:modified_time\" content=\"2025-10-18T04:37:49+00:00\" \/>\n<meta property=\"og:image\" content=\"https:\/\/www.ghostysky.com\/wp-content\/uploads\/2025\/10\/GH_DJI-Zenmuse-S1_1.jpg\" \/>\n\t<meta property=\"og:image:width\" content=\"800\" \/>\n\t<meta property=\"og:image:height\" content=\"800\" \/>\n\t<meta property=\"og:image:type\" content=\"image\/jpeg\" \/>\n<meta name=\"twitter:card\" content=\"summary_large_image\" \/>\n<meta name=\"twitter:site\" content=\"@Gh0stysky\" \/>\n<meta name=\"twitter:label1\" content=\"Tiempo de lectura\" \/>\n\t<meta name=\"twitter:data1\" content=\"2 minutos\" \/>\n<script type=\"application\/ld+json\" class=\"yoast-schema-graph\">{\"@context\":\"https:\/\/schema.org\",\"@graph\":[{\"@type\":\"WebPage\",\"@id\":\"https:\/\/www.ghostysky.com\/product\/dji-zenmuse-s1\/\",\"url\":\"https:\/\/www.ghostysky.com\/product\/dji-zenmuse-s1\/\",\"name\":\"DJI Zenmuse S1 - Ghostysky\",\"isPartOf\":{\"@id\":\"https:\/\/www.ghostysky.com\/#website\"},\"primaryImageOfPage\":{\"@id\":\"https:\/\/www.ghostysky.com\/product\/dji-zenmuse-s1\/#primaryimage\"},\"image\":{\"@id\":\"https:\/\/www.ghostysky.com\/product\/dji-zenmuse-s1\/#primaryimage\"},\"thumbnailUrl\":\"https:\/\/www.ghostysky.com\/wp-content\/uploads\/2025\/10\/GH_DJI-Zenmuse-S1_1.jpg\",\"datePublished\":\"2025-10-18T04:31:35+00:00\",\"dateModified\":\"2025-10-18T04:37:49+00:00\",\"description\":\"The DJI Zenmuse S1 is a high-performance spotlight payload designed to provide powerful, long-range illumination for DJI's multi-payload enterprise drone platforms, specifically compatible with the Matrice 350 RTK and Matrice 300 RTK. Utilizing advanced Laser Excited Phosphor (LEP) technology, the Zenmuse S1 is an essential tool for operations in low-light or nighttime conditions.\",\"breadcrumb\":{\"@id\":\"https:\/\/www.ghostysky.com\/product\/dji-zenmuse-s1\/#breadcrumb\"},\"inLanguage\":\"es\",\"potentialAction\":[{\"@type\":\"ReadAction\",\"target\":[\"https:\/\/www.ghostysky.com\/product\/dji-zenmuse-s1\/\"]}]},{\"@type\":\"ImageObject\",\"inLanguage\":\"es\",\"@id\":\"https:\/\/www.ghostysky.com\/product\/dji-zenmuse-s1\/#primaryimage\",\"url\":\"https:\/\/www.ghostysky.com\/wp-content\/uploads\/2025\/10\/GH_DJI-Zenmuse-S1_1.jpg\",\"contentUrl\":\"https:\/\/www.ghostysky.com\/wp-content\/uploads\/2025\/10\/GH_DJI-Zenmuse-S1_1.jpg\",\"width\":800,\"height\":800},{\"@type\":\"BreadcrumbList\",\"@id\":\"https:\/\/www.ghostysky.com\/product\/dji-zenmuse-s1\/#breadcrumb\",\"itemListElement\":[{\"@type\":\"ListItem\",\"position\":1,\"name\":\"Home\",\"item\":\"https:\/\/www.ghostysky.com\/\"},{\"@type\":\"ListItem\",\"position\":2,\"name\":\"Shop\",\"item\":\"https:\/\/www.ghostysky.com\/shop\/\"},{\"@type\":\"ListItem\",\"position\":3,\"name\":\"DJI Zenmuse S1\"}]},{\"@type\":\"WebSite\",\"@id\":\"https:\/\/www.ghostysky.com\/#website\",\"url\":\"https:\/\/www.ghostysky.com\/\",\"name\":\"Ghostysky\",\"description\":\"Delivering professional drones and services\",\"publisher\":{\"@id\":\"https:\/\/www.ghostysky.com\/#organization\"},\"potentialAction\":[{\"@type\":\"SearchAction\",\"target\":{\"@type\":\"EntryPoint\",\"urlTemplate\":\"https:\/\/www.ghostysky.com\/?s={search_term_string}\"},\"query-input\":{\"@type\":\"PropertyValueSpecification\",\"valueRequired\":true,\"valueName\":\"search_term_string\"}}],\"inLanguage\":\"es\"},{\"@type\":\"Organization\",\"@id\":\"https:\/\/www.ghostysky.com\/#organization\",\"name\":\"Ghostysky\",\"url\":\"https:\/\/www.ghostysky.com\/\",\"logo\":{\"@type\":\"ImageObject\",\"inLanguage\":\"es\",\"@id\":\"https:\/\/www.ghostysky.com\/#\/schema\/logo\/image\/\",\"url\":\"https:\/\/www.ghostysky.com\/wp-content\/uploads\/2020\/06\/cropped-ghostyskylogo_text_white2.png\",\"contentUrl\":\"https:\/\/www.ghostysky.com\/wp-content\/uploads\/2020\/06\/cropped-ghostyskylogo_text_white2.png\",\"width\":169,\"height\":56,\"caption\":\"Ghostysky\"},\"image\":{\"@id\":\"https:\/\/www.ghostysky.com\/#\/schema\/logo\/image\/\"},\"sameAs\":[\"https:\/\/www.facebook.com\/people\/Ghostysky\/100057676170234\/\",\"https:\/\/x.com\/Gh0stysky\",\"https:\/\/www.linkedin.com\/company\/34739653\",\"https:\/\/www.instagram.com\/gh0stysky\"]}]}<\/script>\n<!-- \/ Yoast SEO plugin. -->","yoast_head_json":{"title":"DJI Zenmuse S1 - Cielo fantasmal","description":"La DJI Zenmuse S1 es una carga \u00fatil de alto rendimiento dise\u00f1ada para proporcionar una iluminaci\u00f3n potente y de largo alcance para las plataformas de drones empresariales multicarga de DJI, compatible espec\u00edficamente con los Matrice 350 RTK y Matrice 300 RTK. Gracias a la avanzada tecnolog\u00eda de f\u00f3sforo excitado por l\u00e1ser (LEP), la Zenmuse S1 es una herramienta esencial para operaciones en condiciones de poca luz o nocturnas.","robots":{"index":"index","follow":"follow","max-snippet":"max-snippet:-1","max-image-preview":"max-image-preview:large","max-video-preview":"max-video-preview:-1"},"canonical":"https:\/\/www.ghostysky.com\/es\/producto-2\/dji-zenmuse-s1\/","og_locale":"es_ES","og_type":"article","og_title":"DJI Zenmuse S1 - Ghostysky","og_description":"The DJI Zenmuse S1 is a high-performance spotlight payload designed to provide powerful, long-range illumination for DJI's multi-payload enterprise drone platforms, specifically compatible with the Matrice 350 RTK and Matrice 300 RTK. Utilizing advanced Laser Excited Phosphor (LEP) technology, the Zenmuse S1 is an essential tool for operations in low-light or nighttime conditions.","og_url":"https:\/\/www.ghostysky.com\/es\/producto-2\/dji-zenmuse-s1\/","og_site_name":"Ghostysky","article_publisher":"https:\/\/www.facebook.com\/people\/Ghostysky\/100057676170234\/","article_modified_time":"2025-10-18T04:37:49+00:00","og_image":[{"width":800,"height":800,"url":"https:\/\/www.ghostysky.com\/wp-content\/uploads\/2025\/10\/GH_DJI-Zenmuse-S1_1.jpg","type":"image\/jpeg"}],"twitter_card":"summary_large_image","twitter_site":"@Gh0stysky","twitter_misc":{"Tiempo de lectura":"2 minutos"},"schema":{"@context":"https:\/\/schema.org","@graph":[{"@type":"WebPage","@id":"https:\/\/www.ghostysky.com\/product\/dji-zenmuse-s1\/","url":"https:\/\/www.ghostysky.com\/product\/dji-zenmuse-s1\/","name":"DJI Zenmuse S1 - Cielo fantasmal","isPartOf":{"@id":"https:\/\/www.ghostysky.com\/#website"},"primaryImageOfPage":{"@id":"https:\/\/www.ghostysky.com\/product\/dji-zenmuse-s1\/#primaryimage"},"image":{"@id":"https:\/\/www.ghostysky.com\/product\/dji-zenmuse-s1\/#primaryimage"},"thumbnailUrl":"https:\/\/www.ghostysky.com\/wp-content\/uploads\/2025\/10\/GH_DJI-Zenmuse-S1_1.jpg","datePublished":"2025-10-18T04:31:35+00:00","dateModified":"2025-10-18T04:37:49+00:00","description":"La DJI Zenmuse S1 es una carga \u00fatil de alto rendimiento dise\u00f1ada para proporcionar una iluminaci\u00f3n potente y de largo alcance para las plataformas de drones empresariales multicarga de DJI, compatible espec\u00edficamente con los Matrice 350 RTK y Matrice 300 RTK. Gracias a la avanzada tecnolog\u00eda de f\u00f3sforo excitado por l\u00e1ser (LEP), la Zenmuse S1 es una herramienta esencial para operaciones en condiciones de poca luz o nocturnas.","breadcrumb":{"@id":"https:\/\/www.ghostysky.com\/product\/dji-zenmuse-s1\/#breadcrumb"},"inLanguage":"es","potentialAction":[{"@type":"ReadAction","target":["https:\/\/www.ghostysky.com\/product\/dji-zenmuse-s1\/"]}]},{"@type":"ImageObject","inLanguage":"es","@id":"https:\/\/www.ghostysky.com\/product\/dji-zenmuse-s1\/#primaryimage","url":"https:\/\/www.ghostysky.com\/wp-content\/uploads\/2025\/10\/GH_DJI-Zenmuse-S1_1.jpg","contentUrl":"https:\/\/www.ghostysky.com\/wp-content\/uploads\/2025\/10\/GH_DJI-Zenmuse-S1_1.jpg","width":800,"height":800},{"@type":"BreadcrumbList","@id":"https:\/\/www.ghostysky.com\/product\/dji-zenmuse-s1\/#breadcrumb","itemListElement":[{"@type":"ListItem","position":1,"name":"Home","item":"https:\/\/www.ghostysky.com\/"},{"@type":"ListItem","position":2,"name":"Shop","item":"https:\/\/www.ghostysky.com\/shop\/"},{"@type":"ListItem","position":3,"name":"DJI Zenmuse S1"}]},{"@type":"WebSite","@id":"https:\/\/www.ghostysky.com\/#website","url":"https:\/\/www.ghostysky.com\/","name":"Ghostysky","description":"Entrega de drones y servicios profesionales","publisher":{"@id":"https:\/\/www.ghostysky.com\/#organization"},"potentialAction":[{"@type":"SearchAction","target":{"@type":"EntryPoint","urlTemplate":"https:\/\/www.ghostysky.com\/?s={search_term_string}"},"query-input":{"@type":"PropertyValueSpecification","valueRequired":true,"valueName":"search_term_string"}}],"inLanguage":"es"},{"@type":"Organization","@id":"https:\/\/www.ghostysky.com\/#organization","name":"Ghostysky","url":"https:\/\/www.ghostysky.com\/","logo":{"@type":"ImageObject","inLanguage":"es","@id":"https:\/\/www.ghostysky.com\/#\/schema\/logo\/image\/","url":"https:\/\/www.ghostysky.com\/wp-content\/uploads\/2020\/06\/cropped-ghostyskylogo_text_white2.png","contentUrl":"https:\/\/www.ghostysky.com\/wp-content\/uploads\/2020\/06\/cropped-ghostyskylogo_text_white2.png","width":169,"height":56,"caption":"Ghostysky"},"image":{"@id":"https:\/\/www.ghostysky.com\/#\/schema\/logo\/image\/"},"sameAs":["https:\/\/www.facebook.com\/people\/Ghostysky\/100057676170234\/","https:\/\/x.com\/Gh0stysky","https:\/\/www.linkedin.com\/company\/34739653","https:\/\/www.instagram.com\/gh0stysky"]}]}},"_links":{"self":[{"href":"https:\/\/www.ghostysky.com\/es\/wp-json\/wp\/v2\/product\/21877","targetHints":{"allow":["GET"]}}],"collection":[{"href":"https:\/\/www.ghostysky.com\/es\/wp-json\/wp\/v2\/product"}],"about":[{"href":"https:\/\/www.ghostysky.com\/es\/wp-json\/wp\/v2\/types\/product"}],"replies":[{"embeddable":true,"href":"https:\/\/www.ghostysky.com\/es\/wp-json\/wp\/v2\/comments?post=21877"}],"wp:featuredmedia":[{"embeddable":true,"href":"https:\/\/www.ghostysky.com\/es\/wp-json\/wp\/v2\/media\/21880"}],"wp:attachment":[{"href":"https:\/\/www.ghostysky.com\/es\/wp-json\/wp\/v2\/media?parent=21877"}],"wp:term":[{"taxonomy":"product_brand","embeddable":true,"href":"https:\/\/www.ghostysky.com\/es\/wp-json\/wp\/v2\/product_brand?post=21877"},{"taxonomy":"product_cat","embeddable":true,"href":"https:\/\/www.ghostysky.com\/es\/wp-json\/wp\/v2\/product_cat?post=21877"},{"taxonomy":"product_tag","embeddable":true,"href":"https:\/\/www.ghostysky.com\/es\/wp-json\/wp\/v2\/product_tag?post=21877"}],"curies":[{"name":"wp","href":"https:\/\/api.w.org\/{rel}","templated":true}]}}