{"id":21884,"date":"2025-10-18T04:38:45","date_gmt":"2025-10-18T04:38:45","guid":{"rendered":"https:\/\/www.ghostysky.com\/?post_type=product&#038;p=21884"},"modified":"2025-10-18T04:41:40","modified_gmt":"2025-10-18T04:41:40","slug":"czi-th4-four-stage-thrower","status":"publish","type":"product","link":"https:\/\/www.ghostysky.com\/es\/product\/czi-th4-four-stage-thrower\/","title":{"rendered":"CZI TH4 Lanzador de cuatro etapas"},"content":{"rendered":"<div id=\"model-response-message-contentr_55bc02040a3d26f8\" class=\"markdown markdown-main-panel stronger enable-updated-hr-color\" dir=\"ltr\">\n<div id=\"model-response-message-contentr_7d191a1853b28634\" class=\"markdown markdown-main-panel stronger enable-updated-hr-color\" dir=\"ltr\">\n<div id=\"model-response-message-contentr_4bdeaa6da8c41b15\" class=\"markdown markdown-main-panel stronger enable-updated-hr-color\" dir=\"ltr\">\n<div id=\"model-response-message-contentr_e0d74dc8e10239d5\" class=\"markdown markdown-main-panel stronger enable-updated-hr-color\" dir=\"ltr\">\n<h3>Caracter\u00edsticas clave<\/h3>\n<ul>\n<li><b>Capacidad de ca\u00edda en cuatro etapas:<\/b><span class=\"citation-1857\"> Permite la liberaci\u00f3n independiente de hasta <\/span><b><span class=\"citation-1857\">cuatro cargas \u00fatiles separadas<\/span><\/b><span class=\"citation-1857 citation-end-1857\"> en una sola misi\u00f3n, maximizando la eficiencia para entregas multipunto.<\/span><\/li>\n<li><b>Alta capacidad de carga \u00fatil:<\/b>\n<ul>\n<li><b>Carga m\u00e1xima de un solo gancho:<\/b><span class=\"citation-1856 citation-end-1856\"> Arriba a <sup class=\"superscript\" data-turn-source-index=\"4\">4<\/sup><\/span><span class=\"math-inline\" data-math=\"10 \\text{ kg}\">$10 \\texto{ kg}$<\/span><span class=\"citation-1855 citation-end-1855\"> (aprox.<sup class=\"superscript\" data-turn-source-index=\"5\">5<\/sup><\/span> <span class=\"math-inline\" data-math=\"22 \\text{ lbs}\">$22 \\texto{ libras}$<\/span><span class=\"citation-1854\">) \u2013 <\/span><i><span class=\"citation-1854 citation-end-1854\">Nota: La capacidad de carga real est\u00e1 sujeta a la carga \u00fatil m\u00e1xima permitida del UAV.<\/span><\/i><\/li>\n<li><b>Carga total de lanzamiento:<\/b> Arriba a <span class=\"math-inline\" data-math=\"40 \\text{ kg}\">$40 \\texto{ kg}$<\/span> (aprox. <span class=\"math-inline\" data-math=\"88 \\text{ lbs}\">$88 \\texto{ libras}$<\/span><span class=\"citation-1853 citation-end-1853\">) a lo largo de las cuatro etapas.<\/span><\/li>\n<\/ul>\n<\/li>\n<li><b><span class=\"citation-1852\">Integraci\u00f3n perfecta con DJI:<\/span><\/b><span class=\"citation-1852\"> Se monta de forma r\u00e1pida y sencilla a trav\u00e9s de <\/span><b><span class=\"citation-1852\">Interfaz DJI SkyPort V2.0<\/span><\/b><span class=\"citation-1852 citation-end-1852\">, garantizando una conexi\u00f3n segura y confiable.<\/span><\/li>\n<li><b>Control intuitivo:<\/b><span class=\"citation-1851\"> No necesita controladores de terceros; el sistema se integra directamente con el <\/span><b><span class=\"citation-1851\">Aplicaci\u00f3n DJI Pilot<\/span><\/b><span class=\"citation-1851 citation-end-1851\">, reconociendo autom\u00e1ticamente la carga y proporcionando informaci\u00f3n y orientaci\u00f3n en tiempo real a trav\u00e9s de mensajes emergentes.<\/span><\/li>\n<li><b><span class=\"citation-1850\">Dise\u00f1o ligero:<\/span><\/b><span class=\"citation-1850 citation-end-1850\"> Pesa s\u00f3lo alrededor de <sup class=\"superscript\" data-turn-source-index=\"10\">10<\/sup><\/span><span class=\"math-inline\" data-math=\"310 \\text{ g}\">$310 \\texto{ g}$<\/span><span class=\"citation-1849 citation-end-1849\"> a <sup class=\"superscript\" data-turn-source-index=\"11\">11<\/sup><\/span><span class=\"math-inline\" data-math=\"320 \\text{ g}\">$320 \\texto{ g}$<\/span><span class=\"citation-1848 citation-end-1848\">, minimizando el impacto en el rendimiento y la resistencia del vuelo del dron.<\/span><\/li>\n<li><b>Seguridad y confiabilidad:<\/b><span class=\"citation-1847 citation-end-1847\"> Incluye m\u00faltiples mecanismos a prueba de fallos y un sistema de bloqueo anti-ca\u00edda accidental para evitar la liberaci\u00f3n accidental de la carga, salvaguardando as\u00ed la valiosa carga.<\/span><\/li>\n<\/ul>\n<h4>Aplicaciones<\/h4>\n<p>El CZI TH4 es una herramienta indispensable para misiones cr\u00edticas, que incluyen:<\/p>\n<ul>\n<li><b><span class=\"citation-1846\">Respuesta a emergencias y SAR:<\/span><\/b><span class=\"citation-1846 citation-end-1846\"> Entrega de suministros vitales, botiquines m\u00e9dicos, radios o dispositivos de flotaci\u00f3n a lugares dif\u00edciles de alcanzar o peligrosos.<\/span><\/li>\n<li><b>Log\u00edstica y Entrega:<\/b><span class=\"citation-1845 citation-end-1845\"> Transporte de materiales y equipos esenciales a zonas remotas o bloqueadas.<\/span><\/li>\n<li><b><span class=\"citation-1844\">Topograf\u00eda y cartograf\u00eda:<\/span><\/b><span class=\"citation-1844 citation-end-1844\"> Colocaci\u00f3n precisa de marcadores topogr\u00e1ficos en puntos designados en \u00e1reas extensas.<\/span><\/li>\n<li><b><span class=\"citation-1843\">Seguridad p\u00fablica:<\/span><\/b><span class=\"citation-1843 citation-end-1843\"> Implementar herramientas sin contacto o sistemas de megafon\u00eda.<\/span><\/li>\n<\/ul>\n<p><span class=\"citation-1842 citation-end-1842\">En resumen, el kit de lanzamiento CZI TH4 V2 ofrece una soluci\u00f3n potente, segura y eficiente para operadores de drones profesionales que requieren una capacidad de lanzamiento a\u00e9reo precisa en m\u00faltiples etapas.<\/span><\/p>\n<\/div>\n<\/div>\n<\/div>\n<\/div>","protected":false},"excerpt":{"rendered":"<p><span class=\"citation-1859 citation-end-1859\">El lanzador de cuatro etapas CZI TH4 (a menudo denominado kit de ca\u00edda TH4 V2) es un sistema especializado de despliegue de carga \u00fatil a\u00e9rea dise\u00f1ado para la integraci\u00f3n con drones industriales DJI espec\u00edficos, como el Matrice 300 RTK, el Matrice 350 RTK y el Matrice 210 V2.<\/span><\/p>\n<p><span class=\"citation-1858 citation-end-1858\">Este sistema ultraliviano y duradero est\u00e1 dise\u00f1ado para revolucionar la log\u00edstica a\u00e9rea, la respuesta a emergencias y la entrega de materiales al permitir m\u00faltiples lanzamientos precisos en un solo vuelo.<\/span><\/p>","protected":false},"featured_media":21885,"comment_status":"open","ping_status":"closed","template":"","meta":[],"product_brand":[1031],"product_cat":[37,1125,1127],"product_tag":[42,1131,1128],"class_list":{"0":"post-21884","1":"product","2":"type-product","3":"status-publish","4":"has-post-thumbnail","6":"product_brand-dji","7":"product_cat-dji","8":"product_cat-matrice-400","9":"product_cat-matrice-400-accessories","10":"product_tag-dji","11":"product_tag-dji-matrice-400-accessories","12":"product_tag-dji-matrice-400-series","14":"first","15":"onbackorder","16":"taxable","17":"shipping-taxable","18":"purchasable","19":"product-type-simple"},"yoast_head":"<!-- This site is optimized with the Yoast SEO plugin v27.1.1 - https:\/\/yoast.com\/product\/yoast-seo-wordpress\/ -->\n<title>CZI TH4 Four stage thrower - Ghostysky<\/title>\n<meta name=\"description\" content=\"The CZI TH4 Four-Stage Thrower (often referred to as the TH4 V2 Drop Kit) is a specialized aerial payload deployment system designed for integration with specific DJI industrial drones, such as the Matrice 300 RTK, Matrice 350 RTK, and Matrice 210 V2.This ultra-lightweight and durable system is engineered to revolutionize aerial logistics, emergency response, and material delivery by enabling multiple, precision drops in a single flight.\" \/>\n<meta name=\"robots\" content=\"index, follow, max-snippet:-1, max-image-preview:large, max-video-preview:-1\" \/>\n<link rel=\"canonical\" href=\"https:\/\/www.ghostysky.com\/es\/producto-2\/czi-th4-four-stage-thrower\/\" \/>\n<meta property=\"og:locale\" content=\"es_ES\" \/>\n<meta property=\"og:type\" content=\"article\" \/>\n<meta property=\"og:title\" content=\"CZI TH4 Four stage thrower - Ghostysky\" \/>\n<meta property=\"og:description\" content=\"The CZI TH4 Four-Stage Thrower (often referred to as the TH4 V2 Drop Kit) is a specialized aerial payload deployment system designed for integration with specific DJI industrial drones, such as the Matrice 300 RTK, Matrice 350 RTK, and Matrice 210 V2.This ultra-lightweight and durable system is engineered to revolutionize aerial logistics, emergency response, and material delivery by enabling multiple, precision drops in a single flight.\" \/>\n<meta property=\"og:url\" content=\"https:\/\/www.ghostysky.com\/es\/producto-2\/czi-th4-four-stage-thrower\/\" \/>\n<meta property=\"og:site_name\" content=\"Ghostysky\" \/>\n<meta property=\"article:publisher\" content=\"https:\/\/www.facebook.com\/people\/Ghostysky\/100057676170234\/\" \/>\n<meta property=\"article:modified_time\" content=\"2025-10-18T04:41:40+00:00\" \/>\n<meta property=\"og:image\" content=\"https:\/\/www.ghostysky.com\/wp-content\/uploads\/2025\/10\/GH_CZI-TH4-Four-stage-thrower_1.jpg\" \/>\n\t<meta property=\"og:image:width\" content=\"800\" \/>\n\t<meta property=\"og:image:height\" content=\"800\" \/>\n\t<meta property=\"og:image:type\" content=\"image\/jpeg\" \/>\n<meta name=\"twitter:card\" content=\"summary_large_image\" \/>\n<meta name=\"twitter:site\" content=\"@Gh0stysky\" \/>\n<meta name=\"twitter:label1\" content=\"Tiempo de lectura\" \/>\n\t<meta name=\"twitter:data1\" content=\"2 minutos\" \/>\n<script type=\"application\/ld+json\" class=\"yoast-schema-graph\">{\"@context\":\"https:\/\/schema.org\",\"@graph\":[{\"@type\":\"WebPage\",\"@id\":\"https:\/\/www.ghostysky.com\/product\/czi-th4-four-stage-thrower\/\",\"url\":\"https:\/\/www.ghostysky.com\/product\/czi-th4-four-stage-thrower\/\",\"name\":\"CZI TH4 Four stage thrower - Ghostysky\",\"isPartOf\":{\"@id\":\"https:\/\/www.ghostysky.com\/#website\"},\"primaryImageOfPage\":{\"@id\":\"https:\/\/www.ghostysky.com\/product\/czi-th4-four-stage-thrower\/#primaryimage\"},\"image\":{\"@id\":\"https:\/\/www.ghostysky.com\/product\/czi-th4-four-stage-thrower\/#primaryimage\"},\"thumbnailUrl\":\"https:\/\/www.ghostysky.com\/wp-content\/uploads\/2025\/10\/GH_CZI-TH4-Four-stage-thrower_1.jpg\",\"datePublished\":\"2025-10-18T04:38:45+00:00\",\"dateModified\":\"2025-10-18T04:41:40+00:00\",\"description\":\"The CZI TH4 Four-Stage Thrower (often referred to as the TH4 V2 Drop Kit) is a specialized aerial payload deployment system designed for integration with specific DJI industrial drones, such as the Matrice 300 RTK, Matrice 350 RTK, and Matrice 210 V2.This ultra-lightweight and durable system is engineered to revolutionize aerial logistics, emergency response, and material delivery by enabling multiple, precision drops in a single flight.\",\"breadcrumb\":{\"@id\":\"https:\/\/www.ghostysky.com\/product\/czi-th4-four-stage-thrower\/#breadcrumb\"},\"inLanguage\":\"es\",\"potentialAction\":[{\"@type\":\"ReadAction\",\"target\":[\"https:\/\/www.ghostysky.com\/product\/czi-th4-four-stage-thrower\/\"]}]},{\"@type\":\"ImageObject\",\"inLanguage\":\"es\",\"@id\":\"https:\/\/www.ghostysky.com\/product\/czi-th4-four-stage-thrower\/#primaryimage\",\"url\":\"https:\/\/www.ghostysky.com\/wp-content\/uploads\/2025\/10\/GH_CZI-TH4-Four-stage-thrower_1.jpg\",\"contentUrl\":\"https:\/\/www.ghostysky.com\/wp-content\/uploads\/2025\/10\/GH_CZI-TH4-Four-stage-thrower_1.jpg\",\"width\":800,\"height\":800},{\"@type\":\"BreadcrumbList\",\"@id\":\"https:\/\/www.ghostysky.com\/product\/czi-th4-four-stage-thrower\/#breadcrumb\",\"itemListElement\":[{\"@type\":\"ListItem\",\"position\":1,\"name\":\"Home\",\"item\":\"https:\/\/www.ghostysky.com\/\"},{\"@type\":\"ListItem\",\"position\":2,\"name\":\"Shop\",\"item\":\"https:\/\/www.ghostysky.com\/shop\/\"},{\"@type\":\"ListItem\",\"position\":3,\"name\":\"CZI TH4 Four stage thrower\"}]},{\"@type\":\"WebSite\",\"@id\":\"https:\/\/www.ghostysky.com\/#website\",\"url\":\"https:\/\/www.ghostysky.com\/\",\"name\":\"Ghostysky\",\"description\":\"Delivering professional drones and services\",\"publisher\":{\"@id\":\"https:\/\/www.ghostysky.com\/#organization\"},\"potentialAction\":[{\"@type\":\"SearchAction\",\"target\":{\"@type\":\"EntryPoint\",\"urlTemplate\":\"https:\/\/www.ghostysky.com\/?s={search_term_string}\"},\"query-input\":{\"@type\":\"PropertyValueSpecification\",\"valueRequired\":true,\"valueName\":\"search_term_string\"}}],\"inLanguage\":\"es\"},{\"@type\":\"Organization\",\"@id\":\"https:\/\/www.ghostysky.com\/#organization\",\"name\":\"Ghostysky\",\"url\":\"https:\/\/www.ghostysky.com\/\",\"logo\":{\"@type\":\"ImageObject\",\"inLanguage\":\"es\",\"@id\":\"https:\/\/www.ghostysky.com\/#\/schema\/logo\/image\/\",\"url\":\"https:\/\/www.ghostysky.com\/wp-content\/uploads\/2020\/06\/cropped-ghostyskylogo_text_white2.png\",\"contentUrl\":\"https:\/\/www.ghostysky.com\/wp-content\/uploads\/2020\/06\/cropped-ghostyskylogo_text_white2.png\",\"width\":169,\"height\":56,\"caption\":\"Ghostysky\"},\"image\":{\"@id\":\"https:\/\/www.ghostysky.com\/#\/schema\/logo\/image\/\"},\"sameAs\":[\"https:\/\/www.facebook.com\/people\/Ghostysky\/100057676170234\/\",\"https:\/\/x.com\/Gh0stysky\",\"https:\/\/www.linkedin.com\/company\/34739653\",\"https:\/\/www.instagram.com\/gh0stysky\"]}]}<\/script>\n<!-- \/ Yoast SEO plugin. -->","yoast_head_json":{"title":"Lanzador de cuatro etapas CZI TH4 - Ghostysky","description":"El lanzador de cuatro etapas CZI TH4 (a menudo denominado kit de lanzamiento TH4 V2) es un sistema especializado de despliegue de carga \u00fatil a\u00e9rea dise\u00f1ado para la integraci\u00f3n con drones industriales DJI espec\u00edficos, como Matrice 300 RTK, Matrice 350 RTK y Matrice 210 V2. Este sistema ultraliviano y duradero est\u00e1 dise\u00f1ado para revolucionar la log\u00edstica a\u00e9rea, la respuesta a emergencias y la entrega de materiales al permitir m\u00faltiples lanzamientos de precisi\u00f3n en un solo vuelo.","robots":{"index":"index","follow":"follow","max-snippet":"max-snippet:-1","max-image-preview":"max-image-preview:large","max-video-preview":"max-video-preview:-1"},"canonical":"https:\/\/www.ghostysky.com\/es\/producto-2\/czi-th4-four-stage-thrower\/","og_locale":"es_ES","og_type":"article","og_title":"CZI TH4 Four stage thrower - Ghostysky","og_description":"The CZI TH4 Four-Stage Thrower (often referred to as the TH4 V2 Drop Kit) is a specialized aerial payload deployment system designed for integration with specific DJI industrial drones, such as the Matrice 300 RTK, Matrice 350 RTK, and Matrice 210 V2.This ultra-lightweight and durable system is engineered to revolutionize aerial logistics, emergency response, and material delivery by enabling multiple, precision drops in a single flight.","og_url":"https:\/\/www.ghostysky.com\/es\/producto-2\/czi-th4-four-stage-thrower\/","og_site_name":"Ghostysky","article_publisher":"https:\/\/www.facebook.com\/people\/Ghostysky\/100057676170234\/","article_modified_time":"2025-10-18T04:41:40+00:00","og_image":[{"width":800,"height":800,"url":"https:\/\/www.ghostysky.com\/wp-content\/uploads\/2025\/10\/GH_CZI-TH4-Four-stage-thrower_1.jpg","type":"image\/jpeg"}],"twitter_card":"summary_large_image","twitter_site":"@Gh0stysky","twitter_misc":{"Tiempo de lectura":"2 minutos"},"schema":{"@context":"https:\/\/schema.org","@graph":[{"@type":"WebPage","@id":"https:\/\/www.ghostysky.com\/product\/czi-th4-four-stage-thrower\/","url":"https:\/\/www.ghostysky.com\/product\/czi-th4-four-stage-thrower\/","name":"Lanzador de cuatro etapas CZI TH4 - Ghostysky","isPartOf":{"@id":"https:\/\/www.ghostysky.com\/#website"},"primaryImageOfPage":{"@id":"https:\/\/www.ghostysky.com\/product\/czi-th4-four-stage-thrower\/#primaryimage"},"image":{"@id":"https:\/\/www.ghostysky.com\/product\/czi-th4-four-stage-thrower\/#primaryimage"},"thumbnailUrl":"https:\/\/www.ghostysky.com\/wp-content\/uploads\/2025\/10\/GH_CZI-TH4-Four-stage-thrower_1.jpg","datePublished":"2025-10-18T04:38:45+00:00","dateModified":"2025-10-18T04:41:40+00:00","description":"El lanzador de cuatro etapas CZI TH4 (a menudo denominado kit de lanzamiento TH4 V2) es un sistema especializado de despliegue de carga \u00fatil a\u00e9rea dise\u00f1ado para la integraci\u00f3n con drones industriales DJI espec\u00edficos, como Matrice 300 RTK, Matrice 350 RTK y Matrice 210 V2. Este sistema ultraliviano y duradero est\u00e1 dise\u00f1ado para revolucionar la log\u00edstica a\u00e9rea, la respuesta a emergencias y la entrega de materiales al permitir m\u00faltiples lanzamientos de precisi\u00f3n en un solo vuelo.","breadcrumb":{"@id":"https:\/\/www.ghostysky.com\/product\/czi-th4-four-stage-thrower\/#breadcrumb"},"inLanguage":"es","potentialAction":[{"@type":"ReadAction","target":["https:\/\/www.ghostysky.com\/product\/czi-th4-four-stage-thrower\/"]}]},{"@type":"ImageObject","inLanguage":"es","@id":"https:\/\/www.ghostysky.com\/product\/czi-th4-four-stage-thrower\/#primaryimage","url":"https:\/\/www.ghostysky.com\/wp-content\/uploads\/2025\/10\/GH_CZI-TH4-Four-stage-thrower_1.jpg","contentUrl":"https:\/\/www.ghostysky.com\/wp-content\/uploads\/2025\/10\/GH_CZI-TH4-Four-stage-thrower_1.jpg","width":800,"height":800},{"@type":"BreadcrumbList","@id":"https:\/\/www.ghostysky.com\/product\/czi-th4-four-stage-thrower\/#breadcrumb","itemListElement":[{"@type":"ListItem","position":1,"name":"Home","item":"https:\/\/www.ghostysky.com\/"},{"@type":"ListItem","position":2,"name":"Shop","item":"https:\/\/www.ghostysky.com\/shop\/"},{"@type":"ListItem","position":3,"name":"CZI TH4 Four stage thrower"}]},{"@type":"WebSite","@id":"https:\/\/www.ghostysky.com\/#website","url":"https:\/\/www.ghostysky.com\/","name":"Ghostysky","description":"Entrega de drones y servicios profesionales","publisher":{"@id":"https:\/\/www.ghostysky.com\/#organization"},"potentialAction":[{"@type":"SearchAction","target":{"@type":"EntryPoint","urlTemplate":"https:\/\/www.ghostysky.com\/?s={search_term_string}"},"query-input":{"@type":"PropertyValueSpecification","valueRequired":true,"valueName":"search_term_string"}}],"inLanguage":"es"},{"@type":"Organization","@id":"https:\/\/www.ghostysky.com\/#organization","name":"Ghostysky","url":"https:\/\/www.ghostysky.com\/","logo":{"@type":"ImageObject","inLanguage":"es","@id":"https:\/\/www.ghostysky.com\/#\/schema\/logo\/image\/","url":"https:\/\/www.ghostysky.com\/wp-content\/uploads\/2020\/06\/cropped-ghostyskylogo_text_white2.png","contentUrl":"https:\/\/www.ghostysky.com\/wp-content\/uploads\/2020\/06\/cropped-ghostyskylogo_text_white2.png","width":169,"height":56,"caption":"Ghostysky"},"image":{"@id":"https:\/\/www.ghostysky.com\/#\/schema\/logo\/image\/"},"sameAs":["https:\/\/www.facebook.com\/people\/Ghostysky\/100057676170234\/","https:\/\/x.com\/Gh0stysky","https:\/\/www.linkedin.com\/company\/34739653","https:\/\/www.instagram.com\/gh0stysky"]}]}},"_links":{"self":[{"href":"https:\/\/www.ghostysky.com\/es\/wp-json\/wp\/v2\/product\/21884","targetHints":{"allow":["GET"]}}],"collection":[{"href":"https:\/\/www.ghostysky.com\/es\/wp-json\/wp\/v2\/product"}],"about":[{"href":"https:\/\/www.ghostysky.com\/es\/wp-json\/wp\/v2\/types\/product"}],"replies":[{"embeddable":true,"href":"https:\/\/www.ghostysky.com\/es\/wp-json\/wp\/v2\/comments?post=21884"}],"wp:featuredmedia":[{"embeddable":true,"href":"https:\/\/www.ghostysky.com\/es\/wp-json\/wp\/v2\/media\/21885"}],"wp:attachment":[{"href":"https:\/\/www.ghostysky.com\/es\/wp-json\/wp\/v2\/media?parent=21884"}],"wp:term":[{"taxonomy":"product_brand","embeddable":true,"href":"https:\/\/www.ghostysky.com\/es\/wp-json\/wp\/v2\/product_brand?post=21884"},{"taxonomy":"product_cat","embeddable":true,"href":"https:\/\/www.ghostysky.com\/es\/wp-json\/wp\/v2\/product_cat?post=21884"},{"taxonomy":"product_tag","embeddable":true,"href":"https:\/\/www.ghostysky.com\/es\/wp-json\/wp\/v2\/product_tag?post=21884"}],"curies":[{"name":"wp","href":"https:\/\/api.w.org\/{rel}","templated":true}]}}