{"id":21890,"date":"2025-10-18T04:48:43","date_gmt":"2025-10-18T04:48:43","guid":{"rendered":"https:\/\/www.ghostysky.com\/?post_type=product&#038;p=21890"},"modified":"2025-10-18T04:51:43","modified_gmt":"2025-10-18T04:51:43","slug":"dji-care-enterprise-plus-dji-matrice-400-eu","status":"publish","type":"product","link":"https:\/\/www.ghostysky.com\/es\/product\/dji-care-enterprise-plus-dji-matrice-400-eu\/","title":{"rendered":"DJI Care Enterprise Plus (DJI Matrice 400) UE"},"content":{"rendered":"<div id=\"model-response-message-contentr_55bc02040a3d26f8\" class=\"markdown markdown-main-panel stronger enable-updated-hr-color\" dir=\"ltr\">\n<div id=\"model-response-message-contentr_7d191a1853b28634\" class=\"markdown markdown-main-panel stronger enable-updated-hr-color\" dir=\"ltr\">\n<div id=\"model-response-message-contentr_4bdeaa6da8c41b15\" class=\"markdown markdown-main-panel stronger enable-updated-hr-color\" dir=\"ltr\">\n<div id=\"model-response-message-contentr_e0d74dc8e10239d5\" class=\"markdown markdown-main-panel stronger enable-updated-hr-color\" dir=\"ltr\">\n<h3><b>Caracter\u00edsticas y beneficios clave<\/b><\/h3>\n<ul>\n<li><b><span class=\"citation-1915\">Reparaciones y reemplazos gratuitos ilimitados:<\/span><\/b><span class=\"citation-1915\"> Disfruta de una <\/span><b><span class=\"citation-1915\">ilimitado<\/span><\/b><span class=\"citation-1915 citation-end-1915\"> N\u00famero de reparaciones o reemplazos gratuitos dentro del monto total de cobertura asegurado.<\/span> <span class=\"citation-1914 citation-end-1914\">Esto cubre da\u00f1os accidentales por choques, da\u00f1os por agua, interferencia de se\u00f1al y errores operativos, ofreciendo una soluci\u00f3n sin preocupaciones para operadores frecuentes en entornos de alto riesgo.<\/span><\/li>\n<li><b>Cobertura Flyaway:<\/b><span class=\"citation-1913 citation-end-1913\"> En caso de un vuelo irreversible, el plan proporciona una aeronave de reemplazo por una tarifa nominal una vez al a\u00f1o, lo que le brinda una tranquilidad crucial en condiciones dif\u00edciles.<\/span><\/li>\n<li><b>Env\u00edo bidireccional gratuito:<\/b><span class=\"citation-1912 citation-end-1912\"> Todos los costos de env\u00edo para enviar su equipo da\u00f1ado para su reparaci\u00f3n y recibir la unidad reparada o de reemplazo est\u00e1n cubiertos por DJI durante el per\u00edodo de servicio.<\/span><\/li>\n<li><b>Servicio prioritario DJI Express:<\/b><span class=\"citation-1911 citation-end-1911\"> Benef\u00edciese de un canal de reparaci\u00f3n y reemplazo optimizado y priorizado para garantizar el tiempo de respuesta m\u00e1s r\u00e1pido posible, minimizando el tiempo de inactividad y manteniendo sus proyectos dentro del cronograma.<\/span><\/li>\n<li><b>Mantenimiento de f\u00e1brica gratuito:<\/b><span class=\"citation-1910\"> Incluye <\/span><b><span class=\"citation-1910\">Un servicio de mantenimiento de f\u00e1brica gratuito<\/span><\/b><span class=\"citation-1910 citation-end-1910\"> por a\u00f1o.<\/span> <span class=\"citation-1909 citation-end-1909\">Esta revisi\u00f3n integral incluye una limpieza profunda, una inspecci\u00f3n completa del sistema (propulsi\u00f3n, controlador de vuelo, card\u00e1n, transmisi\u00f3n), actualizaciones de firmware, recalibraci\u00f3n de componentes clave (IMU, br\u00fajula, bar\u00f3metro, card\u00e1n) y reemplazo autom\u00e1tico de piezas de desgaste comunes (como h\u00e9lices y amortiguadores de card\u00e1n).<\/span><\/li>\n<li><b>Servicio de reemplazo de bater\u00eda:<\/b><span class=\"citation-1908\"> Ofrece una <\/span><b><span class=\"citation-1908\">Servicio de renovaci\u00f3n anual gratuito para dos bater\u00edas<\/span><\/b><span class=\"citation-1908 citation-end-1908\"> por a\u00f1o para mantener un alto rendimiento de los equipos sometidos a tareas de alta intensidad y a largo plazo.<\/span><\/li>\n<li><b>Cobertura de flota compartida:<\/b><span class=\"citation-1907 citation-end-1907\"> Si se activa dentro de los 30 d\u00edas posteriores a la primera activaci\u00f3n y vinculaci\u00f3n, varios productos DJI Enterprise pueden compartir el l\u00edmite de cobertura total del plan, lo que ofrece flexibilidad para administrar una flota de m\u00faltiples dispositivos.<\/span><\/li>\n<li><b><span class=\"citation-1906\">Licencia virtual y renovaci\u00f3n:<\/span><\/b><span class=\"citation-1906 citation-end-1906\"> El plan se proporciona como una licencia virtual para una activaci\u00f3n sin complicaciones y ofrece una opci\u00f3n renovable para extender la cobertura hasta tres a\u00f1os consecutivos.<\/span><\/li>\n<\/ul>\n<p>Con DJI Care Enterprise Plus, su DJI Matrice 400 (una plataforma insignia de drones empresariales dise\u00f1ada para una larga resistencia, una gran capacidad de carga \u00fatil y detecci\u00f3n de obst\u00e1culos a nivel de l\u00ednea el\u00e9ctrica) est\u00e1 protegida por el paquete de soporte definitivo de DJI, lo que garantiza confiabilidad y continuidad para operaciones cr\u00edticas en toda Europa.<\/p>\n<\/div>\n<\/div>\n<\/div>\n<\/div>","protected":false},"excerpt":{"rendered":"<p><span class=\"citation-1917 citation-end-1917\">DJI Care Enterprise Plus para Matrice 400 es el plan de protecci\u00f3n integral y premium dise\u00f1ado para operadores de drones profesionales en Europa, que garantiza el m\u00e1ximo tiempo de actividad y tranquilidad para sus misiones empresariales.<\/span><\/p>\n<p><span class=\"citation-1916 citation-end-1916\">Este plan de servicio proporciona una amplia cobertura para su flota de alto valor DJI Matrice 400, minimizando los costos de reparaci\u00f3n inesperados y reduciendo el tiempo de inactividad operativa.<\/span><\/p>","protected":false},"featured_media":21891,"comment_status":"open","ping_status":"closed","template":"","meta":[],"product_brand":[1031],"product_cat":[37,1125,1127],"product_tag":[42,1131,1128],"class_list":{"0":"post-21890","1":"product","2":"type-product","3":"status-publish","4":"has-post-thumbnail","6":"product_brand-dji","7":"product_cat-dji","8":"product_cat-matrice-400","9":"product_cat-matrice-400-accessories","10":"product_tag-dji","11":"product_tag-dji-matrice-400-accessories","12":"product_tag-dji-matrice-400-series","14":"first","15":"onbackorder","16":"taxable","17":"shipping-taxable","18":"purchasable","19":"product-type-simple"},"yoast_head":"<!-- This site is optimized with the Yoast SEO plugin v27.1.1 - https:\/\/yoast.com\/product\/yoast-seo-wordpress\/ -->\n<title>DJI Care Enterprise Plus (DJI Matrice 400) EU - Ghostysky<\/title>\n<meta name=\"description\" content=\"DJI Care Enterprise Plus for the Matrice 400 is the premium, comprehensive protection plan designed for professional drone operators in Europe, ensuring maximum uptime and peace of mind for your enterprise missions.This service plan provides extensive coverage for your high-value DJI Matrice 400 fleet, minimizing unexpected repair costs and reducing operational downtime.\" \/>\n<meta name=\"robots\" content=\"index, follow, max-snippet:-1, max-image-preview:large, max-video-preview:-1\" \/>\n<link rel=\"canonical\" href=\"https:\/\/www.ghostysky.com\/es\/producto-2\/dji-care-enterprise-plus-dji-matrice-400-eu\/\" \/>\n<meta property=\"og:locale\" content=\"es_ES\" \/>\n<meta property=\"og:type\" content=\"article\" \/>\n<meta property=\"og:title\" content=\"DJI Care Enterprise Plus (DJI Matrice 400) EU - Ghostysky\" \/>\n<meta property=\"og:description\" content=\"DJI Care Enterprise Plus for the Matrice 400 is the premium, comprehensive protection plan designed for professional drone operators in Europe, ensuring maximum uptime and peace of mind for your enterprise missions.This service plan provides extensive coverage for your high-value DJI Matrice 400 fleet, minimizing unexpected repair costs and reducing operational downtime.\" \/>\n<meta property=\"og:url\" content=\"https:\/\/www.ghostysky.com\/es\/producto-2\/dji-care-enterprise-plus-dji-matrice-400-eu\/\" \/>\n<meta property=\"og:site_name\" content=\"Ghostysky\" \/>\n<meta property=\"article:publisher\" content=\"https:\/\/www.facebook.com\/people\/Ghostysky\/100057676170234\/\" \/>\n<meta property=\"article:modified_time\" content=\"2025-10-18T04:51:43+00:00\" \/>\n<meta property=\"og:image\" content=\"https:\/\/www.ghostysky.com\/wp-content\/uploads\/2025\/10\/GH_DJI-Care-Enterprise-Plus-DJI-Matrice-400-EU_3.jpg\" \/>\n\t<meta property=\"og:image:width\" content=\"800\" \/>\n\t<meta property=\"og:image:height\" content=\"800\" \/>\n\t<meta property=\"og:image:type\" content=\"image\/jpeg\" \/>\n<meta name=\"twitter:card\" content=\"summary_large_image\" \/>\n<meta name=\"twitter:site\" content=\"@Gh0stysky\" \/>\n<meta name=\"twitter:label1\" content=\"Tiempo de lectura\" \/>\n\t<meta name=\"twitter:data1\" content=\"2 minutos\" \/>\n<script type=\"application\/ld+json\" class=\"yoast-schema-graph\">{\"@context\":\"https:\/\/schema.org\",\"@graph\":[{\"@type\":\"WebPage\",\"@id\":\"https:\/\/www.ghostysky.com\/product\/dji-care-enterprise-plus-dji-matrice-400-eu\/\",\"url\":\"https:\/\/www.ghostysky.com\/product\/dji-care-enterprise-plus-dji-matrice-400-eu\/\",\"name\":\"DJI Care Enterprise Plus (DJI Matrice 400) EU - Ghostysky\",\"isPartOf\":{\"@id\":\"https:\/\/www.ghostysky.com\/#website\"},\"primaryImageOfPage\":{\"@id\":\"https:\/\/www.ghostysky.com\/product\/dji-care-enterprise-plus-dji-matrice-400-eu\/#primaryimage\"},\"image\":{\"@id\":\"https:\/\/www.ghostysky.com\/product\/dji-care-enterprise-plus-dji-matrice-400-eu\/#primaryimage\"},\"thumbnailUrl\":\"https:\/\/www.ghostysky.com\/wp-content\/uploads\/2025\/10\/GH_DJI-Care-Enterprise-Plus-DJI-Matrice-400-EU_3.jpg\",\"datePublished\":\"2025-10-18T04:48:43+00:00\",\"dateModified\":\"2025-10-18T04:51:43+00:00\",\"description\":\"DJI Care Enterprise Plus for the Matrice 400 is the premium, comprehensive protection plan designed for professional drone operators in Europe, ensuring maximum uptime and peace of mind for your enterprise missions.This service plan provides extensive coverage for your high-value DJI Matrice 400 fleet, minimizing unexpected repair costs and reducing operational downtime.\",\"breadcrumb\":{\"@id\":\"https:\/\/www.ghostysky.com\/product\/dji-care-enterprise-plus-dji-matrice-400-eu\/#breadcrumb\"},\"inLanguage\":\"es\",\"potentialAction\":[{\"@type\":\"ReadAction\",\"target\":[\"https:\/\/www.ghostysky.com\/product\/dji-care-enterprise-plus-dji-matrice-400-eu\/\"]}]},{\"@type\":\"ImageObject\",\"inLanguage\":\"es\",\"@id\":\"https:\/\/www.ghostysky.com\/product\/dji-care-enterprise-plus-dji-matrice-400-eu\/#primaryimage\",\"url\":\"https:\/\/www.ghostysky.com\/wp-content\/uploads\/2025\/10\/GH_DJI-Care-Enterprise-Plus-DJI-Matrice-400-EU_3.jpg\",\"contentUrl\":\"https:\/\/www.ghostysky.com\/wp-content\/uploads\/2025\/10\/GH_DJI-Care-Enterprise-Plus-DJI-Matrice-400-EU_3.jpg\",\"width\":800,\"height\":800},{\"@type\":\"BreadcrumbList\",\"@id\":\"https:\/\/www.ghostysky.com\/product\/dji-care-enterprise-plus-dji-matrice-400-eu\/#breadcrumb\",\"itemListElement\":[{\"@type\":\"ListItem\",\"position\":1,\"name\":\"Home\",\"item\":\"https:\/\/www.ghostysky.com\/\"},{\"@type\":\"ListItem\",\"position\":2,\"name\":\"Shop\",\"item\":\"https:\/\/www.ghostysky.com\/shop\/\"},{\"@type\":\"ListItem\",\"position\":3,\"name\":\"DJI Care Enterprise Plus (DJI Matrice 400) EU\"}]},{\"@type\":\"WebSite\",\"@id\":\"https:\/\/www.ghostysky.com\/#website\",\"url\":\"https:\/\/www.ghostysky.com\/\",\"name\":\"Ghostysky\",\"description\":\"Delivering professional drones and services\",\"publisher\":{\"@id\":\"https:\/\/www.ghostysky.com\/#organization\"},\"potentialAction\":[{\"@type\":\"SearchAction\",\"target\":{\"@type\":\"EntryPoint\",\"urlTemplate\":\"https:\/\/www.ghostysky.com\/?s={search_term_string}\"},\"query-input\":{\"@type\":\"PropertyValueSpecification\",\"valueRequired\":true,\"valueName\":\"search_term_string\"}}],\"inLanguage\":\"es\"},{\"@type\":\"Organization\",\"@id\":\"https:\/\/www.ghostysky.com\/#organization\",\"name\":\"Ghostysky\",\"url\":\"https:\/\/www.ghostysky.com\/\",\"logo\":{\"@type\":\"ImageObject\",\"inLanguage\":\"es\",\"@id\":\"https:\/\/www.ghostysky.com\/#\/schema\/logo\/image\/\",\"url\":\"https:\/\/www.ghostysky.com\/wp-content\/uploads\/2020\/06\/cropped-ghostyskylogo_text_white2.png\",\"contentUrl\":\"https:\/\/www.ghostysky.com\/wp-content\/uploads\/2020\/06\/cropped-ghostyskylogo_text_white2.png\",\"width\":169,\"height\":56,\"caption\":\"Ghostysky\"},\"image\":{\"@id\":\"https:\/\/www.ghostysky.com\/#\/schema\/logo\/image\/\"},\"sameAs\":[\"https:\/\/www.facebook.com\/people\/Ghostysky\/100057676170234\/\",\"https:\/\/x.com\/Gh0stysky\",\"https:\/\/www.linkedin.com\/company\/34739653\",\"https:\/\/www.instagram.com\/gh0stysky\"]}]}<\/script>\n<!-- \/ Yoast SEO plugin. -->","yoast_head_json":{"title":"DJI Care Enterprise Plus (DJI Matrice 400) UE - Ghostysky","description":"DJI Care Enterprise Plus para Matrice 400 es el plan de protecci\u00f3n integral premium dise\u00f1ado para operadores de drones profesionales en Europa, que garantiza el m\u00e1ximo tiempo de actividad y tranquilidad para sus misiones empresariales. Este plan de servicio proporciona una amplia cobertura para su flota de alto valor DJI Matrice 400, minimizando los costos de reparaci\u00f3n inesperados y reduciendo el tiempo de inactividad operativa.","robots":{"index":"index","follow":"follow","max-snippet":"max-snippet:-1","max-image-preview":"max-image-preview:large","max-video-preview":"max-video-preview:-1"},"canonical":"https:\/\/www.ghostysky.com\/es\/producto-2\/dji-care-enterprise-plus-dji-matrice-400-eu\/","og_locale":"es_ES","og_type":"article","og_title":"DJI Care Enterprise Plus (DJI Matrice 400) EU - Ghostysky","og_description":"DJI Care Enterprise Plus for the Matrice 400 is the premium, comprehensive protection plan designed for professional drone operators in Europe, ensuring maximum uptime and peace of mind for your enterprise missions.This service plan provides extensive coverage for your high-value DJI Matrice 400 fleet, minimizing unexpected repair costs and reducing operational downtime.","og_url":"https:\/\/www.ghostysky.com\/es\/producto-2\/dji-care-enterprise-plus-dji-matrice-400-eu\/","og_site_name":"Ghostysky","article_publisher":"https:\/\/www.facebook.com\/people\/Ghostysky\/100057676170234\/","article_modified_time":"2025-10-18T04:51:43+00:00","og_image":[{"width":800,"height":800,"url":"https:\/\/www.ghostysky.com\/wp-content\/uploads\/2025\/10\/GH_DJI-Care-Enterprise-Plus-DJI-Matrice-400-EU_3.jpg","type":"image\/jpeg"}],"twitter_card":"summary_large_image","twitter_site":"@Gh0stysky","twitter_misc":{"Tiempo de lectura":"2 minutos"},"schema":{"@context":"https:\/\/schema.org","@graph":[{"@type":"WebPage","@id":"https:\/\/www.ghostysky.com\/product\/dji-care-enterprise-plus-dji-matrice-400-eu\/","url":"https:\/\/www.ghostysky.com\/product\/dji-care-enterprise-plus-dji-matrice-400-eu\/","name":"DJI Care Enterprise Plus (DJI Matrice 400) UE - Ghostysky","isPartOf":{"@id":"https:\/\/www.ghostysky.com\/#website"},"primaryImageOfPage":{"@id":"https:\/\/www.ghostysky.com\/product\/dji-care-enterprise-plus-dji-matrice-400-eu\/#primaryimage"},"image":{"@id":"https:\/\/www.ghostysky.com\/product\/dji-care-enterprise-plus-dji-matrice-400-eu\/#primaryimage"},"thumbnailUrl":"https:\/\/www.ghostysky.com\/wp-content\/uploads\/2025\/10\/GH_DJI-Care-Enterprise-Plus-DJI-Matrice-400-EU_3.jpg","datePublished":"2025-10-18T04:48:43+00:00","dateModified":"2025-10-18T04:51:43+00:00","description":"DJI Care Enterprise Plus para Matrice 400 es el plan de protecci\u00f3n integral premium dise\u00f1ado para operadores de drones profesionales en Europa, que garantiza el m\u00e1ximo tiempo de actividad y tranquilidad para sus misiones empresariales. Este plan de servicio proporciona una amplia cobertura para su flota de alto valor DJI Matrice 400, minimizando los costos de reparaci\u00f3n inesperados y reduciendo el tiempo de inactividad operativa.","breadcrumb":{"@id":"https:\/\/www.ghostysky.com\/product\/dji-care-enterprise-plus-dji-matrice-400-eu\/#breadcrumb"},"inLanguage":"es","potentialAction":[{"@type":"ReadAction","target":["https:\/\/www.ghostysky.com\/product\/dji-care-enterprise-plus-dji-matrice-400-eu\/"]}]},{"@type":"ImageObject","inLanguage":"es","@id":"https:\/\/www.ghostysky.com\/product\/dji-care-enterprise-plus-dji-matrice-400-eu\/#primaryimage","url":"https:\/\/www.ghostysky.com\/wp-content\/uploads\/2025\/10\/GH_DJI-Care-Enterprise-Plus-DJI-Matrice-400-EU_3.jpg","contentUrl":"https:\/\/www.ghostysky.com\/wp-content\/uploads\/2025\/10\/GH_DJI-Care-Enterprise-Plus-DJI-Matrice-400-EU_3.jpg","width":800,"height":800},{"@type":"BreadcrumbList","@id":"https:\/\/www.ghostysky.com\/product\/dji-care-enterprise-plus-dji-matrice-400-eu\/#breadcrumb","itemListElement":[{"@type":"ListItem","position":1,"name":"Home","item":"https:\/\/www.ghostysky.com\/"},{"@type":"ListItem","position":2,"name":"Shop","item":"https:\/\/www.ghostysky.com\/shop\/"},{"@type":"ListItem","position":3,"name":"DJI Care Enterprise Plus (DJI Matrice 400) EU"}]},{"@type":"WebSite","@id":"https:\/\/www.ghostysky.com\/#website","url":"https:\/\/www.ghostysky.com\/","name":"Ghostysky","description":"Entrega de drones y servicios profesionales","publisher":{"@id":"https:\/\/www.ghostysky.com\/#organization"},"potentialAction":[{"@type":"SearchAction","target":{"@type":"EntryPoint","urlTemplate":"https:\/\/www.ghostysky.com\/?s={search_term_string}"},"query-input":{"@type":"PropertyValueSpecification","valueRequired":true,"valueName":"search_term_string"}}],"inLanguage":"es"},{"@type":"Organization","@id":"https:\/\/www.ghostysky.com\/#organization","name":"Ghostysky","url":"https:\/\/www.ghostysky.com\/","logo":{"@type":"ImageObject","inLanguage":"es","@id":"https:\/\/www.ghostysky.com\/#\/schema\/logo\/image\/","url":"https:\/\/www.ghostysky.com\/wp-content\/uploads\/2020\/06\/cropped-ghostyskylogo_text_white2.png","contentUrl":"https:\/\/www.ghostysky.com\/wp-content\/uploads\/2020\/06\/cropped-ghostyskylogo_text_white2.png","width":169,"height":56,"caption":"Ghostysky"},"image":{"@id":"https:\/\/www.ghostysky.com\/#\/schema\/logo\/image\/"},"sameAs":["https:\/\/www.facebook.com\/people\/Ghostysky\/100057676170234\/","https:\/\/x.com\/Gh0stysky","https:\/\/www.linkedin.com\/company\/34739653","https:\/\/www.instagram.com\/gh0stysky"]}]}},"_links":{"self":[{"href":"https:\/\/www.ghostysky.com\/es\/wp-json\/wp\/v2\/product\/21890","targetHints":{"allow":["GET"]}}],"collection":[{"href":"https:\/\/www.ghostysky.com\/es\/wp-json\/wp\/v2\/product"}],"about":[{"href":"https:\/\/www.ghostysky.com\/es\/wp-json\/wp\/v2\/types\/product"}],"replies":[{"embeddable":true,"href":"https:\/\/www.ghostysky.com\/es\/wp-json\/wp\/v2\/comments?post=21890"}],"wp:featuredmedia":[{"embeddable":true,"href":"https:\/\/www.ghostysky.com\/es\/wp-json\/wp\/v2\/media\/21891"}],"wp:attachment":[{"href":"https:\/\/www.ghostysky.com\/es\/wp-json\/wp\/v2\/media?parent=21890"}],"wp:term":[{"taxonomy":"product_brand","embeddable":true,"href":"https:\/\/www.ghostysky.com\/es\/wp-json\/wp\/v2\/product_brand?post=21890"},{"taxonomy":"product_cat","embeddable":true,"href":"https:\/\/www.ghostysky.com\/es\/wp-json\/wp\/v2\/product_cat?post=21890"},{"taxonomy":"product_tag","embeddable":true,"href":"https:\/\/www.ghostysky.com\/es\/wp-json\/wp\/v2\/product_tag?post=21890"}],"curies":[{"name":"wp","href":"https:\/\/api.w.org\/{rel}","templated":true}]}}