{"id":21892,"date":"2025-10-18T04:52:37","date_gmt":"2025-10-18T04:52:37","guid":{"rendered":"https:\/\/www.ghostysky.com\/?post_type=product&#038;p=21892"},"modified":"2025-10-18T04:56:16","modified_gmt":"2025-10-18T04:56:16","slug":"dji-skyport-v3-adapter-set","status":"publish","type":"product","link":"https:\/\/www.ghostysky.com\/es\/product\/dji-skyport-v3-adapter-set\/","title":{"rendered":"Juego de adaptadores DJI Skyport V3"},"content":{"rendered":"<div id=\"model-response-message-contentr_55bc02040a3d26f8\" class=\"markdown markdown-main-panel stronger enable-updated-hr-color\" dir=\"ltr\">\n<div id=\"model-response-message-contentr_7d191a1853b28634\" class=\"markdown markdown-main-panel stronger enable-updated-hr-color\" dir=\"ltr\">\n<div id=\"model-response-message-contentr_4bdeaa6da8c41b15\" class=\"markdown markdown-main-panel stronger enable-updated-hr-color\" dir=\"ltr\">\n<div id=\"model-response-message-contentr_e0d74dc8e10239d5\" class=\"markdown markdown-main-panel stronger enable-updated-hr-color\" dir=\"ltr\">\n<h3>Caracter\u00edsticas y beneficios clave<\/h3>\n<ul>\n<li><b>Conectividad PSDK perfecta:<\/b><span class=\"citation-1933\"> Los adaptadores permiten un enlace confiable y seguro entre cargas \u00fatiles personalizadas desarrolladas utilizando el <\/span><b><span class=\"citation-1933\">SDK de carga \u00fatil de DJI (PSDK)<\/span><\/b><span class=\"citation-1933 citation-end-1933\"> y la plataforma del dron.<\/span><\/li>\n<li><b><span class=\"citation-1932\">Integraci\u00f3n de carga \u00fatil personalizada:<\/span><\/b><span class=\"citation-1932 citation-end-1932\"> Dise\u00f1ados para desarrolladores, los adaptadores permiten la integraci\u00f3n de accesorios, sensores y c\u00e1maras personalizados seg\u00fan las definiciones de interfaz SkyPort V3 establecidas.<\/span><\/li>\n<li><b><span class=\"citation-1931\">Rendimiento confiable:<\/span><\/b><span class=\"citation-1931\"> Cada adaptador garantiza <\/span><b><span class=\"citation-1931\">entrega de potencia estable<\/span><\/b><span class=\"citation-1931\"> y <\/span><b><span class=\"citation-1931\">comunicaci\u00f3n de datos segura y de alta fidelidad<\/span><\/b><span class=\"citation-1931 citation-end-1931\"> entre la carga \u00fatil y el controlador de vuelo, crucial para operaciones de misi\u00f3n cr\u00edtica.<\/span><\/li>\n<li><b><span class=\"citation-1930\">Chip certificado por SDK:<\/span><\/b><span class=\"citation-1930\"> Cada unidad est\u00e1 equipada con un <\/span><b><span class=\"citation-1930\">Chip certificado por DJI SDK<\/span><\/b><span class=\"citation-1930 citation-end-1930\">, garantizando la autenticaci\u00f3n oficial y la compatibilidad total con la plataforma de vuelo DJI.<\/span><\/li>\n<li><b>Kit listo para desarrolladores:<\/b><span class=\"citation-1929\"> El conjunto normalmente incluye <\/span><b><span class=\"citation-1929\">10 adaptadores individuales<\/span><\/b><span class=\"citation-1929 citation-end-1929\">, proporcionando una soluci\u00f3n lista para usar para escalar el desarrollo de cargas \u00fatiles personalizadas, probarlas o equipar una peque\u00f1a flota de drones.<\/span>\n<div class=\"source-inline-chip-container ng-star-inserted\"><\/div>\n<\/li>\n<\/ul>\n<hr \/>\n<p>&nbsp;<\/p>\n<h3>Compatibilidad<\/h3>\n<p>El juego de adaptadores DJI SkyPort V3 est\u00e1 dise\u00f1ado para usarse con:<\/p>\n<ul>\n<li><b><span class=\"citation-1928\">Serie DJI Matrice 400<\/span><\/b><span class=\"citation-1928 citation-end-1928\"> drones empresariales.<\/span><\/li>\n<li><span class=\"citation-1927\">Cargas \u00fatiles desarrolladas utilizando el <\/span><b><span class=\"citation-1927\">SDK de carga \u00fatil de DJI (PSDK)<\/span><\/b><\/li>\n<\/ul>\n<h3>En el cuadro<\/h3>\n<p>10 adaptadores SkyPort V3<\/p>\n<\/div>\n<\/div>\n<\/div>\n<\/div>","protected":false},"excerpt":{"rendered":"<p><span class=\"citation-1935\">El <\/span><b><span class=\"citation-1935\">Juego de adaptadores DJI SkyPort V3<\/span><\/b><span class=\"citation-1935\"> proporciona a los desarrolladores e integradores de sistemas los componentes esenciales para conectarse e integrarse sin problemas <\/span><b><span class=\"citation-1935\">cargas \u00fatiles personalizadas de terceros<\/span><\/b><span class=\"citation-1935\"> con plataformas de drones empresariales DJI compatibles, principalmente el <\/span><b><span class=\"citation-1935\">Serie Matrice 400<\/span><\/b><span class=\"citation-1935 citation-end-1935\">.<\/span><\/p>\n<p><span class=\"citation-1934 citation-end-1934\">Este conjunto est\u00e1 dise\u00f1ado espec\u00edficamente para acelerar el desarrollo de soluciones a\u00e9reas especializadas para aplicaciones empresariales exigentes como inspecci\u00f3n, cartograf\u00eda, topograf\u00eda y seguridad p\u00fablica.<\/span><\/p>","protected":false},"featured_media":21894,"comment_status":"open","ping_status":"closed","template":"","meta":[],"product_brand":[1031],"product_cat":[37,1125,1127],"product_tag":[42,1131,1128],"class_list":{"0":"post-21892","1":"product","2":"type-product","3":"status-publish","4":"has-post-thumbnail","6":"product_brand-dji","7":"product_cat-dji","8":"product_cat-matrice-400","9":"product_cat-matrice-400-accessories","10":"product_tag-dji","11":"product_tag-dji-matrice-400-accessories","12":"product_tag-dji-matrice-400-series","14":"first","15":"onbackorder","16":"taxable","17":"shipping-taxable","18":"purchasable","19":"product-type-simple"},"yoast_head":"<!-- This site is optimized with the Yoast SEO plugin v27.4 - https:\/\/yoast.com\/product\/yoast-seo-wordpress\/ -->\n<title>DJI Skyport V3 Adapter Set - Ghostysky<\/title>\n<meta name=\"description\" content=\"The DJI SkyPort V3 Adapter Set provides developers and system integrators with the essential components to seamlessly connect and integrate custom third-party payloads with compatible DJI enterprise drone platforms, primarily the Matrice 400 Series.This set is specifically engineered to accelerate the development of specialized aerial solutions for demanding enterprise applications such as inspection, mapping, surveying, and public safety.\" \/>\n<meta name=\"robots\" content=\"index, follow, max-snippet:-1, max-image-preview:large, max-video-preview:-1\" \/>\n<link rel=\"canonical\" href=\"https:\/\/www.ghostysky.com\/es\/producto-2\/dji-skyport-v3-adapter-set\/\" \/>\n<meta property=\"og:locale\" content=\"es_ES\" \/>\n<meta property=\"og:type\" content=\"article\" \/>\n<meta property=\"og:title\" content=\"DJI Skyport V3 Adapter Set - Ghostysky\" \/>\n<meta property=\"og:description\" content=\"The DJI SkyPort V3 Adapter Set provides developers and system integrators with the essential components to seamlessly connect and integrate custom third-party payloads with compatible DJI enterprise drone platforms, primarily the Matrice 400 Series.This set is specifically engineered to accelerate the development of specialized aerial solutions for demanding enterprise applications such as inspection, mapping, surveying, and public safety.\" \/>\n<meta property=\"og:url\" content=\"https:\/\/www.ghostysky.com\/es\/producto-2\/dji-skyport-v3-adapter-set\/\" \/>\n<meta property=\"og:site_name\" content=\"Ghostysky\" \/>\n<meta property=\"article:publisher\" content=\"https:\/\/www.facebook.com\/people\/Ghostysky\/100057676170234\/\" \/>\n<meta property=\"article:modified_time\" content=\"2025-10-18T04:56:16+00:00\" \/>\n<meta property=\"og:image\" content=\"https:\/\/www.ghostysky.com\/wp-content\/uploads\/2025\/10\/GH_DJI-Skyport-V3-Adapter-Set_1.jpg\" \/>\n\t<meta property=\"og:image:width\" content=\"800\" \/>\n\t<meta property=\"og:image:height\" content=\"800\" \/>\n\t<meta property=\"og:image:type\" content=\"image\/jpeg\" \/>\n<meta name=\"twitter:card\" content=\"summary_large_image\" \/>\n<meta name=\"twitter:site\" content=\"@Gh0stysky\" \/>\n<meta name=\"twitter:label1\" content=\"Tiempo de lectura\" \/>\n\t<meta name=\"twitter:data1\" content=\"1 minuto\" \/>\n<script type=\"application\/ld+json\" class=\"yoast-schema-graph\">{\"@context\":\"https:\\\/\\\/schema.org\",\"@graph\":[{\"@type\":\"WebPage\",\"@id\":\"https:\\\/\\\/www.ghostysky.com\\\/product\\\/dji-skyport-v3-adapter-set\\\/\",\"url\":\"https:\\\/\\\/www.ghostysky.com\\\/product\\\/dji-skyport-v3-adapter-set\\\/\",\"name\":\"DJI Skyport V3 Adapter Set - Ghostysky\",\"isPartOf\":{\"@id\":\"https:\\\/\\\/www.ghostysky.com\\\/#website\"},\"primaryImageOfPage\":{\"@id\":\"https:\\\/\\\/www.ghostysky.com\\\/product\\\/dji-skyport-v3-adapter-set\\\/#primaryimage\"},\"image\":{\"@id\":\"https:\\\/\\\/www.ghostysky.com\\\/product\\\/dji-skyport-v3-adapter-set\\\/#primaryimage\"},\"thumbnailUrl\":\"https:\\\/\\\/www.ghostysky.com\\\/wp-content\\\/uploads\\\/2025\\\/10\\\/GH_DJI-Skyport-V3-Adapter-Set_1.jpg\",\"datePublished\":\"2025-10-18T04:52:37+00:00\",\"dateModified\":\"2025-10-18T04:56:16+00:00\",\"description\":\"The DJI SkyPort V3 Adapter Set provides developers and system integrators with the essential components to seamlessly connect and integrate custom third-party payloads with compatible DJI enterprise drone platforms, primarily the Matrice 400 Series.This set is specifically engineered to accelerate the development of specialized aerial solutions for demanding enterprise applications such as inspection, mapping, surveying, and public safety.\",\"breadcrumb\":{\"@id\":\"https:\\\/\\\/www.ghostysky.com\\\/product\\\/dji-skyport-v3-adapter-set\\\/#breadcrumb\"},\"inLanguage\":\"es\",\"potentialAction\":[{\"@type\":\"ReadAction\",\"target\":[\"https:\\\/\\\/www.ghostysky.com\\\/product\\\/dji-skyport-v3-adapter-set\\\/\"]}]},{\"@type\":\"ImageObject\",\"inLanguage\":\"es\",\"@id\":\"https:\\\/\\\/www.ghostysky.com\\\/product\\\/dji-skyport-v3-adapter-set\\\/#primaryimage\",\"url\":\"https:\\\/\\\/www.ghostysky.com\\\/wp-content\\\/uploads\\\/2025\\\/10\\\/GH_DJI-Skyport-V3-Adapter-Set_1.jpg\",\"contentUrl\":\"https:\\\/\\\/www.ghostysky.com\\\/wp-content\\\/uploads\\\/2025\\\/10\\\/GH_DJI-Skyport-V3-Adapter-Set_1.jpg\",\"width\":800,\"height\":800},{\"@type\":\"BreadcrumbList\",\"@id\":\"https:\\\/\\\/www.ghostysky.com\\\/product\\\/dji-skyport-v3-adapter-set\\\/#breadcrumb\",\"itemListElement\":[{\"@type\":\"ListItem\",\"position\":1,\"name\":\"Home\",\"item\":\"https:\\\/\\\/www.ghostysky.com\\\/\"},{\"@type\":\"ListItem\",\"position\":2,\"name\":\"Shop\",\"item\":\"https:\\\/\\\/www.ghostysky.com\\\/shop\\\/\"},{\"@type\":\"ListItem\",\"position\":3,\"name\":\"DJI Skyport V3 Adapter Set\"}]},{\"@type\":\"WebSite\",\"@id\":\"https:\\\/\\\/www.ghostysky.com\\\/#website\",\"url\":\"https:\\\/\\\/www.ghostysky.com\\\/\",\"name\":\"Ghostysky\",\"description\":\"Delivering professional drones and services\",\"publisher\":{\"@id\":\"https:\\\/\\\/www.ghostysky.com\\\/#organization\"},\"potentialAction\":[{\"@type\":\"SearchAction\",\"target\":{\"@type\":\"EntryPoint\",\"urlTemplate\":\"https:\\\/\\\/www.ghostysky.com\\\/?s={search_term_string}\"},\"query-input\":{\"@type\":\"PropertyValueSpecification\",\"valueRequired\":true,\"valueName\":\"search_term_string\"}}],\"inLanguage\":\"es\"},{\"@type\":\"Organization\",\"@id\":\"https:\\\/\\\/www.ghostysky.com\\\/#organization\",\"name\":\"Ghostysky\",\"url\":\"https:\\\/\\\/www.ghostysky.com\\\/\",\"logo\":{\"@type\":\"ImageObject\",\"inLanguage\":\"es\",\"@id\":\"https:\\\/\\\/www.ghostysky.com\\\/#\\\/schema\\\/logo\\\/image\\\/\",\"url\":\"https:\\\/\\\/www.ghostysky.com\\\/wp-content\\\/uploads\\\/2020\\\/06\\\/cropped-ghostyskylogo_text_white2.png\",\"contentUrl\":\"https:\\\/\\\/www.ghostysky.com\\\/wp-content\\\/uploads\\\/2020\\\/06\\\/cropped-ghostyskylogo_text_white2.png\",\"width\":169,\"height\":56,\"caption\":\"Ghostysky\"},\"image\":{\"@id\":\"https:\\\/\\\/www.ghostysky.com\\\/#\\\/schema\\\/logo\\\/image\\\/\"},\"sameAs\":[\"https:\\\/\\\/www.facebook.com\\\/people\\\/Ghostysky\\\/100057676170234\\\/\",\"https:\\\/\\\/x.com\\\/Gh0stysky\",\"https:\\\/\\\/www.linkedin.com\\\/company\\\/34739653\",\"https:\\\/\\\/www.instagram.com\\\/gh0stysky\"]}]}<\/script>\n<!-- \/ Yoast SEO plugin. -->","yoast_head_json":{"title":"Adaptador DJI Skyport V3 - Ghostysky","description":"El conjunto adaptador DJI SkyPort V3 proporciona a los desarrolladores e integradores de sistemas los componentes esenciales para conectar e integrar sin problemas cargas \u00fatiles personalizadas de terceros con plataformas de drones empresariales DJI compatibles, principalmente la serie Matrice 400. Este conjunto est\u00e1 dise\u00f1ado espec\u00edficamente para acelerar el desarrollo de soluciones a\u00e9reas especializadas para aplicaciones empresariales exigentes, como inspecci\u00f3n, cartograf\u00eda, topograf\u00eda y seguridad p\u00fablica.","robots":{"index":"index","follow":"follow","max-snippet":"max-snippet:-1","max-image-preview":"max-image-preview:large","max-video-preview":"max-video-preview:-1"},"canonical":"https:\/\/www.ghostysky.com\/es\/producto-2\/dji-skyport-v3-adapter-set\/","og_locale":"es_ES","og_type":"article","og_title":"DJI Skyport V3 Adapter Set - Ghostysky","og_description":"The DJI SkyPort V3 Adapter Set provides developers and system integrators with the essential components to seamlessly connect and integrate custom third-party payloads with compatible DJI enterprise drone platforms, primarily the Matrice 400 Series.This set is specifically engineered to accelerate the development of specialized aerial solutions for demanding enterprise applications such as inspection, mapping, surveying, and public safety.","og_url":"https:\/\/www.ghostysky.com\/es\/producto-2\/dji-skyport-v3-adapter-set\/","og_site_name":"Ghostysky","article_publisher":"https:\/\/www.facebook.com\/people\/Ghostysky\/100057676170234\/","article_modified_time":"2025-10-18T04:56:16+00:00","og_image":[{"width":800,"height":800,"url":"https:\/\/www.ghostysky.com\/wp-content\/uploads\/2025\/10\/GH_DJI-Skyport-V3-Adapter-Set_1.jpg","type":"image\/jpeg"}],"twitter_card":"summary_large_image","twitter_site":"@Gh0stysky","twitter_misc":{"Tiempo de lectura":"1 minuto"},"schema":{"@context":"https:\/\/schema.org","@graph":[{"@type":"WebPage","@id":"https:\/\/www.ghostysky.com\/product\/dji-skyport-v3-adapter-set\/","url":"https:\/\/www.ghostysky.com\/product\/dji-skyport-v3-adapter-set\/","name":"Adaptador DJI Skyport V3 - Ghostysky","isPartOf":{"@id":"https:\/\/www.ghostysky.com\/#website"},"primaryImageOfPage":{"@id":"https:\/\/www.ghostysky.com\/product\/dji-skyport-v3-adapter-set\/#primaryimage"},"image":{"@id":"https:\/\/www.ghostysky.com\/product\/dji-skyport-v3-adapter-set\/#primaryimage"},"thumbnailUrl":"https:\/\/www.ghostysky.com\/wp-content\/uploads\/2025\/10\/GH_DJI-Skyport-V3-Adapter-Set_1.jpg","datePublished":"2025-10-18T04:52:37+00:00","dateModified":"2025-10-18T04:56:16+00:00","description":"El conjunto adaptador DJI SkyPort V3 proporciona a los desarrolladores e integradores de sistemas los componentes esenciales para conectar e integrar sin problemas cargas \u00fatiles personalizadas de terceros con plataformas de drones empresariales DJI compatibles, principalmente la serie Matrice 400. Este conjunto est\u00e1 dise\u00f1ado espec\u00edficamente para acelerar el desarrollo de soluciones a\u00e9reas especializadas para aplicaciones empresariales exigentes, como inspecci\u00f3n, cartograf\u00eda, topograf\u00eda y seguridad p\u00fablica.","breadcrumb":{"@id":"https:\/\/www.ghostysky.com\/product\/dji-skyport-v3-adapter-set\/#breadcrumb"},"inLanguage":"es","potentialAction":[{"@type":"ReadAction","target":["https:\/\/www.ghostysky.com\/product\/dji-skyport-v3-adapter-set\/"]}]},{"@type":"ImageObject","inLanguage":"es","@id":"https:\/\/www.ghostysky.com\/product\/dji-skyport-v3-adapter-set\/#primaryimage","url":"https:\/\/www.ghostysky.com\/wp-content\/uploads\/2025\/10\/GH_DJI-Skyport-V3-Adapter-Set_1.jpg","contentUrl":"https:\/\/www.ghostysky.com\/wp-content\/uploads\/2025\/10\/GH_DJI-Skyport-V3-Adapter-Set_1.jpg","width":800,"height":800},{"@type":"BreadcrumbList","@id":"https:\/\/www.ghostysky.com\/product\/dji-skyport-v3-adapter-set\/#breadcrumb","itemListElement":[{"@type":"ListItem","position":1,"name":"Home","item":"https:\/\/www.ghostysky.com\/"},{"@type":"ListItem","position":2,"name":"Shop","item":"https:\/\/www.ghostysky.com\/shop\/"},{"@type":"ListItem","position":3,"name":"DJI Skyport V3 Adapter Set"}]},{"@type":"WebSite","@id":"https:\/\/www.ghostysky.com\/#website","url":"https:\/\/www.ghostysky.com\/","name":"Ghostysky","description":"Entrega de drones y servicios profesionales","publisher":{"@id":"https:\/\/www.ghostysky.com\/#organization"},"potentialAction":[{"@type":"SearchAction","target":{"@type":"EntryPoint","urlTemplate":"https:\/\/www.ghostysky.com\/?s={search_term_string}"},"query-input":{"@type":"PropertyValueSpecification","valueRequired":true,"valueName":"search_term_string"}}],"inLanguage":"es"},{"@type":"Organization","@id":"https:\/\/www.ghostysky.com\/#organization","name":"Ghostysky","url":"https:\/\/www.ghostysky.com\/","logo":{"@type":"ImageObject","inLanguage":"es","@id":"https:\/\/www.ghostysky.com\/#\/schema\/logo\/image\/","url":"https:\/\/www.ghostysky.com\/wp-content\/uploads\/2020\/06\/cropped-ghostyskylogo_text_white2.png","contentUrl":"https:\/\/www.ghostysky.com\/wp-content\/uploads\/2020\/06\/cropped-ghostyskylogo_text_white2.png","width":169,"height":56,"caption":"Ghostysky"},"image":{"@id":"https:\/\/www.ghostysky.com\/#\/schema\/logo\/image\/"},"sameAs":["https:\/\/www.facebook.com\/people\/Ghostysky\/100057676170234\/","https:\/\/x.com\/Gh0stysky","https:\/\/www.linkedin.com\/company\/34739653","https:\/\/www.instagram.com\/gh0stysky"]}]}},"_links":{"self":[{"href":"https:\/\/www.ghostysky.com\/es\/wp-json\/wp\/v2\/product\/21892","targetHints":{"allow":["GET"]}}],"collection":[{"href":"https:\/\/www.ghostysky.com\/es\/wp-json\/wp\/v2\/product"}],"about":[{"href":"https:\/\/www.ghostysky.com\/es\/wp-json\/wp\/v2\/types\/product"}],"replies":[{"embeddable":true,"href":"https:\/\/www.ghostysky.com\/es\/wp-json\/wp\/v2\/comments?post=21892"}],"version-history":[{"count":0,"href":"https:\/\/www.ghostysky.com\/es\/wp-json\/wp\/v2\/product\/21892\/revisions"}],"wp:featuredmedia":[{"embeddable":true,"href":"https:\/\/www.ghostysky.com\/es\/wp-json\/wp\/v2\/media\/21894"}],"wp:attachment":[{"href":"https:\/\/www.ghostysky.com\/es\/wp-json\/wp\/v2\/media?parent=21892"}],"wp:term":[{"taxonomy":"product_brand","embeddable":true,"href":"https:\/\/www.ghostysky.com\/es\/wp-json\/wp\/v2\/product_brand?post=21892"},{"taxonomy":"product_cat","embeddable":true,"href":"https:\/\/www.ghostysky.com\/es\/wp-json\/wp\/v2\/product_cat?post=21892"},{"taxonomy":"product_tag","embeddable":true,"href":"https:\/\/www.ghostysky.com\/es\/wp-json\/wp\/v2\/product_tag?post=21892"}],"curies":[{"name":"wp","href":"https:\/\/api.w.org\/{rel}","templated":true}]}}