{"id":21902,"date":"2025-10-18T05:15:22","date_gmt":"2025-10-18T05:15:22","guid":{"rendered":"https:\/\/www.ghostysky.com\/?post_type=product&#038;p=21902"},"modified":"2026-02-05T10:07:30","modified_gmt":"2026-02-05T10:07:30","slug":"dji-mini-5-pro-fly-more-combo-dji-rc2","status":"publish","type":"product","link":"https:\/\/www.ghostysky.com\/es\/product\/dji-mini-5-pro-fly-more-combo-dji-rc2\/","title":{"rendered":"DJI Mini 5 Pro Fly More Combo (DJI RC2)"},"content":{"rendered":"<div id=\"model-response-message-contentr_55bc02040a3d26f8\" class=\"markdown markdown-main-panel stronger enable-updated-hr-color\" dir=\"ltr\">\n<div id=\"model-response-message-contentr_7d191a1853b28634\" class=\"markdown markdown-main-panel stronger enable-updated-hr-color\" dir=\"ltr\">\n<div id=\"model-response-message-contentr_4bdeaa6da8c41b15\" class=\"markdown markdown-main-panel stronger enable-updated-hr-color\" dir=\"ltr\">\n<h3><b>Caracter\u00edsticas principales del DJI Mini 5 Pro<\/b><\/h3>\n<ul>\n<li><b>Sistema de c\u00e1mara de nivel profesional:<\/b>\n<ul>\n<li><span class=\"citation-2063 citation-end-2063\">Equipado con un <\/span><b><span class=\"math-inline\" data-math=\"1\">1<\/span><span class=\"citation-2062\">Sensor CMOS de pulgadas<\/span><\/b><span class=\"citation-2062 citation-end-2062\"> que captura im\u00e1genes impresionantes\u00a0<\/span><b><span class=\"math-inline\" data-math=\"50\\text{MP}\">50MP <\/span><span class=\"citation-2061\">fotos<\/span><\/b><span class=\"citation-2061 citation-end-2061\"> y <\/span><b><span class=\"math-inline\" data-math=\"4\\text{K}\/60\\text{fps HDR}\">4K\/60 fps HDR<\/span><span class=\"citation-2060\">\u00a0video<\/span><\/b><span class=\"citation-2060 citation-end-2060\"> con hasta <\/span><span class=\"math-inline\" data-math=\"14\">14<\/span><span class=\"citation-2059 citation-end-2059\">\u00a0paradas de rango din\u00e1mico.<\/span><\/li>\n<li><span class=\"citation-2058 citation-end-2058\">Consiga una c\u00e1mara lenta cinematogr\u00e1fica con\u00a0<\/span><b><span class=\"math-inline\" data-math=\"4\\text{K}\/120\\text{fps}\">4K\/120 fps <\/span><span class=\"citation-2057\">video<\/span><\/b><span class=\"citation-2057 citation-end-2057\">.<\/span><\/li>\n<li><span class=\"citation-2056 citation-end-2056\">Ofertas <\/span><b><span class=\"math-inline\" data-math=\"10\\text{-bit}\">10 bits\u00a0 <\/span><span class=\"citation-2055\">grabaci\u00f3n<\/span><\/b><span class=\"citation-2055 citation-end-2055\"> en los modos de color D-Log M y HLG para una amplia flexibilidad de posproducci\u00f3n.<\/span><\/li>\n<li><span class=\"citation-2054 citation-end-2054\">Presenta una caracter\u00edstica \u00fanica\u00a0<\/span><b><span class=\"math-inline\" data-math=\"225\\text{\u00b0}\">225\u00b0<\/span><span class=\"citation-2053\">\u00a0rotaci\u00f3n flexible del card\u00e1n<\/span><\/b><span class=\"citation-2053\"> y <\/span><b><span class=\"citation-2053\">Disparo vertical real<\/span><\/b><span class=\"citation-2053 citation-end-2053\"> para contenido instant\u00e1neo listo para redes sociales.<\/span><\/li>\n<li><span class=\"citation-2052 citation-end-2052\">Incluye un <\/span><b><span class=\"math-inline\" data-math=\"48\\text{mm}\">48 mm <\/span><span class=\"citation-2051 citation-end-2051\">Modo Med-Tele (<\/span><span class=\"math-inline\" data-math=\"2\\text{x}\">2x<\/span><span class=\"citation-2050\">\u00a0zoom)<\/span><\/b><span class=\"citation-2050 citation-end-2050\"> Para tomas a\u00e9reas de retratos convincentes y con textura.<\/span><\/li>\n<\/ul>\n<\/li>\n<li><b>Seguridad omnidireccional de paisaje nocturno:<\/b>\n<ul>\n<li><span class=\"citation-2049\">Primer mini dron con <\/span><b><span class=\"citation-2049\">Detecci\u00f3n de obst\u00e1culos omnidireccional de paisaje nocturno<\/span><\/b><span class=\"citation-2049\">, impulsado por un <\/span><b><span class=\"citation-2049\">LiDAR orientado hacia adelante<\/span><\/b><span class=\"citation-2049 citation-end-2049\"> Sensor y m\u00faltiples sensores de visi\u00f3n, que permiten la detecci\u00f3n y evasi\u00f3n incluso en condiciones de poca luz.<\/span><\/li>\n<li><span class=\"citation-2048\">Caracter\u00edsticas <\/span><b><span class=\"citation-2048 citation-end-2048\">ActiveTrack mejorado <\/span><span class=\"math-inline\" data-math=\"360\\text{\u00b0}\">360\u00b0<\/span><\/b><span class=\"citation-2047 citation-end-2047\">\u00a0para un seguimiento de sujetos personalizable, estable y m\u00e1s seguro.<\/span><\/li>\n<\/ul>\n<\/li>\n<li><b>Vuelo extendido y transmisi\u00f3n:<\/b>\n<ul>\n<li><span class=\"citation-2046\">El est\u00e1ndar <\/span><b><span class=\"citation-2046\">Bater\u00eda de Vuelo Inteligente<\/span><\/b><span class=\"citation-2046 citation-end-2046\"> proporciona hasta <\/span><b><span class=\"math-inline\" data-math=\"36\">36 <\/span><span class=\"citation-2045\">minutos de tiempo de vuelo<\/span><\/b><span class=\"citation-2045 citation-end-2045\">.<\/span><\/li>\n<li><span class=\"citation-2044\">Utiliza lo nuevo <\/span><b><span class=\"citation-2044 citation-end-2044\">DJI O<\/span><span class=\"math-inline\" data-math=\"4+\">4+<\/span><span class=\"citation-2043\">\u00a0Transmisi\u00f3n de video<\/span><\/b><span class=\"citation-2043 citation-end-2043\"> sistema, que proporciona una transmisi\u00f3n en vivo robusta hasta <sup class=\"superscript\" data-turn-source-index=\"25\">25<\/sup><\/span><span class=\"math-inline\" data-math=\"20\\text{km}\">$20\\texto{km}$<\/span><span class=\"citation-2042 citation-end-2042\"> (FCC) con estabilidad superior y antiinterferencias.<\/span><\/li>\n<li><span class=\"citation-2041 citation-end-2041\">Incluye <\/span><b><span class=\"math-inline\" data-math=\"42\\text{GB}\">42 GB<\/span><span class=\"citation-2040\">\u00a0de almacenamiento interno<\/span><\/b><span class=\"citation-2040\"> y apoya <\/span><b><span class=\"citation-2040\">Transferencia r\u00e1pida fuera del estado<\/span><\/b><span class=\"citation-2040 citation-end-2040\"> para descargas r\u00e1pidas de archivos sin encender el dron.<\/span><\/li>\n<\/ul>\n<\/li>\n<\/ul>\n<h3><b>Inclusiones del Fly More Combo (DJI RC 2)<\/b><\/h3>\n<p>El <b>Combo Vuela M\u00e1s<\/b> garantiza que est\u00e9 listo para sesiones de disparo prolongadas con accesorios esenciales:<\/p>\n<ul>\n<li><b><span class=\"citation-2039\">Control remoto DJI RC 2:<\/span><\/b><span class=\"citation-2039 citation-end-2039\"> Un controlador liviano y de alto rendimiento con un controlador integrado <\/span><span class=\"citation-2036 citation-end-2036\">Pantalla de alto brillo, eliminando la necesidad de un tel\u00e9fono inteligente separado.<\/span><\/li>\n<li><b><span class=\"citation-2034\">Bater\u00edas de vuelo inteligentes:<\/span><\/b><span class=\"citation-2034 citation-end-2034\"> Triplica el tiempo de vuelo est\u00e1ndar para lograr la m\u00e1xima creatividad.<\/span><\/li>\n<li><b><span class=\"citation-2033\">Centro de carga bidireccional:<\/span><\/b><span class=\"citation-2033 citation-end-2033\"> Carga eficientemente tres bater\u00edas en secuencia.<\/span><\/li>\n<li><b><span class=\"citation-2032 citation-end-2032\">Juego de filtros ND <\/span><span class=\"citation-2029\">:<\/span><\/b>Filtros esenciales para controlar la exposici\u00f3n y capturar el desenfoque de movimiento cinematogr\u00e1fico en condiciones de mucha luz.<\/li>\n<li><b>Bolso de hombro:<\/b><span class=\"citation-2028 citation-end-2028\"> Un estuche de transporte de alta calidad para proteger y transportar su equipo.<\/span><\/li>\n<li><b><span class=\"citation-2027 citation-end-2027\">H\u00e9lices de repuesto y otros accesorios.<\/span><\/b><\/li>\n<\/ul>\n<h4>En el cuadro<\/h4>\n<p>1 DJI Mini 5 Pro<br \/>\n1 DJI Mini 5 Pro<br \/>\n1x DJI RC 2<br \/>\n1 juego de filtros ND para DJI Mini 5 Pro (ND8\/32\/128)<br \/>\n3 bater\u00edas de vuelo inteligente DJI Mini 5 Pro<br \/>\n1x Centro de carga bidireccional DJI Mini 5 Pro<br \/>\n1x Funda de almacenamiento para DJI Mini 5 Pro<br \/>\n3 h\u00e9lices de repuesto para DJI Mini 5 Pro (par)<br \/>\n1x Bolsa de hombro para DJI Mini 5 Pro<br \/>\n1 cable de datos USB-C a USB-C<\/p>\n<\/div>\n<\/div>\n<\/div>","protected":false},"excerpt":{"rendered":"<p><span class=\"citation-2067\">El <\/span><b><span class=\"citation-2067\">Combo DJI Mini 5 Pro Vuela M\u00e1s (DJI RC 2)<\/span><\/b><span class=\"citation-2067 citation-end-2067\"> es el paquete de drones compacto definitivo, que ofrece im\u00e1genes de nivel profesional y funciones avanzadas en un dise\u00f1o port\u00e1til y que cumple con las regulaciones (con un peso de poco menos de <\/span><span class=\"math-inline\" data-math=\"249\\text{g}\">249 gramos<\/span><span class=\"citation-2066 citation-end-2066\">).<\/span><\/p>\n<p><span class=\"citation-2065\">Esta combinaci\u00f3n es perfecta para creadores que desean el m\u00e1ximo tiempo de vuelo y accesorios listos para usar, con alto rendimiento <\/span><b><span class=\"citation-2065\">DJI Mini 5 Pro<\/span><\/b><span class=\"citation-2065\"> y el <\/span><b><span class=\"citation-2065\">DJI RC 2<\/span><\/b><span class=\"citation-2065 citation-end-2065\"> Control remoto con su luz brillante incorporada\u00a0<\/span><span class=\"math-inline\" data-math=\"5.5\">5.5<\/span><span class=\"citation-2064 citation-end-2064\">Pantalla FHD de pulgadas.<\/span><\/p>","protected":false},"featured_media":21905,"comment_status":"open","ping_status":"closed","template":"","meta":[],"product_brand":[1031],"product_cat":[37,1133,1134],"product_tag":[42,1136,1135],"class_list":{"0":"post-21902","1":"product","2":"type-product","3":"status-publish","4":"has-post-thumbnail","6":"product_brand-dji","7":"product_cat-dji","8":"product_cat-dji-mini-5-pro","9":"product_cat-dji-mini-5-pro-drones","10":"product_tag-dji","11":"product_tag-dji-mini-5-pro-drones","12":"product_tag-dji-mini-5-pro-series","14":"first","15":"instock","16":"taxable","17":"shipping-taxable","18":"purchasable","19":"product-type-simple"},"yoast_head":"<!-- This site is optimized with the Yoast SEO plugin v27.1.1 - https:\/\/yoast.com\/product\/yoast-seo-wordpress\/ -->\n<title>DJI Mini 5 Pro Fly More Combo (DJI RC2) - Ghostysky<\/title>\n<meta name=\"description\" content=\"The DJI Mini 5 Pro Fly More Combo (DJI RC 2) is the ultimate compact drone package, delivering professional-level imaging and advanced features in a portable, regulation-friendly design (weighing just under 249g).This combo is perfect for creators who want maximum flight time and accessories right out of the box, featuring the high-performance DJI Mini 5 Pro and the DJI RC 2 remote controller with its built-in, bright\u00a05.5-inch FHD display.\" \/>\n<meta name=\"robots\" content=\"index, follow, max-snippet:-1, max-image-preview:large, max-video-preview:-1\" \/>\n<link rel=\"canonical\" href=\"https:\/\/www.ghostysky.com\/es\/producto-2\/dji-mini-5-pro-fly-more-combo-dji-rc2\/\" \/>\n<meta property=\"og:locale\" content=\"es_ES\" \/>\n<meta property=\"og:type\" content=\"article\" \/>\n<meta property=\"og:title\" content=\"DJI Mini 5 Pro Fly More Combo (DJI RC2) - Ghostysky\" \/>\n<meta property=\"og:description\" content=\"The DJI Mini 5 Pro Fly More Combo (DJI RC 2) is the ultimate compact drone package, delivering professional-level imaging and advanced features in a portable, regulation-friendly design (weighing just under 249g).This combo is perfect for creators who want maximum flight time and accessories right out of the box, featuring the high-performance DJI Mini 5 Pro and the DJI RC 2 remote controller with its built-in, bright\u00a05.5-inch FHD display.\" \/>\n<meta property=\"og:url\" content=\"https:\/\/www.ghostysky.com\/es\/producto-2\/dji-mini-5-pro-fly-more-combo-dji-rc2\/\" \/>\n<meta property=\"og:site_name\" content=\"Ghostysky\" \/>\n<meta property=\"article:publisher\" content=\"https:\/\/www.facebook.com\/people\/Ghostysky\/100057676170234\/\" \/>\n<meta property=\"article:modified_time\" content=\"2026-02-05T10:07:30+00:00\" \/>\n<meta property=\"og:image\" content=\"https:\/\/www.ghostysky.com\/wp-content\/uploads\/2025\/10\/GH_DJI-Mini-5-Pro-Fly-More-Combo-DJI-RC2-1.jpg\" \/>\n\t<meta property=\"og:image:width\" content=\"800\" \/>\n\t<meta property=\"og:image:height\" content=\"800\" \/>\n\t<meta property=\"og:image:type\" content=\"image\/jpeg\" \/>\n<meta name=\"twitter:card\" content=\"summary_large_image\" \/>\n<meta name=\"twitter:site\" content=\"@Gh0stysky\" \/>\n<meta name=\"twitter:label1\" content=\"Tiempo de lectura\" \/>\n\t<meta name=\"twitter:data1\" content=\"2 minutos\" \/>\n<script type=\"application\/ld+json\" class=\"yoast-schema-graph\">{\"@context\":\"https:\/\/schema.org\",\"@graph\":[{\"@type\":\"WebPage\",\"@id\":\"https:\/\/www.ghostysky.com\/product\/dji-mini-5-pro-fly-more-combo-dji-rc2\/\",\"url\":\"https:\/\/www.ghostysky.com\/product\/dji-mini-5-pro-fly-more-combo-dji-rc2\/\",\"name\":\"DJI Mini 5 Pro Fly More Combo (DJI RC2) - Ghostysky\",\"isPartOf\":{\"@id\":\"https:\/\/www.ghostysky.com\/#website\"},\"primaryImageOfPage\":{\"@id\":\"https:\/\/www.ghostysky.com\/product\/dji-mini-5-pro-fly-more-combo-dji-rc2\/#primaryimage\"},\"image\":{\"@id\":\"https:\/\/www.ghostysky.com\/product\/dji-mini-5-pro-fly-more-combo-dji-rc2\/#primaryimage\"},\"thumbnailUrl\":\"https:\/\/www.ghostysky.com\/wp-content\/uploads\/2025\/10\/GH_DJI-Mini-5-Pro-Fly-More-Combo-DJI-RC2-1.jpg\",\"datePublished\":\"2025-10-18T05:15:22+00:00\",\"dateModified\":\"2026-02-05T10:07:30+00:00\",\"description\":\"The DJI Mini 5 Pro Fly More Combo (DJI RC 2) is the ultimate compact drone package, delivering professional-level imaging and advanced features in a portable, regulation-friendly design (weighing just under 249g).This combo is perfect for creators who want maximum flight time and accessories right out of the box, featuring the high-performance DJI Mini 5 Pro and the DJI RC 2 remote controller with its built-in, bright\u00a05.5-inch FHD display.\",\"breadcrumb\":{\"@id\":\"https:\/\/www.ghostysky.com\/product\/dji-mini-5-pro-fly-more-combo-dji-rc2\/#breadcrumb\"},\"inLanguage\":\"es\",\"potentialAction\":[{\"@type\":\"ReadAction\",\"target\":[\"https:\/\/www.ghostysky.com\/product\/dji-mini-5-pro-fly-more-combo-dji-rc2\/\"]}]},{\"@type\":\"ImageObject\",\"inLanguage\":\"es\",\"@id\":\"https:\/\/www.ghostysky.com\/product\/dji-mini-5-pro-fly-more-combo-dji-rc2\/#primaryimage\",\"url\":\"https:\/\/www.ghostysky.com\/wp-content\/uploads\/2025\/10\/GH_DJI-Mini-5-Pro-Fly-More-Combo-DJI-RC2-1.jpg\",\"contentUrl\":\"https:\/\/www.ghostysky.com\/wp-content\/uploads\/2025\/10\/GH_DJI-Mini-5-Pro-Fly-More-Combo-DJI-RC2-1.jpg\",\"width\":800,\"height\":800},{\"@type\":\"BreadcrumbList\",\"@id\":\"https:\/\/www.ghostysky.com\/product\/dji-mini-5-pro-fly-more-combo-dji-rc2\/#breadcrumb\",\"itemListElement\":[{\"@type\":\"ListItem\",\"position\":1,\"name\":\"Home\",\"item\":\"https:\/\/www.ghostysky.com\/\"},{\"@type\":\"ListItem\",\"position\":2,\"name\":\"Shop\",\"item\":\"https:\/\/www.ghostysky.com\/shop\/\"},{\"@type\":\"ListItem\",\"position\":3,\"name\":\"DJI Mini 5 Pro Fly More Combo (DJI RC2)\"}]},{\"@type\":\"WebSite\",\"@id\":\"https:\/\/www.ghostysky.com\/#website\",\"url\":\"https:\/\/www.ghostysky.com\/\",\"name\":\"Ghostysky\",\"description\":\"Delivering professional drones and services\",\"publisher\":{\"@id\":\"https:\/\/www.ghostysky.com\/#organization\"},\"potentialAction\":[{\"@type\":\"SearchAction\",\"target\":{\"@type\":\"EntryPoint\",\"urlTemplate\":\"https:\/\/www.ghostysky.com\/?s={search_term_string}\"},\"query-input\":{\"@type\":\"PropertyValueSpecification\",\"valueRequired\":true,\"valueName\":\"search_term_string\"}}],\"inLanguage\":\"es\"},{\"@type\":\"Organization\",\"@id\":\"https:\/\/www.ghostysky.com\/#organization\",\"name\":\"Ghostysky\",\"url\":\"https:\/\/www.ghostysky.com\/\",\"logo\":{\"@type\":\"ImageObject\",\"inLanguage\":\"es\",\"@id\":\"https:\/\/www.ghostysky.com\/#\/schema\/logo\/image\/\",\"url\":\"https:\/\/www.ghostysky.com\/wp-content\/uploads\/2020\/06\/cropped-ghostyskylogo_text_white2.png\",\"contentUrl\":\"https:\/\/www.ghostysky.com\/wp-content\/uploads\/2020\/06\/cropped-ghostyskylogo_text_white2.png\",\"width\":169,\"height\":56,\"caption\":\"Ghostysky\"},\"image\":{\"@id\":\"https:\/\/www.ghostysky.com\/#\/schema\/logo\/image\/\"},\"sameAs\":[\"https:\/\/www.facebook.com\/people\/Ghostysky\/100057676170234\/\",\"https:\/\/x.com\/Gh0stysky\",\"https:\/\/www.linkedin.com\/company\/34739653\",\"https:\/\/www.instagram.com\/gh0stysky\"]}]}<\/script>\n<!-- \/ Yoast SEO plugin. -->","yoast_head_json":{"title":"Combo DJI Mini 5 Pro Vuela M\u00e1s (DJI RC2) - Ghostysky","description":"El DJI Mini 5 Pro Fly More Combo (DJI RC 2) es el paquete de drones compacto definitivo, que ofrece im\u00e1genes de nivel profesional y funciones avanzadas en un dise\u00f1o port\u00e1til y compatible con regulaciones (con un peso de poco menos de 249 g). Este combo es perfecto para creadores que desean el m\u00e1ximo tiempo de vuelo y accesorios listos para usar, con el DJI Mini 5 Pro de alto rendimiento y el control remoto DJI RC 2 con su brillante pantalla FHD incorporada de 5,5 pulgadas.","robots":{"index":"index","follow":"follow","max-snippet":"max-snippet:-1","max-image-preview":"max-image-preview:large","max-video-preview":"max-video-preview:-1"},"canonical":"https:\/\/www.ghostysky.com\/es\/producto-2\/dji-mini-5-pro-fly-more-combo-dji-rc2\/","og_locale":"es_ES","og_type":"article","og_title":"DJI Mini 5 Pro Fly More Combo (DJI RC2) - Ghostysky","og_description":"The DJI Mini 5 Pro Fly More Combo (DJI RC 2) is the ultimate compact drone package, delivering professional-level imaging and advanced features in a portable, regulation-friendly design (weighing just under 249g).This combo is perfect for creators who want maximum flight time and accessories right out of the box, featuring the high-performance DJI Mini 5 Pro and the DJI RC 2 remote controller with its built-in, bright\u00a05.5-inch FHD display.","og_url":"https:\/\/www.ghostysky.com\/es\/producto-2\/dji-mini-5-pro-fly-more-combo-dji-rc2\/","og_site_name":"Ghostysky","article_publisher":"https:\/\/www.facebook.com\/people\/Ghostysky\/100057676170234\/","article_modified_time":"2026-02-05T10:07:30+00:00","og_image":[{"width":800,"height":800,"url":"https:\/\/www.ghostysky.com\/wp-content\/uploads\/2025\/10\/GH_DJI-Mini-5-Pro-Fly-More-Combo-DJI-RC2-1.jpg","type":"image\/jpeg"}],"twitter_card":"summary_large_image","twitter_site":"@Gh0stysky","twitter_misc":{"Tiempo de lectura":"2 minutos"},"schema":{"@context":"https:\/\/schema.org","@graph":[{"@type":"WebPage","@id":"https:\/\/www.ghostysky.com\/product\/dji-mini-5-pro-fly-more-combo-dji-rc2\/","url":"https:\/\/www.ghostysky.com\/product\/dji-mini-5-pro-fly-more-combo-dji-rc2\/","name":"Combo DJI Mini 5 Pro Vuela M\u00e1s (DJI RC2) - Ghostysky","isPartOf":{"@id":"https:\/\/www.ghostysky.com\/#website"},"primaryImageOfPage":{"@id":"https:\/\/www.ghostysky.com\/product\/dji-mini-5-pro-fly-more-combo-dji-rc2\/#primaryimage"},"image":{"@id":"https:\/\/www.ghostysky.com\/product\/dji-mini-5-pro-fly-more-combo-dji-rc2\/#primaryimage"},"thumbnailUrl":"https:\/\/www.ghostysky.com\/wp-content\/uploads\/2025\/10\/GH_DJI-Mini-5-Pro-Fly-More-Combo-DJI-RC2-1.jpg","datePublished":"2025-10-18T05:15:22+00:00","dateModified":"2026-02-05T10:07:30+00:00","description":"El DJI Mini 5 Pro Fly More Combo (DJI RC 2) es el paquete de drones compacto definitivo, que ofrece im\u00e1genes de nivel profesional y funciones avanzadas en un dise\u00f1o port\u00e1til y compatible con regulaciones (con un peso de poco menos de 249 g). Este combo es perfecto para creadores que desean el m\u00e1ximo tiempo de vuelo y accesorios listos para usar, con el DJI Mini 5 Pro de alto rendimiento y el control remoto DJI RC 2 con su brillante pantalla FHD incorporada de 5,5 pulgadas.","breadcrumb":{"@id":"https:\/\/www.ghostysky.com\/product\/dji-mini-5-pro-fly-more-combo-dji-rc2\/#breadcrumb"},"inLanguage":"es","potentialAction":[{"@type":"ReadAction","target":["https:\/\/www.ghostysky.com\/product\/dji-mini-5-pro-fly-more-combo-dji-rc2\/"]}]},{"@type":"ImageObject","inLanguage":"es","@id":"https:\/\/www.ghostysky.com\/product\/dji-mini-5-pro-fly-more-combo-dji-rc2\/#primaryimage","url":"https:\/\/www.ghostysky.com\/wp-content\/uploads\/2025\/10\/GH_DJI-Mini-5-Pro-Fly-More-Combo-DJI-RC2-1.jpg","contentUrl":"https:\/\/www.ghostysky.com\/wp-content\/uploads\/2025\/10\/GH_DJI-Mini-5-Pro-Fly-More-Combo-DJI-RC2-1.jpg","width":800,"height":800},{"@type":"BreadcrumbList","@id":"https:\/\/www.ghostysky.com\/product\/dji-mini-5-pro-fly-more-combo-dji-rc2\/#breadcrumb","itemListElement":[{"@type":"ListItem","position":1,"name":"Home","item":"https:\/\/www.ghostysky.com\/"},{"@type":"ListItem","position":2,"name":"Shop","item":"https:\/\/www.ghostysky.com\/shop\/"},{"@type":"ListItem","position":3,"name":"DJI Mini 5 Pro Fly More Combo (DJI RC2)"}]},{"@type":"WebSite","@id":"https:\/\/www.ghostysky.com\/#website","url":"https:\/\/www.ghostysky.com\/","name":"Ghostysky","description":"Entrega de drones y servicios profesionales","publisher":{"@id":"https:\/\/www.ghostysky.com\/#organization"},"potentialAction":[{"@type":"SearchAction","target":{"@type":"EntryPoint","urlTemplate":"https:\/\/www.ghostysky.com\/?s={search_term_string}"},"query-input":{"@type":"PropertyValueSpecification","valueRequired":true,"valueName":"search_term_string"}}],"inLanguage":"es"},{"@type":"Organization","@id":"https:\/\/www.ghostysky.com\/#organization","name":"Ghostysky","url":"https:\/\/www.ghostysky.com\/","logo":{"@type":"ImageObject","inLanguage":"es","@id":"https:\/\/www.ghostysky.com\/#\/schema\/logo\/image\/","url":"https:\/\/www.ghostysky.com\/wp-content\/uploads\/2020\/06\/cropped-ghostyskylogo_text_white2.png","contentUrl":"https:\/\/www.ghostysky.com\/wp-content\/uploads\/2020\/06\/cropped-ghostyskylogo_text_white2.png","width":169,"height":56,"caption":"Ghostysky"},"image":{"@id":"https:\/\/www.ghostysky.com\/#\/schema\/logo\/image\/"},"sameAs":["https:\/\/www.facebook.com\/people\/Ghostysky\/100057676170234\/","https:\/\/x.com\/Gh0stysky","https:\/\/www.linkedin.com\/company\/34739653","https:\/\/www.instagram.com\/gh0stysky"]}]}},"_links":{"self":[{"href":"https:\/\/www.ghostysky.com\/es\/wp-json\/wp\/v2\/product\/21902","targetHints":{"allow":["GET"]}}],"collection":[{"href":"https:\/\/www.ghostysky.com\/es\/wp-json\/wp\/v2\/product"}],"about":[{"href":"https:\/\/www.ghostysky.com\/es\/wp-json\/wp\/v2\/types\/product"}],"replies":[{"embeddable":true,"href":"https:\/\/www.ghostysky.com\/es\/wp-json\/wp\/v2\/comments?post=21902"}],"wp:featuredmedia":[{"embeddable":true,"href":"https:\/\/www.ghostysky.com\/es\/wp-json\/wp\/v2\/media\/21905"}],"wp:attachment":[{"href":"https:\/\/www.ghostysky.com\/es\/wp-json\/wp\/v2\/media?parent=21902"}],"wp:term":[{"taxonomy":"product_brand","embeddable":true,"href":"https:\/\/www.ghostysky.com\/es\/wp-json\/wp\/v2\/product_brand?post=21902"},{"taxonomy":"product_cat","embeddable":true,"href":"https:\/\/www.ghostysky.com\/es\/wp-json\/wp\/v2\/product_cat?post=21902"},{"taxonomy":"product_tag","embeddable":true,"href":"https:\/\/www.ghostysky.com\/es\/wp-json\/wp\/v2\/product_tag?post=21902"}],"curies":[{"name":"wp","href":"https:\/\/api.w.org\/{rel}","templated":true}]}}