{"id":21942,"date":"2025-10-19T07:54:43","date_gmt":"2025-10-19T07:54:43","guid":{"rendered":"https:\/\/www.ghostysky.com\/?post_type=product&#038;p=21942"},"modified":"2025-10-19T08:23:56","modified_gmt":"2025-10-19T08:23:56","slug":"dji-mini-5-pro-nd-filters-setnd8-32-128","status":"publish","type":"product","link":"https:\/\/www.ghostysky.com\/es\/product\/dji-mini-5-pro-nd-filters-setnd8-32-128\/","title":{"rendered":"Juego de filtros ND para DJI Mini 5 Pro (ND8\/32\/128)"},"content":{"rendered":"<div id=\"model-response-message-contentr_55bc02040a3d26f8\" class=\"markdown markdown-main-panel stronger enable-updated-hr-color\" dir=\"ltr\">\n<div id=\"model-response-message-contentr_7d191a1853b28634\" class=\"markdown markdown-main-panel stronger enable-updated-hr-color\" dir=\"ltr\">\n<div id=\"model-response-message-contentr_4bdeaa6da8c41b15\" class=\"markdown markdown-main-panel stronger enable-updated-hr-color\" dir=\"ltr\">\n<h3>Caracter\u00edsticas y beneficios clave<\/h3>\n<ul>\n<li><b><span class=\"citation-75\">Control preciso de la exposici\u00f3n:<\/span><\/b><span class=\"citation-75 citation-end-75\"> Reduzca la cantidad de luz que ingresa a la lente para lograr la velocidad de obturaci\u00f3n y los ajustes de exposici\u00f3n deseados, incluso bajo luz solar intensa.<\/span><\/li>\n<li><b>Im\u00e1genes cinematogr\u00e1ficas:<\/b> Permite la adherencia a las <b>\u201cRegla del obturador de 180 grados\u201d<\/b> (la velocidad de obturaci\u00f3n es el doble de la velocidad de cuadros, por ejemplo, 1\/48 s para un v\u00eddeo de 24 fps). <span class=\"citation-74\">Esto evita velocidades de obturaci\u00f3n demasiado r\u00e1pidas en condiciones de luz brillante, lo que garantiza que su video tenga un aspecto natural. <\/span><b><span class=\"citation-74\">desenfoque de movimiento<\/span><\/b><span class=\"citation-74 citation-end-74\"> para una apariencia fluida, profesional y cinematogr\u00e1fica.<\/span><\/li>\n<li><b><span class=\"citation-73\">Reducci\u00f3n de luz vers\u00e1til:<\/span><\/b><span class=\"citation-73 citation-end-73\"> El conjunto incluye filtros para varios niveles de luz:<\/span>\n<ul>\n<li><b><span class=\"citation-72\">ND8 (reducci\u00f3n de 3 pasos):<\/span><\/b><span class=\"citation-72 citation-end-72\"> Ideal para d\u00edas ligeramente nublados o de luz moderada, como durante el amanecer o el atardecer.<\/span><\/li>\n<li><b><span class=\"citation-71\">ND32 (reducci\u00f3n de 5 pasos):<\/span><\/b><span class=\"citation-71 citation-end-71\"> Perfecto para utilizar en d\u00edas muy soleados y entornos muy iluminados, ofreciendo una gran flexibilidad.<\/span><\/li>\n<li><b>ND128 (reducci\u00f3n de 7 pasos):<\/b><span class=\"citation-70 citation-end-70\"> Adecuado para condiciones extremadamente brillantes, como filmar en una monta\u00f1a nevada o en la playa, y para fotograf\u00edas de larga exposici\u00f3n para desenfocar el movimiento (como agua que fluye o nubes).<\/span><\/li>\n<\/ul>\n<\/li>\n<li><b><span class=\"citation-69\">Calidad de imagen superior:<\/span><\/b><span class=\"citation-69\"> Fabricado con materiales de reducci\u00f3n de luz de alta calidad para garantizar <\/span><b><span class=\"citation-69\">reproducci\u00f3n del color verdadero<\/span><\/b><span class=\"citation-69 citation-end-69\"> y ayudar a preservar los detalles tanto en las \u00e1reas con mucha luz como en las con poca luz.<\/span><\/li>\n<li><b><span class=\"citation-68\">Dise\u00f1o optimizado:<\/span><\/b><span class=\"citation-68\"> Cuenta con una <\/span><b><span class=\"citation-68\">dise\u00f1o preciso de uni\u00f3n a presi\u00f3n<\/span><\/b><span class=\"citation-68 citation-end-68\"> para un ajuste seguro y confiable en la lente DJI Mini 5 Pro, asegurando que el filtro permanezca estable durante el vuelo y mantenga el centro de gravedad del estabilizador.<\/span> Cada filtro est\u00e1 dise\u00f1ado para ser liviano (aprox. <b><span class=\"citation-67\">1,12 gramos<\/span><\/b><span class=\"citation-67 citation-end-67\"> por filtro) para evitar afectar el rendimiento del dron.<\/span><\/li>\n<\/ul>\n<p><span class=\"citation-66 citation-end-66\">Mejore sus im\u00e1genes a\u00e9reas de buenas a espectaculares obteniendo control creativo sobre la configuraci\u00f3n de la c\u00e1mara de su dron en cualquier entorno brillante.<\/span><\/p>\n<div class=\"source-inline-chip-container ng-star-inserted\"><\/div>\n<\/div>\n<\/div>\n<\/div>","protected":false},"excerpt":{"rendered":"<p><span class=\"citation-77\">El <\/span><b><span class=\"citation-77\">Juego de filtros ND para DJI Mini 5 Pro<\/span><\/b><span class=\"citation-77\"> Proporciona un control de iluminaci\u00f3n esencial para fot\u00f3grafos y vide\u00f3grafos a\u00e9reos serios que utilizan el DJI Mini 5 Pro, actuando como <\/span><b><span class=\"citation-77\">&quot;gafas de sol&quot;<\/span><\/b><span class=\"citation-77 citation-end-77\"> para la c\u00e1mara de tu dron.<\/span> <span class=\"citation-76\">Este conjunto incluye tres filtros de densidad neutra (ND) de alta calidad:<\/span><b><span class=\"citation-76\">ND8, ND32 y ND128<\/span><\/b><span class=\"citation-76 citation-end-76\">\u2014permiti\u00e9ndole administrar con precisi\u00f3n la exposici\u00f3n de su c\u00e1mara en una variedad de condiciones de iluminaci\u00f3n brillante sin comprometer la fidelidad del color.<\/span><\/p>","protected":false},"featured_media":21945,"comment_status":"open","ping_status":"closed","template":"","meta":[],"product_brand":[1031],"product_cat":[37,1133,1137],"product_tag":[42,1138,1135],"class_list":{"0":"post-21942","1":"product","2":"type-product","3":"status-publish","4":"has-post-thumbnail","6":"product_brand-dji","7":"product_cat-dji","8":"product_cat-dji-mini-5-pro","9":"product_cat-dji-mini-5-pro-accessories","10":"product_tag-dji","11":"product_tag-dji-mini-5-pro-accessories","12":"product_tag-dji-mini-5-pro-series","14":"first","15":"onbackorder","16":"taxable","17":"shipping-taxable","18":"purchasable","19":"product-type-simple"},"yoast_head":"<!-- This site is optimized with the Yoast SEO plugin v27.1.1 - https:\/\/yoast.com\/product\/yoast-seo-wordpress\/ -->\n<title>DJI Mini 5 Pro ND Filters Set(ND8\/32\/128) - Ghostysky<\/title>\n<meta name=\"description\" content=\"The DJI Mini 5 Pro ND Filters Set provides essential light control for serious aerial photographers and videographers using the DJI Mini 5 Pro, acting as &quot;sunglasses&quot; for your drone&#039;s camera. This set features three high-quality Neutral Density (ND) filters\u2014ND8, ND32, and ND128\u2014allowing you to precisely manage your camera&#039;s exposure in a variety of bright lighting conditions without compromising color fidelity.\" \/>\n<meta name=\"robots\" content=\"index, follow, max-snippet:-1, max-image-preview:large, max-video-preview:-1\" \/>\n<link rel=\"canonical\" href=\"https:\/\/www.ghostysky.com\/es\/producto-2\/dji-mini-5-pro-nd-filters-setnd8-32-128\/\" \/>\n<meta property=\"og:locale\" content=\"es_ES\" \/>\n<meta property=\"og:type\" content=\"article\" \/>\n<meta property=\"og:title\" content=\"DJI Mini 5 Pro ND Filters Set(ND8\/32\/128) - Ghostysky\" \/>\n<meta property=\"og:description\" content=\"The DJI Mini 5 Pro ND Filters Set provides essential light control for serious aerial photographers and videographers using the DJI Mini 5 Pro, acting as &quot;sunglasses&quot; for your drone&#039;s camera. This set features three high-quality Neutral Density (ND) filters\u2014ND8, ND32, and ND128\u2014allowing you to precisely manage your camera&#039;s exposure in a variety of bright lighting conditions without compromising color fidelity.\" \/>\n<meta property=\"og:url\" content=\"https:\/\/www.ghostysky.com\/es\/producto-2\/dji-mini-5-pro-nd-filters-setnd8-32-128\/\" \/>\n<meta property=\"og:site_name\" content=\"Ghostysky\" \/>\n<meta property=\"article:publisher\" content=\"https:\/\/www.facebook.com\/people\/Ghostysky\/100057676170234\/\" \/>\n<meta property=\"article:modified_time\" content=\"2025-10-19T08:23:56+00:00\" \/>\n<meta property=\"og:image\" content=\"https:\/\/www.ghostysky.com\/wp-content\/uploads\/2025\/10\/GH_DJI-Mini-5-Pro-ND-Filters-Set_ND8_32_128_1.jpg\" \/>\n\t<meta property=\"og:image:width\" content=\"800\" \/>\n\t<meta property=\"og:image:height\" content=\"800\" \/>\n\t<meta property=\"og:image:type\" content=\"image\/jpeg\" \/>\n<meta name=\"twitter:card\" content=\"summary_large_image\" \/>\n<meta name=\"twitter:site\" content=\"@Gh0stysky\" \/>\n<meta name=\"twitter:label1\" content=\"Tiempo de lectura\" \/>\n\t<meta name=\"twitter:data1\" content=\"2 minutos\" \/>\n<script type=\"application\/ld+json\" class=\"yoast-schema-graph\">{\"@context\":\"https:\/\/schema.org\",\"@graph\":[{\"@type\":\"WebPage\",\"@id\":\"https:\/\/www.ghostysky.com\/product\/dji-mini-5-pro-nd-filters-setnd8-32-128\/\",\"url\":\"https:\/\/www.ghostysky.com\/product\/dji-mini-5-pro-nd-filters-setnd8-32-128\/\",\"name\":\"DJI Mini 5 Pro ND Filters Set(ND8\/32\/128) - Ghostysky\",\"isPartOf\":{\"@id\":\"https:\/\/www.ghostysky.com\/#website\"},\"primaryImageOfPage\":{\"@id\":\"https:\/\/www.ghostysky.com\/product\/dji-mini-5-pro-nd-filters-setnd8-32-128\/#primaryimage\"},\"image\":{\"@id\":\"https:\/\/www.ghostysky.com\/product\/dji-mini-5-pro-nd-filters-setnd8-32-128\/#primaryimage\"},\"thumbnailUrl\":\"https:\/\/www.ghostysky.com\/wp-content\/uploads\/2025\/10\/GH_DJI-Mini-5-Pro-ND-Filters-Set_ND8_32_128_1.jpg\",\"datePublished\":\"2025-10-19T07:54:43+00:00\",\"dateModified\":\"2025-10-19T08:23:56+00:00\",\"description\":\"The DJI Mini 5 Pro ND Filters Set provides essential light control for serious aerial photographers and videographers using the DJI Mini 5 Pro, acting as \\\"sunglasses\\\" for your drone's camera. This set features three high-quality Neutral Density (ND) filters\u2014ND8, ND32, and ND128\u2014allowing you to precisely manage your camera's exposure in a variety of bright lighting conditions without compromising color fidelity.\",\"breadcrumb\":{\"@id\":\"https:\/\/www.ghostysky.com\/product\/dji-mini-5-pro-nd-filters-setnd8-32-128\/#breadcrumb\"},\"inLanguage\":\"es\",\"potentialAction\":[{\"@type\":\"ReadAction\",\"target\":[\"https:\/\/www.ghostysky.com\/product\/dji-mini-5-pro-nd-filters-setnd8-32-128\/\"]}]},{\"@type\":\"ImageObject\",\"inLanguage\":\"es\",\"@id\":\"https:\/\/www.ghostysky.com\/product\/dji-mini-5-pro-nd-filters-setnd8-32-128\/#primaryimage\",\"url\":\"https:\/\/www.ghostysky.com\/wp-content\/uploads\/2025\/10\/GH_DJI-Mini-5-Pro-ND-Filters-Set_ND8_32_128_1.jpg\",\"contentUrl\":\"https:\/\/www.ghostysky.com\/wp-content\/uploads\/2025\/10\/GH_DJI-Mini-5-Pro-ND-Filters-Set_ND8_32_128_1.jpg\",\"width\":800,\"height\":800},{\"@type\":\"BreadcrumbList\",\"@id\":\"https:\/\/www.ghostysky.com\/product\/dji-mini-5-pro-nd-filters-setnd8-32-128\/#breadcrumb\",\"itemListElement\":[{\"@type\":\"ListItem\",\"position\":1,\"name\":\"Home\",\"item\":\"https:\/\/www.ghostysky.com\/\"},{\"@type\":\"ListItem\",\"position\":2,\"name\":\"Shop\",\"item\":\"https:\/\/www.ghostysky.com\/shop\/\"},{\"@type\":\"ListItem\",\"position\":3,\"name\":\"DJI Mini 5 Pro ND Filters Set(ND8\/32\/128)\"}]},{\"@type\":\"WebSite\",\"@id\":\"https:\/\/www.ghostysky.com\/#website\",\"url\":\"https:\/\/www.ghostysky.com\/\",\"name\":\"Ghostysky\",\"description\":\"Delivering professional drones and services\",\"publisher\":{\"@id\":\"https:\/\/www.ghostysky.com\/#organization\"},\"potentialAction\":[{\"@type\":\"SearchAction\",\"target\":{\"@type\":\"EntryPoint\",\"urlTemplate\":\"https:\/\/www.ghostysky.com\/?s={search_term_string}\"},\"query-input\":{\"@type\":\"PropertyValueSpecification\",\"valueRequired\":true,\"valueName\":\"search_term_string\"}}],\"inLanguage\":\"es\"},{\"@type\":\"Organization\",\"@id\":\"https:\/\/www.ghostysky.com\/#organization\",\"name\":\"Ghostysky\",\"url\":\"https:\/\/www.ghostysky.com\/\",\"logo\":{\"@type\":\"ImageObject\",\"inLanguage\":\"es\",\"@id\":\"https:\/\/www.ghostysky.com\/#\/schema\/logo\/image\/\",\"url\":\"https:\/\/www.ghostysky.com\/wp-content\/uploads\/2020\/06\/cropped-ghostyskylogo_text_white2.png\",\"contentUrl\":\"https:\/\/www.ghostysky.com\/wp-content\/uploads\/2020\/06\/cropped-ghostyskylogo_text_white2.png\",\"width\":169,\"height\":56,\"caption\":\"Ghostysky\"},\"image\":{\"@id\":\"https:\/\/www.ghostysky.com\/#\/schema\/logo\/image\/\"},\"sameAs\":[\"https:\/\/www.facebook.com\/people\/Ghostysky\/100057676170234\/\",\"https:\/\/x.com\/Gh0stysky\",\"https:\/\/www.linkedin.com\/company\/34739653\",\"https:\/\/www.instagram.com\/gh0stysky\"]}]}<\/script>\n<!-- \/ Yoast SEO plugin. -->","yoast_head_json":{"title":"Juego de filtros ND para DJI Mini 5 Pro (ND8\/32\/128) - Ghostysky","description":"El set de filtros ND para el DJI Mini 5 Pro proporciona un control de luz esencial para fot\u00f3grafos y vide\u00f3grafos a\u00e9reos profesionales que usan el DJI Mini 5 Pro, actuando como &quot;gafas de sol&quot; para la c\u00e1mara de su dron. Este set incluye tres filtros de densidad neutra (ND) de alta calidad (ND8, ND32 y ND128), que le permiten controlar con precisi\u00f3n la exposici\u00f3n de su c\u00e1mara en diversas condiciones de luz intensa sin comprometer la fidelidad del color.","robots":{"index":"index","follow":"follow","max-snippet":"max-snippet:-1","max-image-preview":"max-image-preview:large","max-video-preview":"max-video-preview:-1"},"canonical":"https:\/\/www.ghostysky.com\/es\/producto-2\/dji-mini-5-pro-nd-filters-setnd8-32-128\/","og_locale":"es_ES","og_type":"article","og_title":"DJI Mini 5 Pro ND Filters Set(ND8\/32\/128) - Ghostysky","og_description":"The DJI Mini 5 Pro ND Filters Set provides essential light control for serious aerial photographers and videographers using the DJI Mini 5 Pro, acting as \"sunglasses\" for your drone's camera. This set features three high-quality Neutral Density (ND) filters\u2014ND8, ND32, and ND128\u2014allowing you to precisely manage your camera's exposure in a variety of bright lighting conditions without compromising color fidelity.","og_url":"https:\/\/www.ghostysky.com\/es\/producto-2\/dji-mini-5-pro-nd-filters-setnd8-32-128\/","og_site_name":"Ghostysky","article_publisher":"https:\/\/www.facebook.com\/people\/Ghostysky\/100057676170234\/","article_modified_time":"2025-10-19T08:23:56+00:00","og_image":[{"width":800,"height":800,"url":"https:\/\/www.ghostysky.com\/wp-content\/uploads\/2025\/10\/GH_DJI-Mini-5-Pro-ND-Filters-Set_ND8_32_128_1.jpg","type":"image\/jpeg"}],"twitter_card":"summary_large_image","twitter_site":"@Gh0stysky","twitter_misc":{"Tiempo de lectura":"2 minutos"},"schema":{"@context":"https:\/\/schema.org","@graph":[{"@type":"WebPage","@id":"https:\/\/www.ghostysky.com\/product\/dji-mini-5-pro-nd-filters-setnd8-32-128\/","url":"https:\/\/www.ghostysky.com\/product\/dji-mini-5-pro-nd-filters-setnd8-32-128\/","name":"Juego de filtros ND para DJI Mini 5 Pro (ND8\/32\/128) - Ghostysky","isPartOf":{"@id":"https:\/\/www.ghostysky.com\/#website"},"primaryImageOfPage":{"@id":"https:\/\/www.ghostysky.com\/product\/dji-mini-5-pro-nd-filters-setnd8-32-128\/#primaryimage"},"image":{"@id":"https:\/\/www.ghostysky.com\/product\/dji-mini-5-pro-nd-filters-setnd8-32-128\/#primaryimage"},"thumbnailUrl":"https:\/\/www.ghostysky.com\/wp-content\/uploads\/2025\/10\/GH_DJI-Mini-5-Pro-ND-Filters-Set_ND8_32_128_1.jpg","datePublished":"2025-10-19T07:54:43+00:00","dateModified":"2025-10-19T08:23:56+00:00","description":"El set de filtros ND para el DJI Mini 5 Pro proporciona un control de luz esencial para fot\u00f3grafos y vide\u00f3grafos a\u00e9reos profesionales que usan el DJI Mini 5 Pro, actuando como &quot;gafas de sol&quot; para la c\u00e1mara de su dron. Este set incluye tres filtros de densidad neutra (ND) de alta calidad (ND8, ND32 y ND128), que le permiten controlar con precisi\u00f3n la exposici\u00f3n de su c\u00e1mara en diversas condiciones de luz intensa sin comprometer la fidelidad del color.","breadcrumb":{"@id":"https:\/\/www.ghostysky.com\/product\/dji-mini-5-pro-nd-filters-setnd8-32-128\/#breadcrumb"},"inLanguage":"es","potentialAction":[{"@type":"ReadAction","target":["https:\/\/www.ghostysky.com\/product\/dji-mini-5-pro-nd-filters-setnd8-32-128\/"]}]},{"@type":"ImageObject","inLanguage":"es","@id":"https:\/\/www.ghostysky.com\/product\/dji-mini-5-pro-nd-filters-setnd8-32-128\/#primaryimage","url":"https:\/\/www.ghostysky.com\/wp-content\/uploads\/2025\/10\/GH_DJI-Mini-5-Pro-ND-Filters-Set_ND8_32_128_1.jpg","contentUrl":"https:\/\/www.ghostysky.com\/wp-content\/uploads\/2025\/10\/GH_DJI-Mini-5-Pro-ND-Filters-Set_ND8_32_128_1.jpg","width":800,"height":800},{"@type":"BreadcrumbList","@id":"https:\/\/www.ghostysky.com\/product\/dji-mini-5-pro-nd-filters-setnd8-32-128\/#breadcrumb","itemListElement":[{"@type":"ListItem","position":1,"name":"Home","item":"https:\/\/www.ghostysky.com\/"},{"@type":"ListItem","position":2,"name":"Shop","item":"https:\/\/www.ghostysky.com\/shop\/"},{"@type":"ListItem","position":3,"name":"DJI Mini 5 Pro ND Filters Set(ND8\/32\/128)"}]},{"@type":"WebSite","@id":"https:\/\/www.ghostysky.com\/#website","url":"https:\/\/www.ghostysky.com\/","name":"Ghostysky","description":"Entrega de drones y servicios profesionales","publisher":{"@id":"https:\/\/www.ghostysky.com\/#organization"},"potentialAction":[{"@type":"SearchAction","target":{"@type":"EntryPoint","urlTemplate":"https:\/\/www.ghostysky.com\/?s={search_term_string}"},"query-input":{"@type":"PropertyValueSpecification","valueRequired":true,"valueName":"search_term_string"}}],"inLanguage":"es"},{"@type":"Organization","@id":"https:\/\/www.ghostysky.com\/#organization","name":"Ghostysky","url":"https:\/\/www.ghostysky.com\/","logo":{"@type":"ImageObject","inLanguage":"es","@id":"https:\/\/www.ghostysky.com\/#\/schema\/logo\/image\/","url":"https:\/\/www.ghostysky.com\/wp-content\/uploads\/2020\/06\/cropped-ghostyskylogo_text_white2.png","contentUrl":"https:\/\/www.ghostysky.com\/wp-content\/uploads\/2020\/06\/cropped-ghostyskylogo_text_white2.png","width":169,"height":56,"caption":"Ghostysky"},"image":{"@id":"https:\/\/www.ghostysky.com\/#\/schema\/logo\/image\/"},"sameAs":["https:\/\/www.facebook.com\/people\/Ghostysky\/100057676170234\/","https:\/\/x.com\/Gh0stysky","https:\/\/www.linkedin.com\/company\/34739653","https:\/\/www.instagram.com\/gh0stysky"]}]}},"_links":{"self":[{"href":"https:\/\/www.ghostysky.com\/es\/wp-json\/wp\/v2\/product\/21942","targetHints":{"allow":["GET"]}}],"collection":[{"href":"https:\/\/www.ghostysky.com\/es\/wp-json\/wp\/v2\/product"}],"about":[{"href":"https:\/\/www.ghostysky.com\/es\/wp-json\/wp\/v2\/types\/product"}],"replies":[{"embeddable":true,"href":"https:\/\/www.ghostysky.com\/es\/wp-json\/wp\/v2\/comments?post=21942"}],"wp:featuredmedia":[{"embeddable":true,"href":"https:\/\/www.ghostysky.com\/es\/wp-json\/wp\/v2\/media\/21945"}],"wp:attachment":[{"href":"https:\/\/www.ghostysky.com\/es\/wp-json\/wp\/v2\/media?parent=21942"}],"wp:term":[{"taxonomy":"product_brand","embeddable":true,"href":"https:\/\/www.ghostysky.com\/es\/wp-json\/wp\/v2\/product_brand?post=21942"},{"taxonomy":"product_cat","embeddable":true,"href":"https:\/\/www.ghostysky.com\/es\/wp-json\/wp\/v2\/product_cat?post=21942"},{"taxonomy":"product_tag","embeddable":true,"href":"https:\/\/www.ghostysky.com\/es\/wp-json\/wp\/v2\/product_tag?post=21942"}],"curies":[{"name":"wp","href":"https:\/\/api.w.org\/{rel}","templated":true}]}}