{"id":21967,"date":"2025-10-19T09:04:22","date_gmt":"2025-10-19T09:04:22","guid":{"rendered":"https:\/\/www.ghostysky.com\/?post_type=product&#038;p=21967"},"modified":"2026-02-24T12:22:01","modified_gmt":"2026-02-24T12:22:01","slug":"ouster-osdome-64-rev7","status":"publish","type":"product","link":"https:\/\/www.ghostysky.com\/es\/product\/ouster-osdome-64-rev7\/","title":{"rendered":"Ouster OSDome-64 Rev7"},"content":{"rendered":"<h3><b>Caracter\u00edsticas y beneficios clave<\/b><\/h3>\n<ul>\n<li><b><span class=\"citation-152 citation-end-152\">Hemisf\u00e9rico <\/span><span class=\"math-inline\" data-math=\"180^{\\circ}\">180\u00ba <\/span><span class=\"citation-151\">Campo de visi\u00f3n vertical:<\/span><\/b><span class=\"citation-151 citation-end-151\"> Proporciona cobertura de piso a techo y de \u00e1rea amplia, eliminando eficazmente los puntos ciegos en la percepci\u00f3n de rango cercano.<\/span><\/li>\n<li><b><span class=\"math-inline\" data-math=\"360^{\\circ}\">360\u00ba <\/span><span class=\"citation-150\">Campo de visi\u00f3n horizontal:<\/span><\/b><span class=\"citation-150 citation-end-150\"> Ofrece una vista panor\u00e1mica completa de los alrededores.<\/span><\/li>\n<li><b>Resoluci\u00f3n alta:<\/b> Caracter\u00edsticas del modelo OSDome-64 <b>64 canales verticales<\/b> (las opciones configurables son <span class=\"math-inline\" data-math=\"32\">32<\/span> y <span class=\"math-inline\" data-math=\"128\">128<\/span> canales), con resoluciones horizontales configurables hasta <span class=\"math-inline\" data-math=\"2048\">2048<\/span>.<\/li>\n<li><b><span class=\"citation-149\">Desarrollado por el chip L3:<\/span><\/b><span class=\"citation-149 citation-end-149\"> Se beneficia de la \u00faltima arquitectura lidar digital de Ouster, que ofrece un alcance mejorado y una precisi\u00f3n mejorada.<\/span><span class=\"citation-148 citation-end-148\">, y una mayor precisi\u00f3n de detecci\u00f3n, incluso en objetos oscuros dif\u00edciles.<\/span><\/li>\n<li><b>Excelente alcance para campo cercano:<\/b><span class=\"citation-147\"> Cuenta con una gama de hasta <\/span><b><span class=\"citation-147\">20 metros<\/span><\/b><span class=\"citation-147 citation-end-147\"> en objetivos con <\/span><span class=\"math-inline\" data-math=\"10\\%\">10%<\/span><span class=\"citation-146 citation-end-146\">\u00a0reflectividad, lo que lo hace ideal para el seguimiento en interiores y la navegaci\u00f3n de robots m\u00f3viles.<\/span><\/li>\n<li><b>Doble retorno:<\/b><span class=\"citation-145 citation-end-145\"> Admite el modo de retorno dual para obtener datos de nube de puntos m\u00e1s completos y una mejor detecci\u00f3n de objetos.<\/span><\/li>\n<li><b><span class=\"citation-144\">Dise\u00f1o compacto y discreto:<\/span><\/b><span class=\"citation-144 citation-end-144\"> Su peque\u00f1o factor de forma permite una integraci\u00f3n discreta en veh\u00edculos, techos o infraestructura inteligente.<\/span><\/li>\n<li><b>Robusto y confiable:<\/b><span class=\"citation-143\"> Construido con un alto porcentaje de componentes de grado automotriz y cuenta con un <\/span><b><span class=\"citation-143\">IP68\/IP69K<\/span><\/b><span class=\"citation-143 citation-end-143\"> Clasificaci\u00f3n de protecci\u00f3n de entrada para un funcionamiento confiable en duras condiciones interiores y exteriores (<\/span><span class=\"math-inline\" data-math=\"\\text{-40}^{\\circ}\\text{C}\">-40\u00baC <\/span><span class=\"citation-142 citation-end-142\">a <\/span><span class=\"math-inline\" data-math=\"\\text{+60}^{\\circ}\\text{C}\">+ 60\u00baC<\/span><span class=\"citation-141 citation-end-141\">\u00a0temperatura de funcionamiento).<\/span><\/li>\n<\/ul>\n<p><b>Aplicaciones ideales:<\/b><\/p>\n<p>El OSDome-64 Rev7 es ideal para aplicaciones que requieren percepci\u00f3n omnidireccional de alta resoluci\u00f3n sin puntos ciegos de corto alcance, entre las que se incluyen:<\/p>\n<ul>\n<li><b><span class=\"citation-140\">Rob\u00f3tica:<\/span><\/b><span class=\"citation-140 citation-end-140\"> Robots m\u00f3viles aut\u00f3nomos (AMR), carretillas elevadoras y otros veh\u00edculos que necesitan conocimiento de la situaci\u00f3n de piso a techo en almacenes y entornos industriales.<\/span><\/li>\n<li><b>Infraestructura inteligente:<\/b><span class=\"citation-139 citation-end-139\"> An\u00e1lisis de multitudes, seguridad, monitoreo de ocupaci\u00f3n y detecci\u00f3n de intrusos en comercios minoristas, lugares p\u00fablicos e instalaciones seguras.<\/span><\/li>\n<li><b><span class=\"citation-138\">Log\u00edstica y automatizaci\u00f3n industrial:<\/span><\/b><span class=\"citation-138 citation-end-138\"> Monitorizaci\u00f3n y mapeo dentro de entornos industriales complejos.<\/span><\/li>\n<\/ul>","protected":false},"excerpt":{"rendered":"<p><span class=\"citation-155\">El Ouster OSDome-64 Rev7 es un <\/span><b><span class=\"citation-155\">sensor LiDAR digital de alta resoluci\u00f3n<\/span><\/b><span class=\"citation-155\"> espec\u00edficamente dise\u00f1ado para proporcionar una <\/span><b><span class=\"citation-155 citation-end-155\">lleno <\/span><span class=\"math-inline\" data-math=\"180^{\\circ}\">180\u00ba<\/span><span class=\"citation-154\"> campo de visi\u00f3n hemisf\u00e9rico (FoV)<\/span><\/b><span class=\"citation-154 citation-end-154\">.<\/span> <span class=\"citation-153 citation-end-153\">Este sensor, que forma parte de la familia Ouster REV7 y est\u00e1 equipado con el avanzado chip L3, est\u00e1 dise\u00f1ado para brindar una cobertura integral y de alta precisi\u00f3n para aplicaciones de corto alcance en diversos entornos.<\/span><\/p>\n<p>&nbsp;<\/p>","protected":false},"featured_media":21963,"comment_status":"open","ping_status":"closed","template":"","meta":[],"product_brand":[1140],"product_cat":[1139,1037,1040],"product_tag":[1142,1141],"class_list":{"0":"post-21967","1":"product","2":"type-product","3":"status-publish","4":"has-post-thumbnail","6":"product_brand-ouster","7":"product_cat-ouster-lidars","8":"product_cat-robotics","9":"product_cat-sensors-robotics","10":"product_tag-ouster-dome-lidar","11":"product_tag-ouster-lidars","13":"first","14":"onbackorder","15":"taxable","16":"shipping-taxable","17":"purchasable","18":"product-type-simple"},"yoast_head":"<!-- This site is optimized with the Yoast SEO plugin v27.1.1 - https:\/\/yoast.com\/product\/yoast-seo-wordpress\/ -->\n<title>Ouster OSDome-64 Rev7 - Ghostysky<\/title>\n<meta name=\"description\" content=\"The Ouster OSDome-64 Rev7 is a high-resolution digital LiDAR sensor specifically engineered to provide a full 180\u00ba hemispherical field of view (FoV). Part of the Ouster REV7 family and powered by the advanced L3 chip, this sensor is designed to deliver comprehensive, high-precision coverage for near-range applications in diverse environments.\" \/>\n<meta name=\"robots\" content=\"index, follow, max-snippet:-1, max-image-preview:large, max-video-preview:-1\" \/>\n<link rel=\"canonical\" href=\"https:\/\/www.ghostysky.com\/es\/producto-2\/ouster-osdome-64-rev7\/\" \/>\n<meta property=\"og:locale\" content=\"es_ES\" \/>\n<meta property=\"og:type\" content=\"article\" \/>\n<meta property=\"og:title\" content=\"Ouster OSDome-64 Rev7 - Ghostysky\" \/>\n<meta property=\"og:description\" content=\"The Ouster OSDome-64 Rev7 is a high-resolution digital LiDAR sensor specifically engineered to provide a full 180\u00ba hemispherical field of view (FoV). Part of the Ouster REV7 family and powered by the advanced L3 chip, this sensor is designed to deliver comprehensive, high-precision coverage for near-range applications in diverse environments.\" \/>\n<meta property=\"og:url\" content=\"https:\/\/www.ghostysky.com\/es\/producto-2\/ouster-osdome-64-rev7\/\" \/>\n<meta property=\"og:site_name\" content=\"Ghostysky\" \/>\n<meta property=\"article:publisher\" content=\"https:\/\/www.facebook.com\/people\/Ghostysky\/100057676170234\/\" \/>\n<meta property=\"article:modified_time\" content=\"2026-02-24T12:22:01+00:00\" \/>\n<meta property=\"og:image\" content=\"https:\/\/www.ghostysky.com\/wp-content\/uploads\/2025\/10\/GH_Ouster-osdome-lidar-rev-7_1.webp\" \/>\n\t<meta property=\"og:image:width\" content=\"550\" \/>\n\t<meta property=\"og:image:height\" content=\"550\" \/>\n\t<meta property=\"og:image:type\" content=\"image\/webp\" \/>\n<meta name=\"twitter:card\" content=\"summary_large_image\" \/>\n<meta name=\"twitter:site\" content=\"@Gh0stysky\" \/>\n<meta name=\"twitter:label1\" content=\"Tiempo de lectura\" \/>\n\t<meta name=\"twitter:data1\" content=\"2 minutos\" \/>\n<script type=\"application\/ld+json\" class=\"yoast-schema-graph\">{\"@context\":\"https:\/\/schema.org\",\"@graph\":[{\"@type\":\"WebPage\",\"@id\":\"https:\/\/www.ghostysky.com\/product\/ouster-osdome-64-rev7\/\",\"url\":\"https:\/\/www.ghostysky.com\/product\/ouster-osdome-64-rev7\/\",\"name\":\"Ouster OSDome-64 Rev7 - Ghostysky\",\"isPartOf\":{\"@id\":\"https:\/\/www.ghostysky.com\/#website\"},\"primaryImageOfPage\":{\"@id\":\"https:\/\/www.ghostysky.com\/product\/ouster-osdome-64-rev7\/#primaryimage\"},\"image\":{\"@id\":\"https:\/\/www.ghostysky.com\/product\/ouster-osdome-64-rev7\/#primaryimage\"},\"thumbnailUrl\":\"https:\/\/www.ghostysky.com\/wp-content\/uploads\/2025\/10\/GH_Ouster-osdome-lidar-rev-7_1.webp\",\"datePublished\":\"2025-10-19T09:04:22+00:00\",\"dateModified\":\"2026-02-24T12:22:01+00:00\",\"description\":\"The Ouster OSDome-64 Rev7 is a high-resolution digital LiDAR sensor specifically engineered to provide a full 180\u00ba hemispherical field of view (FoV). Part of the Ouster REV7 family and powered by the advanced L3 chip, this sensor is designed to deliver comprehensive, high-precision coverage for near-range applications in diverse environments.\",\"breadcrumb\":{\"@id\":\"https:\/\/www.ghostysky.com\/product\/ouster-osdome-64-rev7\/#breadcrumb\"},\"inLanguage\":\"es\",\"potentialAction\":[{\"@type\":\"ReadAction\",\"target\":[\"https:\/\/www.ghostysky.com\/product\/ouster-osdome-64-rev7\/\"]}]},{\"@type\":\"ImageObject\",\"inLanguage\":\"es\",\"@id\":\"https:\/\/www.ghostysky.com\/product\/ouster-osdome-64-rev7\/#primaryimage\",\"url\":\"https:\/\/www.ghostysky.com\/wp-content\/uploads\/2025\/10\/GH_Ouster-osdome-lidar-rev-7_1.webp\",\"contentUrl\":\"https:\/\/www.ghostysky.com\/wp-content\/uploads\/2025\/10\/GH_Ouster-osdome-lidar-rev-7_1.webp\",\"width\":550,\"height\":550},{\"@type\":\"BreadcrumbList\",\"@id\":\"https:\/\/www.ghostysky.com\/product\/ouster-osdome-64-rev7\/#breadcrumb\",\"itemListElement\":[{\"@type\":\"ListItem\",\"position\":1,\"name\":\"Home\",\"item\":\"https:\/\/www.ghostysky.com\/\"},{\"@type\":\"ListItem\",\"position\":2,\"name\":\"Shop\",\"item\":\"https:\/\/www.ghostysky.com\/shop\/\"},{\"@type\":\"ListItem\",\"position\":3,\"name\":\"Ouster OSDome-64 Rev7\"}]},{\"@type\":\"WebSite\",\"@id\":\"https:\/\/www.ghostysky.com\/#website\",\"url\":\"https:\/\/www.ghostysky.com\/\",\"name\":\"Ghostysky\",\"description\":\"Delivering professional drones and services\",\"publisher\":{\"@id\":\"https:\/\/www.ghostysky.com\/#organization\"},\"potentialAction\":[{\"@type\":\"SearchAction\",\"target\":{\"@type\":\"EntryPoint\",\"urlTemplate\":\"https:\/\/www.ghostysky.com\/?s={search_term_string}\"},\"query-input\":{\"@type\":\"PropertyValueSpecification\",\"valueRequired\":true,\"valueName\":\"search_term_string\"}}],\"inLanguage\":\"es\"},{\"@type\":\"Organization\",\"@id\":\"https:\/\/www.ghostysky.com\/#organization\",\"name\":\"Ghostysky\",\"url\":\"https:\/\/www.ghostysky.com\/\",\"logo\":{\"@type\":\"ImageObject\",\"inLanguage\":\"es\",\"@id\":\"https:\/\/www.ghostysky.com\/#\/schema\/logo\/image\/\",\"url\":\"https:\/\/www.ghostysky.com\/wp-content\/uploads\/2020\/06\/cropped-ghostyskylogo_text_white2.png\",\"contentUrl\":\"https:\/\/www.ghostysky.com\/wp-content\/uploads\/2020\/06\/cropped-ghostyskylogo_text_white2.png\",\"width\":169,\"height\":56,\"caption\":\"Ghostysky\"},\"image\":{\"@id\":\"https:\/\/www.ghostysky.com\/#\/schema\/logo\/image\/\"},\"sameAs\":[\"https:\/\/www.facebook.com\/people\/Ghostysky\/100057676170234\/\",\"https:\/\/x.com\/Gh0stysky\",\"https:\/\/www.linkedin.com\/company\/34739653\",\"https:\/\/www.instagram.com\/gh0stysky\"]}]}<\/script>\n<!-- \/ Yoast SEO plugin. -->","yoast_head_json":{"title":"Expulsi\u00f3n OSDome-64 Rev7 - Ghostysky","description":"El Ouster OSDome-64 Rev7 es un sensor LiDAR digital de alta resoluci\u00f3n, dise\u00f1ado espec\u00edficamente para proporcionar un campo de visi\u00f3n (CdV) hemisf\u00e9rico completo de 180\u00b0. Perteneciente a la familia Ouster REV7 y equipado con el avanzado chip L3, este sensor ofrece una cobertura completa y de alta precisi\u00f3n para aplicaciones de corto alcance en diversos entornos.","robots":{"index":"index","follow":"follow","max-snippet":"max-snippet:-1","max-image-preview":"max-image-preview:large","max-video-preview":"max-video-preview:-1"},"canonical":"https:\/\/www.ghostysky.com\/es\/producto-2\/ouster-osdome-64-rev7\/","og_locale":"es_ES","og_type":"article","og_title":"Ouster OSDome-64 Rev7 - Ghostysky","og_description":"The Ouster OSDome-64 Rev7 is a high-resolution digital LiDAR sensor specifically engineered to provide a full 180\u00ba hemispherical field of view (FoV). Part of the Ouster REV7 family and powered by the advanced L3 chip, this sensor is designed to deliver comprehensive, high-precision coverage for near-range applications in diverse environments.","og_url":"https:\/\/www.ghostysky.com\/es\/producto-2\/ouster-osdome-64-rev7\/","og_site_name":"Ghostysky","article_publisher":"https:\/\/www.facebook.com\/people\/Ghostysky\/100057676170234\/","article_modified_time":"2026-02-24T12:22:01+00:00","og_image":[{"width":550,"height":550,"url":"https:\/\/www.ghostysky.com\/wp-content\/uploads\/2025\/10\/GH_Ouster-osdome-lidar-rev-7_1.webp","type":"image\/webp"}],"twitter_card":"summary_large_image","twitter_site":"@Gh0stysky","twitter_misc":{"Tiempo de lectura":"2 minutos"},"schema":{"@context":"https:\/\/schema.org","@graph":[{"@type":"WebPage","@id":"https:\/\/www.ghostysky.com\/product\/ouster-osdome-64-rev7\/","url":"https:\/\/www.ghostysky.com\/product\/ouster-osdome-64-rev7\/","name":"Expulsi\u00f3n OSDome-64 Rev7 - Ghostysky","isPartOf":{"@id":"https:\/\/www.ghostysky.com\/#website"},"primaryImageOfPage":{"@id":"https:\/\/www.ghostysky.com\/product\/ouster-osdome-64-rev7\/#primaryimage"},"image":{"@id":"https:\/\/www.ghostysky.com\/product\/ouster-osdome-64-rev7\/#primaryimage"},"thumbnailUrl":"https:\/\/www.ghostysky.com\/wp-content\/uploads\/2025\/10\/GH_Ouster-osdome-lidar-rev-7_1.webp","datePublished":"2025-10-19T09:04:22+00:00","dateModified":"2026-02-24T12:22:01+00:00","description":"El Ouster OSDome-64 Rev7 es un sensor LiDAR digital de alta resoluci\u00f3n, dise\u00f1ado espec\u00edficamente para proporcionar un campo de visi\u00f3n (CdV) hemisf\u00e9rico completo de 180\u00b0. Perteneciente a la familia Ouster REV7 y equipado con el avanzado chip L3, este sensor ofrece una cobertura completa y de alta precisi\u00f3n para aplicaciones de corto alcance en diversos entornos.","breadcrumb":{"@id":"https:\/\/www.ghostysky.com\/product\/ouster-osdome-64-rev7\/#breadcrumb"},"inLanguage":"es","potentialAction":[{"@type":"ReadAction","target":["https:\/\/www.ghostysky.com\/product\/ouster-osdome-64-rev7\/"]}]},{"@type":"ImageObject","inLanguage":"es","@id":"https:\/\/www.ghostysky.com\/product\/ouster-osdome-64-rev7\/#primaryimage","url":"https:\/\/www.ghostysky.com\/wp-content\/uploads\/2025\/10\/GH_Ouster-osdome-lidar-rev-7_1.webp","contentUrl":"https:\/\/www.ghostysky.com\/wp-content\/uploads\/2025\/10\/GH_Ouster-osdome-lidar-rev-7_1.webp","width":550,"height":550},{"@type":"BreadcrumbList","@id":"https:\/\/www.ghostysky.com\/product\/ouster-osdome-64-rev7\/#breadcrumb","itemListElement":[{"@type":"ListItem","position":1,"name":"Home","item":"https:\/\/www.ghostysky.com\/"},{"@type":"ListItem","position":2,"name":"Shop","item":"https:\/\/www.ghostysky.com\/shop\/"},{"@type":"ListItem","position":3,"name":"Ouster OSDome-64 Rev7"}]},{"@type":"WebSite","@id":"https:\/\/www.ghostysky.com\/#website","url":"https:\/\/www.ghostysky.com\/","name":"Ghostysky","description":"Entrega de drones y servicios profesionales","publisher":{"@id":"https:\/\/www.ghostysky.com\/#organization"},"potentialAction":[{"@type":"SearchAction","target":{"@type":"EntryPoint","urlTemplate":"https:\/\/www.ghostysky.com\/?s={search_term_string}"},"query-input":{"@type":"PropertyValueSpecification","valueRequired":true,"valueName":"search_term_string"}}],"inLanguage":"es"},{"@type":"Organization","@id":"https:\/\/www.ghostysky.com\/#organization","name":"Ghostysky","url":"https:\/\/www.ghostysky.com\/","logo":{"@type":"ImageObject","inLanguage":"es","@id":"https:\/\/www.ghostysky.com\/#\/schema\/logo\/image\/","url":"https:\/\/www.ghostysky.com\/wp-content\/uploads\/2020\/06\/cropped-ghostyskylogo_text_white2.png","contentUrl":"https:\/\/www.ghostysky.com\/wp-content\/uploads\/2020\/06\/cropped-ghostyskylogo_text_white2.png","width":169,"height":56,"caption":"Ghostysky"},"image":{"@id":"https:\/\/www.ghostysky.com\/#\/schema\/logo\/image\/"},"sameAs":["https:\/\/www.facebook.com\/people\/Ghostysky\/100057676170234\/","https:\/\/x.com\/Gh0stysky","https:\/\/www.linkedin.com\/company\/34739653","https:\/\/www.instagram.com\/gh0stysky"]}]}},"_links":{"self":[{"href":"https:\/\/www.ghostysky.com\/es\/wp-json\/wp\/v2\/product\/21967","targetHints":{"allow":["GET"]}}],"collection":[{"href":"https:\/\/www.ghostysky.com\/es\/wp-json\/wp\/v2\/product"}],"about":[{"href":"https:\/\/www.ghostysky.com\/es\/wp-json\/wp\/v2\/types\/product"}],"replies":[{"embeddable":true,"href":"https:\/\/www.ghostysky.com\/es\/wp-json\/wp\/v2\/comments?post=21967"}],"wp:featuredmedia":[{"embeddable":true,"href":"https:\/\/www.ghostysky.com\/es\/wp-json\/wp\/v2\/media\/21963"}],"wp:attachment":[{"href":"https:\/\/www.ghostysky.com\/es\/wp-json\/wp\/v2\/media?parent=21967"}],"wp:term":[{"taxonomy":"product_brand","embeddable":true,"href":"https:\/\/www.ghostysky.com\/es\/wp-json\/wp\/v2\/product_brand?post=21967"},{"taxonomy":"product_cat","embeddable":true,"href":"https:\/\/www.ghostysky.com\/es\/wp-json\/wp\/v2\/product_cat?post=21967"},{"taxonomy":"product_tag","embeddable":true,"href":"https:\/\/www.ghostysky.com\/es\/wp-json\/wp\/v2\/product_tag?post=21967"}],"curies":[{"name":"wp","href":"https:\/\/api.w.org\/{rel}","templated":true}]}}