{"id":21968,"date":"2025-10-19T09:08:14","date_gmt":"2025-10-19T09:08:14","guid":{"rendered":"https:\/\/www.ghostysky.com\/?post_type=product&#038;p=21968"},"modified":"2025-10-19T09:11:58","modified_gmt":"2025-10-19T09:11:58","slug":"ouster-osdome-128-rev7","status":"publish","type":"product","link":"https:\/\/www.ghostysky.com\/es\/product\/ouster-osdome-128-rev7\/","title":{"rendered":"Ouster OSDome-128 Rev7"},"content":{"rendered":"<div id=\"model-response-message-contentr_8cade3a3a392d67c\" class=\"markdown markdown-main-panel stronger enable-updated-hr-color\" dir=\"ltr\">\n<h3><b>Caracter\u00edsticas y especificaciones clave<\/b><\/h3>\n<ul>\n<li><b><span class=\"citation-185\">Campo de visi\u00f3n hemisf\u00e9rico completo (FoV):<\/span><\/b><span class=\"citation-185 citation-end-185\"> Ofrece una experiencia sin igual <\/span><b><span class=\"math-inline\" data-math=\"180^\\circ\"><span class=\"katex\"><span class=\"katex-html\" aria-hidden=\"true\"><span class=\"base\"><span class=\"mord\">18<\/span><span class=\"mord\">0<span class=\"msupsub\"><span class=\"vlist-t\"><span class=\"vlist-r\"><span class=\"vlist\"><span class=\"\"><span class=\"sizing reset-size6 size3 mtight\"><span class=\"mbin mtight\">\u2218<\/span><\/span><\/span><\/span><\/span><\/span><\/span><\/span><\/span><\/span><\/span><\/span><span class=\"citation-184\"> vertical<\/span><\/b><span class=\"citation-184 citation-end-184\"> por <\/span><b><span class=\"math-inline\" data-math=\"360^\\circ\"><span class=\"katex\"><span class=\"katex-html\" aria-hidden=\"true\"><span class=\"base\"><span class=\"mord\">36<\/span><span class=\"mord\">0<span class=\"msupsub\"><span class=\"vlist-t\"><span class=\"vlist-r\"><span class=\"vlist\"><span class=\"\"><span class=\"sizing reset-size6 size3 mtight\"><span class=\"mbin mtight\">\u2218<\/span><\/span><\/span><\/span><\/span><\/span><\/span><\/span><\/span><\/span><\/span><\/span><span class=\"citation-183\"> horizontal<\/span><\/b><span class=\"citation-183 citation-end-183\"> FoV, que proporciona una cobertura completa desde el piso hasta el techo.<\/span> <span class=\"citation-182 citation-end-182\">Este exclusivo dise\u00f1o en forma de c\u00fapula es ideal para eliminar puntos ciegos en entornos abarrotados o complejos.<\/span><\/li>\n<li><b><span class=\"citation-181\">Resoluci\u00f3n alta:<\/span><\/b><span class=\"citation-181\"> Caracter\u00edsticas <\/span><b><span class=\"citation-181\">128 canales verticales<\/span><\/b><span class=\"citation-181 citation-end-181\"> (capas), que proporcionan detalles excepcionales para realizar mapas 3D precisos, clasificaci\u00f3n de objetos y seguimiento.<\/span> <span class=\"citation-180\">Genera hasta <\/span><b><span class=\"citation-180\">5,2 millones de puntos por segundo<\/span><\/b><span class=\"citation-180 citation-end-180\">.<\/span><\/li>\n<li><b>Alcance y precisi\u00f3n mejorados:<\/b> El OSDome (Rev7) tiene un alcance m\u00e1ximo de hasta <span class=\"math-inline\" data-math=\"\\sim 45\"><span class=\"katex\"><span class=\"katex-html\" aria-hidden=\"true\"><span class=\"base\"><span class=\"mrel\">\u223c<\/span><\/span><span class=\"base\"><span class=\"mord\">45<\/span><\/span><\/span><\/span><\/span> metros y un rango t\u00edpico de <b><span class=\"math-inline\" data-math=\"20\"><span class=\"katex\"><span class=\"katex-html\" aria-hidden=\"true\"><span class=\"base\"><span class=\"mord\">20<\/span><\/span><\/span><\/span><\/span> metros<\/b> en un <span class=\"math-inline\" data-math=\"10\\%\"><span class=\"katex\"><span class=\"katex-html\" aria-hidden=\"true\"><span class=\"base\"><span class=\"mord\">10%<\/span><\/span><\/span><\/span><\/span> objetivo reflectante, lo que lo hace perfecto para interiores, infraestructuras inteligentes y rob\u00f3tica de corto alcance.<\/li>\n<li><b><span class=\"citation-179\">Chip LiDAR digital L3:<\/span><\/b><span class=\"citation-179 citation-end-179\"> Este chip de pr\u00f3xima generaci\u00f3n mejora significativamente el rendimiento con:<\/span>\n<ul>\n<li><b><span class=\"math-inline\" data-math=\"10\\times\"><span class=\"katex\"><span class=\"katex-html\" aria-hidden=\"true\"><span class=\"base\"><span class=\"mord\">10<\/span><span class=\"mord\">\u00d7<\/span><\/span><\/span><\/span><\/span><span class=\"citation-178\"> aumentar<\/span><\/b><span class=\"citation-178 citation-end-178\"> en la sensibilidad a los fotones.<\/span><\/li>\n<li><b><span class=\"citation-177\">Retornos duales de alta precisi\u00f3n<\/span><\/b><span class=\"citation-177 citation-end-177\"> para una mejor detecci\u00f3n de objetos.<\/span><\/li>\n<li><span class=\"citation-176 citation-end-176\">Detecci\u00f3n mejorada de objetos desafiantes (como veh\u00edculos negros, neum\u00e1ticos o cables peque\u00f1os).<\/span><\/li>\n<\/ul>\n<\/li>\n<li><b><span class=\"citation-175\">Dise\u00f1o robusto y confiable:<\/span><\/b><span class=\"citation-175\"> Construido con la arquitectura digital simple de Ouster y componentes de grado automotriz, el sensor est\u00e1 clasificado <\/span><b><span class=\"citation-175\">IP68 y IP69K<\/span><\/b><span class=\"citation-175 citation-end-175\">, lo que lo hace resistente a condiciones extremas, golpes, vibraciones e incluso lavado a presi\u00f3n.<\/span><\/li>\n<li><b>Factor de forma discreto y compacto:<\/b><span class=\"citation-174 citation-end-174\"> Su peque\u00f1o tama\u00f1o f\u00edsico, similar a una c\u00fapula, permite una integraci\u00f3n discreta en techos, infraestructura o la carrocer\u00eda de un veh\u00edculo, integr\u00e1ndose perfectamente al entorno.<\/span><\/li>\n<li><b>Aplicaciones vers\u00e1tiles:<\/b> Ideal para:\n<ul>\n<li><b>Infraestructura inteligente:<\/b><span class=\"citation-173\"> An\u00e1lisis de multitudes, monitoreo de ocupaci\u00f3n y detecci\u00f3n de seguridad\/intrusos con <\/span><b><span class=\"citation-173\">Seguimiento de personas que preserva la privacidad<\/span><\/b><span class=\"citation-173 citation-end-173\"> (utiliza datos espaciales, no im\u00e1genes faciales).<\/span><\/li>\n<li><b><span class=\"citation-172\">Rob\u00f3tica e industria:<\/span><\/b><span class=\"citation-172 citation-end-172\"> Automatizaci\u00f3n de almacenes, robots m\u00f3viles aut\u00f3nomos (AMR), conocimiento de la situaci\u00f3n de las carretillas elevadoras con visibilidad de piso a techo y manipulaci\u00f3n de materiales.<\/span><\/li>\n<\/ul>\n<\/li>\n<\/ul>\n<p>El OSDome-128 Rev7 es la soluci\u00f3n definitiva para aplicaciones que requieren alta fidelidad, conocimiento espacial de \u00e1rea amplia con una durabilidad inigualable y un tama\u00f1o m\u00ednimo.<\/p>\n<\/div>","protected":false},"excerpt":{"rendered":"<p><span class=\"citation-187 citation-end-187\">El Ouster OSDome-128 Rev7 es un sensor LiDAR digital de vanguardia dise\u00f1ado para una percepci\u00f3n espacial integral y de alta resoluci\u00f3n, especialmente excelente en aplicaciones de corto a mediano alcance.<\/span> <span class=\"citation-186\">Parte de la avanzada familia REV7 de Ouster, impulsada por la tecnolog\u00eda patentada <\/span><b><span class=\"citation-186\">Chip L3<\/span><\/b><span class=\"citation-186 citation-end-186\">El OSDome-128 est\u00e1 dise\u00f1ado para eliminar los puntos ciegos y proporcionar una cobertura hemisf\u00e9rica completa.<\/span><\/p>","protected":false},"featured_media":21963,"comment_status":"open","ping_status":"closed","template":"","meta":[],"product_brand":[1140],"product_cat":[1139,1037,1040],"product_tag":[1142,1141],"class_list":{"0":"post-21968","1":"product","2":"type-product","3":"status-publish","4":"has-post-thumbnail","6":"product_brand-ouster","7":"product_cat-ouster-lidars","8":"product_cat-robotics","9":"product_cat-sensors-robotics","10":"product_tag-ouster-dome-lidar","11":"product_tag-ouster-lidars","13":"first","14":"onbackorder","15":"taxable","16":"shipping-taxable","17":"purchasable","18":"product-type-simple"},"yoast_head":"<!-- This site is optimized with the Yoast SEO plugin v27.1.1 - https:\/\/yoast.com\/product\/yoast-seo-wordpress\/ -->\n<title>Ouster OSDome-128 Rev7 - Ghostysky<\/title>\n<meta name=\"description\" content=\"The Ouster OSDome-128 Rev7 is a cutting-edge digital LiDAR sensor engineered for comprehensive, high-resolution spatial perception, particularly excelling in short to medium-range applications. Part of Ouster&#039;s advanced REV7 family powered by the proprietary L3 chip, the OSDome-128 is designed to eliminate blind spots and provide full hemispherical coverage.\" \/>\n<meta name=\"robots\" content=\"index, follow, max-snippet:-1, max-image-preview:large, max-video-preview:-1\" \/>\n<link rel=\"canonical\" href=\"https:\/\/www.ghostysky.com\/es\/producto-2\/ouster-osdome-128-rev7\/\" \/>\n<meta property=\"og:locale\" content=\"es_ES\" \/>\n<meta property=\"og:type\" content=\"article\" \/>\n<meta property=\"og:title\" content=\"Ouster OSDome-128 Rev7 - Ghostysky\" \/>\n<meta property=\"og:description\" content=\"The Ouster OSDome-128 Rev7 is a cutting-edge digital LiDAR sensor engineered for comprehensive, high-resolution spatial perception, particularly excelling in short to medium-range applications. Part of Ouster&#039;s advanced REV7 family powered by the proprietary L3 chip, the OSDome-128 is designed to eliminate blind spots and provide full hemispherical coverage.\" \/>\n<meta property=\"og:url\" content=\"https:\/\/www.ghostysky.com\/es\/producto-2\/ouster-osdome-128-rev7\/\" \/>\n<meta property=\"og:site_name\" content=\"Ghostysky\" \/>\n<meta property=\"article:publisher\" content=\"https:\/\/www.facebook.com\/people\/Ghostysky\/100057676170234\/\" \/>\n<meta property=\"article:modified_time\" content=\"2025-10-19T09:11:58+00:00\" \/>\n<meta property=\"og:image\" content=\"https:\/\/www.ghostysky.com\/wp-content\/uploads\/2025\/10\/GH_Ouster-osdome-lidar-rev-7_1.webp\" \/>\n\t<meta property=\"og:image:width\" content=\"550\" \/>\n\t<meta property=\"og:image:height\" content=\"550\" \/>\n\t<meta property=\"og:image:type\" content=\"image\/webp\" \/>\n<meta name=\"twitter:card\" content=\"summary_large_image\" \/>\n<meta name=\"twitter:site\" content=\"@Gh0stysky\" \/>\n<meta name=\"twitter:label1\" content=\"Tiempo de lectura\" \/>\n\t<meta name=\"twitter:data1\" content=\"2 minutos\" \/>\n<script type=\"application\/ld+json\" class=\"yoast-schema-graph\">{\"@context\":\"https:\/\/schema.org\",\"@graph\":[{\"@type\":\"WebPage\",\"@id\":\"https:\/\/www.ghostysky.com\/product\/ouster-osdome-128-rev7\/\",\"url\":\"https:\/\/www.ghostysky.com\/product\/ouster-osdome-128-rev7\/\",\"name\":\"Ouster OSDome-128 Rev7 - Ghostysky\",\"isPartOf\":{\"@id\":\"https:\/\/www.ghostysky.com\/#website\"},\"primaryImageOfPage\":{\"@id\":\"https:\/\/www.ghostysky.com\/product\/ouster-osdome-128-rev7\/#primaryimage\"},\"image\":{\"@id\":\"https:\/\/www.ghostysky.com\/product\/ouster-osdome-128-rev7\/#primaryimage\"},\"thumbnailUrl\":\"https:\/\/www.ghostysky.com\/wp-content\/uploads\/2025\/10\/GH_Ouster-osdome-lidar-rev-7_1.webp\",\"datePublished\":\"2025-10-19T09:08:14+00:00\",\"dateModified\":\"2025-10-19T09:11:58+00:00\",\"description\":\"The Ouster OSDome-128 Rev7 is a cutting-edge digital LiDAR sensor engineered for comprehensive, high-resolution spatial perception, particularly excelling in short to medium-range applications. Part of Ouster's advanced REV7 family powered by the proprietary L3 chip, the OSDome-128 is designed to eliminate blind spots and provide full hemispherical coverage.\",\"breadcrumb\":{\"@id\":\"https:\/\/www.ghostysky.com\/product\/ouster-osdome-128-rev7\/#breadcrumb\"},\"inLanguage\":\"es\",\"potentialAction\":[{\"@type\":\"ReadAction\",\"target\":[\"https:\/\/www.ghostysky.com\/product\/ouster-osdome-128-rev7\/\"]}]},{\"@type\":\"ImageObject\",\"inLanguage\":\"es\",\"@id\":\"https:\/\/www.ghostysky.com\/product\/ouster-osdome-128-rev7\/#primaryimage\",\"url\":\"https:\/\/www.ghostysky.com\/wp-content\/uploads\/2025\/10\/GH_Ouster-osdome-lidar-rev-7_1.webp\",\"contentUrl\":\"https:\/\/www.ghostysky.com\/wp-content\/uploads\/2025\/10\/GH_Ouster-osdome-lidar-rev-7_1.webp\",\"width\":550,\"height\":550},{\"@type\":\"BreadcrumbList\",\"@id\":\"https:\/\/www.ghostysky.com\/product\/ouster-osdome-128-rev7\/#breadcrumb\",\"itemListElement\":[{\"@type\":\"ListItem\",\"position\":1,\"name\":\"Home\",\"item\":\"https:\/\/www.ghostysky.com\/\"},{\"@type\":\"ListItem\",\"position\":2,\"name\":\"Shop\",\"item\":\"https:\/\/www.ghostysky.com\/shop\/\"},{\"@type\":\"ListItem\",\"position\":3,\"name\":\"Ouster OSDome-128 Rev7\"}]},{\"@type\":\"WebSite\",\"@id\":\"https:\/\/www.ghostysky.com\/#website\",\"url\":\"https:\/\/www.ghostysky.com\/\",\"name\":\"Ghostysky\",\"description\":\"Delivering professional drones and services\",\"publisher\":{\"@id\":\"https:\/\/www.ghostysky.com\/#organization\"},\"potentialAction\":[{\"@type\":\"SearchAction\",\"target\":{\"@type\":\"EntryPoint\",\"urlTemplate\":\"https:\/\/www.ghostysky.com\/?s={search_term_string}\"},\"query-input\":{\"@type\":\"PropertyValueSpecification\",\"valueRequired\":true,\"valueName\":\"search_term_string\"}}],\"inLanguage\":\"es\"},{\"@type\":\"Organization\",\"@id\":\"https:\/\/www.ghostysky.com\/#organization\",\"name\":\"Ghostysky\",\"url\":\"https:\/\/www.ghostysky.com\/\",\"logo\":{\"@type\":\"ImageObject\",\"inLanguage\":\"es\",\"@id\":\"https:\/\/www.ghostysky.com\/#\/schema\/logo\/image\/\",\"url\":\"https:\/\/www.ghostysky.com\/wp-content\/uploads\/2020\/06\/cropped-ghostyskylogo_text_white2.png\",\"contentUrl\":\"https:\/\/www.ghostysky.com\/wp-content\/uploads\/2020\/06\/cropped-ghostyskylogo_text_white2.png\",\"width\":169,\"height\":56,\"caption\":\"Ghostysky\"},\"image\":{\"@id\":\"https:\/\/www.ghostysky.com\/#\/schema\/logo\/image\/\"},\"sameAs\":[\"https:\/\/www.facebook.com\/people\/Ghostysky\/100057676170234\/\",\"https:\/\/x.com\/Gh0stysky\",\"https:\/\/www.linkedin.com\/company\/34739653\",\"https:\/\/www.instagram.com\/gh0stysky\"]}]}<\/script>\n<!-- \/ Yoast SEO plugin. -->","yoast_head_json":{"title":"Expulsi\u00f3n OSDome-128 Rev7 - Ghostysky","description":"El Ouster OSDome-128 Rev7 es un sensor LiDAR digital de vanguardia dise\u00f1ado para una percepci\u00f3n espacial integral de alta resoluci\u00f3n, especialmente eficaz en aplicaciones de corto a medio alcance. Parte de la avanzada familia REV7 de Ouster, con el chip L3 patentado, el OSDome-128 est\u00e1 dise\u00f1ado para eliminar los puntos ciegos y proporcionar una cobertura hemisf\u00e9rica completa.","robots":{"index":"index","follow":"follow","max-snippet":"max-snippet:-1","max-image-preview":"max-image-preview:large","max-video-preview":"max-video-preview:-1"},"canonical":"https:\/\/www.ghostysky.com\/es\/producto-2\/ouster-osdome-128-rev7\/","og_locale":"es_ES","og_type":"article","og_title":"Ouster OSDome-128 Rev7 - Ghostysky","og_description":"The Ouster OSDome-128 Rev7 is a cutting-edge digital LiDAR sensor engineered for comprehensive, high-resolution spatial perception, particularly excelling in short to medium-range applications. Part of Ouster's advanced REV7 family powered by the proprietary L3 chip, the OSDome-128 is designed to eliminate blind spots and provide full hemispherical coverage.","og_url":"https:\/\/www.ghostysky.com\/es\/producto-2\/ouster-osdome-128-rev7\/","og_site_name":"Ghostysky","article_publisher":"https:\/\/www.facebook.com\/people\/Ghostysky\/100057676170234\/","article_modified_time":"2025-10-19T09:11:58+00:00","og_image":[{"width":550,"height":550,"url":"https:\/\/www.ghostysky.com\/wp-content\/uploads\/2025\/10\/GH_Ouster-osdome-lidar-rev-7_1.webp","type":"image\/webp"}],"twitter_card":"summary_large_image","twitter_site":"@Gh0stysky","twitter_misc":{"Tiempo de lectura":"2 minutos"},"schema":{"@context":"https:\/\/schema.org","@graph":[{"@type":"WebPage","@id":"https:\/\/www.ghostysky.com\/product\/ouster-osdome-128-rev7\/","url":"https:\/\/www.ghostysky.com\/product\/ouster-osdome-128-rev7\/","name":"Expulsi\u00f3n OSDome-128 Rev7 - Ghostysky","isPartOf":{"@id":"https:\/\/www.ghostysky.com\/#website"},"primaryImageOfPage":{"@id":"https:\/\/www.ghostysky.com\/product\/ouster-osdome-128-rev7\/#primaryimage"},"image":{"@id":"https:\/\/www.ghostysky.com\/product\/ouster-osdome-128-rev7\/#primaryimage"},"thumbnailUrl":"https:\/\/www.ghostysky.com\/wp-content\/uploads\/2025\/10\/GH_Ouster-osdome-lidar-rev-7_1.webp","datePublished":"2025-10-19T09:08:14+00:00","dateModified":"2025-10-19T09:11:58+00:00","description":"El Ouster OSDome-128 Rev7 es un sensor LiDAR digital de vanguardia dise\u00f1ado para una percepci\u00f3n espacial integral de alta resoluci\u00f3n, especialmente eficaz en aplicaciones de corto a medio alcance. Parte de la avanzada familia REV7 de Ouster, con el chip L3 patentado, el OSDome-128 est\u00e1 dise\u00f1ado para eliminar los puntos ciegos y proporcionar una cobertura hemisf\u00e9rica completa.","breadcrumb":{"@id":"https:\/\/www.ghostysky.com\/product\/ouster-osdome-128-rev7\/#breadcrumb"},"inLanguage":"es","potentialAction":[{"@type":"ReadAction","target":["https:\/\/www.ghostysky.com\/product\/ouster-osdome-128-rev7\/"]}]},{"@type":"ImageObject","inLanguage":"es","@id":"https:\/\/www.ghostysky.com\/product\/ouster-osdome-128-rev7\/#primaryimage","url":"https:\/\/www.ghostysky.com\/wp-content\/uploads\/2025\/10\/GH_Ouster-osdome-lidar-rev-7_1.webp","contentUrl":"https:\/\/www.ghostysky.com\/wp-content\/uploads\/2025\/10\/GH_Ouster-osdome-lidar-rev-7_1.webp","width":550,"height":550},{"@type":"BreadcrumbList","@id":"https:\/\/www.ghostysky.com\/product\/ouster-osdome-128-rev7\/#breadcrumb","itemListElement":[{"@type":"ListItem","position":1,"name":"Home","item":"https:\/\/www.ghostysky.com\/"},{"@type":"ListItem","position":2,"name":"Shop","item":"https:\/\/www.ghostysky.com\/shop\/"},{"@type":"ListItem","position":3,"name":"Ouster OSDome-128 Rev7"}]},{"@type":"WebSite","@id":"https:\/\/www.ghostysky.com\/#website","url":"https:\/\/www.ghostysky.com\/","name":"Ghostysky","description":"Entrega de drones y servicios profesionales","publisher":{"@id":"https:\/\/www.ghostysky.com\/#organization"},"potentialAction":[{"@type":"SearchAction","target":{"@type":"EntryPoint","urlTemplate":"https:\/\/www.ghostysky.com\/?s={search_term_string}"},"query-input":{"@type":"PropertyValueSpecification","valueRequired":true,"valueName":"search_term_string"}}],"inLanguage":"es"},{"@type":"Organization","@id":"https:\/\/www.ghostysky.com\/#organization","name":"Ghostysky","url":"https:\/\/www.ghostysky.com\/","logo":{"@type":"ImageObject","inLanguage":"es","@id":"https:\/\/www.ghostysky.com\/#\/schema\/logo\/image\/","url":"https:\/\/www.ghostysky.com\/wp-content\/uploads\/2020\/06\/cropped-ghostyskylogo_text_white2.png","contentUrl":"https:\/\/www.ghostysky.com\/wp-content\/uploads\/2020\/06\/cropped-ghostyskylogo_text_white2.png","width":169,"height":56,"caption":"Ghostysky"},"image":{"@id":"https:\/\/www.ghostysky.com\/#\/schema\/logo\/image\/"},"sameAs":["https:\/\/www.facebook.com\/people\/Ghostysky\/100057676170234\/","https:\/\/x.com\/Gh0stysky","https:\/\/www.linkedin.com\/company\/34739653","https:\/\/www.instagram.com\/gh0stysky"]}]}},"_links":{"self":[{"href":"https:\/\/www.ghostysky.com\/es\/wp-json\/wp\/v2\/product\/21968","targetHints":{"allow":["GET"]}}],"collection":[{"href":"https:\/\/www.ghostysky.com\/es\/wp-json\/wp\/v2\/product"}],"about":[{"href":"https:\/\/www.ghostysky.com\/es\/wp-json\/wp\/v2\/types\/product"}],"replies":[{"embeddable":true,"href":"https:\/\/www.ghostysky.com\/es\/wp-json\/wp\/v2\/comments?post=21968"}],"wp:featuredmedia":[{"embeddable":true,"href":"https:\/\/www.ghostysky.com\/es\/wp-json\/wp\/v2\/media\/21963"}],"wp:attachment":[{"href":"https:\/\/www.ghostysky.com\/es\/wp-json\/wp\/v2\/media?parent=21968"}],"wp:term":[{"taxonomy":"product_brand","embeddable":true,"href":"https:\/\/www.ghostysky.com\/es\/wp-json\/wp\/v2\/product_brand?post=21968"},{"taxonomy":"product_cat","embeddable":true,"href":"https:\/\/www.ghostysky.com\/es\/wp-json\/wp\/v2\/product_cat?post=21968"},{"taxonomy":"product_tag","embeddable":true,"href":"https:\/\/www.ghostysky.com\/es\/wp-json\/wp\/v2\/product_tag?post=21968"}],"curies":[{"name":"wp","href":"https:\/\/api.w.org\/{rel}","templated":true}]}}