{"id":21975,"date":"2025-10-19T09:13:50","date_gmt":"2025-10-19T09:13:50","guid":{"rendered":"https:\/\/www.ghostysky.com\/?post_type=product&#038;p=21975"},"modified":"2026-02-24T12:25:39","modified_gmt":"2026-02-24T12:25:39","slug":"ouster-ouster-os0-32-rev7","status":"publish","type":"product","link":"https:\/\/www.ghostysky.com\/es\/product\/ouster-ouster-os0-32-rev7\/","title":{"rendered":"Ouster OS0-32 Rev7"},"content":{"rendered":"<div id=\"model-response-message-contentr_8cade3a3a392d67c\" class=\"markdown markdown-main-panel stronger enable-updated-hr-color\" dir=\"ltr\">\n<h3>Caracter\u00edsticas y beneficios clave<\/h3>\n<ul>\n<li><b><span class=\"citation-229\">Campo de visi\u00f3n ultra amplio (FOV):<\/span><\/b><span class=\"citation-229 citation-end-229\"> Cuenta con una tecnolog\u00eda l\u00edder en la industria <\/span><span class=\"math-inline\" data-math=\"\\mathbf{90^\\circ}\">90\u00ba<\/span><span class=\"citation-228 citation-end-228\"> campo de visi\u00f3n vertical y <\/span><span class=\"math-inline\" data-math=\"\\mathbf{360^\\circ}\">360\u00ba <\/span><span class=\"citation-227 citation-end-227\">campo de visi\u00f3n horizontal, que permite que el sensor \u201cvea\u201d desde el piso hasta el techo en todo el per\u00edmetro.<\/span> Esto elimina los puntos ciegos y es perfecto para la autonom\u00eda a baja velocidad y la percepci\u00f3n del entorno interior\/exterior.<\/li>\n<li><b><span class=\"citation-226\">Desarrollado por el chip L3:<\/span><\/b><span class=\"citation-226 citation-end-226\"> El chip L3 patentado con iluminaci\u00f3n posterior supone un cambio radical en el rendimiento, ofreciendo un <\/span><b><span class=\"math-inline\" data-math=\"2\\times\">2x<\/span><span class=\"citation-225\"> aumento de alcance<\/span><\/b><span class=\"citation-225 citation-end-225\">, <\/span><b><span class=\"math-inline\" data-math=\"10\\times\">10x<\/span><span class=\"citation-224\"> aumento de la sensibilidad a los fotones<\/span><\/b><span class=\"citation-224 citation-end-224\">, y <\/span><b><span class=\"math-inline\" data-math=\"50\\%\">50%<\/span><span class=\"citation-223\">\u00a0mejora en la precisi\u00f3n<\/span><\/b><span class=\"citation-223 citation-end-223\"> en comparaci\u00f3n con la generaci\u00f3n anterior.<\/span><\/li>\n<li><b>Rendimiento mejorado de corto alcance:<\/b><span class=\"citation-222 citation-end-222\"> Optimizado para operaciones en espacios reducidos, con un alcance m\u00ednimo de tan solo <\/span><span class=\"math-inline\" data-math=\"0.5 \\text{ m}\">0,5 metros<\/span><span class=\"citation-221 citation-end-221\"> y una autonom\u00eda significativamente mejorada de hasta <\/span><span class=\"math-inline\" data-math=\"\\mathbf{35 \\text{ m}}\">35 metros<\/span><span class=\"citation-220 citation-end-220\"> en un <\/span><span class=\"math-inline\" data-math=\"10\\%\">10%<\/span><span class=\"citation-219 citation-end-219\">\u00a0objetivo reflectante.<\/span><\/li>\n<li><b>Salida de alta resoluci\u00f3n:<\/b><span class=\"citation-218 citation-end-218\"> Caracter\u00edsticas <\/span><b><span class=\"math-inline\" data-math=\"32\">32<\/span><span class=\"citation-217\">\u00a0canales de resoluci\u00f3n vertical<\/span><\/b><span class=\"citation-217 citation-end-217\"> y resoluci\u00f3n horizontal configurable (hasta <\/span><span class=\"math-inline\" data-math=\"2048\">2048<\/span><span class=\"citation-216 citation-end-216\">), proporcionando nubes de puntos densas, limpias y precisas para una detecci\u00f3n y mapeo de objetos superior.<\/span><\/li>\n<li><b>Doble retorno e integridad de datos:<\/b><span class=\"citation-215\"> Soportes <\/span><b><span class=\"citation-215\">Doble retorno<\/span><\/b><span class=\"citation-215 citation-end-215\"> Modo para un rendimiento mejorado en condiciones dif\u00edciles (lluvia, niebla, polvo) y proporciona datos de se\u00f1al e infrarrojo cercano (NIR) de calidad de c\u00e1mara por punto, lo que ofrece un rico contexto ambiental.<\/span><\/li>\n<li><b>Robusto y confiable:<\/b><span class=\"citation-214 citation-end-214\"> Construido con aproximadamente <\/span><span class=\"math-inline\" data-math=\"\\mathbf{95\\%}\">95%<\/span><span class=\"citation-213\">\u00a0Componentes de grado automotriz, alojados en un formato compacto y resistente con <\/span><b><span class=\"citation-213\">IP68\/IP69K<\/span><\/b><span class=\"citation-213 citation-end-213\"> protecci\u00f3n de entrada<\/span> Tiene un rango de temperatura de funcionamiento extendido de <span class=\"math-inline\" data-math=\"\\mathbf{-40^\\circ \\text{C} \\text{ to } +60^\\circ \\text{C}}\">-40\u00baC a +60\u00baC<\/span> (con un corte t\u00e9rmico de hasta <span class=\"math-inline\" data-math=\"70^\\circ \\text{C}\">70\u00baC<\/span>).<\/li>\n<li><b><span class=\"citation-212\">Integraci\u00f3n perfecta:<\/span><\/b><span class=\"citation-212\"> Dise\u00f1ado para ser aut\u00f3nomo con bajo consumo de energ\u00eda y salida de datos flexible a trav\u00e9s de <\/span><b><span class=\"citation-212\">Gigabit Ethernet (1000BASE-T)<\/span><\/b><span class=\"citation-212 citation-end-212\"> o un opcional <\/span><span class=\"citation-211 citation-end-211\">Ethernet automotriz.<\/span><\/li>\n<\/ul>\n<\/div>","protected":false},"excerpt":{"rendered":"<p><span class=\"citation-231\">El <\/span><b><span class=\"citation-231\">Ouster OS0-32 Rev7<\/span><\/b><span class=\"citation-231\"> es un sensor LiDAR digital premium de corto alcance y campo de visi\u00f3n (FOV) ultra amplio, parte de la serie avanzada Rev7 de Ouster, impulsado por la tecnolog\u00eda de vanguardia <\/span><b><span class=\"citation-231\">Chip lidar digital L3<\/span><\/b><span class=\"citation-231 citation-end-231\">.<\/span> <span class=\"citation-230 citation-end-230\">Dise\u00f1ado para aplicaciones exigentes de corto alcance, el OS0-32 Rev7 ofrece una percepci\u00f3n incomparable para sistemas aut\u00f3nomos, rob\u00f3tica, automatizaci\u00f3n industrial y mapeo 3D de alta fidelidad.<\/span><\/p>\n<h3><\/h3>","protected":false},"featured_media":21979,"comment_status":"open","ping_status":"closed","template":"","meta":[],"product_brand":[1140],"product_cat":[1139,1037,1040],"product_tag":[1142,1141],"class_list":{"0":"post-21975","1":"product","2":"type-product","3":"status-publish","4":"has-post-thumbnail","6":"product_brand-ouster","7":"product_cat-ouster-lidars","8":"product_cat-robotics","9":"product_cat-sensors-robotics","10":"product_tag-ouster-dome-lidar","11":"product_tag-ouster-lidars","13":"first","14":"onbackorder","15":"taxable","16":"shipping-taxable","17":"purchasable","18":"product-type-simple"},"yoast_head":"<!-- This site is optimized with the Yoast SEO plugin v27.4 - https:\/\/yoast.com\/product\/yoast-seo-wordpress\/ -->\n<title>Ouster OS0-32 Rev7 - Ghostysky<\/title>\n<meta name=\"description\" content=\"The Ouster OS0-32 Rev7 is a premium short-range, ultra-wide field-of-view (FOV) digital LiDAR sensor, part of Ouster&#039;s advanced Rev7 series powered by the cutting-edge L3 Digital Lidar Chip. Engineered for demanding close-range applications, the OS0-32 Rev7 delivers unparalleled perception for autonomous systems, robotics, industrial automation, and high-fidelity 3D mapping.\" \/>\n<meta name=\"robots\" content=\"index, follow, max-snippet:-1, max-image-preview:large, max-video-preview:-1\" \/>\n<link rel=\"canonical\" href=\"https:\/\/www.ghostysky.com\/es\/producto-2\/ouster-ouster-os0-32-rev7\/\" \/>\n<meta property=\"og:locale\" content=\"es_ES\" \/>\n<meta property=\"og:type\" content=\"article\" \/>\n<meta property=\"og:title\" content=\"Ouster OS0-32 Rev7 - Ghostysky\" \/>\n<meta property=\"og:description\" content=\"The Ouster OS0-32 Rev7 is a premium short-range, ultra-wide field-of-view (FOV) digital LiDAR sensor, part of Ouster&#039;s advanced Rev7 series powered by the cutting-edge L3 Digital Lidar Chip. Engineered for demanding close-range applications, the OS0-32 Rev7 delivers unparalleled perception for autonomous systems, robotics, industrial automation, and high-fidelity 3D mapping.\" \/>\n<meta property=\"og:url\" content=\"https:\/\/www.ghostysky.com\/es\/producto-2\/ouster-ouster-os0-32-rev7\/\" \/>\n<meta property=\"og:site_name\" content=\"Ghostysky\" \/>\n<meta property=\"article:publisher\" content=\"https:\/\/www.facebook.com\/people\/Ghostysky\/100057676170234\/\" \/>\n<meta property=\"article:modified_time\" content=\"2026-02-24T12:25:39+00:00\" \/>\n<meta property=\"og:image\" content=\"https:\/\/www.ghostysky.com\/wp-content\/uploads\/2025\/10\/GH_Ouster-Ouster-OS0-32-Rev7_1.png\" \/>\n\t<meta property=\"og:image:width\" content=\"800\" \/>\n\t<meta property=\"og:image:height\" content=\"800\" \/>\n\t<meta property=\"og:image:type\" content=\"image\/png\" \/>\n<meta name=\"twitter:card\" content=\"summary_large_image\" \/>\n<meta name=\"twitter:site\" content=\"@Gh0stysky\" \/>\n<meta name=\"twitter:label1\" content=\"Tiempo de lectura\" \/>\n\t<meta name=\"twitter:data1\" content=\"2 minutos\" \/>\n<script type=\"application\/ld+json\" class=\"yoast-schema-graph\">{\"@context\":\"https:\\\/\\\/schema.org\",\"@graph\":[{\"@type\":\"WebPage\",\"@id\":\"https:\\\/\\\/www.ghostysky.com\\\/product\\\/ouster-ouster-os0-32-rev7\\\/\",\"url\":\"https:\\\/\\\/www.ghostysky.com\\\/product\\\/ouster-ouster-os0-32-rev7\\\/\",\"name\":\"Ouster OS0-32 Rev7 - Ghostysky\",\"isPartOf\":{\"@id\":\"https:\\\/\\\/www.ghostysky.com\\\/#website\"},\"primaryImageOfPage\":{\"@id\":\"https:\\\/\\\/www.ghostysky.com\\\/product\\\/ouster-ouster-os0-32-rev7\\\/#primaryimage\"},\"image\":{\"@id\":\"https:\\\/\\\/www.ghostysky.com\\\/product\\\/ouster-ouster-os0-32-rev7\\\/#primaryimage\"},\"thumbnailUrl\":\"https:\\\/\\\/www.ghostysky.com\\\/wp-content\\\/uploads\\\/2025\\\/10\\\/GH_Ouster-Ouster-OS0-32-Rev7_1.png\",\"datePublished\":\"2025-10-19T09:13:50+00:00\",\"dateModified\":\"2026-02-24T12:25:39+00:00\",\"description\":\"The Ouster OS0-32 Rev7 is a premium short-range, ultra-wide field-of-view (FOV) digital LiDAR sensor, part of Ouster's advanced Rev7 series powered by the cutting-edge L3 Digital Lidar Chip. Engineered for demanding close-range applications, the OS0-32 Rev7 delivers unparalleled perception for autonomous systems, robotics, industrial automation, and high-fidelity 3D mapping.\",\"breadcrumb\":{\"@id\":\"https:\\\/\\\/www.ghostysky.com\\\/product\\\/ouster-ouster-os0-32-rev7\\\/#breadcrumb\"},\"inLanguage\":\"es\",\"potentialAction\":[{\"@type\":\"ReadAction\",\"target\":[\"https:\\\/\\\/www.ghostysky.com\\\/product\\\/ouster-ouster-os0-32-rev7\\\/\"]}]},{\"@type\":\"ImageObject\",\"inLanguage\":\"es\",\"@id\":\"https:\\\/\\\/www.ghostysky.com\\\/product\\\/ouster-ouster-os0-32-rev7\\\/#primaryimage\",\"url\":\"https:\\\/\\\/www.ghostysky.com\\\/wp-content\\\/uploads\\\/2025\\\/10\\\/GH_Ouster-Ouster-OS0-32-Rev7_1.png\",\"contentUrl\":\"https:\\\/\\\/www.ghostysky.com\\\/wp-content\\\/uploads\\\/2025\\\/10\\\/GH_Ouster-Ouster-OS0-32-Rev7_1.png\",\"width\":800,\"height\":800},{\"@type\":\"BreadcrumbList\",\"@id\":\"https:\\\/\\\/www.ghostysky.com\\\/product\\\/ouster-ouster-os0-32-rev7\\\/#breadcrumb\",\"itemListElement\":[{\"@type\":\"ListItem\",\"position\":1,\"name\":\"Home\",\"item\":\"https:\\\/\\\/www.ghostysky.com\\\/\"},{\"@type\":\"ListItem\",\"position\":2,\"name\":\"Shop\",\"item\":\"https:\\\/\\\/www.ghostysky.com\\\/shop\\\/\"},{\"@type\":\"ListItem\",\"position\":3,\"name\":\"Ouster OS0-32 Rev7\"}]},{\"@type\":\"WebSite\",\"@id\":\"https:\\\/\\\/www.ghostysky.com\\\/#website\",\"url\":\"https:\\\/\\\/www.ghostysky.com\\\/\",\"name\":\"Ghostysky\",\"description\":\"Delivering professional drones and robotics solutions\",\"publisher\":{\"@id\":\"https:\\\/\\\/www.ghostysky.com\\\/#organization\"},\"potentialAction\":[{\"@type\":\"SearchAction\",\"target\":{\"@type\":\"EntryPoint\",\"urlTemplate\":\"https:\\\/\\\/www.ghostysky.com\\\/?s={search_term_string}\"},\"query-input\":{\"@type\":\"PropertyValueSpecification\",\"valueRequired\":true,\"valueName\":\"search_term_string\"}}],\"inLanguage\":\"es\"},{\"@type\":\"Organization\",\"@id\":\"https:\\\/\\\/www.ghostysky.com\\\/#organization\",\"name\":\"Ghostysky\",\"url\":\"https:\\\/\\\/www.ghostysky.com\\\/\",\"logo\":{\"@type\":\"ImageObject\",\"inLanguage\":\"es\",\"@id\":\"https:\\\/\\\/www.ghostysky.com\\\/#\\\/schema\\\/logo\\\/image\\\/\",\"url\":\"https:\\\/\\\/www.ghostysky.com\\\/wp-content\\\/uploads\\\/2020\\\/06\\\/cropped-ghostyskylogo_text_white2.png\",\"contentUrl\":\"https:\\\/\\\/www.ghostysky.com\\\/wp-content\\\/uploads\\\/2020\\\/06\\\/cropped-ghostyskylogo_text_white2.png\",\"width\":169,\"height\":56,\"caption\":\"Ghostysky\"},\"image\":{\"@id\":\"https:\\\/\\\/www.ghostysky.com\\\/#\\\/schema\\\/logo\\\/image\\\/\"},\"sameAs\":[\"https:\\\/\\\/www.facebook.com\\\/people\\\/Ghostysky\\\/100057676170234\\\/\",\"https:\\\/\\\/x.com\\\/Gh0stysky\",\"https:\\\/\\\/www.linkedin.com\\\/company\\\/34739653\",\"https:\\\/\\\/www.instagram.com\\\/gh0stysky\"]}]}<\/script>\n<!-- \/ Yoast SEO plugin. -->","yoast_head_json":{"title":"Expulsi\u00f3n OS0-32 Rev7 - Ghostysky","description":"El Ouster OS0-32 Rev7 es un sensor LiDAR digital premium de corto alcance y campo de visi\u00f3n (FOV) ultra amplio, parte de la avanzada serie Rev7 de Ouster, equipado con el innovador chip LiDAR digital L3. Dise\u00f1ado para aplicaciones exigentes de corto alcance, el OS0-32 Rev7 ofrece una percepci\u00f3n inigualable para sistemas aut\u00f3nomos, rob\u00f3tica, automatizaci\u00f3n industrial y mapeo 3D de alta fidelidad.","robots":{"index":"index","follow":"follow","max-snippet":"max-snippet:-1","max-image-preview":"max-image-preview:large","max-video-preview":"max-video-preview:-1"},"canonical":"https:\/\/www.ghostysky.com\/es\/producto-2\/ouster-ouster-os0-32-rev7\/","og_locale":"es_ES","og_type":"article","og_title":"Ouster OS0-32 Rev7 - Ghostysky","og_description":"The Ouster OS0-32 Rev7 is a premium short-range, ultra-wide field-of-view (FOV) digital LiDAR sensor, part of Ouster's advanced Rev7 series powered by the cutting-edge L3 Digital Lidar Chip. Engineered for demanding close-range applications, the OS0-32 Rev7 delivers unparalleled perception for autonomous systems, robotics, industrial automation, and high-fidelity 3D mapping.","og_url":"https:\/\/www.ghostysky.com\/es\/producto-2\/ouster-ouster-os0-32-rev7\/","og_site_name":"Ghostysky","article_publisher":"https:\/\/www.facebook.com\/people\/Ghostysky\/100057676170234\/","article_modified_time":"2026-02-24T12:25:39+00:00","og_image":[{"width":800,"height":800,"url":"https:\/\/www.ghostysky.com\/wp-content\/uploads\/2025\/10\/GH_Ouster-Ouster-OS0-32-Rev7_1.png","type":"image\/png"}],"twitter_card":"summary_large_image","twitter_site":"@Gh0stysky","twitter_misc":{"Tiempo de lectura":"2 minutos"},"schema":{"@context":"https:\/\/schema.org","@graph":[{"@type":"WebPage","@id":"https:\/\/www.ghostysky.com\/product\/ouster-ouster-os0-32-rev7\/","url":"https:\/\/www.ghostysky.com\/product\/ouster-ouster-os0-32-rev7\/","name":"Expulsi\u00f3n OS0-32 Rev7 - Ghostysky","isPartOf":{"@id":"https:\/\/www.ghostysky.com\/#website"},"primaryImageOfPage":{"@id":"https:\/\/www.ghostysky.com\/product\/ouster-ouster-os0-32-rev7\/#primaryimage"},"image":{"@id":"https:\/\/www.ghostysky.com\/product\/ouster-ouster-os0-32-rev7\/#primaryimage"},"thumbnailUrl":"https:\/\/www.ghostysky.com\/wp-content\/uploads\/2025\/10\/GH_Ouster-Ouster-OS0-32-Rev7_1.png","datePublished":"2025-10-19T09:13:50+00:00","dateModified":"2026-02-24T12:25:39+00:00","description":"El Ouster OS0-32 Rev7 es un sensor LiDAR digital premium de corto alcance y campo de visi\u00f3n (FOV) ultra amplio, parte de la avanzada serie Rev7 de Ouster, equipado con el innovador chip LiDAR digital L3. Dise\u00f1ado para aplicaciones exigentes de corto alcance, el OS0-32 Rev7 ofrece una percepci\u00f3n inigualable para sistemas aut\u00f3nomos, rob\u00f3tica, automatizaci\u00f3n industrial y mapeo 3D de alta fidelidad.","breadcrumb":{"@id":"https:\/\/www.ghostysky.com\/product\/ouster-ouster-os0-32-rev7\/#breadcrumb"},"inLanguage":"es","potentialAction":[{"@type":"ReadAction","target":["https:\/\/www.ghostysky.com\/product\/ouster-ouster-os0-32-rev7\/"]}]},{"@type":"ImageObject","inLanguage":"es","@id":"https:\/\/www.ghostysky.com\/product\/ouster-ouster-os0-32-rev7\/#primaryimage","url":"https:\/\/www.ghostysky.com\/wp-content\/uploads\/2025\/10\/GH_Ouster-Ouster-OS0-32-Rev7_1.png","contentUrl":"https:\/\/www.ghostysky.com\/wp-content\/uploads\/2025\/10\/GH_Ouster-Ouster-OS0-32-Rev7_1.png","width":800,"height":800},{"@type":"BreadcrumbList","@id":"https:\/\/www.ghostysky.com\/product\/ouster-ouster-os0-32-rev7\/#breadcrumb","itemListElement":[{"@type":"ListItem","position":1,"name":"Home","item":"https:\/\/www.ghostysky.com\/"},{"@type":"ListItem","position":2,"name":"Shop","item":"https:\/\/www.ghostysky.com\/shop\/"},{"@type":"ListItem","position":3,"name":"Ouster OS0-32 Rev7"}]},{"@type":"WebSite","@id":"https:\/\/www.ghostysky.com\/#website","url":"https:\/\/www.ghostysky.com\/","name":"Ghostysky","description":"Ofrecemos soluciones profesionales de drones y rob\u00f3tica.","publisher":{"@id":"https:\/\/www.ghostysky.com\/#organization"},"potentialAction":[{"@type":"SearchAction","target":{"@type":"EntryPoint","urlTemplate":"https:\/\/www.ghostysky.com\/?s={search_term_string}"},"query-input":{"@type":"PropertyValueSpecification","valueRequired":true,"valueName":"search_term_string"}}],"inLanguage":"es"},{"@type":"Organization","@id":"https:\/\/www.ghostysky.com\/#organization","name":"Ghostysky","url":"https:\/\/www.ghostysky.com\/","logo":{"@type":"ImageObject","inLanguage":"es","@id":"https:\/\/www.ghostysky.com\/#\/schema\/logo\/image\/","url":"https:\/\/www.ghostysky.com\/wp-content\/uploads\/2020\/06\/cropped-ghostyskylogo_text_white2.png","contentUrl":"https:\/\/www.ghostysky.com\/wp-content\/uploads\/2020\/06\/cropped-ghostyskylogo_text_white2.png","width":169,"height":56,"caption":"Ghostysky"},"image":{"@id":"https:\/\/www.ghostysky.com\/#\/schema\/logo\/image\/"},"sameAs":["https:\/\/www.facebook.com\/people\/Ghostysky\/100057676170234\/","https:\/\/x.com\/Gh0stysky","https:\/\/www.linkedin.com\/company\/34739653","https:\/\/www.instagram.com\/gh0stysky"]}]}},"_links":{"self":[{"href":"https:\/\/www.ghostysky.com\/es\/wp-json\/wp\/v2\/product\/21975","targetHints":{"allow":["GET"]}}],"collection":[{"href":"https:\/\/www.ghostysky.com\/es\/wp-json\/wp\/v2\/product"}],"about":[{"href":"https:\/\/www.ghostysky.com\/es\/wp-json\/wp\/v2\/types\/product"}],"replies":[{"embeddable":true,"href":"https:\/\/www.ghostysky.com\/es\/wp-json\/wp\/v2\/comments?post=21975"}],"version-history":[{"count":1,"href":"https:\/\/www.ghostysky.com\/es\/wp-json\/wp\/v2\/product\/21975\/revisions"}],"predecessor-version":[{"id":24249,"href":"https:\/\/www.ghostysky.com\/es\/wp-json\/wp\/v2\/product\/21975\/revisions\/24249"}],"wp:featuredmedia":[{"embeddable":true,"href":"https:\/\/www.ghostysky.com\/es\/wp-json\/wp\/v2\/media\/21979"}],"wp:attachment":[{"href":"https:\/\/www.ghostysky.com\/es\/wp-json\/wp\/v2\/media?parent=21975"}],"wp:term":[{"taxonomy":"product_brand","embeddable":true,"href":"https:\/\/www.ghostysky.com\/es\/wp-json\/wp\/v2\/product_brand?post=21975"},{"taxonomy":"product_cat","embeddable":true,"href":"https:\/\/www.ghostysky.com\/es\/wp-json\/wp\/v2\/product_cat?post=21975"},{"taxonomy":"product_tag","embeddable":true,"href":"https:\/\/www.ghostysky.com\/es\/wp-json\/wp\/v2\/product_tag?post=21975"}],"curies":[{"name":"wp","href":"https:\/\/api.w.org\/{rel}","templated":true}]}}