{"id":21986,"date":"2025-10-19T09:26:36","date_gmt":"2025-10-19T09:26:36","guid":{"rendered":"https:\/\/www.ghostysky.com\/?post_type=product&#038;p=21986"},"modified":"2026-02-24T14:03:52","modified_gmt":"2026-02-24T14:03:52","slug":"ouster-os0-64-rev7","status":"publish","type":"product","link":"https:\/\/www.ghostysky.com\/es\/product\/ouster-os0-64-rev7\/","title":{"rendered":"Ouster OS0-64 Rev7"},"content":{"rendered":"<div id=\"model-response-message-contentr_8cade3a3a392d67c\" class=\"markdown markdown-main-panel stronger enable-updated-hr-color\" dir=\"ltr\">\n<p><span class=\"citation-245\">Es un sensor ideal para la percepci\u00f3n de campo cercano en casos de uso como <\/span><b><span class=\"citation-245\">veh\u00edculos aut\u00f3nomos (VA), rob\u00f3tica, automatizaci\u00f3n industrial e infraestructura inteligente<\/span><\/b><span class=\"citation-245 citation-end-245\">.<\/span><\/p>\n<div class=\"source-inline-chip-container ng-star-inserted\">\n<h4>Caracter\u00edsticas y beneficios clave<\/h4>\n<table>\n<thead>\n<tr>\n<td><strong>Caracter\u00edstica<\/strong><\/td>\n<td><strong>Especificaci\u00f3n \/ Beneficio<\/strong><\/td>\n<\/tr>\n<\/thead>\n<tbody>\n<tr>\n<td><b>Campo de visi\u00f3n (FOV)<\/b><\/td>\n<td><b>Ultra ancho 90\u00b0 vertical<\/b> (<span class=\"math-inline\" data-math=\"\\pm 45^\\circ\">+-45\u00ba<\/span>) y <b><span class=\"math-inline\" data-math=\"360^\\circ\">360\u00ba<\/span>\u00a0Horizontal<\/b> Para una percepci\u00f3n superior de campo cercano, viendo desde el piso hasta el techo o por encima de objetos como bordillos y paletas.<\/td>\n<\/tr>\n<tr>\n<td><b>Resoluci\u00f3n vertical<\/b><\/td>\n<td><b>64 canales<\/b> (capas) para datos de nubes de puntos densos y de alta resoluci\u00f3n.<\/td>\n<\/tr>\n<tr>\n<td><b>Rendimiento de rango<\/b><\/td>\n<td>Arriba a <b><span class=\"math-inline\" data-math=\"100\\text{ m}\">100 metros<\/span><\/b> Alcance m\u00e1ximo. Ve m\u00e1s de <b><span class=\"math-inline\" data-math=\"35\\text{ m}\">35 metros<\/span><\/b> en una baja reflectividad <b><span class=\"math-inline\" data-math=\"10\\%\">10% <\/span>objetivo<\/b> (una mejora significativa respecto a Rev6).<\/td>\n<\/tr>\n<tr>\n<td><b>Precisi\u00f3n y exactitud<\/b><\/td>\n<td>Precisi\u00f3n mejorada, que generalmente oscila entre +-<span class=\"math-inline\" data-math=\"\\pm 0.5\\text{ cm}\"> 0,5 cent\u00edmetros<\/span> a +-<span class=\"math-inline\" data-math=\"\\pm 5\\text{ cm}\"> 5 cent\u00edmetros<\/span>.<\/td>\n<\/tr>\n<tr>\n<td><b>Velocidad de datos<\/b><\/td>\n<td>Salidas hasta <b><span class=\"math-inline\" data-math=\"2,621,440\">2,621,440<\/span>\u00a0puntos por segundo<\/b> (arriba a <span class=\"math-inline\" data-math=\"5.2\">5.2<\/span>\u00a0millones para la familia OS0) con resoluciones horizontales configurables (512, 1024 o 2048).<\/td>\n<\/tr>\n<tr>\n<td><b>Tecnolog\u00eda Lidar<\/b><\/td>\n<td><b>Lidar digital<\/b> utilizando la propiedad de Ouster <b>Chip L3<\/b> (con iluminaci\u00f3n trasera) para <b><span class=\"math-inline\" data-math=\"10\\times\">10x<\/span> aumento de la sensibilidad a los fotones<\/b>, detecci\u00f3n de objetos mejorada y datos claros bajo luz solar intensa.<\/td>\n<\/tr>\n<tr>\n<td><b>Durabilidad<\/b><\/td>\n<td><b>Compacto y resistente<\/b> dise\u00f1o con <b>IP68\/IP69K<\/b> protecci\u00f3n de entrada y mayor resistencia a golpes y vibraciones, construido con aproximadamente <span class=\"math-inline\" data-math=\"95\\%\">95%<\/span>\u00a0Componentes de grado automotriz. Rango de temperatura de funcionamiento de <b><span class=\"math-inline\" data-math=\"-40^\\circ \\text{C}\">-40\u00baC<\/span> a <span class=\"math-inline\" data-math=\"+70^\\circ \\text{C}\">+70\u00baC<\/span><\/b>.<\/td>\n<\/tr>\n<tr>\n<td><b>Conectividad<\/b><\/td>\n<td>Soportes <b>Gigabit Ethernet (GigE)<\/b> y la opci\u00f3n para <b>Ethernet automotriz 1000BASE-T1<\/b> para una integraci\u00f3n perfecta del sistema.<\/td>\n<\/tr>\n<tr>\n<td><b>Datos adicionales<\/b><\/td>\n<td>Proporciona <b>modo de retorno dual<\/b> para una mejor clasificaci\u00f3n de objetos, <b>reflectividad calibrada<\/b>, y <b>infrarrojo cercano de calidad de c\u00e1mara<\/b> y datos de se\u00f1al.<\/td>\n<\/tr>\n<\/tbody>\n<\/table>\n<\/div>\n<\/div>\n<h4>Aplicaciones<\/h4>\n<p><span class=\"citation-244 citation-end-244\">El campo de visi\u00f3n ultra amplio y la precisi\u00f3n de corto alcance del OS0-64 Rev7 lo hacen particularmente potente para aplicaciones donde los detalles de corto alcance y la amplia cobertura vertical son fundamentales:<\/span><\/p>\n<ul>\n<li><b><span class=\"citation-243\">Robots m\u00f3viles aut\u00f3nomos (AMR) y log\u00edstica:<\/span><\/b><span class=\"citation-243 citation-end-243\"> Cobertura de piso a techo en almacenes, navegaci\u00f3n y evitaci\u00f3n de obst\u00e1culos en espacios interiores y exteriores abarrotados.<\/span><\/li>\n<li><b>Veh\u00edculos aut\u00f3nomos y ADAS:<\/b><span class=\"citation-242 citation-end-242\"> Percepci\u00f3n cercana al veh\u00edculo para maniobras a baja velocidad, asistencia de estacionamiento e identificaci\u00f3n de obst\u00e1culos peque\u00f1os, bajos o elevados.<\/span><\/li>\n<li><b><span class=\"citation-241\">Automatizaci\u00f3n industrial:<\/span><\/b><span class=\"citation-241 citation-end-241\"> Guiado, seguridad y monitorizaci\u00f3n de m\u00e1quinas en entornos exigentes de f\u00e1brica o al aire libre.<\/span><\/li>\n<li><b>Cartograf\u00eda y topograf\u00eda:<\/b><span class=\"citation-240 citation-end-240\"> Generaci\u00f3n de mapas 3D densos y precisos de entornos locales.<\/span><\/li>\n<\/ul>","protected":false},"excerpt":{"rendered":"<p><span class=\"citation-247\">El <\/span><b><span class=\"citation-247\">Ouster OS0-64 Rev7<\/span><\/b><span class=\"citation-247\"> Es un modelo compacto y de alto rendimiento. <\/span><b><span class=\"citation-247\">sensor lidar digital<\/span><\/b><span class=\"citation-247\"> Dise\u00f1ado espec\u00edficamente para aplicaciones que requieren <\/span><b><span class=\"citation-247\">campo de visi\u00f3n ultra amplio<\/span><\/b><span class=\"citation-247 citation-end-247\"> Percepci\u00f3n y precisi\u00f3n de corto a medio alcance.<\/span> <span class=\"citation-246\">Desarrollado con la tecnolog\u00eda avanzada de Ouster <\/span><b><span class=\"citation-246\">Chip lidar digital L3<\/span><\/b><span class=\"citation-246 citation-end-246\">El OS0-64 Rev7 ofrece un salto significativo en rendimiento, confiabilidad y calidad de datos en comparaci\u00f3n con las generaciones anteriores.<\/span><\/p>","protected":false},"featured_media":21979,"comment_status":"open","ping_status":"closed","template":"","meta":[],"product_brand":[1140],"product_cat":[1139,1037,1040],"product_tag":[1142,1141],"class_list":{"0":"post-21986","1":"product","2":"type-product","3":"status-publish","4":"has-post-thumbnail","6":"product_brand-ouster","7":"product_cat-ouster-lidars","8":"product_cat-robotics","9":"product_cat-sensors-robotics","10":"product_tag-ouster-dome-lidar","11":"product_tag-ouster-lidars","13":"first","14":"onbackorder","15":"taxable","16":"shipping-taxable","17":"purchasable","18":"product-type-simple"},"yoast_head":"<!-- This site is optimized with the Yoast SEO plugin v27.4 - https:\/\/yoast.com\/product\/yoast-seo-wordpress\/ -->\n<title>Ouster OS0-64 Rev7 - Ghostysky<\/title>\n<meta name=\"description\" content=\"The Ouster OS0-64 Rev7 is a compact, high-performance digital lidar sensor specifically engineered for applications requiring ultra-wide field-of-view perception and short to mid-range accuracy. Powered by Ouster&#039;s advanced L3 digital lidar chip, the OS0-64 Rev7 delivers a significant leap in performance, reliability, and data quality compared to previous generations.\" \/>\n<meta name=\"robots\" content=\"index, follow, max-snippet:-1, max-image-preview:large, max-video-preview:-1\" \/>\n<link rel=\"canonical\" href=\"https:\/\/www.ghostysky.com\/es\/producto-2\/ouster-os0-64-rev7\/\" \/>\n<meta property=\"og:locale\" content=\"es_ES\" \/>\n<meta property=\"og:type\" content=\"article\" \/>\n<meta property=\"og:title\" content=\"Ouster OS0-64 Rev7 - Ghostysky\" \/>\n<meta property=\"og:description\" content=\"The Ouster OS0-64 Rev7 is a compact, high-performance digital lidar sensor specifically engineered for applications requiring ultra-wide field-of-view perception and short to mid-range accuracy. Powered by Ouster&#039;s advanced L3 digital lidar chip, the OS0-64 Rev7 delivers a significant leap in performance, reliability, and data quality compared to previous generations.\" \/>\n<meta property=\"og:url\" content=\"https:\/\/www.ghostysky.com\/es\/producto-2\/ouster-os0-64-rev7\/\" \/>\n<meta property=\"og:site_name\" content=\"Ghostysky\" \/>\n<meta property=\"article:publisher\" content=\"https:\/\/www.facebook.com\/people\/Ghostysky\/100057676170234\/\" \/>\n<meta property=\"article:modified_time\" content=\"2026-02-24T14:03:52+00:00\" \/>\n<meta property=\"og:image\" content=\"https:\/\/www.ghostysky.com\/wp-content\/uploads\/2025\/10\/GH_Ouster-Ouster-OS0-32-Rev7_1.png\" \/>\n\t<meta property=\"og:image:width\" content=\"800\" \/>\n\t<meta property=\"og:image:height\" content=\"800\" \/>\n\t<meta property=\"og:image:type\" content=\"image\/png\" \/>\n<meta name=\"twitter:card\" content=\"summary_large_image\" \/>\n<meta name=\"twitter:site\" content=\"@Gh0stysky\" \/>\n<meta name=\"twitter:label1\" content=\"Tiempo de lectura\" \/>\n\t<meta name=\"twitter:data1\" content=\"2 minutos\" \/>\n<script type=\"application\/ld+json\" class=\"yoast-schema-graph\">{\"@context\":\"https:\\\/\\\/schema.org\",\"@graph\":[{\"@type\":\"WebPage\",\"@id\":\"https:\\\/\\\/www.ghostysky.com\\\/product\\\/ouster-os0-64-rev7\\\/\",\"url\":\"https:\\\/\\\/www.ghostysky.com\\\/product\\\/ouster-os0-64-rev7\\\/\",\"name\":\"Ouster OS0-64 Rev7 - Ghostysky\",\"isPartOf\":{\"@id\":\"https:\\\/\\\/www.ghostysky.com\\\/#website\"},\"primaryImageOfPage\":{\"@id\":\"https:\\\/\\\/www.ghostysky.com\\\/product\\\/ouster-os0-64-rev7\\\/#primaryimage\"},\"image\":{\"@id\":\"https:\\\/\\\/www.ghostysky.com\\\/product\\\/ouster-os0-64-rev7\\\/#primaryimage\"},\"thumbnailUrl\":\"https:\\\/\\\/www.ghostysky.com\\\/wp-content\\\/uploads\\\/2025\\\/10\\\/GH_Ouster-Ouster-OS0-32-Rev7_1.png\",\"datePublished\":\"2025-10-19T09:26:36+00:00\",\"dateModified\":\"2026-02-24T14:03:52+00:00\",\"description\":\"The Ouster OS0-64 Rev7 is a compact, high-performance digital lidar sensor specifically engineered for applications requiring ultra-wide field-of-view perception and short to mid-range accuracy. Powered by Ouster's advanced L3 digital lidar chip, the OS0-64 Rev7 delivers a significant leap in performance, reliability, and data quality compared to previous generations.\",\"breadcrumb\":{\"@id\":\"https:\\\/\\\/www.ghostysky.com\\\/product\\\/ouster-os0-64-rev7\\\/#breadcrumb\"},\"inLanguage\":\"es\",\"potentialAction\":[{\"@type\":\"ReadAction\",\"target\":[\"https:\\\/\\\/www.ghostysky.com\\\/product\\\/ouster-os0-64-rev7\\\/\"]}]},{\"@type\":\"ImageObject\",\"inLanguage\":\"es\",\"@id\":\"https:\\\/\\\/www.ghostysky.com\\\/product\\\/ouster-os0-64-rev7\\\/#primaryimage\",\"url\":\"https:\\\/\\\/www.ghostysky.com\\\/wp-content\\\/uploads\\\/2025\\\/10\\\/GH_Ouster-Ouster-OS0-32-Rev7_1.png\",\"contentUrl\":\"https:\\\/\\\/www.ghostysky.com\\\/wp-content\\\/uploads\\\/2025\\\/10\\\/GH_Ouster-Ouster-OS0-32-Rev7_1.png\",\"width\":800,\"height\":800},{\"@type\":\"BreadcrumbList\",\"@id\":\"https:\\\/\\\/www.ghostysky.com\\\/product\\\/ouster-os0-64-rev7\\\/#breadcrumb\",\"itemListElement\":[{\"@type\":\"ListItem\",\"position\":1,\"name\":\"Home\",\"item\":\"https:\\\/\\\/www.ghostysky.com\\\/\"},{\"@type\":\"ListItem\",\"position\":2,\"name\":\"Shop\",\"item\":\"https:\\\/\\\/www.ghostysky.com\\\/shop\\\/\"},{\"@type\":\"ListItem\",\"position\":3,\"name\":\"Ouster OS0-64 Rev7\"}]},{\"@type\":\"WebSite\",\"@id\":\"https:\\\/\\\/www.ghostysky.com\\\/#website\",\"url\":\"https:\\\/\\\/www.ghostysky.com\\\/\",\"name\":\"Ghostysky\",\"description\":\"Delivering professional drones and robotics solutions\",\"publisher\":{\"@id\":\"https:\\\/\\\/www.ghostysky.com\\\/#organization\"},\"potentialAction\":[{\"@type\":\"SearchAction\",\"target\":{\"@type\":\"EntryPoint\",\"urlTemplate\":\"https:\\\/\\\/www.ghostysky.com\\\/?s={search_term_string}\"},\"query-input\":{\"@type\":\"PropertyValueSpecification\",\"valueRequired\":true,\"valueName\":\"search_term_string\"}}],\"inLanguage\":\"es\"},{\"@type\":\"Organization\",\"@id\":\"https:\\\/\\\/www.ghostysky.com\\\/#organization\",\"name\":\"Ghostysky\",\"url\":\"https:\\\/\\\/www.ghostysky.com\\\/\",\"logo\":{\"@type\":\"ImageObject\",\"inLanguage\":\"es\",\"@id\":\"https:\\\/\\\/www.ghostysky.com\\\/#\\\/schema\\\/logo\\\/image\\\/\",\"url\":\"https:\\\/\\\/www.ghostysky.com\\\/wp-content\\\/uploads\\\/2020\\\/06\\\/cropped-ghostyskylogo_text_white2.png\",\"contentUrl\":\"https:\\\/\\\/www.ghostysky.com\\\/wp-content\\\/uploads\\\/2020\\\/06\\\/cropped-ghostyskylogo_text_white2.png\",\"width\":169,\"height\":56,\"caption\":\"Ghostysky\"},\"image\":{\"@id\":\"https:\\\/\\\/www.ghostysky.com\\\/#\\\/schema\\\/logo\\\/image\\\/\"},\"sameAs\":[\"https:\\\/\\\/www.facebook.com\\\/people\\\/Ghostysky\\\/100057676170234\\\/\",\"https:\\\/\\\/x.com\\\/Gh0stysky\",\"https:\\\/\\\/www.linkedin.com\\\/company\\\/34739653\",\"https:\\\/\\\/www.instagram.com\\\/gh0stysky\"]}]}<\/script>\n<!-- \/ Yoast SEO plugin. -->","yoast_head_json":{"title":"Expulsi\u00f3n OS0-64 Rev7 - Ghostysky","description":"El Ouster OS0-64 Rev7 es un sensor lidar digital compacto y de alto rendimiento, dise\u00f1ado espec\u00edficamente para aplicaciones que requieren un campo de visi\u00f3n ultra amplio y precisi\u00f3n de corto a medio alcance. Equipado con el avanzado chip lidar digital L3 de Ouster, el OS0-64 Rev7 ofrece un avance significativo en rendimiento, fiabilidad y calidad de datos en comparaci\u00f3n con generaciones anteriores.","robots":{"index":"index","follow":"follow","max-snippet":"max-snippet:-1","max-image-preview":"max-image-preview:large","max-video-preview":"max-video-preview:-1"},"canonical":"https:\/\/www.ghostysky.com\/es\/producto-2\/ouster-os0-64-rev7\/","og_locale":"es_ES","og_type":"article","og_title":"Ouster OS0-64 Rev7 - Ghostysky","og_description":"The Ouster OS0-64 Rev7 is a compact, high-performance digital lidar sensor specifically engineered for applications requiring ultra-wide field-of-view perception and short to mid-range accuracy. Powered by Ouster's advanced L3 digital lidar chip, the OS0-64 Rev7 delivers a significant leap in performance, reliability, and data quality compared to previous generations.","og_url":"https:\/\/www.ghostysky.com\/es\/producto-2\/ouster-os0-64-rev7\/","og_site_name":"Ghostysky","article_publisher":"https:\/\/www.facebook.com\/people\/Ghostysky\/100057676170234\/","article_modified_time":"2026-02-24T14:03:52+00:00","og_image":[{"width":800,"height":800,"url":"https:\/\/www.ghostysky.com\/wp-content\/uploads\/2025\/10\/GH_Ouster-Ouster-OS0-32-Rev7_1.png","type":"image\/png"}],"twitter_card":"summary_large_image","twitter_site":"@Gh0stysky","twitter_misc":{"Tiempo de lectura":"2 minutos"},"schema":{"@context":"https:\/\/schema.org","@graph":[{"@type":"WebPage","@id":"https:\/\/www.ghostysky.com\/product\/ouster-os0-64-rev7\/","url":"https:\/\/www.ghostysky.com\/product\/ouster-os0-64-rev7\/","name":"Expulsi\u00f3n OS0-64 Rev7 - Ghostysky","isPartOf":{"@id":"https:\/\/www.ghostysky.com\/#website"},"primaryImageOfPage":{"@id":"https:\/\/www.ghostysky.com\/product\/ouster-os0-64-rev7\/#primaryimage"},"image":{"@id":"https:\/\/www.ghostysky.com\/product\/ouster-os0-64-rev7\/#primaryimage"},"thumbnailUrl":"https:\/\/www.ghostysky.com\/wp-content\/uploads\/2025\/10\/GH_Ouster-Ouster-OS0-32-Rev7_1.png","datePublished":"2025-10-19T09:26:36+00:00","dateModified":"2026-02-24T14:03:52+00:00","description":"El Ouster OS0-64 Rev7 es un sensor lidar digital compacto y de alto rendimiento, dise\u00f1ado espec\u00edficamente para aplicaciones que requieren un campo de visi\u00f3n ultra amplio y precisi\u00f3n de corto a medio alcance. Equipado con el avanzado chip lidar digital L3 de Ouster, el OS0-64 Rev7 ofrece un avance significativo en rendimiento, fiabilidad y calidad de datos en comparaci\u00f3n con generaciones anteriores.","breadcrumb":{"@id":"https:\/\/www.ghostysky.com\/product\/ouster-os0-64-rev7\/#breadcrumb"},"inLanguage":"es","potentialAction":[{"@type":"ReadAction","target":["https:\/\/www.ghostysky.com\/product\/ouster-os0-64-rev7\/"]}]},{"@type":"ImageObject","inLanguage":"es","@id":"https:\/\/www.ghostysky.com\/product\/ouster-os0-64-rev7\/#primaryimage","url":"https:\/\/www.ghostysky.com\/wp-content\/uploads\/2025\/10\/GH_Ouster-Ouster-OS0-32-Rev7_1.png","contentUrl":"https:\/\/www.ghostysky.com\/wp-content\/uploads\/2025\/10\/GH_Ouster-Ouster-OS0-32-Rev7_1.png","width":800,"height":800},{"@type":"BreadcrumbList","@id":"https:\/\/www.ghostysky.com\/product\/ouster-os0-64-rev7\/#breadcrumb","itemListElement":[{"@type":"ListItem","position":1,"name":"Home","item":"https:\/\/www.ghostysky.com\/"},{"@type":"ListItem","position":2,"name":"Shop","item":"https:\/\/www.ghostysky.com\/shop\/"},{"@type":"ListItem","position":3,"name":"Ouster OS0-64 Rev7"}]},{"@type":"WebSite","@id":"https:\/\/www.ghostysky.com\/#website","url":"https:\/\/www.ghostysky.com\/","name":"Ghostysky","description":"Ofrecemos soluciones profesionales de drones y rob\u00f3tica.","publisher":{"@id":"https:\/\/www.ghostysky.com\/#organization"},"potentialAction":[{"@type":"SearchAction","target":{"@type":"EntryPoint","urlTemplate":"https:\/\/www.ghostysky.com\/?s={search_term_string}"},"query-input":{"@type":"PropertyValueSpecification","valueRequired":true,"valueName":"search_term_string"}}],"inLanguage":"es"},{"@type":"Organization","@id":"https:\/\/www.ghostysky.com\/#organization","name":"Ghostysky","url":"https:\/\/www.ghostysky.com\/","logo":{"@type":"ImageObject","inLanguage":"es","@id":"https:\/\/www.ghostysky.com\/#\/schema\/logo\/image\/","url":"https:\/\/www.ghostysky.com\/wp-content\/uploads\/2020\/06\/cropped-ghostyskylogo_text_white2.png","contentUrl":"https:\/\/www.ghostysky.com\/wp-content\/uploads\/2020\/06\/cropped-ghostyskylogo_text_white2.png","width":169,"height":56,"caption":"Ghostysky"},"image":{"@id":"https:\/\/www.ghostysky.com\/#\/schema\/logo\/image\/"},"sameAs":["https:\/\/www.facebook.com\/people\/Ghostysky\/100057676170234\/","https:\/\/x.com\/Gh0stysky","https:\/\/www.linkedin.com\/company\/34739653","https:\/\/www.instagram.com\/gh0stysky"]}]}},"_links":{"self":[{"href":"https:\/\/www.ghostysky.com\/es\/wp-json\/wp\/v2\/product\/21986","targetHints":{"allow":["GET"]}}],"collection":[{"href":"https:\/\/www.ghostysky.com\/es\/wp-json\/wp\/v2\/product"}],"about":[{"href":"https:\/\/www.ghostysky.com\/es\/wp-json\/wp\/v2\/types\/product"}],"replies":[{"embeddable":true,"href":"https:\/\/www.ghostysky.com\/es\/wp-json\/wp\/v2\/comments?post=21986"}],"version-history":[{"count":1,"href":"https:\/\/www.ghostysky.com\/es\/wp-json\/wp\/v2\/product\/21986\/revisions"}],"predecessor-version":[{"id":24250,"href":"https:\/\/www.ghostysky.com\/es\/wp-json\/wp\/v2\/product\/21986\/revisions\/24250"}],"wp:featuredmedia":[{"embeddable":true,"href":"https:\/\/www.ghostysky.com\/es\/wp-json\/wp\/v2\/media\/21979"}],"wp:attachment":[{"href":"https:\/\/www.ghostysky.com\/es\/wp-json\/wp\/v2\/media?parent=21986"}],"wp:term":[{"taxonomy":"product_brand","embeddable":true,"href":"https:\/\/www.ghostysky.com\/es\/wp-json\/wp\/v2\/product_brand?post=21986"},{"taxonomy":"product_cat","embeddable":true,"href":"https:\/\/www.ghostysky.com\/es\/wp-json\/wp\/v2\/product_cat?post=21986"},{"taxonomy":"product_tag","embeddable":true,"href":"https:\/\/www.ghostysky.com\/es\/wp-json\/wp\/v2\/product_tag?post=21986"}],"curies":[{"name":"wp","href":"https:\/\/api.w.org\/{rel}","templated":true}]}}