{"id":21989,"date":"2025-10-19T09:33:34","date_gmt":"2025-10-19T09:33:34","guid":{"rendered":"https:\/\/www.ghostysky.com\/?post_type=product&#038;p=21989"},"modified":"2026-02-24T13:38:59","modified_gmt":"2026-02-24T13:38:59","slug":"21989","status":"publish","type":"product","link":"https:\/\/www.ghostysky.com\/es\/product\/21989\/","title":{"rendered":"Ouster OS0-128 Rev7"},"content":{"rendered":"<div id=\"model-response-message-contentr_8cade3a3a392d67c\" class=\"markdown markdown-main-panel stronger enable-updated-hr-color\" dir=\"ltr\">\n<h4>Caracter\u00edsticas y especificaciones clave<\/h4>\n<table>\n<thead>\n<tr>\n<td><strong>Caracter\u00edstica<\/strong><\/td>\n<td><strong>Especificaci\u00f3n (OS0-128 Rev7)<\/strong><\/td>\n<td><strong>Beneficio<\/strong><\/td>\n<\/tr>\n<\/thead>\n<tbody>\n<tr>\n<td><b>Resoluci\u00f3n vertical<\/b><\/td>\n<td>128 canales (capas)<\/td>\n<td>Ofrece nubes de puntos 3D excepcionalmente densas y detalladas.<\/td>\n<\/tr>\n<tr>\n<td><b>Campo de visi\u00f3n vertical (VFOV)<\/b><\/td>\n<td><span class=\"math-inline\" data-math=\"90^\\circ\">90\u00ba <\/span>(<span class=\"math-inline\" data-math=\"\\pm 45^\\circ\">+-45\u00ba<\/span>)<\/td>\n<td>Vista vertical ultra amplia para ver el suelo, el piso hasta el techo o obst\u00e1culos elevados.<\/td>\n<\/tr>\n<tr>\n<td><b>Campo de visi\u00f3n horizontal (HFOV)<\/b><\/td>\n<td><span class=\"math-inline\" data-math=\"360^\\circ\">360\u00ba<\/span><\/td>\n<td>Proporciona una visi\u00f3n envolvente completa y perfecta.<\/td>\n<\/tr>\n<tr>\n<td><b>Puntos m\u00e1ximos por segundo<\/b><\/td>\n<td>Hasta 5,2 millones<\/td>\n<td>Alta salida de datos para una percepci\u00f3n de alta fidelidad en tiempo real.<\/td>\n<\/tr>\n<tr>\n<td><b>Alcance m\u00e1ximo<\/b><\/td>\n<td>Hasta 100 metros<\/td>\n<td>Largo alcance para un sensor de corto alcance, lo que proporciona un amplio margen para casos de uso de alta velocidad.<\/td>\n<\/tr>\n<tr>\n<td><b>Rango (Reflectividad 10%)<\/b><\/td>\n<td>Hasta 35 metros<\/td>\n<td>Excelente rendimiento en objetos de baja reflectividad (oscuros), incluso bajo luz solar intensa.<\/td>\n<\/tr>\n<tr>\n<td><b>Devoluciones<\/b><\/td>\n<td>Doble retorno<\/td>\n<td>Mayor visibilidad a trav\u00e9s de elementos que oscurecen la vista, como polvo y niebla.<\/td>\n<\/tr>\n<tr>\n<td><b>Robustez<\/b><\/td>\n<td>Protecci\u00f3n de entrada IP68 \/ IP69K<\/td>\n<td>Dise\u00f1ado para soportar entornos extremos, agua, polvo y lavado a alta presi\u00f3n.<\/td>\n<\/tr>\n<tr>\n<td><b>Consumo de energ\u00eda<\/b><\/td>\n<td>Bajo (14 \u2013 20 W t\u00edpico)<\/td>\n<td>Eficiencia energ\u00e9tica para plataformas alimentadas por bater\u00eda o aut\u00f3nomas m\u00e1s peque\u00f1as.<\/td>\n<\/tr>\n<\/tbody>\n<\/table>\n<p>&nbsp;<\/p>\n<h4>Tecnolog\u00eda Lidar Digital Avanzada<\/h4>\n<p><span class=\"citation-265\">El OS0-128 Rev7 aprovecha la tecnolog\u00eda patentada de Ouster <\/span><b><span class=\"citation-265\">Chip L3<\/span><\/b><span class=\"citation-265 citation-end-265\">, que est\u00e1 construido sobre una arquitectura personalizada con iluminaci\u00f3n posterior (BSI).<sup class=\"superscript\" data-turn-source-index=\"3\">3<\/sup><\/span> Esta tecnolog\u00eda mejora significativamente el rendimiento al ofrecer:<\/p>\n<ul>\n<li><b>Aumento de 10x en la sensibilidad a los fotones:<\/b><span class=\"citation-264 citation-end-264\"> Esto conduce a capacidades de detecci\u00f3n superiores, especialmente en objetos oscuros y desafiantes, como neum\u00e1ticos o autom\u00f3viles negros.<\/span><\/li>\n<li><b><span class=\"citation-263\">50% Mejora en la precisi\u00f3n:<\/span><\/b><span class=\"citation-263 citation-end-263\"> Para mediciones de distancia m\u00e1s precisas y una mejor clasificaci\u00f3n de objetos.<\/span><\/li>\n<li><b><span class=\"citation-262\">Datos de calidad de c\u00e1mara:<\/span><\/b><span class=\"citation-262\"> Adem\u00e1s de los datos de la nube de puntos 3D (rango, posici\u00f3n), el sensor captura <\/span><b><span class=\"citation-262\">reflectividad calibrada<\/span><\/b><span class=\"citation-262\"> y <\/span><b><span class=\"citation-262\">infrarrojo cercano (NIR)<\/span><\/b><span class=\"citation-262 citation-end-262\"> datos, difuminando la l\u00ednea entre un Lidar y una c\u00e1mara para una percepci\u00f3n ambiental m\u00e1s rica.<\/span><\/li>\n<li><b>Procesamiento en el sensor:<\/b> Nuevas caracter\u00edsticas de firmware como <b>Monitoreo de zonas 3D<\/b> permitir que el sensor detecte objetos dentro de zonas 3D predefinidas y active alertas, simplificando los sistemas de prevenci\u00f3n de colisiones y descargando el c\u00e1lculo de la plataforma host.<\/li>\n<\/ul>\n<h4>Aplicaciones ideales<\/h4>\n<p>El campo de visi\u00f3n ultra amplio y el enfoque de corto alcance del OS0-128 Rev7 lo convierten en la soluci\u00f3n ideal para la percepci\u00f3n de corto alcance, que incluye:<\/p>\n<ul>\n<li><b><span class=\"citation-261\">Rob\u00f3tica y robots m\u00f3viles aut\u00f3nomos (AMR):<\/span><\/b><span class=\"citation-261 citation-end-261\"> Proporciona cobertura de piso a techo para una navegaci\u00f3n segura en espacios interiores y exteriores complejos, como almacenes y plantas de fabricaci\u00f3n.<\/span><\/li>\n<li><b>Veh\u00edculos aut\u00f3nomos (de corto alcance):<\/b><span class=\"citation-260 citation-end-260\"> Para detecci\u00f3n de obst\u00e1culos de campo cercano, estacionamiento y autonom\u00eda a baja velocidad.<\/span><\/li>\n<li><b><span class=\"citation-259\">Automatizaci\u00f3n industrial:<\/span><\/b><span class=\"citation-259 citation-end-259\"> Percepci\u00f3n de alta resoluci\u00f3n para log\u00edstica, manejo de materiales e infraestructura inteligente.<\/span><\/li>\n<li><b>Cartograf\u00eda y topograf\u00eda:<\/b><span class=\"citation-258 citation-end-258\"> Generaci\u00f3n de modelos 3D densos y precisos para mapeo detallado de corto alcance y en interiores.<\/span><\/li>\n<\/ul>\n<\/div>","protected":false},"excerpt":{"rendered":"<p><span class=\"citation-267\">El <\/span><b><span class=\"citation-267\">Ouster OS0-128 Rev7<\/span><\/b><span class=\"citation-267\"> es un campo de visi\u00f3n (FOV) ultra amplio y de alta resoluci\u00f3n <\/span><b><span class=\"citation-267\">Sensor lidar digital<\/span><\/b><span class=\"citation-267 citation-end-267\"> Dise\u00f1ado para aplicaciones exigentes de percepci\u00f3n de corto alcance y autonom\u00eda en rob\u00f3tica, automatizaci\u00f3n de almacenes y entornos industriales.<\/span><\/p>\n<p><span class=\"citation-266\">Es parte de la familia Rev7, impulsada por la tecnolog\u00eda avanzada de Ouster. <\/span><b><span class=\"citation-266\">Chip lidar digital L3<\/span><\/b><span class=\"citation-266 citation-end-266\">, que ofrece un alcance, una precisi\u00f3n y una confiabilidad significativamente mejorados en comparaci\u00f3n con las generaciones anteriores, al tiempo que mantiene un formato compacto y resistente.<\/span><\/p>","protected":false},"featured_media":21979,"comment_status":"open","ping_status":"closed","template":"","meta":[],"product_brand":[1140],"product_cat":[1139,1037,1040],"product_tag":[1142,1141],"class_list":{"0":"post-21989","1":"product","2":"type-product","3":"status-publish","4":"has-post-thumbnail","6":"product_brand-ouster","7":"product_cat-ouster-lidars","8":"product_cat-robotics","9":"product_cat-sensors-robotics","10":"product_tag-ouster-dome-lidar","11":"product_tag-ouster-lidars","13":"first","14":"onbackorder","15":"taxable","16":"shipping-taxable","17":"purchasable","18":"product-type-simple"},"yoast_head":"<!-- This site is optimized with the Yoast SEO plugin v27.4 - https:\/\/yoast.com\/product\/yoast-seo-wordpress\/ -->\n<title>Ouster OS0-128 Rev7 - Ghostysky<\/title>\n<meta name=\"description\" content=\"The Ouster OS0-128 Rev7 is a high-resolution, ultra-wide field-of-view (FOV) Digital Lidar Sensor designed for demanding short-range perception and autonomy applications in robotics, warehouse automation, and industrial environments.It&#039;s part of the Rev7 family, powered by Ouster&#039;s advanced L3 Digital Lidar Chip, which delivers significantly improved range, precision, and reliability over previous generations while maintaining a compact, rugged form factor.\" \/>\n<meta name=\"robots\" content=\"index, follow, max-snippet:-1, max-image-preview:large, max-video-preview:-1\" \/>\n<link rel=\"canonical\" href=\"https:\/\/www.ghostysky.com\/es\/producto-2\/21989\/\" \/>\n<meta property=\"og:locale\" content=\"es_ES\" \/>\n<meta property=\"og:type\" content=\"article\" \/>\n<meta property=\"og:title\" content=\"Ouster OS0-128 Rev7 - Ghostysky\" \/>\n<meta property=\"og:description\" content=\"The Ouster OS0-128 Rev7 is a high-resolution, ultra-wide field-of-view (FOV) Digital Lidar Sensor designed for demanding short-range perception and autonomy applications in robotics, warehouse automation, and industrial environments.It&#039;s part of the Rev7 family, powered by Ouster&#039;s advanced L3 Digital Lidar Chip, which delivers significantly improved range, precision, and reliability over previous generations while maintaining a compact, rugged form factor.\" \/>\n<meta property=\"og:url\" content=\"https:\/\/www.ghostysky.com\/es\/producto-2\/21989\/\" \/>\n<meta property=\"og:site_name\" content=\"Ghostysky\" \/>\n<meta property=\"article:publisher\" content=\"https:\/\/www.facebook.com\/people\/Ghostysky\/100057676170234\/\" \/>\n<meta property=\"article:modified_time\" content=\"2026-02-24T13:38:59+00:00\" \/>\n<meta property=\"og:image\" content=\"https:\/\/www.ghostysky.com\/wp-content\/uploads\/2025\/10\/GH_Ouster-Ouster-OS0-32-Rev7_1.png\" \/>\n\t<meta property=\"og:image:width\" content=\"800\" \/>\n\t<meta property=\"og:image:height\" content=\"800\" \/>\n\t<meta property=\"og:image:type\" content=\"image\/png\" \/>\n<meta name=\"twitter:card\" content=\"summary_large_image\" \/>\n<meta name=\"twitter:site\" content=\"@Gh0stysky\" \/>\n<meta name=\"twitter:label1\" content=\"Tiempo de lectura\" \/>\n\t<meta name=\"twitter:data1\" content=\"2 minutos\" \/>\n<script type=\"application\/ld+json\" class=\"yoast-schema-graph\">{\"@context\":\"https:\\\/\\\/schema.org\",\"@graph\":[{\"@type\":\"WebPage\",\"@id\":\"https:\\\/\\\/www.ghostysky.com\\\/product\\\/21989\\\/\",\"url\":\"https:\\\/\\\/www.ghostysky.com\\\/product\\\/21989\\\/\",\"name\":\"Ouster OS0-128 Rev7 - Ghostysky\",\"isPartOf\":{\"@id\":\"https:\\\/\\\/www.ghostysky.com\\\/#website\"},\"primaryImageOfPage\":{\"@id\":\"https:\\\/\\\/www.ghostysky.com\\\/product\\\/21989\\\/#primaryimage\"},\"image\":{\"@id\":\"https:\\\/\\\/www.ghostysky.com\\\/product\\\/21989\\\/#primaryimage\"},\"thumbnailUrl\":\"https:\\\/\\\/www.ghostysky.com\\\/wp-content\\\/uploads\\\/2025\\\/10\\\/GH_Ouster-Ouster-OS0-32-Rev7_1.png\",\"datePublished\":\"2025-10-19T09:33:34+00:00\",\"dateModified\":\"2026-02-24T13:38:59+00:00\",\"description\":\"The Ouster OS0-128 Rev7 is a high-resolution, ultra-wide field-of-view (FOV) Digital Lidar Sensor designed for demanding short-range perception and autonomy applications in robotics, warehouse automation, and industrial environments.It's part of the Rev7 family, powered by Ouster's advanced L3 Digital Lidar Chip, which delivers significantly improved range, precision, and reliability over previous generations while maintaining a compact, rugged form factor.\",\"breadcrumb\":{\"@id\":\"https:\\\/\\\/www.ghostysky.com\\\/product\\\/21989\\\/#breadcrumb\"},\"inLanguage\":\"es\",\"potentialAction\":[{\"@type\":\"ReadAction\",\"target\":[\"https:\\\/\\\/www.ghostysky.com\\\/product\\\/21989\\\/\"]}]},{\"@type\":\"ImageObject\",\"inLanguage\":\"es\",\"@id\":\"https:\\\/\\\/www.ghostysky.com\\\/product\\\/21989\\\/#primaryimage\",\"url\":\"https:\\\/\\\/www.ghostysky.com\\\/wp-content\\\/uploads\\\/2025\\\/10\\\/GH_Ouster-Ouster-OS0-32-Rev7_1.png\",\"contentUrl\":\"https:\\\/\\\/www.ghostysky.com\\\/wp-content\\\/uploads\\\/2025\\\/10\\\/GH_Ouster-Ouster-OS0-32-Rev7_1.png\",\"width\":800,\"height\":800},{\"@type\":\"BreadcrumbList\",\"@id\":\"https:\\\/\\\/www.ghostysky.com\\\/product\\\/21989\\\/#breadcrumb\",\"itemListElement\":[{\"@type\":\"ListItem\",\"position\":1,\"name\":\"Home\",\"item\":\"https:\\\/\\\/www.ghostysky.com\\\/\"},{\"@type\":\"ListItem\",\"position\":2,\"name\":\"Shop\",\"item\":\"https:\\\/\\\/www.ghostysky.com\\\/shop\\\/\"},{\"@type\":\"ListItem\",\"position\":3,\"name\":\"Ouster OS0-128 Rev7\"}]},{\"@type\":\"WebSite\",\"@id\":\"https:\\\/\\\/www.ghostysky.com\\\/#website\",\"url\":\"https:\\\/\\\/www.ghostysky.com\\\/\",\"name\":\"Ghostysky\",\"description\":\"Delivering professional drones and robotics solutions\",\"publisher\":{\"@id\":\"https:\\\/\\\/www.ghostysky.com\\\/#organization\"},\"potentialAction\":[{\"@type\":\"SearchAction\",\"target\":{\"@type\":\"EntryPoint\",\"urlTemplate\":\"https:\\\/\\\/www.ghostysky.com\\\/?s={search_term_string}\"},\"query-input\":{\"@type\":\"PropertyValueSpecification\",\"valueRequired\":true,\"valueName\":\"search_term_string\"}}],\"inLanguage\":\"es\"},{\"@type\":\"Organization\",\"@id\":\"https:\\\/\\\/www.ghostysky.com\\\/#organization\",\"name\":\"Ghostysky\",\"url\":\"https:\\\/\\\/www.ghostysky.com\\\/\",\"logo\":{\"@type\":\"ImageObject\",\"inLanguage\":\"es\",\"@id\":\"https:\\\/\\\/www.ghostysky.com\\\/#\\\/schema\\\/logo\\\/image\\\/\",\"url\":\"https:\\\/\\\/www.ghostysky.com\\\/wp-content\\\/uploads\\\/2020\\\/06\\\/cropped-ghostyskylogo_text_white2.png\",\"contentUrl\":\"https:\\\/\\\/www.ghostysky.com\\\/wp-content\\\/uploads\\\/2020\\\/06\\\/cropped-ghostyskylogo_text_white2.png\",\"width\":169,\"height\":56,\"caption\":\"Ghostysky\"},\"image\":{\"@id\":\"https:\\\/\\\/www.ghostysky.com\\\/#\\\/schema\\\/logo\\\/image\\\/\"},\"sameAs\":[\"https:\\\/\\\/www.facebook.com\\\/people\\\/Ghostysky\\\/100057676170234\\\/\",\"https:\\\/\\\/x.com\\\/Gh0stysky\",\"https:\\\/\\\/www.linkedin.com\\\/company\\\/34739653\",\"https:\\\/\\\/www.instagram.com\\\/gh0stysky\"]}]}<\/script>\n<!-- \/ Yoast SEO plugin. -->","yoast_head_json":{"title":"Expulsi\u00f3n OS0-128 Rev7 - Ghostysky","description":"El Ouster OS0-128 Rev7 es un sensor lidar digital de campo de visi\u00f3n (FOV) ultra amplio y alta resoluci\u00f3n dise\u00f1ado para aplicaciones exigentes de percepci\u00f3n de corto alcance y autonom\u00eda en rob\u00f3tica, automatizaci\u00f3n de almacenes y entornos industriales. Es parte de la familia Rev7, impulsada por el chip lidar digital L3 avanzado de Ouster, que ofrece alcance, precisi\u00f3n y confiabilidad significativamente mejorados en comparaci\u00f3n con las generaciones anteriores al tiempo que mantiene un factor de forma compacto y resistente.","robots":{"index":"index","follow":"follow","max-snippet":"max-snippet:-1","max-image-preview":"max-image-preview:large","max-video-preview":"max-video-preview:-1"},"canonical":"https:\/\/www.ghostysky.com\/es\/producto-2\/21989\/","og_locale":"es_ES","og_type":"article","og_title":"Ouster OS0-128 Rev7 - Ghostysky","og_description":"The Ouster OS0-128 Rev7 is a high-resolution, ultra-wide field-of-view (FOV) Digital Lidar Sensor designed for demanding short-range perception and autonomy applications in robotics, warehouse automation, and industrial environments.It's part of the Rev7 family, powered by Ouster's advanced L3 Digital Lidar Chip, which delivers significantly improved range, precision, and reliability over previous generations while maintaining a compact, rugged form factor.","og_url":"https:\/\/www.ghostysky.com\/es\/producto-2\/21989\/","og_site_name":"Ghostysky","article_publisher":"https:\/\/www.facebook.com\/people\/Ghostysky\/100057676170234\/","article_modified_time":"2026-02-24T13:38:59+00:00","og_image":[{"width":800,"height":800,"url":"https:\/\/www.ghostysky.com\/wp-content\/uploads\/2025\/10\/GH_Ouster-Ouster-OS0-32-Rev7_1.png","type":"image\/png"}],"twitter_card":"summary_large_image","twitter_site":"@Gh0stysky","twitter_misc":{"Tiempo de lectura":"2 minutos"},"schema":{"@context":"https:\/\/schema.org","@graph":[{"@type":"WebPage","@id":"https:\/\/www.ghostysky.com\/product\/21989\/","url":"https:\/\/www.ghostysky.com\/product\/21989\/","name":"Expulsi\u00f3n OS0-128 Rev7 - Ghostysky","isPartOf":{"@id":"https:\/\/www.ghostysky.com\/#website"},"primaryImageOfPage":{"@id":"https:\/\/www.ghostysky.com\/product\/21989\/#primaryimage"},"image":{"@id":"https:\/\/www.ghostysky.com\/product\/21989\/#primaryimage"},"thumbnailUrl":"https:\/\/www.ghostysky.com\/wp-content\/uploads\/2025\/10\/GH_Ouster-Ouster-OS0-32-Rev7_1.png","datePublished":"2025-10-19T09:33:34+00:00","dateModified":"2026-02-24T13:38:59+00:00","description":"El Ouster OS0-128 Rev7 es un sensor lidar digital de campo de visi\u00f3n (FOV) ultra amplio y alta resoluci\u00f3n dise\u00f1ado para aplicaciones exigentes de percepci\u00f3n de corto alcance y autonom\u00eda en rob\u00f3tica, automatizaci\u00f3n de almacenes y entornos industriales. Es parte de la familia Rev7, impulsada por el chip lidar digital L3 avanzado de Ouster, que ofrece alcance, precisi\u00f3n y confiabilidad significativamente mejorados en comparaci\u00f3n con las generaciones anteriores al tiempo que mantiene un factor de forma compacto y resistente.","breadcrumb":{"@id":"https:\/\/www.ghostysky.com\/product\/21989\/#breadcrumb"},"inLanguage":"es","potentialAction":[{"@type":"ReadAction","target":["https:\/\/www.ghostysky.com\/product\/21989\/"]}]},{"@type":"ImageObject","inLanguage":"es","@id":"https:\/\/www.ghostysky.com\/product\/21989\/#primaryimage","url":"https:\/\/www.ghostysky.com\/wp-content\/uploads\/2025\/10\/GH_Ouster-Ouster-OS0-32-Rev7_1.png","contentUrl":"https:\/\/www.ghostysky.com\/wp-content\/uploads\/2025\/10\/GH_Ouster-Ouster-OS0-32-Rev7_1.png","width":800,"height":800},{"@type":"BreadcrumbList","@id":"https:\/\/www.ghostysky.com\/product\/21989\/#breadcrumb","itemListElement":[{"@type":"ListItem","position":1,"name":"Home","item":"https:\/\/www.ghostysky.com\/"},{"@type":"ListItem","position":2,"name":"Shop","item":"https:\/\/www.ghostysky.com\/shop\/"},{"@type":"ListItem","position":3,"name":"Ouster OS0-128 Rev7"}]},{"@type":"WebSite","@id":"https:\/\/www.ghostysky.com\/#website","url":"https:\/\/www.ghostysky.com\/","name":"Ghostysky","description":"Ofrecemos soluciones profesionales de drones y rob\u00f3tica.","publisher":{"@id":"https:\/\/www.ghostysky.com\/#organization"},"potentialAction":[{"@type":"SearchAction","target":{"@type":"EntryPoint","urlTemplate":"https:\/\/www.ghostysky.com\/?s={search_term_string}"},"query-input":{"@type":"PropertyValueSpecification","valueRequired":true,"valueName":"search_term_string"}}],"inLanguage":"es"},{"@type":"Organization","@id":"https:\/\/www.ghostysky.com\/#organization","name":"Ghostysky","url":"https:\/\/www.ghostysky.com\/","logo":{"@type":"ImageObject","inLanguage":"es","@id":"https:\/\/www.ghostysky.com\/#\/schema\/logo\/image\/","url":"https:\/\/www.ghostysky.com\/wp-content\/uploads\/2020\/06\/cropped-ghostyskylogo_text_white2.png","contentUrl":"https:\/\/www.ghostysky.com\/wp-content\/uploads\/2020\/06\/cropped-ghostyskylogo_text_white2.png","width":169,"height":56,"caption":"Ghostysky"},"image":{"@id":"https:\/\/www.ghostysky.com\/#\/schema\/logo\/image\/"},"sameAs":["https:\/\/www.facebook.com\/people\/Ghostysky\/100057676170234\/","https:\/\/x.com\/Gh0stysky","https:\/\/www.linkedin.com\/company\/34739653","https:\/\/www.instagram.com\/gh0stysky"]}]}},"_links":{"self":[{"href":"https:\/\/www.ghostysky.com\/es\/wp-json\/wp\/v2\/product\/21989","targetHints":{"allow":["GET"]}}],"collection":[{"href":"https:\/\/www.ghostysky.com\/es\/wp-json\/wp\/v2\/product"}],"about":[{"href":"https:\/\/www.ghostysky.com\/es\/wp-json\/wp\/v2\/types\/product"}],"replies":[{"embeddable":true,"href":"https:\/\/www.ghostysky.com\/es\/wp-json\/wp\/v2\/comments?post=21989"}],"version-history":[{"count":1,"href":"https:\/\/www.ghostysky.com\/es\/wp-json\/wp\/v2\/product\/21989\/revisions"}],"predecessor-version":[{"id":24251,"href":"https:\/\/www.ghostysky.com\/es\/wp-json\/wp\/v2\/product\/21989\/revisions\/24251"}],"wp:featuredmedia":[{"embeddable":true,"href":"https:\/\/www.ghostysky.com\/es\/wp-json\/wp\/v2\/media\/21979"}],"wp:attachment":[{"href":"https:\/\/www.ghostysky.com\/es\/wp-json\/wp\/v2\/media?parent=21989"}],"wp:term":[{"taxonomy":"product_brand","embeddable":true,"href":"https:\/\/www.ghostysky.com\/es\/wp-json\/wp\/v2\/product_brand?post=21989"},{"taxonomy":"product_cat","embeddable":true,"href":"https:\/\/www.ghostysky.com\/es\/wp-json\/wp\/v2\/product_cat?post=21989"},{"taxonomy":"product_tag","embeddable":true,"href":"https:\/\/www.ghostysky.com\/es\/wp-json\/wp\/v2\/product_tag?post=21989"}],"curies":[{"name":"wp","href":"https:\/\/api.w.org\/{rel}","templated":true}]}}