{"id":22005,"date":"2025-10-19T10:03:15","date_gmt":"2025-10-19T10:03:15","guid":{"rendered":"https:\/\/www.ghostysky.com\/?post_type=product&#038;p=22005"},"modified":"2025-10-19T10:05:28","modified_gmt":"2025-10-19T10:05:28","slug":"ouster-os1-128-rev7","status":"publish","type":"product","link":"https:\/\/www.ghostysky.com\/es\/product\/ouster-os1-128-rev7\/","title":{"rendered":"Ouster OS1-128 Rev7"},"content":{"rendered":"<div id=\"model-response-message-contentr_8cade3a3a392d67c\" class=\"markdown markdown-main-panel stronger enable-updated-hr-color\" dir=\"ltr\">\n<div id=\"model-response-message-contentr_13f1f7e95ab2a8ec\" class=\"markdown markdown-main-panel stronger enable-updated-hr-color\" dir=\"ltr\">\n<p><b>Caracter\u00edsticas principales del OS1-128 Rev7:<\/b><\/p>\n<ul>\n<li><b><span class=\"citation-370\">Resoluci\u00f3n ultraalta:<\/span><\/b><span class=\"citation-370\"> Caracter\u00edsticas <\/span><b><span class=\"citation-370\">128 canales<\/span><\/b><span class=\"citation-370\"> de resoluci\u00f3n vertical, lo que proporciona nubes de puntos ultradensas y limpias con hasta <\/span><b><span class=\"citation-370\">5,2 millones de puntos por segundo<\/span><\/b><span class=\"citation-370 citation-end-370\">.<\/span> <span class=\"citation-369 citation-end-369\">Este nivel de detalle es fundamental para la detecci\u00f3n precisa de objetos, su localizaci\u00f3n y el modelado ambiental.<\/span><\/li>\n<li><b>Rendimiento mejorado de gama media:<\/b><span class=\"citation-368 citation-end-368\"> El Rev7, gracias al chip L3, ofrece una autonom\u00eda significativamente mejorada.<\/span> <span class=\"citation-367\">Se puede ver una <\/span><b><span class=\"citation-367\">Objetivo reflectante 10% hasta 90 metros<\/span><\/b><span class=\"citation-367\"> y tiene un rango representable m\u00e1ximo de m\u00e1s de <\/span><b><span class=\"citation-367\">200 metros<\/span><\/b><span class=\"citation-367 citation-end-367\">.<\/span><\/li>\n<li><b><span class=\"citation-366\">Amplio campo de visi\u00f3n (FoV):<\/span><\/b><span class=\"citation-366\"> Proporciona una <\/span><b><span class=\"citation-366\">360\u00b0 horizontales<\/span><\/b><span class=\"citation-366\"> campo de visi\u00f3n y una <\/span><b><span class=\"citation-366\">45\u00b0 verticales<\/span><\/b><span class=\"citation-366 citation-end-366\"> campo de visi\u00f3n, garantizando una percepci\u00f3n envolvente integral de alta definici\u00f3n con puntos ciegos m\u00ednimos.<\/span><\/li>\n<li><b>Tecnolog\u00eda LiDAR digital:<\/b><span class=\"citation-365 citation-end-365\"> Construido con tecnolog\u00eda Multi-Beam Flash Lidar de Ouster y utilizando detectores de diodo de avalancha de fot\u00f3n \u00fanico (SPAD), que brindan un rendimiento superior en diferentes condiciones de iluminaci\u00f3n, incluida la luz solar brillante.<\/span><\/li>\n<li><b><span class=\"citation-364\">Doble retorno:<\/span><\/b><span class=\"citation-364\"> El sensor captura <\/span><b><span class=\"citation-364\">dos retornos<\/span><\/b><span class=\"citation-364 citation-end-364\"> por pulso l\u00e1ser, mejorando la visibilidad a trav\u00e9s de elementos oscurecedores como niebla, polvo y follaje.<\/span><\/li>\n<li><b><span class=\"citation-363\">Datos de c\u00e1mara de infrarrojo cercano integrados:<\/span><\/b><span class=\"citation-363 citation-end-363\"> El chip L3 proporciona una imagen 2D similar a una c\u00e1mara de infrarrojo cercano, perfectamente correlacionada con los datos LiDAR 3D, lo que permite que los algoritmos de visi\u00f3n por computadora se ejecuten en ambos flujos de datos.<\/span><\/li>\n<li><b><span class=\"citation-362\">Dise\u00f1o robusto y confiable:<\/span><\/b><span class=\"citation-362\"> Est\u00e1 dise\u00f1ado para brindar confiabilidad en el mundo real, para soportar golpes y vibraciones extremos y cuenta con un <\/span><b><span class=\"citation-362\">Clasificaci\u00f3n de protecci\u00f3n de entrada IP68 e IP69K<\/span><\/b><span class=\"citation-362 citation-end-362\">, lo que lo hace adecuado para entornos hostiles y en todo tipo de clima.<\/span><\/li>\n<li><b>Factor de forma compacto:<\/b><span class=\"citation-361 citation-end-361\"> El OS1 mantiene un dise\u00f1o compacto y liviano, lo que facilita una integraci\u00f3n perfecta en diversas plataformas, incluidos veh\u00edculos aut\u00f3nomos, drones y robots.<\/span><\/li>\n<li><b>Autonom\u00eda lista:<\/b><span class=\"citation-360\"> Admite salida de datos de alta frecuencia y baja latencia (hasta 20 Hz) y ofrece <\/span><b><span class=\"citation-360\">Ethernet automotriz 1000BASE-T1<\/span><\/b><span class=\"citation-360 citation-end-360\"> como una opci\u00f3n para una integraci\u00f3n simplificada en pilas de autonom\u00eda automotriz.<\/span><\/li>\n<\/ul>\n<p>El OS1-128 Rev7 es el sensor elegido para aplicaciones que requieren percepci\u00f3n de rango medio confiable y de alta resoluci\u00f3n en un paquete compacto de grado industrial.<\/p>\n<\/div>\n<\/div>","protected":false},"excerpt":{"rendered":"<p><span class=\"citation-371\">El Derrocamiento <\/span><b><span class=\"citation-371\">OS1-128 Rev7<\/span><\/b><span class=\"citation-371\"> es un sensor LiDAR digital de rango medio y alta resoluci\u00f3n, parte de la l\u00ednea avanzada Rev7 de Ouster, impulsado por la tecnolog\u00eda patentada <\/span><b><span class=\"citation-371\">Chip L3<\/span><\/b><span class=\"citation-371 citation-end-371\">.<\/span> Est\u00e1 dise\u00f1ado para ofrecer una combinaci\u00f3n superior de alcance, resoluci\u00f3n y robustez para aplicaciones exigentes en autonom\u00eda, rob\u00f3tica, mapeo y automatizaci\u00f3n industrial.<\/p>","protected":false},"featured_media":21979,"comment_status":"open","ping_status":"closed","template":"","meta":[],"product_brand":[1140],"product_cat":[1139,1037,1040],"product_tag":[1142,1141],"class_list":{"0":"post-22005","1":"product","2":"type-product","3":"status-publish","4":"has-post-thumbnail","6":"product_brand-ouster","7":"product_cat-ouster-lidars","8":"product_cat-robotics","9":"product_cat-sensors-robotics","10":"product_tag-ouster-dome-lidar","11":"product_tag-ouster-lidars","13":"first","14":"onbackorder","15":"taxable","16":"shipping-taxable","17":"purchasable","18":"product-type-simple"},"yoast_head":"<!-- This site is optimized with the Yoast SEO plugin v27.4 - https:\/\/yoast.com\/product\/yoast-seo-wordpress\/ -->\n<title>Ouster OS1-128 Rev7 - Ghostysky<\/title>\n<meta name=\"description\" content=\"The Ouster OS1-128 Rev7 is a high-resolution, mid-range digital LiDAR sensor, part of Ouster&#039;s advanced Rev7 lineup powered by the proprietary L3 chip. It is designed to offer a superior combination of range, resolution, and ruggedness for demanding applications in autonomy, robotics, mapping, and industrial automation.\" \/>\n<meta name=\"robots\" content=\"index, follow, max-snippet:-1, max-image-preview:large, max-video-preview:-1\" \/>\n<link rel=\"canonical\" href=\"https:\/\/www.ghostysky.com\/es\/producto-2\/ouster-os1-128-rev7\/\" \/>\n<meta property=\"og:locale\" content=\"es_ES\" \/>\n<meta property=\"og:type\" content=\"article\" \/>\n<meta property=\"og:title\" content=\"Ouster OS1-128 Rev7 - Ghostysky\" \/>\n<meta property=\"og:description\" content=\"The Ouster OS1-128 Rev7 is a high-resolution, mid-range digital LiDAR sensor, part of Ouster&#039;s advanced Rev7 lineup powered by the proprietary L3 chip. It is designed to offer a superior combination of range, resolution, and ruggedness for demanding applications in autonomy, robotics, mapping, and industrial automation.\" \/>\n<meta property=\"og:url\" content=\"https:\/\/www.ghostysky.com\/es\/producto-2\/ouster-os1-128-rev7\/\" \/>\n<meta property=\"og:site_name\" content=\"Ghostysky\" \/>\n<meta property=\"article:publisher\" content=\"https:\/\/www.facebook.com\/people\/Ghostysky\/100057676170234\/\" \/>\n<meta property=\"article:modified_time\" content=\"2025-10-19T10:05:28+00:00\" \/>\n<meta property=\"og:image\" content=\"https:\/\/www.ghostysky.com\/wp-content\/uploads\/2025\/10\/GH_Ouster-Ouster-OS0-32-Rev7_1.png\" \/>\n\t<meta property=\"og:image:width\" content=\"800\" \/>\n\t<meta property=\"og:image:height\" content=\"800\" \/>\n\t<meta property=\"og:image:type\" content=\"image\/png\" \/>\n<meta name=\"twitter:card\" content=\"summary_large_image\" \/>\n<meta name=\"twitter:site\" content=\"@Gh0stysky\" \/>\n<meta name=\"twitter:label1\" content=\"Tiempo de lectura\" \/>\n\t<meta name=\"twitter:data1\" content=\"2 minutos\" \/>\n<script type=\"application\/ld+json\" class=\"yoast-schema-graph\">{\"@context\":\"https:\\\/\\\/schema.org\",\"@graph\":[{\"@type\":\"WebPage\",\"@id\":\"https:\\\/\\\/www.ghostysky.com\\\/product\\\/ouster-os1-128-rev7\\\/\",\"url\":\"https:\\\/\\\/www.ghostysky.com\\\/product\\\/ouster-os1-128-rev7\\\/\",\"name\":\"Ouster OS1-128 Rev7 - Ghostysky\",\"isPartOf\":{\"@id\":\"https:\\\/\\\/www.ghostysky.com\\\/#website\"},\"primaryImageOfPage\":{\"@id\":\"https:\\\/\\\/www.ghostysky.com\\\/product\\\/ouster-os1-128-rev7\\\/#primaryimage\"},\"image\":{\"@id\":\"https:\\\/\\\/www.ghostysky.com\\\/product\\\/ouster-os1-128-rev7\\\/#primaryimage\"},\"thumbnailUrl\":\"https:\\\/\\\/www.ghostysky.com\\\/wp-content\\\/uploads\\\/2025\\\/10\\\/GH_Ouster-Ouster-OS0-32-Rev7_1.png\",\"datePublished\":\"2025-10-19T10:03:15+00:00\",\"dateModified\":\"2025-10-19T10:05:28+00:00\",\"description\":\"The Ouster OS1-128 Rev7 is a high-resolution, mid-range digital LiDAR sensor, part of Ouster's advanced Rev7 lineup powered by the proprietary L3 chip. It is designed to offer a superior combination of range, resolution, and ruggedness for demanding applications in autonomy, robotics, mapping, and industrial automation.\",\"breadcrumb\":{\"@id\":\"https:\\\/\\\/www.ghostysky.com\\\/product\\\/ouster-os1-128-rev7\\\/#breadcrumb\"},\"inLanguage\":\"es\",\"potentialAction\":[{\"@type\":\"ReadAction\",\"target\":[\"https:\\\/\\\/www.ghostysky.com\\\/product\\\/ouster-os1-128-rev7\\\/\"]}]},{\"@type\":\"ImageObject\",\"inLanguage\":\"es\",\"@id\":\"https:\\\/\\\/www.ghostysky.com\\\/product\\\/ouster-os1-128-rev7\\\/#primaryimage\",\"url\":\"https:\\\/\\\/www.ghostysky.com\\\/wp-content\\\/uploads\\\/2025\\\/10\\\/GH_Ouster-Ouster-OS0-32-Rev7_1.png\",\"contentUrl\":\"https:\\\/\\\/www.ghostysky.com\\\/wp-content\\\/uploads\\\/2025\\\/10\\\/GH_Ouster-Ouster-OS0-32-Rev7_1.png\",\"width\":800,\"height\":800},{\"@type\":\"BreadcrumbList\",\"@id\":\"https:\\\/\\\/www.ghostysky.com\\\/product\\\/ouster-os1-128-rev7\\\/#breadcrumb\",\"itemListElement\":[{\"@type\":\"ListItem\",\"position\":1,\"name\":\"Home\",\"item\":\"https:\\\/\\\/www.ghostysky.com\\\/\"},{\"@type\":\"ListItem\",\"position\":2,\"name\":\"Shop\",\"item\":\"https:\\\/\\\/www.ghostysky.com\\\/shop\\\/\"},{\"@type\":\"ListItem\",\"position\":3,\"name\":\"Ouster OS1-128 Rev7\"}]},{\"@type\":\"WebSite\",\"@id\":\"https:\\\/\\\/www.ghostysky.com\\\/#website\",\"url\":\"https:\\\/\\\/www.ghostysky.com\\\/\",\"name\":\"Ghostysky\",\"description\":\"Delivering professional drones and robotics solutions\",\"publisher\":{\"@id\":\"https:\\\/\\\/www.ghostysky.com\\\/#organization\"},\"potentialAction\":[{\"@type\":\"SearchAction\",\"target\":{\"@type\":\"EntryPoint\",\"urlTemplate\":\"https:\\\/\\\/www.ghostysky.com\\\/?s={search_term_string}\"},\"query-input\":{\"@type\":\"PropertyValueSpecification\",\"valueRequired\":true,\"valueName\":\"search_term_string\"}}],\"inLanguage\":\"es\"},{\"@type\":\"Organization\",\"@id\":\"https:\\\/\\\/www.ghostysky.com\\\/#organization\",\"name\":\"Ghostysky\",\"url\":\"https:\\\/\\\/www.ghostysky.com\\\/\",\"logo\":{\"@type\":\"ImageObject\",\"inLanguage\":\"es\",\"@id\":\"https:\\\/\\\/www.ghostysky.com\\\/#\\\/schema\\\/logo\\\/image\\\/\",\"url\":\"https:\\\/\\\/www.ghostysky.com\\\/wp-content\\\/uploads\\\/2020\\\/06\\\/cropped-ghostyskylogo_text_white2.png\",\"contentUrl\":\"https:\\\/\\\/www.ghostysky.com\\\/wp-content\\\/uploads\\\/2020\\\/06\\\/cropped-ghostyskylogo_text_white2.png\",\"width\":169,\"height\":56,\"caption\":\"Ghostysky\"},\"image\":{\"@id\":\"https:\\\/\\\/www.ghostysky.com\\\/#\\\/schema\\\/logo\\\/image\\\/\"},\"sameAs\":[\"https:\\\/\\\/www.facebook.com\\\/people\\\/Ghostysky\\\/100057676170234\\\/\",\"https:\\\/\\\/x.com\\\/Gh0stysky\",\"https:\\\/\\\/www.linkedin.com\\\/company\\\/34739653\",\"https:\\\/\\\/www.instagram.com\\\/gh0stysky\"]}]}<\/script>\n<!-- \/ Yoast SEO plugin. -->","yoast_head_json":{"title":"Expulsi\u00f3n OS1-128 Rev7 - Ghostysky","description":"El Ouster OS1-128 Rev7 es un sensor LiDAR digital de alta resoluci\u00f3n y alcance medio, parte de la avanzada l\u00ednea Rev7 de Ouster, equipado con el chip L3 patentado. Est\u00e1 dise\u00f1ado para ofrecer una combinaci\u00f3n superior de alcance, resoluci\u00f3n y robustez para aplicaciones exigentes en autonom\u00eda, rob\u00f3tica, cartograf\u00eda y automatizaci\u00f3n industrial.","robots":{"index":"index","follow":"follow","max-snippet":"max-snippet:-1","max-image-preview":"max-image-preview:large","max-video-preview":"max-video-preview:-1"},"canonical":"https:\/\/www.ghostysky.com\/es\/producto-2\/ouster-os1-128-rev7\/","og_locale":"es_ES","og_type":"article","og_title":"Ouster OS1-128 Rev7 - Ghostysky","og_description":"The Ouster OS1-128 Rev7 is a high-resolution, mid-range digital LiDAR sensor, part of Ouster's advanced Rev7 lineup powered by the proprietary L3 chip. It is designed to offer a superior combination of range, resolution, and ruggedness for demanding applications in autonomy, robotics, mapping, and industrial automation.","og_url":"https:\/\/www.ghostysky.com\/es\/producto-2\/ouster-os1-128-rev7\/","og_site_name":"Ghostysky","article_publisher":"https:\/\/www.facebook.com\/people\/Ghostysky\/100057676170234\/","article_modified_time":"2025-10-19T10:05:28+00:00","og_image":[{"width":800,"height":800,"url":"https:\/\/www.ghostysky.com\/wp-content\/uploads\/2025\/10\/GH_Ouster-Ouster-OS0-32-Rev7_1.png","type":"image\/png"}],"twitter_card":"summary_large_image","twitter_site":"@Gh0stysky","twitter_misc":{"Tiempo de lectura":"2 minutos"},"schema":{"@context":"https:\/\/schema.org","@graph":[{"@type":"WebPage","@id":"https:\/\/www.ghostysky.com\/product\/ouster-os1-128-rev7\/","url":"https:\/\/www.ghostysky.com\/product\/ouster-os1-128-rev7\/","name":"Expulsi\u00f3n OS1-128 Rev7 - Ghostysky","isPartOf":{"@id":"https:\/\/www.ghostysky.com\/#website"},"primaryImageOfPage":{"@id":"https:\/\/www.ghostysky.com\/product\/ouster-os1-128-rev7\/#primaryimage"},"image":{"@id":"https:\/\/www.ghostysky.com\/product\/ouster-os1-128-rev7\/#primaryimage"},"thumbnailUrl":"https:\/\/www.ghostysky.com\/wp-content\/uploads\/2025\/10\/GH_Ouster-Ouster-OS0-32-Rev7_1.png","datePublished":"2025-10-19T10:03:15+00:00","dateModified":"2025-10-19T10:05:28+00:00","description":"El Ouster OS1-128 Rev7 es un sensor LiDAR digital de alta resoluci\u00f3n y alcance medio, parte de la avanzada l\u00ednea Rev7 de Ouster, equipado con el chip L3 patentado. Est\u00e1 dise\u00f1ado para ofrecer una combinaci\u00f3n superior de alcance, resoluci\u00f3n y robustez para aplicaciones exigentes en autonom\u00eda, rob\u00f3tica, cartograf\u00eda y automatizaci\u00f3n industrial.","breadcrumb":{"@id":"https:\/\/www.ghostysky.com\/product\/ouster-os1-128-rev7\/#breadcrumb"},"inLanguage":"es","potentialAction":[{"@type":"ReadAction","target":["https:\/\/www.ghostysky.com\/product\/ouster-os1-128-rev7\/"]}]},{"@type":"ImageObject","inLanguage":"es","@id":"https:\/\/www.ghostysky.com\/product\/ouster-os1-128-rev7\/#primaryimage","url":"https:\/\/www.ghostysky.com\/wp-content\/uploads\/2025\/10\/GH_Ouster-Ouster-OS0-32-Rev7_1.png","contentUrl":"https:\/\/www.ghostysky.com\/wp-content\/uploads\/2025\/10\/GH_Ouster-Ouster-OS0-32-Rev7_1.png","width":800,"height":800},{"@type":"BreadcrumbList","@id":"https:\/\/www.ghostysky.com\/product\/ouster-os1-128-rev7\/#breadcrumb","itemListElement":[{"@type":"ListItem","position":1,"name":"Home","item":"https:\/\/www.ghostysky.com\/"},{"@type":"ListItem","position":2,"name":"Shop","item":"https:\/\/www.ghostysky.com\/shop\/"},{"@type":"ListItem","position":3,"name":"Ouster OS1-128 Rev7"}]},{"@type":"WebSite","@id":"https:\/\/www.ghostysky.com\/#website","url":"https:\/\/www.ghostysky.com\/","name":"Ghostysky","description":"Ofrecemos soluciones profesionales de drones y rob\u00f3tica.","publisher":{"@id":"https:\/\/www.ghostysky.com\/#organization"},"potentialAction":[{"@type":"SearchAction","target":{"@type":"EntryPoint","urlTemplate":"https:\/\/www.ghostysky.com\/?s={search_term_string}"},"query-input":{"@type":"PropertyValueSpecification","valueRequired":true,"valueName":"search_term_string"}}],"inLanguage":"es"},{"@type":"Organization","@id":"https:\/\/www.ghostysky.com\/#organization","name":"Ghostysky","url":"https:\/\/www.ghostysky.com\/","logo":{"@type":"ImageObject","inLanguage":"es","@id":"https:\/\/www.ghostysky.com\/#\/schema\/logo\/image\/","url":"https:\/\/www.ghostysky.com\/wp-content\/uploads\/2020\/06\/cropped-ghostyskylogo_text_white2.png","contentUrl":"https:\/\/www.ghostysky.com\/wp-content\/uploads\/2020\/06\/cropped-ghostyskylogo_text_white2.png","width":169,"height":56,"caption":"Ghostysky"},"image":{"@id":"https:\/\/www.ghostysky.com\/#\/schema\/logo\/image\/"},"sameAs":["https:\/\/www.facebook.com\/people\/Ghostysky\/100057676170234\/","https:\/\/x.com\/Gh0stysky","https:\/\/www.linkedin.com\/company\/34739653","https:\/\/www.instagram.com\/gh0stysky"]}]}},"_links":{"self":[{"href":"https:\/\/www.ghostysky.com\/es\/wp-json\/wp\/v2\/product\/22005","targetHints":{"allow":["GET"]}}],"collection":[{"href":"https:\/\/www.ghostysky.com\/es\/wp-json\/wp\/v2\/product"}],"about":[{"href":"https:\/\/www.ghostysky.com\/es\/wp-json\/wp\/v2\/types\/product"}],"replies":[{"embeddable":true,"href":"https:\/\/www.ghostysky.com\/es\/wp-json\/wp\/v2\/comments?post=22005"}],"version-history":[{"count":0,"href":"https:\/\/www.ghostysky.com\/es\/wp-json\/wp\/v2\/product\/22005\/revisions"}],"wp:featuredmedia":[{"embeddable":true,"href":"https:\/\/www.ghostysky.com\/es\/wp-json\/wp\/v2\/media\/21979"}],"wp:attachment":[{"href":"https:\/\/www.ghostysky.com\/es\/wp-json\/wp\/v2\/media?parent=22005"}],"wp:term":[{"taxonomy":"product_brand","embeddable":true,"href":"https:\/\/www.ghostysky.com\/es\/wp-json\/wp\/v2\/product_brand?post=22005"},{"taxonomy":"product_cat","embeddable":true,"href":"https:\/\/www.ghostysky.com\/es\/wp-json\/wp\/v2\/product_cat?post=22005"},{"taxonomy":"product_tag","embeddable":true,"href":"https:\/\/www.ghostysky.com\/es\/wp-json\/wp\/v2\/product_tag?post=22005"}],"curies":[{"name":"wp","href":"https:\/\/api.w.org\/{rel}","templated":true}]}}