{"id":22007,"date":"2025-10-19T10:09:29","date_gmt":"2025-10-19T10:09:29","guid":{"rendered":"https:\/\/www.ghostysky.com\/?post_type=product&#038;p=22007"},"modified":"2026-02-24T13:43:18","modified_gmt":"2026-02-24T13:43:18","slug":"ouster-os2-64-rev7","status":"publish","type":"product","link":"https:\/\/www.ghostysky.com\/es\/product\/ouster-os2-64-rev7\/","title":{"rendered":"Ouster OS2-64 Rev7"},"content":{"rendered":"<div id=\"model-response-message-contentr_8cade3a3a392d67c\" class=\"markdown markdown-main-panel stronger enable-updated-hr-color\" dir=\"ltr\">\n<div id=\"model-response-message-contentr_13f1f7e95ab2a8ec\" class=\"markdown markdown-main-panel stronger enable-updated-hr-color\" dir=\"ltr\">\n<div id=\"model-response-message-contentr_30f8c942791a5642\" class=\"markdown markdown-main-panel stronger enable-updated-hr-color\" dir=\"ltr\">\n<div class=\"source-inline-chip-container ng-star-inserted\">\n<h4>Caracter\u00edsticas y especificaciones clave<\/h4>\n<ul>\n<li><b><span class=\"citation-451\">Rendimiento de largo alcance:<\/span><\/b><span class=\"citation-451\"> Equipado con el chip L3, el OS2-64 Rev7 ofrece el alcance m\u00e1s largo de Ouster, capaz de detectar un objetivo reflectante 10% a <\/span><b><span class=\"citation-451\">200 metros<\/span><\/b><span class=\"citation-451\"> y cuenta con un rango representable m\u00e1ximo de m\u00e1s de <\/span><b><span class=\"citation-451\">400 metros<\/span><\/b><span class=\"citation-451 citation-end-451\">.<\/span> Esto permite un seguimiento robusto de objetos a largas distancias.<\/li>\n<li><b><span class=\"citation-450\">Resoluci\u00f3n alta:<\/span><\/b><span class=\"citation-450\"> Proporciona <\/span><b><span class=\"citation-450\">64 canales<\/span><\/b><span class=\"citation-450 citation-end-450\"> de resoluci\u00f3n vertical con una\u00a0<\/span><span class=\"math-inline\" data-math=\"22.5^\\circ\">22,5\u00ba<\/span><span class=\"citation-449 citation-end-449\"> campo de visi\u00f3n vertical (FOV) y un <\/span><span class=\"math-inline\" data-math=\"360^\\circ\">360\u00ba<\/span><span class=\"citation-448 citation-end-448\">\u00a0campo de visi\u00f3n horizontal.<\/span> <span class=\"citation-447 citation-end-447\">La resoluci\u00f3n horizontal se puede configurar hasta 2048.<\/span><\/li>\n<li><b>Alta densidad de nubes de puntos:<\/b> El sensor proporciona datos completos y detallados con hasta <b>1,3 millones de puntos por segundo<\/b> (en modo de 64 canales).<\/li>\n<li><b>Salida de datos mejorada:<\/b><span class=\"citation-446\"> Es compatible <\/span><b><span class=\"citation-446\">Modo de retorno dual<\/span><\/b><span class=\"citation-446 citation-end-446\">, que proporciona dos retornos (el m\u00e1s fuerte y el segundo m\u00e1s fuerte) por disparo del l\u00e1ser, lo que mejora el rendimiento de detecci\u00f3n en entornos complejos.<\/span><\/li>\n<li><b><span class=\"citation-445\">C\u00e1mara de infrarrojo cercano (NIR) integrada:<\/span><\/b><span class=\"citation-445 citation-end-445\"> El chip L3 mejora la exclusiva capa de datos NIR de grado de c\u00e1mara 2D de Ouster, que est\u00e1 perfectamente alineada con los datos de la nube de puntos 3D, lo que permite algoritmos combinados de visi\u00f3n y percepci\u00f3n lidar.<\/span><\/li>\n<li><b><span class=\"citation-444\">Resistente y confiable:<\/span><\/b><span class=\"citation-444\"> Calificado <\/span><b><span class=\"citation-444\">IP68\/IP69K<\/span><\/b><span class=\"citation-444 citation-end-444\"> para una protecci\u00f3n superior contra el ingreso de polvo, agua y rociado a alta presi\u00f3n, lo que lo hace adecuado para su uso en interiores y exteriores en todo tipo de clima.<sup class=\"superscript\" data-turn-source-index=\"10\">10<\/sup><\/span> <span class=\"citation-443 citation-end-443\">Tambi\u00e9n presenta una mayor resistencia a golpes y vibraciones.<\/span><\/li>\n<li><b>Factor de forma compacto:<\/b><span class=\"citation-442 citation-end-442\"> El Rev7 mantiene el mismo dise\u00f1o peque\u00f1o, liviano (1100 g) y de bajo consumo de energ\u00eda que las generaciones anteriores.<\/span><\/li>\n<li><b><span class=\"citation-441\">Precisi\u00f3n:<\/span><\/b><span class=\"citation-441 citation-end-441\"> El sensor ofrece una precisi\u00f3n de alto rango, t\u00edpicamente <span style=\"font-size: 13.3333px;\">+-<\/span><\/span><span class=\"math-inline\" data-math=\"\\pm 2 \\text{ cm}\"> 2cm<\/span><span class=\"citation-440 citation-end-440\"> a +- <\/span><span class=\"math-inline\" data-math=\"\\pm 8 \\text{ cm}\">8 cent\u00edmetros<\/span><span class=\"citation-439 citation-end-439\">.<\/span><\/li>\n<li><b><span class=\"citation-438\">IMU integrada:<\/span><\/b><span class=\"citation-438 citation-end-438\"> Incluye una unidad de medici\u00f3n inercial (IMU) incorporada para admitir algoritmos SLAM (localizaci\u00f3n y mapeo simult\u00e1neos) y compensaci\u00f3n de movimiento.<\/span><\/li>\n<li><b><span class=\"citation-437\">Configuraci\u00f3n del haz:<\/span><\/b><span class=\"citation-437 citation-end-437\"> El modelo de 64 canales ofrece opciones de haz configurables, que incluyen Uniforme (predeterminado), Gradiente, Por encima del horizonte y Por debajo del horizonte para adaptar el campo de visi\u00f3n vertical a las necesidades de aplicaci\u00f3n espec\u00edficas.<\/span><\/li>\n<\/ul>\n<h4>Mejoras de Rev7 (con respecto a generaciones anteriores)<\/h4>\n<p><span class=\"citation-436 citation-end-436\">La generaci\u00f3n Rev7, espec\u00edficamente debido al chip L3, ofrece una serie de mejoras clave:<\/span><\/p>\n<ul>\n<li><b><span class=\"citation-435\">Aumento de alcance 2x<\/span><\/b><span class=\"citation-435 citation-end-435\"> sobre objetivos reflectantes 10%.<\/span><\/li>\n<li><b><span class=\"citation-434\">Aumento de 10x en la sensibilidad a los fotones<\/span><\/b><span class=\"citation-434 citation-end-434\"> para una mejor detecci\u00f3n de objetos oscuros.<\/span><\/li>\n<li><b><span class=\"citation-433\">Rango m\u00ednimo reducido<\/span><\/b><span class=\"citation-433 citation-end-433\"> (hasta 0,8 metros, o 0 cm con firmware espec\u00edfico).<\/span><\/li>\n<li><b><span class=\"citation-432\">Aumento de la temperatura m\u00e1xima de funcionamiento<\/span><\/b><span class=\"citation-432 citation-end-432\"> (arriba a <\/span><span class=\"math-inline\" data-math=\"+65^\\circ\\text{C}\">+65\u00baC<\/span><span class=\"citation-431 citation-end-431\">).<\/span><\/li>\n<li><b><span class=\"citation-430\">Modo de retorno dual<\/span><\/b><span class=\"citation-430 citation-end-430\"> Soporte para salida de datos mejorada.<\/span><\/li>\n<\/ul>\n<p>El Ouster OS2-64 Rev7 es una opci\u00f3n de primer nivel para clientes que buscan una soluci\u00f3n lidar digital de largo alcance potente, confiable y rentable para aplicaciones de alto rendimiento y de seguridad cr\u00edtica.<\/p>\n<\/div>\n<\/div>\n<\/div>\n<\/div>","protected":false},"excerpt":{"rendered":"<p><span class=\"citation-453 citation-end-453\">El Ouster OS2-64 Rev7 es un sensor LiDAR digital de largo alcance y alta resoluci\u00f3n dise\u00f1ado para aplicaciones exigentes como veh\u00edculos aut\u00f3nomos, rob\u00f3tica y monitoreo industrial a gran escala.<\/span> <span class=\"citation-452\">Es parte de la generaci\u00f3n Rev7 de Ouster, que presenta importantes mejoras de rendimiento impulsadas por la tecnolog\u00eda personalizada. <\/span><b><span class=\"citation-452\">Chip lidar digital L3.<\/span><\/b><\/p>","protected":false},"featured_media":21979,"comment_status":"open","ping_status":"closed","template":"","meta":[],"product_brand":[1140],"product_cat":[1139,1037,1040],"product_tag":[1142,1141],"class_list":{"0":"post-22007","1":"product","2":"type-product","3":"status-publish","4":"has-post-thumbnail","6":"product_brand-ouster","7":"product_cat-ouster-lidars","8":"product_cat-robotics","9":"product_cat-sensors-robotics","10":"product_tag-ouster-dome-lidar","11":"product_tag-ouster-lidars","13":"first","14":"onbackorder","15":"taxable","16":"shipping-taxable","17":"purchasable","18":"product-type-simple"},"yoast_head":"<!-- This site is optimized with the Yoast SEO plugin v27.1.1 - https:\/\/yoast.com\/product\/yoast-seo-wordpress\/ -->\n<title>Ouster OS2-64 Rev7 - Ghostysky<\/title>\n<meta name=\"description\" content=\"The Ouster OS2-64 Rev7 is a long-range, high-resolution digital LiDAR sensor designed for demanding applications such as autonomous vehicles, robotics, and large-scale industrial monitoring. It is part of Ouster&#039;s Rev7 generation, which features significant performance upgrades powered by the custom L3 digital lidar chip.\" \/>\n<meta name=\"robots\" content=\"index, follow, max-snippet:-1, max-image-preview:large, max-video-preview:-1\" \/>\n<link rel=\"canonical\" href=\"https:\/\/www.ghostysky.com\/es\/producto-2\/ouster-os2-64-rev7\/\" \/>\n<meta property=\"og:locale\" content=\"es_ES\" \/>\n<meta property=\"og:type\" content=\"article\" \/>\n<meta property=\"og:title\" content=\"Ouster OS2-64 Rev7 - Ghostysky\" \/>\n<meta property=\"og:description\" content=\"The Ouster OS2-64 Rev7 is a long-range, high-resolution digital LiDAR sensor designed for demanding applications such as autonomous vehicles, robotics, and large-scale industrial monitoring. It is part of Ouster&#039;s Rev7 generation, which features significant performance upgrades powered by the custom L3 digital lidar chip.\" \/>\n<meta property=\"og:url\" content=\"https:\/\/www.ghostysky.com\/es\/producto-2\/ouster-os2-64-rev7\/\" \/>\n<meta property=\"og:site_name\" content=\"Ghostysky\" \/>\n<meta property=\"article:publisher\" content=\"https:\/\/www.facebook.com\/people\/Ghostysky\/100057676170234\/\" \/>\n<meta property=\"article:modified_time\" content=\"2026-02-24T13:43:18+00:00\" \/>\n<meta property=\"og:image\" content=\"https:\/\/www.ghostysky.com\/wp-content\/uploads\/2025\/10\/GH_Ouster-Ouster-OS0-32-Rev7_1.png\" \/>\n\t<meta property=\"og:image:width\" content=\"800\" \/>\n\t<meta property=\"og:image:height\" content=\"800\" \/>\n\t<meta property=\"og:image:type\" content=\"image\/png\" \/>\n<meta name=\"twitter:card\" content=\"summary_large_image\" \/>\n<meta name=\"twitter:site\" content=\"@Gh0stysky\" \/>\n<meta name=\"twitter:label1\" content=\"Tiempo de lectura\" \/>\n\t<meta name=\"twitter:data1\" content=\"2 minutos\" \/>\n<script type=\"application\/ld+json\" class=\"yoast-schema-graph\">{\"@context\":\"https:\/\/schema.org\",\"@graph\":[{\"@type\":\"WebPage\",\"@id\":\"https:\/\/www.ghostysky.com\/product\/ouster-os2-64-rev7\/\",\"url\":\"https:\/\/www.ghostysky.com\/product\/ouster-os2-64-rev7\/\",\"name\":\"Ouster OS2-64 Rev7 - Ghostysky\",\"isPartOf\":{\"@id\":\"https:\/\/www.ghostysky.com\/#website\"},\"primaryImageOfPage\":{\"@id\":\"https:\/\/www.ghostysky.com\/product\/ouster-os2-64-rev7\/#primaryimage\"},\"image\":{\"@id\":\"https:\/\/www.ghostysky.com\/product\/ouster-os2-64-rev7\/#primaryimage\"},\"thumbnailUrl\":\"https:\/\/www.ghostysky.com\/wp-content\/uploads\/2025\/10\/GH_Ouster-Ouster-OS0-32-Rev7_1.png\",\"datePublished\":\"2025-10-19T10:09:29+00:00\",\"dateModified\":\"2026-02-24T13:43:18+00:00\",\"description\":\"The Ouster OS2-64 Rev7 is a long-range, high-resolution digital LiDAR sensor designed for demanding applications such as autonomous vehicles, robotics, and large-scale industrial monitoring. It is part of Ouster's Rev7 generation, which features significant performance upgrades powered by the custom L3 digital lidar chip.\",\"breadcrumb\":{\"@id\":\"https:\/\/www.ghostysky.com\/product\/ouster-os2-64-rev7\/#breadcrumb\"},\"inLanguage\":\"es\",\"potentialAction\":[{\"@type\":\"ReadAction\",\"target\":[\"https:\/\/www.ghostysky.com\/product\/ouster-os2-64-rev7\/\"]}]},{\"@type\":\"ImageObject\",\"inLanguage\":\"es\",\"@id\":\"https:\/\/www.ghostysky.com\/product\/ouster-os2-64-rev7\/#primaryimage\",\"url\":\"https:\/\/www.ghostysky.com\/wp-content\/uploads\/2025\/10\/GH_Ouster-Ouster-OS0-32-Rev7_1.png\",\"contentUrl\":\"https:\/\/www.ghostysky.com\/wp-content\/uploads\/2025\/10\/GH_Ouster-Ouster-OS0-32-Rev7_1.png\",\"width\":800,\"height\":800},{\"@type\":\"BreadcrumbList\",\"@id\":\"https:\/\/www.ghostysky.com\/product\/ouster-os2-64-rev7\/#breadcrumb\",\"itemListElement\":[{\"@type\":\"ListItem\",\"position\":1,\"name\":\"Home\",\"item\":\"https:\/\/www.ghostysky.com\/\"},{\"@type\":\"ListItem\",\"position\":2,\"name\":\"Shop\",\"item\":\"https:\/\/www.ghostysky.com\/shop\/\"},{\"@type\":\"ListItem\",\"position\":3,\"name\":\"Ouster OS2-64 Rev7\"}]},{\"@type\":\"WebSite\",\"@id\":\"https:\/\/www.ghostysky.com\/#website\",\"url\":\"https:\/\/www.ghostysky.com\/\",\"name\":\"Ghostysky\",\"description\":\"Delivering professional drones and services\",\"publisher\":{\"@id\":\"https:\/\/www.ghostysky.com\/#organization\"},\"potentialAction\":[{\"@type\":\"SearchAction\",\"target\":{\"@type\":\"EntryPoint\",\"urlTemplate\":\"https:\/\/www.ghostysky.com\/?s={search_term_string}\"},\"query-input\":{\"@type\":\"PropertyValueSpecification\",\"valueRequired\":true,\"valueName\":\"search_term_string\"}}],\"inLanguage\":\"es\"},{\"@type\":\"Organization\",\"@id\":\"https:\/\/www.ghostysky.com\/#organization\",\"name\":\"Ghostysky\",\"url\":\"https:\/\/www.ghostysky.com\/\",\"logo\":{\"@type\":\"ImageObject\",\"inLanguage\":\"es\",\"@id\":\"https:\/\/www.ghostysky.com\/#\/schema\/logo\/image\/\",\"url\":\"https:\/\/www.ghostysky.com\/wp-content\/uploads\/2020\/06\/cropped-ghostyskylogo_text_white2.png\",\"contentUrl\":\"https:\/\/www.ghostysky.com\/wp-content\/uploads\/2020\/06\/cropped-ghostyskylogo_text_white2.png\",\"width\":169,\"height\":56,\"caption\":\"Ghostysky\"},\"image\":{\"@id\":\"https:\/\/www.ghostysky.com\/#\/schema\/logo\/image\/\"},\"sameAs\":[\"https:\/\/www.facebook.com\/people\/Ghostysky\/100057676170234\/\",\"https:\/\/x.com\/Gh0stysky\",\"https:\/\/www.linkedin.com\/company\/34739653\",\"https:\/\/www.instagram.com\/gh0stysky\"]}]}<\/script>\n<!-- \/ Yoast SEO plugin. -->","yoast_head_json":{"title":"Expulsi\u00f3n OS2-64 Rev7 - Ghostysky","description":"El Ouster OS2-64 Rev7 es un sensor LiDAR digital de largo alcance y alta resoluci\u00f3n, dise\u00f1ado para aplicaciones exigentes como veh\u00edculos aut\u00f3nomos, rob\u00f3tica y monitorizaci\u00f3n industrial a gran escala. Forma parte de la generaci\u00f3n Rev7 de Ouster, que incorpora importantes mejoras de rendimiento gracias al chip lidar digital L3 personalizado.","robots":{"index":"index","follow":"follow","max-snippet":"max-snippet:-1","max-image-preview":"max-image-preview:large","max-video-preview":"max-video-preview:-1"},"canonical":"https:\/\/www.ghostysky.com\/es\/producto-2\/ouster-os2-64-rev7\/","og_locale":"es_ES","og_type":"article","og_title":"Ouster OS2-64 Rev7 - Ghostysky","og_description":"The Ouster OS2-64 Rev7 is a long-range, high-resolution digital LiDAR sensor designed for demanding applications such as autonomous vehicles, robotics, and large-scale industrial monitoring. It is part of Ouster's Rev7 generation, which features significant performance upgrades powered by the custom L3 digital lidar chip.","og_url":"https:\/\/www.ghostysky.com\/es\/producto-2\/ouster-os2-64-rev7\/","og_site_name":"Ghostysky","article_publisher":"https:\/\/www.facebook.com\/people\/Ghostysky\/100057676170234\/","article_modified_time":"2026-02-24T13:43:18+00:00","og_image":[{"width":800,"height":800,"url":"https:\/\/www.ghostysky.com\/wp-content\/uploads\/2025\/10\/GH_Ouster-Ouster-OS0-32-Rev7_1.png","type":"image\/png"}],"twitter_card":"summary_large_image","twitter_site":"@Gh0stysky","twitter_misc":{"Tiempo de lectura":"2 minutos"},"schema":{"@context":"https:\/\/schema.org","@graph":[{"@type":"WebPage","@id":"https:\/\/www.ghostysky.com\/product\/ouster-os2-64-rev7\/","url":"https:\/\/www.ghostysky.com\/product\/ouster-os2-64-rev7\/","name":"Expulsi\u00f3n OS2-64 Rev7 - Ghostysky","isPartOf":{"@id":"https:\/\/www.ghostysky.com\/#website"},"primaryImageOfPage":{"@id":"https:\/\/www.ghostysky.com\/product\/ouster-os2-64-rev7\/#primaryimage"},"image":{"@id":"https:\/\/www.ghostysky.com\/product\/ouster-os2-64-rev7\/#primaryimage"},"thumbnailUrl":"https:\/\/www.ghostysky.com\/wp-content\/uploads\/2025\/10\/GH_Ouster-Ouster-OS0-32-Rev7_1.png","datePublished":"2025-10-19T10:09:29+00:00","dateModified":"2026-02-24T13:43:18+00:00","description":"El Ouster OS2-64 Rev7 es un sensor LiDAR digital de largo alcance y alta resoluci\u00f3n, dise\u00f1ado para aplicaciones exigentes como veh\u00edculos aut\u00f3nomos, rob\u00f3tica y monitorizaci\u00f3n industrial a gran escala. Forma parte de la generaci\u00f3n Rev7 de Ouster, que incorpora importantes mejoras de rendimiento gracias al chip lidar digital L3 personalizado.","breadcrumb":{"@id":"https:\/\/www.ghostysky.com\/product\/ouster-os2-64-rev7\/#breadcrumb"},"inLanguage":"es","potentialAction":[{"@type":"ReadAction","target":["https:\/\/www.ghostysky.com\/product\/ouster-os2-64-rev7\/"]}]},{"@type":"ImageObject","inLanguage":"es","@id":"https:\/\/www.ghostysky.com\/product\/ouster-os2-64-rev7\/#primaryimage","url":"https:\/\/www.ghostysky.com\/wp-content\/uploads\/2025\/10\/GH_Ouster-Ouster-OS0-32-Rev7_1.png","contentUrl":"https:\/\/www.ghostysky.com\/wp-content\/uploads\/2025\/10\/GH_Ouster-Ouster-OS0-32-Rev7_1.png","width":800,"height":800},{"@type":"BreadcrumbList","@id":"https:\/\/www.ghostysky.com\/product\/ouster-os2-64-rev7\/#breadcrumb","itemListElement":[{"@type":"ListItem","position":1,"name":"Home","item":"https:\/\/www.ghostysky.com\/"},{"@type":"ListItem","position":2,"name":"Shop","item":"https:\/\/www.ghostysky.com\/shop\/"},{"@type":"ListItem","position":3,"name":"Ouster OS2-64 Rev7"}]},{"@type":"WebSite","@id":"https:\/\/www.ghostysky.com\/#website","url":"https:\/\/www.ghostysky.com\/","name":"Ghostysky","description":"Entrega de drones y servicios profesionales","publisher":{"@id":"https:\/\/www.ghostysky.com\/#organization"},"potentialAction":[{"@type":"SearchAction","target":{"@type":"EntryPoint","urlTemplate":"https:\/\/www.ghostysky.com\/?s={search_term_string}"},"query-input":{"@type":"PropertyValueSpecification","valueRequired":true,"valueName":"search_term_string"}}],"inLanguage":"es"},{"@type":"Organization","@id":"https:\/\/www.ghostysky.com\/#organization","name":"Ghostysky","url":"https:\/\/www.ghostysky.com\/","logo":{"@type":"ImageObject","inLanguage":"es","@id":"https:\/\/www.ghostysky.com\/#\/schema\/logo\/image\/","url":"https:\/\/www.ghostysky.com\/wp-content\/uploads\/2020\/06\/cropped-ghostyskylogo_text_white2.png","contentUrl":"https:\/\/www.ghostysky.com\/wp-content\/uploads\/2020\/06\/cropped-ghostyskylogo_text_white2.png","width":169,"height":56,"caption":"Ghostysky"},"image":{"@id":"https:\/\/www.ghostysky.com\/#\/schema\/logo\/image\/"},"sameAs":["https:\/\/www.facebook.com\/people\/Ghostysky\/100057676170234\/","https:\/\/x.com\/Gh0stysky","https:\/\/www.linkedin.com\/company\/34739653","https:\/\/www.instagram.com\/gh0stysky"]}]}},"_links":{"self":[{"href":"https:\/\/www.ghostysky.com\/es\/wp-json\/wp\/v2\/product\/22007","targetHints":{"allow":["GET"]}}],"collection":[{"href":"https:\/\/www.ghostysky.com\/es\/wp-json\/wp\/v2\/product"}],"about":[{"href":"https:\/\/www.ghostysky.com\/es\/wp-json\/wp\/v2\/types\/product"}],"replies":[{"embeddable":true,"href":"https:\/\/www.ghostysky.com\/es\/wp-json\/wp\/v2\/comments?post=22007"}],"wp:featuredmedia":[{"embeddable":true,"href":"https:\/\/www.ghostysky.com\/es\/wp-json\/wp\/v2\/media\/21979"}],"wp:attachment":[{"href":"https:\/\/www.ghostysky.com\/es\/wp-json\/wp\/v2\/media?parent=22007"}],"wp:term":[{"taxonomy":"product_brand","embeddable":true,"href":"https:\/\/www.ghostysky.com\/es\/wp-json\/wp\/v2\/product_brand?post=22007"},{"taxonomy":"product_cat","embeddable":true,"href":"https:\/\/www.ghostysky.com\/es\/wp-json\/wp\/v2\/product_cat?post=22007"},{"taxonomy":"product_tag","embeddable":true,"href":"https:\/\/www.ghostysky.com\/es\/wp-json\/wp\/v2\/product_tag?post=22007"}],"curies":[{"name":"wp","href":"https:\/\/api.w.org\/{rel}","templated":true}]}}