{"id":22008,"date":"2025-10-19T10:17:55","date_gmt":"2025-10-19T10:17:55","guid":{"rendered":"https:\/\/www.ghostysky.com\/?post_type=product&#038;p=22008"},"modified":"2026-02-24T13:44:21","modified_gmt":"2026-02-24T13:44:21","slug":"ouster-os2-128-rev7","status":"publish","type":"product","link":"https:\/\/www.ghostysky.com\/es\/product\/ouster-os2-128-rev7\/","title":{"rendered":"Ouster OS2-128 Rev7"},"content":{"rendered":"<div id=\"model-response-message-contentr_8cade3a3a392d67c\" class=\"markdown markdown-main-panel stronger enable-updated-hr-color\" dir=\"ltr\">\n<div id=\"model-response-message-contentr_13f1f7e95ab2a8ec\" class=\"markdown markdown-main-panel stronger enable-updated-hr-color\" dir=\"ltr\">\n<div id=\"model-response-message-contentr_30f8c942791a5642\" class=\"markdown markdown-main-panel stronger enable-updated-hr-color\" dir=\"ltr\">\n<div class=\"source-inline-chip-container ng-star-inserted\">\n<h4><b>Caracter\u00edsticas principales y aspectos destacados<\/b><\/h4>\n<ul>\n<li><b><span class=\"citation-495\">Alcance excepcionalmente largo:<\/span><\/b><span class=\"citation-495\"> Equipado con el avance <\/span><b><span class=\"citation-495\">Chip L3<\/span><\/b><span class=\"citation-495\">El OS2-128 Rev7 ofrece una gama l\u00edder en la industria, con una <\/span><b><span class=\"citation-495\">alcance m\u00e1ximo m\u00e1s all\u00e1 de 400 metros<\/span><\/b><span class=\"citation-495\"> y la capacidad de detectar objetivos reflectantes 10% en <\/span><b><span class=\"citation-495\">200 metros<\/span><\/b><span class=\"citation-495 citation-end-495\"> con alta probabilidad.<\/span><\/li>\n<li><b><span class=\"citation-494\">Resoluci\u00f3n alta:<\/span><\/b><span class=\"citation-494\"> Caracter\u00edsticas <\/span><b><span class=\"citation-494\">128 canales<\/span><\/b><span class=\"citation-494 citation-end-494\"> de resoluci\u00f3n vertical y resoluciones horizontales configurables (hasta 2048), lo que permite la recopilaci\u00f3n de nubes de puntos 3D ricas y detalladas.<\/span>\n<ul>\n<li><b>Puntos m\u00e1ximos por segundo:<\/b><span class=\"citation-493 citation-end-493\"> Hasta 2,62 millones de puntos por segundo (con retornos duales en ciertos modos).<\/span><\/li>\n<li><b>Campo de visi\u00f3n vertical:<\/b><span class=\"citation-492 citation-end-492\">\u00a0<\/span><span class=\"math-inline\" data-math=\"22.5^{\\circ}\">22,5\u00ba<\/span><\/li>\n<li><b><span class=\"citation-491\">Precisi\u00f3n:<\/span><\/b><span class=\"citation-491 citation-end-491\">\u00a0<span style=\"font-size: 13.3333px;\">+-<\/span><\/span><span class=\"math-inline\" data-math=\"\\pm 2\"> 2<\/span><span class=\"citation-490 citation-end-490\">\u00a0cm (m\u00ednimo).<\/span><\/li>\n<\/ul>\n<\/li>\n<li><b><span class=\"citation-489\">Capacidad de retorno dual:<\/span><\/b><span class=\"citation-489 citation-end-489\"> Proporciona la se\u00f1al de retorno m\u00e1s fuerte y la segunda m\u00e1s fuerte, lo que mejora la detecci\u00f3n de objetos en condiciones dif\u00edciles como lluvia, niebla o al detectar a trav\u00e9s de follaje claro.<\/span><\/li>\n<li><b><span class=\"citation-488\">Resistente y confiable:<\/span><\/b><span class=\"citation-488 citation-end-488\"> Dise\u00f1ado para todo tipo de clima, en ambientes interiores y exteriores.<\/span>\u00a0<span class=\"citation-487\">Tiene una clasificaci\u00f3n de protecci\u00f3n de ingreso robusta de <\/span><b><span class=\"citation-487\">IP68 y IP69K<\/span><\/b><span class=\"citation-487 citation-end-487\">, lo que lo hace impermeable y resistente a pulverizaciones de alta presi\u00f3n y alta temperatura, adem\u00e1s de ser altamente resistente a golpes y vibraciones.<\/span><\/li>\n<li><b>Ventajas del lidar digital:<\/b><span class=\"citation-486\"> Construido sobre la arquitectura LiDAR digital de Ouster, proporciona una resoluci\u00f3n fija por cuadro, inmunidad a la diafon\u00eda de m\u00faltiples sensores y genera datos adicionales como <\/span><b><span class=\"citation-486\">infrarrojo cercano de calidad de c\u00e1mara<\/span><\/b><span class=\"citation-486 citation-end-486\"> y datos de reflectividad calibrados, combinando la funcionalidad de una c\u00e1mara con un LiDAR de alta resoluci\u00f3n.<\/span><\/li>\n<li><b>Compacto y ligero:<\/b><span class=\"citation-485 citation-end-485\"> A pesar de su rendimiento de largo alcance, el OS2 mantiene un formato peque\u00f1o y liviano (aprox.<\/span>\u00a01100g) para una f\u00e1cil integraci\u00f3n en veh\u00edculos, rob\u00f3tica e infraestructura fija.<\/li>\n<\/ul>\n<p>La combinaci\u00f3n de detecci\u00f3n de largo alcance, im\u00e1genes 3D de alta resoluci\u00f3n y dise\u00f1o digital robusto del OS2-128 Rev7 lo convierten en la mejor opci\u00f3n para proyectos que requieren una percepci\u00f3n precisa y confiable a largas distancias.<\/p>\n<\/div>\n<\/div>\n<\/div>\n<\/div>","protected":false},"excerpt":{"rendered":"<p><span class=\"citation-497\">El <\/span><b><span class=\"citation-497\">Ouster OS2-128 Rev7<\/span><\/b><span class=\"citation-497 citation-end-497\"> es un sensor LiDAR de im\u00e1genes de largo alcance y alto rendimiento, parte de la segunda generaci\u00f3n de LiDAR digital de Ouster.<\/span> <span class=\"citation-496 citation-end-496\">Est\u00e1 dise\u00f1ado para brindar percepci\u00f3n de alta resoluci\u00f3n para aplicaciones exigentes como conducci\u00f3n aut\u00f3noma en carretera, monitoreo de infraestructura a gran escala y automatizaci\u00f3n industrial de largo alcance.<\/span><\/p>","protected":false},"featured_media":21979,"comment_status":"open","ping_status":"closed","template":"","meta":[],"product_brand":[1140],"product_cat":[1139,1037,1040],"product_tag":[1142,1141],"class_list":{"0":"post-22008","1":"product","2":"type-product","3":"status-publish","4":"has-post-thumbnail","6":"product_brand-ouster","7":"product_cat-ouster-lidars","8":"product_cat-robotics","9":"product_cat-sensors-robotics","10":"product_tag-ouster-dome-lidar","11":"product_tag-ouster-lidars","13":"first","14":"onbackorder","15":"taxable","16":"shipping-taxable","17":"purchasable","18":"product-type-simple"},"yoast_head":"<!-- This site is optimized with the Yoast SEO plugin v27.4 - https:\/\/yoast.com\/product\/yoast-seo-wordpress\/ -->\n<title>Ouster OS2-128 Rev7 - Ghostysky<\/title>\n<meta name=\"description\" content=\"The Ouster OS2-128 Rev7 is a high-performance, long-range imaging LiDAR sensor, part of Ouster&#039;s second generation of digital LiDAR. It is engineered to deliver high-resolution perception for demanding applications such as highway-speed autonomous driving, large-scale infrastructure monitoring, and long-range industrial automation.\" \/>\n<meta name=\"robots\" content=\"index, follow, max-snippet:-1, max-image-preview:large, max-video-preview:-1\" \/>\n<link rel=\"canonical\" href=\"https:\/\/www.ghostysky.com\/es\/producto-2\/ouster-os2-128-rev7\/\" \/>\n<meta property=\"og:locale\" content=\"es_ES\" \/>\n<meta property=\"og:type\" content=\"article\" \/>\n<meta property=\"og:title\" content=\"Ouster OS2-128 Rev7 - Ghostysky\" \/>\n<meta property=\"og:description\" content=\"The Ouster OS2-128 Rev7 is a high-performance, long-range imaging LiDAR sensor, part of Ouster&#039;s second generation of digital LiDAR. It is engineered to deliver high-resolution perception for demanding applications such as highway-speed autonomous driving, large-scale infrastructure monitoring, and long-range industrial automation.\" \/>\n<meta property=\"og:url\" content=\"https:\/\/www.ghostysky.com\/es\/producto-2\/ouster-os2-128-rev7\/\" \/>\n<meta property=\"og:site_name\" content=\"Ghostysky\" \/>\n<meta property=\"article:publisher\" content=\"https:\/\/www.facebook.com\/people\/Ghostysky\/100057676170234\/\" \/>\n<meta property=\"article:modified_time\" content=\"2026-02-24T13:44:21+00:00\" \/>\n<meta property=\"og:image\" content=\"https:\/\/www.ghostysky.com\/wp-content\/uploads\/2025\/10\/GH_Ouster-Ouster-OS0-32-Rev7_1.png\" \/>\n\t<meta property=\"og:image:width\" content=\"800\" \/>\n\t<meta property=\"og:image:height\" content=\"800\" \/>\n\t<meta property=\"og:image:type\" content=\"image\/png\" \/>\n<meta name=\"twitter:card\" content=\"summary_large_image\" \/>\n<meta name=\"twitter:site\" content=\"@Gh0stysky\" \/>\n<meta name=\"twitter:label1\" content=\"Tiempo de lectura\" \/>\n\t<meta name=\"twitter:data1\" content=\"2 minutos\" \/>\n<script type=\"application\/ld+json\" class=\"yoast-schema-graph\">{\"@context\":\"https:\\\/\\\/schema.org\",\"@graph\":[{\"@type\":\"WebPage\",\"@id\":\"https:\\\/\\\/www.ghostysky.com\\\/product\\\/ouster-os2-128-rev7\\\/\",\"url\":\"https:\\\/\\\/www.ghostysky.com\\\/product\\\/ouster-os2-128-rev7\\\/\",\"name\":\"Ouster OS2-128 Rev7 - Ghostysky\",\"isPartOf\":{\"@id\":\"https:\\\/\\\/www.ghostysky.com\\\/#website\"},\"primaryImageOfPage\":{\"@id\":\"https:\\\/\\\/www.ghostysky.com\\\/product\\\/ouster-os2-128-rev7\\\/#primaryimage\"},\"image\":{\"@id\":\"https:\\\/\\\/www.ghostysky.com\\\/product\\\/ouster-os2-128-rev7\\\/#primaryimage\"},\"thumbnailUrl\":\"https:\\\/\\\/www.ghostysky.com\\\/wp-content\\\/uploads\\\/2025\\\/10\\\/GH_Ouster-Ouster-OS0-32-Rev7_1.png\",\"datePublished\":\"2025-10-19T10:17:55+00:00\",\"dateModified\":\"2026-02-24T13:44:21+00:00\",\"description\":\"The Ouster OS2-128 Rev7 is a high-performance, long-range imaging LiDAR sensor, part of Ouster's second generation of digital LiDAR. It is engineered to deliver high-resolution perception for demanding applications such as highway-speed autonomous driving, large-scale infrastructure monitoring, and long-range industrial automation.\",\"breadcrumb\":{\"@id\":\"https:\\\/\\\/www.ghostysky.com\\\/product\\\/ouster-os2-128-rev7\\\/#breadcrumb\"},\"inLanguage\":\"es\",\"potentialAction\":[{\"@type\":\"ReadAction\",\"target\":[\"https:\\\/\\\/www.ghostysky.com\\\/product\\\/ouster-os2-128-rev7\\\/\"]}]},{\"@type\":\"ImageObject\",\"inLanguage\":\"es\",\"@id\":\"https:\\\/\\\/www.ghostysky.com\\\/product\\\/ouster-os2-128-rev7\\\/#primaryimage\",\"url\":\"https:\\\/\\\/www.ghostysky.com\\\/wp-content\\\/uploads\\\/2025\\\/10\\\/GH_Ouster-Ouster-OS0-32-Rev7_1.png\",\"contentUrl\":\"https:\\\/\\\/www.ghostysky.com\\\/wp-content\\\/uploads\\\/2025\\\/10\\\/GH_Ouster-Ouster-OS0-32-Rev7_1.png\",\"width\":800,\"height\":800},{\"@type\":\"BreadcrumbList\",\"@id\":\"https:\\\/\\\/www.ghostysky.com\\\/product\\\/ouster-os2-128-rev7\\\/#breadcrumb\",\"itemListElement\":[{\"@type\":\"ListItem\",\"position\":1,\"name\":\"Home\",\"item\":\"https:\\\/\\\/www.ghostysky.com\\\/\"},{\"@type\":\"ListItem\",\"position\":2,\"name\":\"Shop\",\"item\":\"https:\\\/\\\/www.ghostysky.com\\\/shop\\\/\"},{\"@type\":\"ListItem\",\"position\":3,\"name\":\"Ouster OS2-128 Rev7\"}]},{\"@type\":\"WebSite\",\"@id\":\"https:\\\/\\\/www.ghostysky.com\\\/#website\",\"url\":\"https:\\\/\\\/www.ghostysky.com\\\/\",\"name\":\"Ghostysky\",\"description\":\"Delivering professional drones and services\",\"publisher\":{\"@id\":\"https:\\\/\\\/www.ghostysky.com\\\/#organization\"},\"potentialAction\":[{\"@type\":\"SearchAction\",\"target\":{\"@type\":\"EntryPoint\",\"urlTemplate\":\"https:\\\/\\\/www.ghostysky.com\\\/?s={search_term_string}\"},\"query-input\":{\"@type\":\"PropertyValueSpecification\",\"valueRequired\":true,\"valueName\":\"search_term_string\"}}],\"inLanguage\":\"es\"},{\"@type\":\"Organization\",\"@id\":\"https:\\\/\\\/www.ghostysky.com\\\/#organization\",\"name\":\"Ghostysky\",\"url\":\"https:\\\/\\\/www.ghostysky.com\\\/\",\"logo\":{\"@type\":\"ImageObject\",\"inLanguage\":\"es\",\"@id\":\"https:\\\/\\\/www.ghostysky.com\\\/#\\\/schema\\\/logo\\\/image\\\/\",\"url\":\"https:\\\/\\\/www.ghostysky.com\\\/wp-content\\\/uploads\\\/2020\\\/06\\\/cropped-ghostyskylogo_text_white2.png\",\"contentUrl\":\"https:\\\/\\\/www.ghostysky.com\\\/wp-content\\\/uploads\\\/2020\\\/06\\\/cropped-ghostyskylogo_text_white2.png\",\"width\":169,\"height\":56,\"caption\":\"Ghostysky\"},\"image\":{\"@id\":\"https:\\\/\\\/www.ghostysky.com\\\/#\\\/schema\\\/logo\\\/image\\\/\"},\"sameAs\":[\"https:\\\/\\\/www.facebook.com\\\/people\\\/Ghostysky\\\/100057676170234\\\/\",\"https:\\\/\\\/x.com\\\/Gh0stysky\",\"https:\\\/\\\/www.linkedin.com\\\/company\\\/34739653\",\"https:\\\/\\\/www.instagram.com\\\/gh0stysky\"]}]}<\/script>\n<!-- \/ Yoast SEO plugin. -->","yoast_head_json":{"title":"Expulsi\u00f3n OS2-128 Rev7 - Ghostysky","description":"El Ouster OS2-128 Rev7 es un sensor LiDAR de im\u00e1genes de alto rendimiento y largo alcance, parte de la segunda generaci\u00f3n de LiDAR digitales de Ouster. Est\u00e1 dise\u00f1ado para ofrecer percepci\u00f3n de alta resoluci\u00f3n para aplicaciones exigentes como la conducci\u00f3n aut\u00f3noma a alta velocidad, la monitorizaci\u00f3n de infraestructuras a gran escala y la automatizaci\u00f3n industrial de largo alcance.","robots":{"index":"index","follow":"follow","max-snippet":"max-snippet:-1","max-image-preview":"max-image-preview:large","max-video-preview":"max-video-preview:-1"},"canonical":"https:\/\/www.ghostysky.com\/es\/producto-2\/ouster-os2-128-rev7\/","og_locale":"es_ES","og_type":"article","og_title":"Ouster OS2-128 Rev7 - Ghostysky","og_description":"The Ouster OS2-128 Rev7 is a high-performance, long-range imaging LiDAR sensor, part of Ouster's second generation of digital LiDAR. It is engineered to deliver high-resolution perception for demanding applications such as highway-speed autonomous driving, large-scale infrastructure monitoring, and long-range industrial automation.","og_url":"https:\/\/www.ghostysky.com\/es\/producto-2\/ouster-os2-128-rev7\/","og_site_name":"Ghostysky","article_publisher":"https:\/\/www.facebook.com\/people\/Ghostysky\/100057676170234\/","article_modified_time":"2026-02-24T13:44:21+00:00","og_image":[{"width":800,"height":800,"url":"https:\/\/www.ghostysky.com\/wp-content\/uploads\/2025\/10\/GH_Ouster-Ouster-OS0-32-Rev7_1.png","type":"image\/png"}],"twitter_card":"summary_large_image","twitter_site":"@Gh0stysky","twitter_misc":{"Tiempo de lectura":"2 minutos"},"schema":{"@context":"https:\/\/schema.org","@graph":[{"@type":"WebPage","@id":"https:\/\/www.ghostysky.com\/product\/ouster-os2-128-rev7\/","url":"https:\/\/www.ghostysky.com\/product\/ouster-os2-128-rev7\/","name":"Expulsi\u00f3n OS2-128 Rev7 - Ghostysky","isPartOf":{"@id":"https:\/\/www.ghostysky.com\/#website"},"primaryImageOfPage":{"@id":"https:\/\/www.ghostysky.com\/product\/ouster-os2-128-rev7\/#primaryimage"},"image":{"@id":"https:\/\/www.ghostysky.com\/product\/ouster-os2-128-rev7\/#primaryimage"},"thumbnailUrl":"https:\/\/www.ghostysky.com\/wp-content\/uploads\/2025\/10\/GH_Ouster-Ouster-OS0-32-Rev7_1.png","datePublished":"2025-10-19T10:17:55+00:00","dateModified":"2026-02-24T13:44:21+00:00","description":"El Ouster OS2-128 Rev7 es un sensor LiDAR de im\u00e1genes de alto rendimiento y largo alcance, parte de la segunda generaci\u00f3n de LiDAR digitales de Ouster. Est\u00e1 dise\u00f1ado para ofrecer percepci\u00f3n de alta resoluci\u00f3n para aplicaciones exigentes como la conducci\u00f3n aut\u00f3noma a alta velocidad, la monitorizaci\u00f3n de infraestructuras a gran escala y la automatizaci\u00f3n industrial de largo alcance.","breadcrumb":{"@id":"https:\/\/www.ghostysky.com\/product\/ouster-os2-128-rev7\/#breadcrumb"},"inLanguage":"es","potentialAction":[{"@type":"ReadAction","target":["https:\/\/www.ghostysky.com\/product\/ouster-os2-128-rev7\/"]}]},{"@type":"ImageObject","inLanguage":"es","@id":"https:\/\/www.ghostysky.com\/product\/ouster-os2-128-rev7\/#primaryimage","url":"https:\/\/www.ghostysky.com\/wp-content\/uploads\/2025\/10\/GH_Ouster-Ouster-OS0-32-Rev7_1.png","contentUrl":"https:\/\/www.ghostysky.com\/wp-content\/uploads\/2025\/10\/GH_Ouster-Ouster-OS0-32-Rev7_1.png","width":800,"height":800},{"@type":"BreadcrumbList","@id":"https:\/\/www.ghostysky.com\/product\/ouster-os2-128-rev7\/#breadcrumb","itemListElement":[{"@type":"ListItem","position":1,"name":"Home","item":"https:\/\/www.ghostysky.com\/"},{"@type":"ListItem","position":2,"name":"Shop","item":"https:\/\/www.ghostysky.com\/shop\/"},{"@type":"ListItem","position":3,"name":"Ouster OS2-128 Rev7"}]},{"@type":"WebSite","@id":"https:\/\/www.ghostysky.com\/#website","url":"https:\/\/www.ghostysky.com\/","name":"Ghostysky","description":"Entrega de drones y servicios profesionales","publisher":{"@id":"https:\/\/www.ghostysky.com\/#organization"},"potentialAction":[{"@type":"SearchAction","target":{"@type":"EntryPoint","urlTemplate":"https:\/\/www.ghostysky.com\/?s={search_term_string}"},"query-input":{"@type":"PropertyValueSpecification","valueRequired":true,"valueName":"search_term_string"}}],"inLanguage":"es"},{"@type":"Organization","@id":"https:\/\/www.ghostysky.com\/#organization","name":"Ghostysky","url":"https:\/\/www.ghostysky.com\/","logo":{"@type":"ImageObject","inLanguage":"es","@id":"https:\/\/www.ghostysky.com\/#\/schema\/logo\/image\/","url":"https:\/\/www.ghostysky.com\/wp-content\/uploads\/2020\/06\/cropped-ghostyskylogo_text_white2.png","contentUrl":"https:\/\/www.ghostysky.com\/wp-content\/uploads\/2020\/06\/cropped-ghostyskylogo_text_white2.png","width":169,"height":56,"caption":"Ghostysky"},"image":{"@id":"https:\/\/www.ghostysky.com\/#\/schema\/logo\/image\/"},"sameAs":["https:\/\/www.facebook.com\/people\/Ghostysky\/100057676170234\/","https:\/\/x.com\/Gh0stysky","https:\/\/www.linkedin.com\/company\/34739653","https:\/\/www.instagram.com\/gh0stysky"]}]}},"_links":{"self":[{"href":"https:\/\/www.ghostysky.com\/es\/wp-json\/wp\/v2\/product\/22008","targetHints":{"allow":["GET"]}}],"collection":[{"href":"https:\/\/www.ghostysky.com\/es\/wp-json\/wp\/v2\/product"}],"about":[{"href":"https:\/\/www.ghostysky.com\/es\/wp-json\/wp\/v2\/types\/product"}],"replies":[{"embeddable":true,"href":"https:\/\/www.ghostysky.com\/es\/wp-json\/wp\/v2\/comments?post=22008"}],"version-history":[{"count":0,"href":"https:\/\/www.ghostysky.com\/es\/wp-json\/wp\/v2\/product\/22008\/revisions"}],"wp:featuredmedia":[{"embeddable":true,"href":"https:\/\/www.ghostysky.com\/es\/wp-json\/wp\/v2\/media\/21979"}],"wp:attachment":[{"href":"https:\/\/www.ghostysky.com\/es\/wp-json\/wp\/v2\/media?parent=22008"}],"wp:term":[{"taxonomy":"product_brand","embeddable":true,"href":"https:\/\/www.ghostysky.com\/es\/wp-json\/wp\/v2\/product_brand?post=22008"},{"taxonomy":"product_cat","embeddable":true,"href":"https:\/\/www.ghostysky.com\/es\/wp-json\/wp\/v2\/product_cat?post=22008"},{"taxonomy":"product_tag","embeddable":true,"href":"https:\/\/www.ghostysky.com\/es\/wp-json\/wp\/v2\/product_tag?post=22008"}],"curies":[{"name":"wp","href":"https:\/\/api.w.org\/{rel}","templated":true}]}}