{"id":22009,"date":"2025-10-19T11:53:40","date_gmt":"2025-10-19T11:53:40","guid":{"rendered":"https:\/\/www.ghostysky.com\/?post_type=product&#038;p=22009"},"modified":"2026-02-24T13:48:24","modified_gmt":"2026-02-24T13:48:24","slug":"ouster-os0-32-rev7-sr","status":"publish","type":"product","link":"https:\/\/www.ghostysky.com\/es\/product\/ouster-os0-32-rev7-sr\/","title":{"rendered":"Ouster OS0-32 Rev7 SR"},"content":{"rendered":"<div id=\"model-response-message-contentr_8cade3a3a392d67c\" class=\"markdown markdown-main-panel stronger enable-updated-hr-color\" dir=\"ltr\">\n<div id=\"model-response-message-contentr_13f1f7e95ab2a8ec\" class=\"markdown markdown-main-panel stronger enable-updated-hr-color\" dir=\"ltr\">\n<div id=\"model-response-message-contentr_30f8c942791a5642\" class=\"markdown markdown-main-panel stronger enable-updated-hr-color\" dir=\"ltr\">\n<div class=\"source-inline-chip-container ng-star-inserted\">\n<h4>Caracter\u00edsticas y beneficios clave<\/h4>\n<p>El OS0-32 Rev7 SR est\u00e1 dise\u00f1ado para brindar un rendimiento y una confiabilidad superiores y presenta:<\/p>\n<ul>\n<li><b><span class=\"citation-521\">Campo de visi\u00f3n ultra amplio (FOV):<\/span><\/b><span class=\"citation-521 citation-end-521\"> Cuenta con una <\/span><span class=\"math-inline\" data-math=\"90^\\circ\">90\u00ba<\/span><span class=\"citation-520 citation-end-520\"> campo de visi\u00f3n vertical y un \u00e1ngulo completo de 3<\/span><span class=\"math-inline\" data-math=\"360^\\circ\">60\u00ba<\/span><span class=\"citation-519 citation-end-519\">\u00a0campo de visi\u00f3n horizontal, lo que le permite \u201cver todo, desde el suelo hasta el techo\u201d en estrecha proximidad.<\/span><\/li>\n<li><b><span class=\"citation-518\">32 Canales de Resoluci\u00f3n:<\/span><\/b><span class=\"citation-518 citation-end-518\"> Proporciona nubes de puntos 3D densas y de alta calidad para un conocimiento ambiental preciso.<\/span><\/li>\n<li><b><span class=\"citation-517\">Optimizaci\u00f3n de corto alcance:<\/span><\/b><span class=\"citation-517 citation-end-517\"> Dise\u00f1ado para la percepci\u00f3n de campo cercano, es muy eficaz en entornos como almacenes, calles de la ciudad y aplicaciones interiores y exteriores.<\/span>\n<ul>\n<li>Tiene una <b>alcance m\u00ednimo de 0,3 m<\/b> y un alcance m\u00e1ximo medible de m\u00e1s de 100 m.<\/li>\n<li><span class=\"citation-516 citation-end-516\">Puede detectar una\u00a0<\/span><span class=\"math-inline\" data-math=\"10\\%\">10%<\/span><span class=\"citation-515\">\u00a0objetivo reflectante a una distancia de hasta <\/span><b><span class=\"citation-515\">35 metros<\/span><\/b><span class=\"citation-515 citation-end-515\"> en condiciones de alta luminosidad solar (<\/span><span class=\"math-inline\" data-math=\"100 \\text{ klx}\">100 klx<\/span><span class=\"citation-514 citation-end-514\">).<\/span><\/li>\n<\/ul>\n<\/li>\n<li><b><span class=\"citation-513\">Tecnolog\u00eda LiDAR digital (chip L3):<\/span><\/b><span class=\"citation-513 citation-end-513\"> Impulsada por el chip L3 personalizado de Ouster, la generaci\u00f3n Rev7 ofrece importantes mejoras de rendimiento, incluido un aumento de 10x en la sensibilidad a los fotones y un aumento de 2x en el alcance en comparaci\u00f3n con su predecesor.<\/span><\/li>\n<li><b>Doble retorno:<\/b><span class=\"citation-512 citation-end-512\"> Admite el modo de retorno dual, que mejora el rendimiento y la densidad de datos en condiciones dif\u00edciles como lluvia, niebla o polvo.<\/span><\/li>\n<li><b><span class=\"citation-511\">Datos de im\u00e1genes:<\/span><\/b><span class=\"citation-511 citation-end-511\"> Proporciona datos de se\u00f1al e infrarrojo cercano (NIR) con calidad de c\u00e1mara para cada punto, lo que mejora la clasificaci\u00f3n y la percepci\u00f3n de los objetos.<\/span>\n<div class=\"source-inline-chip-container ng-star-inserted\"><\/div>\n<\/li>\n<\/ul>\n<h4>Resumen de especificaciones t\u00e9cnicas<\/h4>\n<table>\n<thead>\n<tr>\n<td><strong>Caracter\u00edstica<\/strong><\/td>\n<td><strong>Especificaci\u00f3n<\/strong><\/td>\n<\/tr>\n<\/thead>\n<tbody>\n<tr>\n<td><b>Modelo<\/b><\/td>\n<td>OS0-32 Rev7 SR<\/td>\n<\/tr>\n<tr>\n<td><b>Resoluci\u00f3n vertical<\/b><\/td>\n<td>32 canales<\/td>\n<\/tr>\n<tr>\n<td><b>Campo de visi\u00f3n vertical<\/b><\/td>\n<td><span class=\"math-inline\" data-math=\"90^\\circ\">90\u00ba<\/span> (+-<span class=\"math-inline\" data-math=\"\\pm 45^\\circ\">45\u00ba<\/span>)<\/td>\n<\/tr>\n<tr>\n<td><b>Campo de visi\u00f3n horizontal<\/b><\/td>\n<td><span class=\"math-inline\" data-math=\"360^\\circ\">360\u00ba<\/span><\/td>\n<\/tr>\n<tr>\n<td><b>Alcance m\u00e1ximo (<span class=\"math-inline\" data-math=\"10\\%\">10%<\/span>\u00a0Reflectividad)<\/b><\/td>\n<td>35 metros (<span class=\"math-inline\" data-math=\"1024 @ 10 \\text{ Hz mode, } 100 \\text{ klx sunlight}\">Modo 1024 a 10 Hz, 100 klx de luz solar<\/span>)<\/td>\n<\/tr>\n<tr>\n<td><b>Rango m\u00ednimo<\/b><\/td>\n<td><span class=\"math-inline\" data-math=\"0.3 \\text{ m}\">0,3 metros<\/span> (configurable desde <span class=\"math-inline\" data-math=\"0.5 \\text{ m}\">0,5 metros<\/span>)<\/td>\n<\/tr>\n<tr>\n<td><b>Precisi\u00f3n<\/b><\/td>\n<td>M\u00ednimo <span class=\"math-inline\" data-math=\"\\pm 0.8 \\text{ cm}\">+- 0,8 cm<\/span><\/td>\n<\/tr>\n<tr>\n<td><b>Puntos por segundo<\/b><\/td>\n<td>Arriba a <span class=\"math-inline\" data-math=\"1.3\">1.3<\/span>\u00a0millones de puntos por segundo<\/td>\n<\/tr>\n<tr>\n<td><b>Protecci\u00f3n de entrada<\/b><\/td>\n<td>IP68 \/ IP69K (resistente al polvo y al agua a alta presi\u00f3n)<\/td>\n<\/tr>\n<tr>\n<td><b>Temperatura de funcionamiento<\/b><\/td>\n<td><span class=\"math-inline\" data-math=\"-40^\\circ \\text{C}\">-40\u00ba C<\/span> a <span class=\"math-inline\" data-math=\"+60^\\circ \\text{C}\">+60\u00ba C<\/span><\/td>\n<\/tr>\n<tr>\n<td><b>Tama\u00f1o y peso<\/b><\/td>\n<td>Compacto y ligero (<span class=\"math-inline\" data-math=\"\\approx 500 \\text{ g}\">aproximadamente 500 g<\/span>)<\/td>\n<\/tr>\n<tr>\n<td><b>Datos y conexi\u00f3n<\/b><\/td>\n<td>UDP sobre Gigabit Ethernet; incluye IMU (unidad de medici\u00f3n inercial) integrada<\/td>\n<\/tr>\n<\/tbody>\n<\/table>\n<\/div>\n<\/div>\n<\/div>\n<\/div>","protected":false},"excerpt":{"rendered":"<p><span class=\"citation-523 interactive-span-hovered\">El <\/span><b><span class=\"citation-523 interactive-span-hovered\">Ouster OS0-32 Rev7 SR<\/span><\/b><span class=\"citation-523 citation-end-523 interactive-span-hovered\"> es un sensor LiDAR digital de campo de visi\u00f3n (FOV) ultra amplio y de alta resoluci\u00f3n, parte de la familia OS0 de corto alcance (SR) de Ouster.<\/span> <span class=\"citation-522\">Dise\u00f1ado para la percepci\u00f3n a corta distancia, es una soluci\u00f3n ideal para una variedad de aplicaciones exigentes, que incluyen <\/span><b><span class=\"citation-522\">veh\u00edculos aut\u00f3nomos, rob\u00f3tica, automatizaci\u00f3n industrial y mapeo 3D<\/span><\/b><span class=\"citation-522 citation-end-522\"> en entornos complejos.<\/span><\/p>\n<div class=\"source-inline-chip-container ng-star-inserted\"><\/div>\n<div class=\"source-inline-chip-container ng-star-inserted\"><\/div>","protected":false},"featured_media":21979,"comment_status":"open","ping_status":"closed","template":"","meta":[],"product_brand":[1140],"product_cat":[1139,1037,1040],"product_tag":[1142,1141,1143],"class_list":{"0":"post-22009","1":"product","2":"type-product","3":"status-publish","4":"has-post-thumbnail","6":"product_brand-ouster","7":"product_cat-ouster-lidars","8":"product_cat-robotics","9":"product_cat-sensors-robotics","10":"product_tag-ouster-dome-lidar","11":"product_tag-ouster-lidars","12":"product_tag-ouster-rev7-sr-series","14":"first","15":"onbackorder","16":"taxable","17":"shipping-taxable","18":"purchasable","19":"product-type-simple"},"yoast_head":"<!-- This site is optimized with the Yoast SEO plugin v27.1.1 - https:\/\/yoast.com\/product\/yoast-seo-wordpress\/ -->\n<title>Ouster OS0-32 Rev7 SR - Ghostysky<\/title>\n<meta name=\"description\" content=\"The Ouster OS0-32 Rev7 SR is a high-resolution, ultra-wide field-of-view (FOV) digital LiDAR sensor, part of Ouster&#039;s short-range (SR) OS0 family. Designed for close-range perception, it is an ideal solution for a variety of demanding applications, including autonomous vehicles, robotics, industrial automation, and 3D mapping in complex environments.\" \/>\n<meta name=\"robots\" content=\"index, follow, max-snippet:-1, max-image-preview:large, max-video-preview:-1\" \/>\n<link rel=\"canonical\" href=\"https:\/\/www.ghostysky.com\/es\/producto-2\/ouster-os0-32-rev7-sr\/\" \/>\n<meta property=\"og:locale\" content=\"es_ES\" \/>\n<meta property=\"og:type\" content=\"article\" \/>\n<meta property=\"og:title\" content=\"Ouster OS0-32 Rev7 SR - Ghostysky\" \/>\n<meta property=\"og:description\" content=\"The Ouster OS0-32 Rev7 SR is a high-resolution, ultra-wide field-of-view (FOV) digital LiDAR sensor, part of Ouster&#039;s short-range (SR) OS0 family. Designed for close-range perception, it is an ideal solution for a variety of demanding applications, including autonomous vehicles, robotics, industrial automation, and 3D mapping in complex environments.\" \/>\n<meta property=\"og:url\" content=\"https:\/\/www.ghostysky.com\/es\/producto-2\/ouster-os0-32-rev7-sr\/\" \/>\n<meta property=\"og:site_name\" content=\"Ghostysky\" \/>\n<meta property=\"article:publisher\" content=\"https:\/\/www.facebook.com\/people\/Ghostysky\/100057676170234\/\" \/>\n<meta property=\"article:modified_time\" content=\"2026-02-24T13:48:24+00:00\" \/>\n<meta property=\"og:image\" content=\"https:\/\/www.ghostysky.com\/wp-content\/uploads\/2025\/10\/GH_Ouster-Ouster-OS0-32-Rev7_1.png\" \/>\n\t<meta property=\"og:image:width\" content=\"800\" \/>\n\t<meta property=\"og:image:height\" content=\"800\" \/>\n\t<meta property=\"og:image:type\" content=\"image\/png\" \/>\n<meta name=\"twitter:card\" content=\"summary_large_image\" \/>\n<meta name=\"twitter:site\" content=\"@Gh0stysky\" \/>\n<meta name=\"twitter:label1\" content=\"Tiempo de lectura\" \/>\n\t<meta name=\"twitter:data1\" content=\"2 minutos\" \/>\n<script type=\"application\/ld+json\" class=\"yoast-schema-graph\">{\"@context\":\"https:\/\/schema.org\",\"@graph\":[{\"@type\":\"WebPage\",\"@id\":\"https:\/\/www.ghostysky.com\/product\/ouster-os0-32-rev7-sr\/\",\"url\":\"https:\/\/www.ghostysky.com\/product\/ouster-os0-32-rev7-sr\/\",\"name\":\"Ouster OS0-32 Rev7 SR - Ghostysky\",\"isPartOf\":{\"@id\":\"https:\/\/www.ghostysky.com\/#website\"},\"primaryImageOfPage\":{\"@id\":\"https:\/\/www.ghostysky.com\/product\/ouster-os0-32-rev7-sr\/#primaryimage\"},\"image\":{\"@id\":\"https:\/\/www.ghostysky.com\/product\/ouster-os0-32-rev7-sr\/#primaryimage\"},\"thumbnailUrl\":\"https:\/\/www.ghostysky.com\/wp-content\/uploads\/2025\/10\/GH_Ouster-Ouster-OS0-32-Rev7_1.png\",\"datePublished\":\"2025-10-19T11:53:40+00:00\",\"dateModified\":\"2026-02-24T13:48:24+00:00\",\"description\":\"The Ouster OS0-32 Rev7 SR is a high-resolution, ultra-wide field-of-view (FOV) digital LiDAR sensor, part of Ouster's short-range (SR) OS0 family. Designed for close-range perception, it is an ideal solution for a variety of demanding applications, including autonomous vehicles, robotics, industrial automation, and 3D mapping in complex environments.\",\"breadcrumb\":{\"@id\":\"https:\/\/www.ghostysky.com\/product\/ouster-os0-32-rev7-sr\/#breadcrumb\"},\"inLanguage\":\"es\",\"potentialAction\":[{\"@type\":\"ReadAction\",\"target\":[\"https:\/\/www.ghostysky.com\/product\/ouster-os0-32-rev7-sr\/\"]}]},{\"@type\":\"ImageObject\",\"inLanguage\":\"es\",\"@id\":\"https:\/\/www.ghostysky.com\/product\/ouster-os0-32-rev7-sr\/#primaryimage\",\"url\":\"https:\/\/www.ghostysky.com\/wp-content\/uploads\/2025\/10\/GH_Ouster-Ouster-OS0-32-Rev7_1.png\",\"contentUrl\":\"https:\/\/www.ghostysky.com\/wp-content\/uploads\/2025\/10\/GH_Ouster-Ouster-OS0-32-Rev7_1.png\",\"width\":800,\"height\":800},{\"@type\":\"BreadcrumbList\",\"@id\":\"https:\/\/www.ghostysky.com\/product\/ouster-os0-32-rev7-sr\/#breadcrumb\",\"itemListElement\":[{\"@type\":\"ListItem\",\"position\":1,\"name\":\"Home\",\"item\":\"https:\/\/www.ghostysky.com\/\"},{\"@type\":\"ListItem\",\"position\":2,\"name\":\"Shop\",\"item\":\"https:\/\/www.ghostysky.com\/shop\/\"},{\"@type\":\"ListItem\",\"position\":3,\"name\":\"Ouster OS0-32 Rev7 SR\"}]},{\"@type\":\"WebSite\",\"@id\":\"https:\/\/www.ghostysky.com\/#website\",\"url\":\"https:\/\/www.ghostysky.com\/\",\"name\":\"Ghostysky\",\"description\":\"Delivering professional drones and services\",\"publisher\":{\"@id\":\"https:\/\/www.ghostysky.com\/#organization\"},\"potentialAction\":[{\"@type\":\"SearchAction\",\"target\":{\"@type\":\"EntryPoint\",\"urlTemplate\":\"https:\/\/www.ghostysky.com\/?s={search_term_string}\"},\"query-input\":{\"@type\":\"PropertyValueSpecification\",\"valueRequired\":true,\"valueName\":\"search_term_string\"}}],\"inLanguage\":\"es\"},{\"@type\":\"Organization\",\"@id\":\"https:\/\/www.ghostysky.com\/#organization\",\"name\":\"Ghostysky\",\"url\":\"https:\/\/www.ghostysky.com\/\",\"logo\":{\"@type\":\"ImageObject\",\"inLanguage\":\"es\",\"@id\":\"https:\/\/www.ghostysky.com\/#\/schema\/logo\/image\/\",\"url\":\"https:\/\/www.ghostysky.com\/wp-content\/uploads\/2020\/06\/cropped-ghostyskylogo_text_white2.png\",\"contentUrl\":\"https:\/\/www.ghostysky.com\/wp-content\/uploads\/2020\/06\/cropped-ghostyskylogo_text_white2.png\",\"width\":169,\"height\":56,\"caption\":\"Ghostysky\"},\"image\":{\"@id\":\"https:\/\/www.ghostysky.com\/#\/schema\/logo\/image\/\"},\"sameAs\":[\"https:\/\/www.facebook.com\/people\/Ghostysky\/100057676170234\/\",\"https:\/\/x.com\/Gh0stysky\",\"https:\/\/www.linkedin.com\/company\/34739653\",\"https:\/\/www.instagram.com\/gh0stysky\"]}]}<\/script>\n<!-- \/ Yoast SEO plugin. -->","yoast_head_json":{"title":"Ouster OS0-32 Rev7 SR - Ghostysky","description":"El Ouster OS0-32 Rev7 SR es un sensor LiDAR digital de alta resoluci\u00f3n y campo de visi\u00f3n (FOV) ultra amplio, perteneciente a la familia OS0 de corto alcance (SR) de Ouster. Dise\u00f1ado para la percepci\u00f3n a corta distancia, es la soluci\u00f3n ideal para diversas aplicaciones exigentes, como veh\u00edculos aut\u00f3nomos, rob\u00f3tica, automatizaci\u00f3n industrial y mapeo 3D en entornos complejos.","robots":{"index":"index","follow":"follow","max-snippet":"max-snippet:-1","max-image-preview":"max-image-preview:large","max-video-preview":"max-video-preview:-1"},"canonical":"https:\/\/www.ghostysky.com\/es\/producto-2\/ouster-os0-32-rev7-sr\/","og_locale":"es_ES","og_type":"article","og_title":"Ouster OS0-32 Rev7 SR - Ghostysky","og_description":"The Ouster OS0-32 Rev7 SR is a high-resolution, ultra-wide field-of-view (FOV) digital LiDAR sensor, part of Ouster's short-range (SR) OS0 family. Designed for close-range perception, it is an ideal solution for a variety of demanding applications, including autonomous vehicles, robotics, industrial automation, and 3D mapping in complex environments.","og_url":"https:\/\/www.ghostysky.com\/es\/producto-2\/ouster-os0-32-rev7-sr\/","og_site_name":"Ghostysky","article_publisher":"https:\/\/www.facebook.com\/people\/Ghostysky\/100057676170234\/","article_modified_time":"2026-02-24T13:48:24+00:00","og_image":[{"width":800,"height":800,"url":"https:\/\/www.ghostysky.com\/wp-content\/uploads\/2025\/10\/GH_Ouster-Ouster-OS0-32-Rev7_1.png","type":"image\/png"}],"twitter_card":"summary_large_image","twitter_site":"@Gh0stysky","twitter_misc":{"Tiempo de lectura":"2 minutos"},"schema":{"@context":"https:\/\/schema.org","@graph":[{"@type":"WebPage","@id":"https:\/\/www.ghostysky.com\/product\/ouster-os0-32-rev7-sr\/","url":"https:\/\/www.ghostysky.com\/product\/ouster-os0-32-rev7-sr\/","name":"Ouster OS0-32 Rev7 SR - Ghostysky","isPartOf":{"@id":"https:\/\/www.ghostysky.com\/#website"},"primaryImageOfPage":{"@id":"https:\/\/www.ghostysky.com\/product\/ouster-os0-32-rev7-sr\/#primaryimage"},"image":{"@id":"https:\/\/www.ghostysky.com\/product\/ouster-os0-32-rev7-sr\/#primaryimage"},"thumbnailUrl":"https:\/\/www.ghostysky.com\/wp-content\/uploads\/2025\/10\/GH_Ouster-Ouster-OS0-32-Rev7_1.png","datePublished":"2025-10-19T11:53:40+00:00","dateModified":"2026-02-24T13:48:24+00:00","description":"El Ouster OS0-32 Rev7 SR es un sensor LiDAR digital de alta resoluci\u00f3n y campo de visi\u00f3n (FOV) ultra amplio, perteneciente a la familia OS0 de corto alcance (SR) de Ouster. Dise\u00f1ado para la percepci\u00f3n a corta distancia, es la soluci\u00f3n ideal para diversas aplicaciones exigentes, como veh\u00edculos aut\u00f3nomos, rob\u00f3tica, automatizaci\u00f3n industrial y mapeo 3D en entornos complejos.","breadcrumb":{"@id":"https:\/\/www.ghostysky.com\/product\/ouster-os0-32-rev7-sr\/#breadcrumb"},"inLanguage":"es","potentialAction":[{"@type":"ReadAction","target":["https:\/\/www.ghostysky.com\/product\/ouster-os0-32-rev7-sr\/"]}]},{"@type":"ImageObject","inLanguage":"es","@id":"https:\/\/www.ghostysky.com\/product\/ouster-os0-32-rev7-sr\/#primaryimage","url":"https:\/\/www.ghostysky.com\/wp-content\/uploads\/2025\/10\/GH_Ouster-Ouster-OS0-32-Rev7_1.png","contentUrl":"https:\/\/www.ghostysky.com\/wp-content\/uploads\/2025\/10\/GH_Ouster-Ouster-OS0-32-Rev7_1.png","width":800,"height":800},{"@type":"BreadcrumbList","@id":"https:\/\/www.ghostysky.com\/product\/ouster-os0-32-rev7-sr\/#breadcrumb","itemListElement":[{"@type":"ListItem","position":1,"name":"Home","item":"https:\/\/www.ghostysky.com\/"},{"@type":"ListItem","position":2,"name":"Shop","item":"https:\/\/www.ghostysky.com\/shop\/"},{"@type":"ListItem","position":3,"name":"Ouster OS0-32 Rev7 SR"}]},{"@type":"WebSite","@id":"https:\/\/www.ghostysky.com\/#website","url":"https:\/\/www.ghostysky.com\/","name":"Ghostysky","description":"Entrega de drones y servicios profesionales","publisher":{"@id":"https:\/\/www.ghostysky.com\/#organization"},"potentialAction":[{"@type":"SearchAction","target":{"@type":"EntryPoint","urlTemplate":"https:\/\/www.ghostysky.com\/?s={search_term_string}"},"query-input":{"@type":"PropertyValueSpecification","valueRequired":true,"valueName":"search_term_string"}}],"inLanguage":"es"},{"@type":"Organization","@id":"https:\/\/www.ghostysky.com\/#organization","name":"Ghostysky","url":"https:\/\/www.ghostysky.com\/","logo":{"@type":"ImageObject","inLanguage":"es","@id":"https:\/\/www.ghostysky.com\/#\/schema\/logo\/image\/","url":"https:\/\/www.ghostysky.com\/wp-content\/uploads\/2020\/06\/cropped-ghostyskylogo_text_white2.png","contentUrl":"https:\/\/www.ghostysky.com\/wp-content\/uploads\/2020\/06\/cropped-ghostyskylogo_text_white2.png","width":169,"height":56,"caption":"Ghostysky"},"image":{"@id":"https:\/\/www.ghostysky.com\/#\/schema\/logo\/image\/"},"sameAs":["https:\/\/www.facebook.com\/people\/Ghostysky\/100057676170234\/","https:\/\/x.com\/Gh0stysky","https:\/\/www.linkedin.com\/company\/34739653","https:\/\/www.instagram.com\/gh0stysky"]}]}},"_links":{"self":[{"href":"https:\/\/www.ghostysky.com\/es\/wp-json\/wp\/v2\/product\/22009","targetHints":{"allow":["GET"]}}],"collection":[{"href":"https:\/\/www.ghostysky.com\/es\/wp-json\/wp\/v2\/product"}],"about":[{"href":"https:\/\/www.ghostysky.com\/es\/wp-json\/wp\/v2\/types\/product"}],"replies":[{"embeddable":true,"href":"https:\/\/www.ghostysky.com\/es\/wp-json\/wp\/v2\/comments?post=22009"}],"wp:featuredmedia":[{"embeddable":true,"href":"https:\/\/www.ghostysky.com\/es\/wp-json\/wp\/v2\/media\/21979"}],"wp:attachment":[{"href":"https:\/\/www.ghostysky.com\/es\/wp-json\/wp\/v2\/media?parent=22009"}],"wp:term":[{"taxonomy":"product_brand","embeddable":true,"href":"https:\/\/www.ghostysky.com\/es\/wp-json\/wp\/v2\/product_brand?post=22009"},{"taxonomy":"product_cat","embeddable":true,"href":"https:\/\/www.ghostysky.com\/es\/wp-json\/wp\/v2\/product_cat?post=22009"},{"taxonomy":"product_tag","embeddable":true,"href":"https:\/\/www.ghostysky.com\/es\/wp-json\/wp\/v2\/product_tag?post=22009"}],"curies":[{"name":"wp","href":"https:\/\/api.w.org\/{rel}","templated":true}]}}