{"id":22012,"date":"2025-10-19T12:00:09","date_gmt":"2025-10-19T12:00:09","guid":{"rendered":"https:\/\/www.ghostysky.com\/?post_type=product&#038;p=22012"},"modified":"2026-02-24T13:53:35","modified_gmt":"2026-02-24T13:53:35","slug":"ouster-os0-64-rev7-sr","status":"publish","type":"product","link":"https:\/\/www.ghostysky.com\/es\/product\/ouster-os0-64-rev7-sr\/","title":{"rendered":"Ouster OS0-64 Rev7 SR"},"content":{"rendered":"<div id=\"model-response-message-contentr_8cade3a3a392d67c\" class=\"markdown markdown-main-panel stronger enable-updated-hr-color\" dir=\"ltr\">\n<div id=\"model-response-message-contentr_13f1f7e95ab2a8ec\" class=\"markdown markdown-main-panel stronger enable-updated-hr-color\" dir=\"ltr\">\n<div id=\"model-response-message-contentr_30f8c942791a5642\" class=\"markdown markdown-main-panel stronger enable-updated-hr-color\" dir=\"ltr\">\n<h4>Caracter\u00edsticas y especificaciones clave<\/h4>\n<p><span class=\"citation-543\">El OS0-64 Rev7 SR aprovecha la tecnolog\u00eda patentada de Ouster <\/span><b><span class=\"citation-543\">Lidar digital<\/span><\/b><span class=\"citation-543\"> Tecnolog\u00eda, impulsada por la nueva <\/span><b><span class=\"citation-543\">Chip L3<\/span><\/b><span class=\"citation-543 citation-end-543\">, lo que ofrece un aumento significativo en el rendimiento, la precisi\u00f3n y la confiabilidad con respecto a las generaciones anteriores.<\/span><\/p>\n<table>\n<thead>\n<tr>\n<td><strong>Caracter\u00edstica<\/strong><\/td>\n<td><strong>Especificaci\u00f3n \/ Detalle<\/strong><\/td>\n<\/tr>\n<\/thead>\n<tbody>\n<tr>\n<td><b>Canales (Resoluci\u00f3n)<\/b><\/td>\n<td>64 canales verticales<\/td>\n<\/tr>\n<tr>\n<td><b>Campo de visi\u00f3n (FOV)<\/b><\/td>\n<td><b>90.8\u00b0<\/b> (Vertical) x <b>360\u00b0<\/b> (Horizontal) para una percepci\u00f3n superior del campo cercano<\/td>\n<\/tr>\n<tr>\n<td><b>Rango m\u00e1ximo representable<\/b><\/td>\n<td>207 metros<\/td>\n<\/tr>\n<tr>\n<td><b>Rango (Reflectividad 10%)<\/b><\/td>\n<td><span class=\"math-inline\" data-math=\"\\sim 15\\text{ m}\">~~ 15 metros<\/span> (&gt;=<span class=\"math-inline\" data-math=\"\\ge 90\\%\"> 90%<\/span> probabilidad de detecci\u00f3n) en <span class=\"math-inline\" data-math=\"100\\text{ klx}\">100 klx<\/span>\u00a0luz del sol<\/td>\n<\/tr>\n<tr>\n<td><b>Rango m\u00ednimo<\/b><\/td>\n<td><span class=\"math-inline\" data-math=\"0.3\\text{ m}\">0,3 metros<\/span> (configurable desde <span class=\"math-inline\" data-math=\"0.5\\text{ m}\">0,5 metros<\/span>\u00a0por defecto)<\/td>\n<\/tr>\n<tr>\n<td><b>Puntos por segundo<\/b><\/td>\n<td>Arriba a <span class=\"math-inline\" data-math=\"1,310,720\">1,310,720<\/span>\u00a0(configurable)<\/td>\n<\/tr>\n<tr>\n<td><b>Precisi\u00f3n<\/b><\/td>\n<td><b>Nivel milim\u00e9trico<\/b> precisi\u00f3n, <span class=\"math-inline\" data-math=\"\\pm 2.5\\text{ cm}\">+- 2,5 cm<\/span>\u00a0t\u00edpico de los objetivos lambertianos<\/td>\n<\/tr>\n<tr>\n<td><b>Devoluciones<\/b><\/td>\n<td>Arriba a <b>Doble retorno<\/b> por pulso l\u00e1ser para una mejor clasificaci\u00f3n de objetos<\/td>\n<\/tr>\n<tr>\n<td><b>Producci\u00f3n<\/b><\/td>\n<td>Datos 3D en tiempo real a trav\u00e9s de UDP sobre Gigabit Ethernet<\/td>\n<\/tr>\n<tr>\n<td><b>Durabilidad y clasificaci\u00f3n<\/b><\/td>\n<td>Factor de forma robusto y compacto con <b>IP68\/IP69K<\/b> protecci\u00f3n de entrada<\/td>\n<\/tr>\n<tr>\n<td><b>Temperatura de funcionamiento<\/b><\/td>\n<td><span class=\"math-inline\" data-math=\"-40\\text{ \u00b0C}\">-40 \u00b0C<\/span> a <span class=\"math-inline\" data-math=\"+60\\text{ \u00b0C}\">+60 \u00b0C<\/span><\/td>\n<\/tr>\n<tr>\n<td><b>Peso<\/b><\/td>\n<td>Ligero, aproximadamente <span class=\"math-inline\" data-math=\"502\\text{ g}\">502 gramos<\/span>\u00a0(con tapa radial)<\/td>\n<\/tr>\n<tr>\n<td><b>Tecnolog\u00eda<\/b><\/td>\n<td>Propiedad <b>SPAD<\/b> Detectores de diodo de avalancha de fot\u00f3n \u00fanico y chip L3<\/td>\n<\/tr>\n<\/tbody>\n<\/table>\n<h4>Ventajas y aplicaciones<\/h4>\n<h4>Rendimiento y confiabilidad<\/h4>\n<ul>\n<li><b>Vista ultra amplia:<\/b><span class=\"citation-542 citation-end-542\"> El <\/span><span class=\"math-inline\" data-math=\"90^{\\circ}\">90\u00ba <\/span><span class=\"citation-541 citation-end-541\">El campo de visi\u00f3n vertical permite que el sensor vea desde el piso hasta el techo\/parte superior de un veh\u00edculo, lo cual es crucial para detectar bordillos, paletas u obst\u00e1culos elevados en las proximidades.<\/span><\/li>\n<li><b><span class=\"citation-540\">Datos de alta calidad:<\/span><\/b><span class=\"citation-540 citation-end-540\"> Proporciona nubes de puntos limpias y densas y datos de se\u00f1ales e infrarrojos cercanos de calidad de c\u00e1mara 2D alineados con los p\u00edxeles, incluso en condiciones dif\u00edciles como polvo o niebla, gracias a los retornos duales y la supresi\u00f3n de diafon\u00eda de m\u00faltiples sensores.<\/span><\/li>\n<li><b><span class=\"citation-539\">Dise\u00f1o robusto:<\/span><\/b><span class=\"citation-539 citation-end-539\"> Dise\u00f1ado para brindar confiabilidad en el mundo real con componentes de calidad automotriz, el sensor es resistente a golpes, vibraciones y temperaturas extremas, lo que lo hace adecuado para entornos interiores y exteriores en todo tipo de clima.<\/span><\/li>\n<\/ul>\n<h4>Facilidad de integraci\u00f3n<\/h4>\n<ul>\n<li><b>Tama\u00f1o compacto:<\/b><span class=\"citation-538 citation-end-538\"> Su peque\u00f1o tama\u00f1o y peso ligero permiten una integraci\u00f3n f\u00e1cil y perfecta en drones, robots m\u00f3viles y veh\u00edculos.<\/span><\/li>\n<li><b>Autonom\u00eda lista:<\/b><span class=\"citation-537\"> Admite el est\u00e1ndar de la industria <\/span><b><span class=\"citation-537\">Ethernet GigE<\/span><\/b><span class=\"citation-537\"> Conectividad, con c\u00f3digo abierto <\/span><b><span class=\"citation-537\">ROS\/ROS2<\/span><\/b><span class=\"citation-537 citation-end-537\"> y controladores C++, simplificando el desarrollo y la implementaci\u00f3n.<\/span><\/li>\n<\/ul>\n<h4>Aplicaciones ideales<\/h4>\n<p>El OS0-64 Rev7 SR est\u00e1 optimizado principalmente para <b>percepci\u00f3n de corto alcance y alta resoluci\u00f3n<\/b> en \u00e1reas como:<\/p>\n<ul>\n<li><b><span class=\"citation-536\">Robots m\u00f3viles aut\u00f3nomos (AMR)<\/span><\/b><span class=\"citation-536\"> y <\/span><b><span class=\"citation-536 citation-end-536\">Automatizaci\u00f3n de almacenes<\/span><\/b><\/li>\n<li><b>Rob\u00f3tica<\/b> y <b>Drones<\/b><\/li>\n<li><b><span class=\"citation-535\">Veh\u00edculos aut\u00f3nomos (AV)<\/span><\/b><span class=\"citation-535\"> y <\/span><b><span class=\"citation-535\">Sistemas avanzados de asistencia al conductor (ADAS)<\/span><\/b><span class=\"citation-535 citation-end-535\"> (Sistemas avanzados de asistencia a la conducci\u00f3n) para la percepci\u00f3n de campo cercano<\/span><\/li>\n<li><b>Mapeo 3D de alta precisi\u00f3n<\/b> para entornos interiores y urbanos<\/li>\n<\/ul>\n<\/div>\n<\/div>\n<\/div>","protected":false},"excerpt":{"rendered":"<p><span class=\"citation-545\">El Ouster OS0-64 Rev7 SR es un sistema compacto y de alto rendimiento. <\/span><b><span class=\"citation-545\">sensor LiDAR digital de campo de visi\u00f3n (FOV) ultra amplio<\/span><\/b><span class=\"citation-545 citation-end-545\"> Dise\u00f1ado para percepci\u00f3n de corto alcance y alta precisi\u00f3n en aplicaciones exigentes como rob\u00f3tica, automatizaci\u00f3n de almacenes y veh\u00edculos aut\u00f3nomos (AV).<\/span><\/p>\n<p><span class=\"citation-544\">La designaci\u00f3n \u201cSR\u201d significa <\/span><b><span class=\"citation-544\">Corto alcance<\/span><\/b><span class=\"citation-544\">, optimizando el sensor para la detecci\u00f3n en espacios reducidos y el mapeo ambiental detallado, mientras que <\/span><b><span class=\"citation-544\">64 canales<\/span><\/b><span class=\"citation-544 citation-end-544\"> Proporcionar una nube de puntos densa y de alta resoluci\u00f3n.<\/span><\/p>","protected":false},"featured_media":21979,"comment_status":"open","ping_status":"closed","template":"","meta":[],"product_brand":[1140],"product_cat":[1139,1037,1040],"product_tag":[1142,1141,1143],"class_list":{"0":"post-22012","1":"product","2":"type-product","3":"status-publish","4":"has-post-thumbnail","6":"product_brand-ouster","7":"product_cat-ouster-lidars","8":"product_cat-robotics","9":"product_cat-sensors-robotics","10":"product_tag-ouster-dome-lidar","11":"product_tag-ouster-lidars","12":"product_tag-ouster-rev7-sr-series","14":"first","15":"onbackorder","16":"taxable","17":"shipping-taxable","18":"purchasable","19":"product-type-simple"},"yoast_head":"<!-- This site is optimized with the Yoast SEO plugin v27.4 - https:\/\/yoast.com\/product\/yoast-seo-wordpress\/ -->\n<title>Ouster OS0-64 Rev7 SR - Ghostysky<\/title>\n<meta name=\"description\" content=\"The Ouster OS0-64 Rev7 SR is a compact, high-performance ultra-wide field-of-view (FOV) digital LiDAR sensor designed for short-range, high-precision perception in demanding applications like robotics, warehouse automation, and autonomous vehicles (AVs).The &quot;SR&quot; designation stands for Short Range, optimizing the sensor for close-quarters detection and detailed environmental mapping, while the 64 channels provide a high-resolution, dense point cloud.\" \/>\n<meta name=\"robots\" content=\"index, follow, max-snippet:-1, max-image-preview:large, max-video-preview:-1\" \/>\n<link rel=\"canonical\" href=\"https:\/\/www.ghostysky.com\/es\/producto-2\/ouster-os0-64-rev7-sr\/\" \/>\n<meta property=\"og:locale\" content=\"es_ES\" \/>\n<meta property=\"og:type\" content=\"article\" \/>\n<meta property=\"og:title\" content=\"Ouster OS0-64 Rev7 SR - Ghostysky\" \/>\n<meta property=\"og:description\" content=\"The Ouster OS0-64 Rev7 SR is a compact, high-performance ultra-wide field-of-view (FOV) digital LiDAR sensor designed for short-range, high-precision perception in demanding applications like robotics, warehouse automation, and autonomous vehicles (AVs).The &quot;SR&quot; designation stands for Short Range, optimizing the sensor for close-quarters detection and detailed environmental mapping, while the 64 channels provide a high-resolution, dense point cloud.\" \/>\n<meta property=\"og:url\" content=\"https:\/\/www.ghostysky.com\/es\/producto-2\/ouster-os0-64-rev7-sr\/\" \/>\n<meta property=\"og:site_name\" content=\"Ghostysky\" \/>\n<meta property=\"article:publisher\" content=\"https:\/\/www.facebook.com\/people\/Ghostysky\/100057676170234\/\" \/>\n<meta property=\"article:modified_time\" content=\"2026-02-24T13:53:35+00:00\" \/>\n<meta property=\"og:image\" content=\"https:\/\/www.ghostysky.com\/wp-content\/uploads\/2025\/10\/GH_Ouster-Ouster-OS0-32-Rev7_1.png\" \/>\n\t<meta property=\"og:image:width\" content=\"800\" \/>\n\t<meta property=\"og:image:height\" content=\"800\" \/>\n\t<meta property=\"og:image:type\" content=\"image\/png\" \/>\n<meta name=\"twitter:card\" content=\"summary_large_image\" \/>\n<meta name=\"twitter:site\" content=\"@Gh0stysky\" \/>\n<meta name=\"twitter:label1\" content=\"Tiempo de lectura\" \/>\n\t<meta name=\"twitter:data1\" content=\"2 minutos\" \/>\n<script type=\"application\/ld+json\" class=\"yoast-schema-graph\">{\"@context\":\"https:\\\/\\\/schema.org\",\"@graph\":[{\"@type\":\"WebPage\",\"@id\":\"https:\\\/\\\/www.ghostysky.com\\\/product\\\/ouster-os0-64-rev7-sr\\\/\",\"url\":\"https:\\\/\\\/www.ghostysky.com\\\/product\\\/ouster-os0-64-rev7-sr\\\/\",\"name\":\"Ouster OS0-64 Rev7 SR - Ghostysky\",\"isPartOf\":{\"@id\":\"https:\\\/\\\/www.ghostysky.com\\\/#website\"},\"primaryImageOfPage\":{\"@id\":\"https:\\\/\\\/www.ghostysky.com\\\/product\\\/ouster-os0-64-rev7-sr\\\/#primaryimage\"},\"image\":{\"@id\":\"https:\\\/\\\/www.ghostysky.com\\\/product\\\/ouster-os0-64-rev7-sr\\\/#primaryimage\"},\"thumbnailUrl\":\"https:\\\/\\\/www.ghostysky.com\\\/wp-content\\\/uploads\\\/2025\\\/10\\\/GH_Ouster-Ouster-OS0-32-Rev7_1.png\",\"datePublished\":\"2025-10-19T12:00:09+00:00\",\"dateModified\":\"2026-02-24T13:53:35+00:00\",\"description\":\"The Ouster OS0-64 Rev7 SR is a compact, high-performance ultra-wide field-of-view (FOV) digital LiDAR sensor designed for short-range, high-precision perception in demanding applications like robotics, warehouse automation, and autonomous vehicles (AVs).The \\\"SR\\\" designation stands for Short Range, optimizing the sensor for close-quarters detection and detailed environmental mapping, while the 64 channels provide a high-resolution, dense point cloud.\",\"breadcrumb\":{\"@id\":\"https:\\\/\\\/www.ghostysky.com\\\/product\\\/ouster-os0-64-rev7-sr\\\/#breadcrumb\"},\"inLanguage\":\"es\",\"potentialAction\":[{\"@type\":\"ReadAction\",\"target\":[\"https:\\\/\\\/www.ghostysky.com\\\/product\\\/ouster-os0-64-rev7-sr\\\/\"]}]},{\"@type\":\"ImageObject\",\"inLanguage\":\"es\",\"@id\":\"https:\\\/\\\/www.ghostysky.com\\\/product\\\/ouster-os0-64-rev7-sr\\\/#primaryimage\",\"url\":\"https:\\\/\\\/www.ghostysky.com\\\/wp-content\\\/uploads\\\/2025\\\/10\\\/GH_Ouster-Ouster-OS0-32-Rev7_1.png\",\"contentUrl\":\"https:\\\/\\\/www.ghostysky.com\\\/wp-content\\\/uploads\\\/2025\\\/10\\\/GH_Ouster-Ouster-OS0-32-Rev7_1.png\",\"width\":800,\"height\":800},{\"@type\":\"BreadcrumbList\",\"@id\":\"https:\\\/\\\/www.ghostysky.com\\\/product\\\/ouster-os0-64-rev7-sr\\\/#breadcrumb\",\"itemListElement\":[{\"@type\":\"ListItem\",\"position\":1,\"name\":\"Home\",\"item\":\"https:\\\/\\\/www.ghostysky.com\\\/\"},{\"@type\":\"ListItem\",\"position\":2,\"name\":\"Shop\",\"item\":\"https:\\\/\\\/www.ghostysky.com\\\/shop\\\/\"},{\"@type\":\"ListItem\",\"position\":3,\"name\":\"Ouster OS0-64 Rev7 SR\"}]},{\"@type\":\"WebSite\",\"@id\":\"https:\\\/\\\/www.ghostysky.com\\\/#website\",\"url\":\"https:\\\/\\\/www.ghostysky.com\\\/\",\"name\":\"Ghostysky\",\"description\":\"Delivering professional drones and robotics solutions\",\"publisher\":{\"@id\":\"https:\\\/\\\/www.ghostysky.com\\\/#organization\"},\"potentialAction\":[{\"@type\":\"SearchAction\",\"target\":{\"@type\":\"EntryPoint\",\"urlTemplate\":\"https:\\\/\\\/www.ghostysky.com\\\/?s={search_term_string}\"},\"query-input\":{\"@type\":\"PropertyValueSpecification\",\"valueRequired\":true,\"valueName\":\"search_term_string\"}}],\"inLanguage\":\"es\"},{\"@type\":\"Organization\",\"@id\":\"https:\\\/\\\/www.ghostysky.com\\\/#organization\",\"name\":\"Ghostysky\",\"url\":\"https:\\\/\\\/www.ghostysky.com\\\/\",\"logo\":{\"@type\":\"ImageObject\",\"inLanguage\":\"es\",\"@id\":\"https:\\\/\\\/www.ghostysky.com\\\/#\\\/schema\\\/logo\\\/image\\\/\",\"url\":\"https:\\\/\\\/www.ghostysky.com\\\/wp-content\\\/uploads\\\/2020\\\/06\\\/cropped-ghostyskylogo_text_white2.png\",\"contentUrl\":\"https:\\\/\\\/www.ghostysky.com\\\/wp-content\\\/uploads\\\/2020\\\/06\\\/cropped-ghostyskylogo_text_white2.png\",\"width\":169,\"height\":56,\"caption\":\"Ghostysky\"},\"image\":{\"@id\":\"https:\\\/\\\/www.ghostysky.com\\\/#\\\/schema\\\/logo\\\/image\\\/\"},\"sameAs\":[\"https:\\\/\\\/www.facebook.com\\\/people\\\/Ghostysky\\\/100057676170234\\\/\",\"https:\\\/\\\/x.com\\\/Gh0stysky\",\"https:\\\/\\\/www.linkedin.com\\\/company\\\/34739653\",\"https:\\\/\\\/www.instagram.com\\\/gh0stysky\"]}]}<\/script>\n<!-- \/ Yoast SEO plugin. -->","yoast_head_json":{"title":"Ouster OS0-64 Rev7 SR - Ghostysky","description":"El Ouster OS0-64 Rev7 SR es un sensor LiDAR digital de campo de visi\u00f3n (FOV) ultra amplio, compacto y de alto rendimiento, dise\u00f1ado para la percepci\u00f3n de corto alcance y alta precisi\u00f3n en aplicaciones exigentes como rob\u00f3tica, automatizaci\u00f3n de almacenes y veh\u00edculos aut\u00f3nomos (AV). La designaci\u00f3n &quot;SR&quot; significa corto alcance, optimizando el sensor para la detecci\u00f3n en espacios reducidos y el mapeo ambiental detallado, mientras que los 64 canales proporcionan una nube de puntos densa y de alta resoluci\u00f3n.","robots":{"index":"index","follow":"follow","max-snippet":"max-snippet:-1","max-image-preview":"max-image-preview:large","max-video-preview":"max-video-preview:-1"},"canonical":"https:\/\/www.ghostysky.com\/es\/producto-2\/ouster-os0-64-rev7-sr\/","og_locale":"es_ES","og_type":"article","og_title":"Ouster OS0-64 Rev7 SR - Ghostysky","og_description":"The Ouster OS0-64 Rev7 SR is a compact, high-performance ultra-wide field-of-view (FOV) digital LiDAR sensor designed for short-range, high-precision perception in demanding applications like robotics, warehouse automation, and autonomous vehicles (AVs).The \"SR\" designation stands for Short Range, optimizing the sensor for close-quarters detection and detailed environmental mapping, while the 64 channels provide a high-resolution, dense point cloud.","og_url":"https:\/\/www.ghostysky.com\/es\/producto-2\/ouster-os0-64-rev7-sr\/","og_site_name":"Ghostysky","article_publisher":"https:\/\/www.facebook.com\/people\/Ghostysky\/100057676170234\/","article_modified_time":"2026-02-24T13:53:35+00:00","og_image":[{"width":800,"height":800,"url":"https:\/\/www.ghostysky.com\/wp-content\/uploads\/2025\/10\/GH_Ouster-Ouster-OS0-32-Rev7_1.png","type":"image\/png"}],"twitter_card":"summary_large_image","twitter_site":"@Gh0stysky","twitter_misc":{"Tiempo de lectura":"2 minutos"},"schema":{"@context":"https:\/\/schema.org","@graph":[{"@type":"WebPage","@id":"https:\/\/www.ghostysky.com\/product\/ouster-os0-64-rev7-sr\/","url":"https:\/\/www.ghostysky.com\/product\/ouster-os0-64-rev7-sr\/","name":"Ouster OS0-64 Rev7 SR - Ghostysky","isPartOf":{"@id":"https:\/\/www.ghostysky.com\/#website"},"primaryImageOfPage":{"@id":"https:\/\/www.ghostysky.com\/product\/ouster-os0-64-rev7-sr\/#primaryimage"},"image":{"@id":"https:\/\/www.ghostysky.com\/product\/ouster-os0-64-rev7-sr\/#primaryimage"},"thumbnailUrl":"https:\/\/www.ghostysky.com\/wp-content\/uploads\/2025\/10\/GH_Ouster-Ouster-OS0-32-Rev7_1.png","datePublished":"2025-10-19T12:00:09+00:00","dateModified":"2026-02-24T13:53:35+00:00","description":"El Ouster OS0-64 Rev7 SR es un sensor LiDAR digital de campo de visi\u00f3n (FOV) ultra amplio, compacto y de alto rendimiento, dise\u00f1ado para la percepci\u00f3n de corto alcance y alta precisi\u00f3n en aplicaciones exigentes como rob\u00f3tica, automatizaci\u00f3n de almacenes y veh\u00edculos aut\u00f3nomos (AV). La designaci\u00f3n &quot;SR&quot; significa corto alcance, optimizando el sensor para la detecci\u00f3n en espacios reducidos y el mapeo ambiental detallado, mientras que los 64 canales proporcionan una nube de puntos densa y de alta resoluci\u00f3n.","breadcrumb":{"@id":"https:\/\/www.ghostysky.com\/product\/ouster-os0-64-rev7-sr\/#breadcrumb"},"inLanguage":"es","potentialAction":[{"@type":"ReadAction","target":["https:\/\/www.ghostysky.com\/product\/ouster-os0-64-rev7-sr\/"]}]},{"@type":"ImageObject","inLanguage":"es","@id":"https:\/\/www.ghostysky.com\/product\/ouster-os0-64-rev7-sr\/#primaryimage","url":"https:\/\/www.ghostysky.com\/wp-content\/uploads\/2025\/10\/GH_Ouster-Ouster-OS0-32-Rev7_1.png","contentUrl":"https:\/\/www.ghostysky.com\/wp-content\/uploads\/2025\/10\/GH_Ouster-Ouster-OS0-32-Rev7_1.png","width":800,"height":800},{"@type":"BreadcrumbList","@id":"https:\/\/www.ghostysky.com\/product\/ouster-os0-64-rev7-sr\/#breadcrumb","itemListElement":[{"@type":"ListItem","position":1,"name":"Home","item":"https:\/\/www.ghostysky.com\/"},{"@type":"ListItem","position":2,"name":"Shop","item":"https:\/\/www.ghostysky.com\/shop\/"},{"@type":"ListItem","position":3,"name":"Ouster OS0-64 Rev7 SR"}]},{"@type":"WebSite","@id":"https:\/\/www.ghostysky.com\/#website","url":"https:\/\/www.ghostysky.com\/","name":"Ghostysky","description":"Ofrecemos soluciones profesionales de drones y rob\u00f3tica.","publisher":{"@id":"https:\/\/www.ghostysky.com\/#organization"},"potentialAction":[{"@type":"SearchAction","target":{"@type":"EntryPoint","urlTemplate":"https:\/\/www.ghostysky.com\/?s={search_term_string}"},"query-input":{"@type":"PropertyValueSpecification","valueRequired":true,"valueName":"search_term_string"}}],"inLanguage":"es"},{"@type":"Organization","@id":"https:\/\/www.ghostysky.com\/#organization","name":"Ghostysky","url":"https:\/\/www.ghostysky.com\/","logo":{"@type":"ImageObject","inLanguage":"es","@id":"https:\/\/www.ghostysky.com\/#\/schema\/logo\/image\/","url":"https:\/\/www.ghostysky.com\/wp-content\/uploads\/2020\/06\/cropped-ghostyskylogo_text_white2.png","contentUrl":"https:\/\/www.ghostysky.com\/wp-content\/uploads\/2020\/06\/cropped-ghostyskylogo_text_white2.png","width":169,"height":56,"caption":"Ghostysky"},"image":{"@id":"https:\/\/www.ghostysky.com\/#\/schema\/logo\/image\/"},"sameAs":["https:\/\/www.facebook.com\/people\/Ghostysky\/100057676170234\/","https:\/\/x.com\/Gh0stysky","https:\/\/www.linkedin.com\/company\/34739653","https:\/\/www.instagram.com\/gh0stysky"]}]}},"_links":{"self":[{"href":"https:\/\/www.ghostysky.com\/es\/wp-json\/wp\/v2\/product\/22012","targetHints":{"allow":["GET"]}}],"collection":[{"href":"https:\/\/www.ghostysky.com\/es\/wp-json\/wp\/v2\/product"}],"about":[{"href":"https:\/\/www.ghostysky.com\/es\/wp-json\/wp\/v2\/types\/product"}],"replies":[{"embeddable":true,"href":"https:\/\/www.ghostysky.com\/es\/wp-json\/wp\/v2\/comments?post=22012"}],"version-history":[{"count":1,"href":"https:\/\/www.ghostysky.com\/es\/wp-json\/wp\/v2\/product\/22012\/revisions"}],"predecessor-version":[{"id":24255,"href":"https:\/\/www.ghostysky.com\/es\/wp-json\/wp\/v2\/product\/22012\/revisions\/24255"}],"wp:featuredmedia":[{"embeddable":true,"href":"https:\/\/www.ghostysky.com\/es\/wp-json\/wp\/v2\/media\/21979"}],"wp:attachment":[{"href":"https:\/\/www.ghostysky.com\/es\/wp-json\/wp\/v2\/media?parent=22012"}],"wp:term":[{"taxonomy":"product_brand","embeddable":true,"href":"https:\/\/www.ghostysky.com\/es\/wp-json\/wp\/v2\/product_brand?post=22012"},{"taxonomy":"product_cat","embeddable":true,"href":"https:\/\/www.ghostysky.com\/es\/wp-json\/wp\/v2\/product_cat?post=22012"},{"taxonomy":"product_tag","embeddable":true,"href":"https:\/\/www.ghostysky.com\/es\/wp-json\/wp\/v2\/product_tag?post=22012"}],"curies":[{"name":"wp","href":"https:\/\/api.w.org\/{rel}","templated":true}]}}