{"id":22014,"date":"2025-10-19T12:04:30","date_gmt":"2025-10-19T12:04:30","guid":{"rendered":"https:\/\/www.ghostysky.com\/?post_type=product&#038;p=22014"},"modified":"2026-02-24T14:00:27","modified_gmt":"2026-02-24T14:00:27","slug":"ouster-os0-128-rev7-sr","status":"publish","type":"product","link":"https:\/\/www.ghostysky.com\/es\/product\/ouster-os0-128-rev7-sr\/","title":{"rendered":"Ouster OS0-128 Rev7 SR"},"content":{"rendered":"<div id=\"model-response-message-contentr_8cade3a3a392d67c\" class=\"markdown markdown-main-panel stronger enable-updated-hr-color\" dir=\"ltr\">\n<div id=\"model-response-message-contentr_13f1f7e95ab2a8ec\" class=\"markdown markdown-main-panel stronger enable-updated-hr-color\" dir=\"ltr\">\n<div id=\"model-response-message-contentr_30f8c942791a5642\" class=\"markdown markdown-main-panel stronger enable-updated-hr-color\" dir=\"ltr\">\n<h4>Caracter\u00edsticas y beneficios clave<\/h4>\n<ul>\n<li><b><span class=\"citation-574\">Campo de visi\u00f3n vertical ultra amplio (FOV):<\/span><\/b><span class=\"citation-574 citation-end-574\"> Ofrece una soluci\u00f3n l\u00edder en la industria <\/span><span class=\"math-inline\" data-math=\"\\mathbf{90^\\circ}\">90\u00ba <\/span><span class=\"citation-573 citation-end-573\">campo de visi\u00f3n vertical (+-)<\/span><span class=\"math-inline\" data-math=\"\\pm 45^\\circ\"> 45\u00ba <\/span><span class=\"citation-572 citation-end-572\">) y un <\/span><span class=\"math-inline\" data-math=\"\\mathbf{360^\\circ}\">360\u00ba <\/span><span class=\"citation-571 citation-end-571\">Campo de visi\u00f3n horizontal, que garantiza una cobertura completa desde el suelo hasta los obst\u00e1culos elevados.<\/span> Esto es fundamental para la percepci\u00f3n de campo cercano, para ver bordillos, pal\u00e9s o personas justo al lado del sensor.<\/li>\n<li><b><span class=\"citation-570\">Resoluci\u00f3n alta:<\/span><\/b><span class=\"citation-570\"> Caracter\u00edsticas <\/span><b><span class=\"citation-570\">128 canales<\/span><\/b><span class=\"citation-570\"> de resoluci\u00f3n vertical, lo que permite la generaci\u00f3n de nubes de puntos ultradensas y limpias con hasta <\/span><b><span class=\"citation-570\">5,2 millones de puntos por segundo (MPS)<\/span><\/b><span class=\"citation-570 citation-end-570\">.<\/span> <span class=\"citation-569 citation-end-569\">Estos datos de alta resoluci\u00f3n son esenciales para una clasificaci\u00f3n precisa de objetos y un mapeo 3D n\u00edtido.<\/span><\/li>\n<li><b>Rendimiento optimizado de corto alcance:<\/b> Con un configurable <b>alcance m\u00ednimo de hasta 0,3 m<\/b>El sensor es ideal para maniobrar en espacios reducidos, como almacenes o \u00e1reas urbanas concurridas.<\/li>\n<li><b>Rango mejorado:<\/b><span class=\"citation-568 citation-end-568\"> El Rev7, impulsado por el chip L3, proporciona un aumento pr\u00e1ctico del alcance respecto a las versiones anteriores.<\/span> <span class=\"citation-567\">Las especificaciones t\u00edpicas incluyen un rango de hasta <\/span><b><span class=\"citation-567\">35 m en un objetivo reflectante 10%<\/span><\/b><span class=\"citation-567 citation-end-567\"> y un rango m\u00e1ximo de medici\u00f3n que a menudo supera los 100 m.<\/span><\/li>\n<li><b>Confiabilidad del lidar digital:<\/b><span class=\"citation-566\"> Construido con un dise\u00f1o digital simple de estado s\u00f3lido y componentes de calidad automotriz, el OS0-128 Rev7 SR cuenta con un largo tiempo medio hasta falla (<\/span><b><span class=\"citation-566\">MTTF<\/span><\/b><span class=\"citation-566 citation-end-566\"> &gt;250.000 horas) y est\u00e1 dise\u00f1ado para soportar entornos operativos hostiles, incluido un rango de temperatura de funcionamiento de\u00a0<\/span><span class=\"math-inline\" data-math=\"-40^\\circ \\text{C}\">-40\u00ba C<\/span><span class=\"citation-565 citation-end-565\"> a <\/span><span class=\"math-inline\" data-math=\"+60^\\circ \\text{C}\">+60\u00baC<\/span><span class=\"citation-564 citation-end-564\">.<\/span><\/li>\n<li><b>Robusto y compacto:<\/b> El sensor es liviano (aprox. <span class=\"math-inline\" data-math=\"\\mathbf{430}\">430<\/span><span class=\"citation-563 citation-end-563\">g sin tapa) y compacto (Di\u00e1metro: <\/span><span class=\"math-inline\" data-math=\"\\mathbf{87}\">87<\/span><span class=\"citation-562\">\u00a0mm), con un grado de protecci\u00f3n de entrada de <\/span><b><span class=\"citation-562\">IP68\/IP69K<\/span><\/b><span class=\"citation-562 citation-end-562\"> Para funcionamiento en todo tipo de clima y condiciones.<\/span><\/li>\n<li><b><span class=\"citation-561\">Salida de datos enriquecidos:<\/span><\/b><span class=\"citation-561\"> Proporciona no s\u00f3lo datos de alcance, sino tambi\u00e9n <\/span><b><span class=\"citation-561\">reflectividad calibrada<\/span><\/b><span class=\"citation-561\"> y <\/span><b><span class=\"citation-561\">Datos de se\u00f1ales e infrarrojos cercanos (NIR) de calidad de c\u00e1mara<\/span><\/b><span class=\"citation-561\">, mejorando los algoritmos de percepci\u00f3n y permitiendo obtener datos m\u00e1s claros incluso en condiciones de polvo o niebla a trav\u00e9s de su <\/span><b><span class=\"citation-561\">Doble retorno<\/span><\/b><span class=\"citation-561 citation-end-561\"> modo.<\/span><\/li>\n<\/ul>\n<h4>Especificaciones t\u00e9cnicas (resumen)<\/h4>\n<table>\n<thead>\n<tr>\n<td><strong>Caracter\u00edstica<\/strong><\/td>\n<td><strong>Especificaci\u00f3n<\/strong><\/td>\n<\/tr>\n<\/thead>\n<tbody>\n<tr>\n<td><b>Resoluci\u00f3n vertical<\/b><\/td>\n<td>128 canales<\/td>\n<\/tr>\n<tr>\n<td><b>Campo de visi\u00f3n vertical<\/b><\/td>\n<td><span class=\"math-inline\" data-math=\"90^\\circ\">90\u00ba<\/span> (<span class=\"math-inline\" data-math=\"\\pm 45^\\circ\">+- 45\u00ba<\/span>)<\/td>\n<\/tr>\n<tr>\n<td><b>Campo de visi\u00f3n horizontal<\/b><\/td>\n<td><span class=\"math-inline\" data-math=\"360^\\circ\">360\u00ba<\/span><\/td>\n<\/tr>\n<tr>\n<td><b>Puntos m\u00e1ximos por segundo<\/b><\/td>\n<td>Hasta 5.242.880<\/td>\n<\/tr>\n<tr>\n<td><b>Rango (Reflectividad 10%)<\/b><\/td>\n<td>Aprox. 15 m (perfil SR) hasta 35 m (est\u00e1ndar OS0-128 Rev7) con 100 klx de luz solar<\/td>\n<\/tr>\n<tr>\n<td><b>Rango m\u00ednimo<\/b><\/td>\n<td><span class=\"math-inline\" data-math=\"0.3\">0.3<\/span>\u00a0m (configurable)<\/td>\n<\/tr>\n<tr>\n<td><b>Exactitud<\/b><\/td>\n<td>Alta precisi\u00f3n (por ejemplo, <span class=\"math-inline\" data-math=\"\\pm 1\">+- 1<\/span>\u00a0cm a <span class=\"math-inline\" data-math=\"\\pm 5\">+- 5<\/span>\u00a0cm rango t\u00edpico dependiendo de la distancia\/reflectividad)<\/td>\n<\/tr>\n<tr>\n<td><b>Temperatura de funcionamiento<\/b><\/td>\n<td><span class=\"math-inline\" data-math=\"-40^\\circ \\text{C}\">-40\u00baC<\/span> a <span class=\"math-inline\" data-math=\"+60^\\circ \\text{C}\">+60\u00baC<\/span><\/td>\n<\/tr>\n<tr>\n<td><b>Protecci\u00f3n de entrada<\/b><\/td>\n<td>IP68 \/ IP69K<\/td>\n<\/tr>\n<tr>\n<td><b>Interfaz<\/b><\/td>\n<td>UDP sobre Gigabit Ethernet (opci\u00f3n automotriz 1000BASE-T o 1000BASE-T1)<\/td>\n<\/tr>\n<tr>\n<td><b>Devoluciones<\/b><\/td>\n<td>Hasta 2 (modo de retorno dual)<\/td>\n<\/tr>\n<tr>\n<td><b>Tasa de rotaci\u00f3n<\/b><\/td>\n<td>10 o 20 Hz (configurable)<\/td>\n<\/tr>\n<tr>\n<td><b>Peso<\/b><\/td>\n<td>Aprox. 430 g (sin tapa)<\/td>\n<\/tr>\n<\/tbody>\n<\/table>\n<\/div>\n<\/div>\n<\/div>","protected":false},"excerpt":{"rendered":"<p>El <b>Ouster OS0-128 Rev7 SR<\/b> es una prima <b>Sensor LiDAR digital de alta resoluci\u00f3n y visi\u00f3n ultra amplia<\/b> Dise\u00f1ado para la exigente percepci\u00f3n de corto alcance en aplicaciones como rob\u00f3tica, veh\u00edculos aut\u00f3nomos, automatizaci\u00f3n industrial y mapeo de alta definici\u00f3n.<\/p>\n<p><span class=\"citation-575\">Este sensor es parte de la serie OS0 de Ouster, conocida por su peque\u00f1o factor de forma y amplio campo de visi\u00f3n, pero el modelo Rev7 SR (Short Range) est\u00e1 potenciado por la pr\u00f3xima generaci\u00f3n <\/span><b><span class=\"citation-575\">Chip L3<\/span><\/b><span class=\"citation-575 citation-end-575\"> Ofrecer mejoras significativas en alcance, resoluci\u00f3n y calidad de datos para entornos de espacios reducidos.<\/span><\/p>","protected":false},"featured_media":21979,"comment_status":"open","ping_status":"closed","template":"","meta":[],"product_brand":[1140],"product_cat":[1139,1037,1040],"product_tag":[1142,1141,1143],"class_list":{"0":"post-22014","1":"product","2":"type-product","3":"status-publish","4":"has-post-thumbnail","6":"product_brand-ouster","7":"product_cat-ouster-lidars","8":"product_cat-robotics","9":"product_cat-sensors-robotics","10":"product_tag-ouster-dome-lidar","11":"product_tag-ouster-lidars","12":"product_tag-ouster-rev7-sr-series","14":"first","15":"onbackorder","16":"taxable","17":"shipping-taxable","18":"purchasable","19":"product-type-simple"},"yoast_head":"<!-- This site is optimized with the Yoast SEO plugin v27.4 - https:\/\/yoast.com\/product\/yoast-seo-wordpress\/ -->\n<title>Ouster OS0-128 Rev7 SR - Ghostysky<\/title>\n<meta name=\"description\" content=\"The Ouster OS0-128 Rev7 SR is a premium ultra-wide view, high-resolution digital LiDAR sensor engineered for demanding short-range perception in applications like robotics, autonomous vehicles, industrial automation, and high-definition mapping.This sensor is part of Ouster&#039;s OS0 series, known for its small form factor and wide field of view, but the Rev7 SR (Short Range) model is boosted by the next-generation L3 chip to deliver significant improvements in range, resolution, and data quality for close-quarters environments.\" \/>\n<meta name=\"robots\" content=\"index, follow, max-snippet:-1, max-image-preview:large, max-video-preview:-1\" \/>\n<link rel=\"canonical\" href=\"https:\/\/www.ghostysky.com\/es\/producto-2\/ouster-os0-128-rev7-sr\/\" \/>\n<meta property=\"og:locale\" content=\"es_ES\" \/>\n<meta property=\"og:type\" content=\"article\" \/>\n<meta property=\"og:title\" content=\"Ouster OS0-128 Rev7 SR - Ghostysky\" \/>\n<meta property=\"og:description\" content=\"The Ouster OS0-128 Rev7 SR is a premium ultra-wide view, high-resolution digital LiDAR sensor engineered for demanding short-range perception in applications like robotics, autonomous vehicles, industrial automation, and high-definition mapping.This sensor is part of Ouster&#039;s OS0 series, known for its small form factor and wide field of view, but the Rev7 SR (Short Range) model is boosted by the next-generation L3 chip to deliver significant improvements in range, resolution, and data quality for close-quarters environments.\" \/>\n<meta property=\"og:url\" content=\"https:\/\/www.ghostysky.com\/es\/producto-2\/ouster-os0-128-rev7-sr\/\" \/>\n<meta property=\"og:site_name\" content=\"Ghostysky\" \/>\n<meta property=\"article:publisher\" content=\"https:\/\/www.facebook.com\/people\/Ghostysky\/100057676170234\/\" \/>\n<meta property=\"article:modified_time\" content=\"2026-02-24T14:00:27+00:00\" \/>\n<meta property=\"og:image\" content=\"https:\/\/www.ghostysky.com\/wp-content\/uploads\/2025\/10\/GH_Ouster-Ouster-OS0-32-Rev7_1.png\" \/>\n\t<meta property=\"og:image:width\" content=\"800\" \/>\n\t<meta property=\"og:image:height\" content=\"800\" \/>\n\t<meta property=\"og:image:type\" content=\"image\/png\" \/>\n<meta name=\"twitter:card\" content=\"summary_large_image\" \/>\n<meta name=\"twitter:site\" content=\"@Gh0stysky\" \/>\n<meta name=\"twitter:label1\" content=\"Tiempo de lectura\" \/>\n\t<meta name=\"twitter:data1\" content=\"2 minutos\" \/>\n<script type=\"application\/ld+json\" class=\"yoast-schema-graph\">{\"@context\":\"https:\\\/\\\/schema.org\",\"@graph\":[{\"@type\":\"WebPage\",\"@id\":\"https:\\\/\\\/www.ghostysky.com\\\/product\\\/ouster-os0-128-rev7-sr\\\/\",\"url\":\"https:\\\/\\\/www.ghostysky.com\\\/product\\\/ouster-os0-128-rev7-sr\\\/\",\"name\":\"Ouster OS0-128 Rev7 SR - Ghostysky\",\"isPartOf\":{\"@id\":\"https:\\\/\\\/www.ghostysky.com\\\/#website\"},\"primaryImageOfPage\":{\"@id\":\"https:\\\/\\\/www.ghostysky.com\\\/product\\\/ouster-os0-128-rev7-sr\\\/#primaryimage\"},\"image\":{\"@id\":\"https:\\\/\\\/www.ghostysky.com\\\/product\\\/ouster-os0-128-rev7-sr\\\/#primaryimage\"},\"thumbnailUrl\":\"https:\\\/\\\/www.ghostysky.com\\\/wp-content\\\/uploads\\\/2025\\\/10\\\/GH_Ouster-Ouster-OS0-32-Rev7_1.png\",\"datePublished\":\"2025-10-19T12:04:30+00:00\",\"dateModified\":\"2026-02-24T14:00:27+00:00\",\"description\":\"The Ouster OS0-128 Rev7 SR is a premium ultra-wide view, high-resolution digital LiDAR sensor engineered for demanding short-range perception in applications like robotics, autonomous vehicles, industrial automation, and high-definition mapping.This sensor is part of Ouster's OS0 series, known for its small form factor and wide field of view, but the Rev7 SR (Short Range) model is boosted by the next-generation L3 chip to deliver significant improvements in range, resolution, and data quality for close-quarters environments.\",\"breadcrumb\":{\"@id\":\"https:\\\/\\\/www.ghostysky.com\\\/product\\\/ouster-os0-128-rev7-sr\\\/#breadcrumb\"},\"inLanguage\":\"es\",\"potentialAction\":[{\"@type\":\"ReadAction\",\"target\":[\"https:\\\/\\\/www.ghostysky.com\\\/product\\\/ouster-os0-128-rev7-sr\\\/\"]}]},{\"@type\":\"ImageObject\",\"inLanguage\":\"es\",\"@id\":\"https:\\\/\\\/www.ghostysky.com\\\/product\\\/ouster-os0-128-rev7-sr\\\/#primaryimage\",\"url\":\"https:\\\/\\\/www.ghostysky.com\\\/wp-content\\\/uploads\\\/2025\\\/10\\\/GH_Ouster-Ouster-OS0-32-Rev7_1.png\",\"contentUrl\":\"https:\\\/\\\/www.ghostysky.com\\\/wp-content\\\/uploads\\\/2025\\\/10\\\/GH_Ouster-Ouster-OS0-32-Rev7_1.png\",\"width\":800,\"height\":800},{\"@type\":\"BreadcrumbList\",\"@id\":\"https:\\\/\\\/www.ghostysky.com\\\/product\\\/ouster-os0-128-rev7-sr\\\/#breadcrumb\",\"itemListElement\":[{\"@type\":\"ListItem\",\"position\":1,\"name\":\"Home\",\"item\":\"https:\\\/\\\/www.ghostysky.com\\\/\"},{\"@type\":\"ListItem\",\"position\":2,\"name\":\"Shop\",\"item\":\"https:\\\/\\\/www.ghostysky.com\\\/shop\\\/\"},{\"@type\":\"ListItem\",\"position\":3,\"name\":\"Ouster OS0-128 Rev7 SR\"}]},{\"@type\":\"WebSite\",\"@id\":\"https:\\\/\\\/www.ghostysky.com\\\/#website\",\"url\":\"https:\\\/\\\/www.ghostysky.com\\\/\",\"name\":\"Ghostysky\",\"description\":\"Delivering professional drones and robotics solutions\",\"publisher\":{\"@id\":\"https:\\\/\\\/www.ghostysky.com\\\/#organization\"},\"potentialAction\":[{\"@type\":\"SearchAction\",\"target\":{\"@type\":\"EntryPoint\",\"urlTemplate\":\"https:\\\/\\\/www.ghostysky.com\\\/?s={search_term_string}\"},\"query-input\":{\"@type\":\"PropertyValueSpecification\",\"valueRequired\":true,\"valueName\":\"search_term_string\"}}],\"inLanguage\":\"es\"},{\"@type\":\"Organization\",\"@id\":\"https:\\\/\\\/www.ghostysky.com\\\/#organization\",\"name\":\"Ghostysky\",\"url\":\"https:\\\/\\\/www.ghostysky.com\\\/\",\"logo\":{\"@type\":\"ImageObject\",\"inLanguage\":\"es\",\"@id\":\"https:\\\/\\\/www.ghostysky.com\\\/#\\\/schema\\\/logo\\\/image\\\/\",\"url\":\"https:\\\/\\\/www.ghostysky.com\\\/wp-content\\\/uploads\\\/2020\\\/06\\\/cropped-ghostyskylogo_text_white2.png\",\"contentUrl\":\"https:\\\/\\\/www.ghostysky.com\\\/wp-content\\\/uploads\\\/2020\\\/06\\\/cropped-ghostyskylogo_text_white2.png\",\"width\":169,\"height\":56,\"caption\":\"Ghostysky\"},\"image\":{\"@id\":\"https:\\\/\\\/www.ghostysky.com\\\/#\\\/schema\\\/logo\\\/image\\\/\"},\"sameAs\":[\"https:\\\/\\\/www.facebook.com\\\/people\\\/Ghostysky\\\/100057676170234\\\/\",\"https:\\\/\\\/x.com\\\/Gh0stysky\",\"https:\\\/\\\/www.linkedin.com\\\/company\\\/34739653\",\"https:\\\/\\\/www.instagram.com\\\/gh0stysky\"]}]}<\/script>\n<!-- \/ Yoast SEO plugin. -->","yoast_head_json":{"title":"Ouster OS0-128 Rev7 SR - Ghostysky","description":"El Ouster OS0-128 Rev7 SR es un sensor LiDAR digital premium de alta resoluci\u00f3n y vista ultra amplia dise\u00f1ado para la exigente percepci\u00f3n de corto alcance en aplicaciones como rob\u00f3tica, veh\u00edculos aut\u00f3nomos, automatizaci\u00f3n industrial y mapeo de alta definici\u00f3n. Este sensor es parte de la serie OS0 de Ouster, conocida por su peque\u00f1o factor de forma y amplio campo de visi\u00f3n, pero el modelo Rev7 SR (corto alcance) est\u00e1 impulsado por el chip L3 de pr\u00f3xima generaci\u00f3n para brindar mejoras significativas en alcance, resoluci\u00f3n y calidad de datos para entornos de espacios reducidos.","robots":{"index":"index","follow":"follow","max-snippet":"max-snippet:-1","max-image-preview":"max-image-preview:large","max-video-preview":"max-video-preview:-1"},"canonical":"https:\/\/www.ghostysky.com\/es\/producto-2\/ouster-os0-128-rev7-sr\/","og_locale":"es_ES","og_type":"article","og_title":"Ouster OS0-128 Rev7 SR - Ghostysky","og_description":"The Ouster OS0-128 Rev7 SR is a premium ultra-wide view, high-resolution digital LiDAR sensor engineered for demanding short-range perception in applications like robotics, autonomous vehicles, industrial automation, and high-definition mapping.This sensor is part of Ouster's OS0 series, known for its small form factor and wide field of view, but the Rev7 SR (Short Range) model is boosted by the next-generation L3 chip to deliver significant improvements in range, resolution, and data quality for close-quarters environments.","og_url":"https:\/\/www.ghostysky.com\/es\/producto-2\/ouster-os0-128-rev7-sr\/","og_site_name":"Ghostysky","article_publisher":"https:\/\/www.facebook.com\/people\/Ghostysky\/100057676170234\/","article_modified_time":"2026-02-24T14:00:27+00:00","og_image":[{"width":800,"height":800,"url":"https:\/\/www.ghostysky.com\/wp-content\/uploads\/2025\/10\/GH_Ouster-Ouster-OS0-32-Rev7_1.png","type":"image\/png"}],"twitter_card":"summary_large_image","twitter_site":"@Gh0stysky","twitter_misc":{"Tiempo de lectura":"2 minutos"},"schema":{"@context":"https:\/\/schema.org","@graph":[{"@type":"WebPage","@id":"https:\/\/www.ghostysky.com\/product\/ouster-os0-128-rev7-sr\/","url":"https:\/\/www.ghostysky.com\/product\/ouster-os0-128-rev7-sr\/","name":"Ouster OS0-128 Rev7 SR - Ghostysky","isPartOf":{"@id":"https:\/\/www.ghostysky.com\/#website"},"primaryImageOfPage":{"@id":"https:\/\/www.ghostysky.com\/product\/ouster-os0-128-rev7-sr\/#primaryimage"},"image":{"@id":"https:\/\/www.ghostysky.com\/product\/ouster-os0-128-rev7-sr\/#primaryimage"},"thumbnailUrl":"https:\/\/www.ghostysky.com\/wp-content\/uploads\/2025\/10\/GH_Ouster-Ouster-OS0-32-Rev7_1.png","datePublished":"2025-10-19T12:04:30+00:00","dateModified":"2026-02-24T14:00:27+00:00","description":"El Ouster OS0-128 Rev7 SR es un sensor LiDAR digital premium de alta resoluci\u00f3n y vista ultra amplia dise\u00f1ado para la exigente percepci\u00f3n de corto alcance en aplicaciones como rob\u00f3tica, veh\u00edculos aut\u00f3nomos, automatizaci\u00f3n industrial y mapeo de alta definici\u00f3n. Este sensor es parte de la serie OS0 de Ouster, conocida por su peque\u00f1o factor de forma y amplio campo de visi\u00f3n, pero el modelo Rev7 SR (corto alcance) est\u00e1 impulsado por el chip L3 de pr\u00f3xima generaci\u00f3n para brindar mejoras significativas en alcance, resoluci\u00f3n y calidad de datos para entornos de espacios reducidos.","breadcrumb":{"@id":"https:\/\/www.ghostysky.com\/product\/ouster-os0-128-rev7-sr\/#breadcrumb"},"inLanguage":"es","potentialAction":[{"@type":"ReadAction","target":["https:\/\/www.ghostysky.com\/product\/ouster-os0-128-rev7-sr\/"]}]},{"@type":"ImageObject","inLanguage":"es","@id":"https:\/\/www.ghostysky.com\/product\/ouster-os0-128-rev7-sr\/#primaryimage","url":"https:\/\/www.ghostysky.com\/wp-content\/uploads\/2025\/10\/GH_Ouster-Ouster-OS0-32-Rev7_1.png","contentUrl":"https:\/\/www.ghostysky.com\/wp-content\/uploads\/2025\/10\/GH_Ouster-Ouster-OS0-32-Rev7_1.png","width":800,"height":800},{"@type":"BreadcrumbList","@id":"https:\/\/www.ghostysky.com\/product\/ouster-os0-128-rev7-sr\/#breadcrumb","itemListElement":[{"@type":"ListItem","position":1,"name":"Home","item":"https:\/\/www.ghostysky.com\/"},{"@type":"ListItem","position":2,"name":"Shop","item":"https:\/\/www.ghostysky.com\/shop\/"},{"@type":"ListItem","position":3,"name":"Ouster OS0-128 Rev7 SR"}]},{"@type":"WebSite","@id":"https:\/\/www.ghostysky.com\/#website","url":"https:\/\/www.ghostysky.com\/","name":"Ghostysky","description":"Ofrecemos soluciones profesionales de drones y rob\u00f3tica.","publisher":{"@id":"https:\/\/www.ghostysky.com\/#organization"},"potentialAction":[{"@type":"SearchAction","target":{"@type":"EntryPoint","urlTemplate":"https:\/\/www.ghostysky.com\/?s={search_term_string}"},"query-input":{"@type":"PropertyValueSpecification","valueRequired":true,"valueName":"search_term_string"}}],"inLanguage":"es"},{"@type":"Organization","@id":"https:\/\/www.ghostysky.com\/#organization","name":"Ghostysky","url":"https:\/\/www.ghostysky.com\/","logo":{"@type":"ImageObject","inLanguage":"es","@id":"https:\/\/www.ghostysky.com\/#\/schema\/logo\/image\/","url":"https:\/\/www.ghostysky.com\/wp-content\/uploads\/2020\/06\/cropped-ghostyskylogo_text_white2.png","contentUrl":"https:\/\/www.ghostysky.com\/wp-content\/uploads\/2020\/06\/cropped-ghostyskylogo_text_white2.png","width":169,"height":56,"caption":"Ghostysky"},"image":{"@id":"https:\/\/www.ghostysky.com\/#\/schema\/logo\/image\/"},"sameAs":["https:\/\/www.facebook.com\/people\/Ghostysky\/100057676170234\/","https:\/\/x.com\/Gh0stysky","https:\/\/www.linkedin.com\/company\/34739653","https:\/\/www.instagram.com\/gh0stysky"]}]}},"_links":{"self":[{"href":"https:\/\/www.ghostysky.com\/es\/wp-json\/wp\/v2\/product\/22014","targetHints":{"allow":["GET"]}}],"collection":[{"href":"https:\/\/www.ghostysky.com\/es\/wp-json\/wp\/v2\/product"}],"about":[{"href":"https:\/\/www.ghostysky.com\/es\/wp-json\/wp\/v2\/types\/product"}],"replies":[{"embeddable":true,"href":"https:\/\/www.ghostysky.com\/es\/wp-json\/wp\/v2\/comments?post=22014"}],"version-history":[{"count":1,"href":"https:\/\/www.ghostysky.com\/es\/wp-json\/wp\/v2\/product\/22014\/revisions"}],"predecessor-version":[{"id":24257,"href":"https:\/\/www.ghostysky.com\/es\/wp-json\/wp\/v2\/product\/22014\/revisions\/24257"}],"wp:featuredmedia":[{"embeddable":true,"href":"https:\/\/www.ghostysky.com\/es\/wp-json\/wp\/v2\/media\/21979"}],"wp:attachment":[{"href":"https:\/\/www.ghostysky.com\/es\/wp-json\/wp\/v2\/media?parent=22014"}],"wp:term":[{"taxonomy":"product_brand","embeddable":true,"href":"https:\/\/www.ghostysky.com\/es\/wp-json\/wp\/v2\/product_brand?post=22014"},{"taxonomy":"product_cat","embeddable":true,"href":"https:\/\/www.ghostysky.com\/es\/wp-json\/wp\/v2\/product_cat?post=22014"},{"taxonomy":"product_tag","embeddable":true,"href":"https:\/\/www.ghostysky.com\/es\/wp-json\/wp\/v2\/product_tag?post=22014"}],"curies":[{"name":"wp","href":"https:\/\/api.w.org\/{rel}","templated":true}]}}