{"id":22026,"date":"2025-10-19T13:03:46","date_gmt":"2025-10-19T13:03:46","guid":{"rendered":"https:\/\/www.ghostysky.com\/?post_type=product&#038;p=22026"},"modified":"2026-02-24T13:57:36","modified_gmt":"2026-02-24T13:57:36","slug":"ouster-os1-64-rev7-sr","status":"publish","type":"product","link":"https:\/\/www.ghostysky.com\/es\/product\/ouster-os1-64-rev7-sr\/","title":{"rendered":"Ouster OS1-64 Rev7 SR"},"content":{"rendered":"<div id=\"model-response-message-contentr_8cade3a3a392d67c\" class=\"markdown markdown-main-panel stronger enable-updated-hr-color\" dir=\"ltr\">\n<div id=\"model-response-message-contentr_13f1f7e95ab2a8ec\" class=\"markdown markdown-main-panel stronger enable-updated-hr-color\" dir=\"ltr\">\n<h4>Caracter\u00edsticas y ventajas clave<\/h4>\n<ul>\n<li><b>Alta resoluci\u00f3n de rango medio:<\/b> El OS1-64 Rev7 SR ofrece un equilibrio superior entre resoluci\u00f3n y alcance. Cuenta con... <b>64 canales verticales<\/b> y un rango m\u00e1ximo representable de <b>207 metros<\/b>Para objetivos con reflectividad 10%, proporciona una detecci\u00f3n confiable hasta <span class=\"math-inline\" data-math=\"\\mathbf{45}\">45<\/span>\u00a0<b>metros<\/b> Incluso en <span class=\"math-inline\" data-math=\"100\">100<\/span>\u00a0luz solar klx (en <span class=\"math-inline\" data-math=\"1024\">1024<\/span> @ <span class=\"math-inline\" data-math=\"10\">10<\/span> modo Hz) y un rango m\u00ednimo de <span class=\"math-inline\" data-math=\"0.3\">0.3<\/span>\u00a0metros (configurables).<\/li>\n<li><b>Salida de alta resoluci\u00f3n:<\/b> Este sensor es capaz de resoluciones horizontales configurables de <span class=\"math-inline\" data-math=\"\\mathbf{512}\">512<\/span>, <span class=\"math-inline\" data-math=\"\\mathbf{1024}\">1024<\/span>, o 2<span class=\"math-inline\" data-math=\"\\mathbf{2048}\">048<\/span>\u00a0puntos, entregando un total de hasta <b><span class=\"math-inline\" data-math=\"1,310,720\">1,310,720<\/span>\u00a0puntos por segundo<\/b> (<span class=\"math-inline\" data-math=\"64\">64<\/span>-canal) para nubes de puntos densas y detalladas.<\/li>\n<li><b>Datos de calidad de imagen:<\/b> Proporciona <b>Datos de se\u00f1ales e infrarrojos cercanos de calidad de c\u00e1mara<\/b> Adem\u00e1s del alcance y la reflectividad est\u00e1ndar, difuminamos la l\u00ednea entre la tecnolog\u00eda LiDAR y la de la c\u00e1mara para lograr una percepci\u00f3n ambiental m\u00e1s rica.<\/li>\n<li><b>Dise\u00f1o robusto y compacto:<\/b> El OS1 es uno de los sensores LiDAR de alto rendimiento m\u00e1s peque\u00f1os del mercado, lo que facilita su integraci\u00f3n en diversas plataformas. Cuenta con un grado de protecci\u00f3n de entrada de <b>IP68\/IP69K<\/b> y un rango de temperatura de funcionamiento de <span class=\"math-inline\" data-math=\"\\mathbf{-40^\\circ C}\">-40\u00ba C<\/span> a <span class=\"math-inline\" data-math=\"\\mathbf{+60^\\circ C}\">+60\u00ba C<\/span>, garantizando fiabilidad en condiciones dif\u00edciles.<\/li>\n<li><b>Programabilidad y soporte de software:<\/b> El sensor admite un <b>resoluci\u00f3n fija por fotograma<\/b> modo de funcionamiento y ofertas <b>doble retorno<\/b> Funcionalidad para mejorar las capacidades de mapeo. Es compatible con el <b>SDK de Ouster<\/b>, <b>ROS<\/b>y controladores C++ para un desarrollo e integraci\u00f3n de software sin inconvenientes.<\/li>\n<li><b>Amplio campo de visi\u00f3n:<\/b> El sensor proporciona una <b><span class=\"math-inline\" data-math=\"360^\\circ\">360\u00ba <\/span>horizontal<\/b> y un <span class=\"math-inline\" data-math=\"\\mathbf{42.4^\\circ}\">42,4\u00ba<\/span> <b>campo de visi\u00f3n vertical<\/b> (FOV), proporcionando un an\u00e1lisis completo del entorno.<\/li>\n<\/ul>\n<h4>Especificaciones b\u00e1sicas<\/h4>\n<table>\n<thead>\n<tr>\n<td><strong>Especificaci\u00f3n<\/strong><\/td>\n<td><strong>Valor<\/strong><\/td>\n<\/tr>\n<\/thead>\n<tbody>\n<tr>\n<td><b>Versi\u00f3n de hardware<\/b><\/td>\n<td>Rev7 SR (Corto alcance)<\/td>\n<\/tr>\n<tr>\n<td><b>Canales verticales<\/b><\/td>\n<td>64<\/td>\n<\/tr>\n<tr>\n<td><b>Alcance m\u00e1ximo<\/b><\/td>\n<td>207 m (m\u00e1ximo representable)<\/td>\n<\/tr>\n<tr>\n<td><b>Rango (Reflectividad 10%)<\/b><\/td>\n<td>45 millones (@ <span class=\"math-inline\" data-math=\"&gt;90\\%\">&gt;90%<\/span> probabilidad de detecci\u00f3n, <span class=\"math-inline\" data-math=\"1024\">1024<\/span> @ <span class=\"math-inline\" data-math=\"10\">10<\/span>\u00a0Modo Hz)<\/td>\n<\/tr>\n<tr>\n<td><b>Rango m\u00ednimo<\/b><\/td>\n<td><span class=\"math-inline\" data-math=\"0.3\">0.3<\/span>\u00a0m (configurable)<\/td>\n<\/tr>\n<tr>\n<td><b>Resoluci\u00f3n horizontal<\/b><\/td>\n<td><span class=\"math-inline\" data-math=\"512, 1024, 2048\">512, 1024, 2048 <\/span>(Configurable)<\/td>\n<\/tr>\n<tr>\n<td><b>Puntos por segundo<\/b><\/td>\n<td><span class=\"math-inline\" data-math=\"1,310,720\">1,310,720<\/span> (<span class=\"math-inline\" data-math=\"64\">64 <\/span>canal)<\/td>\n<\/tr>\n<tr>\n<td><b>Exactitud<\/b><\/td>\n<td><span class=\"math-inline\" data-math=\"\\pm2.5\">+- 2.5<\/span>\u00a0cm (objetivos lambertianos)<\/td>\n<\/tr>\n<tr>\n<td><b>Campo de visi\u00f3n (V\/H)<\/b><\/td>\n<td><span class=\"math-inline\" data-math=\"42.4^\\circ\">42,4\u00ba<\/span> (V) \/ <span class=\"math-inline\" data-math=\"360^\\circ\">360\u00ba<\/span> (H)<\/td>\n<\/tr>\n<tr>\n<td><b>Protecci\u00f3n de entrada<\/b><\/td>\n<td>IP68 \/ IP69K<\/td>\n<\/tr>\n<tr>\n<td><b>Temperatura de funcionamiento<\/b><\/td>\n<td><span class=\"math-inline\" data-math=\"-40^\\circ\">-40\u00ba <\/span>C a <span class=\"math-inline\" data-math=\"+60^\\circ\">+60\u00ba <\/span>do<\/td>\n<\/tr>\n<tr>\n<td><b>Dimensiones<\/b><\/td>\n<td>Di\u00e1metro: <span class=\"math-inline\" data-math=\"87\">87<\/span> mm \/ Altura: <span class=\"math-inline\" data-math=\"58.35\">58.35<\/span>\u00a0mm (sin tapa)<\/td>\n<\/tr>\n<tr>\n<td><b>Peso<\/b><\/td>\n<td><span class=\"math-inline\" data-math=\"430\">430<\/span>\u00a0g (Sin tapa)<\/td>\n<\/tr>\n<tr>\n<td><b>Conexi\u00f3n<\/b><\/td>\n<td>UDP sobre Gigabit Ethernet<\/td>\n<\/tr>\n<tr>\n<td><b>Devoluciones<\/b><\/td>\n<td>Retornos duales disponibles (configurables)<\/td>\n<\/tr>\n<\/tbody>\n<\/table>\n<p>El OS1-64 Rev7 SR es un <b>Producto l\u00e1ser seguro para los ojos de clase 1<\/b> y est\u00e1 construido sobre la arquitectura LiDAR digital de Ouster, lo que garantiza una captura de datos consistente y precisa para una amplia gama de tareas de automatizaci\u00f3n y percepci\u00f3n de alta demanda.<\/p>\n<\/div>\n<\/div>","protected":false},"excerpt":{"rendered":"<p>El <b>Ouster OS1-64 Rev7 SR<\/b> (Short Range) es un vers\u00e1til y compacto <b>LiDAR de im\u00e1genes de alta resoluci\u00f3n y rango medio<\/b> Sensor dise\u00f1ado para entornos exigentes, tanto interiores como exteriores, en cualquier clima. Combinando alto rendimiento con un formato compacto, es una opci\u00f3n l\u00edder en la industria para aplicaciones de rob\u00f3tica, drones, seguridad, veh\u00edculos aut\u00f3nomos e infraestructura fija.<\/p>","protected":false},"featured_media":21979,"comment_status":"open","ping_status":"closed","template":"","meta":[],"product_brand":[1140],"product_cat":[1139,1037,1040],"product_tag":[1142,1141,1143],"class_list":{"0":"post-22026","1":"product","2":"type-product","3":"status-publish","4":"has-post-thumbnail","6":"product_brand-ouster","7":"product_cat-ouster-lidars","8":"product_cat-robotics","9":"product_cat-sensors-robotics","10":"product_tag-ouster-dome-lidar","11":"product_tag-ouster-lidars","12":"product_tag-ouster-rev7-sr-series","14":"first","15":"onbackorder","16":"taxable","17":"shipping-taxable","18":"purchasable","19":"product-type-simple"},"yoast_head":"<!-- This site is optimized with the Yoast SEO plugin v27.4 - https:\/\/yoast.com\/product\/yoast-seo-wordpress\/ -->\n<title>Ouster OS1-64 Rev7 SR - Ghostysky<\/title>\n<meta name=\"description\" content=\"The Ouster OS1-64 Rev7 SR (Short Range) is a versatile and compact Mid-Range High-Resolution Imaging LiDAR sensor, engineered for demanding indoor and outdoor all-weather environments. Combining high performance with a small form factor, it&#039;s an industry-leading choice for robotics, drones, security, autonomous vehicles, and fixed infrastructure applications.\" \/>\n<meta name=\"robots\" content=\"index, follow, max-snippet:-1, max-image-preview:large, max-video-preview:-1\" \/>\n<link rel=\"canonical\" href=\"https:\/\/www.ghostysky.com\/es\/producto-2\/ouster-os1-64-rev7-sr\/\" \/>\n<meta property=\"og:locale\" content=\"es_ES\" \/>\n<meta property=\"og:type\" content=\"article\" \/>\n<meta property=\"og:title\" content=\"Ouster OS1-64 Rev7 SR - Ghostysky\" \/>\n<meta property=\"og:description\" content=\"The Ouster OS1-64 Rev7 SR (Short Range) is a versatile and compact Mid-Range High-Resolution Imaging LiDAR sensor, engineered for demanding indoor and outdoor all-weather environments. Combining high performance with a small form factor, it&#039;s an industry-leading choice for robotics, drones, security, autonomous vehicles, and fixed infrastructure applications.\" \/>\n<meta property=\"og:url\" content=\"https:\/\/www.ghostysky.com\/es\/producto-2\/ouster-os1-64-rev7-sr\/\" \/>\n<meta property=\"og:site_name\" content=\"Ghostysky\" \/>\n<meta property=\"article:publisher\" content=\"https:\/\/www.facebook.com\/people\/Ghostysky\/100057676170234\/\" \/>\n<meta property=\"article:modified_time\" content=\"2026-02-24T13:57:36+00:00\" \/>\n<meta property=\"og:image\" content=\"https:\/\/www.ghostysky.com\/wp-content\/uploads\/2025\/10\/GH_Ouster-Ouster-OS0-32-Rev7_1.png\" \/>\n\t<meta property=\"og:image:width\" content=\"800\" \/>\n\t<meta property=\"og:image:height\" content=\"800\" \/>\n\t<meta property=\"og:image:type\" content=\"image\/png\" \/>\n<meta name=\"twitter:card\" content=\"summary_large_image\" \/>\n<meta name=\"twitter:site\" content=\"@Gh0stysky\" \/>\n<meta name=\"twitter:label1\" content=\"Tiempo de lectura\" \/>\n\t<meta name=\"twitter:data1\" content=\"2 minutos\" \/>\n<script type=\"application\/ld+json\" class=\"yoast-schema-graph\">{\"@context\":\"https:\\\/\\\/schema.org\",\"@graph\":[{\"@type\":\"WebPage\",\"@id\":\"https:\\\/\\\/www.ghostysky.com\\\/product\\\/ouster-os1-64-rev7-sr\\\/\",\"url\":\"https:\\\/\\\/www.ghostysky.com\\\/product\\\/ouster-os1-64-rev7-sr\\\/\",\"name\":\"Ouster OS1-64 Rev7 SR - Ghostysky\",\"isPartOf\":{\"@id\":\"https:\\\/\\\/www.ghostysky.com\\\/#website\"},\"primaryImageOfPage\":{\"@id\":\"https:\\\/\\\/www.ghostysky.com\\\/product\\\/ouster-os1-64-rev7-sr\\\/#primaryimage\"},\"image\":{\"@id\":\"https:\\\/\\\/www.ghostysky.com\\\/product\\\/ouster-os1-64-rev7-sr\\\/#primaryimage\"},\"thumbnailUrl\":\"https:\\\/\\\/www.ghostysky.com\\\/wp-content\\\/uploads\\\/2025\\\/10\\\/GH_Ouster-Ouster-OS0-32-Rev7_1.png\",\"datePublished\":\"2025-10-19T13:03:46+00:00\",\"dateModified\":\"2026-02-24T13:57:36+00:00\",\"description\":\"The Ouster OS1-64 Rev7 SR (Short Range) is a versatile and compact Mid-Range High-Resolution Imaging LiDAR sensor, engineered for demanding indoor and outdoor all-weather environments. Combining high performance with a small form factor, it's an industry-leading choice for robotics, drones, security, autonomous vehicles, and fixed infrastructure applications.\",\"breadcrumb\":{\"@id\":\"https:\\\/\\\/www.ghostysky.com\\\/product\\\/ouster-os1-64-rev7-sr\\\/#breadcrumb\"},\"inLanguage\":\"es\",\"potentialAction\":[{\"@type\":\"ReadAction\",\"target\":[\"https:\\\/\\\/www.ghostysky.com\\\/product\\\/ouster-os1-64-rev7-sr\\\/\"]}]},{\"@type\":\"ImageObject\",\"inLanguage\":\"es\",\"@id\":\"https:\\\/\\\/www.ghostysky.com\\\/product\\\/ouster-os1-64-rev7-sr\\\/#primaryimage\",\"url\":\"https:\\\/\\\/www.ghostysky.com\\\/wp-content\\\/uploads\\\/2025\\\/10\\\/GH_Ouster-Ouster-OS0-32-Rev7_1.png\",\"contentUrl\":\"https:\\\/\\\/www.ghostysky.com\\\/wp-content\\\/uploads\\\/2025\\\/10\\\/GH_Ouster-Ouster-OS0-32-Rev7_1.png\",\"width\":800,\"height\":800},{\"@type\":\"BreadcrumbList\",\"@id\":\"https:\\\/\\\/www.ghostysky.com\\\/product\\\/ouster-os1-64-rev7-sr\\\/#breadcrumb\",\"itemListElement\":[{\"@type\":\"ListItem\",\"position\":1,\"name\":\"Home\",\"item\":\"https:\\\/\\\/www.ghostysky.com\\\/\"},{\"@type\":\"ListItem\",\"position\":2,\"name\":\"Shop\",\"item\":\"https:\\\/\\\/www.ghostysky.com\\\/shop\\\/\"},{\"@type\":\"ListItem\",\"position\":3,\"name\":\"Ouster OS1-64 Rev7 SR\"}]},{\"@type\":\"WebSite\",\"@id\":\"https:\\\/\\\/www.ghostysky.com\\\/#website\",\"url\":\"https:\\\/\\\/www.ghostysky.com\\\/\",\"name\":\"Ghostysky\",\"description\":\"Delivering professional drones and services\",\"publisher\":{\"@id\":\"https:\\\/\\\/www.ghostysky.com\\\/#organization\"},\"potentialAction\":[{\"@type\":\"SearchAction\",\"target\":{\"@type\":\"EntryPoint\",\"urlTemplate\":\"https:\\\/\\\/www.ghostysky.com\\\/?s={search_term_string}\"},\"query-input\":{\"@type\":\"PropertyValueSpecification\",\"valueRequired\":true,\"valueName\":\"search_term_string\"}}],\"inLanguage\":\"es\"},{\"@type\":\"Organization\",\"@id\":\"https:\\\/\\\/www.ghostysky.com\\\/#organization\",\"name\":\"Ghostysky\",\"url\":\"https:\\\/\\\/www.ghostysky.com\\\/\",\"logo\":{\"@type\":\"ImageObject\",\"inLanguage\":\"es\",\"@id\":\"https:\\\/\\\/www.ghostysky.com\\\/#\\\/schema\\\/logo\\\/image\\\/\",\"url\":\"https:\\\/\\\/www.ghostysky.com\\\/wp-content\\\/uploads\\\/2020\\\/06\\\/cropped-ghostyskylogo_text_white2.png\",\"contentUrl\":\"https:\\\/\\\/www.ghostysky.com\\\/wp-content\\\/uploads\\\/2020\\\/06\\\/cropped-ghostyskylogo_text_white2.png\",\"width\":169,\"height\":56,\"caption\":\"Ghostysky\"},\"image\":{\"@id\":\"https:\\\/\\\/www.ghostysky.com\\\/#\\\/schema\\\/logo\\\/image\\\/\"},\"sameAs\":[\"https:\\\/\\\/www.facebook.com\\\/people\\\/Ghostysky\\\/100057676170234\\\/\",\"https:\\\/\\\/x.com\\\/Gh0stysky\",\"https:\\\/\\\/www.linkedin.com\\\/company\\\/34739653\",\"https:\\\/\\\/www.instagram.com\\\/gh0stysky\"]}]}<\/script>\n<!-- \/ Yoast SEO plugin. -->","yoast_head_json":{"title":"Ouster OS1-64 Rev7 SR - Ghostysky","description":"El Ouster OS1-64 Rev7 SR (Corto Alcance) es un sensor LiDAR de im\u00e1genes de alta resoluci\u00f3n de rango medio, vers\u00e1til y compacto, dise\u00f1ado para entornos exigentes, tanto interiores como exteriores, en cualquier clima. Combinando un alto rendimiento con un formato compacto, es una opci\u00f3n l\u00edder en la industria para aplicaciones de rob\u00f3tica, drones, seguridad, veh\u00edculos aut\u00f3nomos e infraestructura fija.","robots":{"index":"index","follow":"follow","max-snippet":"max-snippet:-1","max-image-preview":"max-image-preview:large","max-video-preview":"max-video-preview:-1"},"canonical":"https:\/\/www.ghostysky.com\/es\/producto-2\/ouster-os1-64-rev7-sr\/","og_locale":"es_ES","og_type":"article","og_title":"Ouster OS1-64 Rev7 SR - Ghostysky","og_description":"The Ouster OS1-64 Rev7 SR (Short Range) is a versatile and compact Mid-Range High-Resolution Imaging LiDAR sensor, engineered for demanding indoor and outdoor all-weather environments. Combining high performance with a small form factor, it's an industry-leading choice for robotics, drones, security, autonomous vehicles, and fixed infrastructure applications.","og_url":"https:\/\/www.ghostysky.com\/es\/producto-2\/ouster-os1-64-rev7-sr\/","og_site_name":"Ghostysky","article_publisher":"https:\/\/www.facebook.com\/people\/Ghostysky\/100057676170234\/","article_modified_time":"2026-02-24T13:57:36+00:00","og_image":[{"width":800,"height":800,"url":"https:\/\/www.ghostysky.com\/wp-content\/uploads\/2025\/10\/GH_Ouster-Ouster-OS0-32-Rev7_1.png","type":"image\/png"}],"twitter_card":"summary_large_image","twitter_site":"@Gh0stysky","twitter_misc":{"Tiempo de lectura":"2 minutos"},"schema":{"@context":"https:\/\/schema.org","@graph":[{"@type":"WebPage","@id":"https:\/\/www.ghostysky.com\/product\/ouster-os1-64-rev7-sr\/","url":"https:\/\/www.ghostysky.com\/product\/ouster-os1-64-rev7-sr\/","name":"Ouster OS1-64 Rev7 SR - Ghostysky","isPartOf":{"@id":"https:\/\/www.ghostysky.com\/#website"},"primaryImageOfPage":{"@id":"https:\/\/www.ghostysky.com\/product\/ouster-os1-64-rev7-sr\/#primaryimage"},"image":{"@id":"https:\/\/www.ghostysky.com\/product\/ouster-os1-64-rev7-sr\/#primaryimage"},"thumbnailUrl":"https:\/\/www.ghostysky.com\/wp-content\/uploads\/2025\/10\/GH_Ouster-Ouster-OS0-32-Rev7_1.png","datePublished":"2025-10-19T13:03:46+00:00","dateModified":"2026-02-24T13:57:36+00:00","description":"El Ouster OS1-64 Rev7 SR (Corto Alcance) es un sensor LiDAR de im\u00e1genes de alta resoluci\u00f3n de rango medio, vers\u00e1til y compacto, dise\u00f1ado para entornos exigentes, tanto interiores como exteriores, en cualquier clima. Combinando un alto rendimiento con un formato compacto, es una opci\u00f3n l\u00edder en la industria para aplicaciones de rob\u00f3tica, drones, seguridad, veh\u00edculos aut\u00f3nomos e infraestructura fija.","breadcrumb":{"@id":"https:\/\/www.ghostysky.com\/product\/ouster-os1-64-rev7-sr\/#breadcrumb"},"inLanguage":"es","potentialAction":[{"@type":"ReadAction","target":["https:\/\/www.ghostysky.com\/product\/ouster-os1-64-rev7-sr\/"]}]},{"@type":"ImageObject","inLanguage":"es","@id":"https:\/\/www.ghostysky.com\/product\/ouster-os1-64-rev7-sr\/#primaryimage","url":"https:\/\/www.ghostysky.com\/wp-content\/uploads\/2025\/10\/GH_Ouster-Ouster-OS0-32-Rev7_1.png","contentUrl":"https:\/\/www.ghostysky.com\/wp-content\/uploads\/2025\/10\/GH_Ouster-Ouster-OS0-32-Rev7_1.png","width":800,"height":800},{"@type":"BreadcrumbList","@id":"https:\/\/www.ghostysky.com\/product\/ouster-os1-64-rev7-sr\/#breadcrumb","itemListElement":[{"@type":"ListItem","position":1,"name":"Home","item":"https:\/\/www.ghostysky.com\/"},{"@type":"ListItem","position":2,"name":"Shop","item":"https:\/\/www.ghostysky.com\/shop\/"},{"@type":"ListItem","position":3,"name":"Ouster OS1-64 Rev7 SR"}]},{"@type":"WebSite","@id":"https:\/\/www.ghostysky.com\/#website","url":"https:\/\/www.ghostysky.com\/","name":"Ghostysky","description":"Entrega de drones y servicios profesionales","publisher":{"@id":"https:\/\/www.ghostysky.com\/#organization"},"potentialAction":[{"@type":"SearchAction","target":{"@type":"EntryPoint","urlTemplate":"https:\/\/www.ghostysky.com\/?s={search_term_string}"},"query-input":{"@type":"PropertyValueSpecification","valueRequired":true,"valueName":"search_term_string"}}],"inLanguage":"es"},{"@type":"Organization","@id":"https:\/\/www.ghostysky.com\/#organization","name":"Ghostysky","url":"https:\/\/www.ghostysky.com\/","logo":{"@type":"ImageObject","inLanguage":"es","@id":"https:\/\/www.ghostysky.com\/#\/schema\/logo\/image\/","url":"https:\/\/www.ghostysky.com\/wp-content\/uploads\/2020\/06\/cropped-ghostyskylogo_text_white2.png","contentUrl":"https:\/\/www.ghostysky.com\/wp-content\/uploads\/2020\/06\/cropped-ghostyskylogo_text_white2.png","width":169,"height":56,"caption":"Ghostysky"},"image":{"@id":"https:\/\/www.ghostysky.com\/#\/schema\/logo\/image\/"},"sameAs":["https:\/\/www.facebook.com\/people\/Ghostysky\/100057676170234\/","https:\/\/x.com\/Gh0stysky","https:\/\/www.linkedin.com\/company\/34739653","https:\/\/www.instagram.com\/gh0stysky"]}]}},"_links":{"self":[{"href":"https:\/\/www.ghostysky.com\/es\/wp-json\/wp\/v2\/product\/22026","targetHints":{"allow":["GET"]}}],"collection":[{"href":"https:\/\/www.ghostysky.com\/es\/wp-json\/wp\/v2\/product"}],"about":[{"href":"https:\/\/www.ghostysky.com\/es\/wp-json\/wp\/v2\/types\/product"}],"replies":[{"embeddable":true,"href":"https:\/\/www.ghostysky.com\/es\/wp-json\/wp\/v2\/comments?post=22026"}],"version-history":[{"count":1,"href":"https:\/\/www.ghostysky.com\/es\/wp-json\/wp\/v2\/product\/22026\/revisions"}],"predecessor-version":[{"id":24256,"href":"https:\/\/www.ghostysky.com\/es\/wp-json\/wp\/v2\/product\/22026\/revisions\/24256"}],"wp:featuredmedia":[{"embeddable":true,"href":"https:\/\/www.ghostysky.com\/es\/wp-json\/wp\/v2\/media\/21979"}],"wp:attachment":[{"href":"https:\/\/www.ghostysky.com\/es\/wp-json\/wp\/v2\/media?parent=22026"}],"wp:term":[{"taxonomy":"product_brand","embeddable":true,"href":"https:\/\/www.ghostysky.com\/es\/wp-json\/wp\/v2\/product_brand?post=22026"},{"taxonomy":"product_cat","embeddable":true,"href":"https:\/\/www.ghostysky.com\/es\/wp-json\/wp\/v2\/product_cat?post=22026"},{"taxonomy":"product_tag","embeddable":true,"href":"https:\/\/www.ghostysky.com\/es\/wp-json\/wp\/v2\/product_tag?post=22026"}],"curies":[{"name":"wp","href":"https:\/\/api.w.org\/{rel}","templated":true}]}}