{"id":22027,"date":"2025-10-19T13:07:36","date_gmt":"2025-10-19T13:07:36","guid":{"rendered":"https:\/\/www.ghostysky.com\/?post_type=product&#038;p=22027"},"modified":"2026-02-09T17:56:05","modified_gmt":"2026-02-09T17:56:05","slug":"ouster-os1-128-rev7-sr","status":"publish","type":"product","link":"https:\/\/www.ghostysky.com\/es\/product\/ouster-os1-128-rev7-sr\/","title":{"rendered":"Ouster OS1-128 Rev7 SR"},"content":{"rendered":"<div id=\"model-response-message-contentr_8cade3a3a392d67c\" class=\"markdown markdown-main-panel stronger enable-updated-hr-color\" dir=\"ltr\">\n<div id=\"model-response-message-contentr_13f1f7e95ab2a8ec\" class=\"markdown markdown-main-panel stronger enable-updated-hr-color\" dir=\"ltr\">\n<h4><b>Caracter\u00edsticas principales y aspectos destacados<\/b><\/h4>\n<ul>\n<li><b><span class=\"citation-607\">Resoluci\u00f3n ultraalta:<\/span><\/b><span class=\"citation-607\"> Presentando <\/span><b><span class=\"citation-607\">128 canales<\/span><\/b><span class=\"citation-607 citation-end-607\"> Con una resoluci\u00f3n vertical, ofrece nubes de puntos extremadamente densas, lo que permite la detecci\u00f3n precisa de objetos, su localizaci\u00f3n y modelado ambiental detallado.<\/span><\/li>\n<li><b>Rendimiento de gama media:<\/b><span class=\"citation-606 citation-end-606\"> Es un LiDAR de rango medio que equilibra una resoluci\u00f3n detallada con una distancia operativa \u00fatil.<\/span> <span class=\"citation-605\">El <\/span><b><span class=\"citation-605\">El alcance m\u00e1ximo representable es de hasta 200 m<\/span><\/b><span class=\"citation-605\">, con un alcance de hasta <\/span><b><span class=\"citation-605\">90 metros<\/span><\/b><span class=\"citation-605 citation-end-605\"> para un objetivo reflectante 10% (probabilidad de detecci\u00f3n de 90%).<\/span><\/li>\n<li><b>Alta densidad de nubes de puntos:<\/b><span class=\"citation-604\"> El sensor puede generar hasta <\/span><b><span class=\"citation-604\">5,2 millones de puntos por segundo<\/span><\/b><span class=\"citation-604 citation-end-604\">, proporcionando una representaci\u00f3n muy precisa de superficies y caracter\u00edsticas.<\/span><\/li>\n<li><b><span class=\"citation-603\">Amplio campo de visi\u00f3n (FOV):<\/span><\/b><span class=\"citation-603 citation-end-603\"> Ofrece una amplia \u00e1rea de percepci\u00f3n con una\u00a0<\/span><b><span class=\"math-inline\" data-math=\"45^\\circ\">45\u00ba<\/span><span class=\"citation-602\"> campo de visi\u00f3n vertical<\/span><\/b><span class=\"citation-602 citation-end-602\"> (<\/span><span class=\"math-inline\" data-math=\"\\pm 22.5^\\circ\">pm 22.5\u00ba<\/span><span class=\"citation-601 citation-end-601\">) y un completo\u00a0<\/span><b><span class=\"math-inline\" data-math=\"360^\\circ\">360\u00ba<\/span><span class=\"citation-600\"> campo de visi\u00f3n horizontal<\/span><\/b><span class=\"citation-600 citation-end-600\">.<\/span><\/li>\n<li><b>Tecnolog\u00eda LiDAR digital:<\/b><span class=\"citation-599\"> Construido sobre la base de la propiedad de Ouster <\/span><b><span class=\"citation-599\">SPAD (diodo de avalancha de fot\u00f3n \u00fanico)<\/span><\/b><span class=\"citation-599\"> Detectores y lo nuevo <\/span><b><span class=\"citation-599\">Chip L3<\/span><\/b><span class=\"citation-599 citation-end-599\"> (para Rev7), proporciona un rendimiento superior en diferentes condiciones de iluminaci\u00f3n, incluida la luz solar intensa.<\/span><\/li>\n<li><b><span class=\"citation-598\">Doble retorno:<\/span><\/b><span class=\"citation-598 citation-end-598\"> Captura m\u00faltiples retornos por pulso l\u00e1ser, mejorando la visibilidad a trav\u00e9s de elementos oscuros como niebla, polvo y follaje.<\/span><\/li>\n<li><b><span class=\"citation-597\">Datos de calidad de c\u00e1mara:<\/span><\/b><span class=\"citation-597\"> Proporciona no s\u00f3lo datos de alcance, sino tambi\u00e9n <\/span><b><span class=\"citation-597\">reflectividad calibrada<\/span><\/b><span class=\"citation-597 citation-end-597\">, infrarrojo cercano y datos de se\u00f1al con calidad de c\u00e1mara, lo que resulta \u00fatil para algoritmos de clasificaci\u00f3n y percepci\u00f3n de objetos.<\/span><\/li>\n<li><b>Robusto y compacto:<\/b><span class=\"citation-596\"> Cuenta con un dise\u00f1o liviano y duradero, est\u00e1 clasificado <\/span><b><span class=\"citation-596\">IP68\/IP69K<\/span><\/b><span class=\"citation-596 citation-end-596\"> para protecci\u00f3n contra la entrada (agua y polvo), y est\u00e1 dise\u00f1ado para soportar golpes y vibraciones extremas, lo que lo hace adecuado para entornos exteriores en todo tipo de clima.<\/span><\/li>\n<li><b><span class=\"citation-595\">Integraci\u00f3n perfecta:<\/span><\/b><span class=\"citation-595 citation-end-595\"> Admite protocolos est\u00e1ndar (Ethernet, UDP, PTP) y viene con el SDK de Ouster, ROS de c\u00f3digo abierto y controladores C++ para un f\u00e1cil desarrollo e integraci\u00f3n en pilas de autonom\u00eda.<\/span><\/li>\n<li><b><span class=\"citation-594\">IMU incorporada:<\/span><\/b><span class=\"citation-594 citation-end-594\"> Incluye una unidad de medici\u00f3n inercial integrada para mayor comodidad y sincronizaci\u00f3n horaria preconfigurada y calibraci\u00f3n extr\u00ednseca.<\/span><\/li>\n<\/ul>\n<p><span class=\"citation-593 citation-end-593\">El OS1-128 Rev7 SR es una opci\u00f3n ideal para aplicaciones que requieren un sensor 3D vers\u00e1til y de alta definici\u00f3n que no comprometa la resoluci\u00f3n, el alcance ni la durabilidad ambiental.<\/span><\/p>\n<\/div>\n<\/div>","protected":false},"excerpt":{"rendered":"<p><span class=\"citation-609 citation-end-609\">El Ouster OS1-128 Rev7 SR es un sensor LiDAR digital de alta resoluci\u00f3n y primera calidad dise\u00f1ado para aplicaciones exigentes de percepci\u00f3n 3D en sistemas aut\u00f3nomos, rob\u00f3tica, automatizaci\u00f3n industrial y mapeo.<\/span> <span class=\"citation-608 citation-end-608\">Es parte de la familia de sensores de rango medio de Ouster, que ofrece un equilibrio entre resoluci\u00f3n y alcance en un formato compacto y resistente.<\/span><\/p>\n<div class=\"source-inline-chip-container ng-star-inserted\"><\/div>\n<div class=\"source-inline-chip-container ng-star-inserted\"><\/div>\n<p>&nbsp;<\/p>","protected":false},"featured_media":21979,"comment_status":"open","ping_status":"closed","template":"","meta":[],"product_brand":[1140],"product_cat":[1139,1037,1040],"product_tag":[1142,1141,1143],"class_list":{"0":"post-22027","1":"product","2":"type-product","3":"status-publish","4":"has-post-thumbnail","6":"product_brand-ouster","7":"product_cat-ouster-lidars","8":"product_cat-robotics","9":"product_cat-sensors-robotics","10":"product_tag-ouster-dome-lidar","11":"product_tag-ouster-lidars","12":"product_tag-ouster-rev7-sr-series","14":"first","15":"onbackorder","16":"taxable","17":"shipping-taxable","18":"purchasable","19":"product-type-simple"},"yoast_head":"<!-- This site is optimized with the Yoast SEO plugin v27.1.1 - https:\/\/yoast.com\/product\/yoast-seo-wordpress\/ -->\n<title>Ouster OS1-128 Rev7 SR - Ghostysky<\/title>\n<meta name=\"description\" content=\"The Ouster OS1-128 Rev7 SR is a premium, high-resolution digital LiDAR sensor designed for demanding 3D perception applications in autonomous systems, robotics, industrial automation, and mapping. It is part of Ouster&#039;s mid-range sensor family, offering a balance of resolution and range in a compact and rugged form factor.\" \/>\n<meta name=\"robots\" content=\"index, follow, max-snippet:-1, max-image-preview:large, max-video-preview:-1\" \/>\n<link rel=\"canonical\" href=\"https:\/\/www.ghostysky.com\/es\/producto-2\/ouster-os1-128-rev7-sr\/\" \/>\n<meta property=\"og:locale\" content=\"es_ES\" \/>\n<meta property=\"og:type\" content=\"article\" \/>\n<meta property=\"og:title\" content=\"Ouster OS1-128 Rev7 SR - Ghostysky\" \/>\n<meta property=\"og:description\" content=\"The Ouster OS1-128 Rev7 SR is a premium, high-resolution digital LiDAR sensor designed for demanding 3D perception applications in autonomous systems, robotics, industrial automation, and mapping. It is part of Ouster&#039;s mid-range sensor family, offering a balance of resolution and range in a compact and rugged form factor.\" \/>\n<meta property=\"og:url\" content=\"https:\/\/www.ghostysky.com\/es\/producto-2\/ouster-os1-128-rev7-sr\/\" \/>\n<meta property=\"og:site_name\" content=\"Ghostysky\" \/>\n<meta property=\"article:publisher\" content=\"https:\/\/www.facebook.com\/people\/Ghostysky\/100057676170234\/\" \/>\n<meta property=\"article:modified_time\" content=\"2026-02-09T17:56:05+00:00\" \/>\n<meta property=\"og:image\" content=\"https:\/\/www.ghostysky.com\/wp-content\/uploads\/2025\/10\/GH_Ouster-Ouster-OS0-32-Rev7_1.png\" \/>\n\t<meta property=\"og:image:width\" content=\"800\" \/>\n\t<meta property=\"og:image:height\" content=\"800\" \/>\n\t<meta property=\"og:image:type\" content=\"image\/png\" \/>\n<meta name=\"twitter:card\" content=\"summary_large_image\" \/>\n<meta name=\"twitter:site\" content=\"@Gh0stysky\" \/>\n<meta name=\"twitter:label1\" content=\"Tiempo de lectura\" \/>\n\t<meta name=\"twitter:data1\" content=\"2 minutos\" \/>\n<script type=\"application\/ld+json\" class=\"yoast-schema-graph\">{\"@context\":\"https:\/\/schema.org\",\"@graph\":[{\"@type\":\"WebPage\",\"@id\":\"https:\/\/www.ghostysky.com\/product\/ouster-os1-128-rev7-sr\/\",\"url\":\"https:\/\/www.ghostysky.com\/product\/ouster-os1-128-rev7-sr\/\",\"name\":\"Ouster OS1-128 Rev7 SR - Ghostysky\",\"isPartOf\":{\"@id\":\"https:\/\/www.ghostysky.com\/#website\"},\"primaryImageOfPage\":{\"@id\":\"https:\/\/www.ghostysky.com\/product\/ouster-os1-128-rev7-sr\/#primaryimage\"},\"image\":{\"@id\":\"https:\/\/www.ghostysky.com\/product\/ouster-os1-128-rev7-sr\/#primaryimage\"},\"thumbnailUrl\":\"https:\/\/www.ghostysky.com\/wp-content\/uploads\/2025\/10\/GH_Ouster-Ouster-OS0-32-Rev7_1.png\",\"datePublished\":\"2025-10-19T13:07:36+00:00\",\"dateModified\":\"2026-02-09T17:56:05+00:00\",\"description\":\"The Ouster OS1-128 Rev7 SR is a premium, high-resolution digital LiDAR sensor designed for demanding 3D perception applications in autonomous systems, robotics, industrial automation, and mapping. It is part of Ouster's mid-range sensor family, offering a balance of resolution and range in a compact and rugged form factor.\",\"breadcrumb\":{\"@id\":\"https:\/\/www.ghostysky.com\/product\/ouster-os1-128-rev7-sr\/#breadcrumb\"},\"inLanguage\":\"es\",\"potentialAction\":[{\"@type\":\"ReadAction\",\"target\":[\"https:\/\/www.ghostysky.com\/product\/ouster-os1-128-rev7-sr\/\"]}]},{\"@type\":\"ImageObject\",\"inLanguage\":\"es\",\"@id\":\"https:\/\/www.ghostysky.com\/product\/ouster-os1-128-rev7-sr\/#primaryimage\",\"url\":\"https:\/\/www.ghostysky.com\/wp-content\/uploads\/2025\/10\/GH_Ouster-Ouster-OS0-32-Rev7_1.png\",\"contentUrl\":\"https:\/\/www.ghostysky.com\/wp-content\/uploads\/2025\/10\/GH_Ouster-Ouster-OS0-32-Rev7_1.png\",\"width\":800,\"height\":800},{\"@type\":\"BreadcrumbList\",\"@id\":\"https:\/\/www.ghostysky.com\/product\/ouster-os1-128-rev7-sr\/#breadcrumb\",\"itemListElement\":[{\"@type\":\"ListItem\",\"position\":1,\"name\":\"Home\",\"item\":\"https:\/\/www.ghostysky.com\/\"},{\"@type\":\"ListItem\",\"position\":2,\"name\":\"Shop\",\"item\":\"https:\/\/www.ghostysky.com\/shop\/\"},{\"@type\":\"ListItem\",\"position\":3,\"name\":\"Ouster OS1-128 Rev7 SR\"}]},{\"@type\":\"WebSite\",\"@id\":\"https:\/\/www.ghostysky.com\/#website\",\"url\":\"https:\/\/www.ghostysky.com\/\",\"name\":\"Ghostysky\",\"description\":\"Delivering professional drones and services\",\"publisher\":{\"@id\":\"https:\/\/www.ghostysky.com\/#organization\"},\"potentialAction\":[{\"@type\":\"SearchAction\",\"target\":{\"@type\":\"EntryPoint\",\"urlTemplate\":\"https:\/\/www.ghostysky.com\/?s={search_term_string}\"},\"query-input\":{\"@type\":\"PropertyValueSpecification\",\"valueRequired\":true,\"valueName\":\"search_term_string\"}}],\"inLanguage\":\"es\"},{\"@type\":\"Organization\",\"@id\":\"https:\/\/www.ghostysky.com\/#organization\",\"name\":\"Ghostysky\",\"url\":\"https:\/\/www.ghostysky.com\/\",\"logo\":{\"@type\":\"ImageObject\",\"inLanguage\":\"es\",\"@id\":\"https:\/\/www.ghostysky.com\/#\/schema\/logo\/image\/\",\"url\":\"https:\/\/www.ghostysky.com\/wp-content\/uploads\/2020\/06\/cropped-ghostyskylogo_text_white2.png\",\"contentUrl\":\"https:\/\/www.ghostysky.com\/wp-content\/uploads\/2020\/06\/cropped-ghostyskylogo_text_white2.png\",\"width\":169,\"height\":56,\"caption\":\"Ghostysky\"},\"image\":{\"@id\":\"https:\/\/www.ghostysky.com\/#\/schema\/logo\/image\/\"},\"sameAs\":[\"https:\/\/www.facebook.com\/people\/Ghostysky\/100057676170234\/\",\"https:\/\/x.com\/Gh0stysky\",\"https:\/\/www.linkedin.com\/company\/34739653\",\"https:\/\/www.instagram.com\/gh0stysky\"]}]}<\/script>\n<!-- \/ Yoast SEO plugin. -->","yoast_head_json":{"title":"Ouster OS1-128 Rev7 SR - Ghostysky","description":"El Ouster OS1-128 Rev7 SR es un sensor LiDAR digital premium de alta resoluci\u00f3n, dise\u00f1ado para aplicaciones exigentes de percepci\u00f3n 3D en sistemas aut\u00f3nomos, rob\u00f3tica, automatizaci\u00f3n industrial y cartograf\u00eda. Forma parte de la familia de sensores de gama media de Ouster y ofrece un equilibrio perfecto entre resoluci\u00f3n y alcance en un formato compacto y robusto.","robots":{"index":"index","follow":"follow","max-snippet":"max-snippet:-1","max-image-preview":"max-image-preview:large","max-video-preview":"max-video-preview:-1"},"canonical":"https:\/\/www.ghostysky.com\/es\/producto-2\/ouster-os1-128-rev7-sr\/","og_locale":"es_ES","og_type":"article","og_title":"Ouster OS1-128 Rev7 SR - Ghostysky","og_description":"The Ouster OS1-128 Rev7 SR is a premium, high-resolution digital LiDAR sensor designed for demanding 3D perception applications in autonomous systems, robotics, industrial automation, and mapping. It is part of Ouster's mid-range sensor family, offering a balance of resolution and range in a compact and rugged form factor.","og_url":"https:\/\/www.ghostysky.com\/es\/producto-2\/ouster-os1-128-rev7-sr\/","og_site_name":"Ghostysky","article_publisher":"https:\/\/www.facebook.com\/people\/Ghostysky\/100057676170234\/","article_modified_time":"2026-02-09T17:56:05+00:00","og_image":[{"width":800,"height":800,"url":"https:\/\/www.ghostysky.com\/wp-content\/uploads\/2025\/10\/GH_Ouster-Ouster-OS0-32-Rev7_1.png","type":"image\/png"}],"twitter_card":"summary_large_image","twitter_site":"@Gh0stysky","twitter_misc":{"Tiempo de lectura":"2 minutos"},"schema":{"@context":"https:\/\/schema.org","@graph":[{"@type":"WebPage","@id":"https:\/\/www.ghostysky.com\/product\/ouster-os1-128-rev7-sr\/","url":"https:\/\/www.ghostysky.com\/product\/ouster-os1-128-rev7-sr\/","name":"Ouster OS1-128 Rev7 SR - Ghostysky","isPartOf":{"@id":"https:\/\/www.ghostysky.com\/#website"},"primaryImageOfPage":{"@id":"https:\/\/www.ghostysky.com\/product\/ouster-os1-128-rev7-sr\/#primaryimage"},"image":{"@id":"https:\/\/www.ghostysky.com\/product\/ouster-os1-128-rev7-sr\/#primaryimage"},"thumbnailUrl":"https:\/\/www.ghostysky.com\/wp-content\/uploads\/2025\/10\/GH_Ouster-Ouster-OS0-32-Rev7_1.png","datePublished":"2025-10-19T13:07:36+00:00","dateModified":"2026-02-09T17:56:05+00:00","description":"El Ouster OS1-128 Rev7 SR es un sensor LiDAR digital premium de alta resoluci\u00f3n, dise\u00f1ado para aplicaciones exigentes de percepci\u00f3n 3D en sistemas aut\u00f3nomos, rob\u00f3tica, automatizaci\u00f3n industrial y cartograf\u00eda. Forma parte de la familia de sensores de gama media de Ouster y ofrece un equilibrio perfecto entre resoluci\u00f3n y alcance en un formato compacto y robusto.","breadcrumb":{"@id":"https:\/\/www.ghostysky.com\/product\/ouster-os1-128-rev7-sr\/#breadcrumb"},"inLanguage":"es","potentialAction":[{"@type":"ReadAction","target":["https:\/\/www.ghostysky.com\/product\/ouster-os1-128-rev7-sr\/"]}]},{"@type":"ImageObject","inLanguage":"es","@id":"https:\/\/www.ghostysky.com\/product\/ouster-os1-128-rev7-sr\/#primaryimage","url":"https:\/\/www.ghostysky.com\/wp-content\/uploads\/2025\/10\/GH_Ouster-Ouster-OS0-32-Rev7_1.png","contentUrl":"https:\/\/www.ghostysky.com\/wp-content\/uploads\/2025\/10\/GH_Ouster-Ouster-OS0-32-Rev7_1.png","width":800,"height":800},{"@type":"BreadcrumbList","@id":"https:\/\/www.ghostysky.com\/product\/ouster-os1-128-rev7-sr\/#breadcrumb","itemListElement":[{"@type":"ListItem","position":1,"name":"Home","item":"https:\/\/www.ghostysky.com\/"},{"@type":"ListItem","position":2,"name":"Shop","item":"https:\/\/www.ghostysky.com\/shop\/"},{"@type":"ListItem","position":3,"name":"Ouster OS1-128 Rev7 SR"}]},{"@type":"WebSite","@id":"https:\/\/www.ghostysky.com\/#website","url":"https:\/\/www.ghostysky.com\/","name":"Ghostysky","description":"Entrega de drones y servicios profesionales","publisher":{"@id":"https:\/\/www.ghostysky.com\/#organization"},"potentialAction":[{"@type":"SearchAction","target":{"@type":"EntryPoint","urlTemplate":"https:\/\/www.ghostysky.com\/?s={search_term_string}"},"query-input":{"@type":"PropertyValueSpecification","valueRequired":true,"valueName":"search_term_string"}}],"inLanguage":"es"},{"@type":"Organization","@id":"https:\/\/www.ghostysky.com\/#organization","name":"Ghostysky","url":"https:\/\/www.ghostysky.com\/","logo":{"@type":"ImageObject","inLanguage":"es","@id":"https:\/\/www.ghostysky.com\/#\/schema\/logo\/image\/","url":"https:\/\/www.ghostysky.com\/wp-content\/uploads\/2020\/06\/cropped-ghostyskylogo_text_white2.png","contentUrl":"https:\/\/www.ghostysky.com\/wp-content\/uploads\/2020\/06\/cropped-ghostyskylogo_text_white2.png","width":169,"height":56,"caption":"Ghostysky"},"image":{"@id":"https:\/\/www.ghostysky.com\/#\/schema\/logo\/image\/"},"sameAs":["https:\/\/www.facebook.com\/people\/Ghostysky\/100057676170234\/","https:\/\/x.com\/Gh0stysky","https:\/\/www.linkedin.com\/company\/34739653","https:\/\/www.instagram.com\/gh0stysky"]}]}},"_links":{"self":[{"href":"https:\/\/www.ghostysky.com\/es\/wp-json\/wp\/v2\/product\/22027","targetHints":{"allow":["GET"]}}],"collection":[{"href":"https:\/\/www.ghostysky.com\/es\/wp-json\/wp\/v2\/product"}],"about":[{"href":"https:\/\/www.ghostysky.com\/es\/wp-json\/wp\/v2\/types\/product"}],"replies":[{"embeddable":true,"href":"https:\/\/www.ghostysky.com\/es\/wp-json\/wp\/v2\/comments?post=22027"}],"wp:featuredmedia":[{"embeddable":true,"href":"https:\/\/www.ghostysky.com\/es\/wp-json\/wp\/v2\/media\/21979"}],"wp:attachment":[{"href":"https:\/\/www.ghostysky.com\/es\/wp-json\/wp\/v2\/media?parent=22027"}],"wp:term":[{"taxonomy":"product_brand","embeddable":true,"href":"https:\/\/www.ghostysky.com\/es\/wp-json\/wp\/v2\/product_brand?post=22027"},{"taxonomy":"product_cat","embeddable":true,"href":"https:\/\/www.ghostysky.com\/es\/wp-json\/wp\/v2\/product_cat?post=22027"},{"taxonomy":"product_tag","embeddable":true,"href":"https:\/\/www.ghostysky.com\/es\/wp-json\/wp\/v2\/product_tag?post=22027"}],"curies":[{"name":"wp","href":"https:\/\/api.w.org\/{rel}","templated":true}]}}