{"id":22044,"date":"2025-10-19T14:21:26","date_gmt":"2025-10-19T14:21:26","guid":{"rendered":"https:\/\/www.ghostysky.com\/?post_type=product&#038;p=22044"},"modified":"2025-10-19T14:22:04","modified_gmt":"2025-10-19T14:22:04","slug":"ufactory-850","status":"publish","type":"product","link":"https:\/\/www.ghostysky.com\/es\/product\/ufactory-850\/","title":{"rendered":"UFactory 850"},"content":{"rendered":"<h4><b>Caracter\u00edsticas y especificaciones clave<\/b><\/h4>\n<ul>\n<li><b>Rendimiento de grado industrial:<\/b><span class=\"citation-632 citation-end-632\"> Con una notable repetibilidad de <sup class=\"superscript\" data-turn-source-index=\"2\">2<\/sup><\/span><b><span class=\"math-inline\" data-math=\"\\pm 0.02\">$\\pm 0.02$<\/span><span class=\"citation-631\"> mil\u00edmetros<\/span><\/b><span class=\"citation-631 citation-end-631\">El UFactory 850 es adecuado para tareas de alta precisi\u00f3n como ensamblaje, cuidado de m\u00e1quinas e inspecci\u00f3n.<\/span><\/li>\n<li><b>Alcance extendido y carga \u00fatil:<\/b><span class=\"citation-630\"> Cuenta con una impresionante <\/span><b><span class=\"citation-630\">Alcance de 850 mm<\/span><\/b><span class=\"citation-630\"> y un m\u00e1ximo <\/span><b><span class=\"citation-630\">5 kg de carga \u00fatil<\/span><\/b><span class=\"citation-630 citation-end-630\">, lo que lo hace muy vers\u00e1til para diversos desaf\u00edos industriales.<\/span><\/li>\n<li><b><span class=\"citation-629\">Construcci\u00f3n duradera y ligera:<\/span><\/b><span class=\"citation-629\"> Construido a partir de una mezcla de fibra de carbono y aluminio, el peso del sistema se reduce significativamente (alrededor de <\/span><b><span class=\"citation-629\">17-20 kilogramos<\/span><\/b><span class=\"citation-629 citation-end-629\">), lo que facilita una implementaci\u00f3n y configuraci\u00f3n m\u00e1s sencilla en diversos entornos.<\/span><\/li>\n<li><b>Implementaci\u00f3n flexible y seguridad:<\/b><span class=\"citation-628\"> El robot soporta <\/span><b><span class=\"citation-628\">ense\u00f1anza manual<\/span><\/b><span class=\"citation-628\"> para una f\u00e1cil reimplementaci\u00f3n sin programaci\u00f3n compleja, y su funci\u00f3n integrada <\/span><b><span class=\"citation-628\">detecci\u00f3n de colisiones<\/span><\/b><span class=\"citation-628 citation-end-628\"> Esta caracter\u00edstica garantiza un entorno de trabajo m\u00e1s seguro.<\/span><\/li>\n<li><b>Programaci\u00f3n f\u00e1cil de usar:<\/b><span class=\"citation-627\"> La programaci\u00f3n se hace accesible a todos los niveles de usuario a trav\u00e9s del software propietario. <\/span><b><span class=\"citation-627\">Estudio UFACTORY<\/span><\/b><span class=\"citation-627 citation-end-627\">, una plataforma GUI basada en web que admite programaci\u00f3n visual de arrastrar y soltar.<\/span><\/li>\n<li><b>Desarrollo de c\u00f3digo abierto:<\/b><span class=\"citation-626\"> Para usuarios avanzados, ofrece un programa de c\u00f3digo abierto totalmente funcional. <\/span><b><span class=\"citation-626\">SDK de Python\/C++<\/span><\/b><span class=\"citation-626\"> y listo para usar <\/span><b><span class=\"citation-626\">Paquetes ROS\/ROS2<\/span><\/b><span class=\"citation-626 citation-end-626\">, lo que permite una personalizaci\u00f3n profunda y una integraci\u00f3n perfecta en los sistemas rob\u00f3ticos existentes.<\/span><\/li>\n<li><b>Conectividad y compatibilidad:<\/b><span class=\"citation-625\"> El brazo utiliza un sistema interno independiente. <\/span><b><span class=\"citation-625\">Cable Ethernet de 100 Mbps<\/span><\/b><span class=\"citation-625 citation-end-625\"> para una mayor estabilidad del sistema y compatibilidad con sistemas de visi\u00f3n de terceros (a trav\u00e9s de cable CAT5 est\u00e1ndar).<sup class=\"superscript\" data-turn-source-index=\"9\">9<\/sup><\/span> <span class=\"citation-624 citation-end-624\">Admite varios accesorios oficiales, incluidas pinzas, pinzas de vac\u00edo y sensores de fuerza\/torque de 6 ejes.<\/span><\/li>\n<li><b><span class=\"citation-623\">Opciones de energ\u00eda:<\/span><\/b><span class=\"citation-623\"> Disponible con ambos <\/span><b><span class=\"citation-623\">Caja de control de CA<\/span><\/b><span class=\"citation-623\"> (100\u2013240 V) y una <\/span><b><span class=\"citation-623\">Caja de control de CC<\/span><\/b><span class=\"citation-623 citation-end-623\"> Opci\u00f3n (48\u201372 V), esta \u00faltima lo que la hace adecuada para su implementaci\u00f3n en plataformas m\u00f3viles.<\/span><\/li>\n<\/ul>\n<p><span class=\"citation-622\">El UFactory 850 es una opci\u00f3n ideal para tareas como <\/span><b><span class=\"citation-622\">automatizaci\u00f3n de visi\u00f3n, cuidado de m\u00e1quinas, selecci\u00f3n de contenedores,<\/span><\/b><span class=\"citation-622\"> y <\/span><b><span class=\"citation-622\">investigaci\u00f3n rob\u00f3tica<\/span><\/b><span class=\"citation-622 citation-end-622\">, ofreciendo confiabilidad y precisi\u00f3n industrial con una experiencia de programaci\u00f3n e integraci\u00f3n simplificada.<\/span><\/p>\n<p>&nbsp;<\/p>\n<p>&nbsp;<\/p>","protected":false},"excerpt":{"rendered":"<p>El UFactory 850 es un brazo rob\u00f3tico de alto rendimiento de 6 grados de libertad (6 DoF) dise\u00f1ado para una amplia gama de aplicaciones de investigaci\u00f3n y automatizaci\u00f3n industrial, que ofrece un rendimiento excepcional a un precio competitivo.<\/p>\n<ul>\n<li>6 ejes<\/li>\n<li>Carga \u00fatil 5 kg<\/li>\n<li>Alcance 850 mm<\/li>\n<li>Repetibilidad 0,02 mm<\/li>\n<li>Velocidad m\u00e1xima 1 m\/s<\/li>\n<\/ul>","protected":false},"featured_media":22049,"comment_status":"open","ping_status":"closed","template":"","meta":[],"product_brand":[1148],"product_cat":[1037,1145,1146],"product_tag":[1149,1150,1151],"class_list":{"0":"post-22044","1":"product","2":"type-product","3":"status-publish","4":"has-post-thumbnail","6":"product_brand-ufactory","7":"product_cat-robotics","8":"product_cat-ufactory","9":"product_cat-arms","10":"product_tag-ufactory","11":"product_tag-ufactory-850-series","12":"product_tag-ufactory-arm","14":"first","15":"onbackorder","16":"taxable","17":"shipping-taxable","18":"purchasable","19":"product-type-simple"},"yoast_head":"<!-- This site is optimized with the Yoast SEO plugin v27.1.1 - https:\/\/yoast.com\/product\/yoast-seo-wordpress\/ -->\n<title>UFactory 850 - Ghostysky<\/title>\n<meta name=\"description\" content=\"The UFactory 850 is a high-performance, 6-Degree-of-Freedom (6 DoF) robotic arm designed for a wide array of industrial automation and research applications, offering exceptional performance at a competitive price point.\" \/>\n<meta name=\"robots\" content=\"index, follow, max-snippet:-1, max-image-preview:large, max-video-preview:-1\" \/>\n<link rel=\"canonical\" href=\"https:\/\/www.ghostysky.com\/es\/producto-2\/ufactory-850\/\" \/>\n<meta property=\"og:locale\" content=\"es_ES\" \/>\n<meta property=\"og:type\" content=\"article\" \/>\n<meta property=\"og:title\" content=\"UFactory 850 - Ghostysky\" \/>\n<meta property=\"og:description\" content=\"The UFactory 850 is a high-performance, 6-Degree-of-Freedom (6 DoF) robotic arm designed for a wide array of industrial automation and research applications, offering exceptional performance at a competitive price point.\" \/>\n<meta property=\"og:url\" content=\"https:\/\/www.ghostysky.com\/es\/producto-2\/ufactory-850\/\" \/>\n<meta property=\"og:site_name\" content=\"Ghostysky\" \/>\n<meta property=\"article:publisher\" content=\"https:\/\/www.facebook.com\/people\/Ghostysky\/100057676170234\/\" \/>\n<meta property=\"article:modified_time\" content=\"2025-10-19T14:22:04+00:00\" \/>\n<meta property=\"og:image\" content=\"https:\/\/www.ghostysky.com\/wp-content\/uploads\/2025\/10\/GH_UFactory_850_1.png\" \/>\n\t<meta property=\"og:image:width\" content=\"768\" \/>\n\t<meta property=\"og:image:height\" content=\"768\" \/>\n\t<meta property=\"og:image:type\" content=\"image\/png\" \/>\n<meta name=\"twitter:card\" content=\"summary_large_image\" \/>\n<meta name=\"twitter:site\" content=\"@Gh0stysky\" \/>\n<meta name=\"twitter:label1\" content=\"Tiempo de lectura\" \/>\n\t<meta name=\"twitter:data1\" content=\"2 minutos\" \/>\n<script type=\"application\/ld+json\" class=\"yoast-schema-graph\">{\"@context\":\"https:\/\/schema.org\",\"@graph\":[{\"@type\":\"WebPage\",\"@id\":\"https:\/\/www.ghostysky.com\/product\/ufactory-850\/\",\"url\":\"https:\/\/www.ghostysky.com\/product\/ufactory-850\/\",\"name\":\"UFactory 850 - Ghostysky\",\"isPartOf\":{\"@id\":\"https:\/\/www.ghostysky.com\/#website\"},\"primaryImageOfPage\":{\"@id\":\"https:\/\/www.ghostysky.com\/product\/ufactory-850\/#primaryimage\"},\"image\":{\"@id\":\"https:\/\/www.ghostysky.com\/product\/ufactory-850\/#primaryimage\"},\"thumbnailUrl\":\"https:\/\/www.ghostysky.com\/wp-content\/uploads\/2025\/10\/GH_UFactory_850_1.png\",\"datePublished\":\"2025-10-19T14:21:26+00:00\",\"dateModified\":\"2025-10-19T14:22:04+00:00\",\"description\":\"The UFactory 850 is a high-performance, 6-Degree-of-Freedom (6 DoF) robotic arm designed for a wide array of industrial automation and research applications, offering exceptional performance at a competitive price point.\",\"breadcrumb\":{\"@id\":\"https:\/\/www.ghostysky.com\/product\/ufactory-850\/#breadcrumb\"},\"inLanguage\":\"es\",\"potentialAction\":[{\"@type\":\"ReadAction\",\"target\":[\"https:\/\/www.ghostysky.com\/product\/ufactory-850\/\"]}]},{\"@type\":\"ImageObject\",\"inLanguage\":\"es\",\"@id\":\"https:\/\/www.ghostysky.com\/product\/ufactory-850\/#primaryimage\",\"url\":\"https:\/\/www.ghostysky.com\/wp-content\/uploads\/2025\/10\/GH_UFactory_850_1.png\",\"contentUrl\":\"https:\/\/www.ghostysky.com\/wp-content\/uploads\/2025\/10\/GH_UFactory_850_1.png\",\"width\":768,\"height\":768},{\"@type\":\"BreadcrumbList\",\"@id\":\"https:\/\/www.ghostysky.com\/product\/ufactory-850\/#breadcrumb\",\"itemListElement\":[{\"@type\":\"ListItem\",\"position\":1,\"name\":\"Home\",\"item\":\"https:\/\/www.ghostysky.com\/\"},{\"@type\":\"ListItem\",\"position\":2,\"name\":\"Shop\",\"item\":\"https:\/\/www.ghostysky.com\/shop\/\"},{\"@type\":\"ListItem\",\"position\":3,\"name\":\"UFactory 850\"}]},{\"@type\":\"WebSite\",\"@id\":\"https:\/\/www.ghostysky.com\/#website\",\"url\":\"https:\/\/www.ghostysky.com\/\",\"name\":\"Ghostysky\",\"description\":\"Delivering professional drones and services\",\"publisher\":{\"@id\":\"https:\/\/www.ghostysky.com\/#organization\"},\"potentialAction\":[{\"@type\":\"SearchAction\",\"target\":{\"@type\":\"EntryPoint\",\"urlTemplate\":\"https:\/\/www.ghostysky.com\/?s={search_term_string}\"},\"query-input\":{\"@type\":\"PropertyValueSpecification\",\"valueRequired\":true,\"valueName\":\"search_term_string\"}}],\"inLanguage\":\"es\"},{\"@type\":\"Organization\",\"@id\":\"https:\/\/www.ghostysky.com\/#organization\",\"name\":\"Ghostysky\",\"url\":\"https:\/\/www.ghostysky.com\/\",\"logo\":{\"@type\":\"ImageObject\",\"inLanguage\":\"es\",\"@id\":\"https:\/\/www.ghostysky.com\/#\/schema\/logo\/image\/\",\"url\":\"https:\/\/www.ghostysky.com\/wp-content\/uploads\/2020\/06\/cropped-ghostyskylogo_text_white2.png\",\"contentUrl\":\"https:\/\/www.ghostysky.com\/wp-content\/uploads\/2020\/06\/cropped-ghostyskylogo_text_white2.png\",\"width\":169,\"height\":56,\"caption\":\"Ghostysky\"},\"image\":{\"@id\":\"https:\/\/www.ghostysky.com\/#\/schema\/logo\/image\/\"},\"sameAs\":[\"https:\/\/www.facebook.com\/people\/Ghostysky\/100057676170234\/\",\"https:\/\/x.com\/Gh0stysky\",\"https:\/\/www.linkedin.com\/company\/34739653\",\"https:\/\/www.instagram.com\/gh0stysky\"]}]}<\/script>\n<!-- \/ Yoast SEO plugin. -->","yoast_head_json":{"title":"UFactory 850 - Ghostysky","description":"El UFactory 850 es un brazo rob\u00f3tico de alto rendimiento de 6 grados de libertad (6 DoF) dise\u00f1ado para una amplia gama de aplicaciones de investigaci\u00f3n y automatizaci\u00f3n industrial, que ofrece un rendimiento excepcional a un precio competitivo.","robots":{"index":"index","follow":"follow","max-snippet":"max-snippet:-1","max-image-preview":"max-image-preview:large","max-video-preview":"max-video-preview:-1"},"canonical":"https:\/\/www.ghostysky.com\/es\/producto-2\/ufactory-850\/","og_locale":"es_ES","og_type":"article","og_title":"UFactory 850 - Ghostysky","og_description":"The UFactory 850 is a high-performance, 6-Degree-of-Freedom (6 DoF) robotic arm designed for a wide array of industrial automation and research applications, offering exceptional performance at a competitive price point.","og_url":"https:\/\/www.ghostysky.com\/es\/producto-2\/ufactory-850\/","og_site_name":"Ghostysky","article_publisher":"https:\/\/www.facebook.com\/people\/Ghostysky\/100057676170234\/","article_modified_time":"2025-10-19T14:22:04+00:00","og_image":[{"width":768,"height":768,"url":"https:\/\/www.ghostysky.com\/wp-content\/uploads\/2025\/10\/GH_UFactory_850_1.png","type":"image\/png"}],"twitter_card":"summary_large_image","twitter_site":"@Gh0stysky","twitter_misc":{"Tiempo de lectura":"2 minutos"},"schema":{"@context":"https:\/\/schema.org","@graph":[{"@type":"WebPage","@id":"https:\/\/www.ghostysky.com\/product\/ufactory-850\/","url":"https:\/\/www.ghostysky.com\/product\/ufactory-850\/","name":"UFactory 850 - Ghostysky","isPartOf":{"@id":"https:\/\/www.ghostysky.com\/#website"},"primaryImageOfPage":{"@id":"https:\/\/www.ghostysky.com\/product\/ufactory-850\/#primaryimage"},"image":{"@id":"https:\/\/www.ghostysky.com\/product\/ufactory-850\/#primaryimage"},"thumbnailUrl":"https:\/\/www.ghostysky.com\/wp-content\/uploads\/2025\/10\/GH_UFactory_850_1.png","datePublished":"2025-10-19T14:21:26+00:00","dateModified":"2025-10-19T14:22:04+00:00","description":"El UFactory 850 es un brazo rob\u00f3tico de alto rendimiento de 6 grados de libertad (6 DoF) dise\u00f1ado para una amplia gama de aplicaciones de investigaci\u00f3n y automatizaci\u00f3n industrial, que ofrece un rendimiento excepcional a un precio competitivo.","breadcrumb":{"@id":"https:\/\/www.ghostysky.com\/product\/ufactory-850\/#breadcrumb"},"inLanguage":"es","potentialAction":[{"@type":"ReadAction","target":["https:\/\/www.ghostysky.com\/product\/ufactory-850\/"]}]},{"@type":"ImageObject","inLanguage":"es","@id":"https:\/\/www.ghostysky.com\/product\/ufactory-850\/#primaryimage","url":"https:\/\/www.ghostysky.com\/wp-content\/uploads\/2025\/10\/GH_UFactory_850_1.png","contentUrl":"https:\/\/www.ghostysky.com\/wp-content\/uploads\/2025\/10\/GH_UFactory_850_1.png","width":768,"height":768},{"@type":"BreadcrumbList","@id":"https:\/\/www.ghostysky.com\/product\/ufactory-850\/#breadcrumb","itemListElement":[{"@type":"ListItem","position":1,"name":"Home","item":"https:\/\/www.ghostysky.com\/"},{"@type":"ListItem","position":2,"name":"Shop","item":"https:\/\/www.ghostysky.com\/shop\/"},{"@type":"ListItem","position":3,"name":"UFactory 850"}]},{"@type":"WebSite","@id":"https:\/\/www.ghostysky.com\/#website","url":"https:\/\/www.ghostysky.com\/","name":"Ghostysky","description":"Entrega de drones y servicios profesionales","publisher":{"@id":"https:\/\/www.ghostysky.com\/#organization"},"potentialAction":[{"@type":"SearchAction","target":{"@type":"EntryPoint","urlTemplate":"https:\/\/www.ghostysky.com\/?s={search_term_string}"},"query-input":{"@type":"PropertyValueSpecification","valueRequired":true,"valueName":"search_term_string"}}],"inLanguage":"es"},{"@type":"Organization","@id":"https:\/\/www.ghostysky.com\/#organization","name":"Ghostysky","url":"https:\/\/www.ghostysky.com\/","logo":{"@type":"ImageObject","inLanguage":"es","@id":"https:\/\/www.ghostysky.com\/#\/schema\/logo\/image\/","url":"https:\/\/www.ghostysky.com\/wp-content\/uploads\/2020\/06\/cropped-ghostyskylogo_text_white2.png","contentUrl":"https:\/\/www.ghostysky.com\/wp-content\/uploads\/2020\/06\/cropped-ghostyskylogo_text_white2.png","width":169,"height":56,"caption":"Ghostysky"},"image":{"@id":"https:\/\/www.ghostysky.com\/#\/schema\/logo\/image\/"},"sameAs":["https:\/\/www.facebook.com\/people\/Ghostysky\/100057676170234\/","https:\/\/x.com\/Gh0stysky","https:\/\/www.linkedin.com\/company\/34739653","https:\/\/www.instagram.com\/gh0stysky"]}]}},"_links":{"self":[{"href":"https:\/\/www.ghostysky.com\/es\/wp-json\/wp\/v2\/product\/22044","targetHints":{"allow":["GET"]}}],"collection":[{"href":"https:\/\/www.ghostysky.com\/es\/wp-json\/wp\/v2\/product"}],"about":[{"href":"https:\/\/www.ghostysky.com\/es\/wp-json\/wp\/v2\/types\/product"}],"replies":[{"embeddable":true,"href":"https:\/\/www.ghostysky.com\/es\/wp-json\/wp\/v2\/comments?post=22044"}],"wp:featuredmedia":[{"embeddable":true,"href":"https:\/\/www.ghostysky.com\/es\/wp-json\/wp\/v2\/media\/22049"}],"wp:attachment":[{"href":"https:\/\/www.ghostysky.com\/es\/wp-json\/wp\/v2\/media?parent=22044"}],"wp:term":[{"taxonomy":"product_brand","embeddable":true,"href":"https:\/\/www.ghostysky.com\/es\/wp-json\/wp\/v2\/product_brand?post=22044"},{"taxonomy":"product_cat","embeddable":true,"href":"https:\/\/www.ghostysky.com\/es\/wp-json\/wp\/v2\/product_cat?post=22044"},{"taxonomy":"product_tag","embeddable":true,"href":"https:\/\/www.ghostysky.com\/es\/wp-json\/wp\/v2\/product_tag?post=22044"}],"curies":[{"name":"wp","href":"https:\/\/api.w.org\/{rel}","templated":true}]}}