{"id":22050,"date":"2025-10-19T14:28:13","date_gmt":"2025-10-19T14:28:13","guid":{"rendered":"https:\/\/www.ghostysky.com\/?post_type=product&#038;p=22050"},"modified":"2025-10-21T06:03:59","modified_gmt":"2025-10-21T06:03:59","slug":"ufactory-xarm-5","status":"publish","type":"product","link":"https:\/\/www.ghostysky.com\/es\/product\/ufactory-xarm-5\/","title":{"rendered":"UFACTORY xArm 5"},"content":{"rendered":"<h5><b>Caracter\u00edsticas y especificaciones clave<\/b><\/h5>\n<ul>\n<li><b>Eje\/Grados de libertad (GdL):<\/b><span class=\"citation-662 citation-end-662\"> 5<\/span><\/li>\n<li><b><span class=\"citation-661\">Capacidad de carga \u00fatil:<\/span><\/b><span class=\"citation-661 citation-end-661\"> 3 kilos<\/span><\/li>\n<li><b><span class=\"citation-660\">Alcanzar:<\/span><\/b><span class=\"citation-660 citation-end-660\"> 700 mil\u00edmetros<\/span><\/li>\n<li><b><span class=\"citation-659\">Repetibilidad (Precisi\u00f3n):<\/span><\/b><span class=\"citation-659 citation-end-659\"> <sup class=\"superscript\" data-turn-source-index=\"5\">5<\/sup><\/span><span class=\"math-inline\" data-math=\"\\pm0.1\">$\\pm0.1$<\/span><span class=\"citation-658 citation-end-658\"> mm, lo que lo hace adecuado para tareas que requieren precisi\u00f3n.<\/span><\/li>\n<li><b><span class=\"citation-657\">Dise\u00f1o ligero:<\/span><\/b><span class=\"citation-657 citation-end-657\"> Fabricado en fibra de carbono y aluminio, el brazo rob\u00f3tico pesa aproximadamente 11,2 kg, lo que facilita su despliegue y redespliegue.<\/span><\/li>\n<li><b>Velocidad:<\/b><span class=\"citation-656 citation-end-656\"> Velocidad m\u00e1xima de <sup class=\"superscript\" data-turn-source-index=\"8\">8<\/sup><\/span><span class=\"math-inline\" data-math=\"1 \\text{ m\/s}\">$1 \\texto{ m\/s}$<\/span><span class=\"citation-655 citation-end-655\">.<\/span><\/li>\n<li><b>Control y programaci\u00f3n:<\/b><span class=\"citation-654\"> Presenta caracter\u00edsticas f\u00e1ciles de usar <\/span><b><span class=\"citation-654\">Estudio UFACTORY<\/span><\/b><span class=\"citation-654 citation-end-654\">, una plataforma de interfaz gr\u00e1fica de usuario (GUI) totalmente que permite la programaci\u00f3n de arrastrar y soltar, perfecta para principiantes.<sup class=\"superscript\" data-turn-source-index=\"10\">10<\/sup><\/span> <span class=\"citation-653 citation-end-653\">Tambi\u00e9n es compatible con m\u00faltiples sistemas operativos y ofrece potentes SDK de c\u00f3digo abierto (incluidos Python, ROS y C++) para usuarios avanzados.<\/span><\/li>\n<li><b>Durabilidad:<\/b><span class=\"citation-652 citation-end-652\"> Equipado con un reductor arm\u00f3nico incorporado, un servo sin escobillas y un codificador absoluto multivuelta de 17 bits, lo que garantiza precisi\u00f3n y durabilidad para un funcionamiento continuo. <sup class=\"superscript\" data-turn-source-index=\"12\">12<\/sup><\/span><span class=\"math-inline\" data-math=\"24\/7\">$24\/7$<\/span><span class=\"citation-651 citation-end-651\"> operaci\u00f3n.<\/span><\/li>\n<li><b>Seguridad:<\/b><span class=\"citation-650 citation-end-650\"> Incorpora detecci\u00f3n de colisiones para una colaboraci\u00f3n segura entre humanos y robots.<\/span><\/li>\n<\/ul>\n<p><b>Aplicaciones ideales:<\/b><\/p>\n<p><span class=\"citation-649 citation-end-649\">El xArm 5 est\u00e1 dise\u00f1ado principalmente para tareas simples y repetitivas y sirve como un punto de entrada asequible para la automatizaci\u00f3n en diversos entornos, incluida la fabricaci\u00f3n ligera, el uso comercial y las aplicaciones de laboratorio.\u00a0<\/span>Los usos comunes incluyen:<\/p>\n<ul>\n<li><b>Operaciones de recogida y colocaci\u00f3n<\/b><\/li>\n<li><b>Montaje de piezas sencillas<\/b><\/li>\n<li><b>Cuidado de m\u00e1quinas<\/b><\/li>\n<li><b>Recogida de contenedores<\/b><\/li>\n<li><b>Automatizaci\u00f3n de laboratorio<\/b><\/li>\n<li><b>Investigaci\u00f3n y educaci\u00f3n rob\u00f3tica<\/b><\/li>\n<\/ul>\n<p>UFACTORY xArm 5 ofrece una soluci\u00f3n potente, flexible y f\u00e1cil de usar para empresas e investigadores que buscan automatizar con un robot colaborativo de grado industrial y econ\u00f3mico.<\/p>","protected":false},"excerpt":{"rendered":"<p><span class=\"citation-663\">El UFACTORY xArm 5 es un sistema rentable y de alta precisi\u00f3n <\/span><b><span class=\"citation-663\">Brazo rob\u00f3tico colaborativo de 5 ejes<\/span><\/b><span class=\"citation-663 citation-end-663\"> Dise\u00f1ado para hacer accesible la automatizaci\u00f3n industrial.<\/span><\/p>\n<ul>\n<li>5 ejes<\/li>\n<li>Carga \u00fatil 3 kg<\/li>\n<li>Alcance 700 mm<\/li>\n<li>Repetibilidad 0,1 mm<\/li>\n<li>Velocidad m\u00e1xima 1000 mm\/s<\/li>\n<\/ul>","protected":false},"featured_media":22055,"comment_status":"open","ping_status":"closed","template":"","meta":[],"product_brand":[1148],"product_cat":[1037,1145,1146],"product_tag":[1149,1151,1152],"class_list":{"0":"post-22050","1":"product","2":"type-product","3":"status-publish","4":"has-post-thumbnail","6":"product_brand-ufactory","7":"product_cat-robotics","8":"product_cat-ufactory","9":"product_cat-arms","10":"product_tag-ufactory","11":"product_tag-ufactory-arm","12":"product_tag-ufactory-xarm5","14":"first","15":"onbackorder","16":"taxable","17":"shipping-taxable","18":"purchasable","19":"product-type-simple"},"yoast_head":"<!-- This site is optimized with the Yoast SEO plugin v27.1.1 - https:\/\/yoast.com\/product\/yoast-seo-wordpress\/ -->\n<title>UFACTORY xArm 5 - Ghostysky<\/title>\n<meta name=\"description\" content=\"The UFACTORY xArm 5 is a cost-effective, high-precision 5-axis collaborative robotic arm designed to make industrial automation accessible.5 AxisPayload 3 kgReach 700 mmRepeatability 0.1 mmMax Speed 1000 mm\/s\" \/>\n<meta name=\"robots\" content=\"index, follow, max-snippet:-1, max-image-preview:large, max-video-preview:-1\" \/>\n<link rel=\"canonical\" href=\"https:\/\/www.ghostysky.com\/es\/producto-2\/ufactory-xarm-5\/\" \/>\n<meta property=\"og:locale\" content=\"es_ES\" \/>\n<meta property=\"og:type\" content=\"article\" \/>\n<meta property=\"og:title\" content=\"UFACTORY xArm 5 - Ghostysky\" \/>\n<meta property=\"og:description\" content=\"The UFACTORY xArm 5 is a cost-effective, high-precision 5-axis collaborative robotic arm designed to make industrial automation accessible.5 AxisPayload 3 kgReach 700 mmRepeatability 0.1 mmMax Speed 1000 mm\/s\" \/>\n<meta property=\"og:url\" content=\"https:\/\/www.ghostysky.com\/es\/producto-2\/ufactory-xarm-5\/\" \/>\n<meta property=\"og:site_name\" content=\"Ghostysky\" \/>\n<meta property=\"article:publisher\" content=\"https:\/\/www.facebook.com\/people\/Ghostysky\/100057676170234\/\" \/>\n<meta property=\"article:modified_time\" content=\"2025-10-21T06:03:59+00:00\" \/>\n<meta property=\"og:image\" content=\"https:\/\/www.ghostysky.com\/wp-content\/uploads\/2025\/10\/GH_UFactory_Xarm5_1.png\" \/>\n\t<meta property=\"og:image:width\" content=\"2084\" \/>\n\t<meta property=\"og:image:height\" content=\"2084\" \/>\n\t<meta property=\"og:image:type\" content=\"image\/png\" \/>\n<meta name=\"twitter:card\" content=\"summary_large_image\" \/>\n<meta name=\"twitter:site\" content=\"@Gh0stysky\" \/>\n<meta name=\"twitter:label1\" content=\"Tiempo de lectura\" \/>\n\t<meta name=\"twitter:data1\" content=\"2 minutos\" \/>\n<script type=\"application\/ld+json\" class=\"yoast-schema-graph\">{\"@context\":\"https:\/\/schema.org\",\"@graph\":[{\"@type\":\"WebPage\",\"@id\":\"https:\/\/www.ghostysky.com\/product\/ufactory-xarm-5\/\",\"url\":\"https:\/\/www.ghostysky.com\/product\/ufactory-xarm-5\/\",\"name\":\"UFACTORY xArm 5 - Ghostysky\",\"isPartOf\":{\"@id\":\"https:\/\/www.ghostysky.com\/#website\"},\"primaryImageOfPage\":{\"@id\":\"https:\/\/www.ghostysky.com\/product\/ufactory-xarm-5\/#primaryimage\"},\"image\":{\"@id\":\"https:\/\/www.ghostysky.com\/product\/ufactory-xarm-5\/#primaryimage\"},\"thumbnailUrl\":\"https:\/\/www.ghostysky.com\/wp-content\/uploads\/2025\/10\/GH_UFactory_Xarm5_1.png\",\"datePublished\":\"2025-10-19T14:28:13+00:00\",\"dateModified\":\"2025-10-21T06:03:59+00:00\",\"description\":\"The UFACTORY xArm 5 is a cost-effective, high-precision 5-axis collaborative robotic arm designed to make industrial automation accessible.5 AxisPayload 3 kgReach 700 mmRepeatability 0.1 mmMax Speed 1000 mm\/s\",\"breadcrumb\":{\"@id\":\"https:\/\/www.ghostysky.com\/product\/ufactory-xarm-5\/#breadcrumb\"},\"inLanguage\":\"es\",\"potentialAction\":[{\"@type\":\"ReadAction\",\"target\":[\"https:\/\/www.ghostysky.com\/product\/ufactory-xarm-5\/\"]}]},{\"@type\":\"ImageObject\",\"inLanguage\":\"es\",\"@id\":\"https:\/\/www.ghostysky.com\/product\/ufactory-xarm-5\/#primaryimage\",\"url\":\"https:\/\/www.ghostysky.com\/wp-content\/uploads\/2025\/10\/GH_UFactory_Xarm5_1.png\",\"contentUrl\":\"https:\/\/www.ghostysky.com\/wp-content\/uploads\/2025\/10\/GH_UFactory_Xarm5_1.png\",\"width\":2084,\"height\":2084},{\"@type\":\"BreadcrumbList\",\"@id\":\"https:\/\/www.ghostysky.com\/product\/ufactory-xarm-5\/#breadcrumb\",\"itemListElement\":[{\"@type\":\"ListItem\",\"position\":1,\"name\":\"Home\",\"item\":\"https:\/\/www.ghostysky.com\/\"},{\"@type\":\"ListItem\",\"position\":2,\"name\":\"Shop\",\"item\":\"https:\/\/www.ghostysky.com\/shop\/\"},{\"@type\":\"ListItem\",\"position\":3,\"name\":\"UFACTORY xArm 5\"}]},{\"@type\":\"WebSite\",\"@id\":\"https:\/\/www.ghostysky.com\/#website\",\"url\":\"https:\/\/www.ghostysky.com\/\",\"name\":\"Ghostysky\",\"description\":\"Delivering professional drones and services\",\"publisher\":{\"@id\":\"https:\/\/www.ghostysky.com\/#organization\"},\"potentialAction\":[{\"@type\":\"SearchAction\",\"target\":{\"@type\":\"EntryPoint\",\"urlTemplate\":\"https:\/\/www.ghostysky.com\/?s={search_term_string}\"},\"query-input\":{\"@type\":\"PropertyValueSpecification\",\"valueRequired\":true,\"valueName\":\"search_term_string\"}}],\"inLanguage\":\"es\"},{\"@type\":\"Organization\",\"@id\":\"https:\/\/www.ghostysky.com\/#organization\",\"name\":\"Ghostysky\",\"url\":\"https:\/\/www.ghostysky.com\/\",\"logo\":{\"@type\":\"ImageObject\",\"inLanguage\":\"es\",\"@id\":\"https:\/\/www.ghostysky.com\/#\/schema\/logo\/image\/\",\"url\":\"https:\/\/www.ghostysky.com\/wp-content\/uploads\/2020\/06\/cropped-ghostyskylogo_text_white2.png\",\"contentUrl\":\"https:\/\/www.ghostysky.com\/wp-content\/uploads\/2020\/06\/cropped-ghostyskylogo_text_white2.png\",\"width\":169,\"height\":56,\"caption\":\"Ghostysky\"},\"image\":{\"@id\":\"https:\/\/www.ghostysky.com\/#\/schema\/logo\/image\/\"},\"sameAs\":[\"https:\/\/www.facebook.com\/people\/Ghostysky\/100057676170234\/\",\"https:\/\/x.com\/Gh0stysky\",\"https:\/\/www.linkedin.com\/company\/34739653\",\"https:\/\/www.instagram.com\/gh0stysky\"]}]}<\/script>\n<!-- \/ Yoast SEO plugin. -->","yoast_head_json":{"title":"UFACTORY xArm 5 - Ghostysky","description":"El UFACTORY xArm 5 es un brazo rob\u00f3tico colaborativo de 5 ejes, rentable y de alta precisi\u00f3n, dise\u00f1ado para hacer accesible la automatizaci\u00f3n industrial. 5 ejes, carga \u00fatil: 3 kg, alcance: 700 mm, repetibilidad: 0,1 mm, velocidad m\u00e1xima: 1000 mm\/s.","robots":{"index":"index","follow":"follow","max-snippet":"max-snippet:-1","max-image-preview":"max-image-preview:large","max-video-preview":"max-video-preview:-1"},"canonical":"https:\/\/www.ghostysky.com\/es\/producto-2\/ufactory-xarm-5\/","og_locale":"es_ES","og_type":"article","og_title":"UFACTORY xArm 5 - Ghostysky","og_description":"The UFACTORY xArm 5 is a cost-effective, high-precision 5-axis collaborative robotic arm designed to make industrial automation accessible.5 AxisPayload 3 kgReach 700 mmRepeatability 0.1 mmMax Speed 1000 mm\/s","og_url":"https:\/\/www.ghostysky.com\/es\/producto-2\/ufactory-xarm-5\/","og_site_name":"Ghostysky","article_publisher":"https:\/\/www.facebook.com\/people\/Ghostysky\/100057676170234\/","article_modified_time":"2025-10-21T06:03:59+00:00","og_image":[{"width":2084,"height":2084,"url":"https:\/\/www.ghostysky.com\/wp-content\/uploads\/2025\/10\/GH_UFactory_Xarm5_1.png","type":"image\/png"}],"twitter_card":"summary_large_image","twitter_site":"@Gh0stysky","twitter_misc":{"Tiempo de lectura":"2 minutos"},"schema":{"@context":"https:\/\/schema.org","@graph":[{"@type":"WebPage","@id":"https:\/\/www.ghostysky.com\/product\/ufactory-xarm-5\/","url":"https:\/\/www.ghostysky.com\/product\/ufactory-xarm-5\/","name":"UFACTORY xArm 5 - Ghostysky","isPartOf":{"@id":"https:\/\/www.ghostysky.com\/#website"},"primaryImageOfPage":{"@id":"https:\/\/www.ghostysky.com\/product\/ufactory-xarm-5\/#primaryimage"},"image":{"@id":"https:\/\/www.ghostysky.com\/product\/ufactory-xarm-5\/#primaryimage"},"thumbnailUrl":"https:\/\/www.ghostysky.com\/wp-content\/uploads\/2025\/10\/GH_UFactory_Xarm5_1.png","datePublished":"2025-10-19T14:28:13+00:00","dateModified":"2025-10-21T06:03:59+00:00","description":"El UFACTORY xArm 5 es un brazo rob\u00f3tico colaborativo de 5 ejes, rentable y de alta precisi\u00f3n, dise\u00f1ado para hacer accesible la automatizaci\u00f3n industrial. 5 ejes, carga \u00fatil: 3 kg, alcance: 700 mm, repetibilidad: 0,1 mm, velocidad m\u00e1xima: 1000 mm\/s.","breadcrumb":{"@id":"https:\/\/www.ghostysky.com\/product\/ufactory-xarm-5\/#breadcrumb"},"inLanguage":"es","potentialAction":[{"@type":"ReadAction","target":["https:\/\/www.ghostysky.com\/product\/ufactory-xarm-5\/"]}]},{"@type":"ImageObject","inLanguage":"es","@id":"https:\/\/www.ghostysky.com\/product\/ufactory-xarm-5\/#primaryimage","url":"https:\/\/www.ghostysky.com\/wp-content\/uploads\/2025\/10\/GH_UFactory_Xarm5_1.png","contentUrl":"https:\/\/www.ghostysky.com\/wp-content\/uploads\/2025\/10\/GH_UFactory_Xarm5_1.png","width":2084,"height":2084},{"@type":"BreadcrumbList","@id":"https:\/\/www.ghostysky.com\/product\/ufactory-xarm-5\/#breadcrumb","itemListElement":[{"@type":"ListItem","position":1,"name":"Home","item":"https:\/\/www.ghostysky.com\/"},{"@type":"ListItem","position":2,"name":"Shop","item":"https:\/\/www.ghostysky.com\/shop\/"},{"@type":"ListItem","position":3,"name":"UFACTORY xArm 5"}]},{"@type":"WebSite","@id":"https:\/\/www.ghostysky.com\/#website","url":"https:\/\/www.ghostysky.com\/","name":"Ghostysky","description":"Entrega de drones y servicios profesionales","publisher":{"@id":"https:\/\/www.ghostysky.com\/#organization"},"potentialAction":[{"@type":"SearchAction","target":{"@type":"EntryPoint","urlTemplate":"https:\/\/www.ghostysky.com\/?s={search_term_string}"},"query-input":{"@type":"PropertyValueSpecification","valueRequired":true,"valueName":"search_term_string"}}],"inLanguage":"es"},{"@type":"Organization","@id":"https:\/\/www.ghostysky.com\/#organization","name":"Ghostysky","url":"https:\/\/www.ghostysky.com\/","logo":{"@type":"ImageObject","inLanguage":"es","@id":"https:\/\/www.ghostysky.com\/#\/schema\/logo\/image\/","url":"https:\/\/www.ghostysky.com\/wp-content\/uploads\/2020\/06\/cropped-ghostyskylogo_text_white2.png","contentUrl":"https:\/\/www.ghostysky.com\/wp-content\/uploads\/2020\/06\/cropped-ghostyskylogo_text_white2.png","width":169,"height":56,"caption":"Ghostysky"},"image":{"@id":"https:\/\/www.ghostysky.com\/#\/schema\/logo\/image\/"},"sameAs":["https:\/\/www.facebook.com\/people\/Ghostysky\/100057676170234\/","https:\/\/x.com\/Gh0stysky","https:\/\/www.linkedin.com\/company\/34739653","https:\/\/www.instagram.com\/gh0stysky"]}]}},"_links":{"self":[{"href":"https:\/\/www.ghostysky.com\/es\/wp-json\/wp\/v2\/product\/22050","targetHints":{"allow":["GET"]}}],"collection":[{"href":"https:\/\/www.ghostysky.com\/es\/wp-json\/wp\/v2\/product"}],"about":[{"href":"https:\/\/www.ghostysky.com\/es\/wp-json\/wp\/v2\/types\/product"}],"replies":[{"embeddable":true,"href":"https:\/\/www.ghostysky.com\/es\/wp-json\/wp\/v2\/comments?post=22050"}],"wp:featuredmedia":[{"embeddable":true,"href":"https:\/\/www.ghostysky.com\/es\/wp-json\/wp\/v2\/media\/22055"}],"wp:attachment":[{"href":"https:\/\/www.ghostysky.com\/es\/wp-json\/wp\/v2\/media?parent=22050"}],"wp:term":[{"taxonomy":"product_brand","embeddable":true,"href":"https:\/\/www.ghostysky.com\/es\/wp-json\/wp\/v2\/product_brand?post=22050"},{"taxonomy":"product_cat","embeddable":true,"href":"https:\/\/www.ghostysky.com\/es\/wp-json\/wp\/v2\/product_cat?post=22050"},{"taxonomy":"product_tag","embeddable":true,"href":"https:\/\/www.ghostysky.com\/es\/wp-json\/wp\/v2\/product_tag?post=22050"}],"curies":[{"name":"wp","href":"https:\/\/api.w.org\/{rel}","templated":true}]}}