{"id":22108,"date":"2025-10-20T15:26:35","date_gmt":"2025-10-20T15:26:35","guid":{"rendered":"https:\/\/www.ghostysky.com\/?post_type=product&#038;p=22108"},"modified":"2025-10-20T16:06:17","modified_gmt":"2025-10-20T16:06:17","slug":"ufactory-xarm-6","status":"publish","type":"product","link":"https:\/\/www.ghostysky.com\/es\/product\/ufactory-xarm-6\/","title":{"rendered":"UFACTORY xArm 6"},"content":{"rendered":"<h4>Caracter\u00edsticas clave<\/h4>\n<ul>\n<li><b>Desempe\u00f1o profesional:<\/b><span class=\"citation-1542\"> Con una <\/span><b><span class=\"citation-1542\">capacidad de carga \u00fatil de 5 kg<\/span><\/b><span class=\"citation-1542 citation-end-1542\"> y un impresionante <sup class=\"superscript\" data-turn-source-index=\"2\">2<\/sup><\/span><b><span class=\"math-inline\" data-math=\"\\pm 0.1 \\text{ mm}\">$\\pm 0.1 \\texto{ mm}$<\/span><span class=\"citation-1541\"> repetibilidad<\/span><\/b><span class=\"citation-1541 citation-end-1541\">El xArm 6 ofrece la precisi\u00f3n y la resistencia necesarias para tareas industriales exigentes.<\/span><\/li>\n<li><b><span class=\"citation-1540\">Alcance extendido y libertad:<\/span><\/b><span class=\"citation-1540\"> Con <\/span><b><span class=\"citation-1540\">6 grados de libertad (PdL)<\/span><\/b><span class=\"citation-1540\"> y un <\/span><b><span class=\"citation-1540\">Alcance de 700 mm<\/span><\/b><span class=\"citation-1540 citation-end-1540\">, ofrece un amplio espacio de trabajo y flexibilidad para maniobras complejas en el espacio cartesiano, ideal para ensamblaje, inspecci\u00f3n y cuidado de m\u00e1quinas.<\/span><\/li>\n<li><b><span class=\"citation-1539\">Construcci\u00f3n ligera y duradera:<\/span><\/b><span class=\"citation-1539\"> Elaborado a partir de <\/span><b><span class=\"citation-1539\">fibra de carbono y aluminio<\/span><\/b><span class=\"citation-1539 citation-end-1539\">, el brazo rob\u00f3tico es liviano (aprox.<sup class=\"superscript\" data-turn-source-index=\"5\">5<\/sup><\/span> <span class=\"math-inline\" data-math=\"12.2 \\text{ kg}\">$12.2 \\texto{ kg}$<\/span><span class=\"citation-1538 citation-end-1538\">), lo que facilita la implementaci\u00f3n y redistribuci\u00f3n en diferentes estaciones de trabajo o l\u00edneas de producci\u00f3n.<\/span><\/li>\n<li><b><span class=\"citation-1537\">Ecosistema de software intuitivo:<\/span><\/b><span class=\"citation-1537\"> El xArm 6 se integra perfectamente con <\/span><b><span class=\"citation-1537\">Estudio UFACTORY<\/span><\/b><span class=\"citation-1537\">, un completo <\/span><b><span class=\"citation-1537\">Interfaz gr\u00e1fica de usuario (GUI)<\/span><\/b><span class=\"citation-1537 citation-end-1537\"> Plataforma que simplifica dr\u00e1sticamente la programaci\u00f3n a trav\u00e9s de funciones como arrastrar y soltar y modo de ense\u00f1anza manual.<\/span><\/li>\n<li><b><span class=\"citation-1536\">Operaci\u00f3n de alta velocidad:<\/span><\/b><span class=\"citation-1536 citation-end-1536\"> Capaz de una velocidad m\u00e1xima de <sup class=\"superscript\" data-turn-source-index=\"8\">8<\/sup><\/span><b><span class=\"math-inline\" data-math=\"1 \\text{ m\/s}\">$1 \\texto{ m\/s}$<\/span><\/b><span class=\"citation-1535 citation-end-1535\">Mantiene un alto rendimiento para operaciones de ritmo r\u00e1pido como pick-and-place.<\/span><\/li>\n<li><b>Flexibilidad de c\u00f3digo abierto:<\/b><span class=\"citation-1534\"> Admite una integraci\u00f3n flexible con un sistema robusto y <\/span><b><span class=\"citation-1534\">SDK de c\u00f3digo abierto<\/span><\/b><span class=\"citation-1534\"> compatible con <\/span><b><span class=\"citation-1534\">Python, C++, ROS y ROS2<\/span><\/b><span class=\"citation-1534 citation-end-1534\">, permitiendo a los ingenieros e investigadores desarrollar soluciones de automatizaci\u00f3n avanzadas y personalizadas.<\/span><\/li>\n<li><b>Amplia idoneidad para aplicaciones:<\/b> Dise\u00f1ado para brindar confiabilidad y seguridad, sus principales aplicaciones incluyen:\n<ul>\n<li><b>Recoger y colocar<\/b> y manejo de materiales<\/li>\n<li><b><span class=\"citation-1533\">Asamblea<\/span><\/b><span class=\"citation-1533 citation-end-1533\"> y cuidado de m\u00e1quinas<\/span><\/li>\n<li><b><span class=\"citation-1532\">Escaneo 3D<\/span><\/b><span class=\"citation-1532 citation-end-1532\"> e Inspecci\u00f3n de Calidad (con sistemas de visi\u00f3n)<\/span><\/li>\n<li><b><span class=\"citation-1531\">Pulido, desbarbado, corte<\/span><\/b><span class=\"citation-1531 citation-end-1531\">, y otros procesos de fabricaci\u00f3n.<\/span><\/li>\n<\/ul>\n<\/li>\n<li><b>Seguridad colaborativa:<\/b><span class=\"citation-1530\"> El xArm 6 incluye <\/span><b><span class=\"citation-1530\">detecci\u00f3n de colisiones<\/span><\/b><span class=\"citation-1530 citation-end-1530\"> y est\u00e1 dise\u00f1ado para funcionar de forma segura junto a trabajadores humanos en un entorno colaborativo.<\/span><\/li>\n<\/ul>\n<p>El UFACTORY xArm 6 es la soluci\u00f3n perfecta para empresas y laboratorios de investigaci\u00f3n que buscan ampliar sus esfuerzos de automatizaci\u00f3n con un brazo rob\u00f3tico confiable, preciso y f\u00e1cil de usar.<\/p>","protected":false},"excerpt":{"rendered":"<p><span class=\"citation-1543\">La UFACTORY <\/span><b><span class=\"citation-1543\">xBrazo 6<\/span><\/b><span class=\"citation-1543\"> Es un modelo vers\u00e1til y de alto rendimiento. <\/span><b><span class=\"citation-1543\">Brazo rob\u00f3tico colaborativo de 6 ejes (cobot)<\/span><\/b><span class=\"citation-1543 citation-end-1543\">, dise\u00f1ado para brindar rendimiento de automatizaci\u00f3n industrial a una amplia gama de aplicaciones a un precio competitivo.<\/span><\/p>\n<ul>\n<li>Carga \u00fatil 5 kg<\/li>\n<li>Alcance 700 mm<\/li>\n<li>Repetibilidad 0,1 mm<\/li>\n<li>Velocidad m\u00e1xima 1000 mm\/s<\/li>\n<\/ul>","protected":false},"featured_media":22055,"comment_status":"open","ping_status":"closed","template":"","meta":[],"product_brand":[1148],"product_cat":[1037,1145,1146],"product_tag":[1149,1151,1153],"class_list":{"0":"post-22108","1":"product","2":"type-product","3":"status-publish","4":"has-post-thumbnail","6":"product_brand-ufactory","7":"product_cat-robotics","8":"product_cat-ufactory","9":"product_cat-arms","10":"product_tag-ufactory","11":"product_tag-ufactory-arm","12":"product_tag-ufactory-xarm6","14":"first","15":"onbackorder","16":"taxable","17":"shipping-taxable","18":"purchasable","19":"product-type-simple"},"yoast_head":"<!-- This site is optimized with the Yoast SEO plugin v27.1.1 - https:\/\/yoast.com\/product\/yoast-seo-wordpress\/ -->\n<title>UFACTORY xArm 6 - Ghostysky<\/title>\n<meta name=\"description\" content=\"The UFACTORY xArm 6 is a versatile and high-performance 6-axis collaborative robotic arm (cobot), engineered to bring industrial automation performance to a wide range of applications at a competitive price point.Payload 5 kgReach 700 mmRepeatability 0.1 mmMax Speed 1000 mm\/s\" \/>\n<meta name=\"robots\" content=\"index, follow, max-snippet:-1, max-image-preview:large, max-video-preview:-1\" \/>\n<link rel=\"canonical\" href=\"https:\/\/www.ghostysky.com\/es\/producto-2\/ufactory-xarm-6\/\" \/>\n<meta property=\"og:locale\" content=\"es_ES\" \/>\n<meta property=\"og:type\" content=\"article\" \/>\n<meta property=\"og:title\" content=\"UFACTORY xArm 6 - Ghostysky\" \/>\n<meta property=\"og:description\" content=\"The UFACTORY xArm 6 is a versatile and high-performance 6-axis collaborative robotic arm (cobot), engineered to bring industrial automation performance to a wide range of applications at a competitive price point.Payload 5 kgReach 700 mmRepeatability 0.1 mmMax Speed 1000 mm\/s\" \/>\n<meta property=\"og:url\" content=\"https:\/\/www.ghostysky.com\/es\/producto-2\/ufactory-xarm-6\/\" \/>\n<meta property=\"og:site_name\" content=\"Ghostysky\" \/>\n<meta property=\"article:publisher\" content=\"https:\/\/www.facebook.com\/people\/Ghostysky\/100057676170234\/\" \/>\n<meta property=\"article:modified_time\" content=\"2025-10-20T16:06:17+00:00\" \/>\n<meta property=\"og:image\" content=\"https:\/\/www.ghostysky.com\/wp-content\/uploads\/2025\/10\/GH_UFactory_Xarm5_1.png\" \/>\n\t<meta property=\"og:image:width\" content=\"2084\" \/>\n\t<meta property=\"og:image:height\" content=\"2084\" \/>\n\t<meta property=\"og:image:type\" content=\"image\/png\" \/>\n<meta name=\"twitter:card\" content=\"summary_large_image\" \/>\n<meta name=\"twitter:site\" content=\"@Gh0stysky\" \/>\n<meta name=\"twitter:label1\" content=\"Tiempo de lectura\" \/>\n\t<meta name=\"twitter:data1\" content=\"2 minutos\" \/>\n<script type=\"application\/ld+json\" class=\"yoast-schema-graph\">{\"@context\":\"https:\/\/schema.org\",\"@graph\":[{\"@type\":\"WebPage\",\"@id\":\"https:\/\/www.ghostysky.com\/product\/ufactory-xarm-6\/\",\"url\":\"https:\/\/www.ghostysky.com\/product\/ufactory-xarm-6\/\",\"name\":\"UFACTORY xArm 6 - Ghostysky\",\"isPartOf\":{\"@id\":\"https:\/\/www.ghostysky.com\/#website\"},\"primaryImageOfPage\":{\"@id\":\"https:\/\/www.ghostysky.com\/product\/ufactory-xarm-6\/#primaryimage\"},\"image\":{\"@id\":\"https:\/\/www.ghostysky.com\/product\/ufactory-xarm-6\/#primaryimage\"},\"thumbnailUrl\":\"https:\/\/www.ghostysky.com\/wp-content\/uploads\/2025\/10\/GH_UFactory_Xarm5_1.png\",\"datePublished\":\"2025-10-20T15:26:35+00:00\",\"dateModified\":\"2025-10-20T16:06:17+00:00\",\"description\":\"The UFACTORY xArm 6 is a versatile and high-performance 6-axis collaborative robotic arm (cobot), engineered to bring industrial automation performance to a wide range of applications at a competitive price point.Payload 5 kgReach 700 mmRepeatability 0.1 mmMax Speed 1000 mm\/s\",\"breadcrumb\":{\"@id\":\"https:\/\/www.ghostysky.com\/product\/ufactory-xarm-6\/#breadcrumb\"},\"inLanguage\":\"es\",\"potentialAction\":[{\"@type\":\"ReadAction\",\"target\":[\"https:\/\/www.ghostysky.com\/product\/ufactory-xarm-6\/\"]}]},{\"@type\":\"ImageObject\",\"inLanguage\":\"es\",\"@id\":\"https:\/\/www.ghostysky.com\/product\/ufactory-xarm-6\/#primaryimage\",\"url\":\"https:\/\/www.ghostysky.com\/wp-content\/uploads\/2025\/10\/GH_UFactory_Xarm5_1.png\",\"contentUrl\":\"https:\/\/www.ghostysky.com\/wp-content\/uploads\/2025\/10\/GH_UFactory_Xarm5_1.png\",\"width\":2084,\"height\":2084},{\"@type\":\"BreadcrumbList\",\"@id\":\"https:\/\/www.ghostysky.com\/product\/ufactory-xarm-6\/#breadcrumb\",\"itemListElement\":[{\"@type\":\"ListItem\",\"position\":1,\"name\":\"Home\",\"item\":\"https:\/\/www.ghostysky.com\/\"},{\"@type\":\"ListItem\",\"position\":2,\"name\":\"Shop\",\"item\":\"https:\/\/www.ghostysky.com\/shop\/\"},{\"@type\":\"ListItem\",\"position\":3,\"name\":\"UFACTORY xArm 6\"}]},{\"@type\":\"WebSite\",\"@id\":\"https:\/\/www.ghostysky.com\/#website\",\"url\":\"https:\/\/www.ghostysky.com\/\",\"name\":\"Ghostysky\",\"description\":\"Delivering professional drones and services\",\"publisher\":{\"@id\":\"https:\/\/www.ghostysky.com\/#organization\"},\"potentialAction\":[{\"@type\":\"SearchAction\",\"target\":{\"@type\":\"EntryPoint\",\"urlTemplate\":\"https:\/\/www.ghostysky.com\/?s={search_term_string}\"},\"query-input\":{\"@type\":\"PropertyValueSpecification\",\"valueRequired\":true,\"valueName\":\"search_term_string\"}}],\"inLanguage\":\"es\"},{\"@type\":\"Organization\",\"@id\":\"https:\/\/www.ghostysky.com\/#organization\",\"name\":\"Ghostysky\",\"url\":\"https:\/\/www.ghostysky.com\/\",\"logo\":{\"@type\":\"ImageObject\",\"inLanguage\":\"es\",\"@id\":\"https:\/\/www.ghostysky.com\/#\/schema\/logo\/image\/\",\"url\":\"https:\/\/www.ghostysky.com\/wp-content\/uploads\/2020\/06\/cropped-ghostyskylogo_text_white2.png\",\"contentUrl\":\"https:\/\/www.ghostysky.com\/wp-content\/uploads\/2020\/06\/cropped-ghostyskylogo_text_white2.png\",\"width\":169,\"height\":56,\"caption\":\"Ghostysky\"},\"image\":{\"@id\":\"https:\/\/www.ghostysky.com\/#\/schema\/logo\/image\/\"},\"sameAs\":[\"https:\/\/www.facebook.com\/people\/Ghostysky\/100057676170234\/\",\"https:\/\/x.com\/Gh0stysky\",\"https:\/\/www.linkedin.com\/company\/34739653\",\"https:\/\/www.instagram.com\/gh0stysky\"]}]}<\/script>\n<!-- \/ Yoast SEO plugin. -->","yoast_head_json":{"title":"UFACTORY xArm 6 - Ghostysky","description":"El UFACTORY xArm 6 es un brazo rob\u00f3tico colaborativo (cobot) de 6 ejes vers\u00e1til y de alto rendimiento, dise\u00f1ado para brindar rendimiento de automatizaci\u00f3n industrial a una amplia gama de aplicaciones a un precio competitivo. Carga \u00fatil 5 kg Alcance 700 mm Repetibilidad 0,1 mm Velocidad m\u00e1xima 1000 mm\/s","robots":{"index":"index","follow":"follow","max-snippet":"max-snippet:-1","max-image-preview":"max-image-preview:large","max-video-preview":"max-video-preview:-1"},"canonical":"https:\/\/www.ghostysky.com\/es\/producto-2\/ufactory-xarm-6\/","og_locale":"es_ES","og_type":"article","og_title":"UFACTORY xArm 6 - Ghostysky","og_description":"The UFACTORY xArm 6 is a versatile and high-performance 6-axis collaborative robotic arm (cobot), engineered to bring industrial automation performance to a wide range of applications at a competitive price point.Payload 5 kgReach 700 mmRepeatability 0.1 mmMax Speed 1000 mm\/s","og_url":"https:\/\/www.ghostysky.com\/es\/producto-2\/ufactory-xarm-6\/","og_site_name":"Ghostysky","article_publisher":"https:\/\/www.facebook.com\/people\/Ghostysky\/100057676170234\/","article_modified_time":"2025-10-20T16:06:17+00:00","og_image":[{"width":2084,"height":2084,"url":"https:\/\/www.ghostysky.com\/wp-content\/uploads\/2025\/10\/GH_UFactory_Xarm5_1.png","type":"image\/png"}],"twitter_card":"summary_large_image","twitter_site":"@Gh0stysky","twitter_misc":{"Tiempo de lectura":"2 minutos"},"schema":{"@context":"https:\/\/schema.org","@graph":[{"@type":"WebPage","@id":"https:\/\/www.ghostysky.com\/product\/ufactory-xarm-6\/","url":"https:\/\/www.ghostysky.com\/product\/ufactory-xarm-6\/","name":"UFACTORY xArm 6 - Ghostysky","isPartOf":{"@id":"https:\/\/www.ghostysky.com\/#website"},"primaryImageOfPage":{"@id":"https:\/\/www.ghostysky.com\/product\/ufactory-xarm-6\/#primaryimage"},"image":{"@id":"https:\/\/www.ghostysky.com\/product\/ufactory-xarm-6\/#primaryimage"},"thumbnailUrl":"https:\/\/www.ghostysky.com\/wp-content\/uploads\/2025\/10\/GH_UFactory_Xarm5_1.png","datePublished":"2025-10-20T15:26:35+00:00","dateModified":"2025-10-20T16:06:17+00:00","description":"El UFACTORY xArm 6 es un brazo rob\u00f3tico colaborativo (cobot) de 6 ejes vers\u00e1til y de alto rendimiento, dise\u00f1ado para brindar rendimiento de automatizaci\u00f3n industrial a una amplia gama de aplicaciones a un precio competitivo. Carga \u00fatil 5 kg Alcance 700 mm Repetibilidad 0,1 mm Velocidad m\u00e1xima 1000 mm\/s","breadcrumb":{"@id":"https:\/\/www.ghostysky.com\/product\/ufactory-xarm-6\/#breadcrumb"},"inLanguage":"es","potentialAction":[{"@type":"ReadAction","target":["https:\/\/www.ghostysky.com\/product\/ufactory-xarm-6\/"]}]},{"@type":"ImageObject","inLanguage":"es","@id":"https:\/\/www.ghostysky.com\/product\/ufactory-xarm-6\/#primaryimage","url":"https:\/\/www.ghostysky.com\/wp-content\/uploads\/2025\/10\/GH_UFactory_Xarm5_1.png","contentUrl":"https:\/\/www.ghostysky.com\/wp-content\/uploads\/2025\/10\/GH_UFactory_Xarm5_1.png","width":2084,"height":2084},{"@type":"BreadcrumbList","@id":"https:\/\/www.ghostysky.com\/product\/ufactory-xarm-6\/#breadcrumb","itemListElement":[{"@type":"ListItem","position":1,"name":"Home","item":"https:\/\/www.ghostysky.com\/"},{"@type":"ListItem","position":2,"name":"Shop","item":"https:\/\/www.ghostysky.com\/shop\/"},{"@type":"ListItem","position":3,"name":"UFACTORY xArm 6"}]},{"@type":"WebSite","@id":"https:\/\/www.ghostysky.com\/#website","url":"https:\/\/www.ghostysky.com\/","name":"Ghostysky","description":"Entrega de drones y servicios profesionales","publisher":{"@id":"https:\/\/www.ghostysky.com\/#organization"},"potentialAction":[{"@type":"SearchAction","target":{"@type":"EntryPoint","urlTemplate":"https:\/\/www.ghostysky.com\/?s={search_term_string}"},"query-input":{"@type":"PropertyValueSpecification","valueRequired":true,"valueName":"search_term_string"}}],"inLanguage":"es"},{"@type":"Organization","@id":"https:\/\/www.ghostysky.com\/#organization","name":"Ghostysky","url":"https:\/\/www.ghostysky.com\/","logo":{"@type":"ImageObject","inLanguage":"es","@id":"https:\/\/www.ghostysky.com\/#\/schema\/logo\/image\/","url":"https:\/\/www.ghostysky.com\/wp-content\/uploads\/2020\/06\/cropped-ghostyskylogo_text_white2.png","contentUrl":"https:\/\/www.ghostysky.com\/wp-content\/uploads\/2020\/06\/cropped-ghostyskylogo_text_white2.png","width":169,"height":56,"caption":"Ghostysky"},"image":{"@id":"https:\/\/www.ghostysky.com\/#\/schema\/logo\/image\/"},"sameAs":["https:\/\/www.facebook.com\/people\/Ghostysky\/100057676170234\/","https:\/\/x.com\/Gh0stysky","https:\/\/www.linkedin.com\/company\/34739653","https:\/\/www.instagram.com\/gh0stysky"]}]}},"_links":{"self":[{"href":"https:\/\/www.ghostysky.com\/es\/wp-json\/wp\/v2\/product\/22108","targetHints":{"allow":["GET"]}}],"collection":[{"href":"https:\/\/www.ghostysky.com\/es\/wp-json\/wp\/v2\/product"}],"about":[{"href":"https:\/\/www.ghostysky.com\/es\/wp-json\/wp\/v2\/types\/product"}],"replies":[{"embeddable":true,"href":"https:\/\/www.ghostysky.com\/es\/wp-json\/wp\/v2\/comments?post=22108"}],"wp:featuredmedia":[{"embeddable":true,"href":"https:\/\/www.ghostysky.com\/es\/wp-json\/wp\/v2\/media\/22055"}],"wp:attachment":[{"href":"https:\/\/www.ghostysky.com\/es\/wp-json\/wp\/v2\/media?parent=22108"}],"wp:term":[{"taxonomy":"product_brand","embeddable":true,"href":"https:\/\/www.ghostysky.com\/es\/wp-json\/wp\/v2\/product_brand?post=22108"},{"taxonomy":"product_cat","embeddable":true,"href":"https:\/\/www.ghostysky.com\/es\/wp-json\/wp\/v2\/product_cat?post=22108"},{"taxonomy":"product_tag","embeddable":true,"href":"https:\/\/www.ghostysky.com\/es\/wp-json\/wp\/v2\/product_tag?post=22108"}],"curies":[{"name":"wp","href":"https:\/\/api.w.org\/{rel}","templated":true}]}}