{"id":22112,"date":"2025-10-20T15:43:47","date_gmt":"2025-10-20T15:43:47","guid":{"rendered":"https:\/\/www.ghostysky.com\/?post_type=product&#038;p=22112"},"modified":"2025-10-20T15:54:35","modified_gmt":"2025-10-20T15:54:35","slug":"ufactory-xarm-7","status":"publish","type":"product","link":"https:\/\/www.ghostysky.com\/es\/product\/ufactory-xarm-7\/","title":{"rendered":"UFACTORY xArm 7"},"content":{"rendered":"<h4><b>Caracter\u00edsticas clave<\/b><\/h4>\n<ul>\n<li><b>Flexibilidad y alcance excepcionales:<\/b><span class=\"citation-1566 citation-end-1566\"> El dise\u00f1o de 7 ejes, con articulaciones redundantes, otorga al xArm 7 una destreza similar a la humana y una mayor maniobrabilidad, lo que lo hace perfecto para navegar en espacios de trabajo reducidos y ejecutar rutas complejas.<sup class=\"superscript\" data-turn-source-index=\"2\">2<\/sup><\/span> <span class=\"citation-1565\">Ofrece una <\/span><b><span class=\"citation-1565\">Alcance de 700 mm<\/span><\/b><span class=\"citation-1565 citation-end-1565\">.<\/span><\/li>\n<li><b>Rendimiento de alta precisi\u00f3n:<\/b><span class=\"citation-1564\"> Cuenta con una <\/span><b><span class=\"citation-1564\">3,5 kg de carga \u00fatil<\/span><\/b><span class=\"citation-1564 citation-end-1564\"> capacidad y un apretado <sup class=\"superscript\" data-turn-source-index=\"4\">4<\/sup><\/span><b><span class=\"math-inline\" data-math=\"\\pm 0.1\">$\\pm 0.1$<\/span><span class=\"citation-1563\"> repetibilidad en mm<\/span><\/b><span class=\"citation-1563 citation-end-1563\">, lo que le permite realizar tareas precisas y exigentes como ensamblajes complejos, cuidado de m\u00e1quinas y control de calidad.<\/span><\/li>\n<li><b>Ideal para investigaci\u00f3n:<\/b><span class=\"citation-1562\"> Su mayor flexibilidad y plataforma abierta lo convierten en una herramienta invaluable para campos de vanguardia como <\/span><b><span class=\"citation-1562\">Investigaci\u00f3n de IA<\/span><\/b><span class=\"citation-1562\"> y <\/span><b><span class=\"citation-1562\">Visi\u00f3n artificial (CV)<\/span><\/b><span class=\"citation-1562 citation-end-1562\"> desarrollo.<\/span><\/li>\n<li><b><span class=\"citation-1561\">Programaci\u00f3n f\u00e1cil de usar:<\/span><\/b><span class=\"citation-1561\"> La programaci\u00f3n se hace sencilla y accesible con <\/span><b><span class=\"citation-1561\">Estudio xArm<\/span><\/b><span class=\"citation-1561 citation-end-1561\">, una plataforma de interfaz gr\u00e1fica de usuario (GUI) totalmente completa.<sup class=\"superscript\" data-turn-source-index=\"7\">7<\/sup><\/span> <span class=\"citation-1560\">Los usuarios pueden programar sin escribir c\u00f3digo utilizando <\/span><b><span class=\"citation-1560\">ense\u00f1anza manual<\/span><\/b><span class=\"citation-1560 citation-end-1560\"> (moviendo f\u00edsicamente el brazo) o arrastrando y soltando bloques para crear rutinas complejas en minutos.<\/span><\/li>\n<li><b><span class=\"citation-1559\">C\u00f3digo abierto y multiplataforma:<\/span><\/b><span class=\"citation-1559\"> Para los desarrolladores, el <\/span><b><span class=\"citation-1559\">Kit de desarrollo de software de xArm<\/span><\/b><span class=\"citation-1559\"> Incluye soporte para <\/span><b><span class=\"citation-1559\">Python, ROS y C++<\/span><\/b><span class=\"citation-1559 citation-end-1559\">, ofreciendo la m\u00e1xima flexibilidad para la integraci\u00f3n.<sup class=\"superscript\" data-turn-source-index=\"9\">9<\/sup><\/span> <span class=\"citation-1558\">El xArm Studio es compatible con m\u00faltiples sistemas operativos, incluidos <\/span><b><span class=\"citation-1558\">macOS, iOS, Windows y Android<\/span><\/b><span class=\"citation-1558 citation-end-1558\">.<\/span><\/li>\n<li><b>Construcci\u00f3n de grado industrial:<\/b><span class=\"citation-1557\"> Elaborado a partir de <\/span><b><span class=\"citation-1557\">Fibra de carbono<\/span><\/b><span class=\"citation-1557\"> y con un reductor arm\u00f3nico integrado, un servo sin escobillas y un codificador absoluto multivuelta de 17 bits, el xArm 7 est\u00e1 dise\u00f1ado para brindar durabilidad y aplicaciones precisas y confiables a largo plazo con una velocidad m\u00e1xima de <\/span><b><span class=\"citation-1557\">1 m\/s<\/span><\/b><span class=\"citation-1557 citation-end-1557\">.<\/span><\/li>\n<li><b>Seguridad ante todo:<\/b><span class=\"citation-1556\"> Equipado con <\/span><b><span class=\"citation-1556\">detecci\u00f3n de colisiones<\/span><\/b><span class=\"citation-1556 citation-end-1556\">El xArm 7 se detendr\u00e1 inmediatamente en caso de un golpe accidental, lo que garantiza la seguridad en entornos colaborativos.<\/span><\/li>\n<\/ul>\n<p>Ya sea que necesite una plataforma vers\u00e1til para la investigaci\u00f3n rob\u00f3tica acad\u00e9mica o un compa\u00f1ero de trabajo diestro para la automatizaci\u00f3n industrial sofisticada, UFACTORY xArm 7 ofrece un rendimiento profesional a un precio rentable.<\/p>","protected":false},"excerpt":{"rendered":"<p><span class=\"citation-1567\">La UFACTORY <\/span><b><span class=\"citation-1567\">xArm 7<\/span><\/b><span class=\"citation-1567 citation-end-1567\"> es un robot colaborativo altamente flexible, similar a un humano, con 7 grados de libertad (DoF), dise\u00f1ado para investigaci\u00f3n avanzada, automatizaci\u00f3n compleja y aplicaciones industriales.<\/span><\/p>\n<ul>\n<li>6 ejes<\/li>\n<li>Carga \u00fatil 3,5 kg<\/li>\n<li>Alcance 700 mm<\/li>\n<li>Repetibilidad 0,1 mm<\/li>\n<li>Velocidad m\u00e1xima 1000 mm\/s<\/li>\n<\/ul>","protected":false},"featured_media":22055,"comment_status":"open","ping_status":"closed","template":"","meta":[],"product_brand":[1148],"product_cat":[1037,1145,1146],"product_tag":[1149,1151,1154],"class_list":{"0":"post-22112","1":"product","2":"type-product","3":"status-publish","4":"has-post-thumbnail","6":"product_brand-ufactory","7":"product_cat-robotics","8":"product_cat-ufactory","9":"product_cat-arms","10":"product_tag-ufactory","11":"product_tag-ufactory-arm","12":"product_tag-ufactory-xarm7","14":"first","15":"onbackorder","16":"taxable","17":"shipping-taxable","18":"purchasable","19":"product-type-simple"},"yoast_head":"<!-- This site is optimized with the Yoast SEO plugin v27.1.1 - https:\/\/yoast.com\/product\/yoast-seo-wordpress\/ -->\n<title>UFACTORY xArm 7 - Ghostysky<\/title>\n<meta name=\"description\" content=\"The UFACTORY xArm 7 is a highly flexible, human-like, 7-Degrees-of-Freedom (DoF) collaborative robot designed for advanced research, intricate automation, and complex industrial applications.6 AxisPayload 3.5 kgReach 700 mmRepeatability 0.1 mmMax Speed 1000 mm\/s\" \/>\n<meta name=\"robots\" content=\"index, follow, max-snippet:-1, max-image-preview:large, max-video-preview:-1\" \/>\n<link rel=\"canonical\" href=\"https:\/\/www.ghostysky.com\/es\/producto-2\/ufactory-xarm-7\/\" \/>\n<meta property=\"og:locale\" content=\"es_ES\" \/>\n<meta property=\"og:type\" content=\"article\" \/>\n<meta property=\"og:title\" content=\"UFACTORY xArm 7 - Ghostysky\" \/>\n<meta property=\"og:description\" content=\"The UFACTORY xArm 7 is a highly flexible, human-like, 7-Degrees-of-Freedom (DoF) collaborative robot designed for advanced research, intricate automation, and complex industrial applications.6 AxisPayload 3.5 kgReach 700 mmRepeatability 0.1 mmMax Speed 1000 mm\/s\" \/>\n<meta property=\"og:url\" content=\"https:\/\/www.ghostysky.com\/es\/producto-2\/ufactory-xarm-7\/\" \/>\n<meta property=\"og:site_name\" content=\"Ghostysky\" \/>\n<meta property=\"article:publisher\" content=\"https:\/\/www.facebook.com\/people\/Ghostysky\/100057676170234\/\" \/>\n<meta property=\"article:modified_time\" content=\"2025-10-20T15:54:35+00:00\" \/>\n<meta property=\"og:image\" content=\"https:\/\/www.ghostysky.com\/wp-content\/uploads\/2025\/10\/GH_UFactory_Xarm5_1.png\" \/>\n\t<meta property=\"og:image:width\" content=\"2084\" \/>\n\t<meta property=\"og:image:height\" content=\"2084\" \/>\n\t<meta property=\"og:image:type\" content=\"image\/png\" \/>\n<meta name=\"twitter:card\" content=\"summary_large_image\" \/>\n<meta name=\"twitter:site\" content=\"@Gh0stysky\" \/>\n<meta name=\"twitter:label1\" content=\"Tiempo de lectura\" \/>\n\t<meta name=\"twitter:data1\" content=\"2 minutos\" \/>\n<script type=\"application\/ld+json\" class=\"yoast-schema-graph\">{\"@context\":\"https:\/\/schema.org\",\"@graph\":[{\"@type\":\"WebPage\",\"@id\":\"https:\/\/www.ghostysky.com\/product\/ufactory-xarm-7\/\",\"url\":\"https:\/\/www.ghostysky.com\/product\/ufactory-xarm-7\/\",\"name\":\"UFACTORY xArm 7 - Ghostysky\",\"isPartOf\":{\"@id\":\"https:\/\/www.ghostysky.com\/#website\"},\"primaryImageOfPage\":{\"@id\":\"https:\/\/www.ghostysky.com\/product\/ufactory-xarm-7\/#primaryimage\"},\"image\":{\"@id\":\"https:\/\/www.ghostysky.com\/product\/ufactory-xarm-7\/#primaryimage\"},\"thumbnailUrl\":\"https:\/\/www.ghostysky.com\/wp-content\/uploads\/2025\/10\/GH_UFactory_Xarm5_1.png\",\"datePublished\":\"2025-10-20T15:43:47+00:00\",\"dateModified\":\"2025-10-20T15:54:35+00:00\",\"description\":\"The UFACTORY xArm 7 is a highly flexible, human-like, 7-Degrees-of-Freedom (DoF) collaborative robot designed for advanced research, intricate automation, and complex industrial applications.6 AxisPayload 3.5 kgReach 700 mmRepeatability 0.1 mmMax Speed 1000 mm\/s\",\"breadcrumb\":{\"@id\":\"https:\/\/www.ghostysky.com\/product\/ufactory-xarm-7\/#breadcrumb\"},\"inLanguage\":\"es\",\"potentialAction\":[{\"@type\":\"ReadAction\",\"target\":[\"https:\/\/www.ghostysky.com\/product\/ufactory-xarm-7\/\"]}]},{\"@type\":\"ImageObject\",\"inLanguage\":\"es\",\"@id\":\"https:\/\/www.ghostysky.com\/product\/ufactory-xarm-7\/#primaryimage\",\"url\":\"https:\/\/www.ghostysky.com\/wp-content\/uploads\/2025\/10\/GH_UFactory_Xarm5_1.png\",\"contentUrl\":\"https:\/\/www.ghostysky.com\/wp-content\/uploads\/2025\/10\/GH_UFactory_Xarm5_1.png\",\"width\":2084,\"height\":2084},{\"@type\":\"BreadcrumbList\",\"@id\":\"https:\/\/www.ghostysky.com\/product\/ufactory-xarm-7\/#breadcrumb\",\"itemListElement\":[{\"@type\":\"ListItem\",\"position\":1,\"name\":\"Home\",\"item\":\"https:\/\/www.ghostysky.com\/\"},{\"@type\":\"ListItem\",\"position\":2,\"name\":\"Shop\",\"item\":\"https:\/\/www.ghostysky.com\/shop\/\"},{\"@type\":\"ListItem\",\"position\":3,\"name\":\"UFACTORY xArm 7\"}]},{\"@type\":\"WebSite\",\"@id\":\"https:\/\/www.ghostysky.com\/#website\",\"url\":\"https:\/\/www.ghostysky.com\/\",\"name\":\"Ghostysky\",\"description\":\"Delivering professional drones and services\",\"publisher\":{\"@id\":\"https:\/\/www.ghostysky.com\/#organization\"},\"potentialAction\":[{\"@type\":\"SearchAction\",\"target\":{\"@type\":\"EntryPoint\",\"urlTemplate\":\"https:\/\/www.ghostysky.com\/?s={search_term_string}\"},\"query-input\":{\"@type\":\"PropertyValueSpecification\",\"valueRequired\":true,\"valueName\":\"search_term_string\"}}],\"inLanguage\":\"es\"},{\"@type\":\"Organization\",\"@id\":\"https:\/\/www.ghostysky.com\/#organization\",\"name\":\"Ghostysky\",\"url\":\"https:\/\/www.ghostysky.com\/\",\"logo\":{\"@type\":\"ImageObject\",\"inLanguage\":\"es\",\"@id\":\"https:\/\/www.ghostysky.com\/#\/schema\/logo\/image\/\",\"url\":\"https:\/\/www.ghostysky.com\/wp-content\/uploads\/2020\/06\/cropped-ghostyskylogo_text_white2.png\",\"contentUrl\":\"https:\/\/www.ghostysky.com\/wp-content\/uploads\/2020\/06\/cropped-ghostyskylogo_text_white2.png\",\"width\":169,\"height\":56,\"caption\":\"Ghostysky\"},\"image\":{\"@id\":\"https:\/\/www.ghostysky.com\/#\/schema\/logo\/image\/\"},\"sameAs\":[\"https:\/\/www.facebook.com\/people\/Ghostysky\/100057676170234\/\",\"https:\/\/x.com\/Gh0stysky\",\"https:\/\/www.linkedin.com\/company\/34739653\",\"https:\/\/www.instagram.com\/gh0stysky\"]}]}<\/script>\n<!-- \/ Yoast SEO plugin. -->","yoast_head_json":{"title":"UFACTORY xArm 7 - Ghostysky","description":"El UFACTORY xArm 7 es un robot colaborativo de 7 grados de libertad (DoF) altamente flexible y similar al humano, dise\u00f1ado para investigaci\u00f3n avanzada, automatizaci\u00f3n compleja y aplicaciones industriales complejas. 6 ejes, carga \u00fatil 3,5 kg, alcance 700 mm, repetibilidad 0,1 mm, velocidad m\u00e1xima 1000 mm\/s.","robots":{"index":"index","follow":"follow","max-snippet":"max-snippet:-1","max-image-preview":"max-image-preview:large","max-video-preview":"max-video-preview:-1"},"canonical":"https:\/\/www.ghostysky.com\/es\/producto-2\/ufactory-xarm-7\/","og_locale":"es_ES","og_type":"article","og_title":"UFACTORY xArm 7 - Ghostysky","og_description":"The UFACTORY xArm 7 is a highly flexible, human-like, 7-Degrees-of-Freedom (DoF) collaborative robot designed for advanced research, intricate automation, and complex industrial applications.6 AxisPayload 3.5 kgReach 700 mmRepeatability 0.1 mmMax Speed 1000 mm\/s","og_url":"https:\/\/www.ghostysky.com\/es\/producto-2\/ufactory-xarm-7\/","og_site_name":"Ghostysky","article_publisher":"https:\/\/www.facebook.com\/people\/Ghostysky\/100057676170234\/","article_modified_time":"2025-10-20T15:54:35+00:00","og_image":[{"width":2084,"height":2084,"url":"https:\/\/www.ghostysky.com\/wp-content\/uploads\/2025\/10\/GH_UFactory_Xarm5_1.png","type":"image\/png"}],"twitter_card":"summary_large_image","twitter_site":"@Gh0stysky","twitter_misc":{"Tiempo de lectura":"2 minutos"},"schema":{"@context":"https:\/\/schema.org","@graph":[{"@type":"WebPage","@id":"https:\/\/www.ghostysky.com\/product\/ufactory-xarm-7\/","url":"https:\/\/www.ghostysky.com\/product\/ufactory-xarm-7\/","name":"UFACTORY xArm 7 - Ghostysky","isPartOf":{"@id":"https:\/\/www.ghostysky.com\/#website"},"primaryImageOfPage":{"@id":"https:\/\/www.ghostysky.com\/product\/ufactory-xarm-7\/#primaryimage"},"image":{"@id":"https:\/\/www.ghostysky.com\/product\/ufactory-xarm-7\/#primaryimage"},"thumbnailUrl":"https:\/\/www.ghostysky.com\/wp-content\/uploads\/2025\/10\/GH_UFactory_Xarm5_1.png","datePublished":"2025-10-20T15:43:47+00:00","dateModified":"2025-10-20T15:54:35+00:00","description":"El UFACTORY xArm 7 es un robot colaborativo de 7 grados de libertad (DoF) altamente flexible y similar al humano, dise\u00f1ado para investigaci\u00f3n avanzada, automatizaci\u00f3n compleja y aplicaciones industriales complejas. 6 ejes, carga \u00fatil 3,5 kg, alcance 700 mm, repetibilidad 0,1 mm, velocidad m\u00e1xima 1000 mm\/s.","breadcrumb":{"@id":"https:\/\/www.ghostysky.com\/product\/ufactory-xarm-7\/#breadcrumb"},"inLanguage":"es","potentialAction":[{"@type":"ReadAction","target":["https:\/\/www.ghostysky.com\/product\/ufactory-xarm-7\/"]}]},{"@type":"ImageObject","inLanguage":"es","@id":"https:\/\/www.ghostysky.com\/product\/ufactory-xarm-7\/#primaryimage","url":"https:\/\/www.ghostysky.com\/wp-content\/uploads\/2025\/10\/GH_UFactory_Xarm5_1.png","contentUrl":"https:\/\/www.ghostysky.com\/wp-content\/uploads\/2025\/10\/GH_UFactory_Xarm5_1.png","width":2084,"height":2084},{"@type":"BreadcrumbList","@id":"https:\/\/www.ghostysky.com\/product\/ufactory-xarm-7\/#breadcrumb","itemListElement":[{"@type":"ListItem","position":1,"name":"Home","item":"https:\/\/www.ghostysky.com\/"},{"@type":"ListItem","position":2,"name":"Shop","item":"https:\/\/www.ghostysky.com\/shop\/"},{"@type":"ListItem","position":3,"name":"UFACTORY xArm 7"}]},{"@type":"WebSite","@id":"https:\/\/www.ghostysky.com\/#website","url":"https:\/\/www.ghostysky.com\/","name":"Ghostysky","description":"Entrega de drones y servicios profesionales","publisher":{"@id":"https:\/\/www.ghostysky.com\/#organization"},"potentialAction":[{"@type":"SearchAction","target":{"@type":"EntryPoint","urlTemplate":"https:\/\/www.ghostysky.com\/?s={search_term_string}"},"query-input":{"@type":"PropertyValueSpecification","valueRequired":true,"valueName":"search_term_string"}}],"inLanguage":"es"},{"@type":"Organization","@id":"https:\/\/www.ghostysky.com\/#organization","name":"Ghostysky","url":"https:\/\/www.ghostysky.com\/","logo":{"@type":"ImageObject","inLanguage":"es","@id":"https:\/\/www.ghostysky.com\/#\/schema\/logo\/image\/","url":"https:\/\/www.ghostysky.com\/wp-content\/uploads\/2020\/06\/cropped-ghostyskylogo_text_white2.png","contentUrl":"https:\/\/www.ghostysky.com\/wp-content\/uploads\/2020\/06\/cropped-ghostyskylogo_text_white2.png","width":169,"height":56,"caption":"Ghostysky"},"image":{"@id":"https:\/\/www.ghostysky.com\/#\/schema\/logo\/image\/"},"sameAs":["https:\/\/www.facebook.com\/people\/Ghostysky\/100057676170234\/","https:\/\/x.com\/Gh0stysky","https:\/\/www.linkedin.com\/company\/34739653","https:\/\/www.instagram.com\/gh0stysky"]}]}},"_links":{"self":[{"href":"https:\/\/www.ghostysky.com\/es\/wp-json\/wp\/v2\/product\/22112","targetHints":{"allow":["GET"]}}],"collection":[{"href":"https:\/\/www.ghostysky.com\/es\/wp-json\/wp\/v2\/product"}],"about":[{"href":"https:\/\/www.ghostysky.com\/es\/wp-json\/wp\/v2\/types\/product"}],"replies":[{"embeddable":true,"href":"https:\/\/www.ghostysky.com\/es\/wp-json\/wp\/v2\/comments?post=22112"}],"wp:featuredmedia":[{"embeddable":true,"href":"https:\/\/www.ghostysky.com\/es\/wp-json\/wp\/v2\/media\/22055"}],"wp:attachment":[{"href":"https:\/\/www.ghostysky.com\/es\/wp-json\/wp\/v2\/media?parent=22112"}],"wp:term":[{"taxonomy":"product_brand","embeddable":true,"href":"https:\/\/www.ghostysky.com\/es\/wp-json\/wp\/v2\/product_brand?post=22112"},{"taxonomy":"product_cat","embeddable":true,"href":"https:\/\/www.ghostysky.com\/es\/wp-json\/wp\/v2\/product_cat?post=22112"},{"taxonomy":"product_tag","embeddable":true,"href":"https:\/\/www.ghostysky.com\/es\/wp-json\/wp\/v2\/product_tag?post=22112"}],"curies":[{"name":"wp","href":"https:\/\/api.w.org\/{rel}","templated":true}]}}